{"id":49336,"date":"2026-04-14T06:01:39","date_gmt":"2026-04-14T04:01:39","guid":{"rendered":"https:\/\/fonsvinum.com\/?post_type=product&#038;p=49336"},"modified":"2026-04-14T06:10:28","modified_gmt":"2026-04-14T04:10:28","slug":"marchesi-di-gresy-riserva-camp-gross-martinenga-barbaresco-2017","status":"publish","type":"product","link":"https:\/\/fonsvinum.com\/de\/produkt\/marchesi-di-gresy-riserva-camp-gross-martinenga-barbaresco-2017\/","title":{"rendered":"MARCHESI DI GRESY Riserva Camp Gross Martinenga Barbaresco 2017"},"content":{"rendered":"<h1 style=\"text-align: left\"><a href=\"https:\/\/fonsvinum.com\/de\/?s=MARCHESI+DI+GRESY&amp;post_type=product\">MARCHESI DI GRESY<\/a> Riserva Camp <a href=\"https:\/\/www.marchesidigresy.com\/\">Gross<\/a> <a href=\"https:\/\/fonsvinum.com\/de\/?s=Martinenga+Barbaresco+MARCHESI+DI+GRESY&amp;post_type=product\">Martinenga Barbaresco<\/a> 2017<\/h1>\n<h2>WEINBERG MARTINENGA<\/h2>\n<p>Martinenga ist zweifellos der wichtigste Weinberg. Er ist der Hauptsitz des Unternehmens.<\/p>\n<p>Er umfasst zw\u00f6lf Hektar, die sich in einem pr\u00e4chtigen nat\u00fcrlichen Amphitheater erstrecken. Im S\u00fcden \u00fcberblickt er die H\u00fcgel von Barbaresco und im Westen den Fluss Tanaro. Die perfekte Ausrichtung, das komplexe Mikroklima und die einzigartige Bodenbeschaffenheit \u2013 reich an Tuffstein und blauem Mergel aus der Langhe \u2013 verleihen den hier erzeugten Weinen unvergleichliche Harmonie und Eleganz, selbst in den schwierigsten Jahrg\u00e4ngen.<\/p>\n<p>Wir befinden uns im Herzen des DOCG-Anbaugebiets Barbaresco. Martinenga repr\u00e4sentiert die wichtigste und anerkannteste MeGA (Zus\u00e4tzliche Geografische Bezeichnung).<\/p>\n<h3>Ein Weinberg, drei Ausdrucksformen des Barbaresco.<\/h3>\n<p>Das Terroir von Martinenga ist au\u00dferordentlich facettenreich. Dar\u00fcber hinaus besitzt die Nebbiolo-Traube die F\u00e4higkeit, den Boden, in dem sie w\u00e4chst, pr\u00e4zise zu \u201elesen\u201c. Aus diesem Grund haben wir die nat\u00fcrliche Vielfalt unseres geschwungenen Weinbergs bewusst genutzt. Tats\u00e4chlich wurden zwei weitere Selektionen innerhalb des Amphitheaters identifiziert: Gaiun und Camp Gros. Sie bringen an gegen\u00fcberliegenden Enden des Amphitheaters die feinsten Auspr\u00e4gungen von Martinenga hervor.<br \/>\nDie gesamte Barbaresco DOCG-Produktion, die unter dem Namen \u201eMartinenga\u201c vermarktet wird, befindet sich seit 1797 im exklusiven Besitz der Familie und stellt heute das einzige Weinbaumonopol in der gesamten Region dar.<br \/>\nAngebaute Rebsorten: Nebbiolo, Barbera, Cabernet Sauvignon, Chardonnay, Sauvignon Blanc.<\/p>\n<h2>BARBARESCO RISERVA CAMP GROS MARTINENGA<\/h2>\n<p>Unser Flaggschiffwein wird seit 1978 nur in den besten Jahrg\u00e4ngen produziert und ist eine Selektion aus einem kleinen Teil des Martinenga-Weinbergs bei Rabaj\u00e0.<br \/>\nHier finden wir die beste Ausrichtung, das beste Mikroklima und den besten Boden \u2013 entscheidende Faktoren, die sich im Wein widerspiegeln und uns ein Produkt bescheren, das alle Merkmale eines gro\u00dfen Barbaresco verk\u00f6rpert und h\u00f6chste Komplexit\u00e4t und Harmonie verk\u00f6rpert.<\/p>\n<p>Dieser Wein besitzt gro\u00dfes Entwicklungspotenzial und harmoniert hervorragend mit Wildgerichten, aber auch mit kr\u00e4ftigen Hauptspeisen und gereiftem K\u00e4se.<\/p>\n<h3>Weinbereitung und Ausbau<\/h3>\n<p>Rotweinbereitung mit acht bis zehn Tagen Maischeg\u00e4rung bei kontrollierter Temperatur, gefolgt von zwanzig bis drei\u00dfig Tagen unter dem Tresterhut. Nach der alkoholischen G\u00e4rung erfolgt die malolaktische G\u00e4rung. Ausbau in franz\u00f6sischen Eichenf\u00e4ssern f\u00fcr zw\u00f6lf Monate und anschlie\u00dfend in slawonischen Eichenf\u00e4ssern f\u00fcr weitere sechzehn Monate. Flaschenreifung vor dem Verkauf.<\/p>\n<h3>Sensorische Analyse<\/h3>\n<p>Farbe: Intensives Granatrot, lebendig und brillant mit orangen Reflexen.<br \/>\nDuft: Intensive Noten von Veilchen und Rosenbl\u00e4ttern begleiten Ankl\u00e4nge von Konfit\u00fcre, Heu und Nuancen von s\u00fc\u00dfem Tabak und Lakritz.<br \/>\nGeschmack: Vollmundig, harmonisch und samtig; er offenbart intensive balsamische Noten und einen langen, anhaltenden Abgang.<\/p>\n<h3>Speiseempfehlung<\/h3>\n<p>Ein idealer Wein zu allen Wildgerichten und kr\u00e4ftig gew\u00fcrztem rotem Fleisch. Auch hervorragend zu kr\u00e4ftigem, gereiftem K\u00e4se.<\/p>\n","protected":false},"excerpt":{"rendered":"<p>MARCHESI DI GRESY Riserva Camp Gross Martinenga Barbaresco 2017 WEINBERG MARTINENGA Martinenga ist zweifellos der wichtigste Weinberg. Er ist der Hauptsitz des Unternehmens. Er umfasst zw\u00f6lf Hektar, die sich in einem pr\u00e4chtigen nat\u00fcrlichen Amphitheater erstrecken. Im S\u00fcden \u00fcberblickt er die H\u00fcgel von Barbaresco und im Westen den Fluss Tanaro. Die perfekte Ausrichtung, das komplexe Mikroklima [&hellip;]<\/p>\n","protected":false},"featured_media":7081,"comment_status":"open","ping_status":"closed","template":"","meta":{"_acf_changed":false,"_monsterinsights_skip_tracking":false,"_monsterinsights_sitenote_active":false,"_monsterinsights_sitenote_note":"","_monsterinsights_sitenote_category":0},"product_brand":[],"product_cat":[1773],"product_tag":[15895],"class_list":{"0":"post-49336","1":"product","2":"type-product","3":"status-publish","4":"has-post-thumbnail","6":"product_cat-barbaresco-de","7":"product_tag-barbaresco-de-2","8":"pa_appellation-barbaresco-docg-de","9":"pa_formato-0-75-l-flasche-de","10":"pa_producer-marchesi-di-gresy-de","11":"pa_region-piemont-de","12":"pa_vine-100-nebbiolo-de","13":"pa_vintage-2017-de","15":"first","16":"instock","17":"taxable","18":"shipping-taxable","19":"purchasable","20":"product-type-simple"},"bundled_by":[],"bundle_stock_status":"instock","bundle_stock_quantity":6,"bundle_virtual":false,"bundle_layout":"","bundle_add_to_cart_form_location":"","bundle_editable_in_cart":false,"bundle_sold_individually_context":"","bundle_item_grouping":"","bundle_min_size":"","bundle_max_size":"","bundle_price":[],"bundled_items":[],"bundle_sell_ids":[],"yoast_head":"<!-- This site is optimized with the Yoast SEO plugin v27.2 - https:\/\/yoast.com\/product\/yoast-seo-wordpress\/ -->\n<title>MARCHESI DI GRESY Riserva Camp Gross Martinenga Barbaresco 2017<\/title>\n<meta name=\"description\" content=\"MARCHESI DI GRESY Riserva Camp Gross Martinenga Barbaresco 2017 - Brillant,dicht, elegant, erinnert an Waldbeeren, Amarena,Kirsche, Pflaume..\" \/>\n<meta name=\"robots\" content=\"index, follow, max-snippet:-1, max-image-preview:large, max-video-preview:-1\" \/>\n<link rel=\"canonical\" href=\"https:\/\/fonsvinum.com\/de\/produkt\/marchesi-di-gresy-riserva-camp-gross-martinenga-barbaresco-2017\/\" \/>\n<meta property=\"og:locale\" content=\"de_DE\" \/>\n<meta property=\"og:type\" content=\"article\" \/>\n<meta property=\"og:title\" content=\"MARCHESI DI GRESY Riserva Camp Gross Martinenga Barbaresco 2017\" \/>\n<meta property=\"og:description\" content=\"MARCHESI DI GRESY Riserva Camp Gross Martinenga Barbaresco 2017 - Brillant,dicht, elegant, erinnert an Waldbeeren, Amarena,Kirsche, Pflaume..\" \/>\n<meta property=\"og:url\" content=\"https:\/\/fonsvinum.com\/de\/produkt\/marchesi-di-gresy-riserva-camp-gross-martinenga-barbaresco-2017\/\" \/>\n<meta property=\"og:site_name\" content=\"Fons Vinum\" \/>\n<meta property=\"article:modified_time\" content=\"2026-04-14T04:10:28+00:00\" \/>\n<meta property=\"og:image\" content=\"https:\/\/fonsvinum.com\/files\/2016\/01\/barbaresco-camp-gros-marchesi-di-gresy.png\" \/>\n\t<meta property=\"og:image:width\" content=\"200\" \/>\n\t<meta property=\"og:image:height\" content=\"600\" \/>\n\t<meta property=\"og:image:type\" content=\"image\/png\" \/>\n<meta name=\"twitter:label1\" content=\"Gesch\u00e4tzte Lesezeit\" \/>\n\t<meta name=\"twitter:data1\" content=\"3\u00a0Minuten\" \/>\n<script type=\"application\/ld+json\" class=\"yoast-schema-graph\">{\"@context\":\"https:\/\/schema.org\",\"@graph\":[{\"@type\":\"WebPage\",\"@id\":\"https:\/\/fonsvinum.com\/de\/produkt\/marchesi-di-gresy-riserva-camp-gross-martinenga-barbaresco-2017\/\",\"url\":\"https:\/\/fonsvinum.com\/de\/produkt\/marchesi-di-gresy-riserva-camp-gross-martinenga-barbaresco-2017\/\",\"name\":\"MARCHESI DI GRESY Riserva Camp Gross Martinenga Barbaresco 2017\",\"isPartOf\":{\"@id\":\"https:\/\/fonsvinum.com\/en\/#website\"},\"primaryImageOfPage\":{\"@id\":\"https:\/\/fonsvinum.com\/de\/produkt\/marchesi-di-gresy-riserva-camp-gross-martinenga-barbaresco-2017\/#primaryimage\"},\"image\":{\"@id\":\"https:\/\/fonsvinum.com\/de\/produkt\/marchesi-di-gresy-riserva-camp-gross-martinenga-barbaresco-2017\/#primaryimage\"},\"thumbnailUrl\":\"https:\/\/fonsvinum.com\/files\/2016\/01\/barbaresco-camp-gros-marchesi-di-gresy.png\",\"datePublished\":\"2026-04-14T04:01:39+00:00\",\"dateModified\":\"2026-04-14T04:10:28+00:00\",\"description\":\"MARCHESI DI GRESY Riserva Camp Gross Martinenga Barbaresco 2017 - Brillant,dicht, elegant, erinnert an Waldbeeren, Amarena,Kirsche, Pflaume..\",\"breadcrumb\":{\"@id\":\"https:\/\/fonsvinum.com\/de\/produkt\/marchesi-di-gresy-riserva-camp-gross-martinenga-barbaresco-2017\/#breadcrumb\"},\"inLanguage\":\"de\",\"potentialAction\":[{\"@type\":\"ReadAction\",\"target\":[\"https:\/\/fonsvinum.com\/de\/produkt\/marchesi-di-gresy-riserva-camp-gross-martinenga-barbaresco-2017\/\"]}]},{\"@type\":\"ImageObject\",\"inLanguage\":\"de\",\"@id\":\"https:\/\/fonsvinum.com\/de\/produkt\/marchesi-di-gresy-riserva-camp-gross-martinenga-barbaresco-2017\/#primaryimage\",\"url\":\"https:\/\/fonsvinum.com\/files\/2016\/01\/barbaresco-camp-gros-marchesi-di-gresy.png\",\"contentUrl\":\"https:\/\/fonsvinum.com\/files\/2016\/01\/barbaresco-camp-gros-marchesi-di-gresy.png\",\"width\":200,\"height\":600},{\"@type\":\"BreadcrumbList\",\"@id\":\"https:\/\/fonsvinum.com\/de\/produkt\/marchesi-di-gresy-riserva-camp-gross-martinenga-barbaresco-2017\/#breadcrumb\",\"itemListElement\":[{\"@type\":\"ListItem\",\"position\":1,\"name\":\"Startseite\",\"item\":\"https:\/\/fonsvinum.com\/de\/\"},{\"@type\":\"ListItem\",\"position\":2,\"name\":\"Shop\",\"item\":\"https:\/\/fonsvinum.com\/de\/shop\/\"},{\"@type\":\"ListItem\",\"position\":3,\"name\":\"MARCHESI DI GRESY Riserva Camp Gross Martinenga Barbaresco 2017\"}]},{\"@type\":\"WebSite\",\"@id\":\"https:\/\/fonsvinum.com\/en\/#website\",\"url\":\"https:\/\/fonsvinum.com\/en\/\",\"name\":\"Fons Vinum\",\"description\":\"Vendita Vino Online\",\"publisher\":{\"@id\":\"https:\/\/fonsvinum.com\/en\/#organization\"},\"potentialAction\":[{\"@type\":\"SearchAction\",\"target\":{\"@type\":\"EntryPoint\",\"urlTemplate\":\"https:\/\/fonsvinum.com\/en\/?s={search_term_string}\"},\"query-input\":{\"@type\":\"PropertyValueSpecification\",\"valueRequired\":true,\"valueName\":\"search_term_string\"}}],\"inLanguage\":\"de\"},{\"@type\":\"Organization\",\"@id\":\"https:\/\/fonsvinum.com\/en\/#organization\",\"name\":\"Fons Vinum\",\"url\":\"https:\/\/fonsvinum.com\/en\/\",\"logo\":{\"@type\":\"ImageObject\",\"inLanguage\":\"de\",\"@id\":\"https:\/\/fonsvinum.com\/en\/#\/schema\/logo\/image\/\",\"url\":\"\",\"contentUrl\":\"\",\"caption\":\"Fons Vinum\"},\"image\":{\"@id\":\"https:\/\/fonsvinum.com\/en\/#\/schema\/logo\/image\/\"}}]}<\/script>\n<!-- \/ Yoast SEO plugin. -->","yoast_head_json":{"title":"MARCHESI DI GRESY Riserva Camp Gross Martinenga Barbaresco 2017","description":"MARCHESI DI GRESY Riserva Camp Gross Martinenga Barbaresco 2017 - Brillant,dicht, elegant, erinnert an Waldbeeren, Amarena,Kirsche, Pflaume..","robots":{"index":"index","follow":"follow","max-snippet":"max-snippet:-1","max-image-preview":"max-image-preview:large","max-video-preview":"max-video-preview:-1"},"canonical":"https:\/\/fonsvinum.com\/de\/produkt\/marchesi-di-gresy-riserva-camp-gross-martinenga-barbaresco-2017\/","og_locale":"de_DE","og_type":"article","og_title":"MARCHESI DI GRESY Riserva Camp Gross Martinenga Barbaresco 2017","og_description":"MARCHESI DI GRESY Riserva Camp Gross Martinenga Barbaresco 2017 - Brillant,dicht, elegant, erinnert an Waldbeeren, Amarena,Kirsche, Pflaume..","og_url":"https:\/\/fonsvinum.com\/de\/produkt\/marchesi-di-gresy-riserva-camp-gross-martinenga-barbaresco-2017\/","og_site_name":"Fons Vinum","article_modified_time":"2026-04-14T04:10:28+00:00","og_image":[{"width":200,"height":600,"url":"https:\/\/fonsvinum.com\/files\/2016\/01\/barbaresco-camp-gros-marchesi-di-gresy.png","type":"image\/png"}],"twitter_misc":{"Gesch\u00e4tzte Lesezeit":"3\u00a0Minuten"},"schema":{"@context":"https:\/\/schema.org","@graph":[{"@type":"WebPage","@id":"https:\/\/fonsvinum.com\/de\/produkt\/marchesi-di-gresy-riserva-camp-gross-martinenga-barbaresco-2017\/","url":"https:\/\/fonsvinum.com\/de\/produkt\/marchesi-di-gresy-riserva-camp-gross-martinenga-barbaresco-2017\/","name":"MARCHESI DI GRESY Riserva Camp Gross Martinenga Barbaresco 2017","isPartOf":{"@id":"https:\/\/fonsvinum.com\/en\/#website"},"primaryImageOfPage":{"@id":"https:\/\/fonsvinum.com\/de\/produkt\/marchesi-di-gresy-riserva-camp-gross-martinenga-barbaresco-2017\/#primaryimage"},"image":{"@id":"https:\/\/fonsvinum.com\/de\/produkt\/marchesi-di-gresy-riserva-camp-gross-martinenga-barbaresco-2017\/#primaryimage"},"thumbnailUrl":"https:\/\/fonsvinum.com\/files\/2016\/01\/barbaresco-camp-gros-marchesi-di-gresy.png","datePublished":"2026-04-14T04:01:39+00:00","dateModified":"2026-04-14T04:10:28+00:00","description":"MARCHESI DI GRESY Riserva Camp Gross Martinenga Barbaresco 2017 - Brillant,dicht, elegant, erinnert an Waldbeeren, Amarena,Kirsche, Pflaume..","breadcrumb":{"@id":"https:\/\/fonsvinum.com\/de\/produkt\/marchesi-di-gresy-riserva-camp-gross-martinenga-barbaresco-2017\/#breadcrumb"},"inLanguage":"de","potentialAction":[{"@type":"ReadAction","target":["https:\/\/fonsvinum.com\/de\/produkt\/marchesi-di-gresy-riserva-camp-gross-martinenga-barbaresco-2017\/"]}]},{"@type":"ImageObject","inLanguage":"de","@id":"https:\/\/fonsvinum.com\/de\/produkt\/marchesi-di-gresy-riserva-camp-gross-martinenga-barbaresco-2017\/#primaryimage","url":"https:\/\/fonsvinum.com\/files\/2016\/01\/barbaresco-camp-gros-marchesi-di-gresy.png","contentUrl":"https:\/\/fonsvinum.com\/files\/2016\/01\/barbaresco-camp-gros-marchesi-di-gresy.png","width":200,"height":600},{"@type":"BreadcrumbList","@id":"https:\/\/fonsvinum.com\/de\/produkt\/marchesi-di-gresy-riserva-camp-gross-martinenga-barbaresco-2017\/#breadcrumb","itemListElement":[{"@type":"ListItem","position":1,"name":"Startseite","item":"https:\/\/fonsvinum.com\/de\/"},{"@type":"ListItem","position":2,"name":"Shop","item":"https:\/\/fonsvinum.com\/de\/shop\/"},{"@type":"ListItem","position":3,"name":"MARCHESI DI GRESY Riserva Camp Gross Martinenga Barbaresco 2017"}]},{"@type":"WebSite","@id":"https:\/\/fonsvinum.com\/en\/#website","url":"https:\/\/fonsvinum.com\/en\/","name":"Fons Vinum","description":"Vendita Vino Online","publisher":{"@id":"https:\/\/fonsvinum.com\/en\/#organization"},"potentialAction":[{"@type":"SearchAction","target":{"@type":"EntryPoint","urlTemplate":"https:\/\/fonsvinum.com\/en\/?s={search_term_string}"},"query-input":{"@type":"PropertyValueSpecification","valueRequired":true,"valueName":"search_term_string"}}],"inLanguage":"de"},{"@type":"Organization","@id":"https:\/\/fonsvinum.com\/en\/#organization","name":"Fons Vinum","url":"https:\/\/fonsvinum.com\/en\/","logo":{"@type":"ImageObject","inLanguage":"de","@id":"https:\/\/fonsvinum.com\/en\/#\/schema\/logo\/image\/","url":"","contentUrl":"","caption":"Fons Vinum"},"image":{"@id":"https:\/\/fonsvinum.com\/en\/#\/schema\/logo\/image\/"}}]}},"acf":[],"_links":{"self":[{"href":"https:\/\/fonsvinum.com\/de\/wp-json\/wp\/v2\/product\/49336","targetHints":{"allow":["GET"]}}],"collection":[{"href":"https:\/\/fonsvinum.com\/de\/wp-json\/wp\/v2\/product"}],"about":[{"href":"https:\/\/fonsvinum.com\/de\/wp-json\/wp\/v2\/types\/product"}],"replies":[{"embeddable":true,"href":"https:\/\/fonsvinum.com\/de\/wp-json\/wp\/v2\/comments?post=49336"}],"wp:featuredmedia":[{"embeddable":true,"href":"https:\/\/fonsvinum.com\/de\/wp-json\/wp\/v2\/media\/7081"}],"wp:attachment":[{"href":"https:\/\/fonsvinum.com\/de\/wp-json\/wp\/v2\/media?parent=49336"}],"wp:term":[{"taxonomy":"product_brand","embeddable":true,"href":"https:\/\/fonsvinum.com\/de\/wp-json\/wp\/v2\/product_brand?post=49336"},{"taxonomy":"product_cat","embeddable":true,"href":"https:\/\/fonsvinum.com\/de\/wp-json\/wp\/v2\/product_cat?post=49336"},{"taxonomy":"product_tag","embeddable":true,"href":"https:\/\/fonsvinum.com\/de\/wp-json\/wp\/v2\/product_tag?post=49336"}],"curies":[{"name":"wp","href":"https:\/\/api.w.org\/{rel}","templated":true}]}}