{"id":49316,"date":"2026-04-11T07:40:45","date_gmt":"2026-04-11T05:40:45","guid":{"rendered":"https:\/\/fonsvinum.com\/?post_type=product&#038;p=49316"},"modified":"2026-04-11T07:56:59","modified_gmt":"2026-04-11T05:56:59","slug":"produttori-del-barbaresco-riserva-muncagota-barbaresco-2020","status":"publish","type":"product","link":"https:\/\/fonsvinum.com\/de\/produkt\/produttori-del-barbaresco-riserva-muncagota-barbaresco-2020\/","title":{"rendered":"PRODUTTORI DEL BARBARESCO Riserva Muncagota Barbaresco 2020"},"content":{"rendered":"<h1><a href=\"https:\/\/fonsvinum.com\/de\/attributes\/producer\/produttori-del-barbaresco-de\/\">PRODUTTORI DEL BARBARESCO<\/a> Riserva Muncagota Barbaresco 2020<\/h1>\n<h2>Das Weingut der Barbaresco-Produzenten<\/h2>\n<p>Gegr\u00fcndet 1958, z\u00e4hlt es heute 50 Mitglieder und bewirtschaftet seit 2020 783 Hektar Nebbiolo-Reben. Es kontrolliert die meisten der historischen Crus der Region. Produttori del Barbaresco vinifiziert ausschlie\u00dflich Nebbiolo-Trauben und produziert einen Barbaresco DOCG aus Trauben verschiedener Weinberge innerhalb des Ursprungsgebiets sowie einen Nebbiolo Langhe DOCG aus Trauben derselben Weinberge. Letzterer gilt als weniger geeignet f\u00fcr die Herstellung eines einfacheren, zug\u00e4nglicheren und lagerf\u00e4higen Weins.<\/p>\n<p>In herausragenden Jahrg\u00e4ngen werden neun Barbarescos aus spezifischen Weinbergen gekeltert und als Barbaresco Riserva vermarktet: Asili, Rabaj\u00e0, Rio Sordo, Ovello, Montestefano, Paj\u00e9, Muncagota, Montefico und Pora \u2013 Gebiete, die seit Langem f\u00fcr ihre besonders feinen Trauben bekannt sind. Seit dem Jahrgang 2007 sind sie in den Produktionsbestimmungen offiziell als \u201eZus\u00e4tzliche geografische Angaben\u201c anerkannt. Der Name der Lage und der Weinbergsbesitzer sind auf den nummerierten Etiketten vermerkt.<\/p>\n<h2>BARBARESCO Muncagota<\/h2>\n<h3>Lage: Muncagota<\/h3>\n<p>PRODUTTORI DEL BARBARESCO Riserva Muncagota Barbaresco 2020. Der Barbaresco Riserva \u201eMuncagota\u201c des Weinguts Produttori del Barbaresco ist ein eleganter, intensiv strukturierter Rotwein mit mineralischem Abgang, der auf den pr\u00e4chtigen und faszinierenden H\u00fcgeln von Barbaresco im Piemont angebaut wird. Dieser Wein wird zu 100 % aus Nebbiolo-Trauben der Lage Muncagota gekeltert; einer Einzellage an einem nach West-S\u00fcdwest ausgerichteten Hang auf etwa 250 Metern \u00fcber dem Meeresspiegel.<\/p>\n<p>Der Muncagota Cru ist besonders nach einer gewissen Reifezeit reizvoll, wenn der Wein noch immer einen fruchtigen und frischen Geschmack besitzt.<\/p>\n<h2>Jahrgang 2020<\/h2>\n<p>Der Jahrgang 2020 begann mit einem ereignislosen Winter, der von milden Temperaturen und geringen Niederschl\u00e4gen, insbesondere Schnee, gepr\u00e4gt war.<\/p>\n<p>Der fr\u00fche Fr\u00fchling war relativ trocken und sonnig, was f\u00fcr eine gleichm\u00e4\u00dfige vegetative Erholung und einen Austrieb in der ersten M\u00e4rzwoche sorgte.<\/p>\n<p>M\u00e4rz und April zeichneten sich durch gutes Wetter und milde Temperaturen mit geringen Niederschl\u00e4gen aus, was zun\u00e4chst auf eine fr\u00fche Lese hindeutete. Diese Vorhersage wurde jedoch im Mai durch unbest\u00e4ndiges Wetter mit zahlreichen Regentagen widerlegt, eine Situation, die bis Ende Juni anhielt.<\/p>\n<p>Dies verlangsamte einerseits das vegetative Wachstum und machte so den im fr\u00fchen Fr\u00fchling erzielten Vorteil zunichte. Andererseits erm\u00f6glichte es eine gute Wasserspeicherung im Boden, die in Kombination mit den moderaten Sommertemperaturen Trockenstress verhinderte. Insgesamt war das Wetter gut, wobei im sp\u00e4ten Fr\u00fchling aufgrund von fr\u00fchem Pilzbefall, verursacht durch die Regenf\u00e4lle im Mai und Juni, einige Schwierigkeiten bei der agronomischen Bewirtschaftung auftraten.<\/p>\n<p>Die Nebbiolo-Trauben erreichten Ende des Sommers optimale Bedingungen: Die milden Nachttemperaturen im September f\u00fchrten zu einer raschen Anreicherung von Polyphenolen. Das Wachstum verlief nicht exponentiell, sondern stetig und erreichte zwischen Ende September und Anfang Oktober die technologische Reife bzw. den optimalen Zuckergehalt. Auch der S\u00e4uregehalt der Nebbiolo-Trauben blieb im Vergleich zu anderen Jahren mit relativ kurzem Reifezyklus stabil. Die Lese begann am 30. September in Barbaresco und erstreckte sich \u00fcber zwei Wochen, unterbrochen von einem leichten Regenschauer am 5. Oktober.<\/p>\n","protected":false},"excerpt":{"rendered":"<p>PRODUTTORI DEL BARBARESCO Riserva Muncagota Barbaresco 2020 Das Weingut der Barbaresco-Produzenten Gegr\u00fcndet 1958, z\u00e4hlt es heute 50 Mitglieder und bewirtschaftet seit 2020 783 Hektar Nebbiolo-Reben. Es kontrolliert die meisten der historischen Crus der Region. Produttori del Barbaresco vinifiziert ausschlie\u00dflich Nebbiolo-Trauben und produziert einen Barbaresco DOCG aus Trauben verschiedener Weinberge innerhalb des Ursprungsgebiets sowie einen Nebbiolo [&hellip;]<\/p>\n","protected":false},"featured_media":37507,"comment_status":"open","ping_status":"closed","template":"","meta":{"_acf_changed":false,"_monsterinsights_skip_tracking":false,"_monsterinsights_sitenote_active":false,"_monsterinsights_sitenote_note":"","_monsterinsights_sitenote_category":0},"product_brand":[],"product_cat":[1773],"product_tag":[1751,15895,15893,15959],"class_list":{"0":"post-49316","1":"product","2":"type-product","3":"status-publish","4":"has-post-thumbnail","6":"product_cat-barbaresco-de","7":"product_tag-aussergewoehnliche-weine-aus-italien-de","8":"product_tag-barbaresco-de-2","9":"product_tag-piemonte-de","10":"product_tag-vino-rosso-de","11":"pa_appellation-barbaresco-docg-de","12":"pa_formato-0-75-l-flasche-de","13":"pa_producer-produttori-del-barbaresco-de","14":"pa_region-piemont-de","15":"pa_vine-100-nebbiolo-de","16":"pa_vintage-2020-de","18":"first","19":"instock","20":"taxable","21":"shipping-taxable","22":"purchasable","23":"product-type-simple"},"bundled_by":[],"bundle_stock_status":"instock","bundle_stock_quantity":6,"bundle_virtual":false,"bundle_layout":"","bundle_add_to_cart_form_location":"","bundle_editable_in_cart":false,"bundle_sold_individually_context":"","bundle_item_grouping":"","bundle_min_size":"","bundle_max_size":"","bundle_price":[],"bundled_items":[],"bundle_sell_ids":[],"yoast_head":"<!-- This site is optimized with the Yoast SEO plugin v27.2 - https:\/\/yoast.com\/product\/yoast-seo-wordpress\/ -->\n<title>PRODUTTORI BARBARESCO Riserva Muncagota Barbaresco 2020<\/title>\n<meta name=\"description\" content=\"Kaufen online PRODUTTORI DEL BARBARESCO Riserva Muncagotao Barbaresco 2020 - on line Fons Vinum\" \/>\n<meta name=\"robots\" content=\"index, follow, max-snippet:-1, max-image-preview:large, max-video-preview:-1\" \/>\n<link rel=\"canonical\" href=\"https:\/\/fonsvinum.com\/de\/produkt\/produttori-del-barbaresco-riserva-muncagota-barbaresco-2020\/\" \/>\n<meta property=\"og:locale\" content=\"de_DE\" \/>\n<meta property=\"og:type\" content=\"article\" \/>\n<meta property=\"og:title\" content=\"PRODUTTORI BARBARESCO Riserva Muncagota Barbaresco 2020\" \/>\n<meta property=\"og:description\" content=\"Kaufen online PRODUTTORI DEL BARBARESCO Riserva Muncagotao Barbaresco 2020 - on line Fons Vinum\" \/>\n<meta property=\"og:url\" content=\"https:\/\/fonsvinum.com\/de\/produkt\/produttori-del-barbaresco-riserva-muncagota-barbaresco-2020\/\" \/>\n<meta property=\"og:site_name\" content=\"Fons Vinum\" \/>\n<meta property=\"article:modified_time\" content=\"2026-04-11T05:56:59+00:00\" \/>\n<meta property=\"og:image\" content=\"https:\/\/fonsvinum.com\/files\/2016\/03\/produttori-del-barbaresco-muncagota.jpg\" \/>\n\t<meta property=\"og:image:width\" content=\"200\" \/>\n\t<meta property=\"og:image:height\" content=\"600\" \/>\n\t<meta property=\"og:image:type\" content=\"image\/jpeg\" \/>\n<meta name=\"twitter:label1\" content=\"Gesch\u00e4tzte Lesezeit\" \/>\n\t<meta name=\"twitter:data1\" content=\"3\u00a0Minuten\" \/>\n<script type=\"application\/ld+json\" class=\"yoast-schema-graph\">{\"@context\":\"https:\/\/schema.org\",\"@graph\":[{\"@type\":\"WebPage\",\"@id\":\"https:\/\/fonsvinum.com\/de\/produkt\/produttori-del-barbaresco-riserva-muncagota-barbaresco-2020\/\",\"url\":\"https:\/\/fonsvinum.com\/de\/produkt\/produttori-del-barbaresco-riserva-muncagota-barbaresco-2020\/\",\"name\":\"PRODUTTORI BARBARESCO Riserva Muncagota Barbaresco 2020\",\"isPartOf\":{\"@id\":\"https:\/\/fonsvinum.com\/en\/#website\"},\"primaryImageOfPage\":{\"@id\":\"https:\/\/fonsvinum.com\/de\/produkt\/produttori-del-barbaresco-riserva-muncagota-barbaresco-2020\/#primaryimage\"},\"image\":{\"@id\":\"https:\/\/fonsvinum.com\/de\/produkt\/produttori-del-barbaresco-riserva-muncagota-barbaresco-2020\/#primaryimage\"},\"thumbnailUrl\":\"https:\/\/fonsvinum.com\/files\/2016\/03\/produttori-del-barbaresco-muncagota.jpg\",\"datePublished\":\"2026-04-11T05:40:45+00:00\",\"dateModified\":\"2026-04-11T05:56:59+00:00\",\"description\":\"Kaufen online PRODUTTORI DEL BARBARESCO Riserva Muncagotao Barbaresco 2020 - on line Fons Vinum\",\"breadcrumb\":{\"@id\":\"https:\/\/fonsvinum.com\/de\/produkt\/produttori-del-barbaresco-riserva-muncagota-barbaresco-2020\/#breadcrumb\"},\"inLanguage\":\"de\",\"potentialAction\":[{\"@type\":\"ReadAction\",\"target\":[\"https:\/\/fonsvinum.com\/de\/produkt\/produttori-del-barbaresco-riserva-muncagota-barbaresco-2020\/\"]}]},{\"@type\":\"ImageObject\",\"inLanguage\":\"de\",\"@id\":\"https:\/\/fonsvinum.com\/de\/produkt\/produttori-del-barbaresco-riserva-muncagota-barbaresco-2020\/#primaryimage\",\"url\":\"https:\/\/fonsvinum.com\/files\/2016\/03\/produttori-del-barbaresco-muncagota.jpg\",\"contentUrl\":\"https:\/\/fonsvinum.com\/files\/2016\/03\/produttori-del-barbaresco-muncagota.jpg\",\"width\":200,\"height\":600,\"caption\":\"PRODUTTORI DEL BARBARESCO Riserva Muncagota Barbaresco\"},{\"@type\":\"BreadcrumbList\",\"@id\":\"https:\/\/fonsvinum.com\/de\/produkt\/produttori-del-barbaresco-riserva-muncagota-barbaresco-2020\/#breadcrumb\",\"itemListElement\":[{\"@type\":\"ListItem\",\"position\":1,\"name\":\"Startseite\",\"item\":\"https:\/\/fonsvinum.com\/de\/\"},{\"@type\":\"ListItem\",\"position\":2,\"name\":\"Shop\",\"item\":\"https:\/\/fonsvinum.com\/de\/shop\/\"},{\"@type\":\"ListItem\",\"position\":3,\"name\":\"PRODUTTORI DEL BARBARESCO Riserva Muncagota Barbaresco 2020\"}]},{\"@type\":\"WebSite\",\"@id\":\"https:\/\/fonsvinum.com\/en\/#website\",\"url\":\"https:\/\/fonsvinum.com\/en\/\",\"name\":\"Fons Vinum\",\"description\":\"Vendita Vino Online\",\"publisher\":{\"@id\":\"https:\/\/fonsvinum.com\/en\/#organization\"},\"potentialAction\":[{\"@type\":\"SearchAction\",\"target\":{\"@type\":\"EntryPoint\",\"urlTemplate\":\"https:\/\/fonsvinum.com\/en\/?s={search_term_string}\"},\"query-input\":{\"@type\":\"PropertyValueSpecification\",\"valueRequired\":true,\"valueName\":\"search_term_string\"}}],\"inLanguage\":\"de\"},{\"@type\":\"Organization\",\"@id\":\"https:\/\/fonsvinum.com\/en\/#organization\",\"name\":\"Fons Vinum\",\"url\":\"https:\/\/fonsvinum.com\/en\/\",\"logo\":{\"@type\":\"ImageObject\",\"inLanguage\":\"de\",\"@id\":\"https:\/\/fonsvinum.com\/en\/#\/schema\/logo\/image\/\",\"url\":\"\",\"contentUrl\":\"\",\"caption\":\"Fons Vinum\"},\"image\":{\"@id\":\"https:\/\/fonsvinum.com\/en\/#\/schema\/logo\/image\/\"}}]}<\/script>\n<!-- \/ Yoast SEO plugin. -->","yoast_head_json":{"title":"PRODUTTORI BARBARESCO Riserva Muncagota Barbaresco 2020","description":"Kaufen online PRODUTTORI DEL BARBARESCO Riserva Muncagotao Barbaresco 2020 - on line Fons Vinum","robots":{"index":"index","follow":"follow","max-snippet":"max-snippet:-1","max-image-preview":"max-image-preview:large","max-video-preview":"max-video-preview:-1"},"canonical":"https:\/\/fonsvinum.com\/de\/produkt\/produttori-del-barbaresco-riserva-muncagota-barbaresco-2020\/","og_locale":"de_DE","og_type":"article","og_title":"PRODUTTORI BARBARESCO Riserva Muncagota Barbaresco 2020","og_description":"Kaufen online PRODUTTORI DEL BARBARESCO Riserva Muncagotao Barbaresco 2020 - on line Fons Vinum","og_url":"https:\/\/fonsvinum.com\/de\/produkt\/produttori-del-barbaresco-riserva-muncagota-barbaresco-2020\/","og_site_name":"Fons Vinum","article_modified_time":"2026-04-11T05:56:59+00:00","og_image":[{"width":200,"height":600,"url":"https:\/\/fonsvinum.com\/files\/2016\/03\/produttori-del-barbaresco-muncagota.jpg","type":"image\/jpeg"}],"twitter_misc":{"Gesch\u00e4tzte Lesezeit":"3\u00a0Minuten"},"schema":{"@context":"https:\/\/schema.org","@graph":[{"@type":"WebPage","@id":"https:\/\/fonsvinum.com\/de\/produkt\/produttori-del-barbaresco-riserva-muncagota-barbaresco-2020\/","url":"https:\/\/fonsvinum.com\/de\/produkt\/produttori-del-barbaresco-riserva-muncagota-barbaresco-2020\/","name":"PRODUTTORI BARBARESCO Riserva Muncagota Barbaresco 2020","isPartOf":{"@id":"https:\/\/fonsvinum.com\/en\/#website"},"primaryImageOfPage":{"@id":"https:\/\/fonsvinum.com\/de\/produkt\/produttori-del-barbaresco-riserva-muncagota-barbaresco-2020\/#primaryimage"},"image":{"@id":"https:\/\/fonsvinum.com\/de\/produkt\/produttori-del-barbaresco-riserva-muncagota-barbaresco-2020\/#primaryimage"},"thumbnailUrl":"https:\/\/fonsvinum.com\/files\/2016\/03\/produttori-del-barbaresco-muncagota.jpg","datePublished":"2026-04-11T05:40:45+00:00","dateModified":"2026-04-11T05:56:59+00:00","description":"Kaufen online PRODUTTORI DEL BARBARESCO Riserva Muncagotao Barbaresco 2020 - on line Fons Vinum","breadcrumb":{"@id":"https:\/\/fonsvinum.com\/de\/produkt\/produttori-del-barbaresco-riserva-muncagota-barbaresco-2020\/#breadcrumb"},"inLanguage":"de","potentialAction":[{"@type":"ReadAction","target":["https:\/\/fonsvinum.com\/de\/produkt\/produttori-del-barbaresco-riserva-muncagota-barbaresco-2020\/"]}]},{"@type":"ImageObject","inLanguage":"de","@id":"https:\/\/fonsvinum.com\/de\/produkt\/produttori-del-barbaresco-riserva-muncagota-barbaresco-2020\/#primaryimage","url":"https:\/\/fonsvinum.com\/files\/2016\/03\/produttori-del-barbaresco-muncagota.jpg","contentUrl":"https:\/\/fonsvinum.com\/files\/2016\/03\/produttori-del-barbaresco-muncagota.jpg","width":200,"height":600,"caption":"PRODUTTORI DEL BARBARESCO Riserva Muncagota Barbaresco"},{"@type":"BreadcrumbList","@id":"https:\/\/fonsvinum.com\/de\/produkt\/produttori-del-barbaresco-riserva-muncagota-barbaresco-2020\/#breadcrumb","itemListElement":[{"@type":"ListItem","position":1,"name":"Startseite","item":"https:\/\/fonsvinum.com\/de\/"},{"@type":"ListItem","position":2,"name":"Shop","item":"https:\/\/fonsvinum.com\/de\/shop\/"},{"@type":"ListItem","position":3,"name":"PRODUTTORI DEL BARBARESCO Riserva Muncagota Barbaresco 2020"}]},{"@type":"WebSite","@id":"https:\/\/fonsvinum.com\/en\/#website","url":"https:\/\/fonsvinum.com\/en\/","name":"Fons Vinum","description":"Vendita Vino Online","publisher":{"@id":"https:\/\/fonsvinum.com\/en\/#organization"},"potentialAction":[{"@type":"SearchAction","target":{"@type":"EntryPoint","urlTemplate":"https:\/\/fonsvinum.com\/en\/?s={search_term_string}"},"query-input":{"@type":"PropertyValueSpecification","valueRequired":true,"valueName":"search_term_string"}}],"inLanguage":"de"},{"@type":"Organization","@id":"https:\/\/fonsvinum.com\/en\/#organization","name":"Fons Vinum","url":"https:\/\/fonsvinum.com\/en\/","logo":{"@type":"ImageObject","inLanguage":"de","@id":"https:\/\/fonsvinum.com\/en\/#\/schema\/logo\/image\/","url":"","contentUrl":"","caption":"Fons Vinum"},"image":{"@id":"https:\/\/fonsvinum.com\/en\/#\/schema\/logo\/image\/"}}]}},"acf":[],"_links":{"self":[{"href":"https:\/\/fonsvinum.com\/de\/wp-json\/wp\/v2\/product\/49316","targetHints":{"allow":["GET"]}}],"collection":[{"href":"https:\/\/fonsvinum.com\/de\/wp-json\/wp\/v2\/product"}],"about":[{"href":"https:\/\/fonsvinum.com\/de\/wp-json\/wp\/v2\/types\/product"}],"replies":[{"embeddable":true,"href":"https:\/\/fonsvinum.com\/de\/wp-json\/wp\/v2\/comments?post=49316"}],"wp:featuredmedia":[{"embeddable":true,"href":"https:\/\/fonsvinum.com\/de\/wp-json\/wp\/v2\/media\/37507"}],"wp:attachment":[{"href":"https:\/\/fonsvinum.com\/de\/wp-json\/wp\/v2\/media?parent=49316"}],"wp:term":[{"taxonomy":"product_brand","embeddable":true,"href":"https:\/\/fonsvinum.com\/de\/wp-json\/wp\/v2\/product_brand?post=49316"},{"taxonomy":"product_cat","embeddable":true,"href":"https:\/\/fonsvinum.com\/de\/wp-json\/wp\/v2\/product_cat?post=49316"},{"taxonomy":"product_tag","embeddable":true,"href":"https:\/\/fonsvinum.com\/de\/wp-json\/wp\/v2\/product_tag?post=49316"}],"curies":[{"name":"wp","href":"https:\/\/api.w.org\/{rel}","templated":true}]}}