{"id":49280,"date":"2026-04-09T06:44:13","date_gmt":"2026-04-09T04:44:13","guid":{"rendered":"https:\/\/fonsvinum.com\/?post_type=product&#038;p=49280"},"modified":"2026-04-09T07:02:09","modified_gmt":"2026-04-09T05:02:09","slug":"produttori-del-barbaresco-riserva-ovello-barbaresco-2019","status":"publish","type":"product","link":"https:\/\/fonsvinum.com\/de\/produkt\/produttori-del-barbaresco-riserva-ovello-barbaresco-2019\/","title":{"rendered":"PRODUTTORI DEL BARBARESCO Riserva Ovello Barbaresco 2019"},"content":{"rendered":"<h1><a href=\"https:\/\/fonsvinum.com\/de\/attributes\/producer\/produttori-del-barbaresco-de\/\">PRODUTTORI DEL BARBARESCO<\/a> Riserva <a href=\"https:\/\/fonsvinum.com\/de\/?s=ovello&amp;post_type=product\">Ovello<\/a> Barbaresco 2019<\/h1>\n<h2>Das Weingut der <a href=\"https:\/\/fonsvinum.com\/de\/produkt-kategorie\/rotweine-de\/barbaresco-de\/\">Barbaresco<\/a>-Produzenten<\/h2>\n<p>Gegr\u00fcndet 1958, z\u00e4hlt es heute 50 Mitglieder und bewirtschaftet rund 110 Hektar Nebbiolo-Reben (ein Siebtel des Ursprungsgebiets). Es kontrolliert die meisten der historischen Crus der Region. Produttori del Barbaresco vinifiziert ausschlie\u00dflich Nebbiolo-Trauben und produziert einen Barbaresco DOCG aus Trauben verschiedener Weinberge innerhalb des Ursprungsgebiets sowie einen Nebbiolo Langhe DOCG aus Trauben derselben Weinberge. Letzterer gilt als weniger geeignet f\u00fcr die Lagerung, ist aber einfacher und zug\u00e4nglicher.<\/p>\n<p>In herausragenden Jahrg\u00e4ngen werden neun Barbarescos aus spezifischen Weinbergen gekeltert und als Barbaresco Riserva vermarktet: Asili, Rabaj\u00e0, Rio Sordo, Ovello, Montestefano, Paj\u00e9, Muncagota, Montefico und Pora \u2013 Gebiete, die seit Langem f\u00fcr ihre besonders feinen Trauben bekannt sind. Seit dem Jahrgang 2007 sind sie in den Produktionsbestimmungen offiziell als \u201eZus\u00e4tzliche geografische Angaben\u201c anerkannt. Der Name der Lage und der Weinbergsbesitzer sind auf den nummerierten Etiketten vermerkt.<\/p>\n<h2>BARBARESCO Ovello<\/h2>\n<h3>Lage: Ovello<\/h3>\n<p>PRODUTTORI DEL BARBARESCO Riserva OVELLO Barbaresco 2019. Die Barbaresco Riserva \u201eOvello\u201c des Weinguts Produttori del Barbaresco ist ein eleganter, intensiver und strukturierter Rotwein, der auf den pr\u00e4chtigen und bezaubernden H\u00fcgeln von Barbaresco im Piemont angebaut wird. Dieser Wein wird zu 100 % aus Nebbiolo-Trauben der Lage Ovello gekeltert; einer Einzellage an einem nach West-S\u00fcdwest ausgerichteten Hang auf etwa 250 Metern \u00fcber dem Meeresspiegel.<\/p>\n<p>Die Lage Ovello ist besonders nach einer gewissen Reifezeit reizvoll, wenn der Wein seinen fruchtigen und frischen Geschmack bewahrt.<\/p>\n<h3>Jahrgang 2019<\/h3>\n<p>Die Vegetationsperiode begann aufgrund des langen Winters, der bis Februar andauerte, schleppend. Der versp\u00e4tete Fr\u00fchling f\u00fchrte zu einer Regen- und K\u00e4lteperiode bis Mitte M\u00e4rz. Die vegetative Erholung verlief dennoch normal: Die ergiebigen Regenf\u00e4lle im April sorgten zwar f\u00fcr einen langsamen Start, f\u00fchrten aber auch zu einer deutlichen Anreicherung von Bodenwasser, wodurch die geringen Niederschl\u00e4ge des Winters ausgeglichen wurden. Das unbest\u00e4ndige Wetter mit moderaten Durchschnittstemperaturen hielt den ganzen Mai \u00fcber an. Dies best\u00e4tigte eine Verz\u00f6gerung von etwa zwei Wochen im Vergleich zu den Vorjahren, entsprach aber einem eher traditionellen Wachstumsmuster.<\/p>\n<h3>Temperaturen<\/h3>\n<p>Die hohen Temperaturen im Juni in Verbindung mit dem reichlich vorhandenen Bodenwasser schufen die Voraussetzungen f\u00fcr ein schnelles vegetatives Wachstum. Dies erforderte von den Winzern gro\u00dfe Aufmerksamkeit, um potenziellen phytosanit\u00e4ren Problemen vorzubeugen. Die hei\u00dfeste Periode der Saison lag zwischen der letzten Juniwoche und der ersten Juliwoche, gefolgt von Tagen mit milderen Temperaturen im Wechsel mit Regen. Die zweite Hitzewelle des Sommers begann Ende Juli und gipfelte in Gewittern, von denen einige heftig, aber f\u00fcr die Reben unsch\u00e4dlich waren. Der restliche Sommer war von mildem Wetter mit sporadischen und regelm\u00e4\u00dfigen Regenf\u00e4llen gepr\u00e4gt.<\/p>\n<h3>Die Lese<\/h3>\n<p>Der September war ein durchwachsener, aber insgesamt positiver Monat f\u00fcr die Reifung der Nebbiolo-Trauben. Die erste Woche war eher kalt und grau, die zweite perfekt mit klarem Himmel und guten Temperaturunterschieden zwischen Tag und Nacht, die dritte Woche \u00fcberwiegend warm, und Ende September sowie Anfang Oktober waren mit warmen Tagen und k\u00fchlen N\u00e4chten erneut ideal.<\/p>\n","protected":false},"excerpt":{"rendered":"<p>PRODUTTORI DEL BARBARESCO Riserva Ovello Barbaresco 2019 Das Weingut der Barbaresco-Produzenten Gegr\u00fcndet 1958, z\u00e4hlt es heute 50 Mitglieder und bewirtschaftet rund 110 Hektar Nebbiolo-Reben (ein Siebtel des Ursprungsgebiets). Es kontrolliert die meisten der historischen Crus der Region. Produttori del Barbaresco vinifiziert ausschlie\u00dflich Nebbiolo-Trauben und produziert einen Barbaresco DOCG aus Trauben verschiedener Weinberge innerhalb des Ursprungsgebiets [&hellip;]<\/p>\n","protected":false},"featured_media":32760,"comment_status":"open","ping_status":"closed","template":"","meta":{"_acf_changed":false,"_monsterinsights_skip_tracking":false,"_monsterinsights_sitenote_active":false,"_monsterinsights_sitenote_note":"","_monsterinsights_sitenote_category":0},"product_brand":[],"product_cat":[1773],"product_tag":[1751,15895,15893,15959],"class_list":{"0":"post-49280","1":"product","2":"type-product","3":"status-publish","4":"has-post-thumbnail","6":"product_cat-barbaresco-de","7":"product_tag-aussergewoehnliche-weine-aus-italien-de","8":"product_tag-barbaresco-de-2","9":"product_tag-piemonte-de","10":"product_tag-vino-rosso-de","11":"pa_appellation-barbaresco-docg-de","12":"pa_formato-0-75-l-flasche-de","13":"pa_producer-produttori-del-barbaresco-de","14":"pa_region-piemont-de","15":"pa_vine-100-nebbiolo-de","16":"pa_vintage-2019-de","18":"first","19":"instock","20":"taxable","21":"shipping-taxable","22":"purchasable","23":"product-type-simple"},"bundled_by":[],"bundle_stock_status":"instock","bundle_stock_quantity":6,"bundle_virtual":false,"bundle_layout":"","bundle_add_to_cart_form_location":"","bundle_editable_in_cart":false,"bundle_sold_individually_context":"","bundle_item_grouping":"","bundle_min_size":"","bundle_max_size":"","bundle_price":[],"bundled_items":[],"bundle_sell_ids":[],"yoast_head":"<!-- This site is optimized with the Yoast SEO plugin v27.2 - https:\/\/yoast.com\/product\/yoast-seo-wordpress\/ -->\n<title>PRODUTTORI DEL BARBARESCO Riserva Ovello Barbaresco 2019<\/title>\n<meta name=\"description\" content=\"Kaufen online PRODUTTORI DEL BARBARESCO Riserva Ovello Barbaresco 2019 - on line Fons Vinum\" \/>\n<meta name=\"robots\" content=\"index, follow, max-snippet:-1, max-image-preview:large, max-video-preview:-1\" \/>\n<link rel=\"canonical\" href=\"https:\/\/fonsvinum.com\/de\/produkt\/produttori-del-barbaresco-riserva-ovello-barbaresco-2019\/\" \/>\n<meta property=\"og:locale\" content=\"de_DE\" \/>\n<meta property=\"og:type\" content=\"article\" \/>\n<meta property=\"og:title\" content=\"PRODUTTORI DEL BARBARESCO Riserva Ovello Barbaresco 2019\" \/>\n<meta property=\"og:description\" content=\"Kaufen online PRODUTTORI DEL BARBARESCO Riserva Ovello Barbaresco 2019 - on line Fons Vinum\" \/>\n<meta property=\"og:url\" content=\"https:\/\/fonsvinum.com\/de\/produkt\/produttori-del-barbaresco-riserva-ovello-barbaresco-2019\/\" \/>\n<meta property=\"og:site_name\" content=\"Fons Vinum\" \/>\n<meta property=\"article:modified_time\" content=\"2026-04-09T05:02:09+00:00\" \/>\n<meta property=\"og:image\" content=\"https:\/\/fonsvinum.com\/files\/2021\/05\/barbaresco-produttori-riserva-ovello.jpg\" \/>\n\t<meta property=\"og:image:width\" content=\"200\" \/>\n\t<meta property=\"og:image:height\" content=\"600\" \/>\n\t<meta property=\"og:image:type\" content=\"image\/jpeg\" \/>\n<meta name=\"twitter:label1\" content=\"Gesch\u00e4tzte Lesezeit\" \/>\n\t<meta name=\"twitter:data1\" content=\"3\u00a0Minuten\" \/>\n<script type=\"application\/ld+json\" class=\"yoast-schema-graph\">{\"@context\":\"https:\/\/schema.org\",\"@graph\":[{\"@type\":\"WebPage\",\"@id\":\"https:\/\/fonsvinum.com\/de\/produkt\/produttori-del-barbaresco-riserva-ovello-barbaresco-2019\/\",\"url\":\"https:\/\/fonsvinum.com\/de\/produkt\/produttori-del-barbaresco-riserva-ovello-barbaresco-2019\/\",\"name\":\"PRODUTTORI DEL BARBARESCO Riserva Ovello Barbaresco 2019\",\"isPartOf\":{\"@id\":\"https:\/\/fonsvinum.com\/en\/#website\"},\"primaryImageOfPage\":{\"@id\":\"https:\/\/fonsvinum.com\/de\/produkt\/produttori-del-barbaresco-riserva-ovello-barbaresco-2019\/#primaryimage\"},\"image\":{\"@id\":\"https:\/\/fonsvinum.com\/de\/produkt\/produttori-del-barbaresco-riserva-ovello-barbaresco-2019\/#primaryimage\"},\"thumbnailUrl\":\"https:\/\/fonsvinum.com\/files\/2021\/05\/barbaresco-produttori-riserva-ovello.jpg\",\"datePublished\":\"2026-04-09T04:44:13+00:00\",\"dateModified\":\"2026-04-09T05:02:09+00:00\",\"description\":\"Kaufen online PRODUTTORI DEL BARBARESCO Riserva Ovello Barbaresco 2019 - on line Fons Vinum\",\"breadcrumb\":{\"@id\":\"https:\/\/fonsvinum.com\/de\/produkt\/produttori-del-barbaresco-riserva-ovello-barbaresco-2019\/#breadcrumb\"},\"inLanguage\":\"de\",\"potentialAction\":[{\"@type\":\"ReadAction\",\"target\":[\"https:\/\/fonsvinum.com\/de\/produkt\/produttori-del-barbaresco-riserva-ovello-barbaresco-2019\/\"]}]},{\"@type\":\"ImageObject\",\"inLanguage\":\"de\",\"@id\":\"https:\/\/fonsvinum.com\/de\/produkt\/produttori-del-barbaresco-riserva-ovello-barbaresco-2019\/#primaryimage\",\"url\":\"https:\/\/fonsvinum.com\/files\/2021\/05\/barbaresco-produttori-riserva-ovello.jpg\",\"contentUrl\":\"https:\/\/fonsvinum.com\/files\/2021\/05\/barbaresco-produttori-riserva-ovello.jpg\",\"width\":200,\"height\":600,\"caption\":\"PRODUTTORI DEL BARBARESCO Riserva Ovello\"},{\"@type\":\"BreadcrumbList\",\"@id\":\"https:\/\/fonsvinum.com\/de\/produkt\/produttori-del-barbaresco-riserva-ovello-barbaresco-2019\/#breadcrumb\",\"itemListElement\":[{\"@type\":\"ListItem\",\"position\":1,\"name\":\"Startseite\",\"item\":\"https:\/\/fonsvinum.com\/de\/\"},{\"@type\":\"ListItem\",\"position\":2,\"name\":\"Shop\",\"item\":\"https:\/\/fonsvinum.com\/de\/shop\/\"},{\"@type\":\"ListItem\",\"position\":3,\"name\":\"PRODUTTORI DEL BARBARESCO Riserva Ovello Barbaresco 2019\"}]},{\"@type\":\"WebSite\",\"@id\":\"https:\/\/fonsvinum.com\/en\/#website\",\"url\":\"https:\/\/fonsvinum.com\/en\/\",\"name\":\"Fons Vinum\",\"description\":\"Vendita Vino Online\",\"publisher\":{\"@id\":\"https:\/\/fonsvinum.com\/en\/#organization\"},\"potentialAction\":[{\"@type\":\"SearchAction\",\"target\":{\"@type\":\"EntryPoint\",\"urlTemplate\":\"https:\/\/fonsvinum.com\/en\/?s={search_term_string}\"},\"query-input\":{\"@type\":\"PropertyValueSpecification\",\"valueRequired\":true,\"valueName\":\"search_term_string\"}}],\"inLanguage\":\"de\"},{\"@type\":\"Organization\",\"@id\":\"https:\/\/fonsvinum.com\/en\/#organization\",\"name\":\"Fons Vinum\",\"url\":\"https:\/\/fonsvinum.com\/en\/\",\"logo\":{\"@type\":\"ImageObject\",\"inLanguage\":\"de\",\"@id\":\"https:\/\/fonsvinum.com\/en\/#\/schema\/logo\/image\/\",\"url\":\"\",\"contentUrl\":\"\",\"caption\":\"Fons Vinum\"},\"image\":{\"@id\":\"https:\/\/fonsvinum.com\/en\/#\/schema\/logo\/image\/\"}}]}<\/script>\n<!-- \/ Yoast SEO plugin. -->","yoast_head_json":{"title":"PRODUTTORI DEL BARBARESCO Riserva Ovello Barbaresco 2019","description":"Kaufen online PRODUTTORI DEL BARBARESCO Riserva Ovello Barbaresco 2019 - on line Fons Vinum","robots":{"index":"index","follow":"follow","max-snippet":"max-snippet:-1","max-image-preview":"max-image-preview:large","max-video-preview":"max-video-preview:-1"},"canonical":"https:\/\/fonsvinum.com\/de\/produkt\/produttori-del-barbaresco-riserva-ovello-barbaresco-2019\/","og_locale":"de_DE","og_type":"article","og_title":"PRODUTTORI DEL BARBARESCO Riserva Ovello Barbaresco 2019","og_description":"Kaufen online PRODUTTORI DEL BARBARESCO Riserva Ovello Barbaresco 2019 - on line Fons Vinum","og_url":"https:\/\/fonsvinum.com\/de\/produkt\/produttori-del-barbaresco-riserva-ovello-barbaresco-2019\/","og_site_name":"Fons Vinum","article_modified_time":"2026-04-09T05:02:09+00:00","og_image":[{"width":200,"height":600,"url":"https:\/\/fonsvinum.com\/files\/2021\/05\/barbaresco-produttori-riserva-ovello.jpg","type":"image\/jpeg"}],"twitter_misc":{"Gesch\u00e4tzte Lesezeit":"3\u00a0Minuten"},"schema":{"@context":"https:\/\/schema.org","@graph":[{"@type":"WebPage","@id":"https:\/\/fonsvinum.com\/de\/produkt\/produttori-del-barbaresco-riserva-ovello-barbaresco-2019\/","url":"https:\/\/fonsvinum.com\/de\/produkt\/produttori-del-barbaresco-riserva-ovello-barbaresco-2019\/","name":"PRODUTTORI DEL BARBARESCO Riserva Ovello Barbaresco 2019","isPartOf":{"@id":"https:\/\/fonsvinum.com\/en\/#website"},"primaryImageOfPage":{"@id":"https:\/\/fonsvinum.com\/de\/produkt\/produttori-del-barbaresco-riserva-ovello-barbaresco-2019\/#primaryimage"},"image":{"@id":"https:\/\/fonsvinum.com\/de\/produkt\/produttori-del-barbaresco-riserva-ovello-barbaresco-2019\/#primaryimage"},"thumbnailUrl":"https:\/\/fonsvinum.com\/files\/2021\/05\/barbaresco-produttori-riserva-ovello.jpg","datePublished":"2026-04-09T04:44:13+00:00","dateModified":"2026-04-09T05:02:09+00:00","description":"Kaufen online PRODUTTORI DEL BARBARESCO Riserva Ovello Barbaresco 2019 - on line Fons Vinum","breadcrumb":{"@id":"https:\/\/fonsvinum.com\/de\/produkt\/produttori-del-barbaresco-riserva-ovello-barbaresco-2019\/#breadcrumb"},"inLanguage":"de","potentialAction":[{"@type":"ReadAction","target":["https:\/\/fonsvinum.com\/de\/produkt\/produttori-del-barbaresco-riserva-ovello-barbaresco-2019\/"]}]},{"@type":"ImageObject","inLanguage":"de","@id":"https:\/\/fonsvinum.com\/de\/produkt\/produttori-del-barbaresco-riserva-ovello-barbaresco-2019\/#primaryimage","url":"https:\/\/fonsvinum.com\/files\/2021\/05\/barbaresco-produttori-riserva-ovello.jpg","contentUrl":"https:\/\/fonsvinum.com\/files\/2021\/05\/barbaresco-produttori-riserva-ovello.jpg","width":200,"height":600,"caption":"PRODUTTORI DEL BARBARESCO Riserva Ovello"},{"@type":"BreadcrumbList","@id":"https:\/\/fonsvinum.com\/de\/produkt\/produttori-del-barbaresco-riserva-ovello-barbaresco-2019\/#breadcrumb","itemListElement":[{"@type":"ListItem","position":1,"name":"Startseite","item":"https:\/\/fonsvinum.com\/de\/"},{"@type":"ListItem","position":2,"name":"Shop","item":"https:\/\/fonsvinum.com\/de\/shop\/"},{"@type":"ListItem","position":3,"name":"PRODUTTORI DEL BARBARESCO Riserva Ovello Barbaresco 2019"}]},{"@type":"WebSite","@id":"https:\/\/fonsvinum.com\/en\/#website","url":"https:\/\/fonsvinum.com\/en\/","name":"Fons Vinum","description":"Vendita Vino Online","publisher":{"@id":"https:\/\/fonsvinum.com\/en\/#organization"},"potentialAction":[{"@type":"SearchAction","target":{"@type":"EntryPoint","urlTemplate":"https:\/\/fonsvinum.com\/en\/?s={search_term_string}"},"query-input":{"@type":"PropertyValueSpecification","valueRequired":true,"valueName":"search_term_string"}}],"inLanguage":"de"},{"@type":"Organization","@id":"https:\/\/fonsvinum.com\/en\/#organization","name":"Fons Vinum","url":"https:\/\/fonsvinum.com\/en\/","logo":{"@type":"ImageObject","inLanguage":"de","@id":"https:\/\/fonsvinum.com\/en\/#\/schema\/logo\/image\/","url":"","contentUrl":"","caption":"Fons Vinum"},"image":{"@id":"https:\/\/fonsvinum.com\/en\/#\/schema\/logo\/image\/"}}]}},"acf":[],"_links":{"self":[{"href":"https:\/\/fonsvinum.com\/de\/wp-json\/wp\/v2\/product\/49280","targetHints":{"allow":["GET"]}}],"collection":[{"href":"https:\/\/fonsvinum.com\/de\/wp-json\/wp\/v2\/product"}],"about":[{"href":"https:\/\/fonsvinum.com\/de\/wp-json\/wp\/v2\/types\/product"}],"replies":[{"embeddable":true,"href":"https:\/\/fonsvinum.com\/de\/wp-json\/wp\/v2\/comments?post=49280"}],"wp:featuredmedia":[{"embeddable":true,"href":"https:\/\/fonsvinum.com\/de\/wp-json\/wp\/v2\/media\/32760"}],"wp:attachment":[{"href":"https:\/\/fonsvinum.com\/de\/wp-json\/wp\/v2\/media?parent=49280"}],"wp:term":[{"taxonomy":"product_brand","embeddable":true,"href":"https:\/\/fonsvinum.com\/de\/wp-json\/wp\/v2\/product_brand?post=49280"},{"taxonomy":"product_cat","embeddable":true,"href":"https:\/\/fonsvinum.com\/de\/wp-json\/wp\/v2\/product_cat?post=49280"},{"taxonomy":"product_tag","embeddable":true,"href":"https:\/\/fonsvinum.com\/de\/wp-json\/wp\/v2\/product_tag?post=49280"}],"curies":[{"name":"wp","href":"https:\/\/api.w.org\/{rel}","templated":true}]}}