{"id":49246,"date":"2026-04-01T10:57:08","date_gmt":"2026-04-01T08:57:08","guid":{"rendered":"https:\/\/fonsvinum.com\/?post_type=product&#038;p=49246"},"modified":"2026-04-01T17:47:47","modified_gmt":"2026-04-01T15:47:47","slug":"ugo-lequio-barbaresco-gallina-riserva-2019","status":"publish","type":"product","link":"https:\/\/fonsvinum.com\/de\/produkt\/ugo-lequio-barbaresco-gallina-riserva-2019\/","title":{"rendered":"UGO LEQUIO Barbaresco Gallina Riserva 2019"},"content":{"rendered":"<h1>UGO LEQUIO <a href=\"https:\/\/fonsvinum.com\/de\/attributes\/region\/\/piemonte-de\/\">Barbaresco<\/a> <a href=\"https:\/\/fonsvinum.com\/de\/?s=gallina&amp;post_type=product\">Gallina Riserva<\/a> 2019<\/h1>\n<h2>UGO <a href=\"https:\/\/www.ugolequio.it\/WP\/en\/\">LEQUIO<\/a><\/h2>\n<p>Gro\u00dfartige Dinge entstehen stets aus weitsichtigen Projekten, doch ohne den unbedingten Willen, alles zu geben, kann nichts wirklich Gro\u00dfartiges entstehen.<\/p>\n<p>Dies ist die Philosophie von Ugo, einem kleinen Unternehmen, das sich mit Professionalit\u00e4t und Fortschritt aktiv an der Weinkultur beteiligt.<\/p>\n<p>Anfang der 1980er-Jahre signierte er seine ersten Flaschen und w\u00e4hlte die Trauben pers\u00f6nlich auf sechs Hektar Weinbergen der \u201eCascina Nuova\u201c aus, einem Weingut im Herzen des historischen Gallina-H\u00fcgels. Einst Teil des gro\u00dfen Weinbauerbes der Grafen Riccardi Candiani von Neive, heute im Besitz von Marcarino.<br \/>\nDie im Laufe der Zeit gesammelte wertvolle Erfahrung, Forschung und Experimente im Weinberg und Keller haben diesen Produzenten zu einem Vorreiter der Qualit\u00e4tsrevolution gemacht, die in den letzten Jahren eine elit\u00e4re Weinkultur hervorgebracht hat.<\/p>\n<p>Die \u00dcberzeugung, dass ein gro\u00dfer Wein Zeit braucht und dass Geduld, ohne Sorgen, ihm Klasse, Bedeutung und Langlebigkeit verleiht, veranlasst Ugo, seine Flaschen erst nach einer langen und angemessenen Reifezeit auf den Markt zu bringen.<\/p>\n<h2><a href=\"https:\/\/fonsvinum.com\/de\/?s=barbaresco&amp;post_type=product\">BARBARESCO <\/a>Gallina Riserva 2019<\/h2>\n<p>Dieser <a href=\"https:\/\/fonsvinum.com\/de\/attributes\/region\/\/piemonte-de\/\">Barbaresco<\/a> wird aus Nebbiolo-Trauben. Die Weinberge wurden 1953, 1963 und 1971 angelegt. Sie sind nach S\u00fcden ausgerichtet, eine Lage, die sich besonders f\u00fcr die Erzeugung strukturierter, best\u00e4ndiger und langlebiger Weine eignet, die f\u00fcr ihre Eleganz bekannt sind. Ertrag: 40\u201345 hl\/Hektar.<\/p>\n<p>Vinifizierung in Edelstahltanks bei kontrollierter Temperatur f\u00fcr 15\u201318 Tage.<\/p>\n<p>20 Monate Ausbau in 25-hl-F\u00e4ssern aus slawonischer Eiche und 15 Monate in 5\u20137-hl-F\u00e4ssern aus franz\u00f6sischer Eiche, gefolgt von 6 Monaten Flaschenreife.<\/p>\n<h3>\u2013 Verkostungsnotizen \u2013<\/h3>\n<p>Rubinrote Farbe mit granatroten Reflexen, vielschichtige und komplexe Aromen mit w\u00fcrzigen Noten von Lakritz, Pfeffer, Leder und Rose. Am Gaumen vollmundig und elegant, mit bemerkenswerter Harmonie und Ausgewogenheit; ein Wein von aristokratischer Substanz.<\/p>\n","protected":false},"excerpt":{"rendered":"<p>UGO LEQUIO Barbaresco Gallina Riserva 2019 UGO LEQUIO Gro\u00dfartige Dinge entstehen stets aus weitsichtigen Projekten, doch ohne den unbedingten Willen, alles zu geben, kann nichts wirklich Gro\u00dfartiges entstehen. Dies ist die Philosophie von Ugo, einem kleinen Unternehmen, das sich mit Professionalit\u00e4t und Fortschritt aktiv an der Weinkultur beteiligt. Anfang der 1980er-Jahre signierte er seine ersten [&hellip;]<\/p>\n","protected":false},"featured_media":49262,"comment_status":"open","ping_status":"closed","template":"","meta":{"_acf_changed":false,"_monsterinsights_skip_tracking":false,"_monsterinsights_sitenote_active":false,"_monsterinsights_sitenote_note":"","_monsterinsights_sitenote_category":0},"product_brand":[],"product_cat":[1773],"product_tag":[15895,18450,15893,15959],"class_list":{"0":"post-49246","1":"product","2":"type-product","3":"status-publish","4":"has-post-thumbnail","6":"product_cat-barbaresco-de","7":"product_tag-barbaresco-de-2","8":"product_tag-langhe-weine","9":"product_tag-piemonte-de","10":"product_tag-vino-rosso-de","11":"pa_appellation-barbaresco-riserva-docg-de","12":"pa_formato-0-75-l-flasche-de","13":"pa_producer-la-spinetta-de","14":"pa_region-piemont-de","15":"pa_vine-100-nebbiolo-de","16":"pa_vintage-2019-de","18":"first","19":"instock","20":"taxable","21":"shipping-taxable","22":"purchasable","23":"product-type-simple"},"bundled_by":[],"bundle_stock_status":"instock","bundle_stock_quantity":4,"bundle_virtual":false,"bundle_layout":"","bundle_add_to_cart_form_location":"","bundle_editable_in_cart":false,"bundle_sold_individually_context":"","bundle_item_grouping":"","bundle_min_size":"","bundle_max_size":"","bundle_price":[],"bundled_items":[],"bundle_sell_ids":[],"yoast_head":"<!-- This site is optimized with the Yoast SEO plugin v27.3 - https:\/\/yoast.com\/product\/yoast-seo-wordpress\/ -->\n<title>UGO LEQUIO Barbaresco Gallina Riserva 2019<\/title>\n<meta name=\"description\" content=\"UGO LEQUIO Barbaresco Gallina Riserva 2019, Rubinrot mit granatroten Reflexen. Tiefgr\u00fcndig, elegant und vollmundig\" \/>\n<meta name=\"robots\" content=\"index, follow, max-snippet:-1, max-image-preview:large, max-video-preview:-1\" \/>\n<link rel=\"canonical\" href=\"https:\/\/fonsvinum.com\/de\/produkt\/ugo-lequio-barbaresco-gallina-riserva-2019\/\" \/>\n<meta property=\"og:locale\" content=\"de_DE\" \/>\n<meta property=\"og:type\" content=\"article\" \/>\n<meta property=\"og:title\" content=\"UGO LEQUIO Barbaresco Gallina Riserva 2019\" \/>\n<meta property=\"og:description\" content=\"UGO LEQUIO Barbaresco Gallina Riserva 2019, Rubinrot mit granatroten Reflexen. Tiefgr\u00fcndig, elegant und vollmundig\" \/>\n<meta property=\"og:url\" content=\"https:\/\/fonsvinum.com\/de\/produkt\/ugo-lequio-barbaresco-gallina-riserva-2019\/\" \/>\n<meta property=\"og:site_name\" content=\"Fons Vinum\" \/>\n<meta property=\"article:modified_time\" content=\"2026-04-01T15:47:47+00:00\" \/>\n<meta property=\"og:image\" content=\"https:\/\/fonsvinum.com\/files\/2026\/04\/ugo-lequio-barbaresco-gallina-riserva.png\" \/>\n\t<meta property=\"og:image:width\" content=\"200\" \/>\n\t<meta property=\"og:image:height\" content=\"600\" \/>\n\t<meta property=\"og:image:type\" content=\"image\/png\" \/>\n<meta name=\"twitter:label1\" content=\"Gesch\u00e4tzte Lesezeit\" \/>\n\t<meta name=\"twitter:data1\" content=\"2\u00a0Minuten\" \/>\n<script type=\"application\/ld+json\" class=\"yoast-schema-graph\">{\"@context\":\"https:\\\/\\\/schema.org\",\"@graph\":[{\"@type\":\"WebPage\",\"@id\":\"https:\\\/\\\/fonsvinum.com\\\/de\\\/produkt\\\/ugo-lequio-barbaresco-gallina-riserva-2019\\\/\",\"url\":\"https:\\\/\\\/fonsvinum.com\\\/de\\\/produkt\\\/ugo-lequio-barbaresco-gallina-riserva-2019\\\/\",\"name\":\"UGO LEQUIO Barbaresco Gallina Riserva 2019\",\"isPartOf\":{\"@id\":\"https:\\\/\\\/fonsvinum.com\\\/en\\\/#website\"},\"primaryImageOfPage\":{\"@id\":\"https:\\\/\\\/fonsvinum.com\\\/de\\\/produkt\\\/ugo-lequio-barbaresco-gallina-riserva-2019\\\/#primaryimage\"},\"image\":{\"@id\":\"https:\\\/\\\/fonsvinum.com\\\/de\\\/produkt\\\/ugo-lequio-barbaresco-gallina-riserva-2019\\\/#primaryimage\"},\"thumbnailUrl\":\"https:\\\/\\\/fonsvinum.com\\\/files\\\/2026\\\/04\\\/ugo-lequio-barbaresco-gallina-riserva.png\",\"datePublished\":\"2026-04-01T08:57:08+00:00\",\"dateModified\":\"2026-04-01T15:47:47+00:00\",\"description\":\"UGO LEQUIO Barbaresco Gallina Riserva 2019, Rubinrot mit granatroten Reflexen. Tiefgr\u00fcndig, elegant und vollmundig\",\"breadcrumb\":{\"@id\":\"https:\\\/\\\/fonsvinum.com\\\/de\\\/produkt\\\/ugo-lequio-barbaresco-gallina-riserva-2019\\\/#breadcrumb\"},\"inLanguage\":\"de\",\"potentialAction\":[{\"@type\":\"ReadAction\",\"target\":[\"https:\\\/\\\/fonsvinum.com\\\/de\\\/produkt\\\/ugo-lequio-barbaresco-gallina-riserva-2019\\\/\"]}]},{\"@type\":\"ImageObject\",\"inLanguage\":\"de\",\"@id\":\"https:\\\/\\\/fonsvinum.com\\\/de\\\/produkt\\\/ugo-lequio-barbaresco-gallina-riserva-2019\\\/#primaryimage\",\"url\":\"https:\\\/\\\/fonsvinum.com\\\/files\\\/2026\\\/04\\\/ugo-lequio-barbaresco-gallina-riserva.png\",\"contentUrl\":\"https:\\\/\\\/fonsvinum.com\\\/files\\\/2026\\\/04\\\/ugo-lequio-barbaresco-gallina-riserva.png\",\"width\":200,\"height\":600,\"caption\":\"ugo-lequio-barbaresco-gallina-riserva\"},{\"@type\":\"BreadcrumbList\",\"@id\":\"https:\\\/\\\/fonsvinum.com\\\/de\\\/produkt\\\/ugo-lequio-barbaresco-gallina-riserva-2019\\\/#breadcrumb\",\"itemListElement\":[{\"@type\":\"ListItem\",\"position\":1,\"name\":\"Startseite\",\"item\":\"https:\\\/\\\/fonsvinum.com\\\/de\\\/\"},{\"@type\":\"ListItem\",\"position\":2,\"name\":\"Shop\",\"item\":\"https:\\\/\\\/fonsvinum.com\\\/de\\\/shop\\\/\"},{\"@type\":\"ListItem\",\"position\":3,\"name\":\"UGO LEQUIO Barbaresco Gallina Riserva 2019\"}]},{\"@type\":\"WebSite\",\"@id\":\"https:\\\/\\\/fonsvinum.com\\\/en\\\/#website\",\"url\":\"https:\\\/\\\/fonsvinum.com\\\/en\\\/\",\"name\":\"Fons Vinum\",\"description\":\"Vendita Vino Online\",\"publisher\":{\"@id\":\"https:\\\/\\\/fonsvinum.com\\\/en\\\/#organization\"},\"potentialAction\":[{\"@type\":\"SearchAction\",\"target\":{\"@type\":\"EntryPoint\",\"urlTemplate\":\"https:\\\/\\\/fonsvinum.com\\\/en\\\/?s={search_term_string}\"},\"query-input\":{\"@type\":\"PropertyValueSpecification\",\"valueRequired\":true,\"valueName\":\"search_term_string\"}}],\"inLanguage\":\"de\"},{\"@type\":\"Organization\",\"@id\":\"https:\\\/\\\/fonsvinum.com\\\/en\\\/#organization\",\"name\":\"Fons Vinum\",\"url\":\"https:\\\/\\\/fonsvinum.com\\\/en\\\/\",\"logo\":{\"@type\":\"ImageObject\",\"inLanguage\":\"de\",\"@id\":\"https:\\\/\\\/fonsvinum.com\\\/en\\\/#\\\/schema\\\/logo\\\/image\\\/\",\"url\":\"\",\"contentUrl\":\"\",\"caption\":\"Fons Vinum\"},\"image\":{\"@id\":\"https:\\\/\\\/fonsvinum.com\\\/en\\\/#\\\/schema\\\/logo\\\/image\\\/\"}}]}<\/script>\n<!-- \/ Yoast SEO plugin. -->","yoast_head_json":{"title":"UGO LEQUIO Barbaresco Gallina Riserva 2019","description":"UGO LEQUIO Barbaresco Gallina Riserva 2019, Rubinrot mit granatroten Reflexen. Tiefgr\u00fcndig, elegant und vollmundig","robots":{"index":"index","follow":"follow","max-snippet":"max-snippet:-1","max-image-preview":"max-image-preview:large","max-video-preview":"max-video-preview:-1"},"canonical":"https:\/\/fonsvinum.com\/de\/produkt\/ugo-lequio-barbaresco-gallina-riserva-2019\/","og_locale":"de_DE","og_type":"article","og_title":"UGO LEQUIO Barbaresco Gallina Riserva 2019","og_description":"UGO LEQUIO Barbaresco Gallina Riserva 2019, Rubinrot mit granatroten Reflexen. Tiefgr\u00fcndig, elegant und vollmundig","og_url":"https:\/\/fonsvinum.com\/de\/produkt\/ugo-lequio-barbaresco-gallina-riserva-2019\/","og_site_name":"Fons Vinum","article_modified_time":"2026-04-01T15:47:47+00:00","og_image":[{"width":200,"height":600,"url":"https:\/\/fonsvinum.com\/files\/2026\/04\/ugo-lequio-barbaresco-gallina-riserva.png","type":"image\/png"}],"twitter_misc":{"Gesch\u00e4tzte Lesezeit":"2\u00a0Minuten"},"schema":{"@context":"https:\/\/schema.org","@graph":[{"@type":"WebPage","@id":"https:\/\/fonsvinum.com\/de\/produkt\/ugo-lequio-barbaresco-gallina-riserva-2019\/","url":"https:\/\/fonsvinum.com\/de\/produkt\/ugo-lequio-barbaresco-gallina-riserva-2019\/","name":"UGO LEQUIO Barbaresco Gallina Riserva 2019","isPartOf":{"@id":"https:\/\/fonsvinum.com\/en\/#website"},"primaryImageOfPage":{"@id":"https:\/\/fonsvinum.com\/de\/produkt\/ugo-lequio-barbaresco-gallina-riserva-2019\/#primaryimage"},"image":{"@id":"https:\/\/fonsvinum.com\/de\/produkt\/ugo-lequio-barbaresco-gallina-riserva-2019\/#primaryimage"},"thumbnailUrl":"https:\/\/fonsvinum.com\/files\/2026\/04\/ugo-lequio-barbaresco-gallina-riserva.png","datePublished":"2026-04-01T08:57:08+00:00","dateModified":"2026-04-01T15:47:47+00:00","description":"UGO LEQUIO Barbaresco Gallina Riserva 2019, Rubinrot mit granatroten Reflexen. Tiefgr\u00fcndig, elegant und vollmundig","breadcrumb":{"@id":"https:\/\/fonsvinum.com\/de\/produkt\/ugo-lequio-barbaresco-gallina-riserva-2019\/#breadcrumb"},"inLanguage":"de","potentialAction":[{"@type":"ReadAction","target":["https:\/\/fonsvinum.com\/de\/produkt\/ugo-lequio-barbaresco-gallina-riserva-2019\/"]}]},{"@type":"ImageObject","inLanguage":"de","@id":"https:\/\/fonsvinum.com\/de\/produkt\/ugo-lequio-barbaresco-gallina-riserva-2019\/#primaryimage","url":"https:\/\/fonsvinum.com\/files\/2026\/04\/ugo-lequio-barbaresco-gallina-riserva.png","contentUrl":"https:\/\/fonsvinum.com\/files\/2026\/04\/ugo-lequio-barbaresco-gallina-riserva.png","width":200,"height":600,"caption":"ugo-lequio-barbaresco-gallina-riserva"},{"@type":"BreadcrumbList","@id":"https:\/\/fonsvinum.com\/de\/produkt\/ugo-lequio-barbaresco-gallina-riserva-2019\/#breadcrumb","itemListElement":[{"@type":"ListItem","position":1,"name":"Startseite","item":"https:\/\/fonsvinum.com\/de\/"},{"@type":"ListItem","position":2,"name":"Shop","item":"https:\/\/fonsvinum.com\/de\/shop\/"},{"@type":"ListItem","position":3,"name":"UGO LEQUIO Barbaresco Gallina Riserva 2019"}]},{"@type":"WebSite","@id":"https:\/\/fonsvinum.com\/en\/#website","url":"https:\/\/fonsvinum.com\/en\/","name":"Fons Vinum","description":"Vendita Vino Online","publisher":{"@id":"https:\/\/fonsvinum.com\/en\/#organization"},"potentialAction":[{"@type":"SearchAction","target":{"@type":"EntryPoint","urlTemplate":"https:\/\/fonsvinum.com\/en\/?s={search_term_string}"},"query-input":{"@type":"PropertyValueSpecification","valueRequired":true,"valueName":"search_term_string"}}],"inLanguage":"de"},{"@type":"Organization","@id":"https:\/\/fonsvinum.com\/en\/#organization","name":"Fons Vinum","url":"https:\/\/fonsvinum.com\/en\/","logo":{"@type":"ImageObject","inLanguage":"de","@id":"https:\/\/fonsvinum.com\/en\/#\/schema\/logo\/image\/","url":"","contentUrl":"","caption":"Fons Vinum"},"image":{"@id":"https:\/\/fonsvinum.com\/en\/#\/schema\/logo\/image\/"}}]}},"acf":[],"_links":{"self":[{"href":"https:\/\/fonsvinum.com\/de\/wp-json\/wp\/v2\/product\/49246","targetHints":{"allow":["GET"]}}],"collection":[{"href":"https:\/\/fonsvinum.com\/de\/wp-json\/wp\/v2\/product"}],"about":[{"href":"https:\/\/fonsvinum.com\/de\/wp-json\/wp\/v2\/types\/product"}],"replies":[{"embeddable":true,"href":"https:\/\/fonsvinum.com\/de\/wp-json\/wp\/v2\/comments?post=49246"}],"wp:featuredmedia":[{"embeddable":true,"href":"https:\/\/fonsvinum.com\/de\/wp-json\/wp\/v2\/media\/49262"}],"wp:attachment":[{"href":"https:\/\/fonsvinum.com\/de\/wp-json\/wp\/v2\/media?parent=49246"}],"wp:term":[{"taxonomy":"product_brand","embeddable":true,"href":"https:\/\/fonsvinum.com\/de\/wp-json\/wp\/v2\/product_brand?post=49246"},{"taxonomy":"product_cat","embeddable":true,"href":"https:\/\/fonsvinum.com\/de\/wp-json\/wp\/v2\/product_cat?post=49246"},{"taxonomy":"product_tag","embeddable":true,"href":"https:\/\/fonsvinum.com\/de\/wp-json\/wp\/v2\/product_tag?post=49246"}],"curies":[{"name":"wp","href":"https:\/\/api.w.org\/{rel}","templated":true}]}}