{"id":49218,"date":"2026-03-31T06:45:55","date_gmt":"2026-03-31T04:45:55","guid":{"rendered":"https:\/\/fonsvinum.com\/?post_type=product&#038;p=49218"},"modified":"2026-03-31T06:52:33","modified_gmt":"2026-03-31T04:52:33","slug":"la-spinetta-barbaresco-valeirano-2018","status":"publish","type":"product","link":"https:\/\/fonsvinum.com\/de\/produkt\/la-spinetta-barbaresco-valeirano-2018\/","title":{"rendered":"LA SPINETTA Barbaresco Valeirano 2018"},"content":{"rendered":"<h1>LA <a href=\"https:\/\/www.la-spinetta.com\/\">SPINETTA<\/a> Barbaresco Valeirano 2018<\/h1>\n<h2>LA <a href=\"https:\/\/fonsvinum.com\/de\/?s=SPINETTA&amp;post_type=product\">SPINETTA<\/a><\/h2>\n<p>Wer sich f\u00fcr eine Karriere in der Weinwelt entscheidet, folgt meist einer Leidenschaft und geht nicht nur einem Beruf nach, um seinen Lebensunterhalt zu verdienen. So ist jeder bei LA SPINETTA ein Weinliebhaber, ob Rivetti oder nicht. Alle widmen sich mit Leidenschaft und Verst\u00e4ndnis der Herstellung gro\u00dfartiger Weine und leben die Philosophie, die jedem einzelnen Wein von LA SPINETTA zugrunde liegt.<\/p>\n<h2>BARBARESCO VALEIRANO<\/h2>\n<p>Der <a href=\"https:\/\/fonsvinum.com\/de\/attributes\/region\/\/piemonte-de\/\">Barbaresco<\/a> Valeirano ist ein Gem\u00e4lde der Langhe, das die Sch\u00f6nheit des prestigetr\u00e4chtigen piemontesischen Terroirs mit gro\u00dfer Pers\u00f6nlichkeit zum Ausdruck bringt.<\/p>\n<p>Weinberge: 46\u201352 Rebst\u00f6cke auf Lehmboden in S\u00fcdlage auf 450 m H\u00f6he<br \/>\nWeinbereitung: Alkoholische G\u00e4rung und Maischeg\u00e4rung f\u00fcr 7\u20138 Tage, anschlie\u00dfend malolaktische G\u00e4rung im Barrique<br \/>\nAusbau: 22 Monate im Barrique, 3 Monate im Stahltank und 12 Monate in der Flasche<\/p>\n<h3>\u2013 Verkostungsnotizen \u2013<\/h3>\n<p>Farbe: Rubinrot mit granatroten Reflexen<br \/>\nDuft: Intensive Aromen von orientalischen Gew\u00fcrzen, roter Beerenmarmelade, Kaffee und Lakritz<br \/>\nGeschmack: Tiefgr\u00fcndig, elegant und vollmundig mit kr\u00e4ftigen Tanninen und einem langen Abgang<\/p>\n","protected":false},"excerpt":{"rendered":"<p>LA SPINETTA Barbaresco Valeirano 2018 LA SPINETTA Wer sich f\u00fcr eine Karriere in der Weinwelt entscheidet, folgt meist einer Leidenschaft und geht nicht nur einem Beruf nach, um seinen Lebensunterhalt zu verdienen. So ist jeder bei LA SPINETTA ein Weinliebhaber, ob Rivetti oder nicht. Alle widmen sich mit Leidenschaft und Verst\u00e4ndnis der Herstellung gro\u00dfartiger Weine [&hellip;]<\/p>\n","protected":false},"featured_media":33491,"comment_status":"open","ping_status":"closed","template":"","meta":{"_acf_changed":false,"_monsterinsights_skip_tracking":false,"_monsterinsights_sitenote_active":false,"_monsterinsights_sitenote_note":"","_monsterinsights_sitenote_category":0},"product_brand":[],"product_cat":[1773],"product_tag":[15895,15893,15959],"class_list":{"0":"post-49218","1":"product","2":"type-product","3":"status-publish","4":"has-post-thumbnail","6":"product_cat-barbaresco-de","7":"product_tag-barbaresco-de-2","8":"product_tag-piemonte-de","9":"product_tag-vino-rosso-de","10":"pa_appellation-barbaresco-docg-de","11":"pa_formato-0-75-l-flasche-de","12":"pa_producer-la-spinetta-de","13":"pa_region-piemont-de","14":"pa_vine-100-nebbiolo-de","15":"pa_vintage-2018-de","17":"first","18":"instock","19":"taxable","20":"shipping-taxable","21":"purchasable","22":"product-type-simple"},"bundled_by":[],"bundle_stock_status":"instock","bundle_stock_quantity":9,"bundle_virtual":false,"bundle_layout":"","bundle_add_to_cart_form_location":"","bundle_editable_in_cart":false,"bundle_sold_individually_context":"","bundle_item_grouping":"","bundle_min_size":"","bundle_max_size":"","bundle_price":[],"bundled_items":[],"bundle_sell_ids":[],"yoast_head":"<!-- This site is optimized with the Yoast SEO plugin v27.2 - https:\/\/yoast.com\/product\/yoast-seo-wordpress\/ -->\n<title>LA SPINETTA Valeirano Barbaresco 2018 Fons Vinum<\/title>\n<meta name=\"description\" content=\"LA SPINETTA Valeirano Barbaresco 2018 Ab dem Jahrgang 1997 gibt es die Cru-Lagen Barbaresco Valeirano. Hier handelt es sich um die vielleicht\" \/>\n<meta name=\"robots\" content=\"index, follow, max-snippet:-1, max-image-preview:large, max-video-preview:-1\" \/>\n<link rel=\"canonical\" href=\"https:\/\/fonsvinum.com\/de\/produkt\/la-spinetta-barbaresco-valeirano-2018\/\" \/>\n<meta property=\"og:locale\" content=\"de_DE\" \/>\n<meta property=\"og:type\" content=\"article\" \/>\n<meta property=\"og:title\" content=\"LA SPINETTA Valeirano Barbaresco 2018 Fons Vinum\" \/>\n<meta property=\"og:description\" content=\"LA SPINETTA Valeirano Barbaresco 2018 Ab dem Jahrgang 1997 gibt es die Cru-Lagen Barbaresco Valeirano. Hier handelt es sich um die vielleicht\" \/>\n<meta property=\"og:url\" content=\"https:\/\/fonsvinum.com\/de\/produkt\/la-spinetta-barbaresco-valeirano-2018\/\" \/>\n<meta property=\"og:site_name\" content=\"Fons Vinum\" \/>\n<meta property=\"article:modified_time\" content=\"2026-03-31T04:52:33+00:00\" \/>\n<meta property=\"og:image\" content=\"https:\/\/fonsvinum.com\/files\/2021\/06\/barbaresco-valeirano-la-spinetta.jpg\" \/>\n\t<meta property=\"og:image:width\" content=\"200\" \/>\n\t<meta property=\"og:image:height\" content=\"600\" \/>\n\t<meta property=\"og:image:type\" content=\"image\/jpeg\" \/>\n<meta name=\"twitter:label1\" content=\"Gesch\u00e4tzte Lesezeit\" \/>\n\t<meta name=\"twitter:data1\" content=\"2\u00a0Minuten\" \/>\n<script type=\"application\/ld+json\" class=\"yoast-schema-graph\">{\"@context\":\"https:\/\/schema.org\",\"@graph\":[{\"@type\":\"WebPage\",\"@id\":\"https:\/\/fonsvinum.com\/de\/produkt\/la-spinetta-barbaresco-valeirano-2018\/\",\"url\":\"https:\/\/fonsvinum.com\/de\/produkt\/la-spinetta-barbaresco-valeirano-2018\/\",\"name\":\"LA SPINETTA Valeirano Barbaresco 2018 Fons Vinum\",\"isPartOf\":{\"@id\":\"https:\/\/fonsvinum.com\/en\/#website\"},\"primaryImageOfPage\":{\"@id\":\"https:\/\/fonsvinum.com\/de\/produkt\/la-spinetta-barbaresco-valeirano-2018\/#primaryimage\"},\"image\":{\"@id\":\"https:\/\/fonsvinum.com\/de\/produkt\/la-spinetta-barbaresco-valeirano-2018\/#primaryimage\"},\"thumbnailUrl\":\"https:\/\/fonsvinum.com\/files\/2021\/06\/barbaresco-valeirano-la-spinetta.jpg\",\"datePublished\":\"2026-03-31T04:45:55+00:00\",\"dateModified\":\"2026-03-31T04:52:33+00:00\",\"description\":\"LA SPINETTA Valeirano Barbaresco 2018 Ab dem Jahrgang 1997 gibt es die Cru-Lagen Barbaresco Valeirano. Hier handelt es sich um die vielleicht\",\"breadcrumb\":{\"@id\":\"https:\/\/fonsvinum.com\/de\/produkt\/la-spinetta-barbaresco-valeirano-2018\/#breadcrumb\"},\"inLanguage\":\"de\",\"potentialAction\":[{\"@type\":\"ReadAction\",\"target\":[\"https:\/\/fonsvinum.com\/de\/produkt\/la-spinetta-barbaresco-valeirano-2018\/\"]}]},{\"@type\":\"ImageObject\",\"inLanguage\":\"de\",\"@id\":\"https:\/\/fonsvinum.com\/de\/produkt\/la-spinetta-barbaresco-valeirano-2018\/#primaryimage\",\"url\":\"https:\/\/fonsvinum.com\/files\/2021\/06\/barbaresco-valeirano-la-spinetta.jpg\",\"contentUrl\":\"https:\/\/fonsvinum.com\/files\/2021\/06\/barbaresco-valeirano-la-spinetta.jpg\",\"width\":200,\"height\":600},{\"@type\":\"BreadcrumbList\",\"@id\":\"https:\/\/fonsvinum.com\/de\/produkt\/la-spinetta-barbaresco-valeirano-2018\/#breadcrumb\",\"itemListElement\":[{\"@type\":\"ListItem\",\"position\":1,\"name\":\"Startseite\",\"item\":\"https:\/\/fonsvinum.com\/de\/\"},{\"@type\":\"ListItem\",\"position\":2,\"name\":\"Shop\",\"item\":\"https:\/\/fonsvinum.com\/de\/shop\/\"},{\"@type\":\"ListItem\",\"position\":3,\"name\":\"LA SPINETTA Barbaresco Valeirano 2018\"}]},{\"@type\":\"WebSite\",\"@id\":\"https:\/\/fonsvinum.com\/en\/#website\",\"url\":\"https:\/\/fonsvinum.com\/en\/\",\"name\":\"Fons Vinum\",\"description\":\"Vendita Vino Online\",\"publisher\":{\"@id\":\"https:\/\/fonsvinum.com\/en\/#organization\"},\"potentialAction\":[{\"@type\":\"SearchAction\",\"target\":{\"@type\":\"EntryPoint\",\"urlTemplate\":\"https:\/\/fonsvinum.com\/en\/?s={search_term_string}\"},\"query-input\":{\"@type\":\"PropertyValueSpecification\",\"valueRequired\":true,\"valueName\":\"search_term_string\"}}],\"inLanguage\":\"de\"},{\"@type\":\"Organization\",\"@id\":\"https:\/\/fonsvinum.com\/en\/#organization\",\"name\":\"Fons Vinum\",\"url\":\"https:\/\/fonsvinum.com\/en\/\",\"logo\":{\"@type\":\"ImageObject\",\"inLanguage\":\"de\",\"@id\":\"https:\/\/fonsvinum.com\/en\/#\/schema\/logo\/image\/\",\"url\":\"\",\"contentUrl\":\"\",\"caption\":\"Fons Vinum\"},\"image\":{\"@id\":\"https:\/\/fonsvinum.com\/en\/#\/schema\/logo\/image\/\"}}]}<\/script>\n<!-- \/ Yoast SEO plugin. -->","yoast_head_json":{"title":"LA SPINETTA Valeirano Barbaresco 2018 Fons Vinum","description":"LA SPINETTA Valeirano Barbaresco 2018 Ab dem Jahrgang 1997 gibt es die Cru-Lagen Barbaresco Valeirano. Hier handelt es sich um die vielleicht","robots":{"index":"index","follow":"follow","max-snippet":"max-snippet:-1","max-image-preview":"max-image-preview:large","max-video-preview":"max-video-preview:-1"},"canonical":"https:\/\/fonsvinum.com\/de\/produkt\/la-spinetta-barbaresco-valeirano-2018\/","og_locale":"de_DE","og_type":"article","og_title":"LA SPINETTA Valeirano Barbaresco 2018 Fons Vinum","og_description":"LA SPINETTA Valeirano Barbaresco 2018 Ab dem Jahrgang 1997 gibt es die Cru-Lagen Barbaresco Valeirano. Hier handelt es sich um die vielleicht","og_url":"https:\/\/fonsvinum.com\/de\/produkt\/la-spinetta-barbaresco-valeirano-2018\/","og_site_name":"Fons Vinum","article_modified_time":"2026-03-31T04:52:33+00:00","og_image":[{"width":200,"height":600,"url":"https:\/\/fonsvinum.com\/files\/2021\/06\/barbaresco-valeirano-la-spinetta.jpg","type":"image\/jpeg"}],"twitter_misc":{"Gesch\u00e4tzte Lesezeit":"2\u00a0Minuten"},"schema":{"@context":"https:\/\/schema.org","@graph":[{"@type":"WebPage","@id":"https:\/\/fonsvinum.com\/de\/produkt\/la-spinetta-barbaresco-valeirano-2018\/","url":"https:\/\/fonsvinum.com\/de\/produkt\/la-spinetta-barbaresco-valeirano-2018\/","name":"LA SPINETTA Valeirano Barbaresco 2018 Fons Vinum","isPartOf":{"@id":"https:\/\/fonsvinum.com\/en\/#website"},"primaryImageOfPage":{"@id":"https:\/\/fonsvinum.com\/de\/produkt\/la-spinetta-barbaresco-valeirano-2018\/#primaryimage"},"image":{"@id":"https:\/\/fonsvinum.com\/de\/produkt\/la-spinetta-barbaresco-valeirano-2018\/#primaryimage"},"thumbnailUrl":"https:\/\/fonsvinum.com\/files\/2021\/06\/barbaresco-valeirano-la-spinetta.jpg","datePublished":"2026-03-31T04:45:55+00:00","dateModified":"2026-03-31T04:52:33+00:00","description":"LA SPINETTA Valeirano Barbaresco 2018 Ab dem Jahrgang 1997 gibt es die Cru-Lagen Barbaresco Valeirano. Hier handelt es sich um die vielleicht","breadcrumb":{"@id":"https:\/\/fonsvinum.com\/de\/produkt\/la-spinetta-barbaresco-valeirano-2018\/#breadcrumb"},"inLanguage":"de","potentialAction":[{"@type":"ReadAction","target":["https:\/\/fonsvinum.com\/de\/produkt\/la-spinetta-barbaresco-valeirano-2018\/"]}]},{"@type":"ImageObject","inLanguage":"de","@id":"https:\/\/fonsvinum.com\/de\/produkt\/la-spinetta-barbaresco-valeirano-2018\/#primaryimage","url":"https:\/\/fonsvinum.com\/files\/2021\/06\/barbaresco-valeirano-la-spinetta.jpg","contentUrl":"https:\/\/fonsvinum.com\/files\/2021\/06\/barbaresco-valeirano-la-spinetta.jpg","width":200,"height":600},{"@type":"BreadcrumbList","@id":"https:\/\/fonsvinum.com\/de\/produkt\/la-spinetta-barbaresco-valeirano-2018\/#breadcrumb","itemListElement":[{"@type":"ListItem","position":1,"name":"Startseite","item":"https:\/\/fonsvinum.com\/de\/"},{"@type":"ListItem","position":2,"name":"Shop","item":"https:\/\/fonsvinum.com\/de\/shop\/"},{"@type":"ListItem","position":3,"name":"LA SPINETTA Barbaresco Valeirano 2018"}]},{"@type":"WebSite","@id":"https:\/\/fonsvinum.com\/en\/#website","url":"https:\/\/fonsvinum.com\/en\/","name":"Fons Vinum","description":"Vendita Vino Online","publisher":{"@id":"https:\/\/fonsvinum.com\/en\/#organization"},"potentialAction":[{"@type":"SearchAction","target":{"@type":"EntryPoint","urlTemplate":"https:\/\/fonsvinum.com\/en\/?s={search_term_string}"},"query-input":{"@type":"PropertyValueSpecification","valueRequired":true,"valueName":"search_term_string"}}],"inLanguage":"de"},{"@type":"Organization","@id":"https:\/\/fonsvinum.com\/en\/#organization","name":"Fons Vinum","url":"https:\/\/fonsvinum.com\/en\/","logo":{"@type":"ImageObject","inLanguage":"de","@id":"https:\/\/fonsvinum.com\/en\/#\/schema\/logo\/image\/","url":"","contentUrl":"","caption":"Fons Vinum"},"image":{"@id":"https:\/\/fonsvinum.com\/en\/#\/schema\/logo\/image\/"}}]}},"acf":[],"_links":{"self":[{"href":"https:\/\/fonsvinum.com\/de\/wp-json\/wp\/v2\/product\/49218","targetHints":{"allow":["GET"]}}],"collection":[{"href":"https:\/\/fonsvinum.com\/de\/wp-json\/wp\/v2\/product"}],"about":[{"href":"https:\/\/fonsvinum.com\/de\/wp-json\/wp\/v2\/types\/product"}],"replies":[{"embeddable":true,"href":"https:\/\/fonsvinum.com\/de\/wp-json\/wp\/v2\/comments?post=49218"}],"wp:featuredmedia":[{"embeddable":true,"href":"https:\/\/fonsvinum.com\/de\/wp-json\/wp\/v2\/media\/33491"}],"wp:attachment":[{"href":"https:\/\/fonsvinum.com\/de\/wp-json\/wp\/v2\/media?parent=49218"}],"wp:term":[{"taxonomy":"product_brand","embeddable":true,"href":"https:\/\/fonsvinum.com\/de\/wp-json\/wp\/v2\/product_brand?post=49218"},{"taxonomy":"product_cat","embeddable":true,"href":"https:\/\/fonsvinum.com\/de\/wp-json\/wp\/v2\/product_cat?post=49218"},{"taxonomy":"product_tag","embeddable":true,"href":"https:\/\/fonsvinum.com\/de\/wp-json\/wp\/v2\/product_tag?post=49218"}],"curies":[{"name":"wp","href":"https:\/\/api.w.org\/{rel}","templated":true}]}}