{"id":49208,"date":"2026-03-29T09:02:16","date_gmt":"2026-03-29T07:02:16","guid":{"rendered":"https:\/\/fonsvinum.com\/?post_type=product&#038;p=49208"},"modified":"2026-03-29T09:09:28","modified_gmt":"2026-03-29T07:09:28","slug":"la-spinetta-barbaresco-starderi-2022","status":"publish","type":"product","link":"https:\/\/fonsvinum.com\/de\/produkt\/la-spinetta-barbaresco-starderi-2022\/","title":{"rendered":"LA SPINETTA Barbaresco Starderi 2022"},"content":{"rendered":"<h1><a href=\"https:\/\/fonsvinum.com\/de\/?s=LA+SPINETTA&amp;post_type=product\">LA SPINETTA <\/a><a href=\"https:\/\/fonsvinum.com\/de\/?s=BARBARESCO&amp;post_type=product\">Barbaresco<\/a> Starderi 2022<\/h1>\n<h2>LA <a href=\"https:\/\/www.la-spinetta.com\/\">SPINETTA<\/a><\/h2>\n<p>La Spinetta, ein f\u00fchrendes Weingut in der Langhe und im Asti-Gebiet, wurde 1977 von Giuseppe und Lidia Rivetti gegr\u00fcndet.<\/p>\n<p>Giovanni Rivetti war jedoch bereits 1890 nach Argentinien ausgewandert. Er tr\u00e4umte davon, sein Gl\u00fcck zu machen und dann in seine Heimat zur\u00fcckzukehren, um ein bedeutender Weinproduzent zu werden.<\/p>\n<p>Sein Sohn Giuseppe verwirklichte diesen Traum. Er erwarb die ersten Weinberge und begann mit der Produktion von Moscato d&#8217;Asti, einem unkomplizierten, leichten Wein, der hervorragend zu Desserts passt. In den folgenden Jahren begann die Familie Rivetti erfolgreich mit der Produktion von Rotweinen, insbesondere Barbera und Barbaresco, die im Jahr 2000 mit der Entstehung eines der renommiertesten Barolos der Region, Camp\u00e8, ihren H\u00f6hepunkt erreichte.<\/p>\n<p>Alle Weine von La Spinetta sind das Ergebnis langj\u00e4hriger und sorgf\u00e4ltiger Arbeit mit den einheimischen Rebsorten der Region. Es ist in der Tat eine Reise, die im Weinberg beginnt und sich erst im Keller fortsetzt.<\/p>\n<p>Tats\u00e4chlich ist man \u00fcberzeugt, dass f\u00fcr herausragende Ergebnisse 90 % der Arbeit dem Boden und nur die restlichen 10 % der Weinherstellung und -reifung gewidmet sein m\u00fcssen.<\/p>\n<h2>BARBARESCO STARDERI<\/h2>\n<p>Kraftvoll, ausgewogen, vollmundig<\/p>\n<p>Ein Barbaresco mit au\u00dfergew\u00f6hnlicher Balance zwischen Tanninen und S\u00e4ure, mit einem ausgepr\u00e4gten Charakter und solider Struktur. Zarte Aromen von Pflaume und reifen Fr\u00fcchten machen Starderi jung schon sehr genussvoll, sein volles Potenzial entfaltet er jedoch erst nach einigen Jahren Flaschenreife.<\/p>\n<h3>-Weinbereitung-<\/h3>\n<p>Mazeration und alkoholische G\u00e4rung in temperaturkontrollierten Tanks f\u00fcr durchschnittlich 14\u201315 Tage. Malolaktische G\u00e4rung in franz\u00f6sischen Eichenf\u00e4ssern (20 % neu, Rest gebraucht), anschlie\u00dfende Reifung f\u00fcr 20\u201322 Monate. Flaschenreifung f\u00fcr ca. 6 Monate.<\/p>\n<h3>-Speisenempfehlungen-<\/h3>\n<p>Geschmortes Rindfleisch in Nebbiolo mit Polenta, gebratenes Zicklein mit Kartoffeln.<\/p>\n<h3>-Verkostungsnotizen-<\/h3>\n<p>Farbe: Rubinrot mit granatroten Reflexen<br \/>\nDuft: Tiefgr\u00fcndig, intensiv und mineralisch mit Noten von Waldbeerenmarmelade, Wurzeln, Weihrauch und s\u00fc\u00dfen Gew\u00fcrzen<br \/>\nGeschmack: Reichhaltig, vollmundig, kraftvoll und strukturiert mit weichen, seidigen Tanninen<\/p>\n","protected":false},"excerpt":{"rendered":"<p>LA SPINETTA Barbaresco Starderi 2022 LA SPINETTA La Spinetta, ein f\u00fchrendes Weingut in der Langhe und im Asti-Gebiet, wurde 1977 von Giuseppe und Lidia Rivetti gegr\u00fcndet. Giovanni Rivetti war jedoch bereits 1890 nach Argentinien ausgewandert. Er tr\u00e4umte davon, sein Gl\u00fcck zu machen und dann in seine Heimat zur\u00fcckzukehren, um ein bedeutender Weinproduzent zu werden. Sein [&hellip;]<\/p>\n","protected":false},"featured_media":33700,"comment_status":"open","ping_status":"closed","template":"","meta":{"_acf_changed":false,"_monsterinsights_skip_tracking":false,"_monsterinsights_sitenote_active":false,"_monsterinsights_sitenote_note":"","_monsterinsights_sitenote_category":0},"product_brand":[],"product_cat":[1773],"product_tag":[15895,15893,15959],"class_list":{"0":"post-49208","1":"product","2":"type-product","3":"status-publish","4":"has-post-thumbnail","6":"product_cat-barbaresco-de","7":"product_tag-barbaresco-de-2","8":"product_tag-piemonte-de","9":"product_tag-vino-rosso-de","10":"pa_appellation-barbaresco-docg-de","11":"pa_formato-0-75-l-flasche-de","12":"pa_producer-la-spinetta-de","13":"pa_region-piemont-de","14":"pa_vine-100-nebbiolo-de","15":"pa_vintage-18397","17":"first","18":"instock","19":"taxable","20":"shipping-taxable","21":"purchasable","22":"product-type-simple"},"bundled_by":[],"bundle_stock_status":"instock","bundle_stock_quantity":4,"bundle_virtual":false,"bundle_layout":"","bundle_add_to_cart_form_location":"","bundle_editable_in_cart":false,"bundle_sold_individually_context":"","bundle_item_grouping":"","bundle_min_size":"","bundle_max_size":"","bundle_price":[],"bundled_items":[],"bundle_sell_ids":[],"yoast_head":"<!-- This site is optimized with the Yoast SEO plugin v27.2 - https:\/\/yoast.com\/product\/yoast-seo-wordpress\/ -->\n<title>LA SPINETTA Starderi Barbaresco 2022 Fons Vinum<\/title>\n<meta name=\"description\" content=\"Kaufen online LA SPINETTA Starderi Barbaresco 2022 - FonsVinum\" \/>\n<meta name=\"robots\" content=\"index, follow, max-snippet:-1, max-image-preview:large, max-video-preview:-1\" \/>\n<link rel=\"canonical\" href=\"https:\/\/fonsvinum.com\/de\/produkt\/la-spinetta-barbaresco-starderi-2022\/\" \/>\n<meta property=\"og:locale\" content=\"de_DE\" \/>\n<meta property=\"og:type\" content=\"article\" \/>\n<meta property=\"og:title\" content=\"LA SPINETTA Starderi Barbaresco 2022 Fons Vinum\" \/>\n<meta property=\"og:description\" content=\"Kaufen online LA SPINETTA Starderi Barbaresco 2022 - FonsVinum\" \/>\n<meta property=\"og:url\" content=\"https:\/\/fonsvinum.com\/de\/produkt\/la-spinetta-barbaresco-starderi-2022\/\" \/>\n<meta property=\"og:site_name\" content=\"Fons Vinum\" \/>\n<meta property=\"article:modified_time\" content=\"2026-03-29T07:09:28+00:00\" \/>\n<meta property=\"og:image\" content=\"https:\/\/fonsvinum.com\/files\/2021\/06\/barbaresco-starderi-la-spinetta-intera.jpg\" \/>\n\t<meta property=\"og:image:width\" content=\"200\" \/>\n\t<meta property=\"og:image:height\" content=\"600\" \/>\n\t<meta property=\"og:image:type\" content=\"image\/jpeg\" \/>\n<meta name=\"twitter:label1\" content=\"Gesch\u00e4tzte Lesezeit\" \/>\n\t<meta name=\"twitter:data1\" content=\"2\u00a0Minuten\" \/>\n<script type=\"application\/ld+json\" class=\"yoast-schema-graph\">{\"@context\":\"https:\/\/schema.org\",\"@graph\":[{\"@type\":\"WebPage\",\"@id\":\"https:\/\/fonsvinum.com\/de\/produkt\/la-spinetta-barbaresco-starderi-2022\/\",\"url\":\"https:\/\/fonsvinum.com\/de\/produkt\/la-spinetta-barbaresco-starderi-2022\/\",\"name\":\"LA SPINETTA Starderi Barbaresco 2022 Fons Vinum\",\"isPartOf\":{\"@id\":\"https:\/\/fonsvinum.com\/en\/#website\"},\"primaryImageOfPage\":{\"@id\":\"https:\/\/fonsvinum.com\/de\/produkt\/la-spinetta-barbaresco-starderi-2022\/#primaryimage\"},\"image\":{\"@id\":\"https:\/\/fonsvinum.com\/de\/produkt\/la-spinetta-barbaresco-starderi-2022\/#primaryimage\"},\"thumbnailUrl\":\"https:\/\/fonsvinum.com\/files\/2021\/06\/barbaresco-starderi-la-spinetta-intera.jpg\",\"datePublished\":\"2026-03-29T07:02:16+00:00\",\"dateModified\":\"2026-03-29T07:09:28+00:00\",\"description\":\"Kaufen online LA SPINETTA Starderi Barbaresco 2022 - FonsVinum\",\"breadcrumb\":{\"@id\":\"https:\/\/fonsvinum.com\/de\/produkt\/la-spinetta-barbaresco-starderi-2022\/#breadcrumb\"},\"inLanguage\":\"de\",\"potentialAction\":[{\"@type\":\"ReadAction\",\"target\":[\"https:\/\/fonsvinum.com\/de\/produkt\/la-spinetta-barbaresco-starderi-2022\/\"]}]},{\"@type\":\"ImageObject\",\"inLanguage\":\"de\",\"@id\":\"https:\/\/fonsvinum.com\/de\/produkt\/la-spinetta-barbaresco-starderi-2022\/#primaryimage\",\"url\":\"https:\/\/fonsvinum.com\/files\/2021\/06\/barbaresco-starderi-la-spinetta-intera.jpg\",\"contentUrl\":\"https:\/\/fonsvinum.com\/files\/2021\/06\/barbaresco-starderi-la-spinetta-intera.jpg\",\"width\":200,\"height\":600},{\"@type\":\"BreadcrumbList\",\"@id\":\"https:\/\/fonsvinum.com\/de\/produkt\/la-spinetta-barbaresco-starderi-2022\/#breadcrumb\",\"itemListElement\":[{\"@type\":\"ListItem\",\"position\":1,\"name\":\"Startseite\",\"item\":\"https:\/\/fonsvinum.com\/de\/\"},{\"@type\":\"ListItem\",\"position\":2,\"name\":\"Shop\",\"item\":\"https:\/\/fonsvinum.com\/de\/shop\/\"},{\"@type\":\"ListItem\",\"position\":3,\"name\":\"LA SPINETTA Barbaresco Starderi 2022\"}]},{\"@type\":\"WebSite\",\"@id\":\"https:\/\/fonsvinum.com\/en\/#website\",\"url\":\"https:\/\/fonsvinum.com\/en\/\",\"name\":\"Fons Vinum\",\"description\":\"Vendita Vino Online\",\"publisher\":{\"@id\":\"https:\/\/fonsvinum.com\/en\/#organization\"},\"potentialAction\":[{\"@type\":\"SearchAction\",\"target\":{\"@type\":\"EntryPoint\",\"urlTemplate\":\"https:\/\/fonsvinum.com\/en\/?s={search_term_string}\"},\"query-input\":{\"@type\":\"PropertyValueSpecification\",\"valueRequired\":true,\"valueName\":\"search_term_string\"}}],\"inLanguage\":\"de\"},{\"@type\":\"Organization\",\"@id\":\"https:\/\/fonsvinum.com\/en\/#organization\",\"name\":\"Fons Vinum\",\"url\":\"https:\/\/fonsvinum.com\/en\/\",\"logo\":{\"@type\":\"ImageObject\",\"inLanguage\":\"de\",\"@id\":\"https:\/\/fonsvinum.com\/en\/#\/schema\/logo\/image\/\",\"url\":\"\",\"contentUrl\":\"\",\"caption\":\"Fons Vinum\"},\"image\":{\"@id\":\"https:\/\/fonsvinum.com\/en\/#\/schema\/logo\/image\/\"}}]}<\/script>\n<!-- \/ Yoast SEO plugin. -->","yoast_head_json":{"title":"LA SPINETTA Starderi Barbaresco 2022 Fons Vinum","description":"Kaufen online LA SPINETTA Starderi Barbaresco 2022 - FonsVinum","robots":{"index":"index","follow":"follow","max-snippet":"max-snippet:-1","max-image-preview":"max-image-preview:large","max-video-preview":"max-video-preview:-1"},"canonical":"https:\/\/fonsvinum.com\/de\/produkt\/la-spinetta-barbaresco-starderi-2022\/","og_locale":"de_DE","og_type":"article","og_title":"LA SPINETTA Starderi Barbaresco 2022 Fons Vinum","og_description":"Kaufen online LA SPINETTA Starderi Barbaresco 2022 - FonsVinum","og_url":"https:\/\/fonsvinum.com\/de\/produkt\/la-spinetta-barbaresco-starderi-2022\/","og_site_name":"Fons Vinum","article_modified_time":"2026-03-29T07:09:28+00:00","og_image":[{"width":200,"height":600,"url":"https:\/\/fonsvinum.com\/files\/2021\/06\/barbaresco-starderi-la-spinetta-intera.jpg","type":"image\/jpeg"}],"twitter_misc":{"Gesch\u00e4tzte Lesezeit":"2\u00a0Minuten"},"schema":{"@context":"https:\/\/schema.org","@graph":[{"@type":"WebPage","@id":"https:\/\/fonsvinum.com\/de\/produkt\/la-spinetta-barbaresco-starderi-2022\/","url":"https:\/\/fonsvinum.com\/de\/produkt\/la-spinetta-barbaresco-starderi-2022\/","name":"LA SPINETTA Starderi Barbaresco 2022 Fons Vinum","isPartOf":{"@id":"https:\/\/fonsvinum.com\/en\/#website"},"primaryImageOfPage":{"@id":"https:\/\/fonsvinum.com\/de\/produkt\/la-spinetta-barbaresco-starderi-2022\/#primaryimage"},"image":{"@id":"https:\/\/fonsvinum.com\/de\/produkt\/la-spinetta-barbaresco-starderi-2022\/#primaryimage"},"thumbnailUrl":"https:\/\/fonsvinum.com\/files\/2021\/06\/barbaresco-starderi-la-spinetta-intera.jpg","datePublished":"2026-03-29T07:02:16+00:00","dateModified":"2026-03-29T07:09:28+00:00","description":"Kaufen online LA SPINETTA Starderi Barbaresco 2022 - FonsVinum","breadcrumb":{"@id":"https:\/\/fonsvinum.com\/de\/produkt\/la-spinetta-barbaresco-starderi-2022\/#breadcrumb"},"inLanguage":"de","potentialAction":[{"@type":"ReadAction","target":["https:\/\/fonsvinum.com\/de\/produkt\/la-spinetta-barbaresco-starderi-2022\/"]}]},{"@type":"ImageObject","inLanguage":"de","@id":"https:\/\/fonsvinum.com\/de\/produkt\/la-spinetta-barbaresco-starderi-2022\/#primaryimage","url":"https:\/\/fonsvinum.com\/files\/2021\/06\/barbaresco-starderi-la-spinetta-intera.jpg","contentUrl":"https:\/\/fonsvinum.com\/files\/2021\/06\/barbaresco-starderi-la-spinetta-intera.jpg","width":200,"height":600},{"@type":"BreadcrumbList","@id":"https:\/\/fonsvinum.com\/de\/produkt\/la-spinetta-barbaresco-starderi-2022\/#breadcrumb","itemListElement":[{"@type":"ListItem","position":1,"name":"Startseite","item":"https:\/\/fonsvinum.com\/de\/"},{"@type":"ListItem","position":2,"name":"Shop","item":"https:\/\/fonsvinum.com\/de\/shop\/"},{"@type":"ListItem","position":3,"name":"LA SPINETTA Barbaresco Starderi 2022"}]},{"@type":"WebSite","@id":"https:\/\/fonsvinum.com\/en\/#website","url":"https:\/\/fonsvinum.com\/en\/","name":"Fons Vinum","description":"Vendita Vino Online","publisher":{"@id":"https:\/\/fonsvinum.com\/en\/#organization"},"potentialAction":[{"@type":"SearchAction","target":{"@type":"EntryPoint","urlTemplate":"https:\/\/fonsvinum.com\/en\/?s={search_term_string}"},"query-input":{"@type":"PropertyValueSpecification","valueRequired":true,"valueName":"search_term_string"}}],"inLanguage":"de"},{"@type":"Organization","@id":"https:\/\/fonsvinum.com\/en\/#organization","name":"Fons Vinum","url":"https:\/\/fonsvinum.com\/en\/","logo":{"@type":"ImageObject","inLanguage":"de","@id":"https:\/\/fonsvinum.com\/en\/#\/schema\/logo\/image\/","url":"","contentUrl":"","caption":"Fons Vinum"},"image":{"@id":"https:\/\/fonsvinum.com\/en\/#\/schema\/logo\/image\/"}}]}},"acf":[],"_links":{"self":[{"href":"https:\/\/fonsvinum.com\/de\/wp-json\/wp\/v2\/product\/49208","targetHints":{"allow":["GET"]}}],"collection":[{"href":"https:\/\/fonsvinum.com\/de\/wp-json\/wp\/v2\/product"}],"about":[{"href":"https:\/\/fonsvinum.com\/de\/wp-json\/wp\/v2\/types\/product"}],"replies":[{"embeddable":true,"href":"https:\/\/fonsvinum.com\/de\/wp-json\/wp\/v2\/comments?post=49208"}],"wp:featuredmedia":[{"embeddable":true,"href":"https:\/\/fonsvinum.com\/de\/wp-json\/wp\/v2\/media\/33700"}],"wp:attachment":[{"href":"https:\/\/fonsvinum.com\/de\/wp-json\/wp\/v2\/media?parent=49208"}],"wp:term":[{"taxonomy":"product_brand","embeddable":true,"href":"https:\/\/fonsvinum.com\/de\/wp-json\/wp\/v2\/product_brand?post=49208"},{"taxonomy":"product_cat","embeddable":true,"href":"https:\/\/fonsvinum.com\/de\/wp-json\/wp\/v2\/product_cat?post=49208"},{"taxonomy":"product_tag","embeddable":true,"href":"https:\/\/fonsvinum.com\/de\/wp-json\/wp\/v2\/product_tag?post=49208"}],"curies":[{"name":"wp","href":"https:\/\/api.w.org\/{rel}","templated":true}]}}