{"id":49192,"date":"2026-03-27T07:05:32","date_gmt":"2026-03-27T06:05:32","guid":{"rendered":"https:\/\/fonsvinum.com\/?post_type=product&#038;p=49192"},"modified":"2026-03-27T07:10:36","modified_gmt":"2026-03-27T06:10:36","slug":"langhe-rosso-arte-domenico-clerico-2022","status":"publish","type":"product","link":"https:\/\/fonsvinum.com\/de\/produkt\/langhe-rosso-arte-domenico-clerico-2022\/","title":{"rendered":"LANGHE ROSSO ARTE DOMENICO CLERICO 2022"},"content":{"rendered":"<h1>LANGHE ROSSO ARTE <a href=\"https:\/\/domenicoclerico.com\/\">DOMENICO CLERICO<\/a> 2022<\/h1>\n<p>Das Weingut von Domenico <a href=\"https:\/\/fonsvinum.com\/de\/?s=CLERICO&amp;post_type=product\">Clerico<\/a> wurde 1978 in Monforte d&#8217;Alba, im Herzen der Langhe, gegr\u00fcndet. Er erbte von seinem Vater einen drei Hektar gro\u00dfen Weinberg und einen kleinen Bauernhof, der bis dahin nur f\u00fcr den Anbau von Weinreben und Obstb\u00e4umen genutzt worden war.<\/p>\n<p>Domenico liebt sein Land und ist sich seines enormen Potenzials bewusst. Er beschloss, selbst Wein zu produzieren und begann, Weinberge in den besten Lagen der Region zu erwerben, die mit Nebbiolo bepflanzt waren.<\/p>\n<p>Er h\u00f6rte auf den Rat der alten Herren, die ihr Leben lang zwischen den Rebzeilen verbracht hatten, und suchte nach Land zwischen 150 und 450 Metern \u00fcber dem Meeresspiegel mit S\u00fcdwestausrichtung. Denn die Erfahrung von Generation zu Generation lehrte, dass dies die besten Bedingungen f\u00fcr gute Trauben sind. So kaufte er 1977 einen kleinen Weinberg im Herzen von Bussia, dann weitere 83 Hektar in der Lage Ginestra und 1995 den dritten Weinberg in der Lage Mosconi.<\/p>\n<p>Die Weine sind Barolo-Variationen, jede auf ihre Art einzigartig und charakterisiert pr\u00e4zise die jeweiligen Terroirs wie Ciabot Mentin, Pajana, Percristina und Aeroplanservaj. Viel M\u00fche, harte Arbeit im Weinberg und im Keller sowie der unerm\u00fcdliche Wunsch nach st\u00e4ndiger Verbesserung haben das Weingut von Domenico Clerico zu einem international anerkannten Weingut gemacht.<\/p>\n<h2><a href=\"https:\/\/fonsvinum.com\/de\/attributes\/region\/\/piemonte-de\/\">LANGHE<\/a> ROSSO ARTE<\/h2>\n<p><strong>Weinberge:<\/strong> In den Gebieten Ginestra, Pajana und Mosconi (Piemont).<br \/>\n<strong>Vinifizierung:<\/strong> Maischeg\u00e4rung im Rotationsfermenter: 10\u201312 Tage f\u00fcr Barbera, 12\u201314 Tage f\u00fcr Nebbiolo.<\/p>\n<p><strong>Ausbau:<\/strong> 16\u201318 Monate in neuen franz\u00f6sischen Eichenf\u00e4ssern.<\/p>\n<p><strong>Farbe<\/strong>: Klares Granatrot.<\/p>\n<p><strong>Duft:<\/strong> Intensiv und anhaltend, mit zarten Aromen von Veilchen, Kirsche und Brombeere, Vanille, Kakao und Tabak.<\/p>\n<p><strong>Geschmack:<\/strong> Trocken, warm, vollmundig, angenehm frisch, feine Tannine, unaufdringlich, fast weich, ausgewogen, intensiv und lang anhaltend.<br \/>\nPasst zu: Fleisch und K\u00e4se.<\/p>\n","protected":false},"excerpt":{"rendered":"<p>LANGHE ROSSO ARTE DOMENICO CLERICO 2022 Das Weingut von Domenico Clerico wurde 1978 in Monforte d&#8217;Alba, im Herzen der Langhe, gegr\u00fcndet. Er erbte von seinem Vater einen drei Hektar gro\u00dfen Weinberg und einen kleinen Bauernhof, der bis dahin nur f\u00fcr den Anbau von Weinreben und Obstb\u00e4umen genutzt worden war. Domenico liebt sein Land und ist [&hellip;]<\/p>\n","protected":false},"featured_media":23844,"comment_status":"open","ping_status":"closed","template":"","meta":{"_acf_changed":false,"_monsterinsights_skip_tracking":false,"_monsterinsights_sitenote_active":false,"_monsterinsights_sitenote_note":"","_monsterinsights_sitenote_category":0},"product_brand":[],"product_cat":[1693],"product_tag":[1751,2418,15893],"class_list":{"0":"post-49192","1":"product","2":"type-product","3":"status-publish","4":"has-post-thumbnail","6":"product_cat-blend-2-de","7":"product_tag-aussergewoehnliche-weine-aus-italien-de","8":"product_tag-kleine-weinzeuger-de","9":"product_tag-piemonte-de","10":"pa_appellation-langhe-rosso-doc-de","11":"pa_formato-0-75-l-flasche-de","12":"pa_producer-domenico-clerico-de","13":"pa_region-piemont-de","14":"pa_vine-10-barbera-90-nebbiolo-de","15":"pa_vintage-18397","17":"first","18":"instock","19":"taxable","20":"shipping-taxable","21":"purchasable","22":"product-type-simple"},"bundled_by":[],"bundle_stock_status":"instock","bundle_stock_quantity":12,"bundle_virtual":false,"bundle_layout":"","bundle_add_to_cart_form_location":"","bundle_editable_in_cart":false,"bundle_sold_individually_context":"","bundle_item_grouping":"","bundle_min_size":"","bundle_max_size":"","bundle_price":[],"bundled_items":[],"bundle_sell_ids":[],"yoast_head":"<!-- This site is optimized with the Yoast SEO plugin v27.2 - https:\/\/yoast.com\/product\/yoast-seo-wordpress\/ -->\n<title>LANGHE ROSSO ARTE DOMENICO CLERICO 2022 kaufen<\/title>\n<meta name=\"description\" content=\"LANGHE ROSSO ARTE DOMENICO CLERICO 2022\" \/>\n<meta name=\"robots\" content=\"index, follow, max-snippet:-1, max-image-preview:large, max-video-preview:-1\" \/>\n<link rel=\"canonical\" href=\"https:\/\/fonsvinum.com\/de\/produkt\/langhe-rosso-arte-domenico-clerico-2022\/\" \/>\n<meta property=\"og:locale\" content=\"de_DE\" \/>\n<meta property=\"og:type\" content=\"article\" \/>\n<meta property=\"og:title\" content=\"LANGHE ROSSO ARTE DOMENICO CLERICO 2022 kaufen\" \/>\n<meta property=\"og:description\" content=\"LANGHE ROSSO ARTE DOMENICO CLERICO 2022\" \/>\n<meta property=\"og:url\" content=\"https:\/\/fonsvinum.com\/de\/produkt\/langhe-rosso-arte-domenico-clerico-2022\/\" \/>\n<meta property=\"og:site_name\" content=\"Fons Vinum\" \/>\n<meta property=\"article:modified_time\" content=\"2026-03-27T06:10:36+00:00\" \/>\n<meta property=\"og:image\" content=\"https:\/\/fonsvinum.com\/files\/2020\/04\/langhe-rosso-arte-clerico-domenico.jpg\" \/>\n\t<meta property=\"og:image:width\" content=\"200\" \/>\n\t<meta property=\"og:image:height\" content=\"600\" \/>\n\t<meta property=\"og:image:type\" content=\"image\/jpeg\" \/>\n<meta name=\"twitter:label1\" content=\"Gesch\u00e4tzte Lesezeit\" \/>\n\t<meta name=\"twitter:data1\" content=\"2\u00a0Minuten\" \/>\n<script type=\"application\/ld+json\" class=\"yoast-schema-graph\">{\"@context\":\"https:\/\/schema.org\",\"@graph\":[{\"@type\":\"WebPage\",\"@id\":\"https:\/\/fonsvinum.com\/de\/produkt\/langhe-rosso-arte-domenico-clerico-2022\/\",\"url\":\"https:\/\/fonsvinum.com\/de\/produkt\/langhe-rosso-arte-domenico-clerico-2022\/\",\"name\":\"LANGHE ROSSO ARTE DOMENICO CLERICO 2022 kaufen\",\"isPartOf\":{\"@id\":\"https:\/\/fonsvinum.com\/en\/#website\"},\"primaryImageOfPage\":{\"@id\":\"https:\/\/fonsvinum.com\/de\/produkt\/langhe-rosso-arte-domenico-clerico-2022\/#primaryimage\"},\"image\":{\"@id\":\"https:\/\/fonsvinum.com\/de\/produkt\/langhe-rosso-arte-domenico-clerico-2022\/#primaryimage\"},\"thumbnailUrl\":\"https:\/\/fonsvinum.com\/files\/2020\/04\/langhe-rosso-arte-clerico-domenico.jpg\",\"datePublished\":\"2026-03-27T06:05:32+00:00\",\"dateModified\":\"2026-03-27T06:10:36+00:00\",\"description\":\"LANGHE ROSSO ARTE DOMENICO CLERICO 2022\",\"breadcrumb\":{\"@id\":\"https:\/\/fonsvinum.com\/de\/produkt\/langhe-rosso-arte-domenico-clerico-2022\/#breadcrumb\"},\"inLanguage\":\"de\",\"potentialAction\":[{\"@type\":\"ReadAction\",\"target\":[\"https:\/\/fonsvinum.com\/de\/produkt\/langhe-rosso-arte-domenico-clerico-2022\/\"]}]},{\"@type\":\"ImageObject\",\"inLanguage\":\"de\",\"@id\":\"https:\/\/fonsvinum.com\/de\/produkt\/langhe-rosso-arte-domenico-clerico-2022\/#primaryimage\",\"url\":\"https:\/\/fonsvinum.com\/files\/2020\/04\/langhe-rosso-arte-clerico-domenico.jpg\",\"contentUrl\":\"https:\/\/fonsvinum.com\/files\/2020\/04\/langhe-rosso-arte-clerico-domenico.jpg\",\"width\":200,\"height\":600},{\"@type\":\"BreadcrumbList\",\"@id\":\"https:\/\/fonsvinum.com\/de\/produkt\/langhe-rosso-arte-domenico-clerico-2022\/#breadcrumb\",\"itemListElement\":[{\"@type\":\"ListItem\",\"position\":1,\"name\":\"Startseite\",\"item\":\"https:\/\/fonsvinum.com\/de\/\"},{\"@type\":\"ListItem\",\"position\":2,\"name\":\"Shop\",\"item\":\"https:\/\/fonsvinum.com\/de\/shop\/\"},{\"@type\":\"ListItem\",\"position\":3,\"name\":\"LANGHE ROSSO ARTE DOMENICO CLERICO 2022\"}]},{\"@type\":\"WebSite\",\"@id\":\"https:\/\/fonsvinum.com\/en\/#website\",\"url\":\"https:\/\/fonsvinum.com\/en\/\",\"name\":\"Fons Vinum\",\"description\":\"Vendita Vino Online\",\"publisher\":{\"@id\":\"https:\/\/fonsvinum.com\/en\/#organization\"},\"potentialAction\":[{\"@type\":\"SearchAction\",\"target\":{\"@type\":\"EntryPoint\",\"urlTemplate\":\"https:\/\/fonsvinum.com\/en\/?s={search_term_string}\"},\"query-input\":{\"@type\":\"PropertyValueSpecification\",\"valueRequired\":true,\"valueName\":\"search_term_string\"}}],\"inLanguage\":\"de\"},{\"@type\":\"Organization\",\"@id\":\"https:\/\/fonsvinum.com\/en\/#organization\",\"name\":\"Fons Vinum\",\"url\":\"https:\/\/fonsvinum.com\/en\/\",\"logo\":{\"@type\":\"ImageObject\",\"inLanguage\":\"de\",\"@id\":\"https:\/\/fonsvinum.com\/en\/#\/schema\/logo\/image\/\",\"url\":\"\",\"contentUrl\":\"\",\"caption\":\"Fons Vinum\"},\"image\":{\"@id\":\"https:\/\/fonsvinum.com\/en\/#\/schema\/logo\/image\/\"}}]}<\/script>\n<!-- \/ Yoast SEO plugin. -->","yoast_head_json":{"title":"LANGHE ROSSO ARTE DOMENICO CLERICO 2022 kaufen","description":"LANGHE ROSSO ARTE DOMENICO CLERICO 2022","robots":{"index":"index","follow":"follow","max-snippet":"max-snippet:-1","max-image-preview":"max-image-preview:large","max-video-preview":"max-video-preview:-1"},"canonical":"https:\/\/fonsvinum.com\/de\/produkt\/langhe-rosso-arte-domenico-clerico-2022\/","og_locale":"de_DE","og_type":"article","og_title":"LANGHE ROSSO ARTE DOMENICO CLERICO 2022 kaufen","og_description":"LANGHE ROSSO ARTE DOMENICO CLERICO 2022","og_url":"https:\/\/fonsvinum.com\/de\/produkt\/langhe-rosso-arte-domenico-clerico-2022\/","og_site_name":"Fons Vinum","article_modified_time":"2026-03-27T06:10:36+00:00","og_image":[{"width":200,"height":600,"url":"https:\/\/fonsvinum.com\/files\/2020\/04\/langhe-rosso-arte-clerico-domenico.jpg","type":"image\/jpeg"}],"twitter_misc":{"Gesch\u00e4tzte Lesezeit":"2\u00a0Minuten"},"schema":{"@context":"https:\/\/schema.org","@graph":[{"@type":"WebPage","@id":"https:\/\/fonsvinum.com\/de\/produkt\/langhe-rosso-arte-domenico-clerico-2022\/","url":"https:\/\/fonsvinum.com\/de\/produkt\/langhe-rosso-arte-domenico-clerico-2022\/","name":"LANGHE ROSSO ARTE DOMENICO CLERICO 2022 kaufen","isPartOf":{"@id":"https:\/\/fonsvinum.com\/en\/#website"},"primaryImageOfPage":{"@id":"https:\/\/fonsvinum.com\/de\/produkt\/langhe-rosso-arte-domenico-clerico-2022\/#primaryimage"},"image":{"@id":"https:\/\/fonsvinum.com\/de\/produkt\/langhe-rosso-arte-domenico-clerico-2022\/#primaryimage"},"thumbnailUrl":"https:\/\/fonsvinum.com\/files\/2020\/04\/langhe-rosso-arte-clerico-domenico.jpg","datePublished":"2026-03-27T06:05:32+00:00","dateModified":"2026-03-27T06:10:36+00:00","description":"LANGHE ROSSO ARTE DOMENICO CLERICO 2022","breadcrumb":{"@id":"https:\/\/fonsvinum.com\/de\/produkt\/langhe-rosso-arte-domenico-clerico-2022\/#breadcrumb"},"inLanguage":"de","potentialAction":[{"@type":"ReadAction","target":["https:\/\/fonsvinum.com\/de\/produkt\/langhe-rosso-arte-domenico-clerico-2022\/"]}]},{"@type":"ImageObject","inLanguage":"de","@id":"https:\/\/fonsvinum.com\/de\/produkt\/langhe-rosso-arte-domenico-clerico-2022\/#primaryimage","url":"https:\/\/fonsvinum.com\/files\/2020\/04\/langhe-rosso-arte-clerico-domenico.jpg","contentUrl":"https:\/\/fonsvinum.com\/files\/2020\/04\/langhe-rosso-arte-clerico-domenico.jpg","width":200,"height":600},{"@type":"BreadcrumbList","@id":"https:\/\/fonsvinum.com\/de\/produkt\/langhe-rosso-arte-domenico-clerico-2022\/#breadcrumb","itemListElement":[{"@type":"ListItem","position":1,"name":"Startseite","item":"https:\/\/fonsvinum.com\/de\/"},{"@type":"ListItem","position":2,"name":"Shop","item":"https:\/\/fonsvinum.com\/de\/shop\/"},{"@type":"ListItem","position":3,"name":"LANGHE ROSSO ARTE DOMENICO CLERICO 2022"}]},{"@type":"WebSite","@id":"https:\/\/fonsvinum.com\/en\/#website","url":"https:\/\/fonsvinum.com\/en\/","name":"Fons Vinum","description":"Vendita Vino Online","publisher":{"@id":"https:\/\/fonsvinum.com\/en\/#organization"},"potentialAction":[{"@type":"SearchAction","target":{"@type":"EntryPoint","urlTemplate":"https:\/\/fonsvinum.com\/en\/?s={search_term_string}"},"query-input":{"@type":"PropertyValueSpecification","valueRequired":true,"valueName":"search_term_string"}}],"inLanguage":"de"},{"@type":"Organization","@id":"https:\/\/fonsvinum.com\/en\/#organization","name":"Fons Vinum","url":"https:\/\/fonsvinum.com\/en\/","logo":{"@type":"ImageObject","inLanguage":"de","@id":"https:\/\/fonsvinum.com\/en\/#\/schema\/logo\/image\/","url":"","contentUrl":"","caption":"Fons Vinum"},"image":{"@id":"https:\/\/fonsvinum.com\/en\/#\/schema\/logo\/image\/"}}]}},"acf":[],"_links":{"self":[{"href":"https:\/\/fonsvinum.com\/de\/wp-json\/wp\/v2\/product\/49192","targetHints":{"allow":["GET"]}}],"collection":[{"href":"https:\/\/fonsvinum.com\/de\/wp-json\/wp\/v2\/product"}],"about":[{"href":"https:\/\/fonsvinum.com\/de\/wp-json\/wp\/v2\/types\/product"}],"replies":[{"embeddable":true,"href":"https:\/\/fonsvinum.com\/de\/wp-json\/wp\/v2\/comments?post=49192"}],"wp:featuredmedia":[{"embeddable":true,"href":"https:\/\/fonsvinum.com\/de\/wp-json\/wp\/v2\/media\/23844"}],"wp:attachment":[{"href":"https:\/\/fonsvinum.com\/de\/wp-json\/wp\/v2\/media?parent=49192"}],"wp:term":[{"taxonomy":"product_brand","embeddable":true,"href":"https:\/\/fonsvinum.com\/de\/wp-json\/wp\/v2\/product_brand?post=49192"},{"taxonomy":"product_cat","embeddable":true,"href":"https:\/\/fonsvinum.com\/de\/wp-json\/wp\/v2\/product_cat?post=49192"},{"taxonomy":"product_tag","embeddable":true,"href":"https:\/\/fonsvinum.com\/de\/wp-json\/wp\/v2\/product_tag?post=49192"}],"curies":[{"name":"wp","href":"https:\/\/api.w.org\/{rel}","templated":true}]}}