{"id":49178,"date":"2026-03-25T17:58:01","date_gmt":"2026-03-25T16:58:01","guid":{"rendered":"https:\/\/fonsvinum.com\/?post_type=product&#038;p=49178"},"modified":"2026-03-25T18:15:31","modified_gmt":"2026-03-25T17:15:31","slug":"le-macchiole-paleo-rosso-2022","status":"publish","type":"product","link":"https:\/\/fonsvinum.com\/de\/produkt\/le-macchiole-paleo-rosso-2022\/","title":{"rendered":"Le Macchiole Paleo Rosso 2022"},"content":{"rendered":"<h1>Le <a href=\"https:\/\/www.lemacchiole.it\/\">Macchiole<\/a> Paleo Rosso 2022<\/h1>\n<p>In dem trocken hei\u00dfen Klima an der toskanischen K\u00fcste mit k\u00fchlen Nachtwinden findet der Cabernet Franc auf Lehmboden perfekte Bedingungen, vielleicht die besten auf der ganzen Welt.<\/p>\n<p>Der Paleo Rosso ist der wichtigste Wein von Le Macchiole.<\/p>\n<p>Die Nachfrage nach Le Macchiole Weinen ist enorm, wir k\u00f6nnen Ihnen aber einige Flaschen dieses tollen Weins anbieten.<\/p>\n<h2>LE <a href=\"https:\/\/fonsvinum.com\/de\/?s=MACCHIOLE&amp;post_type=product\">MACCHIOLE<\/a><\/h2>\n<p>Das Restaurant \u201eLe Macchiole\u201c besteht aus 22 Etagen und besteht aus Vignetten aus vielen kleinen Steinen. Site nel cuore della Maremma toscana, i terreni sono\u00a0argillosi, elastici e nutrono le viti, rendendole preziose.<br \/>\nDie Familie von Eugenio Campolmi (vergessen im Laufe des Jahres) und die kleine Cinzia, die ihr Leben mit Talent und Enthusiasmus leitete, verbrachte jedes Jahr ein starkes Spiel auf dieser Erde.<\/p>\n<p>Der Pal\u00e4o-Pal\u00e4stinenser stammt aus dem Gemeindenamen, um die Festuca Pratensis (Della famiglia delle Graminacee) zu kennzeichnen, eine spontane Art der Costa <a href=\"https:\/\/fonsvinum.com\/de\/attributes\/region\/toskana-de\/\">Toscana<\/a>.<\/p>\n<p>Wir mahlen die Mischung w\u00e4hrend der zweiten und dritten Woche im September, g\u00e4ren und mazerieren in Zement pro 25 Tage. Die Malolattica wird im Barrique ausgebaut und die Affinit\u00e4t betr\u00e4gt 20 Monate. Das Ganze wird zu 75 % im neuen Barrique und zu weiteren 25 % im Barrique nach dem zweiten Durchgang ausgebaut.<\/p>\n<h2>Hinweis zur Degustation<\/h2>\n<p>Im Jahr 1989 gegr\u00fcndet, ist dieser gro\u00dfe Wein das Symbol der Kellerei und ein Etikett, das den Bolgherese am meisten vertritt. Nato kam als klassischer Taglio-Bordolese, begann im Jahr 2001 mit einem Cabernet Franc in reiner Form und eroberte schon bald einen lautstarken Nachfolger. Der Name Richiama stammt aus einer spontanen Arbeit an der Costa Toscana, die eine territoriale Identit\u00e4t symbolisiert und in der Lage ist, sich selbst zu vereinen.<\/p>\n<p>Farbe: Rubino Intenso, Dalla Trama Fitta mit Senten aus schwarzen Fr\u00fcchten und mediterraner Macchia, Peperone Giallo, Pepe Nero.<br \/>\nGusto: in bocca \u00e8 opulento, di buona struttura, con a rotondit\u00e0 speziata che permanent in a lunghissimo final.<\/p>\n<p>Der Geschmack von Gerichten aus der toskanischen Tradition kam dem Testina di Cinghiale alla Castagnetana zu einem geschichtstr\u00e4chtigen, faszinierenden und raffinierten kulinarischen Kunststil von Castagneto Carducci an der Seite der Azienda Le Macchiole.<\/p>\n<p>Originelle Weine und eine besondere Pers\u00f6nlichkeit aus der ganzen Welt, professionell, reich und umfassend, in dem Ma\u00dfe, in dem sie die Eigenschaften des \u201ebolgherischen Terroirs\u201c verfeinerten, sie p\u00fcnktlich versahen, die anderen in den Mittelpunkt stellten und ihre Klasse indiskutierten.<\/p>\n","protected":false},"excerpt":{"rendered":"<p>Le Macchiole Paleo Rosso 2022 In dem trocken hei\u00dfen Klima an der toskanischen K\u00fcste mit k\u00fchlen Nachtwinden findet der Cabernet Franc auf Lehmboden perfekte Bedingungen, vielleicht die besten auf der ganzen Welt. Der Paleo Rosso ist der wichtigste Wein von Le Macchiole. Die Nachfrage nach Le Macchiole Weinen ist enorm, wir k\u00f6nnen Ihnen aber einige [&hellip;]<\/p>\n","protected":false},"featured_media":9995,"comment_status":"open","ping_status":"closed","template":"","meta":{"_acf_changed":false,"_monsterinsights_skip_tracking":false,"_monsterinsights_sitenote_active":false,"_monsterinsights_sitenote_note":"","_monsterinsights_sitenote_category":0},"product_brand":[],"product_cat":[15711],"product_tag":[1745,3583],"class_list":{"0":"post-49178","1":"product","2":"type-product","3":"status-publish","4":"has-post-thumbnail","6":"product_cat-cabernet-franc-de","7":"product_tag-super-tuscan-de","8":"product_tag-vini-toscani-de","9":"pa_appellation-toscana-rosso-igt-de","10":"pa_formato-0-75-l-flasche-de","11":"pa_producer-le-macchiole-de","12":"pa_region-toskana-de","13":"pa_vine-100-cabernet-franc-de","14":"pa_vintage-18397","16":"first","17":"instock","18":"taxable","19":"shipping-taxable","20":"purchasable","21":"product-type-simple"},"bundled_by":[],"bundle_stock_status":"instock","bundle_stock_quantity":24,"bundle_virtual":false,"bundle_layout":"","bundle_add_to_cart_form_location":"","bundle_editable_in_cart":false,"bundle_sold_individually_context":"","bundle_item_grouping":"","bundle_min_size":"","bundle_max_size":"","bundle_price":[],"bundled_items":[],"bundle_sell_ids":[],"yoast_head":"<!-- This site is optimized with the Yoast SEO plugin v27.2 - https:\/\/yoast.com\/product\/yoast-seo-wordpress\/ -->\n<title>Buy Le Macchiole Paleo Rosso 2022 buy Fons Vinum<\/title>\n<meta name=\"description\" content=\"Le Macchiole Paleo Rosso 2022 Fons Vinum Die Nachfrage nach Le Macchiole Weinen ist enorm, wir k\u00f6nnen Ihnen aber einige Flaschen dieses\" \/>\n<meta name=\"robots\" content=\"index, follow, max-snippet:-1, max-image-preview:large, max-video-preview:-1\" \/>\n<link rel=\"canonical\" href=\"https:\/\/fonsvinum.com\/de\/produkt\/le-macchiole-paleo-rosso-2022\/\" \/>\n<meta property=\"og:locale\" content=\"de_DE\" \/>\n<meta property=\"og:type\" content=\"article\" \/>\n<meta property=\"og:title\" content=\"Buy Le Macchiole Paleo Rosso 2022 buy Fons Vinum\" \/>\n<meta property=\"og:description\" content=\"Le Macchiole Paleo Rosso 2022 Fons Vinum Die Nachfrage nach Le Macchiole Weinen ist enorm, wir k\u00f6nnen Ihnen aber einige Flaschen dieses\" \/>\n<meta property=\"og:url\" content=\"https:\/\/fonsvinum.com\/de\/produkt\/le-macchiole-paleo-rosso-2022\/\" \/>\n<meta property=\"og:site_name\" content=\"Fons Vinum\" \/>\n<meta property=\"article:modified_time\" content=\"2026-03-25T17:15:31+00:00\" \/>\n<meta property=\"og:image\" content=\"https:\/\/fonsvinum.com\/files\/2017\/01\/Paleo-Rosso-Le-Macchiole.png\" \/>\n\t<meta property=\"og:image:width\" content=\"200\" \/>\n\t<meta property=\"og:image:height\" content=\"600\" \/>\n\t<meta property=\"og:image:type\" content=\"image\/png\" \/>\n<meta name=\"twitter:label1\" content=\"Gesch\u00e4tzte Lesezeit\" \/>\n\t<meta name=\"twitter:data1\" content=\"3\u00a0Minuten\" \/>\n<script type=\"application\/ld+json\" class=\"yoast-schema-graph\">{\"@context\":\"https:\/\/schema.org\",\"@graph\":[{\"@type\":\"WebPage\",\"@id\":\"https:\/\/fonsvinum.com\/de\/produkt\/le-macchiole-paleo-rosso-2022\/\",\"url\":\"https:\/\/fonsvinum.com\/de\/produkt\/le-macchiole-paleo-rosso-2022\/\",\"name\":\"Buy Le Macchiole Paleo Rosso 2022 buy Fons Vinum\",\"isPartOf\":{\"@id\":\"https:\/\/fonsvinum.com\/en\/#website\"},\"primaryImageOfPage\":{\"@id\":\"https:\/\/fonsvinum.com\/de\/produkt\/le-macchiole-paleo-rosso-2022\/#primaryimage\"},\"image\":{\"@id\":\"https:\/\/fonsvinum.com\/de\/produkt\/le-macchiole-paleo-rosso-2022\/#primaryimage\"},\"thumbnailUrl\":\"https:\/\/fonsvinum.com\/files\/2017\/01\/Paleo-Rosso-Le-Macchiole.png\",\"datePublished\":\"2026-03-25T16:58:01+00:00\",\"dateModified\":\"2026-03-25T17:15:31+00:00\",\"description\":\"Le Macchiole Paleo Rosso 2022 Fons Vinum Die Nachfrage nach Le Macchiole Weinen ist enorm, wir k\u00f6nnen Ihnen aber einige Flaschen dieses\",\"breadcrumb\":{\"@id\":\"https:\/\/fonsvinum.com\/de\/produkt\/le-macchiole-paleo-rosso-2022\/#breadcrumb\"},\"inLanguage\":\"de\",\"potentialAction\":[{\"@type\":\"ReadAction\",\"target\":[\"https:\/\/fonsvinum.com\/de\/produkt\/le-macchiole-paleo-rosso-2022\/\"]}]},{\"@type\":\"ImageObject\",\"inLanguage\":\"de\",\"@id\":\"https:\/\/fonsvinum.com\/de\/produkt\/le-macchiole-paleo-rosso-2022\/#primaryimage\",\"url\":\"https:\/\/fonsvinum.com\/files\/2017\/01\/Paleo-Rosso-Le-Macchiole.png\",\"contentUrl\":\"https:\/\/fonsvinum.com\/files\/2017\/01\/Paleo-Rosso-Le-Macchiole.png\",\"width\":200,\"height\":600},{\"@type\":\"BreadcrumbList\",\"@id\":\"https:\/\/fonsvinum.com\/de\/produkt\/le-macchiole-paleo-rosso-2022\/#breadcrumb\",\"itemListElement\":[{\"@type\":\"ListItem\",\"position\":1,\"name\":\"Startseite\",\"item\":\"https:\/\/fonsvinum.com\/de\/\"},{\"@type\":\"ListItem\",\"position\":2,\"name\":\"Shop\",\"item\":\"https:\/\/fonsvinum.com\/de\/shop\/\"},{\"@type\":\"ListItem\",\"position\":3,\"name\":\"Le Macchiole Paleo Rosso 2022\"}]},{\"@type\":\"WebSite\",\"@id\":\"https:\/\/fonsvinum.com\/en\/#website\",\"url\":\"https:\/\/fonsvinum.com\/en\/\",\"name\":\"Fons Vinum\",\"description\":\"Vendita Vino Online\",\"publisher\":{\"@id\":\"https:\/\/fonsvinum.com\/en\/#organization\"},\"potentialAction\":[{\"@type\":\"SearchAction\",\"target\":{\"@type\":\"EntryPoint\",\"urlTemplate\":\"https:\/\/fonsvinum.com\/en\/?s={search_term_string}\"},\"query-input\":{\"@type\":\"PropertyValueSpecification\",\"valueRequired\":true,\"valueName\":\"search_term_string\"}}],\"inLanguage\":\"de\"},{\"@type\":\"Organization\",\"@id\":\"https:\/\/fonsvinum.com\/en\/#organization\",\"name\":\"Fons Vinum\",\"url\":\"https:\/\/fonsvinum.com\/en\/\",\"logo\":{\"@type\":\"ImageObject\",\"inLanguage\":\"de\",\"@id\":\"https:\/\/fonsvinum.com\/en\/#\/schema\/logo\/image\/\",\"url\":\"\",\"contentUrl\":\"\",\"caption\":\"Fons Vinum\"},\"image\":{\"@id\":\"https:\/\/fonsvinum.com\/en\/#\/schema\/logo\/image\/\"}}]}<\/script>\n<!-- \/ Yoast SEO plugin. -->","yoast_head_json":{"title":"Buy Le Macchiole Paleo Rosso 2022 buy Fons Vinum","description":"Le Macchiole Paleo Rosso 2022 Fons Vinum Die Nachfrage nach Le Macchiole Weinen ist enorm, wir k\u00f6nnen Ihnen aber einige Flaschen dieses","robots":{"index":"index","follow":"follow","max-snippet":"max-snippet:-1","max-image-preview":"max-image-preview:large","max-video-preview":"max-video-preview:-1"},"canonical":"https:\/\/fonsvinum.com\/de\/produkt\/le-macchiole-paleo-rosso-2022\/","og_locale":"de_DE","og_type":"article","og_title":"Buy Le Macchiole Paleo Rosso 2022 buy Fons Vinum","og_description":"Le Macchiole Paleo Rosso 2022 Fons Vinum Die Nachfrage nach Le Macchiole Weinen ist enorm, wir k\u00f6nnen Ihnen aber einige Flaschen dieses","og_url":"https:\/\/fonsvinum.com\/de\/produkt\/le-macchiole-paleo-rosso-2022\/","og_site_name":"Fons Vinum","article_modified_time":"2026-03-25T17:15:31+00:00","og_image":[{"width":200,"height":600,"url":"https:\/\/fonsvinum.com\/files\/2017\/01\/Paleo-Rosso-Le-Macchiole.png","type":"image\/png"}],"twitter_misc":{"Gesch\u00e4tzte Lesezeit":"3\u00a0Minuten"},"schema":{"@context":"https:\/\/schema.org","@graph":[{"@type":"WebPage","@id":"https:\/\/fonsvinum.com\/de\/produkt\/le-macchiole-paleo-rosso-2022\/","url":"https:\/\/fonsvinum.com\/de\/produkt\/le-macchiole-paleo-rosso-2022\/","name":"Buy Le Macchiole Paleo Rosso 2022 buy Fons Vinum","isPartOf":{"@id":"https:\/\/fonsvinum.com\/en\/#website"},"primaryImageOfPage":{"@id":"https:\/\/fonsvinum.com\/de\/produkt\/le-macchiole-paleo-rosso-2022\/#primaryimage"},"image":{"@id":"https:\/\/fonsvinum.com\/de\/produkt\/le-macchiole-paleo-rosso-2022\/#primaryimage"},"thumbnailUrl":"https:\/\/fonsvinum.com\/files\/2017\/01\/Paleo-Rosso-Le-Macchiole.png","datePublished":"2026-03-25T16:58:01+00:00","dateModified":"2026-03-25T17:15:31+00:00","description":"Le Macchiole Paleo Rosso 2022 Fons Vinum Die Nachfrage nach Le Macchiole Weinen ist enorm, wir k\u00f6nnen Ihnen aber einige Flaschen dieses","breadcrumb":{"@id":"https:\/\/fonsvinum.com\/de\/produkt\/le-macchiole-paleo-rosso-2022\/#breadcrumb"},"inLanguage":"de","potentialAction":[{"@type":"ReadAction","target":["https:\/\/fonsvinum.com\/de\/produkt\/le-macchiole-paleo-rosso-2022\/"]}]},{"@type":"ImageObject","inLanguage":"de","@id":"https:\/\/fonsvinum.com\/de\/produkt\/le-macchiole-paleo-rosso-2022\/#primaryimage","url":"https:\/\/fonsvinum.com\/files\/2017\/01\/Paleo-Rosso-Le-Macchiole.png","contentUrl":"https:\/\/fonsvinum.com\/files\/2017\/01\/Paleo-Rosso-Le-Macchiole.png","width":200,"height":600},{"@type":"BreadcrumbList","@id":"https:\/\/fonsvinum.com\/de\/produkt\/le-macchiole-paleo-rosso-2022\/#breadcrumb","itemListElement":[{"@type":"ListItem","position":1,"name":"Startseite","item":"https:\/\/fonsvinum.com\/de\/"},{"@type":"ListItem","position":2,"name":"Shop","item":"https:\/\/fonsvinum.com\/de\/shop\/"},{"@type":"ListItem","position":3,"name":"Le Macchiole Paleo Rosso 2022"}]},{"@type":"WebSite","@id":"https:\/\/fonsvinum.com\/en\/#website","url":"https:\/\/fonsvinum.com\/en\/","name":"Fons Vinum","description":"Vendita Vino Online","publisher":{"@id":"https:\/\/fonsvinum.com\/en\/#organization"},"potentialAction":[{"@type":"SearchAction","target":{"@type":"EntryPoint","urlTemplate":"https:\/\/fonsvinum.com\/en\/?s={search_term_string}"},"query-input":{"@type":"PropertyValueSpecification","valueRequired":true,"valueName":"search_term_string"}}],"inLanguage":"de"},{"@type":"Organization","@id":"https:\/\/fonsvinum.com\/en\/#organization","name":"Fons Vinum","url":"https:\/\/fonsvinum.com\/en\/","logo":{"@type":"ImageObject","inLanguage":"de","@id":"https:\/\/fonsvinum.com\/en\/#\/schema\/logo\/image\/","url":"","contentUrl":"","caption":"Fons Vinum"},"image":{"@id":"https:\/\/fonsvinum.com\/en\/#\/schema\/logo\/image\/"}}]}},"acf":[],"_links":{"self":[{"href":"https:\/\/fonsvinum.com\/de\/wp-json\/wp\/v2\/product\/49178","targetHints":{"allow":["GET"]}}],"collection":[{"href":"https:\/\/fonsvinum.com\/de\/wp-json\/wp\/v2\/product"}],"about":[{"href":"https:\/\/fonsvinum.com\/de\/wp-json\/wp\/v2\/types\/product"}],"replies":[{"embeddable":true,"href":"https:\/\/fonsvinum.com\/de\/wp-json\/wp\/v2\/comments?post=49178"}],"wp:featuredmedia":[{"embeddable":true,"href":"https:\/\/fonsvinum.com\/de\/wp-json\/wp\/v2\/media\/9995"}],"wp:attachment":[{"href":"https:\/\/fonsvinum.com\/de\/wp-json\/wp\/v2\/media?parent=49178"}],"wp:term":[{"taxonomy":"product_brand","embeddable":true,"href":"https:\/\/fonsvinum.com\/de\/wp-json\/wp\/v2\/product_brand?post=49178"},{"taxonomy":"product_cat","embeddable":true,"href":"https:\/\/fonsvinum.com\/de\/wp-json\/wp\/v2\/product_cat?post=49178"},{"taxonomy":"product_tag","embeddable":true,"href":"https:\/\/fonsvinum.com\/de\/wp-json\/wp\/v2\/product_tag?post=49178"}],"curies":[{"name":"wp","href":"https:\/\/api.w.org\/{rel}","templated":true}]}}