{"id":49140,"date":"2026-03-24T08:05:57","date_gmt":"2026-03-24T07:05:57","guid":{"rendered":"https:\/\/fonsvinum.com\/?post_type=product&#038;p=49140"},"modified":"2026-03-24T08:14:02","modified_gmt":"2026-03-24T07:14:02","slug":"miani-rosso-2022","status":"publish","type":"product","link":"https:\/\/fonsvinum.com\/de\/produkt\/miani-rosso-2022\/","title":{"rendered":"MIANI Rosso 2022"},"content":{"rendered":"<h1><a href=\"https:\/\/fonsvinum.com\/?s=MIANI&amp;post_type=product\">MIANI Rosso 2022<\/a><\/h1>\n<h2><a href=\"https:\/\/www.colliorientali.com\/il-consorzio\/i-vini\/\">Colli Orientali<\/a> del Friuli DOC<\/h2>\n<p>Das Weingut Miani liegt in Friaul-Julisch Venetien, einer hochwertigen Weinregion, die exzellente Wei\u00dfweine hervorbringt. Geleitet wird es von Enzo Pontoni, einem wahren Pflanzenliebhaber. Seit Beginn seiner Geschichte widmet dieser zur\u00fcckhaltende und besonnene Mann all seine Energie dem Dasein jeder einzelnen Rebe und betrachtet sie beinahe als Mikroklima, das Fr\u00fcchte von einzigartiger Gr\u00f6\u00dfe und besonderem Geschmack hervorbringt.<\/p>\n<p>Aus diesen au\u00dfergew\u00f6hnlichen B\u00f6den entstehen Weine von gro\u00dfer Intensit\u00e4t, die dem einzigartigen Terroir der Colli Orientali, repr\u00e4sentiert durch eine authentische gro\u00dfe Cru-Lage wie Buttrio, gerecht werden. Im Laufe der Zeit wurde die Arbeit verfeinert und erhielt einen raffinierten Charakter, stets mit dem Ziel, sich fernab von \u00fcberfl\u00fcssigem Trubel und in voller \u00dcbereinstimmung mit der franziskanischen Tradition, die Pflanzen, Tiere und Menschen respektiert, eine Position von Klassizismus und Eleganz zu sichern.<\/p>\n<p><a href=\"https:\/\/fonsvinum.com\/de\/?s=MIANI&amp;post_type=product\">MIANI<\/a> ROT<br \/>\nBezeichnung: Colli Orientali del Friuli DOC<br \/>\nRebsorten: Merlot, Refosco, Cabernet Sauvignon, Cabernet Franc<br \/>\nRegion: Friaul-Julisch Venetien (Italien)<br \/>\nAlkoholgehalt: 14,0 %<br \/>\nFlaschengr\u00f6\u00dfe: 75 cl<br \/>\nWeinberge: Mergelb\u00f6den mit dem charakteristischen \u201ePonca\u201c-Gestein<br \/>\nWeinherstellung: Alkoholische G\u00e4rung in Eichenf\u00e4ssern<br \/>\nReifung: 24 Monate in franz\u00f6sischen Eichenf\u00e4ssern<\/p>\n<p>Rosso Miani ist ein intensiver, vollmundiger und w\u00fcrziger Rotwein aus verschiedenen Rebsorten der Colli Orientali im Friaul, deren Anteile j\u00e4hrlich variieren. Nach einer Reifezeit von mindestens 24 Monaten in franz\u00f6sischen Eichenf\u00e4ssern entfaltet er tiefe und komplexe Aromen von Pfeffer, getrockneten Bl\u00fcten, Beeren und s\u00fc\u00dfen Gew\u00fcrzen. Am Gaumen ist er weich und strukturiert mit einer angenehmen und eleganten Frische.<\/p>\n<p>Farbe: Tiefes Rubinrot<\/p>\n<p>Duft: Intensiv und w\u00fcrzig, mit Noten von Pfeffer, getrockneten Bl\u00fcten, Waldbeeren und s\u00fc\u00dfen Gew\u00fcrzen<\/p>\n<p>Geschmack: Vollmundig, weich, frisch, saftig und w\u00fcrzig mit langem Abgang<\/p>\n","protected":false},"excerpt":{"rendered":"<p>MIANI Rosso 2022 Colli Orientali del Friuli DOC Das Weingut Miani liegt in Friaul-Julisch Venetien, einer hochwertigen Weinregion, die exzellente Wei\u00dfweine hervorbringt. Geleitet wird es von Enzo Pontoni, einem wahren Pflanzenliebhaber. Seit Beginn seiner Geschichte widmet dieser zur\u00fcckhaltende und besonnene Mann all seine Energie dem Dasein jeder einzelnen Rebe und betrachtet sie beinahe als Mikroklima, [&hellip;]<\/p>\n","protected":false},"featured_media":22312,"comment_status":"open","ping_status":"closed","template":"","meta":{"_acf_changed":false,"_monsterinsights_skip_tracking":false,"_monsterinsights_sitenote_active":false,"_monsterinsights_sitenote_note":"","_monsterinsights_sitenote_category":0},"product_brand":[],"product_cat":[1693],"product_tag":[1733,1751,15959],"class_list":{"0":"post-49140","1":"product","2":"type-product","3":"status-publish","4":"has-post-thumbnail","6":"product_cat-blend-2-de","7":"product_tag-aussergewoehnliche-weine-de","8":"product_tag-aussergewoehnliche-weine-aus-italien-de","9":"product_tag-vino-rosso-de","10":"pa_appellation-colli-orientali-del-friuli-doc-de","11":"pa_formato-0-75-l-flasche-de","12":"pa_producer-miani-de","13":"pa_region-friaul-julisch-venetien-de","14":"pa_vine-merlot-refosco-cabernet-sauvignon-cabernet-franc-de","15":"pa_vintage-18397","17":"first","18":"instock","19":"taxable","20":"shipping-taxable","21":"purchasable","22":"product-type-simple"},"bundled_by":[],"bundle_stock_status":"instock","bundle_stock_quantity":3,"bundle_virtual":false,"bundle_layout":"","bundle_add_to_cart_form_location":"","bundle_editable_in_cart":false,"bundle_sold_individually_context":"","bundle_item_grouping":"","bundle_min_size":"","bundle_max_size":"","bundle_price":[],"bundled_items":[],"bundle_sell_ids":[],"yoast_head":"<!-- This site is optimized with the Yoast SEO plugin v27.2 - https:\/\/yoast.com\/product\/yoast-seo-wordpress\/ -->\n<title>Buy on line MIANI Rosso 2022 Colli Orientali del Friuli Fons Vinum<\/title>\n<meta name=\"description\" content=\"Buy on ine MIANI Rosso 2022 Colli Orientali del Friuli to Fons Vinum - Der Rosso vom Weingut Miani ist ein Rotwein, der in einem Land der...\" \/>\n<meta name=\"robots\" content=\"index, follow, max-snippet:-1, max-image-preview:large, max-video-preview:-1\" \/>\n<link rel=\"canonical\" href=\"https:\/\/fonsvinum.com\/de\/produkt\/miani-rosso-2022\/\" \/>\n<meta property=\"og:locale\" content=\"de_DE\" \/>\n<meta property=\"og:type\" content=\"article\" \/>\n<meta property=\"og:title\" content=\"Buy on line MIANI Rosso 2022 Colli Orientali del Friuli Fons Vinum\" \/>\n<meta property=\"og:description\" content=\"Buy on ine MIANI Rosso 2022 Colli Orientali del Friuli to Fons Vinum - Der Rosso vom Weingut Miani ist ein Rotwein, der in einem Land der...\" \/>\n<meta property=\"og:url\" content=\"https:\/\/fonsvinum.com\/de\/produkt\/miani-rosso-2022\/\" \/>\n<meta property=\"og:site_name\" content=\"Fons Vinum\" \/>\n<meta property=\"article:modified_time\" content=\"2026-03-24T07:14:02+00:00\" \/>\n<meta property=\"og:image\" content=\"https:\/\/fonsvinum.com\/files\/2020\/02\/rosso-miani.jpg\" \/>\n\t<meta property=\"og:image:width\" content=\"200\" \/>\n\t<meta property=\"og:image:height\" content=\"600\" \/>\n\t<meta property=\"og:image:type\" content=\"image\/jpeg\" \/>\n<meta name=\"twitter:label1\" content=\"Gesch\u00e4tzte Lesezeit\" \/>\n\t<meta name=\"twitter:data1\" content=\"2\u00a0Minuten\" \/>\n<script type=\"application\/ld+json\" class=\"yoast-schema-graph\">{\"@context\":\"https:\/\/schema.org\",\"@graph\":[{\"@type\":\"WebPage\",\"@id\":\"https:\/\/fonsvinum.com\/de\/produkt\/miani-rosso-2022\/\",\"url\":\"https:\/\/fonsvinum.com\/de\/produkt\/miani-rosso-2022\/\",\"name\":\"Buy on line MIANI Rosso 2022 Colli Orientali del Friuli Fons Vinum\",\"isPartOf\":{\"@id\":\"https:\/\/fonsvinum.com\/en\/#website\"},\"primaryImageOfPage\":{\"@id\":\"https:\/\/fonsvinum.com\/de\/produkt\/miani-rosso-2022\/#primaryimage\"},\"image\":{\"@id\":\"https:\/\/fonsvinum.com\/de\/produkt\/miani-rosso-2022\/#primaryimage\"},\"thumbnailUrl\":\"https:\/\/fonsvinum.com\/files\/2020\/02\/rosso-miani.jpg\",\"datePublished\":\"2026-03-24T07:05:57+00:00\",\"dateModified\":\"2026-03-24T07:14:02+00:00\",\"description\":\"Buy on ine MIANI Rosso 2022 Colli Orientali del Friuli to Fons Vinum - Der Rosso vom Weingut Miani ist ein Rotwein, der in einem Land der...\",\"breadcrumb\":{\"@id\":\"https:\/\/fonsvinum.com\/de\/produkt\/miani-rosso-2022\/#breadcrumb\"},\"inLanguage\":\"de\",\"potentialAction\":[{\"@type\":\"ReadAction\",\"target\":[\"https:\/\/fonsvinum.com\/de\/produkt\/miani-rosso-2022\/\"]}]},{\"@type\":\"ImageObject\",\"inLanguage\":\"de\",\"@id\":\"https:\/\/fonsvinum.com\/de\/produkt\/miani-rosso-2022\/#primaryimage\",\"url\":\"https:\/\/fonsvinum.com\/files\/2020\/02\/rosso-miani.jpg\",\"contentUrl\":\"https:\/\/fonsvinum.com\/files\/2020\/02\/rosso-miani.jpg\",\"width\":200,\"height\":600},{\"@type\":\"BreadcrumbList\",\"@id\":\"https:\/\/fonsvinum.com\/de\/produkt\/miani-rosso-2022\/#breadcrumb\",\"itemListElement\":[{\"@type\":\"ListItem\",\"position\":1,\"name\":\"Startseite\",\"item\":\"https:\/\/fonsvinum.com\/de\/\"},{\"@type\":\"ListItem\",\"position\":2,\"name\":\"Shop\",\"item\":\"https:\/\/fonsvinum.com\/de\/shop\/\"},{\"@type\":\"ListItem\",\"position\":3,\"name\":\"MIANI Rosso 2022\"}]},{\"@type\":\"WebSite\",\"@id\":\"https:\/\/fonsvinum.com\/en\/#website\",\"url\":\"https:\/\/fonsvinum.com\/en\/\",\"name\":\"Fons Vinum\",\"description\":\"Vendita Vino Online\",\"publisher\":{\"@id\":\"https:\/\/fonsvinum.com\/en\/#organization\"},\"potentialAction\":[{\"@type\":\"SearchAction\",\"target\":{\"@type\":\"EntryPoint\",\"urlTemplate\":\"https:\/\/fonsvinum.com\/en\/?s={search_term_string}\"},\"query-input\":{\"@type\":\"PropertyValueSpecification\",\"valueRequired\":true,\"valueName\":\"search_term_string\"}}],\"inLanguage\":\"de\"},{\"@type\":\"Organization\",\"@id\":\"https:\/\/fonsvinum.com\/en\/#organization\",\"name\":\"Fons Vinum\",\"url\":\"https:\/\/fonsvinum.com\/en\/\",\"logo\":{\"@type\":\"ImageObject\",\"inLanguage\":\"de\",\"@id\":\"https:\/\/fonsvinum.com\/en\/#\/schema\/logo\/image\/\",\"url\":\"\",\"contentUrl\":\"\",\"caption\":\"Fons Vinum\"},\"image\":{\"@id\":\"https:\/\/fonsvinum.com\/en\/#\/schema\/logo\/image\/\"}}]}<\/script>\n<!-- \/ Yoast SEO plugin. -->","yoast_head_json":{"title":"Buy on line MIANI Rosso 2022 Colli Orientali del Friuli Fons Vinum","description":"Buy on ine MIANI Rosso 2022 Colli Orientali del Friuli to Fons Vinum - Der Rosso vom Weingut Miani ist ein Rotwein, der in einem Land der...","robots":{"index":"index","follow":"follow","max-snippet":"max-snippet:-1","max-image-preview":"max-image-preview:large","max-video-preview":"max-video-preview:-1"},"canonical":"https:\/\/fonsvinum.com\/de\/produkt\/miani-rosso-2022\/","og_locale":"de_DE","og_type":"article","og_title":"Buy on line MIANI Rosso 2022 Colli Orientali del Friuli Fons Vinum","og_description":"Buy on ine MIANI Rosso 2022 Colli Orientali del Friuli to Fons Vinum - Der Rosso vom Weingut Miani ist ein Rotwein, der in einem Land der...","og_url":"https:\/\/fonsvinum.com\/de\/produkt\/miani-rosso-2022\/","og_site_name":"Fons Vinum","article_modified_time":"2026-03-24T07:14:02+00:00","og_image":[{"width":200,"height":600,"url":"https:\/\/fonsvinum.com\/files\/2020\/02\/rosso-miani.jpg","type":"image\/jpeg"}],"twitter_misc":{"Gesch\u00e4tzte Lesezeit":"2\u00a0Minuten"},"schema":{"@context":"https:\/\/schema.org","@graph":[{"@type":"WebPage","@id":"https:\/\/fonsvinum.com\/de\/produkt\/miani-rosso-2022\/","url":"https:\/\/fonsvinum.com\/de\/produkt\/miani-rosso-2022\/","name":"Buy on line MIANI Rosso 2022 Colli Orientali del Friuli Fons Vinum","isPartOf":{"@id":"https:\/\/fonsvinum.com\/en\/#website"},"primaryImageOfPage":{"@id":"https:\/\/fonsvinum.com\/de\/produkt\/miani-rosso-2022\/#primaryimage"},"image":{"@id":"https:\/\/fonsvinum.com\/de\/produkt\/miani-rosso-2022\/#primaryimage"},"thumbnailUrl":"https:\/\/fonsvinum.com\/files\/2020\/02\/rosso-miani.jpg","datePublished":"2026-03-24T07:05:57+00:00","dateModified":"2026-03-24T07:14:02+00:00","description":"Buy on ine MIANI Rosso 2022 Colli Orientali del Friuli to Fons Vinum - Der Rosso vom Weingut Miani ist ein Rotwein, der in einem Land der...","breadcrumb":{"@id":"https:\/\/fonsvinum.com\/de\/produkt\/miani-rosso-2022\/#breadcrumb"},"inLanguage":"de","potentialAction":[{"@type":"ReadAction","target":["https:\/\/fonsvinum.com\/de\/produkt\/miani-rosso-2022\/"]}]},{"@type":"ImageObject","inLanguage":"de","@id":"https:\/\/fonsvinum.com\/de\/produkt\/miani-rosso-2022\/#primaryimage","url":"https:\/\/fonsvinum.com\/files\/2020\/02\/rosso-miani.jpg","contentUrl":"https:\/\/fonsvinum.com\/files\/2020\/02\/rosso-miani.jpg","width":200,"height":600},{"@type":"BreadcrumbList","@id":"https:\/\/fonsvinum.com\/de\/produkt\/miani-rosso-2022\/#breadcrumb","itemListElement":[{"@type":"ListItem","position":1,"name":"Startseite","item":"https:\/\/fonsvinum.com\/de\/"},{"@type":"ListItem","position":2,"name":"Shop","item":"https:\/\/fonsvinum.com\/de\/shop\/"},{"@type":"ListItem","position":3,"name":"MIANI Rosso 2022"}]},{"@type":"WebSite","@id":"https:\/\/fonsvinum.com\/en\/#website","url":"https:\/\/fonsvinum.com\/en\/","name":"Fons Vinum","description":"Vendita Vino Online","publisher":{"@id":"https:\/\/fonsvinum.com\/en\/#organization"},"potentialAction":[{"@type":"SearchAction","target":{"@type":"EntryPoint","urlTemplate":"https:\/\/fonsvinum.com\/en\/?s={search_term_string}"},"query-input":{"@type":"PropertyValueSpecification","valueRequired":true,"valueName":"search_term_string"}}],"inLanguage":"de"},{"@type":"Organization","@id":"https:\/\/fonsvinum.com\/en\/#organization","name":"Fons Vinum","url":"https:\/\/fonsvinum.com\/en\/","logo":{"@type":"ImageObject","inLanguage":"de","@id":"https:\/\/fonsvinum.com\/en\/#\/schema\/logo\/image\/","url":"","contentUrl":"","caption":"Fons Vinum"},"image":{"@id":"https:\/\/fonsvinum.com\/en\/#\/schema\/logo\/image\/"}}]}},"acf":[],"_links":{"self":[{"href":"https:\/\/fonsvinum.com\/de\/wp-json\/wp\/v2\/product\/49140","targetHints":{"allow":["GET"]}}],"collection":[{"href":"https:\/\/fonsvinum.com\/de\/wp-json\/wp\/v2\/product"}],"about":[{"href":"https:\/\/fonsvinum.com\/de\/wp-json\/wp\/v2\/types\/product"}],"replies":[{"embeddable":true,"href":"https:\/\/fonsvinum.com\/de\/wp-json\/wp\/v2\/comments?post=49140"}],"wp:featuredmedia":[{"embeddable":true,"href":"https:\/\/fonsvinum.com\/de\/wp-json\/wp\/v2\/media\/22312"}],"wp:attachment":[{"href":"https:\/\/fonsvinum.com\/de\/wp-json\/wp\/v2\/media?parent=49140"}],"wp:term":[{"taxonomy":"product_brand","embeddable":true,"href":"https:\/\/fonsvinum.com\/de\/wp-json\/wp\/v2\/product_brand?post=49140"},{"taxonomy":"product_cat","embeddable":true,"href":"https:\/\/fonsvinum.com\/de\/wp-json\/wp\/v2\/product_cat?post=49140"},{"taxonomy":"product_tag","embeddable":true,"href":"https:\/\/fonsvinum.com\/de\/wp-json\/wp\/v2\/product_tag?post=49140"}],"curies":[{"name":"wp","href":"https:\/\/api.w.org\/{rel}","templated":true}]}}