{"id":49122,"date":"2026-03-23T07:28:38","date_gmt":"2026-03-23T06:28:38","guid":{"rendered":"https:\/\/fonsvinum.com\/?post_type=product&#038;p=49122"},"modified":"2026-03-23T07:35:11","modified_gmt":"2026-03-23T06:35:11","slug":"galardi-terra-di-lavoro-2021","status":"publish","type":"product","link":"https:\/\/fonsvinum.com\/de\/produkt\/galardi-terra-di-lavoro-2021\/","title":{"rendered":"GALARDI Terra di Lavoro 2021"},"content":{"rendered":"<h1><a href=\"https:\/\/fonsvinum.com\/de\/attributes\/producer\/galardi-de\/\">GALARDI<\/a> Terra di Lavoro 2021<\/h1>\n<p>Ein exzellenter und herausragender Rotwein, in allen Aromen punktgenau pr\u00e4sent wie ein Schweizer Uhrwerk mit feinster Struktur, F\u00fclle und vielschichtig warmen Aromen.Galardi Terra di Lavoro IGP ist einer der besten wie au\u00dfergewoehnlichsten Rotweine aus Italien, ein absolutes Meisterwerk italienischer Winzerkunst. Das Weingut Galardi um Francesco und Dora Catello erzeugt nur diesen einzigen Rotwein Terra di Lavoro, in den alle Konzentration einflie\u00dft.<\/p>\n<p>Galardis Terra di Lavoro ist ein <a href=\"https:\/\/www.shopinlanghe.com\/sellers?render_type=sellerview&amp;id_seller=5\">Rotwein<\/a> aus Kampanien und besteht aus den Rebsorten Aglianico und Piedirosso, der f\u00fcr zw\u00f6lf Monate in neuen Eichenf\u00e4ssern ausgebaut wird.<\/p>\n","protected":false},"excerpt":{"rendered":"<p>GALARDI Terra di Lavoro 2021 Ein exzellenter und herausragender Rotwein, in allen Aromen punktgenau pr\u00e4sent wie ein Schweizer Uhrwerk mit feinster Struktur, F\u00fclle und vielschichtig warmen Aromen.Galardi Terra di Lavoro IGP ist einer der besten wie au\u00dfergewoehnlichsten Rotweine aus Italien, ein absolutes Meisterwerk italienischer Winzerkunst. Das Weingut Galardi um Francesco und Dora Catello erzeugt nur [&hellip;]<\/p>\n","protected":false},"featured_media":35738,"comment_status":"open","ping_status":"closed","template":"","meta":{"_acf_changed":false,"_monsterinsights_skip_tracking":false,"_monsterinsights_sitenote_active":false,"_monsterinsights_sitenote_note":"","_monsterinsights_sitenote_category":0},"product_brand":[],"product_cat":[1693],"product_tag":[15959],"class_list":{"0":"post-49122","1":"product","2":"type-product","3":"status-publish","4":"has-post-thumbnail","6":"product_cat-blend-2-de","7":"product_tag-vino-rosso-de","8":"pa_appellation-roccamonfina-igt","9":"pa_formato-0-75-l-flasche-de","10":"pa_producer-galardi-de","11":"pa_region-kampanien-de","12":"pa_vine-80-aglianico-e-20-piedirosso-de","13":"pa_vintage-18393","15":"first","16":"instock","17":"taxable","18":"shipping-taxable","19":"purchasable","20":"product-type-simple"},"bundled_by":[],"bundle_stock_status":"instock","bundle_stock_quantity":6,"bundle_virtual":false,"bundle_layout":"","bundle_add_to_cart_form_location":"","bundle_editable_in_cart":false,"bundle_sold_individually_context":"","bundle_item_grouping":"","bundle_min_size":"","bundle_max_size":"","bundle_price":[],"bundled_items":[],"bundle_sell_ids":[],"yoast_head":"<!-- This site is optimized with the Yoast SEO plugin v27.2 - https:\/\/yoast.com\/product\/yoast-seo-wordpress\/ -->\n<title>GALARDI Terra di Lavoro 2021 Aglianico und Piedirosso.<\/title>\n<meta name=\"description\" content=\"Kaufen online GALARDI Terra di Lavoro 2021 Aglianico und Piedirosso. -FonsVinum-\" \/>\n<meta name=\"robots\" content=\"index, follow, max-snippet:-1, max-image-preview:large, max-video-preview:-1\" \/>\n<link rel=\"canonical\" href=\"https:\/\/fonsvinum.com\/de\/produkt\/galardi-terra-di-lavoro-2021\/\" \/>\n<meta property=\"og:locale\" content=\"de_DE\" \/>\n<meta property=\"og:type\" content=\"article\" \/>\n<meta property=\"og:title\" content=\"GALARDI Terra di Lavoro 2021 Aglianico und Piedirosso.\" \/>\n<meta property=\"og:description\" content=\"Kaufen online GALARDI Terra di Lavoro 2021 Aglianico und Piedirosso. -FonsVinum-\" \/>\n<meta property=\"og:url\" content=\"https:\/\/fonsvinum.com\/de\/produkt\/galardi-terra-di-lavoro-2021\/\" \/>\n<meta property=\"og:site_name\" content=\"Fons Vinum\" \/>\n<meta property=\"article:modified_time\" content=\"2026-03-23T06:35:11+00:00\" \/>\n<meta property=\"og:image\" content=\"https:\/\/fonsvinum.com\/files\/2021\/10\/galardi-terra-di-lavoro.jpg\" \/>\n\t<meta property=\"og:image:width\" content=\"200\" \/>\n\t<meta property=\"og:image:height\" content=\"600\" \/>\n\t<meta property=\"og:image:type\" content=\"image\/jpeg\" \/>\n<meta name=\"twitter:label1\" content=\"Gesch\u00e4tzte Lesezeit\" \/>\n\t<meta name=\"twitter:data1\" content=\"1\u00a0Minute\" \/>\n<script type=\"application\/ld+json\" class=\"yoast-schema-graph\">{\"@context\":\"https:\/\/schema.org\",\"@graph\":[{\"@type\":\"WebPage\",\"@id\":\"https:\/\/fonsvinum.com\/de\/produkt\/galardi-terra-di-lavoro-2021\/\",\"url\":\"https:\/\/fonsvinum.com\/de\/produkt\/galardi-terra-di-lavoro-2021\/\",\"name\":\"GALARDI Terra di Lavoro 2021 Aglianico und Piedirosso.\",\"isPartOf\":{\"@id\":\"https:\/\/fonsvinum.com\/en\/#website\"},\"primaryImageOfPage\":{\"@id\":\"https:\/\/fonsvinum.com\/de\/produkt\/galardi-terra-di-lavoro-2021\/#primaryimage\"},\"image\":{\"@id\":\"https:\/\/fonsvinum.com\/de\/produkt\/galardi-terra-di-lavoro-2021\/#primaryimage\"},\"thumbnailUrl\":\"https:\/\/fonsvinum.com\/files\/2021\/10\/galardi-terra-di-lavoro.jpg\",\"datePublished\":\"2026-03-23T06:28:38+00:00\",\"dateModified\":\"2026-03-23T06:35:11+00:00\",\"description\":\"Kaufen online GALARDI Terra di Lavoro 2021 Aglianico und Piedirosso. -FonsVinum-\",\"breadcrumb\":{\"@id\":\"https:\/\/fonsvinum.com\/de\/produkt\/galardi-terra-di-lavoro-2021\/#breadcrumb\"},\"inLanguage\":\"de\",\"potentialAction\":[{\"@type\":\"ReadAction\",\"target\":[\"https:\/\/fonsvinum.com\/de\/produkt\/galardi-terra-di-lavoro-2021\/\"]}]},{\"@type\":\"ImageObject\",\"inLanguage\":\"de\",\"@id\":\"https:\/\/fonsvinum.com\/de\/produkt\/galardi-terra-di-lavoro-2021\/#primaryimage\",\"url\":\"https:\/\/fonsvinum.com\/files\/2021\/10\/galardi-terra-di-lavoro.jpg\",\"contentUrl\":\"https:\/\/fonsvinum.com\/files\/2021\/10\/galardi-terra-di-lavoro.jpg\",\"width\":200,\"height\":600},{\"@type\":\"BreadcrumbList\",\"@id\":\"https:\/\/fonsvinum.com\/de\/produkt\/galardi-terra-di-lavoro-2021\/#breadcrumb\",\"itemListElement\":[{\"@type\":\"ListItem\",\"position\":1,\"name\":\"Startseite\",\"item\":\"https:\/\/fonsvinum.com\/de\/\"},{\"@type\":\"ListItem\",\"position\":2,\"name\":\"Shop\",\"item\":\"https:\/\/fonsvinum.com\/de\/shop\/\"},{\"@type\":\"ListItem\",\"position\":3,\"name\":\"GALARDI Terra di Lavoro 2021\"}]},{\"@type\":\"WebSite\",\"@id\":\"https:\/\/fonsvinum.com\/en\/#website\",\"url\":\"https:\/\/fonsvinum.com\/en\/\",\"name\":\"Fons Vinum\",\"description\":\"Vendita Vino Online\",\"publisher\":{\"@id\":\"https:\/\/fonsvinum.com\/en\/#organization\"},\"potentialAction\":[{\"@type\":\"SearchAction\",\"target\":{\"@type\":\"EntryPoint\",\"urlTemplate\":\"https:\/\/fonsvinum.com\/en\/?s={search_term_string}\"},\"query-input\":{\"@type\":\"PropertyValueSpecification\",\"valueRequired\":true,\"valueName\":\"search_term_string\"}}],\"inLanguage\":\"de\"},{\"@type\":\"Organization\",\"@id\":\"https:\/\/fonsvinum.com\/en\/#organization\",\"name\":\"Fons Vinum\",\"url\":\"https:\/\/fonsvinum.com\/en\/\",\"logo\":{\"@type\":\"ImageObject\",\"inLanguage\":\"de\",\"@id\":\"https:\/\/fonsvinum.com\/en\/#\/schema\/logo\/image\/\",\"url\":\"\",\"contentUrl\":\"\",\"caption\":\"Fons Vinum\"},\"image\":{\"@id\":\"https:\/\/fonsvinum.com\/en\/#\/schema\/logo\/image\/\"}}]}<\/script>\n<!-- \/ Yoast SEO plugin. -->","yoast_head_json":{"title":"GALARDI Terra di Lavoro 2021 Aglianico und Piedirosso.","description":"Kaufen online GALARDI Terra di Lavoro 2021 Aglianico und Piedirosso. -FonsVinum-","robots":{"index":"index","follow":"follow","max-snippet":"max-snippet:-1","max-image-preview":"max-image-preview:large","max-video-preview":"max-video-preview:-1"},"canonical":"https:\/\/fonsvinum.com\/de\/produkt\/galardi-terra-di-lavoro-2021\/","og_locale":"de_DE","og_type":"article","og_title":"GALARDI Terra di Lavoro 2021 Aglianico und Piedirosso.","og_description":"Kaufen online GALARDI Terra di Lavoro 2021 Aglianico und Piedirosso. -FonsVinum-","og_url":"https:\/\/fonsvinum.com\/de\/produkt\/galardi-terra-di-lavoro-2021\/","og_site_name":"Fons Vinum","article_modified_time":"2026-03-23T06:35:11+00:00","og_image":[{"width":200,"height":600,"url":"https:\/\/fonsvinum.com\/files\/2021\/10\/galardi-terra-di-lavoro.jpg","type":"image\/jpeg"}],"twitter_misc":{"Gesch\u00e4tzte Lesezeit":"1\u00a0Minute"},"schema":{"@context":"https:\/\/schema.org","@graph":[{"@type":"WebPage","@id":"https:\/\/fonsvinum.com\/de\/produkt\/galardi-terra-di-lavoro-2021\/","url":"https:\/\/fonsvinum.com\/de\/produkt\/galardi-terra-di-lavoro-2021\/","name":"GALARDI Terra di Lavoro 2021 Aglianico und Piedirosso.","isPartOf":{"@id":"https:\/\/fonsvinum.com\/en\/#website"},"primaryImageOfPage":{"@id":"https:\/\/fonsvinum.com\/de\/produkt\/galardi-terra-di-lavoro-2021\/#primaryimage"},"image":{"@id":"https:\/\/fonsvinum.com\/de\/produkt\/galardi-terra-di-lavoro-2021\/#primaryimage"},"thumbnailUrl":"https:\/\/fonsvinum.com\/files\/2021\/10\/galardi-terra-di-lavoro.jpg","datePublished":"2026-03-23T06:28:38+00:00","dateModified":"2026-03-23T06:35:11+00:00","description":"Kaufen online GALARDI Terra di Lavoro 2021 Aglianico und Piedirosso. -FonsVinum-","breadcrumb":{"@id":"https:\/\/fonsvinum.com\/de\/produkt\/galardi-terra-di-lavoro-2021\/#breadcrumb"},"inLanguage":"de","potentialAction":[{"@type":"ReadAction","target":["https:\/\/fonsvinum.com\/de\/produkt\/galardi-terra-di-lavoro-2021\/"]}]},{"@type":"ImageObject","inLanguage":"de","@id":"https:\/\/fonsvinum.com\/de\/produkt\/galardi-terra-di-lavoro-2021\/#primaryimage","url":"https:\/\/fonsvinum.com\/files\/2021\/10\/galardi-terra-di-lavoro.jpg","contentUrl":"https:\/\/fonsvinum.com\/files\/2021\/10\/galardi-terra-di-lavoro.jpg","width":200,"height":600},{"@type":"BreadcrumbList","@id":"https:\/\/fonsvinum.com\/de\/produkt\/galardi-terra-di-lavoro-2021\/#breadcrumb","itemListElement":[{"@type":"ListItem","position":1,"name":"Startseite","item":"https:\/\/fonsvinum.com\/de\/"},{"@type":"ListItem","position":2,"name":"Shop","item":"https:\/\/fonsvinum.com\/de\/shop\/"},{"@type":"ListItem","position":3,"name":"GALARDI Terra di Lavoro 2021"}]},{"@type":"WebSite","@id":"https:\/\/fonsvinum.com\/en\/#website","url":"https:\/\/fonsvinum.com\/en\/","name":"Fons Vinum","description":"Vendita Vino Online","publisher":{"@id":"https:\/\/fonsvinum.com\/en\/#organization"},"potentialAction":[{"@type":"SearchAction","target":{"@type":"EntryPoint","urlTemplate":"https:\/\/fonsvinum.com\/en\/?s={search_term_string}"},"query-input":{"@type":"PropertyValueSpecification","valueRequired":true,"valueName":"search_term_string"}}],"inLanguage":"de"},{"@type":"Organization","@id":"https:\/\/fonsvinum.com\/en\/#organization","name":"Fons Vinum","url":"https:\/\/fonsvinum.com\/en\/","logo":{"@type":"ImageObject","inLanguage":"de","@id":"https:\/\/fonsvinum.com\/en\/#\/schema\/logo\/image\/","url":"","contentUrl":"","caption":"Fons Vinum"},"image":{"@id":"https:\/\/fonsvinum.com\/en\/#\/schema\/logo\/image\/"}}]}},"acf":[],"_links":{"self":[{"href":"https:\/\/fonsvinum.com\/de\/wp-json\/wp\/v2\/product\/49122","targetHints":{"allow":["GET"]}}],"collection":[{"href":"https:\/\/fonsvinum.com\/de\/wp-json\/wp\/v2\/product"}],"about":[{"href":"https:\/\/fonsvinum.com\/de\/wp-json\/wp\/v2\/types\/product"}],"replies":[{"embeddable":true,"href":"https:\/\/fonsvinum.com\/de\/wp-json\/wp\/v2\/comments?post=49122"}],"wp:featuredmedia":[{"embeddable":true,"href":"https:\/\/fonsvinum.com\/de\/wp-json\/wp\/v2\/media\/35738"}],"wp:attachment":[{"href":"https:\/\/fonsvinum.com\/de\/wp-json\/wp\/v2\/media?parent=49122"}],"wp:term":[{"taxonomy":"product_brand","embeddable":true,"href":"https:\/\/fonsvinum.com\/de\/wp-json\/wp\/v2\/product_brand?post=49122"},{"taxonomy":"product_cat","embeddable":true,"href":"https:\/\/fonsvinum.com\/de\/wp-json\/wp\/v2\/product_cat?post=49122"},{"taxonomy":"product_tag","embeddable":true,"href":"https:\/\/fonsvinum.com\/de\/wp-json\/wp\/v2\/product_tag?post=49122"}],"curies":[{"name":"wp","href":"https:\/\/api.w.org\/{rel}","templated":true}]}}