{"id":49110,"date":"2026-03-23T05:23:14","date_gmt":"2026-03-23T04:23:14","guid":{"rendered":"https:\/\/fonsvinum.com\/?post_type=product&#038;p=49110"},"modified":"2026-03-23T05:33:22","modified_gmt":"2026-03-23T04:33:22","slug":"montevertine-pian-del-ciampolo-2023","status":"publish","type":"product","link":"https:\/\/fonsvinum.com\/de\/produkt\/montevertine-pian-del-ciampolo-2023\/","title":{"rendered":"MONTEVERTINE Pian del Ciampolo 2023"},"content":{"rendered":"<h1><a href=\"https:\/\/fonsvinum.com\/de\/attributes\/producer\/montevertine-societa-agricola-de\/\">MONTEVERTINE<\/a> <a href=\"https:\/\/fonsvinum.com\/de\/?s=pian+del+ciampolo&amp;post_type=product\">Pian del Ciampolo<\/a> 2022<\/h1>\n<h2>Weingut Montevertine<\/h2>\n<p>Es liegt im Herzen der Chianti-H\u00fcgel, in der Gemeinde Radda in Chianti, auf einer H\u00f6he von 425 Metern.<br \/>\nDie Gegend ist nachweislich seit dem 11. Jahrhundert besiedelt.<br \/>\nTats\u00e4chlich sind noch Spuren des urspr\u00fcnglichen Geb\u00e4udes erhalten, das zweifellos Verteidigungszwecken diente. Heute wird es als Landsitz genutzt.<\/p>\n<p>1967 erwarb Sergio <a href=\"https:\/\/www.montevertine.it\/\">Manetti<\/a>, damals Stahlindustrieller, Montevertine als Ferienhaus. Er renovierte das Haus, um es bewohnbar zu machen. Au\u00dferdem bepflanzte er zwei Hektar mit Weinbergen und richtete einen kleinen Weinkeller ein, um Wein f\u00fcr Freunde und Kunden zu produzieren.<\/p>\n<p>Der erste Jahrgang, 1971, war vielversprechend, und Sergio Manetti beschloss, einige Flaschen \u00fcber die Handelskammer von Siena an die Vinitaly in Verona zu schicken. Der Wein war ein sofortiger Erfolg. Herr Manetti war so begeistert, dass er nach einigen Jahren seinen Hauptberuf aufgab, um sich ganz dem Weinbau zu widmen. Neue Weinberge und neue Weinkeller wurden angelegt, und diese Entwicklung wurde \u00fcber die Jahre hinweg ununterbrochen fortgesetzt, sodass das Unternehmen bis heute weiter w\u00e4chst.<\/p>\n<p>Nach dem Tod von Sergio Manetti im November 2000 wird das Weingut nun von seinem Sohn Martino Manetti geleitet, unterst\u00fctzt von Bruno Bini, einem geb\u00fcrtigen Montevertiner und profunden Kenner der Region und ihrer B\u00f6den.<\/p>\n<p>Giulio Gambelli war seit der Gr\u00fcndung des Unternehmens dessen Berater und Mentor. Die Weine von Montevertine entstanden dank seiner Hilfe und Erfahrung. Nach seinem Tod wird sein Werk nun von seinem Lehrling, dem \u00d6nologen Paolo Salvi, in der Tradition des Unternehmens fortgef\u00fchrt.<\/p>\n<h2>PIAN \u200b\u200bDEL CIAMPOLO<\/h2>\n<p>Dies ist unser unkompliziertester Wein, geeignet f\u00fcr alle Anl\u00e4sse. Er wird aus Sangiovese-, Canaiolo- und Colorino-Trauben aus all unseren Weinbergen hergestellt und reift ein Jahr lang in F\u00e4ssern aus slawonischer Eiche.<\/p>\n<h2>Eigenschaften<\/h2>\n<p>Alkoholische G\u00e4rung: ca. 25 Tage in Zementtanks<br \/>\nMalolaktische G\u00e4rung: in Zementtanks<br \/>\nReifung: 12 Monate in F\u00e4ssern aus slawonischer Eiche, 3 Monate in der Flasche<br \/>\nServiertemperatur: 17\u201318 \u00b0C<br \/>\nPasst zu: Wurstwaren, Pastagerichten, Gegrilltem<br \/>\nVerkostungsnotizen<\/p>\n<p>Farbe: Leuchtendes Rubinrot<br \/>\nDuft: Noten von Veilchen und dunklen Gew\u00fcrzen, mit einem Abgang von aromatischen Kr\u00e4utern<br \/>\nGeschmack: Vollmundig und intensiv, mit angenehmer Frische und herzhaften Aromen, mit einem tanninreichen Abgang<\/p>\n","protected":false},"excerpt":{"rendered":"<p>MONTEVERTINE Pian del Ciampolo 2022 Weingut Montevertine Es liegt im Herzen der Chianti-H\u00fcgel, in der Gemeinde Radda in Chianti, auf einer H\u00f6he von 425 Metern. Die Gegend ist nachweislich seit dem 11. Jahrhundert besiedelt. Tats\u00e4chlich sind noch Spuren des urspr\u00fcnglichen Geb\u00e4udes erhalten, das zweifellos Verteidigungszwecken diente. Heute wird es als Landsitz genutzt. 1967 erwarb Sergio [&hellip;]<\/p>\n","protected":false},"featured_media":33652,"comment_status":"open","ping_status":"closed","template":"","meta":{"_acf_changed":false,"_monsterinsights_skip_tracking":false,"_monsterinsights_sitenote_active":false,"_monsterinsights_sitenote_note":"","_monsterinsights_sitenote_category":0},"product_brand":[],"product_cat":[1693],"product_tag":[15959,3583],"class_list":{"0":"post-49110","1":"product","2":"type-product","3":"status-publish","4":"has-post-thumbnail","6":"product_cat-blend-2-de","7":"product_tag-vino-rosso-de","8":"product_tag-vini-toscani-de","9":"pa_appellation-toscana-rosso-igt-de","10":"pa_formato-0-75-l-flasche-de","11":"pa_producer-montevertine-societa-agricola-de","12":"pa_region-toskana-de","13":"pa_vine-sangiovese-90-canaiolo-5-e-colorino-5-de","14":"pa_vintage-18401","16":"first","17":"instock","18":"taxable","19":"shipping-taxable","20":"purchasable","21":"product-type-simple"},"bundled_by":[],"bundle_stock_status":"instock","bundle_stock_quantity":12,"bundle_virtual":false,"bundle_layout":"","bundle_add_to_cart_form_location":"","bundle_editable_in_cart":false,"bundle_sold_individually_context":"","bundle_item_grouping":"","bundle_min_size":"","bundle_max_size":"","bundle_price":[],"bundled_items":[],"bundle_sell_ids":[],"yoast_head":"<!-- This site is optimized with the Yoast SEO plugin v27.2 - https:\/\/yoast.com\/product\/yoast-seo-wordpress\/ -->\n<title>Kaufen online MONTEVERTINE Pian del Ciampolo 2023<\/title>\n<meta name=\"description\" content=\"Kaufen online MONTEVERTINE Pian del Ciampolo 2023\" \/>\n<meta name=\"robots\" content=\"index, follow, max-snippet:-1, max-image-preview:large, max-video-preview:-1\" \/>\n<link rel=\"canonical\" href=\"https:\/\/fonsvinum.com\/de\/produkt\/montevertine-pian-del-ciampolo-2023\/\" \/>\n<meta property=\"og:locale\" content=\"de_DE\" \/>\n<meta property=\"og:type\" content=\"article\" \/>\n<meta property=\"og:title\" content=\"Kaufen online MONTEVERTINE Pian del Ciampolo 2023\" \/>\n<meta property=\"og:description\" content=\"Kaufen online MONTEVERTINE Pian del Ciampolo 2023\" \/>\n<meta property=\"og:url\" content=\"https:\/\/fonsvinum.com\/de\/produkt\/montevertine-pian-del-ciampolo-2023\/\" \/>\n<meta property=\"og:site_name\" content=\"Fons Vinum\" \/>\n<meta property=\"article:modified_time\" content=\"2026-03-23T04:33:22+00:00\" \/>\n<meta property=\"og:image\" content=\"https:\/\/fonsvinum.com\/files\/2021\/06\/pian-del-ciampolo-montevertine.jpg\" \/>\n\t<meta property=\"og:image:width\" content=\"200\" \/>\n\t<meta property=\"og:image:height\" content=\"600\" \/>\n\t<meta property=\"og:image:type\" content=\"image\/jpeg\" \/>\n<meta name=\"twitter:label1\" content=\"Gesch\u00e4tzte Lesezeit\" \/>\n\t<meta name=\"twitter:data1\" content=\"3\u00a0Minuten\" \/>\n<script type=\"application\/ld+json\" class=\"yoast-schema-graph\">{\"@context\":\"https:\/\/schema.org\",\"@graph\":[{\"@type\":\"WebPage\",\"@id\":\"https:\/\/fonsvinum.com\/de\/produkt\/montevertine-pian-del-ciampolo-2023\/\",\"url\":\"https:\/\/fonsvinum.com\/de\/produkt\/montevertine-pian-del-ciampolo-2023\/\",\"name\":\"Kaufen online MONTEVERTINE Pian del Ciampolo 2023\",\"isPartOf\":{\"@id\":\"https:\/\/fonsvinum.com\/en\/#website\"},\"primaryImageOfPage\":{\"@id\":\"https:\/\/fonsvinum.com\/de\/produkt\/montevertine-pian-del-ciampolo-2023\/#primaryimage\"},\"image\":{\"@id\":\"https:\/\/fonsvinum.com\/de\/produkt\/montevertine-pian-del-ciampolo-2023\/#primaryimage\"},\"thumbnailUrl\":\"https:\/\/fonsvinum.com\/files\/2021\/06\/pian-del-ciampolo-montevertine.jpg\",\"datePublished\":\"2026-03-23T04:23:14+00:00\",\"dateModified\":\"2026-03-23T04:33:22+00:00\",\"description\":\"Kaufen online MONTEVERTINE Pian del Ciampolo 2023\",\"breadcrumb\":{\"@id\":\"https:\/\/fonsvinum.com\/de\/produkt\/montevertine-pian-del-ciampolo-2023\/#breadcrumb\"},\"inLanguage\":\"de\",\"potentialAction\":[{\"@type\":\"ReadAction\",\"target\":[\"https:\/\/fonsvinum.com\/de\/produkt\/montevertine-pian-del-ciampolo-2023\/\"]}]},{\"@type\":\"ImageObject\",\"inLanguage\":\"de\",\"@id\":\"https:\/\/fonsvinum.com\/de\/produkt\/montevertine-pian-del-ciampolo-2023\/#primaryimage\",\"url\":\"https:\/\/fonsvinum.com\/files\/2021\/06\/pian-del-ciampolo-montevertine.jpg\",\"contentUrl\":\"https:\/\/fonsvinum.com\/files\/2021\/06\/pian-del-ciampolo-montevertine.jpg\",\"width\":200,\"height\":600},{\"@type\":\"BreadcrumbList\",\"@id\":\"https:\/\/fonsvinum.com\/de\/produkt\/montevertine-pian-del-ciampolo-2023\/#breadcrumb\",\"itemListElement\":[{\"@type\":\"ListItem\",\"position\":1,\"name\":\"Startseite\",\"item\":\"https:\/\/fonsvinum.com\/de\/\"},{\"@type\":\"ListItem\",\"position\":2,\"name\":\"Shop\",\"item\":\"https:\/\/fonsvinum.com\/de\/shop\/\"},{\"@type\":\"ListItem\",\"position\":3,\"name\":\"MONTEVERTINE Pian del Ciampolo 2023\"}]},{\"@type\":\"WebSite\",\"@id\":\"https:\/\/fonsvinum.com\/en\/#website\",\"url\":\"https:\/\/fonsvinum.com\/en\/\",\"name\":\"Fons Vinum\",\"description\":\"Vendita Vino Online\",\"publisher\":{\"@id\":\"https:\/\/fonsvinum.com\/en\/#organization\"},\"potentialAction\":[{\"@type\":\"SearchAction\",\"target\":{\"@type\":\"EntryPoint\",\"urlTemplate\":\"https:\/\/fonsvinum.com\/en\/?s={search_term_string}\"},\"query-input\":{\"@type\":\"PropertyValueSpecification\",\"valueRequired\":true,\"valueName\":\"search_term_string\"}}],\"inLanguage\":\"de\"},{\"@type\":\"Organization\",\"@id\":\"https:\/\/fonsvinum.com\/en\/#organization\",\"name\":\"Fons Vinum\",\"url\":\"https:\/\/fonsvinum.com\/en\/\",\"logo\":{\"@type\":\"ImageObject\",\"inLanguage\":\"de\",\"@id\":\"https:\/\/fonsvinum.com\/en\/#\/schema\/logo\/image\/\",\"url\":\"\",\"contentUrl\":\"\",\"caption\":\"Fons Vinum\"},\"image\":{\"@id\":\"https:\/\/fonsvinum.com\/en\/#\/schema\/logo\/image\/\"}}]}<\/script>\n<!-- \/ Yoast SEO plugin. -->","yoast_head_json":{"title":"Kaufen online MONTEVERTINE Pian del Ciampolo 2023","description":"Kaufen online MONTEVERTINE Pian del Ciampolo 2023","robots":{"index":"index","follow":"follow","max-snippet":"max-snippet:-1","max-image-preview":"max-image-preview:large","max-video-preview":"max-video-preview:-1"},"canonical":"https:\/\/fonsvinum.com\/de\/produkt\/montevertine-pian-del-ciampolo-2023\/","og_locale":"de_DE","og_type":"article","og_title":"Kaufen online MONTEVERTINE Pian del Ciampolo 2023","og_description":"Kaufen online MONTEVERTINE Pian del Ciampolo 2023","og_url":"https:\/\/fonsvinum.com\/de\/produkt\/montevertine-pian-del-ciampolo-2023\/","og_site_name":"Fons Vinum","article_modified_time":"2026-03-23T04:33:22+00:00","og_image":[{"width":200,"height":600,"url":"https:\/\/fonsvinum.com\/files\/2021\/06\/pian-del-ciampolo-montevertine.jpg","type":"image\/jpeg"}],"twitter_misc":{"Gesch\u00e4tzte Lesezeit":"3\u00a0Minuten"},"schema":{"@context":"https:\/\/schema.org","@graph":[{"@type":"WebPage","@id":"https:\/\/fonsvinum.com\/de\/produkt\/montevertine-pian-del-ciampolo-2023\/","url":"https:\/\/fonsvinum.com\/de\/produkt\/montevertine-pian-del-ciampolo-2023\/","name":"Kaufen online MONTEVERTINE Pian del Ciampolo 2023","isPartOf":{"@id":"https:\/\/fonsvinum.com\/en\/#website"},"primaryImageOfPage":{"@id":"https:\/\/fonsvinum.com\/de\/produkt\/montevertine-pian-del-ciampolo-2023\/#primaryimage"},"image":{"@id":"https:\/\/fonsvinum.com\/de\/produkt\/montevertine-pian-del-ciampolo-2023\/#primaryimage"},"thumbnailUrl":"https:\/\/fonsvinum.com\/files\/2021\/06\/pian-del-ciampolo-montevertine.jpg","datePublished":"2026-03-23T04:23:14+00:00","dateModified":"2026-03-23T04:33:22+00:00","description":"Kaufen online MONTEVERTINE Pian del Ciampolo 2023","breadcrumb":{"@id":"https:\/\/fonsvinum.com\/de\/produkt\/montevertine-pian-del-ciampolo-2023\/#breadcrumb"},"inLanguage":"de","potentialAction":[{"@type":"ReadAction","target":["https:\/\/fonsvinum.com\/de\/produkt\/montevertine-pian-del-ciampolo-2023\/"]}]},{"@type":"ImageObject","inLanguage":"de","@id":"https:\/\/fonsvinum.com\/de\/produkt\/montevertine-pian-del-ciampolo-2023\/#primaryimage","url":"https:\/\/fonsvinum.com\/files\/2021\/06\/pian-del-ciampolo-montevertine.jpg","contentUrl":"https:\/\/fonsvinum.com\/files\/2021\/06\/pian-del-ciampolo-montevertine.jpg","width":200,"height":600},{"@type":"BreadcrumbList","@id":"https:\/\/fonsvinum.com\/de\/produkt\/montevertine-pian-del-ciampolo-2023\/#breadcrumb","itemListElement":[{"@type":"ListItem","position":1,"name":"Startseite","item":"https:\/\/fonsvinum.com\/de\/"},{"@type":"ListItem","position":2,"name":"Shop","item":"https:\/\/fonsvinum.com\/de\/shop\/"},{"@type":"ListItem","position":3,"name":"MONTEVERTINE Pian del Ciampolo 2023"}]},{"@type":"WebSite","@id":"https:\/\/fonsvinum.com\/en\/#website","url":"https:\/\/fonsvinum.com\/en\/","name":"Fons Vinum","description":"Vendita Vino Online","publisher":{"@id":"https:\/\/fonsvinum.com\/en\/#organization"},"potentialAction":[{"@type":"SearchAction","target":{"@type":"EntryPoint","urlTemplate":"https:\/\/fonsvinum.com\/en\/?s={search_term_string}"},"query-input":{"@type":"PropertyValueSpecification","valueRequired":true,"valueName":"search_term_string"}}],"inLanguage":"de"},{"@type":"Organization","@id":"https:\/\/fonsvinum.com\/en\/#organization","name":"Fons Vinum","url":"https:\/\/fonsvinum.com\/en\/","logo":{"@type":"ImageObject","inLanguage":"de","@id":"https:\/\/fonsvinum.com\/en\/#\/schema\/logo\/image\/","url":"","contentUrl":"","caption":"Fons Vinum"},"image":{"@id":"https:\/\/fonsvinum.com\/en\/#\/schema\/logo\/image\/"}}]}},"acf":[],"_links":{"self":[{"href":"https:\/\/fonsvinum.com\/de\/wp-json\/wp\/v2\/product\/49110","targetHints":{"allow":["GET"]}}],"collection":[{"href":"https:\/\/fonsvinum.com\/de\/wp-json\/wp\/v2\/product"}],"about":[{"href":"https:\/\/fonsvinum.com\/de\/wp-json\/wp\/v2\/types\/product"}],"replies":[{"embeddable":true,"href":"https:\/\/fonsvinum.com\/de\/wp-json\/wp\/v2\/comments?post=49110"}],"wp:featuredmedia":[{"embeddable":true,"href":"https:\/\/fonsvinum.com\/de\/wp-json\/wp\/v2\/media\/33652"}],"wp:attachment":[{"href":"https:\/\/fonsvinum.com\/de\/wp-json\/wp\/v2\/media?parent=49110"}],"wp:term":[{"taxonomy":"product_brand","embeddable":true,"href":"https:\/\/fonsvinum.com\/de\/wp-json\/wp\/v2\/product_brand?post=49110"},{"taxonomy":"product_cat","embeddable":true,"href":"https:\/\/fonsvinum.com\/de\/wp-json\/wp\/v2\/product_cat?post=49110"},{"taxonomy":"product_tag","embeddable":true,"href":"https:\/\/fonsvinum.com\/de\/wp-json\/wp\/v2\/product_tag?post=49110"}],"curies":[{"name":"wp","href":"https:\/\/api.w.org\/{rel}","templated":true}]}}