{"id":49086,"date":"2026-03-19T11:06:59","date_gmt":"2026-03-19T10:06:59","guid":{"rendered":"https:\/\/fonsvinum.com\/?post_type=product&#038;p=49086"},"modified":"2026-03-19T15:36:53","modified_gmt":"2026-03-19T14:36:53","slug":"ceretto-barbaresco-bio-2022","status":"publish","type":"product","link":"https:\/\/fonsvinum.com\/de\/produkt\/ceretto-barbaresco-bio-2022\/","title":{"rendered":"CERETTO BARBARESCO BIO 2022"},"content":{"rendered":"<h1>CERETTO BARBARESCO BIO 2022<\/h1>\n<h2>CERETTO BARBARESCO BIO 2022<\/h2>\n<p id=\"tw-target-text\" class=\"tw-data-text tw-text-large tw-ta\" dir=\"ltr\" data-placeholder=\"Traduzione\"><span class=\"Y2IQFc\" lang=\"de\">Mit dem Jahrgang 2010 des Barolo und dem Jahrgang 2011 des Barbaresco werden die Namen auf den entsprechenden Etiketten von Zonchera und Asij zu Barolo Ceretto und Barbaresco Ceretto vereinfacht. In den 60er Jahren wurden Zonchera und Asij als erste Barolo und Barbaresco des Ceretto-Hauses aus den Zonchetta-Weinbergen von La Morra unter den Weing\u00fctern Brunate und Asili di Barbaresco geboren. Bis in die 1970er Jahre waren sie unsere Top-Labels, bis wir begannen, in die gro\u00dfen Crus zu investieren und die ersten Hektar zu kaufen. Von hier aus wurde aus Zuneigung beschlossen, die Produktion getrennt zu halten. Zonchera und Asij sind daher die Zweitweine unseres ber\u00fchmtesten Barolo und Barbaresco geworden. Ihre Weinbereitung fand schon immer im Keller von Alba statt und so kam es auch beim Ausbau dazu, dass die Trauben dann aus verschiedenen Weinbergen und nicht aus einzelnen Parzellen stammten. Klassische Weine, verstanden als Weine zu Beginn des letzten Jahrhunderts, als das Konzept des Cru von unseren Winzern v\u00f6llig ignoriert wurde. Weinbereitung Die durch einheimische Hefen eingeleitete G\u00e4rung erfolgt mit aufgegangenem Tresterhut in Stahltanks und endet nach 14\/15 Tagen. Der Prozess endet mit einer 10\/15-t\u00e4gigen Mazeration. Die Temperatur folgt dem Fortgang der G\u00e4rung. Altern Nach der malolaktischen G\u00e4rung (Dezember) wird der Wein f\u00fcr 12 Monate in Tonneaux aus franz\u00f6sischer Eiche und 12 Monate lang in 25-hl-F\u00e4ssern umgef\u00fcllt.<\/span><\/p>\n","protected":false},"excerpt":{"rendered":"<p>CERETTO BARBARESCO BIO 2022 CERETTO BARBARESCO BIO 2022 Mit dem Jahrgang 2010 des Barolo und dem Jahrgang 2011 des Barbaresco werden die Namen auf den entsprechenden Etiketten von Zonchera und Asij zu Barolo Ceretto und Barbaresco Ceretto vereinfacht. In den 60er Jahren wurden Zonchera und Asij als erste Barolo und Barbaresco des Ceretto-Hauses aus den [&hellip;]<\/p>\n","protected":false},"featured_media":41913,"comment_status":"open","ping_status":"closed","template":"","meta":{"_acf_changed":false,"_monsterinsights_skip_tracking":false,"_monsterinsights_sitenote_active":false,"_monsterinsights_sitenote_note":"","_monsterinsights_sitenote_category":0},"product_brand":[],"product_cat":[1773],"product_tag":[15895,15893,15959],"class_list":{"0":"post-49086","1":"product","2":"type-product","3":"status-publish","4":"has-post-thumbnail","6":"product_cat-barbaresco-de","7":"product_tag-barbaresco-de-2","8":"product_tag-piemonte-de","9":"product_tag-vino-rosso-de","10":"pa_appellation-barbaresco-docg-de","11":"pa_formato-0-75-l-flasche-de","12":"pa_producer-ceretto-de","13":"pa_region-piemont-de","14":"pa_vine-100-nebbiolo-de","15":"pa_vintage-18397","17":"first","18":"instock","19":"taxable","20":"shipping-taxable","21":"purchasable","22":"product-type-simple"},"bundled_by":[],"bundle_stock_status":"instock","bundle_stock_quantity":12,"bundle_virtual":false,"bundle_layout":"","bundle_add_to_cart_form_location":"","bundle_editable_in_cart":false,"bundle_sold_individually_context":"","bundle_item_grouping":"","bundle_min_size":"","bundle_max_size":"","bundle_price":[],"bundled_items":[],"bundle_sell_ids":[],"yoast_head":"<!-- This site is optimized with the Yoast SEO plugin v27.2 - https:\/\/yoast.com\/product\/yoast-seo-wordpress\/ -->\n<title>Kaufen online CERETTO BARBARESCO BIO 2022- FonsVinum<\/title>\n<meta name=\"description\" content=\"Kaufen online CERETTO BARBARESCO BIO 2022 - FonsVinum Kaufen online BARBARESCO CERETTO 2019 - FonsVinum Kaufen online BARBARESCO CERETTO 2019 - FonsVinum\" \/>\n<meta name=\"robots\" content=\"index, follow, max-snippet:-1, max-image-preview:large, max-video-preview:-1\" \/>\n<link rel=\"canonical\" href=\"https:\/\/fonsvinum.com\/de\/produkt\/ceretto-barbaresco-bio-2022\/\" \/>\n<meta property=\"og:locale\" content=\"de_DE\" \/>\n<meta property=\"og:type\" content=\"article\" \/>\n<meta property=\"og:title\" content=\"Kaufen online CERETTO BARBARESCO BIO 2022- FonsVinum\" \/>\n<meta property=\"og:description\" content=\"Kaufen online CERETTO BARBARESCO BIO 2022 - FonsVinum Kaufen online BARBARESCO CERETTO 2019 - FonsVinum Kaufen online BARBARESCO CERETTO 2019 - FonsVinum\" \/>\n<meta property=\"og:url\" content=\"https:\/\/fonsvinum.com\/de\/produkt\/ceretto-barbaresco-bio-2022\/\" \/>\n<meta property=\"og:site_name\" content=\"Fons Vinum\" \/>\n<meta property=\"article:modified_time\" content=\"2026-03-19T14:36:53+00:00\" \/>\n<meta property=\"og:image\" content=\"https:\/\/fonsvinum.com\/files\/2023\/08\/ceretto-barbaresco.png\" \/>\n\t<meta property=\"og:image:width\" content=\"200\" \/>\n\t<meta property=\"og:image:height\" content=\"600\" \/>\n\t<meta property=\"og:image:type\" content=\"image\/png\" \/>\n<meta name=\"twitter:label1\" content=\"Gesch\u00e4tzte Lesezeit\" \/>\n\t<meta name=\"twitter:data1\" content=\"2\u00a0Minuten\" \/>\n<script type=\"application\/ld+json\" class=\"yoast-schema-graph\">{\"@context\":\"https:\/\/schema.org\",\"@graph\":[{\"@type\":\"WebPage\",\"@id\":\"https:\/\/fonsvinum.com\/de\/produkt\/ceretto-barbaresco-bio-2022\/\",\"url\":\"https:\/\/fonsvinum.com\/de\/produkt\/ceretto-barbaresco-bio-2022\/\",\"name\":\"Kaufen online CERETTO BARBARESCO BIO 2022- FonsVinum\",\"isPartOf\":{\"@id\":\"https:\/\/fonsvinum.com\/en\/#website\"},\"primaryImageOfPage\":{\"@id\":\"https:\/\/fonsvinum.com\/de\/produkt\/ceretto-barbaresco-bio-2022\/#primaryimage\"},\"image\":{\"@id\":\"https:\/\/fonsvinum.com\/de\/produkt\/ceretto-barbaresco-bio-2022\/#primaryimage\"},\"thumbnailUrl\":\"https:\/\/fonsvinum.com\/files\/2023\/08\/ceretto-barbaresco.png\",\"datePublished\":\"2026-03-19T10:06:59+00:00\",\"dateModified\":\"2026-03-19T14:36:53+00:00\",\"description\":\"Kaufen online CERETTO BARBARESCO BIO 2022 - FonsVinum Kaufen online BARBARESCO CERETTO 2019 - FonsVinum Kaufen online BARBARESCO CERETTO 2019 - FonsVinum\",\"breadcrumb\":{\"@id\":\"https:\/\/fonsvinum.com\/de\/produkt\/ceretto-barbaresco-bio-2022\/#breadcrumb\"},\"inLanguage\":\"de\",\"potentialAction\":[{\"@type\":\"ReadAction\",\"target\":[\"https:\/\/fonsvinum.com\/de\/produkt\/ceretto-barbaresco-bio-2022\/\"]}]},{\"@type\":\"ImageObject\",\"inLanguage\":\"de\",\"@id\":\"https:\/\/fonsvinum.com\/de\/produkt\/ceretto-barbaresco-bio-2022\/#primaryimage\",\"url\":\"https:\/\/fonsvinum.com\/files\/2023\/08\/ceretto-barbaresco.png\",\"contentUrl\":\"https:\/\/fonsvinum.com\/files\/2023\/08\/ceretto-barbaresco.png\",\"width\":200,\"height\":600},{\"@type\":\"BreadcrumbList\",\"@id\":\"https:\/\/fonsvinum.com\/de\/produkt\/ceretto-barbaresco-bio-2022\/#breadcrumb\",\"itemListElement\":[{\"@type\":\"ListItem\",\"position\":1,\"name\":\"Startseite\",\"item\":\"https:\/\/fonsvinum.com\/de\/\"},{\"@type\":\"ListItem\",\"position\":2,\"name\":\"Shop\",\"item\":\"https:\/\/fonsvinum.com\/de\/shop\/\"},{\"@type\":\"ListItem\",\"position\":3,\"name\":\"CERETTO BARBARESCO BIO 2022\"}]},{\"@type\":\"WebSite\",\"@id\":\"https:\/\/fonsvinum.com\/en\/#website\",\"url\":\"https:\/\/fonsvinum.com\/en\/\",\"name\":\"Fons Vinum\",\"description\":\"Vendita Vino Online\",\"publisher\":{\"@id\":\"https:\/\/fonsvinum.com\/en\/#organization\"},\"potentialAction\":[{\"@type\":\"SearchAction\",\"target\":{\"@type\":\"EntryPoint\",\"urlTemplate\":\"https:\/\/fonsvinum.com\/en\/?s={search_term_string}\"},\"query-input\":{\"@type\":\"PropertyValueSpecification\",\"valueRequired\":true,\"valueName\":\"search_term_string\"}}],\"inLanguage\":\"de\"},{\"@type\":\"Organization\",\"@id\":\"https:\/\/fonsvinum.com\/en\/#organization\",\"name\":\"Fons Vinum\",\"url\":\"https:\/\/fonsvinum.com\/en\/\",\"logo\":{\"@type\":\"ImageObject\",\"inLanguage\":\"de\",\"@id\":\"https:\/\/fonsvinum.com\/en\/#\/schema\/logo\/image\/\",\"url\":\"\",\"contentUrl\":\"\",\"caption\":\"Fons Vinum\"},\"image\":{\"@id\":\"https:\/\/fonsvinum.com\/en\/#\/schema\/logo\/image\/\"}}]}<\/script>\n<!-- \/ Yoast SEO plugin. -->","yoast_head_json":{"title":"Kaufen online CERETTO BARBARESCO BIO 2022- FonsVinum","description":"Kaufen online CERETTO BARBARESCO BIO 2022 - FonsVinum Kaufen online BARBARESCO CERETTO 2019 - FonsVinum Kaufen online BARBARESCO CERETTO 2019 - FonsVinum","robots":{"index":"index","follow":"follow","max-snippet":"max-snippet:-1","max-image-preview":"max-image-preview:large","max-video-preview":"max-video-preview:-1"},"canonical":"https:\/\/fonsvinum.com\/de\/produkt\/ceretto-barbaresco-bio-2022\/","og_locale":"de_DE","og_type":"article","og_title":"Kaufen online CERETTO BARBARESCO BIO 2022- FonsVinum","og_description":"Kaufen online CERETTO BARBARESCO BIO 2022 - FonsVinum Kaufen online BARBARESCO CERETTO 2019 - FonsVinum Kaufen online BARBARESCO CERETTO 2019 - FonsVinum","og_url":"https:\/\/fonsvinum.com\/de\/produkt\/ceretto-barbaresco-bio-2022\/","og_site_name":"Fons Vinum","article_modified_time":"2026-03-19T14:36:53+00:00","og_image":[{"width":200,"height":600,"url":"https:\/\/fonsvinum.com\/files\/2023\/08\/ceretto-barbaresco.png","type":"image\/png"}],"twitter_misc":{"Gesch\u00e4tzte Lesezeit":"2\u00a0Minuten"},"schema":{"@context":"https:\/\/schema.org","@graph":[{"@type":"WebPage","@id":"https:\/\/fonsvinum.com\/de\/produkt\/ceretto-barbaresco-bio-2022\/","url":"https:\/\/fonsvinum.com\/de\/produkt\/ceretto-barbaresco-bio-2022\/","name":"Kaufen online CERETTO BARBARESCO BIO 2022- FonsVinum","isPartOf":{"@id":"https:\/\/fonsvinum.com\/en\/#website"},"primaryImageOfPage":{"@id":"https:\/\/fonsvinum.com\/de\/produkt\/ceretto-barbaresco-bio-2022\/#primaryimage"},"image":{"@id":"https:\/\/fonsvinum.com\/de\/produkt\/ceretto-barbaresco-bio-2022\/#primaryimage"},"thumbnailUrl":"https:\/\/fonsvinum.com\/files\/2023\/08\/ceretto-barbaresco.png","datePublished":"2026-03-19T10:06:59+00:00","dateModified":"2026-03-19T14:36:53+00:00","description":"Kaufen online CERETTO BARBARESCO BIO 2022 - FonsVinum Kaufen online BARBARESCO CERETTO 2019 - FonsVinum Kaufen online BARBARESCO CERETTO 2019 - FonsVinum","breadcrumb":{"@id":"https:\/\/fonsvinum.com\/de\/produkt\/ceretto-barbaresco-bio-2022\/#breadcrumb"},"inLanguage":"de","potentialAction":[{"@type":"ReadAction","target":["https:\/\/fonsvinum.com\/de\/produkt\/ceretto-barbaresco-bio-2022\/"]}]},{"@type":"ImageObject","inLanguage":"de","@id":"https:\/\/fonsvinum.com\/de\/produkt\/ceretto-barbaresco-bio-2022\/#primaryimage","url":"https:\/\/fonsvinum.com\/files\/2023\/08\/ceretto-barbaresco.png","contentUrl":"https:\/\/fonsvinum.com\/files\/2023\/08\/ceretto-barbaresco.png","width":200,"height":600},{"@type":"BreadcrumbList","@id":"https:\/\/fonsvinum.com\/de\/produkt\/ceretto-barbaresco-bio-2022\/#breadcrumb","itemListElement":[{"@type":"ListItem","position":1,"name":"Startseite","item":"https:\/\/fonsvinum.com\/de\/"},{"@type":"ListItem","position":2,"name":"Shop","item":"https:\/\/fonsvinum.com\/de\/shop\/"},{"@type":"ListItem","position":3,"name":"CERETTO BARBARESCO BIO 2022"}]},{"@type":"WebSite","@id":"https:\/\/fonsvinum.com\/en\/#website","url":"https:\/\/fonsvinum.com\/en\/","name":"Fons Vinum","description":"Vendita Vino Online","publisher":{"@id":"https:\/\/fonsvinum.com\/en\/#organization"},"potentialAction":[{"@type":"SearchAction","target":{"@type":"EntryPoint","urlTemplate":"https:\/\/fonsvinum.com\/en\/?s={search_term_string}"},"query-input":{"@type":"PropertyValueSpecification","valueRequired":true,"valueName":"search_term_string"}}],"inLanguage":"de"},{"@type":"Organization","@id":"https:\/\/fonsvinum.com\/en\/#organization","name":"Fons Vinum","url":"https:\/\/fonsvinum.com\/en\/","logo":{"@type":"ImageObject","inLanguage":"de","@id":"https:\/\/fonsvinum.com\/en\/#\/schema\/logo\/image\/","url":"","contentUrl":"","caption":"Fons Vinum"},"image":{"@id":"https:\/\/fonsvinum.com\/en\/#\/schema\/logo\/image\/"}}]}},"acf":[],"_links":{"self":[{"href":"https:\/\/fonsvinum.com\/de\/wp-json\/wp\/v2\/product\/49086","targetHints":{"allow":["GET"]}}],"collection":[{"href":"https:\/\/fonsvinum.com\/de\/wp-json\/wp\/v2\/product"}],"about":[{"href":"https:\/\/fonsvinum.com\/de\/wp-json\/wp\/v2\/types\/product"}],"replies":[{"embeddable":true,"href":"https:\/\/fonsvinum.com\/de\/wp-json\/wp\/v2\/comments?post=49086"}],"wp:featuredmedia":[{"embeddable":true,"href":"https:\/\/fonsvinum.com\/de\/wp-json\/wp\/v2\/media\/41913"}],"wp:attachment":[{"href":"https:\/\/fonsvinum.com\/de\/wp-json\/wp\/v2\/media?parent=49086"}],"wp:term":[{"taxonomy":"product_brand","embeddable":true,"href":"https:\/\/fonsvinum.com\/de\/wp-json\/wp\/v2\/product_brand?post=49086"},{"taxonomy":"product_cat","embeddable":true,"href":"https:\/\/fonsvinum.com\/de\/wp-json\/wp\/v2\/product_cat?post=49086"},{"taxonomy":"product_tag","embeddable":true,"href":"https:\/\/fonsvinum.com\/de\/wp-json\/wp\/v2\/product_tag?post=49086"}],"curies":[{"name":"wp","href":"https:\/\/api.w.org\/{rel}","templated":true}]}}