{"id":49080,"date":"2026-03-19T10:05:04","date_gmt":"2026-03-19T09:05:04","guid":{"rendered":"https:\/\/fonsvinum.com\/?post_type=product&#038;p=49080"},"modified":"2026-03-19T10:24:21","modified_gmt":"2026-03-19T09:24:21","slug":"slatnik-radikon-2020","status":"publish","type":"product","link":"https:\/\/fonsvinum.com\/de\/produkt\/slatnik-radikon-2020\/","title":{"rendered":"SLATNIK RADIKON 2020"},"content":{"rendered":"<h2>SLATNIK RADIKON 2020<\/h2>\n<p>SLATNIK RADIKON 2020<\/p>\n<p>Chardonnay and Friulano 2020<\/p>\n<h2>VENEZIA GIULIA IGT<\/h2>\n<p>Produktion: 7.000 Flaschen<\/p>\n<p>Radikon Slatnik ist ein intensiver und komplexer, mazerierter Wei\u00dfwein. Er ist best\u00e4ndig, vollmundig und salzig, volumin\u00f6s, trocken und straff am Gaumen und vereint seine rustikale Art perfekt mit der f\u00fcr Radikon-Weine typischen Eleganz und Finesse.<\/p>\n<p>Wenn Sie einen Freund an Naturwein heranf\u00fchren m\u00f6chten, beginnen Sie mit Slatnik. Dieser \u00fcberraschende, unkonventionelle und zugleich klare und pr\u00e4zise Wein l\u00e4sst keinen Raum f\u00fcr unn\u00f6tige Diskussionen und sorgt f\u00fcr Geselligkeit und Leichtigkeit am Tisch.<\/p>\n","protected":false},"excerpt":{"rendered":"<p>SLATNIK RADIKON 2020 SLATNIK RADIKON 2020 Chardonnay and Friulano 2020 VENEZIA GIULIA IGT Produktion: 7.000 Flaschen Radikon Slatnik ist ein intensiver und komplexer, mazerierter Wei\u00dfwein. Er ist best\u00e4ndig, vollmundig und salzig, volumin\u00f6s, trocken und straff am Gaumen und vereint seine rustikale Art perfekt mit der f\u00fcr Radikon-Weine typischen Eleganz und Finesse. Wenn Sie einen Freund [&hellip;]<\/p>\n","protected":false},"featured_media":40457,"comment_status":"open","ping_status":"closed","template":"","meta":{"_acf_changed":false,"_monsterinsights_skip_tracking":false,"_monsterinsights_sitenote_active":false,"_monsterinsights_sitenote_note":"","_monsterinsights_sitenote_category":0},"product_brand":[],"product_cat":[2162],"product_tag":[2418,17742],"class_list":{"0":"post-49080","1":"product","2":"type-product","3":"status-publish","4":"has-post-thumbnail","6":"product_cat-blend","7":"product_tag-kleine-weinzeuger-de","8":"product_tag-vino-bianco-de","9":"pa_formato-0-75-l-flasche-de","10":"pa_region-friaul-julisch-venetien-de","11":"pa_vine-100-chardonnay-de","12":"pa_vintage-2020-de","14":"first","15":"instock","16":"taxable","17":"shipping-taxable","18":"purchasable","19":"product-type-simple"},"bundled_by":[],"bundle_stock_status":"instock","bundle_stock_quantity":6,"bundle_virtual":false,"bundle_layout":"","bundle_add_to_cart_form_location":"","bundle_editable_in_cart":false,"bundle_sold_individually_context":"","bundle_item_grouping":"","bundle_min_size":"","bundle_max_size":"","bundle_price":[],"bundled_items":[],"bundle_sell_ids":[],"yoast_head":"<!-- This site is optimized with the Yoast SEO plugin v27.2 - https:\/\/yoast.com\/product\/yoast-seo-wordpress\/ -->\n<title>Buy on line SLATNIK RADIKON 2020 Colli Orientali del Friuli<\/title>\n<meta name=\"description\" content=\"Buy online SLATNIK RADIKON 2020 Colli Orientali del Friuli -Fons Vinum -\" \/>\n<meta name=\"robots\" content=\"index, follow, max-snippet:-1, max-image-preview:large, max-video-preview:-1\" \/>\n<link rel=\"canonical\" href=\"https:\/\/fonsvinum.com\/de\/produkt\/slatnik-radikon-2020\/\" \/>\n<meta property=\"og:locale\" content=\"de_DE\" \/>\n<meta property=\"og:type\" content=\"article\" \/>\n<meta property=\"og:title\" content=\"Buy on line SLATNIK RADIKON 2020 Colli Orientali del Friuli\" \/>\n<meta property=\"og:description\" content=\"Buy online SLATNIK RADIKON 2020 Colli Orientali del Friuli -Fons Vinum -\" \/>\n<meta property=\"og:url\" content=\"https:\/\/fonsvinum.com\/de\/produkt\/slatnik-radikon-2020\/\" \/>\n<meta property=\"og:site_name\" content=\"Fons Vinum\" \/>\n<meta property=\"article:modified_time\" content=\"2026-03-19T09:24:21+00:00\" \/>\n<meta property=\"og:image\" content=\"https:\/\/fonsvinum.com\/files\/2023\/04\/RADIKON-SLATNIK-2021.png\" \/>\n\t<meta property=\"og:image:width\" content=\"200\" \/>\n\t<meta property=\"og:image:height\" content=\"600\" \/>\n\t<meta property=\"og:image:type\" content=\"image\/png\" \/>\n<meta name=\"twitter:label1\" content=\"Gesch\u00e4tzte Lesezeit\" \/>\n\t<meta name=\"twitter:data1\" content=\"1\u00a0Minute\" \/>\n<script type=\"application\/ld+json\" class=\"yoast-schema-graph\">{\"@context\":\"https:\/\/schema.org\",\"@graph\":[{\"@type\":\"WebPage\",\"@id\":\"https:\/\/fonsvinum.com\/de\/produkt\/slatnik-radikon-2020\/\",\"url\":\"https:\/\/fonsvinum.com\/de\/produkt\/slatnik-radikon-2020\/\",\"name\":\"Buy on line SLATNIK RADIKON 2020 Colli Orientali del Friuli\",\"isPartOf\":{\"@id\":\"https:\/\/fonsvinum.com\/en\/#website\"},\"primaryImageOfPage\":{\"@id\":\"https:\/\/fonsvinum.com\/de\/produkt\/slatnik-radikon-2020\/#primaryimage\"},\"image\":{\"@id\":\"https:\/\/fonsvinum.com\/de\/produkt\/slatnik-radikon-2020\/#primaryimage\"},\"thumbnailUrl\":\"https:\/\/fonsvinum.com\/files\/2023\/04\/RADIKON-SLATNIK-2021.png\",\"datePublished\":\"2026-03-19T09:05:04+00:00\",\"dateModified\":\"2026-03-19T09:24:21+00:00\",\"description\":\"Buy online SLATNIK RADIKON 2020 Colli Orientali del Friuli -Fons Vinum -\",\"breadcrumb\":{\"@id\":\"https:\/\/fonsvinum.com\/de\/produkt\/slatnik-radikon-2020\/#breadcrumb\"},\"inLanguage\":\"de\",\"potentialAction\":[{\"@type\":\"ReadAction\",\"target\":[\"https:\/\/fonsvinum.com\/de\/produkt\/slatnik-radikon-2020\/\"]}]},{\"@type\":\"ImageObject\",\"inLanguage\":\"de\",\"@id\":\"https:\/\/fonsvinum.com\/de\/produkt\/slatnik-radikon-2020\/#primaryimage\",\"url\":\"https:\/\/fonsvinum.com\/files\/2023\/04\/RADIKON-SLATNIK-2021.png\",\"contentUrl\":\"https:\/\/fonsvinum.com\/files\/2023\/04\/RADIKON-SLATNIK-2021.png\",\"width\":200,\"height\":600},{\"@type\":\"BreadcrumbList\",\"@id\":\"https:\/\/fonsvinum.com\/de\/produkt\/slatnik-radikon-2020\/#breadcrumb\",\"itemListElement\":[{\"@type\":\"ListItem\",\"position\":1,\"name\":\"Startseite\",\"item\":\"https:\/\/fonsvinum.com\/de\/\"},{\"@type\":\"ListItem\",\"position\":2,\"name\":\"Shop\",\"item\":\"https:\/\/fonsvinum.com\/de\/shop\/\"},{\"@type\":\"ListItem\",\"position\":3,\"name\":\"SLATNIK RADIKON 2020\"}]},{\"@type\":\"WebSite\",\"@id\":\"https:\/\/fonsvinum.com\/en\/#website\",\"url\":\"https:\/\/fonsvinum.com\/en\/\",\"name\":\"Fons Vinum\",\"description\":\"Vendita Vino Online\",\"publisher\":{\"@id\":\"https:\/\/fonsvinum.com\/en\/#organization\"},\"potentialAction\":[{\"@type\":\"SearchAction\",\"target\":{\"@type\":\"EntryPoint\",\"urlTemplate\":\"https:\/\/fonsvinum.com\/en\/?s={search_term_string}\"},\"query-input\":{\"@type\":\"PropertyValueSpecification\",\"valueRequired\":true,\"valueName\":\"search_term_string\"}}],\"inLanguage\":\"de\"},{\"@type\":\"Organization\",\"@id\":\"https:\/\/fonsvinum.com\/en\/#organization\",\"name\":\"Fons Vinum\",\"url\":\"https:\/\/fonsvinum.com\/en\/\",\"logo\":{\"@type\":\"ImageObject\",\"inLanguage\":\"de\",\"@id\":\"https:\/\/fonsvinum.com\/en\/#\/schema\/logo\/image\/\",\"url\":\"\",\"contentUrl\":\"\",\"caption\":\"Fons Vinum\"},\"image\":{\"@id\":\"https:\/\/fonsvinum.com\/en\/#\/schema\/logo\/image\/\"}}]}<\/script>\n<!-- \/ Yoast SEO plugin. -->","yoast_head_json":{"title":"Buy on line SLATNIK RADIKON 2020 Colli Orientali del Friuli","description":"Buy online SLATNIK RADIKON 2020 Colli Orientali del Friuli -Fons Vinum -","robots":{"index":"index","follow":"follow","max-snippet":"max-snippet:-1","max-image-preview":"max-image-preview:large","max-video-preview":"max-video-preview:-1"},"canonical":"https:\/\/fonsvinum.com\/de\/produkt\/slatnik-radikon-2020\/","og_locale":"de_DE","og_type":"article","og_title":"Buy on line SLATNIK RADIKON 2020 Colli Orientali del Friuli","og_description":"Buy online SLATNIK RADIKON 2020 Colli Orientali del Friuli -Fons Vinum -","og_url":"https:\/\/fonsvinum.com\/de\/produkt\/slatnik-radikon-2020\/","og_site_name":"Fons Vinum","article_modified_time":"2026-03-19T09:24:21+00:00","og_image":[{"width":200,"height":600,"url":"https:\/\/fonsvinum.com\/files\/2023\/04\/RADIKON-SLATNIK-2021.png","type":"image\/png"}],"twitter_misc":{"Gesch\u00e4tzte Lesezeit":"1\u00a0Minute"},"schema":{"@context":"https:\/\/schema.org","@graph":[{"@type":"WebPage","@id":"https:\/\/fonsvinum.com\/de\/produkt\/slatnik-radikon-2020\/","url":"https:\/\/fonsvinum.com\/de\/produkt\/slatnik-radikon-2020\/","name":"Buy on line SLATNIK RADIKON 2020 Colli Orientali del Friuli","isPartOf":{"@id":"https:\/\/fonsvinum.com\/en\/#website"},"primaryImageOfPage":{"@id":"https:\/\/fonsvinum.com\/de\/produkt\/slatnik-radikon-2020\/#primaryimage"},"image":{"@id":"https:\/\/fonsvinum.com\/de\/produkt\/slatnik-radikon-2020\/#primaryimage"},"thumbnailUrl":"https:\/\/fonsvinum.com\/files\/2023\/04\/RADIKON-SLATNIK-2021.png","datePublished":"2026-03-19T09:05:04+00:00","dateModified":"2026-03-19T09:24:21+00:00","description":"Buy online SLATNIK RADIKON 2020 Colli Orientali del Friuli -Fons Vinum -","breadcrumb":{"@id":"https:\/\/fonsvinum.com\/de\/produkt\/slatnik-radikon-2020\/#breadcrumb"},"inLanguage":"de","potentialAction":[{"@type":"ReadAction","target":["https:\/\/fonsvinum.com\/de\/produkt\/slatnik-radikon-2020\/"]}]},{"@type":"ImageObject","inLanguage":"de","@id":"https:\/\/fonsvinum.com\/de\/produkt\/slatnik-radikon-2020\/#primaryimage","url":"https:\/\/fonsvinum.com\/files\/2023\/04\/RADIKON-SLATNIK-2021.png","contentUrl":"https:\/\/fonsvinum.com\/files\/2023\/04\/RADIKON-SLATNIK-2021.png","width":200,"height":600},{"@type":"BreadcrumbList","@id":"https:\/\/fonsvinum.com\/de\/produkt\/slatnik-radikon-2020\/#breadcrumb","itemListElement":[{"@type":"ListItem","position":1,"name":"Startseite","item":"https:\/\/fonsvinum.com\/de\/"},{"@type":"ListItem","position":2,"name":"Shop","item":"https:\/\/fonsvinum.com\/de\/shop\/"},{"@type":"ListItem","position":3,"name":"SLATNIK RADIKON 2020"}]},{"@type":"WebSite","@id":"https:\/\/fonsvinum.com\/en\/#website","url":"https:\/\/fonsvinum.com\/en\/","name":"Fons Vinum","description":"Vendita Vino Online","publisher":{"@id":"https:\/\/fonsvinum.com\/en\/#organization"},"potentialAction":[{"@type":"SearchAction","target":{"@type":"EntryPoint","urlTemplate":"https:\/\/fonsvinum.com\/en\/?s={search_term_string}"},"query-input":{"@type":"PropertyValueSpecification","valueRequired":true,"valueName":"search_term_string"}}],"inLanguage":"de"},{"@type":"Organization","@id":"https:\/\/fonsvinum.com\/en\/#organization","name":"Fons Vinum","url":"https:\/\/fonsvinum.com\/en\/","logo":{"@type":"ImageObject","inLanguage":"de","@id":"https:\/\/fonsvinum.com\/en\/#\/schema\/logo\/image\/","url":"","contentUrl":"","caption":"Fons Vinum"},"image":{"@id":"https:\/\/fonsvinum.com\/en\/#\/schema\/logo\/image\/"}}]}},"acf":[],"_links":{"self":[{"href":"https:\/\/fonsvinum.com\/de\/wp-json\/wp\/v2\/product\/49080","targetHints":{"allow":["GET"]}}],"collection":[{"href":"https:\/\/fonsvinum.com\/de\/wp-json\/wp\/v2\/product"}],"about":[{"href":"https:\/\/fonsvinum.com\/de\/wp-json\/wp\/v2\/types\/product"}],"replies":[{"embeddable":true,"href":"https:\/\/fonsvinum.com\/de\/wp-json\/wp\/v2\/comments?post=49080"}],"wp:featuredmedia":[{"embeddable":true,"href":"https:\/\/fonsvinum.com\/de\/wp-json\/wp\/v2\/media\/40457"}],"wp:attachment":[{"href":"https:\/\/fonsvinum.com\/de\/wp-json\/wp\/v2\/media?parent=49080"}],"wp:term":[{"taxonomy":"product_brand","embeddable":true,"href":"https:\/\/fonsvinum.com\/de\/wp-json\/wp\/v2\/product_brand?post=49080"},{"taxonomy":"product_cat","embeddable":true,"href":"https:\/\/fonsvinum.com\/de\/wp-json\/wp\/v2\/product_cat?post=49080"},{"taxonomy":"product_tag","embeddable":true,"href":"https:\/\/fonsvinum.com\/de\/wp-json\/wp\/v2\/product_tag?post=49080"}],"curies":[{"name":"wp","href":"https:\/\/api.w.org\/{rel}","templated":true}]}}