{"id":49062,"date":"2026-03-18T21:36:41","date_gmt":"2026-03-18T20:36:41","guid":{"rendered":"https:\/\/fonsvinum.com\/?post_type=product&#038;p=49062"},"modified":"2026-03-18T21:40:07","modified_gmt":"2026-03-18T20:40:07","slug":"marchesi-antinori-tenuta-guado-al-tasso-il-bruciato-2024","status":"publish","type":"product","link":"https:\/\/fonsvinum.com\/de\/produkt\/marchesi-antinori-tenuta-guado-al-tasso-il-bruciato-2024\/","title":{"rendered":"Marchesi Antinori\u00a0Tenuta Guado al Tasso Il Bruciato 2024"},"content":{"rendered":"<h1><a href=\"https:\/\/www.antinori.it\/it\/vino\/guado-al-tasso\/\">Marchesi Antinori<\/a> Tenuta <a href=\"https:\/\/fonsvinum.com\/de\/?s=GUADO+AL+TASSO&amp;post_type=product\">Guado al Tasso<\/a> Il Bruciato 2024<\/h1>\n<h2><a href=\"https:\/\/fonsvinum.com\/de\/attributes\/region\/toskana-de\/\">MARCHESI ANTINORI<\/a><br \/>\nEine Geschichte, die seit 26 Generationen weitergegeben wird<\/h2>\n<p>Seit \u00fcber sechs Jahrhunderten, genauer gesagt seit 1385, als Giovanni di Piero Antinori Mitglied der \u201eArte Fiorentina dei Vinattieri\u201c, der Florentiner Winzerzunft, wurde, widmet sich die Familie Antinori der Kunst des Weinbaus. In all ihren 26 Generationen hat die Familie Antinori das Weingut stets selbst gef\u00fchrt und dabei innovative und mitunter mutige Entscheidungen getroffen, stets mit gr\u00f6\u00dftem Respekt vor Tradition und Umwelt.<\/p>\n<h2>Alte Familienwurzeln<\/h2>\n<p>Jeder Jahrgang, jede Parzelle, jede neue Idee ist ein Neuanfang, ein neues Streben nach h\u00f6chsten Qualit\u00e4tsstandards. Wie Marchese Piero so gerne sagt: \u201eAlte Familienwurzeln spielen eine wichtige Rolle in unserer Philosophie, aber sie haben unseren Innovationsgeist nie gehemmt.\u201c<\/p>\n<h2>IL BRUCIATO \u2013 GUADO AL TASSO<\/h2>\n<p>Il Bruciato wurde erstmals 2002 produziert, in einem der schwierigsten Jahrg\u00e4nge, die das Weingut Guado al Tasso je hervorgebracht hat. Dieser Wein ist eine moderne Interpretation des einzigartigen Terroirs von Bolgheri und wird aus sorgf\u00e4ltig ausgew\u00e4hlten Cabernet Sauvignon-, Merlot- und Syrah-Trauben der Weinberge von Guado al Tasso gekeltert. Die vielf\u00e4ltige geologische Zusammensetzung des Bodens verleiht dem Wein Struktur und Komplexit\u00e4t.<\/p>\n<h2>Farbe: Intensives Granatrot.<\/h2>\n<p>Duft: Intensive Noten reifer roter Fr\u00fcchte dominieren, gefolgt von angenehmen Ankl\u00e4ngen s\u00fc\u00dfer Gew\u00fcrze.<br \/>\nGeschmack: Ausgewogen, harmonisch und vollmundig. Ein sehr angenehmer Wein.<\/p>\n","protected":false},"excerpt":{"rendered":"<p>Marchesi Antinori Tenuta Guado al Tasso Il Bruciato 2024 MARCHESI ANTINORI Eine Geschichte, die seit 26 Generationen weitergegeben wird Seit \u00fcber sechs Jahrhunderten, genauer gesagt seit 1385, als Giovanni di Piero Antinori Mitglied der \u201eArte Fiorentina dei Vinattieri\u201c, der Florentiner Winzerzunft, wurde, widmet sich die Familie Antinori der Kunst des Weinbaus. In all ihren 26 [&hellip;]<\/p>\n","protected":false},"featured_media":27312,"comment_status":"open","ping_status":"closed","template":"","meta":{"_acf_changed":false,"_monsterinsights_skip_tracking":false,"_monsterinsights_sitenote_active":false,"_monsterinsights_sitenote_note":"","_monsterinsights_sitenote_category":0},"product_brand":[],"product_cat":[1693],"product_tag":[1751,1745,3583],"class_list":{"0":"post-49062","1":"product","2":"type-product","3":"status-publish","4":"has-post-thumbnail","6":"product_cat-blend-2-de","7":"product_tag-aussergewoehnliche-weine-aus-italien-de","8":"product_tag-super-tuscan-de","9":"product_tag-vini-toscani-de","10":"pa_appellation-bolgheri-rosso-doc-de","11":"pa_formato-0-75-l-flasche-de","12":"pa_producer-marchesi-antinori-de","13":"pa_region-toskana-de","14":"pa_vintage-18405","16":"first","17":"instock","18":"taxable","19":"shipping-taxable","20":"purchasable","21":"product-type-simple"},"bundled_by":[],"bundle_stock_status":"instock","bundle_stock_quantity":18,"bundle_virtual":false,"bundle_layout":"","bundle_add_to_cart_form_location":"","bundle_editable_in_cart":false,"bundle_sold_individually_context":"","bundle_item_grouping":"","bundle_min_size":"","bundle_max_size":"","bundle_price":[],"bundled_items":[],"bundle_sell_ids":[],"yoast_head":"<!-- This site is optimized with the Yoast SEO plugin v27.2 - https:\/\/yoast.com\/product\/yoast-seo-wordpress\/ -->\n<title>Marchesi Antinori\u00a0Tenuta Guado al Tasso Il Bruciato 2024<\/title>\n<meta name=\"description\" content=\"Marchesi Antinori\u00a0Tenuta Guado al Tasso Il Bruciato 2024\" \/>\n<meta name=\"robots\" content=\"index, follow, max-snippet:-1, max-image-preview:large, max-video-preview:-1\" \/>\n<link rel=\"canonical\" href=\"https:\/\/fonsvinum.com\/de\/produkt\/marchesi-antinori-tenuta-guado-al-tasso-il-bruciato-2024\/\" \/>\n<meta property=\"og:locale\" content=\"de_DE\" \/>\n<meta property=\"og:type\" content=\"article\" \/>\n<meta property=\"og:title\" content=\"Marchesi Antinori\u00a0Tenuta Guado al Tasso Il Bruciato 2024\" \/>\n<meta property=\"og:description\" content=\"Marchesi Antinori\u00a0Tenuta Guado al Tasso Il Bruciato 2024\" \/>\n<meta property=\"og:url\" content=\"https:\/\/fonsvinum.com\/de\/produkt\/marchesi-antinori-tenuta-guado-al-tasso-il-bruciato-2024\/\" \/>\n<meta property=\"og:site_name\" content=\"Fons Vinum\" \/>\n<meta property=\"article:modified_time\" content=\"2026-03-18T20:40:07+00:00\" \/>\n<meta property=\"og:image\" content=\"https:\/\/fonsvinum.com\/files\/2020\/10\/antinori-bolgheri-il-bruciato.jpg\" \/>\n\t<meta property=\"og:image:width\" content=\"200\" \/>\n\t<meta property=\"og:image:height\" content=\"600\" \/>\n\t<meta property=\"og:image:type\" content=\"image\/jpeg\" \/>\n<meta name=\"twitter:label1\" content=\"Gesch\u00e4tzte Lesezeit\" \/>\n\t<meta name=\"twitter:data1\" content=\"2\u00a0Minuten\" \/>\n<script type=\"application\/ld+json\" class=\"yoast-schema-graph\">{\"@context\":\"https:\/\/schema.org\",\"@graph\":[{\"@type\":\"WebPage\",\"@id\":\"https:\/\/fonsvinum.com\/de\/produkt\/marchesi-antinori-tenuta-guado-al-tasso-il-bruciato-2024\/\",\"url\":\"https:\/\/fonsvinum.com\/de\/produkt\/marchesi-antinori-tenuta-guado-al-tasso-il-bruciato-2024\/\",\"name\":\"Marchesi Antinori\u00a0Tenuta Guado al Tasso Il Bruciato 2024\",\"isPartOf\":{\"@id\":\"https:\/\/fonsvinum.com\/en\/#website\"},\"primaryImageOfPage\":{\"@id\":\"https:\/\/fonsvinum.com\/de\/produkt\/marchesi-antinori-tenuta-guado-al-tasso-il-bruciato-2024\/#primaryimage\"},\"image\":{\"@id\":\"https:\/\/fonsvinum.com\/de\/produkt\/marchesi-antinori-tenuta-guado-al-tasso-il-bruciato-2024\/#primaryimage\"},\"thumbnailUrl\":\"https:\/\/fonsvinum.com\/files\/2020\/10\/antinori-bolgheri-il-bruciato.jpg\",\"datePublished\":\"2026-03-18T20:36:41+00:00\",\"dateModified\":\"2026-03-18T20:40:07+00:00\",\"description\":\"Marchesi Antinori\u00a0Tenuta Guado al Tasso Il Bruciato 2024\",\"breadcrumb\":{\"@id\":\"https:\/\/fonsvinum.com\/de\/produkt\/marchesi-antinori-tenuta-guado-al-tasso-il-bruciato-2024\/#breadcrumb\"},\"inLanguage\":\"de\",\"potentialAction\":[{\"@type\":\"ReadAction\",\"target\":[\"https:\/\/fonsvinum.com\/de\/produkt\/marchesi-antinori-tenuta-guado-al-tasso-il-bruciato-2024\/\"]}]},{\"@type\":\"ImageObject\",\"inLanguage\":\"de\",\"@id\":\"https:\/\/fonsvinum.com\/de\/produkt\/marchesi-antinori-tenuta-guado-al-tasso-il-bruciato-2024\/#primaryimage\",\"url\":\"https:\/\/fonsvinum.com\/files\/2020\/10\/antinori-bolgheri-il-bruciato.jpg\",\"contentUrl\":\"https:\/\/fonsvinum.com\/files\/2020\/10\/antinori-bolgheri-il-bruciato.jpg\",\"width\":200,\"height\":600},{\"@type\":\"BreadcrumbList\",\"@id\":\"https:\/\/fonsvinum.com\/de\/produkt\/marchesi-antinori-tenuta-guado-al-tasso-il-bruciato-2024\/#breadcrumb\",\"itemListElement\":[{\"@type\":\"ListItem\",\"position\":1,\"name\":\"Startseite\",\"item\":\"https:\/\/fonsvinum.com\/de\/\"},{\"@type\":\"ListItem\",\"position\":2,\"name\":\"Shop\",\"item\":\"https:\/\/fonsvinum.com\/de\/shop\/\"},{\"@type\":\"ListItem\",\"position\":3,\"name\":\"Marchesi Antinori\u00a0Tenuta Guado al Tasso Il Bruciato 2024\"}]},{\"@type\":\"WebSite\",\"@id\":\"https:\/\/fonsvinum.com\/en\/#website\",\"url\":\"https:\/\/fonsvinum.com\/en\/\",\"name\":\"Fons Vinum\",\"description\":\"Vendita Vino Online\",\"publisher\":{\"@id\":\"https:\/\/fonsvinum.com\/en\/#organization\"},\"potentialAction\":[{\"@type\":\"SearchAction\",\"target\":{\"@type\":\"EntryPoint\",\"urlTemplate\":\"https:\/\/fonsvinum.com\/en\/?s={search_term_string}\"},\"query-input\":{\"@type\":\"PropertyValueSpecification\",\"valueRequired\":true,\"valueName\":\"search_term_string\"}}],\"inLanguage\":\"de\"},{\"@type\":\"Organization\",\"@id\":\"https:\/\/fonsvinum.com\/en\/#organization\",\"name\":\"Fons Vinum\",\"url\":\"https:\/\/fonsvinum.com\/en\/\",\"logo\":{\"@type\":\"ImageObject\",\"inLanguage\":\"de\",\"@id\":\"https:\/\/fonsvinum.com\/en\/#\/schema\/logo\/image\/\",\"url\":\"\",\"contentUrl\":\"\",\"caption\":\"Fons Vinum\"},\"image\":{\"@id\":\"https:\/\/fonsvinum.com\/en\/#\/schema\/logo\/image\/\"}}]}<\/script>\n<!-- \/ Yoast SEO plugin. -->","yoast_head_json":{"title":"Marchesi Antinori\u00a0Tenuta Guado al Tasso Il Bruciato 2024","description":"Marchesi Antinori\u00a0Tenuta Guado al Tasso Il Bruciato 2024","robots":{"index":"index","follow":"follow","max-snippet":"max-snippet:-1","max-image-preview":"max-image-preview:large","max-video-preview":"max-video-preview:-1"},"canonical":"https:\/\/fonsvinum.com\/de\/produkt\/marchesi-antinori-tenuta-guado-al-tasso-il-bruciato-2024\/","og_locale":"de_DE","og_type":"article","og_title":"Marchesi Antinori\u00a0Tenuta Guado al Tasso Il Bruciato 2024","og_description":"Marchesi Antinori\u00a0Tenuta Guado al Tasso Il Bruciato 2024","og_url":"https:\/\/fonsvinum.com\/de\/produkt\/marchesi-antinori-tenuta-guado-al-tasso-il-bruciato-2024\/","og_site_name":"Fons Vinum","article_modified_time":"2026-03-18T20:40:07+00:00","og_image":[{"width":200,"height":600,"url":"https:\/\/fonsvinum.com\/files\/2020\/10\/antinori-bolgheri-il-bruciato.jpg","type":"image\/jpeg"}],"twitter_misc":{"Gesch\u00e4tzte Lesezeit":"2\u00a0Minuten"},"schema":{"@context":"https:\/\/schema.org","@graph":[{"@type":"WebPage","@id":"https:\/\/fonsvinum.com\/de\/produkt\/marchesi-antinori-tenuta-guado-al-tasso-il-bruciato-2024\/","url":"https:\/\/fonsvinum.com\/de\/produkt\/marchesi-antinori-tenuta-guado-al-tasso-il-bruciato-2024\/","name":"Marchesi Antinori\u00a0Tenuta Guado al Tasso Il Bruciato 2024","isPartOf":{"@id":"https:\/\/fonsvinum.com\/en\/#website"},"primaryImageOfPage":{"@id":"https:\/\/fonsvinum.com\/de\/produkt\/marchesi-antinori-tenuta-guado-al-tasso-il-bruciato-2024\/#primaryimage"},"image":{"@id":"https:\/\/fonsvinum.com\/de\/produkt\/marchesi-antinori-tenuta-guado-al-tasso-il-bruciato-2024\/#primaryimage"},"thumbnailUrl":"https:\/\/fonsvinum.com\/files\/2020\/10\/antinori-bolgheri-il-bruciato.jpg","datePublished":"2026-03-18T20:36:41+00:00","dateModified":"2026-03-18T20:40:07+00:00","description":"Marchesi Antinori\u00a0Tenuta Guado al Tasso Il Bruciato 2024","breadcrumb":{"@id":"https:\/\/fonsvinum.com\/de\/produkt\/marchesi-antinori-tenuta-guado-al-tasso-il-bruciato-2024\/#breadcrumb"},"inLanguage":"de","potentialAction":[{"@type":"ReadAction","target":["https:\/\/fonsvinum.com\/de\/produkt\/marchesi-antinori-tenuta-guado-al-tasso-il-bruciato-2024\/"]}]},{"@type":"ImageObject","inLanguage":"de","@id":"https:\/\/fonsvinum.com\/de\/produkt\/marchesi-antinori-tenuta-guado-al-tasso-il-bruciato-2024\/#primaryimage","url":"https:\/\/fonsvinum.com\/files\/2020\/10\/antinori-bolgheri-il-bruciato.jpg","contentUrl":"https:\/\/fonsvinum.com\/files\/2020\/10\/antinori-bolgheri-il-bruciato.jpg","width":200,"height":600},{"@type":"BreadcrumbList","@id":"https:\/\/fonsvinum.com\/de\/produkt\/marchesi-antinori-tenuta-guado-al-tasso-il-bruciato-2024\/#breadcrumb","itemListElement":[{"@type":"ListItem","position":1,"name":"Startseite","item":"https:\/\/fonsvinum.com\/de\/"},{"@type":"ListItem","position":2,"name":"Shop","item":"https:\/\/fonsvinum.com\/de\/shop\/"},{"@type":"ListItem","position":3,"name":"Marchesi Antinori\u00a0Tenuta Guado al Tasso Il Bruciato 2024"}]},{"@type":"WebSite","@id":"https:\/\/fonsvinum.com\/en\/#website","url":"https:\/\/fonsvinum.com\/en\/","name":"Fons Vinum","description":"Vendita Vino Online","publisher":{"@id":"https:\/\/fonsvinum.com\/en\/#organization"},"potentialAction":[{"@type":"SearchAction","target":{"@type":"EntryPoint","urlTemplate":"https:\/\/fonsvinum.com\/en\/?s={search_term_string}"},"query-input":{"@type":"PropertyValueSpecification","valueRequired":true,"valueName":"search_term_string"}}],"inLanguage":"de"},{"@type":"Organization","@id":"https:\/\/fonsvinum.com\/en\/#organization","name":"Fons Vinum","url":"https:\/\/fonsvinum.com\/en\/","logo":{"@type":"ImageObject","inLanguage":"de","@id":"https:\/\/fonsvinum.com\/en\/#\/schema\/logo\/image\/","url":"","contentUrl":"","caption":"Fons Vinum"},"image":{"@id":"https:\/\/fonsvinum.com\/en\/#\/schema\/logo\/image\/"}}]}},"acf":[],"_links":{"self":[{"href":"https:\/\/fonsvinum.com\/de\/wp-json\/wp\/v2\/product\/49062","targetHints":{"allow":["GET"]}}],"collection":[{"href":"https:\/\/fonsvinum.com\/de\/wp-json\/wp\/v2\/product"}],"about":[{"href":"https:\/\/fonsvinum.com\/de\/wp-json\/wp\/v2\/types\/product"}],"replies":[{"embeddable":true,"href":"https:\/\/fonsvinum.com\/de\/wp-json\/wp\/v2\/comments?post=49062"}],"wp:featuredmedia":[{"embeddable":true,"href":"https:\/\/fonsvinum.com\/de\/wp-json\/wp\/v2\/media\/27312"}],"wp:attachment":[{"href":"https:\/\/fonsvinum.com\/de\/wp-json\/wp\/v2\/media?parent=49062"}],"wp:term":[{"taxonomy":"product_brand","embeddable":true,"href":"https:\/\/fonsvinum.com\/de\/wp-json\/wp\/v2\/product_brand?post=49062"},{"taxonomy":"product_cat","embeddable":true,"href":"https:\/\/fonsvinum.com\/de\/wp-json\/wp\/v2\/product_cat?post=49062"},{"taxonomy":"product_tag","embeddable":true,"href":"https:\/\/fonsvinum.com\/de\/wp-json\/wp\/v2\/product_tag?post=49062"}],"curies":[{"name":"wp","href":"https:\/\/api.w.org\/{rel}","templated":true}]}}