{"id":49038,"date":"2026-03-18T20:58:50","date_gmt":"2026-03-18T19:58:50","guid":{"rendered":"https:\/\/fonsvinum.com\/?post_type=product&#038;p=49038"},"modified":"2026-03-18T21:07:33","modified_gmt":"2026-03-18T20:07:33","slug":"tenuta-di-biserno-il-pino-di-biserno-2020","status":"publish","type":"product","link":"https:\/\/fonsvinum.com\/de\/produkt\/tenuta-di-biserno-il-pino-di-biserno-2020\/","title":{"rendered":"Tenuta di Biserno Il Pino di Biserno 2020"},"content":{"rendered":"<h1>Tenuta di Biserno Il Pino di <a href=\"https:\/\/fonsvinum.com\/de\/?s=biserno&amp;post_type=product\">Biserno<\/a> 2020<\/h1>\n<h2>DAS WEINGUT \u2013 TENUTA DI <a href=\"http:\/\/www.biserno.it\/\">BISERNO<\/a><\/h2>\n<p>Tenuta di Biserno ist ein 90 Hektar gro\u00dfes Weingut an der K\u00fcste der westlichen Toskana, eingebettet in die H\u00fcgel von Bibbona in der oberen Maremma. Dank der Meeresbrise bietet es ideale Bedingungen f\u00fcr den Weinbau. Lodovico Antinori begann dieses spannende Projekt, nachdem er 2002 sein renommiertes Weingut Tenuta dell\u2019Ornellaia in Bolgheri verkauft und eine Partnerschaft mit seinem Bruder, Marchese Piero Antinori, eingegangen war.<\/p>\n<p>Lodovico hatte das Grundst\u00fcck, das sp\u00e4ter Tenuta di Biserno werden sollte, bereits 1994 entdeckt, als er nach geeignetem Land zur Erweiterung von Ornellaia suchte. Was er sah, begeisterte ihn, doch er erkannte, dass die Geologie und Geografie sich so stark von denen Ornellaias unterschieden \u2013 h\u00fcgeliger und steiniger \u2013, dass es ein separates Projekt werden musste.<\/p>\n<p>Bibbona grenzt direkt an das DOC-Gebiet Bolgheri. Obwohl sich das Terroir unterscheidet, eignen sich beide Gebiete hervorragend f\u00fcr den Anbau von Bordeaux-Rebsorten, mit einem wesentlichen Unterschied: Auf Biserno setzt Lodovico Antinori vorwiegend auf Cabernet Franc, gefolgt von Merlot, mit einem geringen Anteil Cabernet Sauvignon und einem gr\u00f6\u00dferen Anteil Petit Verdot.<\/p>\n<p>Tenuta di Biserno ist Lodovico Antinoris&#8216; Meisterwerk und ein Beweis seines gro\u00dfen Talents; die Weine sind herausragend.<\/p>\n<h2>IL PINO DI BISERNO<\/h2>\n<p>Der \u201ePino di Biserno\u201c von <a href=\"https:\/\/fonsvinum.com\/de\/attributes\/region\/toskana-de\/\">Tenuta di Biserno,<\/a> einem toskanischen Weingut, das von Lodovico Antinori entdeckt wurde, ist ein Rotwein von elegantem Charakter und Finesse.<\/p>\n<p>Weinberge: Die Reben wachsen haupts\u00e4chlich auf lehmigen B\u00f6den.<br \/>\nWeinbereitung: Entrappung und sanftes Quetschen. Alkoholische G\u00e4rung in Stahltanks f\u00fcr einen Monat. Malolaktische G\u00e4rung nur bei 25 % der Weine im Eichenfass<br \/>\nAusbau: 12 Monate in Barriques (90 %) und in Stahltanks (10 %)<\/p>\n<p>Farbe: Intensives Rubinrot<br \/>\nDuft: Intensiv, w\u00fcrzig, nach Pfeffer und Muskatnuss, getrockneten Kr\u00e4utern und leichten Zitrusnoten<br \/>\nGeschmack: Ausgewogen und elegant, frisch, langer Abgang mit pr\u00e4senten, feink\u00f6rnigen Tanninen<\/p>\n<p>&nbsp;<\/p>\n","protected":false},"excerpt":{"rendered":"<p>Tenuta di Biserno Il Pino di Biserno 2020 DAS WEINGUT \u2013 TENUTA DI BISERNO Tenuta di Biserno ist ein 90 Hektar gro\u00dfes Weingut an der K\u00fcste der westlichen Toskana, eingebettet in die H\u00fcgel von Bibbona in der oberen Maremma. Dank der Meeresbrise bietet es ideale Bedingungen f\u00fcr den Weinbau. Lodovico Antinori begann dieses spannende Projekt, [&hellip;]<\/p>\n","protected":false},"featured_media":27742,"comment_status":"open","ping_status":"closed","template":"","meta":{"_acf_changed":false,"_monsterinsights_skip_tracking":false,"_monsterinsights_sitenote_active":false,"_monsterinsights_sitenote_note":"","_monsterinsights_sitenote_category":0},"product_brand":[],"product_cat":[1693],"product_tag":[1751,1745],"class_list":{"0":"post-49038","1":"product","2":"type-product","3":"status-publish","4":"has-post-thumbnail","6":"product_cat-blend-2-de","7":"product_tag-aussergewoehnliche-weine-aus-italien-de","8":"product_tag-super-tuscan-de","9":"pa_appellation-toscana-rosso-igt-de","10":"pa_formato-0-75-l-flasche-de","11":"pa_producer-tenuta-di-biserno-de","12":"pa_region-toskana-de","13":"pa_vintage-2020-de","15":"first","16":"instock","17":"taxable","18":"shipping-taxable","19":"purchasable","20":"product-type-simple"},"bundled_by":[],"bundle_stock_status":"instock","bundle_stock_quantity":4,"bundle_virtual":false,"bundle_layout":"","bundle_add_to_cart_form_location":"","bundle_editable_in_cart":false,"bundle_sold_individually_context":"","bundle_item_grouping":"","bundle_min_size":"","bundle_max_size":"","bundle_price":[],"bundled_items":[],"bundle_sell_ids":[],"yoast_head":"<!-- This site is optimized with the Yoast SEO plugin v27.2 - https:\/\/yoast.com\/product\/yoast-seo-wordpress\/ -->\n<title>Tenuta di Biserno Il Pino di Biserno 2020<\/title>\n<meta name=\"description\" content=\"Tenuta di Biserno Il Pino di Biserno 2020\" \/>\n<meta name=\"robots\" content=\"index, follow, max-snippet:-1, max-image-preview:large, max-video-preview:-1\" \/>\n<link rel=\"canonical\" href=\"https:\/\/fonsvinum.com\/de\/produkt\/tenuta-di-biserno-il-pino-di-biserno-2020\/\" \/>\n<meta property=\"og:locale\" content=\"de_DE\" \/>\n<meta property=\"og:type\" content=\"article\" \/>\n<meta property=\"og:title\" content=\"Tenuta di Biserno Il Pino di Biserno 2020\" \/>\n<meta property=\"og:description\" content=\"Tenuta di Biserno Il Pino di Biserno 2020\" \/>\n<meta property=\"og:url\" content=\"https:\/\/fonsvinum.com\/de\/produkt\/tenuta-di-biserno-il-pino-di-biserno-2020\/\" \/>\n<meta property=\"og:site_name\" content=\"Fons Vinum\" \/>\n<meta property=\"article:modified_time\" content=\"2026-03-18T20:07:33+00:00\" \/>\n<meta property=\"og:image\" content=\"https:\/\/fonsvinum.com\/files\/2020\/10\/il-pino-tenuta-di-biserno.jpg\" \/>\n\t<meta property=\"og:image:width\" content=\"200\" \/>\n\t<meta property=\"og:image:height\" content=\"600\" \/>\n\t<meta property=\"og:image:type\" content=\"image\/jpeg\" \/>\n<meta name=\"twitter:label1\" content=\"Gesch\u00e4tzte Lesezeit\" \/>\n\t<meta name=\"twitter:data1\" content=\"2\u00a0Minuten\" \/>\n<script type=\"application\/ld+json\" class=\"yoast-schema-graph\">{\"@context\":\"https:\/\/schema.org\",\"@graph\":[{\"@type\":\"WebPage\",\"@id\":\"https:\/\/fonsvinum.com\/de\/produkt\/tenuta-di-biserno-il-pino-di-biserno-2020\/\",\"url\":\"https:\/\/fonsvinum.com\/de\/produkt\/tenuta-di-biserno-il-pino-di-biserno-2020\/\",\"name\":\"Tenuta di Biserno Il Pino di Biserno 2020\",\"isPartOf\":{\"@id\":\"https:\/\/fonsvinum.com\/en\/#website\"},\"primaryImageOfPage\":{\"@id\":\"https:\/\/fonsvinum.com\/de\/produkt\/tenuta-di-biserno-il-pino-di-biserno-2020\/#primaryimage\"},\"image\":{\"@id\":\"https:\/\/fonsvinum.com\/de\/produkt\/tenuta-di-biserno-il-pino-di-biserno-2020\/#primaryimage\"},\"thumbnailUrl\":\"https:\/\/fonsvinum.com\/files\/2020\/10\/il-pino-tenuta-di-biserno.jpg\",\"datePublished\":\"2026-03-18T19:58:50+00:00\",\"dateModified\":\"2026-03-18T20:07:33+00:00\",\"description\":\"Tenuta di Biserno Il Pino di Biserno 2020\",\"breadcrumb\":{\"@id\":\"https:\/\/fonsvinum.com\/de\/produkt\/tenuta-di-biserno-il-pino-di-biserno-2020\/#breadcrumb\"},\"inLanguage\":\"de\",\"potentialAction\":[{\"@type\":\"ReadAction\",\"target\":[\"https:\/\/fonsvinum.com\/de\/produkt\/tenuta-di-biserno-il-pino-di-biserno-2020\/\"]}]},{\"@type\":\"ImageObject\",\"inLanguage\":\"de\",\"@id\":\"https:\/\/fonsvinum.com\/de\/produkt\/tenuta-di-biserno-il-pino-di-biserno-2020\/#primaryimage\",\"url\":\"https:\/\/fonsvinum.com\/files\/2020\/10\/il-pino-tenuta-di-biserno.jpg\",\"contentUrl\":\"https:\/\/fonsvinum.com\/files\/2020\/10\/il-pino-tenuta-di-biserno.jpg\",\"width\":200,\"height\":600},{\"@type\":\"BreadcrumbList\",\"@id\":\"https:\/\/fonsvinum.com\/de\/produkt\/tenuta-di-biserno-il-pino-di-biserno-2020\/#breadcrumb\",\"itemListElement\":[{\"@type\":\"ListItem\",\"position\":1,\"name\":\"Startseite\",\"item\":\"https:\/\/fonsvinum.com\/de\/\"},{\"@type\":\"ListItem\",\"position\":2,\"name\":\"Shop\",\"item\":\"https:\/\/fonsvinum.com\/de\/shop\/\"},{\"@type\":\"ListItem\",\"position\":3,\"name\":\"Tenuta di Biserno Il Pino di Biserno 2020\"}]},{\"@type\":\"WebSite\",\"@id\":\"https:\/\/fonsvinum.com\/en\/#website\",\"url\":\"https:\/\/fonsvinum.com\/en\/\",\"name\":\"Fons Vinum\",\"description\":\"Vendita Vino Online\",\"publisher\":{\"@id\":\"https:\/\/fonsvinum.com\/en\/#organization\"},\"potentialAction\":[{\"@type\":\"SearchAction\",\"target\":{\"@type\":\"EntryPoint\",\"urlTemplate\":\"https:\/\/fonsvinum.com\/en\/?s={search_term_string}\"},\"query-input\":{\"@type\":\"PropertyValueSpecification\",\"valueRequired\":true,\"valueName\":\"search_term_string\"}}],\"inLanguage\":\"de\"},{\"@type\":\"Organization\",\"@id\":\"https:\/\/fonsvinum.com\/en\/#organization\",\"name\":\"Fons Vinum\",\"url\":\"https:\/\/fonsvinum.com\/en\/\",\"logo\":{\"@type\":\"ImageObject\",\"inLanguage\":\"de\",\"@id\":\"https:\/\/fonsvinum.com\/en\/#\/schema\/logo\/image\/\",\"url\":\"\",\"contentUrl\":\"\",\"caption\":\"Fons Vinum\"},\"image\":{\"@id\":\"https:\/\/fonsvinum.com\/en\/#\/schema\/logo\/image\/\"}}]}<\/script>\n<!-- \/ Yoast SEO plugin. -->","yoast_head_json":{"title":"Tenuta di Biserno Il Pino di Biserno 2020","description":"Tenuta di Biserno Il Pino di Biserno 2020","robots":{"index":"index","follow":"follow","max-snippet":"max-snippet:-1","max-image-preview":"max-image-preview:large","max-video-preview":"max-video-preview:-1"},"canonical":"https:\/\/fonsvinum.com\/de\/produkt\/tenuta-di-biserno-il-pino-di-biserno-2020\/","og_locale":"de_DE","og_type":"article","og_title":"Tenuta di Biserno Il Pino di Biserno 2020","og_description":"Tenuta di Biserno Il Pino di Biserno 2020","og_url":"https:\/\/fonsvinum.com\/de\/produkt\/tenuta-di-biserno-il-pino-di-biserno-2020\/","og_site_name":"Fons Vinum","article_modified_time":"2026-03-18T20:07:33+00:00","og_image":[{"width":200,"height":600,"url":"https:\/\/fonsvinum.com\/files\/2020\/10\/il-pino-tenuta-di-biserno.jpg","type":"image\/jpeg"}],"twitter_misc":{"Gesch\u00e4tzte Lesezeit":"2\u00a0Minuten"},"schema":{"@context":"https:\/\/schema.org","@graph":[{"@type":"WebPage","@id":"https:\/\/fonsvinum.com\/de\/produkt\/tenuta-di-biserno-il-pino-di-biserno-2020\/","url":"https:\/\/fonsvinum.com\/de\/produkt\/tenuta-di-biserno-il-pino-di-biserno-2020\/","name":"Tenuta di Biserno Il Pino di Biserno 2020","isPartOf":{"@id":"https:\/\/fonsvinum.com\/en\/#website"},"primaryImageOfPage":{"@id":"https:\/\/fonsvinum.com\/de\/produkt\/tenuta-di-biserno-il-pino-di-biserno-2020\/#primaryimage"},"image":{"@id":"https:\/\/fonsvinum.com\/de\/produkt\/tenuta-di-biserno-il-pino-di-biserno-2020\/#primaryimage"},"thumbnailUrl":"https:\/\/fonsvinum.com\/files\/2020\/10\/il-pino-tenuta-di-biserno.jpg","datePublished":"2026-03-18T19:58:50+00:00","dateModified":"2026-03-18T20:07:33+00:00","description":"Tenuta di Biserno Il Pino di Biserno 2020","breadcrumb":{"@id":"https:\/\/fonsvinum.com\/de\/produkt\/tenuta-di-biserno-il-pino-di-biserno-2020\/#breadcrumb"},"inLanguage":"de","potentialAction":[{"@type":"ReadAction","target":["https:\/\/fonsvinum.com\/de\/produkt\/tenuta-di-biserno-il-pino-di-biserno-2020\/"]}]},{"@type":"ImageObject","inLanguage":"de","@id":"https:\/\/fonsvinum.com\/de\/produkt\/tenuta-di-biserno-il-pino-di-biserno-2020\/#primaryimage","url":"https:\/\/fonsvinum.com\/files\/2020\/10\/il-pino-tenuta-di-biserno.jpg","contentUrl":"https:\/\/fonsvinum.com\/files\/2020\/10\/il-pino-tenuta-di-biserno.jpg","width":200,"height":600},{"@type":"BreadcrumbList","@id":"https:\/\/fonsvinum.com\/de\/produkt\/tenuta-di-biserno-il-pino-di-biserno-2020\/#breadcrumb","itemListElement":[{"@type":"ListItem","position":1,"name":"Startseite","item":"https:\/\/fonsvinum.com\/de\/"},{"@type":"ListItem","position":2,"name":"Shop","item":"https:\/\/fonsvinum.com\/de\/shop\/"},{"@type":"ListItem","position":3,"name":"Tenuta di Biserno Il Pino di Biserno 2020"}]},{"@type":"WebSite","@id":"https:\/\/fonsvinum.com\/en\/#website","url":"https:\/\/fonsvinum.com\/en\/","name":"Fons Vinum","description":"Vendita Vino Online","publisher":{"@id":"https:\/\/fonsvinum.com\/en\/#organization"},"potentialAction":[{"@type":"SearchAction","target":{"@type":"EntryPoint","urlTemplate":"https:\/\/fonsvinum.com\/en\/?s={search_term_string}"},"query-input":{"@type":"PropertyValueSpecification","valueRequired":true,"valueName":"search_term_string"}}],"inLanguage":"de"},{"@type":"Organization","@id":"https:\/\/fonsvinum.com\/en\/#organization","name":"Fons Vinum","url":"https:\/\/fonsvinum.com\/en\/","logo":{"@type":"ImageObject","inLanguage":"de","@id":"https:\/\/fonsvinum.com\/en\/#\/schema\/logo\/image\/","url":"","contentUrl":"","caption":"Fons Vinum"},"image":{"@id":"https:\/\/fonsvinum.com\/en\/#\/schema\/logo\/image\/"}}]}},"acf":[],"_links":{"self":[{"href":"https:\/\/fonsvinum.com\/de\/wp-json\/wp\/v2\/product\/49038","targetHints":{"allow":["GET"]}}],"collection":[{"href":"https:\/\/fonsvinum.com\/de\/wp-json\/wp\/v2\/product"}],"about":[{"href":"https:\/\/fonsvinum.com\/de\/wp-json\/wp\/v2\/types\/product"}],"replies":[{"embeddable":true,"href":"https:\/\/fonsvinum.com\/de\/wp-json\/wp\/v2\/comments?post=49038"}],"wp:featuredmedia":[{"embeddable":true,"href":"https:\/\/fonsvinum.com\/de\/wp-json\/wp\/v2\/media\/27742"}],"wp:attachment":[{"href":"https:\/\/fonsvinum.com\/de\/wp-json\/wp\/v2\/media?parent=49038"}],"wp:term":[{"taxonomy":"product_brand","embeddable":true,"href":"https:\/\/fonsvinum.com\/de\/wp-json\/wp\/v2\/product_brand?post=49038"},{"taxonomy":"product_cat","embeddable":true,"href":"https:\/\/fonsvinum.com\/de\/wp-json\/wp\/v2\/product_cat?post=49038"},{"taxonomy":"product_tag","embeddable":true,"href":"https:\/\/fonsvinum.com\/de\/wp-json\/wp\/v2\/product_tag?post=49038"}],"curies":[{"name":"wp","href":"https:\/\/api.w.org\/{rel}","templated":true}]}}