{"id":49016,"date":"2026-03-17T12:01:29","date_gmt":"2026-03-17T11:01:29","guid":{"rendered":"https:\/\/fonsvinum.com\/?post_type=product&#038;p=49016"},"modified":"2026-03-17T12:12:13","modified_gmt":"2026-03-17T11:12:13","slug":"marchesi-frescobaldi-gorgona-bianco-2024","status":"publish","type":"product","link":"https:\/\/fonsvinum.com\/de\/produkt\/marchesi-frescobaldi-gorgona-bianco-2024\/","title":{"rendered":"MARCHESI FRESCOBALDI Gorgona Bianco 2024"},"content":{"rendered":"<h2><a href=\"https:\/\/fonsvinum.com\/de\/attributes\/producer\/marchesi-de-frescobaldi-2-de\/\">MARCHESI FRESCOBALDI<\/a> &#8211; \u00a0Gorgona Bianco 2024<\/h2>\n<p>Aus der Zusammenarbeit zwischen Frescobaldi und dem Gef\u00e4ngnis Instituto di Pena di Gorgona entsteht ein einzigartiger Wein \u2013 angebaut von den H\u00e4ftlingen auf der Insel.<\/p>\n<p>Das Projekt Gorgona entstand im August 2012 dank der Zusammenarbeit zwischen Frescobaldi und Gorgona, dem einzigen Insel-Gef\u00e4ngnis in Europa.\u202f\u202f\u202f Hier verbringen die H\u00e4ftlinge die letzte Phase ihrer Strafe und arbeiten im Kontakt mit der Natur, um F\u00e4higkeiten zu entwickeln, die ihre Wiedereingliederung in das Arbeits- und Sozialleben erleichtern sollen.\u202f\u202f Das Projekt begann in einem kleinen Weinberg inmitten eines nat\u00fcrlichen Amphitheaters mit Blick auf das Meer. Ziel des Projekts war und ist es, H\u00e4ftlingen die M\u00f6glichkeit zu geben, in Zusammenarbeit und unter Aufsicht von Agronomen und \u00d6nologen von Frescobaldi konkrete und aktive Erfahrungen im Bereich des Weinbaus zu sammeln.\u202f\u202f Heute umfasst der Weinberg zwei Hektar, von denen einer in der Anfangszeit und ein zweiter im Jahr 2015 angelegt wurde.\u202f\u202f Aus diesem Weinberg mit Vermentino und Ansonica stammt Gorgona, das Ergebnis der Einzigartigkeit des Ortes, ein Werk des Menschen und Symbol f\u00fcr Hoffnung und Freiheit.<\/p>\n<h2>Weinbeschreibung:<\/h2>\n<p>Der Gorgona 2024 zeichnet sich durch eine sch\u00f6ne strohgelbe Farbe mit goldenen Reflexen aus, brillant und kristallin. Das Bouquet ist komplex und elegant intensiv mit mediterranen und jodhaltigen Noten, die besonders hervortreten. Die mediterranen Noten umfassen Helichrysum, Bohnenkraut und Rosmarin, gefolgt von blumigen Noten, die an Ginster und Kamille erinnern. Der fruchtige Teil tendiert eher zu gelben und exotischen Fr\u00fcchten, aber auch zu zarten Zitrusnoten. Im Gaumen ist er w\u00fcrzig, frisch und langanhaltend. Seine Persistenz ist bemerkenswert und die geschmackliche \u00dcbereinstimmung mit dem Aroma vollkommen. Wieder einmal beeindruckt und verbl\u00fcfft Gorgona mit seinem entschlossenen Charakter. Herzlich Willkommen Gorgona bianco 2024.<\/p>\n<p>&nbsp;<\/p>\n<p>&nbsp;<\/p>\n","protected":false},"excerpt":{"rendered":"<p>MARCHESI FRESCOBALDI &#8211; \u00a0Gorgona Bianco 2024 Aus der Zusammenarbeit zwischen Frescobaldi und dem Gef\u00e4ngnis Instituto di Pena di Gorgona entsteht ein einzigartiger Wein \u2013 angebaut von den H\u00e4ftlingen auf der Insel. Das Projekt Gorgona entstand im August 2012 dank der Zusammenarbeit zwischen Frescobaldi und Gorgona, dem einzigen Insel-Gef\u00e4ngnis in Europa.\u202f\u202f\u202f Hier verbringen die H\u00e4ftlinge die [&hellip;]<\/p>\n","protected":false},"featured_media":33754,"comment_status":"open","ping_status":"closed","template":"","meta":{"_acf_changed":false,"_monsterinsights_skip_tracking":false,"_monsterinsights_sitenote_active":false,"_monsterinsights_sitenote_note":"","_monsterinsights_sitenote_category":0},"product_brand":[],"product_cat":[2162],"product_tag":[3583,17742],"class_list":{"0":"post-49016","1":"product","2":"type-product","3":"status-publish","4":"has-post-thumbnail","6":"product_cat-blend","7":"product_tag-vini-toscani-de","8":"product_tag-vino-bianco-de","9":"pa_appellation-costa-toscana-igt-de","10":"pa_formato-0-75-l-flasche-de","11":"pa_producer-marchesi-de-frescobaldi-2-de","12":"pa_region-toskana-de","13":"pa_vine-vermentino-ansonica-de","14":"pa_vintage-18405","16":"first","17":"instock","18":"taxable","19":"shipping-taxable","20":"purchasable","21":"product-type-simple"},"bundled_by":[],"bundle_stock_status":"instock","bundle_stock_quantity":3,"bundle_virtual":false,"bundle_layout":"","bundle_add_to_cart_form_location":"","bundle_editable_in_cart":false,"bundle_sold_individually_context":"","bundle_item_grouping":"","bundle_min_size":"","bundle_max_size":"","bundle_price":[],"bundled_items":[],"bundle_sell_ids":[],"yoast_head":"<!-- This site is optimized with the Yoast SEO plugin v27.2 - https:\/\/yoast.com\/product\/yoast-seo-wordpress\/ -->\n<title>Kaufen online MARCHESI FRESCOBALDI Gorgona Bianco 2024<\/title>\n<meta name=\"description\" content=\"MARCHESI FRESCOBALDI Gorgona Bianco 2024\" \/>\n<meta name=\"robots\" content=\"index, follow, max-snippet:-1, max-image-preview:large, max-video-preview:-1\" \/>\n<link rel=\"canonical\" href=\"https:\/\/fonsvinum.com\/de\/produkt\/marchesi-frescobaldi-gorgona-bianco-2024\/\" \/>\n<meta property=\"og:locale\" content=\"de_DE\" \/>\n<meta property=\"og:type\" content=\"article\" \/>\n<meta property=\"og:title\" content=\"Kaufen online MARCHESI FRESCOBALDI Gorgona Bianco 2024\" \/>\n<meta property=\"og:description\" content=\"MARCHESI FRESCOBALDI Gorgona Bianco 2024\" \/>\n<meta property=\"og:url\" content=\"https:\/\/fonsvinum.com\/de\/produkt\/marchesi-frescobaldi-gorgona-bianco-2024\/\" \/>\n<meta property=\"og:site_name\" content=\"Fons Vinum\" \/>\n<meta property=\"article:modified_time\" content=\"2026-03-17T11:12:13+00:00\" \/>\n<meta property=\"og:image\" content=\"https:\/\/fonsvinum.com\/files\/2021\/06\/marchesi-frescobaldi-gorgona.jpg\" \/>\n\t<meta property=\"og:image:width\" content=\"200\" \/>\n\t<meta property=\"og:image:height\" content=\"600\" \/>\n\t<meta property=\"og:image:type\" content=\"image\/jpeg\" \/>\n<meta name=\"twitter:label1\" content=\"Gesch\u00e4tzte Lesezeit\" \/>\n\t<meta name=\"twitter:data1\" content=\"2\u00a0Minuten\" \/>\n<script type=\"application\/ld+json\" class=\"yoast-schema-graph\">{\"@context\":\"https:\/\/schema.org\",\"@graph\":[{\"@type\":\"WebPage\",\"@id\":\"https:\/\/fonsvinum.com\/de\/produkt\/marchesi-frescobaldi-gorgona-bianco-2024\/\",\"url\":\"https:\/\/fonsvinum.com\/de\/produkt\/marchesi-frescobaldi-gorgona-bianco-2024\/\",\"name\":\"Kaufen online MARCHESI FRESCOBALDI Gorgona Bianco 2024\",\"isPartOf\":{\"@id\":\"https:\/\/fonsvinum.com\/en\/#website\"},\"primaryImageOfPage\":{\"@id\":\"https:\/\/fonsvinum.com\/de\/produkt\/marchesi-frescobaldi-gorgona-bianco-2024\/#primaryimage\"},\"image\":{\"@id\":\"https:\/\/fonsvinum.com\/de\/produkt\/marchesi-frescobaldi-gorgona-bianco-2024\/#primaryimage\"},\"thumbnailUrl\":\"https:\/\/fonsvinum.com\/files\/2021\/06\/marchesi-frescobaldi-gorgona.jpg\",\"datePublished\":\"2026-03-17T11:01:29+00:00\",\"dateModified\":\"2026-03-17T11:12:13+00:00\",\"description\":\"MARCHESI FRESCOBALDI Gorgona Bianco 2024\",\"breadcrumb\":{\"@id\":\"https:\/\/fonsvinum.com\/de\/produkt\/marchesi-frescobaldi-gorgona-bianco-2024\/#breadcrumb\"},\"inLanguage\":\"de\",\"potentialAction\":[{\"@type\":\"ReadAction\",\"target\":[\"https:\/\/fonsvinum.com\/de\/produkt\/marchesi-frescobaldi-gorgona-bianco-2024\/\"]}]},{\"@type\":\"ImageObject\",\"inLanguage\":\"de\",\"@id\":\"https:\/\/fonsvinum.com\/de\/produkt\/marchesi-frescobaldi-gorgona-bianco-2024\/#primaryimage\",\"url\":\"https:\/\/fonsvinum.com\/files\/2021\/06\/marchesi-frescobaldi-gorgona.jpg\",\"contentUrl\":\"https:\/\/fonsvinum.com\/files\/2021\/06\/marchesi-frescobaldi-gorgona.jpg\",\"width\":200,\"height\":600},{\"@type\":\"BreadcrumbList\",\"@id\":\"https:\/\/fonsvinum.com\/de\/produkt\/marchesi-frescobaldi-gorgona-bianco-2024\/#breadcrumb\",\"itemListElement\":[{\"@type\":\"ListItem\",\"position\":1,\"name\":\"Startseite\",\"item\":\"https:\/\/fonsvinum.com\/de\/\"},{\"@type\":\"ListItem\",\"position\":2,\"name\":\"Shop\",\"item\":\"https:\/\/fonsvinum.com\/de\/shop\/\"},{\"@type\":\"ListItem\",\"position\":3,\"name\":\"MARCHESI FRESCOBALDI Gorgona Bianco 2024\"}]},{\"@type\":\"WebSite\",\"@id\":\"https:\/\/fonsvinum.com\/en\/#website\",\"url\":\"https:\/\/fonsvinum.com\/en\/\",\"name\":\"Fons Vinum\",\"description\":\"Vendita Vino Online\",\"publisher\":{\"@id\":\"https:\/\/fonsvinum.com\/en\/#organization\"},\"potentialAction\":[{\"@type\":\"SearchAction\",\"target\":{\"@type\":\"EntryPoint\",\"urlTemplate\":\"https:\/\/fonsvinum.com\/en\/?s={search_term_string}\"},\"query-input\":{\"@type\":\"PropertyValueSpecification\",\"valueRequired\":true,\"valueName\":\"search_term_string\"}}],\"inLanguage\":\"de\"},{\"@type\":\"Organization\",\"@id\":\"https:\/\/fonsvinum.com\/en\/#organization\",\"name\":\"Fons Vinum\",\"url\":\"https:\/\/fonsvinum.com\/en\/\",\"logo\":{\"@type\":\"ImageObject\",\"inLanguage\":\"de\",\"@id\":\"https:\/\/fonsvinum.com\/en\/#\/schema\/logo\/image\/\",\"url\":\"\",\"contentUrl\":\"\",\"caption\":\"Fons Vinum\"},\"image\":{\"@id\":\"https:\/\/fonsvinum.com\/en\/#\/schema\/logo\/image\/\"}}]}<\/script>\n<!-- \/ Yoast SEO plugin. -->","yoast_head_json":{"title":"Kaufen online MARCHESI FRESCOBALDI Gorgona Bianco 2024","description":"MARCHESI FRESCOBALDI Gorgona Bianco 2024","robots":{"index":"index","follow":"follow","max-snippet":"max-snippet:-1","max-image-preview":"max-image-preview:large","max-video-preview":"max-video-preview:-1"},"canonical":"https:\/\/fonsvinum.com\/de\/produkt\/marchesi-frescobaldi-gorgona-bianco-2024\/","og_locale":"de_DE","og_type":"article","og_title":"Kaufen online MARCHESI FRESCOBALDI Gorgona Bianco 2024","og_description":"MARCHESI FRESCOBALDI Gorgona Bianco 2024","og_url":"https:\/\/fonsvinum.com\/de\/produkt\/marchesi-frescobaldi-gorgona-bianco-2024\/","og_site_name":"Fons Vinum","article_modified_time":"2026-03-17T11:12:13+00:00","og_image":[{"width":200,"height":600,"url":"https:\/\/fonsvinum.com\/files\/2021\/06\/marchesi-frescobaldi-gorgona.jpg","type":"image\/jpeg"}],"twitter_misc":{"Gesch\u00e4tzte Lesezeit":"2\u00a0Minuten"},"schema":{"@context":"https:\/\/schema.org","@graph":[{"@type":"WebPage","@id":"https:\/\/fonsvinum.com\/de\/produkt\/marchesi-frescobaldi-gorgona-bianco-2024\/","url":"https:\/\/fonsvinum.com\/de\/produkt\/marchesi-frescobaldi-gorgona-bianco-2024\/","name":"Kaufen online MARCHESI FRESCOBALDI Gorgona Bianco 2024","isPartOf":{"@id":"https:\/\/fonsvinum.com\/en\/#website"},"primaryImageOfPage":{"@id":"https:\/\/fonsvinum.com\/de\/produkt\/marchesi-frescobaldi-gorgona-bianco-2024\/#primaryimage"},"image":{"@id":"https:\/\/fonsvinum.com\/de\/produkt\/marchesi-frescobaldi-gorgona-bianco-2024\/#primaryimage"},"thumbnailUrl":"https:\/\/fonsvinum.com\/files\/2021\/06\/marchesi-frescobaldi-gorgona.jpg","datePublished":"2026-03-17T11:01:29+00:00","dateModified":"2026-03-17T11:12:13+00:00","description":"MARCHESI FRESCOBALDI Gorgona Bianco 2024","breadcrumb":{"@id":"https:\/\/fonsvinum.com\/de\/produkt\/marchesi-frescobaldi-gorgona-bianco-2024\/#breadcrumb"},"inLanguage":"de","potentialAction":[{"@type":"ReadAction","target":["https:\/\/fonsvinum.com\/de\/produkt\/marchesi-frescobaldi-gorgona-bianco-2024\/"]}]},{"@type":"ImageObject","inLanguage":"de","@id":"https:\/\/fonsvinum.com\/de\/produkt\/marchesi-frescobaldi-gorgona-bianco-2024\/#primaryimage","url":"https:\/\/fonsvinum.com\/files\/2021\/06\/marchesi-frescobaldi-gorgona.jpg","contentUrl":"https:\/\/fonsvinum.com\/files\/2021\/06\/marchesi-frescobaldi-gorgona.jpg","width":200,"height":600},{"@type":"BreadcrumbList","@id":"https:\/\/fonsvinum.com\/de\/produkt\/marchesi-frescobaldi-gorgona-bianco-2024\/#breadcrumb","itemListElement":[{"@type":"ListItem","position":1,"name":"Startseite","item":"https:\/\/fonsvinum.com\/de\/"},{"@type":"ListItem","position":2,"name":"Shop","item":"https:\/\/fonsvinum.com\/de\/shop\/"},{"@type":"ListItem","position":3,"name":"MARCHESI FRESCOBALDI Gorgona Bianco 2024"}]},{"@type":"WebSite","@id":"https:\/\/fonsvinum.com\/en\/#website","url":"https:\/\/fonsvinum.com\/en\/","name":"Fons Vinum","description":"Vendita Vino Online","publisher":{"@id":"https:\/\/fonsvinum.com\/en\/#organization"},"potentialAction":[{"@type":"SearchAction","target":{"@type":"EntryPoint","urlTemplate":"https:\/\/fonsvinum.com\/en\/?s={search_term_string}"},"query-input":{"@type":"PropertyValueSpecification","valueRequired":true,"valueName":"search_term_string"}}],"inLanguage":"de"},{"@type":"Organization","@id":"https:\/\/fonsvinum.com\/en\/#organization","name":"Fons Vinum","url":"https:\/\/fonsvinum.com\/en\/","logo":{"@type":"ImageObject","inLanguage":"de","@id":"https:\/\/fonsvinum.com\/en\/#\/schema\/logo\/image\/","url":"","contentUrl":"","caption":"Fons Vinum"},"image":{"@id":"https:\/\/fonsvinum.com\/en\/#\/schema\/logo\/image\/"}}]}},"acf":[],"_links":{"self":[{"href":"https:\/\/fonsvinum.com\/de\/wp-json\/wp\/v2\/product\/49016","targetHints":{"allow":["GET"]}}],"collection":[{"href":"https:\/\/fonsvinum.com\/de\/wp-json\/wp\/v2\/product"}],"about":[{"href":"https:\/\/fonsvinum.com\/de\/wp-json\/wp\/v2\/types\/product"}],"replies":[{"embeddable":true,"href":"https:\/\/fonsvinum.com\/de\/wp-json\/wp\/v2\/comments?post=49016"}],"wp:featuredmedia":[{"embeddable":true,"href":"https:\/\/fonsvinum.com\/de\/wp-json\/wp\/v2\/media\/33754"}],"wp:attachment":[{"href":"https:\/\/fonsvinum.com\/de\/wp-json\/wp\/v2\/media?parent=49016"}],"wp:term":[{"taxonomy":"product_brand","embeddable":true,"href":"https:\/\/fonsvinum.com\/de\/wp-json\/wp\/v2\/product_brand?post=49016"},{"taxonomy":"product_cat","embeddable":true,"href":"https:\/\/fonsvinum.com\/de\/wp-json\/wp\/v2\/product_cat?post=49016"},{"taxonomy":"product_tag","embeddable":true,"href":"https:\/\/fonsvinum.com\/de\/wp-json\/wp\/v2\/product_tag?post=49016"}],"curies":[{"name":"wp","href":"https:\/\/api.w.org\/{rel}","templated":true}]}}