{"id":48994,"date":"2026-03-17T07:15:24","date_gmt":"2026-03-17T06:15:24","guid":{"rendered":"https:\/\/fonsvinum.com\/?post_type=product&#038;p=48994"},"modified":"2026-03-17T07:23:13","modified_gmt":"2026-03-17T06:23:13","slug":"castello-dei-rampolla-vigna-dalceo-2012","status":"publish","type":"product","link":"https:\/\/fonsvinum.com\/de\/produkt\/castello-dei-rampolla-vigna-dalceo-2012\/","title":{"rendered":"Castello dei Rampolla Vigna d&#8217;Alceo 2012"},"content":{"rendered":"<h1>Castello dei <a href=\"https:\/\/fonsvinum.com\/en\/?s=RAMPOLLA&amp;post_type=product\">Rampolla<\/a> Vigna d&#8217;Alceo 2012<\/h1>\n<p><a href=\"https:\/\/www.castellodeirampolla.it\/\">Castello dei Rampoll<\/a>a hat ein breitgef\u00e4chertes Sortiment. Vigna d&#8217;Alceo geh\u00f6rt zu den Herzst\u00fccken des Weinguts. Ein gro\u00dfer Wein Italiens mit kontinuierlich guter Qualit\u00e4t.<\/p>\n<p>Dieser Cabernet Sauvignon wird mit kleinen Zus\u00e4tzen von Sangiovese und Merlot veredelt. Durch lange Monate im Barrique \u00fcberzeugt er mit ausgepr\u00e4gten Vanille- und R\u00f6staromen.<\/p>\n<p>Ein klassischer Toskaner, der traditionell gut zu gereiftem Hartk\u00e4se gereicht werden kann. Dunkles gebratenes Fleisch f\u00fchlt sich in Begleitung des Sammarcos ebenfalls sehr wohl.<\/p>\n<p>Die Flasche sollte eine Stunde vor dem Verkosten entkorkt werden.<\/p>\n<h2><a href=\"https:\/\/fonsvinum.com\/de\/attributes\/region\/toskana-de\/\">Vigna<\/a> d&#8217;Alceo<\/h2>\n<p>Der D&#8217;Alceo spiegelt den Charakter seines Weinbergs perfekt wider: intensiv, warm, raffiniert und elegant. Reife rote Fr\u00fcchte verschmelzen harmonisch mit feinen Noten von Zigarre und Tabak.<\/p>\n<p>Eine unglaubliche Konzentration ohne Schwere. Hier geht es nicht um einen Wein, sondern um die Pers\u00f6nlichkeit eines Weinbergs, angelegt von Alceo, der sich wohl kaum h\u00e4tte vorstellen k\u00f6nnen, diese exzellente Kombination aus Lage, Boden und Rebsorten (Cabernet Sauvignon und Petit Verdot) gefunden zu haben.<\/p>\n<p>Farbe: Sehr dunkles Rubinrot.<br \/>\nBouquet: In der Nase zeigen sich Ankl\u00e4nge von roten Fr\u00fcchten, Beeren, Lakritz und Gew\u00fcrzen.<br \/>\nGaumen: Elegant am Gaumen, mit exzellenter Struktur, reichhaltig und geschmeidig. Der Abgang ist sehr anhaltend.<\/p>\n<p>Ein Super-Tuscan-Wein.<\/p>\n","protected":false},"excerpt":{"rendered":"<p>Castello dei Rampolla Vigna d&#8217;Alceo 2012 Castello dei Rampolla hat ein breitgef\u00e4chertes Sortiment. Vigna d&#8217;Alceo geh\u00f6rt zu den Herzst\u00fccken des Weinguts. Ein gro\u00dfer Wein Italiens mit kontinuierlich guter Qualit\u00e4t. Dieser Cabernet Sauvignon wird mit kleinen Zus\u00e4tzen von Sangiovese und Merlot veredelt. Durch lange Monate im Barrique \u00fcberzeugt er mit ausgepr\u00e4gten Vanille- und R\u00f6staromen. Ein klassischer [&hellip;]<\/p>\n","protected":false},"featured_media":10019,"comment_status":"open","ping_status":"closed","template":"","meta":{"_acf_changed":false,"_monsterinsights_skip_tracking":false,"_monsterinsights_sitenote_active":false,"_monsterinsights_sitenote_note":"","_monsterinsights_sitenote_category":0},"product_brand":[],"product_cat":[1693],"product_tag":[1733,1745,3583],"class_list":{"0":"post-48994","1":"product","2":"type-product","3":"status-publish","4":"has-post-thumbnail","6":"product_cat-blend-2-de","7":"product_tag-aussergewoehnliche-weine-de","8":"product_tag-super-tuscan-de","9":"product_tag-vini-toscani-de","10":"pa_appellation-toscana-rosso-igt-de","11":"pa_formato-0-75-l-flasche-de","12":"pa_producer-castello-dei-rampolla-de","13":"pa_region-toskana-de","14":"pa_vine-cabernet-sauvignon-sangiovese-e-merlot-de","15":"pa_vintage-2012-de","17":"first","18":"instock","19":"taxable","20":"shipping-taxable","21":"purchasable","22":"product-type-simple"},"bundled_by":[],"bundle_stock_status":"instock","bundle_stock_quantity":12,"bundle_virtual":false,"bundle_layout":"","bundle_add_to_cart_form_location":"","bundle_editable_in_cart":false,"bundle_sold_individually_context":"","bundle_item_grouping":"","bundle_min_size":"","bundle_max_size":"","bundle_price":[],"bundled_items":[],"bundle_sell_ids":[],"yoast_head":"<!-- This site is optimized with the Yoast SEO plugin v27.2 - https:\/\/yoast.com\/product\/yoast-seo-wordpress\/ -->\n<title>Castello dei Rampolla Vigna d&#039;Alceo 2012 - Fons Vinum<\/title>\n<meta name=\"description\" content=\"Castello dei Rampolla Vigna d&#039;Alceo 2012 - Ein klassischer Toskaner, der traditionell gut zu gereiftem Hartk\u00e4se gereicht werden kann.\" \/>\n<meta name=\"robots\" content=\"index, follow, max-snippet:-1, max-image-preview:large, max-video-preview:-1\" \/>\n<link rel=\"canonical\" href=\"https:\/\/fonsvinum.com\/de\/produkt\/castello-dei-rampolla-vigna-dalceo-2012\/\" \/>\n<meta property=\"og:locale\" content=\"de_DE\" \/>\n<meta property=\"og:type\" content=\"article\" \/>\n<meta property=\"og:title\" content=\"Castello dei Rampolla Vigna d&#039;Alceo 2012 - Fons Vinum\" \/>\n<meta property=\"og:description\" content=\"Castello dei Rampolla Vigna d&#039;Alceo 2012 - Ein klassischer Toskaner, der traditionell gut zu gereiftem Hartk\u00e4se gereicht werden kann.\" \/>\n<meta property=\"og:url\" content=\"https:\/\/fonsvinum.com\/de\/produkt\/castello-dei-rampolla-vigna-dalceo-2012\/\" \/>\n<meta property=\"og:site_name\" content=\"Fons Vinum\" \/>\n<meta property=\"article:modified_time\" content=\"2026-03-17T06:23:13+00:00\" \/>\n<meta property=\"og:image\" content=\"https:\/\/fonsvinum.com\/files\/2017\/02\/Castello-dei-Rampolla-Sammarco.png\" \/>\n\t<meta property=\"og:image:width\" content=\"200\" \/>\n\t<meta property=\"og:image:height\" content=\"600\" \/>\n\t<meta property=\"og:image:type\" content=\"image\/png\" \/>\n<meta name=\"twitter:label1\" content=\"Gesch\u00e4tzte Lesezeit\" \/>\n\t<meta name=\"twitter:data1\" content=\"2\u00a0Minuten\" \/>\n<script type=\"application\/ld+json\" class=\"yoast-schema-graph\">{\"@context\":\"https:\/\/schema.org\",\"@graph\":[{\"@type\":\"WebPage\",\"@id\":\"https:\/\/fonsvinum.com\/de\/produkt\/castello-dei-rampolla-vigna-dalceo-2012\/\",\"url\":\"https:\/\/fonsvinum.com\/de\/produkt\/castello-dei-rampolla-vigna-dalceo-2012\/\",\"name\":\"Castello dei Rampolla Vigna d'Alceo 2012 - Fons Vinum\",\"isPartOf\":{\"@id\":\"https:\/\/fonsvinum.com\/en\/#website\"},\"primaryImageOfPage\":{\"@id\":\"https:\/\/fonsvinum.com\/de\/produkt\/castello-dei-rampolla-vigna-dalceo-2012\/#primaryimage\"},\"image\":{\"@id\":\"https:\/\/fonsvinum.com\/de\/produkt\/castello-dei-rampolla-vigna-dalceo-2012\/#primaryimage\"},\"thumbnailUrl\":\"https:\/\/fonsvinum.com\/files\/2017\/02\/Castello-dei-Rampolla-Sammarco.png\",\"datePublished\":\"2026-03-17T06:15:24+00:00\",\"dateModified\":\"2026-03-17T06:23:13+00:00\",\"description\":\"Castello dei Rampolla Vigna d'Alceo 2012 - Ein klassischer Toskaner, der traditionell gut zu gereiftem Hartk\u00e4se gereicht werden kann.\",\"breadcrumb\":{\"@id\":\"https:\/\/fonsvinum.com\/de\/produkt\/castello-dei-rampolla-vigna-dalceo-2012\/#breadcrumb\"},\"inLanguage\":\"de\",\"potentialAction\":[{\"@type\":\"ReadAction\",\"target\":[\"https:\/\/fonsvinum.com\/de\/produkt\/castello-dei-rampolla-vigna-dalceo-2012\/\"]}]},{\"@type\":\"ImageObject\",\"inLanguage\":\"de\",\"@id\":\"https:\/\/fonsvinum.com\/de\/produkt\/castello-dei-rampolla-vigna-dalceo-2012\/#primaryimage\",\"url\":\"https:\/\/fonsvinum.com\/files\/2017\/02\/Castello-dei-Rampolla-Sammarco.png\",\"contentUrl\":\"https:\/\/fonsvinum.com\/files\/2017\/02\/Castello-dei-Rampolla-Sammarco.png\",\"width\":200,\"height\":600},{\"@type\":\"BreadcrumbList\",\"@id\":\"https:\/\/fonsvinum.com\/de\/produkt\/castello-dei-rampolla-vigna-dalceo-2012\/#breadcrumb\",\"itemListElement\":[{\"@type\":\"ListItem\",\"position\":1,\"name\":\"Startseite\",\"item\":\"https:\/\/fonsvinum.com\/de\/\"},{\"@type\":\"ListItem\",\"position\":2,\"name\":\"Shop\",\"item\":\"https:\/\/fonsvinum.com\/de\/shop\/\"},{\"@type\":\"ListItem\",\"position\":3,\"name\":\"Castello dei Rampolla Vigna d&#8217;Alceo 2012\"}]},{\"@type\":\"WebSite\",\"@id\":\"https:\/\/fonsvinum.com\/en\/#website\",\"url\":\"https:\/\/fonsvinum.com\/en\/\",\"name\":\"Fons Vinum\",\"description\":\"Vendita Vino Online\",\"publisher\":{\"@id\":\"https:\/\/fonsvinum.com\/en\/#organization\"},\"potentialAction\":[{\"@type\":\"SearchAction\",\"target\":{\"@type\":\"EntryPoint\",\"urlTemplate\":\"https:\/\/fonsvinum.com\/en\/?s={search_term_string}\"},\"query-input\":{\"@type\":\"PropertyValueSpecification\",\"valueRequired\":true,\"valueName\":\"search_term_string\"}}],\"inLanguage\":\"de\"},{\"@type\":\"Organization\",\"@id\":\"https:\/\/fonsvinum.com\/en\/#organization\",\"name\":\"Fons Vinum\",\"url\":\"https:\/\/fonsvinum.com\/en\/\",\"logo\":{\"@type\":\"ImageObject\",\"inLanguage\":\"de\",\"@id\":\"https:\/\/fonsvinum.com\/en\/#\/schema\/logo\/image\/\",\"url\":\"\",\"contentUrl\":\"\",\"caption\":\"Fons Vinum\"},\"image\":{\"@id\":\"https:\/\/fonsvinum.com\/en\/#\/schema\/logo\/image\/\"}}]}<\/script>\n<!-- \/ Yoast SEO plugin. -->","yoast_head_json":{"title":"Castello dei Rampolla Vigna d'Alceo 2012 - Fons Vinum","description":"Castello dei Rampolla Vigna d'Alceo 2012 - Ein klassischer Toskaner, der traditionell gut zu gereiftem Hartk\u00e4se gereicht werden kann.","robots":{"index":"index","follow":"follow","max-snippet":"max-snippet:-1","max-image-preview":"max-image-preview:large","max-video-preview":"max-video-preview:-1"},"canonical":"https:\/\/fonsvinum.com\/de\/produkt\/castello-dei-rampolla-vigna-dalceo-2012\/","og_locale":"de_DE","og_type":"article","og_title":"Castello dei Rampolla Vigna d'Alceo 2012 - Fons Vinum","og_description":"Castello dei Rampolla Vigna d'Alceo 2012 - Ein klassischer Toskaner, der traditionell gut zu gereiftem Hartk\u00e4se gereicht werden kann.","og_url":"https:\/\/fonsvinum.com\/de\/produkt\/castello-dei-rampolla-vigna-dalceo-2012\/","og_site_name":"Fons Vinum","article_modified_time":"2026-03-17T06:23:13+00:00","og_image":[{"width":200,"height":600,"url":"https:\/\/fonsvinum.com\/files\/2017\/02\/Castello-dei-Rampolla-Sammarco.png","type":"image\/png"}],"twitter_misc":{"Gesch\u00e4tzte Lesezeit":"2\u00a0Minuten"},"schema":{"@context":"https:\/\/schema.org","@graph":[{"@type":"WebPage","@id":"https:\/\/fonsvinum.com\/de\/produkt\/castello-dei-rampolla-vigna-dalceo-2012\/","url":"https:\/\/fonsvinum.com\/de\/produkt\/castello-dei-rampolla-vigna-dalceo-2012\/","name":"Castello dei Rampolla Vigna d'Alceo 2012 - Fons Vinum","isPartOf":{"@id":"https:\/\/fonsvinum.com\/en\/#website"},"primaryImageOfPage":{"@id":"https:\/\/fonsvinum.com\/de\/produkt\/castello-dei-rampolla-vigna-dalceo-2012\/#primaryimage"},"image":{"@id":"https:\/\/fonsvinum.com\/de\/produkt\/castello-dei-rampolla-vigna-dalceo-2012\/#primaryimage"},"thumbnailUrl":"https:\/\/fonsvinum.com\/files\/2017\/02\/Castello-dei-Rampolla-Sammarco.png","datePublished":"2026-03-17T06:15:24+00:00","dateModified":"2026-03-17T06:23:13+00:00","description":"Castello dei Rampolla Vigna d'Alceo 2012 - Ein klassischer Toskaner, der traditionell gut zu gereiftem Hartk\u00e4se gereicht werden kann.","breadcrumb":{"@id":"https:\/\/fonsvinum.com\/de\/produkt\/castello-dei-rampolla-vigna-dalceo-2012\/#breadcrumb"},"inLanguage":"de","potentialAction":[{"@type":"ReadAction","target":["https:\/\/fonsvinum.com\/de\/produkt\/castello-dei-rampolla-vigna-dalceo-2012\/"]}]},{"@type":"ImageObject","inLanguage":"de","@id":"https:\/\/fonsvinum.com\/de\/produkt\/castello-dei-rampolla-vigna-dalceo-2012\/#primaryimage","url":"https:\/\/fonsvinum.com\/files\/2017\/02\/Castello-dei-Rampolla-Sammarco.png","contentUrl":"https:\/\/fonsvinum.com\/files\/2017\/02\/Castello-dei-Rampolla-Sammarco.png","width":200,"height":600},{"@type":"BreadcrumbList","@id":"https:\/\/fonsvinum.com\/de\/produkt\/castello-dei-rampolla-vigna-dalceo-2012\/#breadcrumb","itemListElement":[{"@type":"ListItem","position":1,"name":"Startseite","item":"https:\/\/fonsvinum.com\/de\/"},{"@type":"ListItem","position":2,"name":"Shop","item":"https:\/\/fonsvinum.com\/de\/shop\/"},{"@type":"ListItem","position":3,"name":"Castello dei Rampolla Vigna d&#8217;Alceo 2012"}]},{"@type":"WebSite","@id":"https:\/\/fonsvinum.com\/en\/#website","url":"https:\/\/fonsvinum.com\/en\/","name":"Fons Vinum","description":"Vendita Vino Online","publisher":{"@id":"https:\/\/fonsvinum.com\/en\/#organization"},"potentialAction":[{"@type":"SearchAction","target":{"@type":"EntryPoint","urlTemplate":"https:\/\/fonsvinum.com\/en\/?s={search_term_string}"},"query-input":{"@type":"PropertyValueSpecification","valueRequired":true,"valueName":"search_term_string"}}],"inLanguage":"de"},{"@type":"Organization","@id":"https:\/\/fonsvinum.com\/en\/#organization","name":"Fons Vinum","url":"https:\/\/fonsvinum.com\/en\/","logo":{"@type":"ImageObject","inLanguage":"de","@id":"https:\/\/fonsvinum.com\/en\/#\/schema\/logo\/image\/","url":"","contentUrl":"","caption":"Fons Vinum"},"image":{"@id":"https:\/\/fonsvinum.com\/en\/#\/schema\/logo\/image\/"}}]}},"acf":[],"_links":{"self":[{"href":"https:\/\/fonsvinum.com\/de\/wp-json\/wp\/v2\/product\/48994","targetHints":{"allow":["GET"]}}],"collection":[{"href":"https:\/\/fonsvinum.com\/de\/wp-json\/wp\/v2\/product"}],"about":[{"href":"https:\/\/fonsvinum.com\/de\/wp-json\/wp\/v2\/types\/product"}],"replies":[{"embeddable":true,"href":"https:\/\/fonsvinum.com\/de\/wp-json\/wp\/v2\/comments?post=48994"}],"wp:featuredmedia":[{"embeddable":true,"href":"https:\/\/fonsvinum.com\/de\/wp-json\/wp\/v2\/media\/10019"}],"wp:attachment":[{"href":"https:\/\/fonsvinum.com\/de\/wp-json\/wp\/v2\/media?parent=48994"}],"wp:term":[{"taxonomy":"product_brand","embeddable":true,"href":"https:\/\/fonsvinum.com\/de\/wp-json\/wp\/v2\/product_brand?post=48994"},{"taxonomy":"product_cat","embeddable":true,"href":"https:\/\/fonsvinum.com\/de\/wp-json\/wp\/v2\/product_cat?post=48994"},{"taxonomy":"product_tag","embeddable":true,"href":"https:\/\/fonsvinum.com\/de\/wp-json\/wp\/v2\/product_tag?post=48994"}],"curies":[{"name":"wp","href":"https:\/\/api.w.org\/{rel}","templated":true}]}}