{"id":48988,"date":"2026-03-17T06:46:02","date_gmt":"2026-03-17T05:46:02","guid":{"rendered":"https:\/\/fonsvinum.com\/?post_type=product&#038;p=48988"},"modified":"2026-03-17T06:55:30","modified_gmt":"2026-03-17T05:55:30","slug":"castello-dei-rampolla-sammarco-2020","status":"publish","type":"product","link":"https:\/\/fonsvinum.com\/de\/produkt\/castello-dei-rampolla-sammarco-2020\/","title":{"rendered":"CASTELLO DEI RAMPOLLA Sammarco 2020"},"content":{"rendered":"<h1><a href=\"https:\/\/fonsvinum.com\/de\/?s=CASTELLO+DEI+RAMPOLLA&amp;post_type=product\">CASTELLO DEI RAMPOLLA<\/a> <a href=\"https:\/\/fonsvinum.com\/de\/?s=Sammarco&amp;post_type=product\">Sammarco<\/a> 2020<\/h1>\n<p><a href=\"https:\/\/www.castellodeirampolla.it\/\">Castello dei Rampolla<\/a> hat ein breitgef\u00e4chertes Sortiment. Sammarco geh\u00f6rt zu den Herzst\u00fccken des Weinguts.<\/p>\n<p>Ein gro\u00dfer Wein Italiens mit kontinuierlich guter Qualit\u00e4t.<\/p>\n<p>Dieser Cabernet Sauvignon wird mit kleinen Zus\u00e4tzen von Sangiovese und Merlot veredelt.<\/p>\n<p>Durch lange Monate im Barrique \u00fcberzeugt er mit ausgepr\u00e4gten Vanille- und R\u00f6staromen.<\/p>\n<p>Ein klassischer Toskaner, der traditionell gut zu gereiftem Hartk\u00e4se gereicht werden kann.<\/p>\n<p>Dunkles gebratenes Fleisch f\u00fchlt sich in Begleitung des Sammarcos ebenfalls sehr wohl.<\/p>\n<p>Die Flasche sollte eine Stunde vor dem Verkosten entkorkt werden.<\/p>\n<h2>SAMMARCO<\/h2>\n<h3>Verkostungsnotizen<\/h3>\n<p>Farbe: Sehr dunkles Rubinrot.<br \/>\nBouquet: In der Nase zeigen sich Ankl\u00e4nge von roten Fr\u00fcchten, Beeren, Lakritz, Pfingstrose und Gew\u00fcrzen.<br \/>\nGaumen: Elegant, mit exzellenter Struktur, vollmundig und geschmeidig. Der Abgang ist sehr anhaltend.<\/p>\n","protected":false},"excerpt":{"rendered":"<p>CASTELLO DEI RAMPOLLA Sammarco 2020 Castello dei Rampolla hat ein breitgef\u00e4chertes Sortiment. Sammarco geh\u00f6rt zu den Herzst\u00fccken des Weinguts. Ein gro\u00dfer Wein Italiens mit kontinuierlich guter Qualit\u00e4t. Dieser Cabernet Sauvignon wird mit kleinen Zus\u00e4tzen von Sangiovese und Merlot veredelt. Durch lange Monate im Barrique \u00fcberzeugt er mit ausgepr\u00e4gten Vanille- und R\u00f6staromen. Ein klassischer Toskaner, der [&hellip;]<\/p>\n","protected":false},"featured_media":10019,"comment_status":"open","ping_status":"closed","template":"","meta":{"_acf_changed":false,"_monsterinsights_skip_tracking":false,"_monsterinsights_sitenote_active":false,"_monsterinsights_sitenote_note":"","_monsterinsights_sitenote_category":0},"product_brand":[],"product_cat":[1693,2332],"product_tag":[1733,1745,3583],"class_list":{"0":"post-48988","1":"product","2":"type-product","3":"status-publish","4":"has-post-thumbnail","6":"product_cat-blend-2-de","7":"product_cat-rotweine-de","8":"product_tag-aussergewoehnliche-weine-de","9":"product_tag-super-tuscan-de","10":"product_tag-vini-toscani-de","11":"pa_appellation-toscana-rosso-igt-de","12":"pa_formato-0-75-l-flasche-de","13":"pa_producer-castello-dei-rampolla-de","14":"pa_region-toskana-de","15":"pa_vintage-2020-de","17":"first","18":"instock","19":"taxable","20":"shipping-taxable","21":"purchasable","22":"product-type-simple"},"bundled_by":[],"bundle_stock_status":"instock","bundle_stock_quantity":4,"bundle_virtual":false,"bundle_layout":"","bundle_add_to_cart_form_location":"","bundle_editable_in_cart":false,"bundle_sold_individually_context":"","bundle_item_grouping":"","bundle_min_size":"","bundle_max_size":"","bundle_price":[],"bundled_items":[],"bundle_sell_ids":[],"yoast_head":"<!-- This site is optimized with the Yoast SEO plugin v27.2 - https:\/\/yoast.com\/product\/yoast-seo-wordpress\/ -->\n<title>Kaufen online Castello dei Rampolla Sammarco 2020 -FonsVinum<\/title>\n<meta name=\"description\" content=\"Castello dei Rampolla Sammarco 2020 Toscana Rosso IGT. Al vitigno del Cabernet Sauvignon vengono aggiunte percentuali di Sangiovese e Merlot.\" \/>\n<meta name=\"robots\" content=\"index, follow, max-snippet:-1, max-image-preview:large, max-video-preview:-1\" \/>\n<link rel=\"canonical\" href=\"https:\/\/fonsvinum.com\/de\/produkt\/castello-dei-rampolla-sammarco-2020\/\" \/>\n<meta property=\"og:locale\" content=\"de_DE\" \/>\n<meta property=\"og:type\" content=\"article\" \/>\n<meta property=\"og:title\" content=\"Kaufen online Castello dei Rampolla Sammarco 2020 -FonsVinum\" \/>\n<meta property=\"og:description\" content=\"Castello dei Rampolla Sammarco 2020 Toscana Rosso IGT. Al vitigno del Cabernet Sauvignon vengono aggiunte percentuali di Sangiovese e Merlot.\" \/>\n<meta property=\"og:url\" content=\"https:\/\/fonsvinum.com\/de\/produkt\/castello-dei-rampolla-sammarco-2020\/\" \/>\n<meta property=\"og:site_name\" content=\"Fons Vinum\" \/>\n<meta property=\"article:modified_time\" content=\"2026-03-17T05:55:30+00:00\" \/>\n<meta property=\"og:image\" content=\"https:\/\/fonsvinum.com\/files\/2017\/02\/Castello-dei-Rampolla-Sammarco.png\" \/>\n\t<meta property=\"og:image:width\" content=\"200\" \/>\n\t<meta property=\"og:image:height\" content=\"600\" \/>\n\t<meta property=\"og:image:type\" content=\"image\/png\" \/>\n<meta name=\"twitter:label1\" content=\"Gesch\u00e4tzte Lesezeit\" \/>\n\t<meta name=\"twitter:data1\" content=\"1\u00a0Minute\" \/>\n<script type=\"application\/ld+json\" class=\"yoast-schema-graph\">{\"@context\":\"https:\/\/schema.org\",\"@graph\":[{\"@type\":\"WebPage\",\"@id\":\"https:\/\/fonsvinum.com\/de\/produkt\/castello-dei-rampolla-sammarco-2020\/\",\"url\":\"https:\/\/fonsvinum.com\/de\/produkt\/castello-dei-rampolla-sammarco-2020\/\",\"name\":\"Kaufen online Castello dei Rampolla Sammarco 2020 -FonsVinum\",\"isPartOf\":{\"@id\":\"https:\/\/fonsvinum.com\/en\/#website\"},\"primaryImageOfPage\":{\"@id\":\"https:\/\/fonsvinum.com\/de\/produkt\/castello-dei-rampolla-sammarco-2020\/#primaryimage\"},\"image\":{\"@id\":\"https:\/\/fonsvinum.com\/de\/produkt\/castello-dei-rampolla-sammarco-2020\/#primaryimage\"},\"thumbnailUrl\":\"https:\/\/fonsvinum.com\/files\/2017\/02\/Castello-dei-Rampolla-Sammarco.png\",\"datePublished\":\"2026-03-17T05:46:02+00:00\",\"dateModified\":\"2026-03-17T05:55:30+00:00\",\"description\":\"Castello dei Rampolla Sammarco 2020 Toscana Rosso IGT. Al vitigno del Cabernet Sauvignon vengono aggiunte percentuali di Sangiovese e Merlot.\",\"breadcrumb\":{\"@id\":\"https:\/\/fonsvinum.com\/de\/produkt\/castello-dei-rampolla-sammarco-2020\/#breadcrumb\"},\"inLanguage\":\"de\",\"potentialAction\":[{\"@type\":\"ReadAction\",\"target\":[\"https:\/\/fonsvinum.com\/de\/produkt\/castello-dei-rampolla-sammarco-2020\/\"]}]},{\"@type\":\"ImageObject\",\"inLanguage\":\"de\",\"@id\":\"https:\/\/fonsvinum.com\/de\/produkt\/castello-dei-rampolla-sammarco-2020\/#primaryimage\",\"url\":\"https:\/\/fonsvinum.com\/files\/2017\/02\/Castello-dei-Rampolla-Sammarco.png\",\"contentUrl\":\"https:\/\/fonsvinum.com\/files\/2017\/02\/Castello-dei-Rampolla-Sammarco.png\",\"width\":200,\"height\":600},{\"@type\":\"BreadcrumbList\",\"@id\":\"https:\/\/fonsvinum.com\/de\/produkt\/castello-dei-rampolla-sammarco-2020\/#breadcrumb\",\"itemListElement\":[{\"@type\":\"ListItem\",\"position\":1,\"name\":\"Startseite\",\"item\":\"https:\/\/fonsvinum.com\/de\/\"},{\"@type\":\"ListItem\",\"position\":2,\"name\":\"Shop\",\"item\":\"https:\/\/fonsvinum.com\/de\/shop\/\"},{\"@type\":\"ListItem\",\"position\":3,\"name\":\"CASTELLO DEI RAMPOLLA Sammarco 2020\"}]},{\"@type\":\"WebSite\",\"@id\":\"https:\/\/fonsvinum.com\/en\/#website\",\"url\":\"https:\/\/fonsvinum.com\/en\/\",\"name\":\"Fons Vinum\",\"description\":\"Vendita Vino Online\",\"publisher\":{\"@id\":\"https:\/\/fonsvinum.com\/en\/#organization\"},\"potentialAction\":[{\"@type\":\"SearchAction\",\"target\":{\"@type\":\"EntryPoint\",\"urlTemplate\":\"https:\/\/fonsvinum.com\/en\/?s={search_term_string}\"},\"query-input\":{\"@type\":\"PropertyValueSpecification\",\"valueRequired\":true,\"valueName\":\"search_term_string\"}}],\"inLanguage\":\"de\"},{\"@type\":\"Organization\",\"@id\":\"https:\/\/fonsvinum.com\/en\/#organization\",\"name\":\"Fons Vinum\",\"url\":\"https:\/\/fonsvinum.com\/en\/\",\"logo\":{\"@type\":\"ImageObject\",\"inLanguage\":\"de\",\"@id\":\"https:\/\/fonsvinum.com\/en\/#\/schema\/logo\/image\/\",\"url\":\"\",\"contentUrl\":\"\",\"caption\":\"Fons Vinum\"},\"image\":{\"@id\":\"https:\/\/fonsvinum.com\/en\/#\/schema\/logo\/image\/\"}}]}<\/script>\n<!-- \/ Yoast SEO plugin. -->","yoast_head_json":{"title":"Kaufen online Castello dei Rampolla Sammarco 2020 -FonsVinum","description":"Castello dei Rampolla Sammarco 2020 Toscana Rosso IGT. Al vitigno del Cabernet Sauvignon vengono aggiunte percentuali di Sangiovese e Merlot.","robots":{"index":"index","follow":"follow","max-snippet":"max-snippet:-1","max-image-preview":"max-image-preview:large","max-video-preview":"max-video-preview:-1"},"canonical":"https:\/\/fonsvinum.com\/de\/produkt\/castello-dei-rampolla-sammarco-2020\/","og_locale":"de_DE","og_type":"article","og_title":"Kaufen online Castello dei Rampolla Sammarco 2020 -FonsVinum","og_description":"Castello dei Rampolla Sammarco 2020 Toscana Rosso IGT. Al vitigno del Cabernet Sauvignon vengono aggiunte percentuali di Sangiovese e Merlot.","og_url":"https:\/\/fonsvinum.com\/de\/produkt\/castello-dei-rampolla-sammarco-2020\/","og_site_name":"Fons Vinum","article_modified_time":"2026-03-17T05:55:30+00:00","og_image":[{"width":200,"height":600,"url":"https:\/\/fonsvinum.com\/files\/2017\/02\/Castello-dei-Rampolla-Sammarco.png","type":"image\/png"}],"twitter_misc":{"Gesch\u00e4tzte Lesezeit":"1\u00a0Minute"},"schema":{"@context":"https:\/\/schema.org","@graph":[{"@type":"WebPage","@id":"https:\/\/fonsvinum.com\/de\/produkt\/castello-dei-rampolla-sammarco-2020\/","url":"https:\/\/fonsvinum.com\/de\/produkt\/castello-dei-rampolla-sammarco-2020\/","name":"Kaufen online Castello dei Rampolla Sammarco 2020 -FonsVinum","isPartOf":{"@id":"https:\/\/fonsvinum.com\/en\/#website"},"primaryImageOfPage":{"@id":"https:\/\/fonsvinum.com\/de\/produkt\/castello-dei-rampolla-sammarco-2020\/#primaryimage"},"image":{"@id":"https:\/\/fonsvinum.com\/de\/produkt\/castello-dei-rampolla-sammarco-2020\/#primaryimage"},"thumbnailUrl":"https:\/\/fonsvinum.com\/files\/2017\/02\/Castello-dei-Rampolla-Sammarco.png","datePublished":"2026-03-17T05:46:02+00:00","dateModified":"2026-03-17T05:55:30+00:00","description":"Castello dei Rampolla Sammarco 2020 Toscana Rosso IGT. Al vitigno del Cabernet Sauvignon vengono aggiunte percentuali di Sangiovese e Merlot.","breadcrumb":{"@id":"https:\/\/fonsvinum.com\/de\/produkt\/castello-dei-rampolla-sammarco-2020\/#breadcrumb"},"inLanguage":"de","potentialAction":[{"@type":"ReadAction","target":["https:\/\/fonsvinum.com\/de\/produkt\/castello-dei-rampolla-sammarco-2020\/"]}]},{"@type":"ImageObject","inLanguage":"de","@id":"https:\/\/fonsvinum.com\/de\/produkt\/castello-dei-rampolla-sammarco-2020\/#primaryimage","url":"https:\/\/fonsvinum.com\/files\/2017\/02\/Castello-dei-Rampolla-Sammarco.png","contentUrl":"https:\/\/fonsvinum.com\/files\/2017\/02\/Castello-dei-Rampolla-Sammarco.png","width":200,"height":600},{"@type":"BreadcrumbList","@id":"https:\/\/fonsvinum.com\/de\/produkt\/castello-dei-rampolla-sammarco-2020\/#breadcrumb","itemListElement":[{"@type":"ListItem","position":1,"name":"Startseite","item":"https:\/\/fonsvinum.com\/de\/"},{"@type":"ListItem","position":2,"name":"Shop","item":"https:\/\/fonsvinum.com\/de\/shop\/"},{"@type":"ListItem","position":3,"name":"CASTELLO DEI RAMPOLLA Sammarco 2020"}]},{"@type":"WebSite","@id":"https:\/\/fonsvinum.com\/en\/#website","url":"https:\/\/fonsvinum.com\/en\/","name":"Fons Vinum","description":"Vendita Vino Online","publisher":{"@id":"https:\/\/fonsvinum.com\/en\/#organization"},"potentialAction":[{"@type":"SearchAction","target":{"@type":"EntryPoint","urlTemplate":"https:\/\/fonsvinum.com\/en\/?s={search_term_string}"},"query-input":{"@type":"PropertyValueSpecification","valueRequired":true,"valueName":"search_term_string"}}],"inLanguage":"de"},{"@type":"Organization","@id":"https:\/\/fonsvinum.com\/en\/#organization","name":"Fons Vinum","url":"https:\/\/fonsvinum.com\/en\/","logo":{"@type":"ImageObject","inLanguage":"de","@id":"https:\/\/fonsvinum.com\/en\/#\/schema\/logo\/image\/","url":"","contentUrl":"","caption":"Fons Vinum"},"image":{"@id":"https:\/\/fonsvinum.com\/en\/#\/schema\/logo\/image\/"}}]}},"acf":[],"_links":{"self":[{"href":"https:\/\/fonsvinum.com\/de\/wp-json\/wp\/v2\/product\/48988","targetHints":{"allow":["GET"]}}],"collection":[{"href":"https:\/\/fonsvinum.com\/de\/wp-json\/wp\/v2\/product"}],"about":[{"href":"https:\/\/fonsvinum.com\/de\/wp-json\/wp\/v2\/types\/product"}],"replies":[{"embeddable":true,"href":"https:\/\/fonsvinum.com\/de\/wp-json\/wp\/v2\/comments?post=48988"}],"wp:featuredmedia":[{"embeddable":true,"href":"https:\/\/fonsvinum.com\/de\/wp-json\/wp\/v2\/media\/10019"}],"wp:attachment":[{"href":"https:\/\/fonsvinum.com\/de\/wp-json\/wp\/v2\/media?parent=48988"}],"wp:term":[{"taxonomy":"product_brand","embeddable":true,"href":"https:\/\/fonsvinum.com\/de\/wp-json\/wp\/v2\/product_brand?post=48988"},{"taxonomy":"product_cat","embeddable":true,"href":"https:\/\/fonsvinum.com\/de\/wp-json\/wp\/v2\/product_cat?post=48988"},{"taxonomy":"product_tag","embeddable":true,"href":"https:\/\/fonsvinum.com\/de\/wp-json\/wp\/v2\/product_tag?post=48988"}],"curies":[{"name":"wp","href":"https:\/\/api.w.org\/{rel}","templated":true}]}}