{"id":48980,"date":"2026-03-15T07:17:08","date_gmt":"2026-03-15T06:17:08","guid":{"rendered":"https:\/\/fonsvinum.com\/?post_type=product&#038;p=48980"},"modified":"2026-03-15T07:29:06","modified_gmt":"2026-03-15T06:29:06","slug":"podere-grattamacco-bolgheri-rosso-superiore-2018-magnum","status":"publish","type":"product","link":"https:\/\/fonsvinum.com\/de\/produkt\/podere-grattamacco-bolgheri-rosso-superiore-2018-magnum\/","title":{"rendered":"PODERE GRATTAMACCO Bolgheri Rosso Superiore 2018 MAGNUM"},"content":{"rendered":"<h1><a href=\"https:\/\/fonsvinum.com\/de\/attributes\/producer\/podere-grattamacco-de\/\">PODERE GRATTAMACCO<\/a> Bolgheri Rosso Superiore 2018 MAGNUM<\/h1>\n<h2>COLLEMASSARI \u2013 DAS WEINGUT<\/h2>\n<p><a href=\"https:\/\/fonsvinum.com\/?s=BOLGHERI&amp;post_type=product\">Grattamacco<\/a> wurde 1977 gegr\u00fcndet.<\/p>\n<p>Das Weingut liegt auf einem H\u00fcgel mit Meerblick zwischen Castagneto Carducci und Bolgheri auf 100 m \u00fc. NN.<\/p>\n<p>Die Region ist besonders f\u00fcr den Anbau von Spitzenweinen bekannt und profitiert von einem trockenen Klima mit best\u00e4ndigen Hitzewellen am Ende des Sommers.<\/p>\n<p>Das Weingut erstreckt sich \u00fcber eine Fl\u00e4che von ca. 50 Hektar, davon 25 Hektar Weinberge und 5 Hektar Olivenhaine.<\/p>\n<p>Die restliche Fl\u00e4che ist bewaldet und grenzt an ein ausgedehntes Waldgebiet von ca. 1.600 Hektar.<\/p>\n<p>In den steilen und h\u00fcgeligen Weinbergen mit einer durchschnittlichen Neigung von acht Prozent werden die Reben in den Erziehungsmethoden Cordone Speronato, Guyot und Alberello erzogen. Die Ertr\u00e4ge liegen bei etwa sechs bis sieben Tonnen pro Hektar. Das Durchschnittsalter der Reben betr\u00e4gt rund 25 Jahre.<\/p>\n<p>Das Weingut bewirtschaftet seine Weinberge nach den Kriterien des \u00f6kologischen Landbaus und ist von der ICEA zertifiziert.<\/p>\n<h2>Weinberge<\/h2>\n<p>Die Weinberge von <a href=\"https:\/\/www.grattamacco.it\/\">Grattamacco <\/a>liegen in einer \u00f6kologisch gesch\u00fctzten Oase, fernab der starken Seewinde.<br \/>\nSie erstrecken sich \u00fcber 14 Hektar und weisen folgende drei Bodentypen auf:<\/p>\n<p>Schluff und roter Sandboden im Alberello-Weinberg<\/p>\n<p>Kalkhaltiger Flysch im westlichen Teil der Weinberge<\/p>\n<p>Sandiger kalkhaltiger Flysch im \u00f6stlichen Teil der Weinberge<\/p>\n<h2>Keller<\/h2>\n<p>W\u00e4hrend der Lese werden die Trauben in den Weinbergen sorgf\u00e4ltig von Hand verlesen und in kegelstumpff\u00f6rmige Eichenf\u00e4sser mit einem Fassungsverm\u00f6gen von 700 Litern gef\u00fcllt. Dort findet die offene G\u00e4rung mit sanftem, manuellem Untersto\u00dfen des Tresterhuts und einer langen Maischeg\u00e4rung statt.<\/p>\n<p>Der biologische S\u00e4ureabbau erfolgt spontan in franz\u00f6sischen Eichenf\u00e4ssern, wobei die verschiedenen Rebsorten getrennt bleiben.<\/p>\n<p>W\u00e4hrend der 12- bis 18-monatigen Reifung in franz\u00f6sischen Eichenf\u00e4ssern werden die Cuv\u00e9es nach einer mindestens sechsmonatigen Flaschenreifung kreiert.<\/p>\n<p>Verkostungsnotizen<br \/>\nBrillantes Rubinrot<br \/>\nLebhafte, intensive Aromen mit charakteristischen fruchtigen und balsamischen Noten sowie einer markanten, leicht blutigen Note<br \/>\nPasst zu<\/p>\n<p>Wildschwein, gebratenem, geschmortem und ged\u00fcnstetem rotem Fleisch, mittelreifem K\u00e4se<\/p>\n<h2>Auszeichnungen \u2013 Jahrgang 2018<\/h2>\n<p>Bibenda: 5 Trauben \u2013 Ein exzellenter Wein<br \/>\nGambero Rosso: 3 rote Gl\u00e4ser \u2013 Absolut hervorragend Nur 305 von 18.000 Flaschen.<br \/>\nJames Suckling: 94\/100<br \/>\nVitae AIS: 4 Reben \u2013 Einer der besten Weine aller Zeiten<br \/>\nWine Spectator: 98\/100<\/p>\n","protected":false},"excerpt":{"rendered":"<p>PODERE GRATTAMACCO Bolgheri Rosso Superiore 2018 MAGNUM COLLEMASSARI \u2013 DAS WEINGUT Grattamacco wurde 1977 gegr\u00fcndet. Das Weingut liegt auf einem H\u00fcgel mit Meerblick zwischen Castagneto Carducci und Bolgheri auf 100 m \u00fc. NN. Die Region ist besonders f\u00fcr den Anbau von Spitzenweinen bekannt und profitiert von einem trockenen Klima mit best\u00e4ndigen Hitzewellen am Ende des [&hellip;]<\/p>\n","protected":false},"featured_media":36690,"comment_status":"open","ping_status":"closed","template":"","meta":{"_acf_changed":false,"_monsterinsights_skip_tracking":false,"_monsterinsights_sitenote_active":false,"_monsterinsights_sitenote_note":"","_monsterinsights_sitenote_category":0},"product_brand":[],"product_cat":[1693],"product_tag":[1751,15959,3583],"class_list":{"0":"post-48980","1":"product","2":"type-product","3":"status-publish","4":"has-post-thumbnail","6":"product_cat-blend-2-de","7":"product_tag-aussergewoehnliche-weine-aus-italien-de","8":"product_tag-vino-rosso-de","9":"product_tag-vini-toscani-de","10":"pa_appellation-bolgheri-rosso-doc-de","11":"pa_formato-1-50-l-flasche-de","12":"pa_producer-podere-grattamacco-de","13":"pa_region-toskana-de","14":"pa_vine-65-cabernet-sauvignon-20-merlot-15-sangiovese-de","15":"pa_vintage-2018-de","17":"first","18":"instock","19":"taxable","20":"shipping-taxable","21":"purchasable","22":"product-type-simple"},"bundled_by":[],"bundle_stock_status":"instock","bundle_stock_quantity":4,"bundle_virtual":false,"bundle_layout":"","bundle_add_to_cart_form_location":"","bundle_editable_in_cart":false,"bundle_sold_individually_context":"","bundle_item_grouping":"","bundle_min_size":"","bundle_max_size":"","bundle_price":[],"bundled_items":[],"bundle_sell_ids":[],"yoast_head":"<!-- This site is optimized with the Yoast SEO plugin v27.2 - https:\/\/yoast.com\/product\/yoast-seo-wordpress\/ -->\n<title>PODERE GRATTAMACCO Bolgheri Rosso Sup. 2018 MAGNUM<\/title>\n<meta name=\"description\" content=\"PODERE GRATTAMACCO Bolgheri Rosso Superiore 2018 MAGNUM FonsVinum - M\u00fcrbes, fast seidiges Tannin und feinste Fruchtnuancen neben Kaffee und vielem\" \/>\n<meta name=\"robots\" content=\"index, follow, max-snippet:-1, max-image-preview:large, max-video-preview:-1\" \/>\n<link rel=\"canonical\" href=\"https:\/\/fonsvinum.com\/de\/produkt\/podere-grattamacco-bolgheri-rosso-superiore-2018-magnum\/\" \/>\n<meta property=\"og:locale\" content=\"de_DE\" \/>\n<meta property=\"og:type\" content=\"article\" \/>\n<meta property=\"og:title\" content=\"PODERE GRATTAMACCO Bolgheri Rosso Sup. 2018 MAGNUM\" \/>\n<meta property=\"og:description\" content=\"PODERE GRATTAMACCO Bolgheri Rosso Superiore 2018 MAGNUM FonsVinum - M\u00fcrbes, fast seidiges Tannin und feinste Fruchtnuancen neben Kaffee und vielem\" \/>\n<meta property=\"og:url\" content=\"https:\/\/fonsvinum.com\/de\/produkt\/podere-grattamacco-bolgheri-rosso-superiore-2018-magnum\/\" \/>\n<meta property=\"og:site_name\" content=\"Fons Vinum\" \/>\n<meta property=\"article:modified_time\" content=\"2026-03-15T06:29:06+00:00\" \/>\n<meta property=\"og:image\" content=\"https:\/\/fonsvinum.com\/files\/2022\/01\/Bolgheri-Rosso-Superiore-Podere-Grattamacco.jpg\" \/>\n\t<meta property=\"og:image:width\" content=\"200\" \/>\n\t<meta property=\"og:image:height\" content=\"600\" \/>\n\t<meta property=\"og:image:type\" content=\"image\/jpeg\" \/>\n<meta name=\"twitter:label1\" content=\"Gesch\u00e4tzte Lesezeit\" \/>\n\t<meta name=\"twitter:data1\" content=\"2\u00a0Minuten\" \/>\n<script type=\"application\/ld+json\" class=\"yoast-schema-graph\">{\"@context\":\"https:\/\/schema.org\",\"@graph\":[{\"@type\":\"WebPage\",\"@id\":\"https:\/\/fonsvinum.com\/de\/produkt\/podere-grattamacco-bolgheri-rosso-superiore-2018-magnum\/\",\"url\":\"https:\/\/fonsvinum.com\/de\/produkt\/podere-grattamacco-bolgheri-rosso-superiore-2018-magnum\/\",\"name\":\"PODERE GRATTAMACCO Bolgheri Rosso Sup. 2018 MAGNUM\",\"isPartOf\":{\"@id\":\"https:\/\/fonsvinum.com\/en\/#website\"},\"primaryImageOfPage\":{\"@id\":\"https:\/\/fonsvinum.com\/de\/produkt\/podere-grattamacco-bolgheri-rosso-superiore-2018-magnum\/#primaryimage\"},\"image\":{\"@id\":\"https:\/\/fonsvinum.com\/de\/produkt\/podere-grattamacco-bolgheri-rosso-superiore-2018-magnum\/#primaryimage\"},\"thumbnailUrl\":\"https:\/\/fonsvinum.com\/files\/2022\/01\/Bolgheri-Rosso-Superiore-Podere-Grattamacco.jpg\",\"datePublished\":\"2026-03-15T06:17:08+00:00\",\"dateModified\":\"2026-03-15T06:29:06+00:00\",\"description\":\"PODERE GRATTAMACCO Bolgheri Rosso Superiore 2018 MAGNUM FonsVinum - M\u00fcrbes, fast seidiges Tannin und feinste Fruchtnuancen neben Kaffee und vielem\",\"breadcrumb\":{\"@id\":\"https:\/\/fonsvinum.com\/de\/produkt\/podere-grattamacco-bolgheri-rosso-superiore-2018-magnum\/#breadcrumb\"},\"inLanguage\":\"de\",\"potentialAction\":[{\"@type\":\"ReadAction\",\"target\":[\"https:\/\/fonsvinum.com\/de\/produkt\/podere-grattamacco-bolgheri-rosso-superiore-2018-magnum\/\"]}]},{\"@type\":\"ImageObject\",\"inLanguage\":\"de\",\"@id\":\"https:\/\/fonsvinum.com\/de\/produkt\/podere-grattamacco-bolgheri-rosso-superiore-2018-magnum\/#primaryimage\",\"url\":\"https:\/\/fonsvinum.com\/files\/2022\/01\/Bolgheri-Rosso-Superiore-Podere-Grattamacco.jpg\",\"contentUrl\":\"https:\/\/fonsvinum.com\/files\/2022\/01\/Bolgheri-Rosso-Superiore-Podere-Grattamacco.jpg\",\"width\":200,\"height\":600},{\"@type\":\"BreadcrumbList\",\"@id\":\"https:\/\/fonsvinum.com\/de\/produkt\/podere-grattamacco-bolgheri-rosso-superiore-2018-magnum\/#breadcrumb\",\"itemListElement\":[{\"@type\":\"ListItem\",\"position\":1,\"name\":\"Startseite\",\"item\":\"https:\/\/fonsvinum.com\/de\/\"},{\"@type\":\"ListItem\",\"position\":2,\"name\":\"Shop\",\"item\":\"https:\/\/fonsvinum.com\/de\/shop\/\"},{\"@type\":\"ListItem\",\"position\":3,\"name\":\"PODERE GRATTAMACCO Bolgheri Rosso Superiore 2018 MAGNUM\"}]},{\"@type\":\"WebSite\",\"@id\":\"https:\/\/fonsvinum.com\/en\/#website\",\"url\":\"https:\/\/fonsvinum.com\/en\/\",\"name\":\"Fons Vinum\",\"description\":\"Vendita Vino Online\",\"publisher\":{\"@id\":\"https:\/\/fonsvinum.com\/en\/#organization\"},\"potentialAction\":[{\"@type\":\"SearchAction\",\"target\":{\"@type\":\"EntryPoint\",\"urlTemplate\":\"https:\/\/fonsvinum.com\/en\/?s={search_term_string}\"},\"query-input\":{\"@type\":\"PropertyValueSpecification\",\"valueRequired\":true,\"valueName\":\"search_term_string\"}}],\"inLanguage\":\"de\"},{\"@type\":\"Organization\",\"@id\":\"https:\/\/fonsvinum.com\/en\/#organization\",\"name\":\"Fons Vinum\",\"url\":\"https:\/\/fonsvinum.com\/en\/\",\"logo\":{\"@type\":\"ImageObject\",\"inLanguage\":\"de\",\"@id\":\"https:\/\/fonsvinum.com\/en\/#\/schema\/logo\/image\/\",\"url\":\"\",\"contentUrl\":\"\",\"caption\":\"Fons Vinum\"},\"image\":{\"@id\":\"https:\/\/fonsvinum.com\/en\/#\/schema\/logo\/image\/\"}}]}<\/script>\n<!-- \/ Yoast SEO plugin. -->","yoast_head_json":{"title":"PODERE GRATTAMACCO Bolgheri Rosso Sup. 2018 MAGNUM","description":"PODERE GRATTAMACCO Bolgheri Rosso Superiore 2018 MAGNUM FonsVinum - M\u00fcrbes, fast seidiges Tannin und feinste Fruchtnuancen neben Kaffee und vielem","robots":{"index":"index","follow":"follow","max-snippet":"max-snippet:-1","max-image-preview":"max-image-preview:large","max-video-preview":"max-video-preview:-1"},"canonical":"https:\/\/fonsvinum.com\/de\/produkt\/podere-grattamacco-bolgheri-rosso-superiore-2018-magnum\/","og_locale":"de_DE","og_type":"article","og_title":"PODERE GRATTAMACCO Bolgheri Rosso Sup. 2018 MAGNUM","og_description":"PODERE GRATTAMACCO Bolgheri Rosso Superiore 2018 MAGNUM FonsVinum - M\u00fcrbes, fast seidiges Tannin und feinste Fruchtnuancen neben Kaffee und vielem","og_url":"https:\/\/fonsvinum.com\/de\/produkt\/podere-grattamacco-bolgheri-rosso-superiore-2018-magnum\/","og_site_name":"Fons Vinum","article_modified_time":"2026-03-15T06:29:06+00:00","og_image":[{"width":200,"height":600,"url":"https:\/\/fonsvinum.com\/files\/2022\/01\/Bolgheri-Rosso-Superiore-Podere-Grattamacco.jpg","type":"image\/jpeg"}],"twitter_misc":{"Gesch\u00e4tzte Lesezeit":"2\u00a0Minuten"},"schema":{"@context":"https:\/\/schema.org","@graph":[{"@type":"WebPage","@id":"https:\/\/fonsvinum.com\/de\/produkt\/podere-grattamacco-bolgheri-rosso-superiore-2018-magnum\/","url":"https:\/\/fonsvinum.com\/de\/produkt\/podere-grattamacco-bolgheri-rosso-superiore-2018-magnum\/","name":"PODERE GRATTAMACCO Bolgheri Rosso Sup. 2018 MAGNUM","isPartOf":{"@id":"https:\/\/fonsvinum.com\/en\/#website"},"primaryImageOfPage":{"@id":"https:\/\/fonsvinum.com\/de\/produkt\/podere-grattamacco-bolgheri-rosso-superiore-2018-magnum\/#primaryimage"},"image":{"@id":"https:\/\/fonsvinum.com\/de\/produkt\/podere-grattamacco-bolgheri-rosso-superiore-2018-magnum\/#primaryimage"},"thumbnailUrl":"https:\/\/fonsvinum.com\/files\/2022\/01\/Bolgheri-Rosso-Superiore-Podere-Grattamacco.jpg","datePublished":"2026-03-15T06:17:08+00:00","dateModified":"2026-03-15T06:29:06+00:00","description":"PODERE GRATTAMACCO Bolgheri Rosso Superiore 2018 MAGNUM FonsVinum - M\u00fcrbes, fast seidiges Tannin und feinste Fruchtnuancen neben Kaffee und vielem","breadcrumb":{"@id":"https:\/\/fonsvinum.com\/de\/produkt\/podere-grattamacco-bolgheri-rosso-superiore-2018-magnum\/#breadcrumb"},"inLanguage":"de","potentialAction":[{"@type":"ReadAction","target":["https:\/\/fonsvinum.com\/de\/produkt\/podere-grattamacco-bolgheri-rosso-superiore-2018-magnum\/"]}]},{"@type":"ImageObject","inLanguage":"de","@id":"https:\/\/fonsvinum.com\/de\/produkt\/podere-grattamacco-bolgheri-rosso-superiore-2018-magnum\/#primaryimage","url":"https:\/\/fonsvinum.com\/files\/2022\/01\/Bolgheri-Rosso-Superiore-Podere-Grattamacco.jpg","contentUrl":"https:\/\/fonsvinum.com\/files\/2022\/01\/Bolgheri-Rosso-Superiore-Podere-Grattamacco.jpg","width":200,"height":600},{"@type":"BreadcrumbList","@id":"https:\/\/fonsvinum.com\/de\/produkt\/podere-grattamacco-bolgheri-rosso-superiore-2018-magnum\/#breadcrumb","itemListElement":[{"@type":"ListItem","position":1,"name":"Startseite","item":"https:\/\/fonsvinum.com\/de\/"},{"@type":"ListItem","position":2,"name":"Shop","item":"https:\/\/fonsvinum.com\/de\/shop\/"},{"@type":"ListItem","position":3,"name":"PODERE GRATTAMACCO Bolgheri Rosso Superiore 2018 MAGNUM"}]},{"@type":"WebSite","@id":"https:\/\/fonsvinum.com\/en\/#website","url":"https:\/\/fonsvinum.com\/en\/","name":"Fons Vinum","description":"Vendita Vino Online","publisher":{"@id":"https:\/\/fonsvinum.com\/en\/#organization"},"potentialAction":[{"@type":"SearchAction","target":{"@type":"EntryPoint","urlTemplate":"https:\/\/fonsvinum.com\/en\/?s={search_term_string}"},"query-input":{"@type":"PropertyValueSpecification","valueRequired":true,"valueName":"search_term_string"}}],"inLanguage":"de"},{"@type":"Organization","@id":"https:\/\/fonsvinum.com\/en\/#organization","name":"Fons Vinum","url":"https:\/\/fonsvinum.com\/en\/","logo":{"@type":"ImageObject","inLanguage":"de","@id":"https:\/\/fonsvinum.com\/en\/#\/schema\/logo\/image\/","url":"","contentUrl":"","caption":"Fons Vinum"},"image":{"@id":"https:\/\/fonsvinum.com\/en\/#\/schema\/logo\/image\/"}}]}},"acf":[],"_links":{"self":[{"href":"https:\/\/fonsvinum.com\/de\/wp-json\/wp\/v2\/product\/48980","targetHints":{"allow":["GET"]}}],"collection":[{"href":"https:\/\/fonsvinum.com\/de\/wp-json\/wp\/v2\/product"}],"about":[{"href":"https:\/\/fonsvinum.com\/de\/wp-json\/wp\/v2\/types\/product"}],"replies":[{"embeddable":true,"href":"https:\/\/fonsvinum.com\/de\/wp-json\/wp\/v2\/comments?post=48980"}],"wp:featuredmedia":[{"embeddable":true,"href":"https:\/\/fonsvinum.com\/de\/wp-json\/wp\/v2\/media\/36690"}],"wp:attachment":[{"href":"https:\/\/fonsvinum.com\/de\/wp-json\/wp\/v2\/media?parent=48980"}],"wp:term":[{"taxonomy":"product_brand","embeddable":true,"href":"https:\/\/fonsvinum.com\/de\/wp-json\/wp\/v2\/product_brand?post=48980"},{"taxonomy":"product_cat","embeddable":true,"href":"https:\/\/fonsvinum.com\/de\/wp-json\/wp\/v2\/product_cat?post=48980"},{"taxonomy":"product_tag","embeddable":true,"href":"https:\/\/fonsvinum.com\/de\/wp-json\/wp\/v2\/product_tag?post=48980"}],"curies":[{"name":"wp","href":"https:\/\/api.w.org\/{rel}","templated":true}]}}