{"id":48974,"date":"2026-03-14T16:22:30","date_gmt":"2026-03-14T15:22:30","guid":{"rendered":"https:\/\/fonsvinum.com\/?post_type=product&#038;p=48974"},"modified":"2026-03-14T16:29:54","modified_gmt":"2026-03-14T15:29:54","slug":"marchesi-antinori-guado-al-tasso-2023","status":"publish","type":"product","link":"https:\/\/fonsvinum.com\/de\/produkt\/marchesi-antinori-guado-al-tasso-2023\/","title":{"rendered":"MARCHESI ANTINORI Guado al Tasso 2023"},"content":{"rendered":"<h1>MARCHESI ANTINORI Guado al Tasso 2023<\/h1>\n<h2><em>Bolgheri Rosso Superiore<\/em><\/h2>\n<h2><a href=\"https:\/\/fonsvinum.com\/de\/attributes\/producer\/marchesi-antinori-de\/\">MARCHESI ANTINORI<\/a><\/h2>\n<h3>Eine 26 Generationen lang Leidenschaft<\/h3>\n<p>Die Familie Antinori widmet sich der Weinproduktion seit \u00fcber sechshundert Jahren: seit dem Jahre 1385, als Giovanni di Piero Antinori in die Florentiner Zunft der Winzer und Weinh\u00e4ndler eintritt. W\u00e4hrend ihrer gesamten langen Geschichte \u00fcber 26 Generationen hat die Familie das Gesch\u00e4ft stets direkt geleitet und innovative und oft mutige Entscheidungen getroffen, ohne jemals die Traditionen und die Region aus dem Blick zu verlieren.<\/p>\n<h3><a href=\"https:\/\/www.antinori.it\/it\/vino\/guado-al-tasso\/\">Tenuta Guado al Tasso<\/a><\/h3>\n<p>Die Tenuta Guado al Tasso liegt in der kleinen namhaften DOC Bolgheri an der K\u00fcste der n\u00f6rdlichen Maremma etwa 100 km s\u00fcdwestlich von Florenz. Das Gut hat eine relativ kurze Geschichte (gegr\u00fcndet 1995), genie\u00dft aber internationales Ansehen als neuer Bezugspunkt im weltweiten \u00f6nologischen Panorama. Die Tenuta Guado al Tasso umfasst in einer reizvollen, von H\u00fcgeln umgebenen Ebene, die wegen ihrer besonderen Formation als &#8222;Amphitheater von Bolgheri&#8220; bekannt ist.<\/p>\n<h2><a href=\"https:\/\/fonsvinum.com\/de\/?s=GUADO+AL+TASSO&amp;post_type=product\">GUADO AL TASSO<\/a><\/h2>\n<p>Cabernet Sauvignon, Merlot, Cabernet Franc und manchmal ein kleiner Anteil von Petit Verdot, um Eleganz, Komplexit\u00e4t und Strukur des Terroirs von Bolgheri auszudr\u00fccken. Guado al Tasso wird seit 1990 produziert; die Tonsand- bis Tonschluff-B\u00f6den der Weinberge sind alluvialen Ursprungs mit Bolgherese-Agglomerat (Skelett).<\/p>\n<h3>Verkostungsnotizen<\/h3>\n<p>Der Guado Al Tasso 2023 von Marchesi Antinori pr\u00e4sentiert sich in einem tiefen Rubinrot. In der Nase entfaltet er intensive Aromen von Pflaume, Brombeere und schwarzer Johannisbeere, die sich mit Nuancen von Tabak und Lakritzholz verbinden. Der Abgang klingt mit leichten Noten von Minze und Blutorange aus. Am Gaumen beeindruckt er mit dichten, samtigen Tanninen und einem tiefen, angenehmen Mittelteil und Abgang. Dieser Jahrgang ist bereits jetzt ein Genuss, besitzt aber noch beachtliches Reifepotenzial.<\/p>\n","protected":false},"excerpt":{"rendered":"<p>MARCHESI ANTINORI Guado al Tasso 2023 Bolgheri Rosso Superiore MARCHESI ANTINORI Eine 26 Generationen lang Leidenschaft Die Familie Antinori widmet sich der Weinproduktion seit \u00fcber sechshundert Jahren: seit dem Jahre 1385, als Giovanni di Piero Antinori in die Florentiner Zunft der Winzer und Weinh\u00e4ndler eintritt. W\u00e4hrend ihrer gesamten langen Geschichte \u00fcber 26 Generationen hat die [&hellip;]<\/p>\n","protected":false},"featured_media":7563,"comment_status":"open","ping_status":"closed","template":"","meta":{"_acf_changed":false,"_monsterinsights_skip_tracking":false,"_monsterinsights_sitenote_active":false,"_monsterinsights_sitenote_note":"","_monsterinsights_sitenote_category":0},"product_brand":[],"product_cat":[1693],"product_tag":[1751,1745,3583],"class_list":{"0":"post-48974","1":"product","2":"type-product","3":"status-publish","4":"has-post-thumbnail","6":"product_cat-blend-2-de","7":"product_tag-aussergewoehnliche-weine-aus-italien-de","8":"product_tag-super-tuscan-de","9":"product_tag-vini-toscani-de","10":"pa_appellation-bolgheri-superiore-doc-de","11":"pa_formato-0-75-l-flasche-de","12":"pa_producer-marchesi-antinori-de","13":"pa_region-toskana-de","14":"pa_vine-62-cabernet-sauvignon-18-merlot-18-cabernet-franc-2-petit-verdot-de","15":"pa_vintage-18401","17":"first","18":"instock","19":"taxable","20":"shipping-taxable","21":"purchasable","22":"product-type-simple"},"bundled_by":[],"bundle_stock_status":"instock","bundle_stock_quantity":6,"bundle_virtual":false,"bundle_layout":"","bundle_add_to_cart_form_location":"","bundle_editable_in_cart":false,"bundle_sold_individually_context":"","bundle_item_grouping":"","bundle_min_size":"","bundle_max_size":"","bundle_price":[],"bundled_items":[],"bundle_sell_ids":[],"yoast_head":"<!-- This site is optimized with the Yoast SEO plugin v27.2 - https:\/\/yoast.com\/product\/yoast-seo-wordpress\/ -->\n<title>MARCHESI ANTINORI Guado al Tasso 2023 Bolgheri Rosso<\/title>\n<meta name=\"description\" content=\"Kaufen online MARCHESI ANTINORI Guado al Tasso 2023 Bolgheri Rosso Superiore, FonsVinum\" \/>\n<meta name=\"robots\" content=\"index, follow, max-snippet:-1, max-image-preview:large, max-video-preview:-1\" \/>\n<link rel=\"canonical\" href=\"https:\/\/fonsvinum.com\/de\/produkt\/marchesi-antinori-guado-al-tasso-2023\/\" \/>\n<meta property=\"og:locale\" content=\"de_DE\" \/>\n<meta property=\"og:type\" content=\"article\" \/>\n<meta property=\"og:title\" content=\"MARCHESI ANTINORI Guado al Tasso 2023 Bolgheri Rosso\" \/>\n<meta property=\"og:description\" content=\"Kaufen online MARCHESI ANTINORI Guado al Tasso 2023 Bolgheri Rosso Superiore, FonsVinum\" \/>\n<meta property=\"og:url\" content=\"https:\/\/fonsvinum.com\/de\/produkt\/marchesi-antinori-guado-al-tasso-2023\/\" \/>\n<meta property=\"og:site_name\" content=\"Fons Vinum\" \/>\n<meta property=\"article:modified_time\" content=\"2026-03-14T15:29:54+00:00\" \/>\n<meta property=\"og:image\" content=\"https:\/\/fonsvinum.com\/files\/2013\/04\/bolgheri-guado-al-tasso-marchesi-antinori.png\" \/>\n\t<meta property=\"og:image:width\" content=\"219\" \/>\n\t<meta property=\"og:image:height\" content=\"627\" \/>\n\t<meta property=\"og:image:type\" content=\"image\/png\" \/>\n<meta name=\"twitter:label1\" content=\"Gesch\u00e4tzte Lesezeit\" \/>\n\t<meta name=\"twitter:data1\" content=\"2\u00a0Minuten\" \/>\n<script type=\"application\/ld+json\" class=\"yoast-schema-graph\">{\"@context\":\"https:\/\/schema.org\",\"@graph\":[{\"@type\":\"WebPage\",\"@id\":\"https:\/\/fonsvinum.com\/de\/produkt\/marchesi-antinori-guado-al-tasso-2023\/\",\"url\":\"https:\/\/fonsvinum.com\/de\/produkt\/marchesi-antinori-guado-al-tasso-2023\/\",\"name\":\"MARCHESI ANTINORI Guado al Tasso 2023 Bolgheri Rosso\",\"isPartOf\":{\"@id\":\"https:\/\/fonsvinum.com\/en\/#website\"},\"primaryImageOfPage\":{\"@id\":\"https:\/\/fonsvinum.com\/de\/produkt\/marchesi-antinori-guado-al-tasso-2023\/#primaryimage\"},\"image\":{\"@id\":\"https:\/\/fonsvinum.com\/de\/produkt\/marchesi-antinori-guado-al-tasso-2023\/#primaryimage\"},\"thumbnailUrl\":\"https:\/\/fonsvinum.com\/files\/2013\/04\/bolgheri-guado-al-tasso-marchesi-antinori.png\",\"datePublished\":\"2026-03-14T15:22:30+00:00\",\"dateModified\":\"2026-03-14T15:29:54+00:00\",\"description\":\"Kaufen online MARCHESI ANTINORI Guado al Tasso 2023 Bolgheri Rosso Superiore, FonsVinum\",\"breadcrumb\":{\"@id\":\"https:\/\/fonsvinum.com\/de\/produkt\/marchesi-antinori-guado-al-tasso-2023\/#breadcrumb\"},\"inLanguage\":\"de\",\"potentialAction\":[{\"@type\":\"ReadAction\",\"target\":[\"https:\/\/fonsvinum.com\/de\/produkt\/marchesi-antinori-guado-al-tasso-2023\/\"]}]},{\"@type\":\"ImageObject\",\"inLanguage\":\"de\",\"@id\":\"https:\/\/fonsvinum.com\/de\/produkt\/marchesi-antinori-guado-al-tasso-2023\/#primaryimage\",\"url\":\"https:\/\/fonsvinum.com\/files\/2013\/04\/bolgheri-guado-al-tasso-marchesi-antinori.png\",\"contentUrl\":\"https:\/\/fonsvinum.com\/files\/2013\/04\/bolgheri-guado-al-tasso-marchesi-antinori.png\",\"width\":219,\"height\":627},{\"@type\":\"BreadcrumbList\",\"@id\":\"https:\/\/fonsvinum.com\/de\/produkt\/marchesi-antinori-guado-al-tasso-2023\/#breadcrumb\",\"itemListElement\":[{\"@type\":\"ListItem\",\"position\":1,\"name\":\"Startseite\",\"item\":\"https:\/\/fonsvinum.com\/de\/\"},{\"@type\":\"ListItem\",\"position\":2,\"name\":\"Shop\",\"item\":\"https:\/\/fonsvinum.com\/de\/shop\/\"},{\"@type\":\"ListItem\",\"position\":3,\"name\":\"MARCHESI ANTINORI Guado al Tasso 2023\"}]},{\"@type\":\"WebSite\",\"@id\":\"https:\/\/fonsvinum.com\/en\/#website\",\"url\":\"https:\/\/fonsvinum.com\/en\/\",\"name\":\"Fons Vinum\",\"description\":\"Vendita Vino Online\",\"publisher\":{\"@id\":\"https:\/\/fonsvinum.com\/en\/#organization\"},\"potentialAction\":[{\"@type\":\"SearchAction\",\"target\":{\"@type\":\"EntryPoint\",\"urlTemplate\":\"https:\/\/fonsvinum.com\/en\/?s={search_term_string}\"},\"query-input\":{\"@type\":\"PropertyValueSpecification\",\"valueRequired\":true,\"valueName\":\"search_term_string\"}}],\"inLanguage\":\"de\"},{\"@type\":\"Organization\",\"@id\":\"https:\/\/fonsvinum.com\/en\/#organization\",\"name\":\"Fons Vinum\",\"url\":\"https:\/\/fonsvinum.com\/en\/\",\"logo\":{\"@type\":\"ImageObject\",\"inLanguage\":\"de\",\"@id\":\"https:\/\/fonsvinum.com\/en\/#\/schema\/logo\/image\/\",\"url\":\"\",\"contentUrl\":\"\",\"caption\":\"Fons Vinum\"},\"image\":{\"@id\":\"https:\/\/fonsvinum.com\/en\/#\/schema\/logo\/image\/\"}}]}<\/script>\n<!-- \/ Yoast SEO plugin. -->","yoast_head_json":{"title":"MARCHESI ANTINORI Guado al Tasso 2023 Bolgheri Rosso","description":"Kaufen online MARCHESI ANTINORI Guado al Tasso 2023 Bolgheri Rosso Superiore, FonsVinum","robots":{"index":"index","follow":"follow","max-snippet":"max-snippet:-1","max-image-preview":"max-image-preview:large","max-video-preview":"max-video-preview:-1"},"canonical":"https:\/\/fonsvinum.com\/de\/produkt\/marchesi-antinori-guado-al-tasso-2023\/","og_locale":"de_DE","og_type":"article","og_title":"MARCHESI ANTINORI Guado al Tasso 2023 Bolgheri Rosso","og_description":"Kaufen online MARCHESI ANTINORI Guado al Tasso 2023 Bolgheri Rosso Superiore, FonsVinum","og_url":"https:\/\/fonsvinum.com\/de\/produkt\/marchesi-antinori-guado-al-tasso-2023\/","og_site_name":"Fons Vinum","article_modified_time":"2026-03-14T15:29:54+00:00","og_image":[{"width":219,"height":627,"url":"https:\/\/fonsvinum.com\/files\/2013\/04\/bolgheri-guado-al-tasso-marchesi-antinori.png","type":"image\/png"}],"twitter_misc":{"Gesch\u00e4tzte Lesezeit":"2\u00a0Minuten"},"schema":{"@context":"https:\/\/schema.org","@graph":[{"@type":"WebPage","@id":"https:\/\/fonsvinum.com\/de\/produkt\/marchesi-antinori-guado-al-tasso-2023\/","url":"https:\/\/fonsvinum.com\/de\/produkt\/marchesi-antinori-guado-al-tasso-2023\/","name":"MARCHESI ANTINORI Guado al Tasso 2023 Bolgheri Rosso","isPartOf":{"@id":"https:\/\/fonsvinum.com\/en\/#website"},"primaryImageOfPage":{"@id":"https:\/\/fonsvinum.com\/de\/produkt\/marchesi-antinori-guado-al-tasso-2023\/#primaryimage"},"image":{"@id":"https:\/\/fonsvinum.com\/de\/produkt\/marchesi-antinori-guado-al-tasso-2023\/#primaryimage"},"thumbnailUrl":"https:\/\/fonsvinum.com\/files\/2013\/04\/bolgheri-guado-al-tasso-marchesi-antinori.png","datePublished":"2026-03-14T15:22:30+00:00","dateModified":"2026-03-14T15:29:54+00:00","description":"Kaufen online MARCHESI ANTINORI Guado al Tasso 2023 Bolgheri Rosso Superiore, FonsVinum","breadcrumb":{"@id":"https:\/\/fonsvinum.com\/de\/produkt\/marchesi-antinori-guado-al-tasso-2023\/#breadcrumb"},"inLanguage":"de","potentialAction":[{"@type":"ReadAction","target":["https:\/\/fonsvinum.com\/de\/produkt\/marchesi-antinori-guado-al-tasso-2023\/"]}]},{"@type":"ImageObject","inLanguage":"de","@id":"https:\/\/fonsvinum.com\/de\/produkt\/marchesi-antinori-guado-al-tasso-2023\/#primaryimage","url":"https:\/\/fonsvinum.com\/files\/2013\/04\/bolgheri-guado-al-tasso-marchesi-antinori.png","contentUrl":"https:\/\/fonsvinum.com\/files\/2013\/04\/bolgheri-guado-al-tasso-marchesi-antinori.png","width":219,"height":627},{"@type":"BreadcrumbList","@id":"https:\/\/fonsvinum.com\/de\/produkt\/marchesi-antinori-guado-al-tasso-2023\/#breadcrumb","itemListElement":[{"@type":"ListItem","position":1,"name":"Startseite","item":"https:\/\/fonsvinum.com\/de\/"},{"@type":"ListItem","position":2,"name":"Shop","item":"https:\/\/fonsvinum.com\/de\/shop\/"},{"@type":"ListItem","position":3,"name":"MARCHESI ANTINORI Guado al Tasso 2023"}]},{"@type":"WebSite","@id":"https:\/\/fonsvinum.com\/en\/#website","url":"https:\/\/fonsvinum.com\/en\/","name":"Fons Vinum","description":"Vendita Vino Online","publisher":{"@id":"https:\/\/fonsvinum.com\/en\/#organization"},"potentialAction":[{"@type":"SearchAction","target":{"@type":"EntryPoint","urlTemplate":"https:\/\/fonsvinum.com\/en\/?s={search_term_string}"},"query-input":{"@type":"PropertyValueSpecification","valueRequired":true,"valueName":"search_term_string"}}],"inLanguage":"de"},{"@type":"Organization","@id":"https:\/\/fonsvinum.com\/en\/#organization","name":"Fons Vinum","url":"https:\/\/fonsvinum.com\/en\/","logo":{"@type":"ImageObject","inLanguage":"de","@id":"https:\/\/fonsvinum.com\/en\/#\/schema\/logo\/image\/","url":"","contentUrl":"","caption":"Fons Vinum"},"image":{"@id":"https:\/\/fonsvinum.com\/en\/#\/schema\/logo\/image\/"}}]}},"acf":[],"_links":{"self":[{"href":"https:\/\/fonsvinum.com\/de\/wp-json\/wp\/v2\/product\/48974","targetHints":{"allow":["GET"]}}],"collection":[{"href":"https:\/\/fonsvinum.com\/de\/wp-json\/wp\/v2\/product"}],"about":[{"href":"https:\/\/fonsvinum.com\/de\/wp-json\/wp\/v2\/types\/product"}],"replies":[{"embeddable":true,"href":"https:\/\/fonsvinum.com\/de\/wp-json\/wp\/v2\/comments?post=48974"}],"wp:featuredmedia":[{"embeddable":true,"href":"https:\/\/fonsvinum.com\/de\/wp-json\/wp\/v2\/media\/7563"}],"wp:attachment":[{"href":"https:\/\/fonsvinum.com\/de\/wp-json\/wp\/v2\/media?parent=48974"}],"wp:term":[{"taxonomy":"product_brand","embeddable":true,"href":"https:\/\/fonsvinum.com\/de\/wp-json\/wp\/v2\/product_brand?post=48974"},{"taxonomy":"product_cat","embeddable":true,"href":"https:\/\/fonsvinum.com\/de\/wp-json\/wp\/v2\/product_cat?post=48974"},{"taxonomy":"product_tag","embeddable":true,"href":"https:\/\/fonsvinum.com\/de\/wp-json\/wp\/v2\/product_tag?post=48974"}],"curies":[{"name":"wp","href":"https:\/\/api.w.org\/{rel}","templated":true}]}}