{"id":48968,"date":"2026-03-14T16:00:23","date_gmt":"2026-03-14T15:00:23","guid":{"rendered":"https:\/\/fonsvinum.com\/?post_type=product&#038;p=48968"},"modified":"2026-04-14T15:39:12","modified_gmt":"2026-04-14T13:39:12","slug":"luce-della-vite-luce-2023","status":"publish","type":"product","link":"https:\/\/fonsvinum.com\/de\/produkt\/luce-della-vite-luce-2023\/","title":{"rendered":"LUCE DELLA VITE Luce 2023"},"content":{"rendered":"<h1>LUCE DELLA VITE Luce 2023<\/h1>\n<h2><a href=\"https:\/\/fonsvinum.com\/de\/attributes\/region\/toskana-de\/\">LUCE DELLA VITE <\/a><\/h2>\n<div class=\"main-details\">\n<div class=\"row\">\n<div class=\"col-12 order-md-1 col-md-7\">\n<h3 class=\"mt-5 mb-5\">Unsere Geschichte. Die Anf\u00e4nge. <\/h3>\n<p>Als <strong>Vittorio<\/strong> <a href=\"https:\/\/www.tenutaluce.com\/it\/vini\/\"><strong>Frescobaldi<\/strong> <\/a>Anfang der neunziger Jahre <strong>Robert<\/strong> <strong>Mondavi<\/strong> traf, begann ein neues Kapitel in der Geschichte der <strong>gro\u00dfen<\/strong> <strong>toskanischen Weine<\/strong>, in der Geschichte der toskanischen Weinexzellenz. Aus dieser Begegnung entstand Luce. Alles entsprang dem Willen, einen Traum zu verwirklichen: <strong>exzellente Weine<\/strong> in einem bereits besonders berufenen Terroir zu schaffen, Montalcino.   <\/p>\n<p>Ein ambitioniertes Projekt, getauft Luce della Vite, als Hommage an das prim\u00e4re Element, das W\u00e4rme, Energie, Leben schenkt: In der Natur w\u00fcrde nichts ohne Licht existieren. Im Laufe der Jahre hat <strong>Tenuta Luce<\/strong> diese Vision gew\u00fcrdigt und ist zur Wiege geworden, in der <strong>exklusive Weine<\/strong> Form annehmen, die die Grenzen ihres Territoriums \u00fcberschritten haben und sich einstimmige Anerkennung erworben haben. Und internationale.  <\/p>\n<\/div>\n<\/div>\n<\/div>\n<div class=\"mood\">\n<div class=\"paragraph\">\n<div class=\"row\">\n<div class=\"col-12 col-md-7\">\n<h3>Sonne, W\u00e4rme, Leben. Das ist die Geschichte von Luce. <\/h3>\n<p>Mit dem nat\u00fcrlichen Generationswechsel ging der Staffelstab an <strong>Lamberto Frescobaldi<\/strong>, Sohn von Vittorio, \u00fcber.<\/p>\n<p>Unter seiner F\u00fchrung hat <strong>Tenuta Luce<\/strong> das Universum aus Expertise und Wissen, aus respektvoller Disziplin gegen\u00fcber den Rhythmen der Natur, aus gesch\u00e4tzter und geliebter \u00f6nologischer Qualit\u00e4t weiter gefestigt, dank dessen die Fr\u00fcchte der Rebe in <strong>exzellente Weine<\/strong> verwandelt werden.<\/p>\n<\/div>\n<\/div>\n<\/div>\n<\/div>\n<h2><a href=\"https:\/\/fonsvinum.com\/?s=LUCE+&amp;post_type=product\">LUCE<\/a><\/h2>\n<p>Luce ist der erste Wein, der aus einer Cuv\u00e9e von Sangiovese und Merlot in Montalcino erzeugt wird.<\/p>\n<p>Es war der Zusammenarbeit der Familien Marchesi de&#8216; Frescobaldi und Robert Mondavi zu verdanken, dass die Idee entstand, die Rundheit und Weichheit des Merlot mit der Struktur und Eleganz des Sangiovese zu verbinden.<\/p>\n<p>Seit 2005 liegt die Verantwortung vollst\u00e4ndig in den H\u00e4nden von Lamberto Frescobaldi, der die Geschichte von Luce, einem weltweit gesch\u00e4tzten Super Tuscan, mit gro\u00dfer Leidenschaft weiter schreibt und dessen produktive Ausrichtung vom Weinberg bis zur Kreation der Cuv\u00e9es jedes Jahrgangs leitet.<\/p>\n<div class=\"table__row\">\n<div class=\"grid\">\n<div class=\"grid__item width-5-12 desk-4-12\">\n<ul>\n<li class=\"table__row__element--name\"><strong>Vinifikation: <\/strong>G\u00e4rung in Edelstahl f\u00fcr 12 Tage mit Maischestandzeit f\u00fcr 4 Wochen<\/li>\n<li><strong>Ausbau: <\/strong>24 Monate in Barriques, zu 85 % neu<\/li>\n<\/ul>\n<\/div>\n<\/div>\n<\/div>\n<h3>-Verkostungsnotizen Jahrgang 2023-<\/h3>\n<p>Von intensiver rubinroter Farbe \u00f6ffnet sich Luce 2023 in der Nase mit Noten von reifen roten Fr\u00fcchten, Gew\u00fcrzen und Zedernholz. Am Gaumen ist er reich, geschmeidig, in der Mitte durch eine angenehme Frische ausbalanciert. Im Finale unterstreichen die perfekt in die Struktur des Weines eingebundenen Tannine seine Raffinesse und Eleganz.  <\/p>\n","protected":false},"excerpt":{"rendered":"<p>LUCE DELLA VITE Luce 2023 LUCE DELLA VITE Unsere Geschichte. Die Anf\u00e4nge. Als Vittorio Frescobaldi Anfang der neunziger Jahre Robert Mondavi traf, begann ein neues Kapitel in der Geschichte der gro\u00dfen toskanischen Weine, in der Geschichte der toskanischen Weinexzellenz. Aus dieser Begegnung entstand Luce. Alles entsprang dem Willen, einen Traum zu verwirklichen: exzellente Weine in [&hellip;]<\/p>\n","protected":false},"featured_media":6508,"comment_status":"open","ping_status":"closed","template":"","meta":{"_acf_changed":false,"_monsterinsights_skip_tracking":false,"_monsterinsights_sitenote_active":false,"_monsterinsights_sitenote_note":"","_monsterinsights_sitenote_category":0},"product_brand":[],"product_cat":[1693],"product_tag":[15959,3583],"class_list":{"0":"post-48968","1":"product","2":"type-product","3":"status-publish","4":"has-post-thumbnail","6":"product_cat-blend-2-de","7":"product_tag-vino-rosso-de","8":"product_tag-vini-toscani-de","9":"pa_appellation-toscana-rosso-igt-de","10":"pa_formato-0-75-l-flasche-de","11":"pa_producer-luce-della-vite-de","12":"pa_region-toskana-de","13":"pa_vine-merlot-sangiovese-de","14":"pa_vintage-18401","16":"first","17":"instock","18":"taxable","19":"shipping-taxable","20":"purchasable","21":"product-type-simple"},"bundled_by":[],"bundle_stock_status":"instock","bundle_stock_quantity":6,"bundle_virtual":false,"bundle_layout":"","bundle_add_to_cart_form_location":"","bundle_editable_in_cart":false,"bundle_sold_individually_context":"","bundle_item_grouping":"","bundle_min_size":"","bundle_max_size":"","bundle_price":[],"bundled_items":[],"bundle_sell_ids":[],"yoast_head":"<!-- This site is optimized with the Yoast SEO plugin v27.3 - https:\/\/yoast.com\/product\/yoast-seo-wordpress\/ -->\n<title>Kaufen Sie online bei Fons Vinum LUCE DELLA VITE Luce 2023<\/title>\n<meta name=\"description\" content=\"Kaufen Sie online bei Fons Vinum LUCE DELLA VITE Luce 2023, weich und volumin\u00f6s, ausbalanciert durch eine solide Tanninstruktur,\" \/>\n<meta name=\"robots\" content=\"index, follow, max-snippet:-1, max-image-preview:large, max-video-preview:-1\" \/>\n<link rel=\"canonical\" href=\"https:\/\/fonsvinum.com\/de\/produkt\/luce-della-vite-luce-2023\/\" \/>\n<meta property=\"og:locale\" content=\"de_DE\" \/>\n<meta property=\"og:type\" content=\"article\" \/>\n<meta property=\"og:title\" content=\"Kaufen Sie online bei Fons Vinum LUCE DELLA VITE Luce 2023\" \/>\n<meta property=\"og:description\" content=\"Kaufen Sie online bei Fons Vinum LUCE DELLA VITE Luce 2023, weich und volumin\u00f6s, ausbalanciert durch eine solide Tanninstruktur,\" \/>\n<meta property=\"og:url\" content=\"https:\/\/fonsvinum.com\/de\/produkt\/luce-della-vite-luce-2023\/\" \/>\n<meta property=\"og:site_name\" content=\"Fons Vinum\" \/>\n<meta property=\"article:modified_time\" content=\"2026-04-14T13:39:12+00:00\" \/>\n<meta property=\"og:image\" content=\"https:\/\/fonsvinum.com\/files\/2014\/07\/toscana-luce.png\" \/>\n\t<meta property=\"og:image:width\" content=\"200\" \/>\n\t<meta property=\"og:image:height\" content=\"600\" \/>\n\t<meta property=\"og:image:type\" content=\"image\/png\" \/>\n<meta name=\"twitter:label1\" content=\"Gesch\u00e4tzte Lesezeit\" \/>\n\t<meta name=\"twitter:data1\" content=\"2\u00a0Minuten\" \/>\n<script type=\"application\/ld+json\" class=\"yoast-schema-graph\">{\"@context\":\"https:\\\/\\\/schema.org\",\"@graph\":[{\"@type\":\"WebPage\",\"@id\":\"https:\\\/\\\/fonsvinum.com\\\/de\\\/produkt\\\/luce-della-vite-luce-2023\\\/\",\"url\":\"https:\\\/\\\/fonsvinum.com\\\/de\\\/produkt\\\/luce-della-vite-luce-2023\\\/\",\"name\":\"Kaufen Sie online bei Fons Vinum LUCE DELLA VITE Luce 2023\",\"isPartOf\":{\"@id\":\"https:\\\/\\\/fonsvinum.com\\\/en\\\/#website\"},\"primaryImageOfPage\":{\"@id\":\"https:\\\/\\\/fonsvinum.com\\\/de\\\/produkt\\\/luce-della-vite-luce-2023\\\/#primaryimage\"},\"image\":{\"@id\":\"https:\\\/\\\/fonsvinum.com\\\/de\\\/produkt\\\/luce-della-vite-luce-2023\\\/#primaryimage\"},\"thumbnailUrl\":\"https:\\\/\\\/fonsvinum.com\\\/files\\\/2014\\\/07\\\/toscana-luce.png\",\"datePublished\":\"2026-03-14T15:00:23+00:00\",\"dateModified\":\"2026-04-14T13:39:12+00:00\",\"description\":\"Kaufen Sie online bei Fons Vinum LUCE DELLA VITE Luce 2023, weich und volumin\u00f6s, ausbalanciert durch eine solide Tanninstruktur,\",\"breadcrumb\":{\"@id\":\"https:\\\/\\\/fonsvinum.com\\\/de\\\/produkt\\\/luce-della-vite-luce-2023\\\/#breadcrumb\"},\"inLanguage\":\"de\",\"potentialAction\":[{\"@type\":\"ReadAction\",\"target\":[\"https:\\\/\\\/fonsvinum.com\\\/de\\\/produkt\\\/luce-della-vite-luce-2023\\\/\"]}]},{\"@type\":\"ImageObject\",\"inLanguage\":\"de\",\"@id\":\"https:\\\/\\\/fonsvinum.com\\\/de\\\/produkt\\\/luce-della-vite-luce-2023\\\/#primaryimage\",\"url\":\"https:\\\/\\\/fonsvinum.com\\\/files\\\/2014\\\/07\\\/toscana-luce.png\",\"contentUrl\":\"https:\\\/\\\/fonsvinum.com\\\/files\\\/2014\\\/07\\\/toscana-luce.png\",\"width\":200,\"height\":600,\"caption\":\"Toscana IGT 2011 Luce\"},{\"@type\":\"BreadcrumbList\",\"@id\":\"https:\\\/\\\/fonsvinum.com\\\/de\\\/produkt\\\/luce-della-vite-luce-2023\\\/#breadcrumb\",\"itemListElement\":[{\"@type\":\"ListItem\",\"position\":1,\"name\":\"Startseite\",\"item\":\"https:\\\/\\\/fonsvinum.com\\\/de\\\/\"},{\"@type\":\"ListItem\",\"position\":2,\"name\":\"Shop\",\"item\":\"https:\\\/\\\/fonsvinum.com\\\/de\\\/shop\\\/\"},{\"@type\":\"ListItem\",\"position\":3,\"name\":\"LUCE DELLA VITE Luce 2023\"}]},{\"@type\":\"WebSite\",\"@id\":\"https:\\\/\\\/fonsvinum.com\\\/en\\\/#website\",\"url\":\"https:\\\/\\\/fonsvinum.com\\\/en\\\/\",\"name\":\"Fons Vinum\",\"description\":\"Vendita Vino Online\",\"publisher\":{\"@id\":\"https:\\\/\\\/fonsvinum.com\\\/en\\\/#organization\"},\"potentialAction\":[{\"@type\":\"SearchAction\",\"target\":{\"@type\":\"EntryPoint\",\"urlTemplate\":\"https:\\\/\\\/fonsvinum.com\\\/en\\\/?s={search_term_string}\"},\"query-input\":{\"@type\":\"PropertyValueSpecification\",\"valueRequired\":true,\"valueName\":\"search_term_string\"}}],\"inLanguage\":\"de\"},{\"@type\":\"Organization\",\"@id\":\"https:\\\/\\\/fonsvinum.com\\\/en\\\/#organization\",\"name\":\"Fons Vinum\",\"url\":\"https:\\\/\\\/fonsvinum.com\\\/en\\\/\",\"logo\":{\"@type\":\"ImageObject\",\"inLanguage\":\"de\",\"@id\":\"https:\\\/\\\/fonsvinum.com\\\/en\\\/#\\\/schema\\\/logo\\\/image\\\/\",\"url\":\"\",\"contentUrl\":\"\",\"caption\":\"Fons Vinum\"},\"image\":{\"@id\":\"https:\\\/\\\/fonsvinum.com\\\/en\\\/#\\\/schema\\\/logo\\\/image\\\/\"}}]}<\/script>\n<!-- \/ Yoast SEO plugin. -->","yoast_head_json":{"title":"Kaufen Sie online bei Fons Vinum LUCE DELLA VITE Luce 2023","description":"Kaufen Sie online bei Fons Vinum LUCE DELLA VITE Luce 2023, weich und volumin\u00f6s, ausbalanciert durch eine solide Tanninstruktur,","robots":{"index":"index","follow":"follow","max-snippet":"max-snippet:-1","max-image-preview":"max-image-preview:large","max-video-preview":"max-video-preview:-1"},"canonical":"https:\/\/fonsvinum.com\/de\/produkt\/luce-della-vite-luce-2023\/","og_locale":"de_DE","og_type":"article","og_title":"Kaufen Sie online bei Fons Vinum LUCE DELLA VITE Luce 2023","og_description":"Kaufen Sie online bei Fons Vinum LUCE DELLA VITE Luce 2023, weich und volumin\u00f6s, ausbalanciert durch eine solide Tanninstruktur,","og_url":"https:\/\/fonsvinum.com\/de\/produkt\/luce-della-vite-luce-2023\/","og_site_name":"Fons Vinum","article_modified_time":"2026-04-14T13:39:12+00:00","og_image":[{"width":200,"height":600,"url":"https:\/\/fonsvinum.com\/files\/2014\/07\/toscana-luce.png","type":"image\/png"}],"twitter_misc":{"Gesch\u00e4tzte Lesezeit":"2\u00a0Minuten"},"schema":{"@context":"https:\/\/schema.org","@graph":[{"@type":"WebPage","@id":"https:\/\/fonsvinum.com\/de\/produkt\/luce-della-vite-luce-2023\/","url":"https:\/\/fonsvinum.com\/de\/produkt\/luce-della-vite-luce-2023\/","name":"Kaufen Sie online bei Fons Vinum LUCE DELLA VITE Luce 2023","isPartOf":{"@id":"https:\/\/fonsvinum.com\/en\/#website"},"primaryImageOfPage":{"@id":"https:\/\/fonsvinum.com\/de\/produkt\/luce-della-vite-luce-2023\/#primaryimage"},"image":{"@id":"https:\/\/fonsvinum.com\/de\/produkt\/luce-della-vite-luce-2023\/#primaryimage"},"thumbnailUrl":"https:\/\/fonsvinum.com\/files\/2014\/07\/toscana-luce.png","datePublished":"2026-03-14T15:00:23+00:00","dateModified":"2026-04-14T13:39:12+00:00","description":"Kaufen Sie online bei Fons Vinum LUCE DELLA VITE Luce 2023, weich und volumin\u00f6s, ausbalanciert durch eine solide Tanninstruktur,","breadcrumb":{"@id":"https:\/\/fonsvinum.com\/de\/produkt\/luce-della-vite-luce-2023\/#breadcrumb"},"inLanguage":"de","potentialAction":[{"@type":"ReadAction","target":["https:\/\/fonsvinum.com\/de\/produkt\/luce-della-vite-luce-2023\/"]}]},{"@type":"ImageObject","inLanguage":"de","@id":"https:\/\/fonsvinum.com\/de\/produkt\/luce-della-vite-luce-2023\/#primaryimage","url":"https:\/\/fonsvinum.com\/files\/2014\/07\/toscana-luce.png","contentUrl":"https:\/\/fonsvinum.com\/files\/2014\/07\/toscana-luce.png","width":200,"height":600,"caption":"Toscana IGT 2011 Luce"},{"@type":"BreadcrumbList","@id":"https:\/\/fonsvinum.com\/de\/produkt\/luce-della-vite-luce-2023\/#breadcrumb","itemListElement":[{"@type":"ListItem","position":1,"name":"Startseite","item":"https:\/\/fonsvinum.com\/de\/"},{"@type":"ListItem","position":2,"name":"Shop","item":"https:\/\/fonsvinum.com\/de\/shop\/"},{"@type":"ListItem","position":3,"name":"LUCE DELLA VITE Luce 2023"}]},{"@type":"WebSite","@id":"https:\/\/fonsvinum.com\/en\/#website","url":"https:\/\/fonsvinum.com\/en\/","name":"Fons Vinum","description":"Vendita Vino Online","publisher":{"@id":"https:\/\/fonsvinum.com\/en\/#organization"},"potentialAction":[{"@type":"SearchAction","target":{"@type":"EntryPoint","urlTemplate":"https:\/\/fonsvinum.com\/en\/?s={search_term_string}"},"query-input":{"@type":"PropertyValueSpecification","valueRequired":true,"valueName":"search_term_string"}}],"inLanguage":"de"},{"@type":"Organization","@id":"https:\/\/fonsvinum.com\/en\/#organization","name":"Fons Vinum","url":"https:\/\/fonsvinum.com\/en\/","logo":{"@type":"ImageObject","inLanguage":"de","@id":"https:\/\/fonsvinum.com\/en\/#\/schema\/logo\/image\/","url":"","contentUrl":"","caption":"Fons Vinum"},"image":{"@id":"https:\/\/fonsvinum.com\/en\/#\/schema\/logo\/image\/"}}]}},"acf":[],"_links":{"self":[{"href":"https:\/\/fonsvinum.com\/de\/wp-json\/wp\/v2\/product\/48968","targetHints":{"allow":["GET"]}}],"collection":[{"href":"https:\/\/fonsvinum.com\/de\/wp-json\/wp\/v2\/product"}],"about":[{"href":"https:\/\/fonsvinum.com\/de\/wp-json\/wp\/v2\/types\/product"}],"replies":[{"embeddable":true,"href":"https:\/\/fonsvinum.com\/de\/wp-json\/wp\/v2\/comments?post=48968"}],"wp:featuredmedia":[{"embeddable":true,"href":"https:\/\/fonsvinum.com\/de\/wp-json\/wp\/v2\/media\/6508"}],"wp:attachment":[{"href":"https:\/\/fonsvinum.com\/de\/wp-json\/wp\/v2\/media?parent=48968"}],"wp:term":[{"taxonomy":"product_brand","embeddable":true,"href":"https:\/\/fonsvinum.com\/de\/wp-json\/wp\/v2\/product_brand?post=48968"},{"taxonomy":"product_cat","embeddable":true,"href":"https:\/\/fonsvinum.com\/de\/wp-json\/wp\/v2\/product_cat?post=48968"},{"taxonomy":"product_tag","embeddable":true,"href":"https:\/\/fonsvinum.com\/de\/wp-json\/wp\/v2\/product_tag?post=48968"}],"curies":[{"name":"wp","href":"https:\/\/api.w.org\/{rel}","templated":true}]}}