{"id":48952,"date":"2026-03-12T14:57:18","date_gmt":"2026-03-12T13:57:18","guid":{"rendered":"https:\/\/fonsvinum.com\/?post_type=product&#038;p=48952"},"modified":"2026-03-12T15:05:44","modified_gmt":"2026-03-12T14:05:44","slug":"gaja-costa-russi-barbaresco-2021","status":"publish","type":"product","link":"https:\/\/fonsvinum.com\/de\/produkt\/gaja-costa-russi-barbaresco-2021\/","title":{"rendered":"GAJA Costa Russi Barbaresco 2021"},"content":{"rendered":"<h1>GAJA Costa Russi Barbaresco 2021<\/h1>\n<p>Das Weingut wurde 1859 in Barbaresco gegr\u00fcndet.<\/p>\n<p>Seit der Gr\u00fcndung durch Giovanni und sp\u00e4ter durch Angelo Gaja hat sich die Familie dank einer einzigartigen Philosophie \u2013 dem Streben nach Qualit\u00e4t \u2013 in der internationalen Weinwelt etabliert.<\/p>\n<p>Das Piemont z\u00e4hlt zu den Regionen, die sich am besten f\u00fcr die Herstellung gro\u00dfer Weine eignen, und der Nebbiolo nimmt oft poetische Z\u00fcge an.<\/p>\n<p>Doch der Boden allein gen\u00fcgt offensichtlich nicht; es braucht die Leidenschaft und das K\u00f6nnen gro\u00dfer M\u00e4nner.<\/p>\n<p>Und der Name Gaja geh\u00f6rt zweifellos zu dieser Kategorie.<\/p>\n<p>Angelo Gaja, Gro\u00dfvater, hatte in den 1960er Jahren das Verdienst, die Traditionen zu erneuern und neue Produktionstechniken einzuf\u00fchren: Er reduzierte den Ertrag pro Hektar, um die G\u00e4rtemperatur besser kontrollieren zu k\u00f6nnen, und verl\u00e4ngerte die Maischeg\u00e4rung durch einen sorgf\u00e4ltigen Einsatz des Fasses.<\/p>\n<p>So ist es Gaja gelungen, mit der Zeit zu gehen, ohne in der Tradition zu verharren.<\/p>\n<p>Ein Erfolg, so Gaja, der auf Intelligenz und Weitsicht beruht, geerbt von der Strenge und den Opfern seiner Vorg\u00e4nger und in den letzten Jahrzehnten dank der beeindruckenden F\u00fchrung von Angelo weiterentwickelt und gefestigt wurde.<\/p>\n<p>Die Vergangenheit als Erfahrung, die Zukunft als Ziel: So hat Gaja das Image einer starken und unverzichtbaren Marke geschaffen, ein Symbol f\u00fcr die Gr\u00f6\u00dfe des Barbaresco und einen Wein, der die Poesie seiner Region im Glas erz\u00e4hlt.<\/p>\n<h2><strong>BARBARESCO COSTA RUSSI<\/strong><\/h2>\n<p>Der Jahrgang 2013 ist der erste, ab dem der \u201eCosta Russi\u201c seinen Namen von Nebbiolo DOC zu Barbaresco DOCG \u00e4ndert.<\/p>\n<p>Dieser Wein wird aus Trauben des gleichnamigen Weinbergs \u201eCosta Russi\u201c im Barbaresco hergestellt.<\/p>\n<p>Farbe: Leuchtendes Granatrot mit orangen Reflexen<br \/>\nDuft: Verf\u00fchrerische Aromen von Kirsche und Waldfr\u00fcchten, untermalt von einem Hauch Minzschokolade<br \/>\nGeschmack: Auberginenfrisch mit angenehmer Mineralit\u00e4t, die auf elegante und intensive Tannine hindeutet<br \/>\nPasst hervorragend zu Braten von rotem Fleisch, Wild und gereiftem K\u00e4se.<\/p>\n<p>&nbsp;<\/p>\n","protected":false},"excerpt":{"rendered":"<p>GAJA Costa Russi Barbaresco 2021 Das Weingut wurde 1859 in Barbaresco gegr\u00fcndet. Seit der Gr\u00fcndung durch Giovanni und sp\u00e4ter durch Angelo Gaja hat sich die Familie dank einer einzigartigen Philosophie \u2013 dem Streben nach Qualit\u00e4t \u2013 in der internationalen Weinwelt etabliert. Das Piemont z\u00e4hlt zu den Regionen, die sich am besten f\u00fcr die Herstellung gro\u00dfer [&hellip;]<\/p>\n","protected":false},"featured_media":6100,"comment_status":"open","ping_status":"closed","template":"","meta":{"_acf_changed":false,"_monsterinsights_skip_tracking":false,"_monsterinsights_sitenote_active":false,"_monsterinsights_sitenote_note":"","_monsterinsights_sitenote_category":0},"product_brand":[],"product_cat":[1773],"product_tag":[1733,1751],"class_list":{"0":"post-48952","1":"product","2":"type-product","3":"status-publish","4":"has-post-thumbnail","6":"product_cat-barbaresco-de","7":"product_tag-aussergewoehnliche-weine-de","8":"product_tag-aussergewoehnliche-weine-aus-italien-de","9":"pa_appellation-langhe-rosso-doc-de","10":"pa_formato-0-75-l-flasche-de","11":"pa_producer-gaja-de","12":"pa_region-piemont-de","13":"pa_vine-100-nebbiolo-de","14":"pa_vintage-18393","16":"first","17":"instock","18":"taxable","19":"shipping-taxable","20":"purchasable","21":"product-type-simple"},"bundled_by":[],"bundle_stock_status":"instock","bundle_stock_quantity":6,"bundle_virtual":false,"bundle_layout":"","bundle_add_to_cart_form_location":"","bundle_editable_in_cart":false,"bundle_sold_individually_context":"","bundle_item_grouping":"","bundle_min_size":"","bundle_max_size":"","bundle_price":[],"bundled_items":[],"bundle_sell_ids":[],"yoast_head":"<!-- This site is optimized with the Yoast SEO plugin v27.3 - https:\/\/yoast.com\/product\/yoast-seo-wordpress\/ -->\n<title>GAJA Costa Russi Barbaresco 2021<\/title>\n<meta name=\"description\" content=\"GAJA Costa Russi Barbaresco 2021\" \/>\n<meta name=\"robots\" content=\"index, follow, max-snippet:-1, max-image-preview:large, max-video-preview:-1\" \/>\n<link rel=\"canonical\" href=\"https:\/\/fonsvinum.com\/de\/produkt\/gaja-costa-russi-barbaresco-2021\/\" \/>\n<meta property=\"og:locale\" content=\"de_DE\" \/>\n<meta property=\"og:type\" content=\"article\" \/>\n<meta property=\"og:title\" content=\"GAJA Costa Russi Barbaresco 2021\" \/>\n<meta property=\"og:description\" content=\"GAJA Costa Russi Barbaresco 2021\" \/>\n<meta property=\"og:url\" content=\"https:\/\/fonsvinum.com\/de\/produkt\/gaja-costa-russi-barbaresco-2021\/\" \/>\n<meta property=\"og:site_name\" content=\"Fons Vinum\" \/>\n<meta property=\"article:modified_time\" content=\"2026-03-12T14:05:44+00:00\" \/>\n<meta property=\"og:image\" content=\"https:\/\/fonsvinum.com\/files\/2013\/04\/langhe_rosso_costa_russi_gaja.jpg\" \/>\n\t<meta property=\"og:image:width\" content=\"160\" \/>\n\t<meta property=\"og:image:height\" content=\"470\" \/>\n\t<meta property=\"og:image:type\" content=\"image\/jpeg\" \/>\n<meta name=\"twitter:label1\" content=\"Gesch\u00e4tzte Lesezeit\" \/>\n\t<meta name=\"twitter:data1\" content=\"2\u00a0Minuten\" \/>\n<script type=\"application\/ld+json\" class=\"yoast-schema-graph\">{\"@context\":\"https:\\\/\\\/schema.org\",\"@graph\":[{\"@type\":\"WebPage\",\"@id\":\"https:\\\/\\\/fonsvinum.com\\\/de\\\/produkt\\\/gaja-costa-russi-barbaresco-2021\\\/\",\"url\":\"https:\\\/\\\/fonsvinum.com\\\/de\\\/produkt\\\/gaja-costa-russi-barbaresco-2021\\\/\",\"name\":\"GAJA Costa Russi Barbaresco 2021\",\"isPartOf\":{\"@id\":\"https:\\\/\\\/fonsvinum.com\\\/en\\\/#website\"},\"primaryImageOfPage\":{\"@id\":\"https:\\\/\\\/fonsvinum.com\\\/de\\\/produkt\\\/gaja-costa-russi-barbaresco-2021\\\/#primaryimage\"},\"image\":{\"@id\":\"https:\\\/\\\/fonsvinum.com\\\/de\\\/produkt\\\/gaja-costa-russi-barbaresco-2021\\\/#primaryimage\"},\"thumbnailUrl\":\"https:\\\/\\\/fonsvinum.com\\\/files\\\/2013\\\/04\\\/langhe_rosso_costa_russi_gaja.jpg\",\"datePublished\":\"2026-03-12T13:57:18+00:00\",\"dateModified\":\"2026-03-12T14:05:44+00:00\",\"description\":\"GAJA Costa Russi Barbaresco 2021\",\"breadcrumb\":{\"@id\":\"https:\\\/\\\/fonsvinum.com\\\/de\\\/produkt\\\/gaja-costa-russi-barbaresco-2021\\\/#breadcrumb\"},\"inLanguage\":\"de\",\"potentialAction\":[{\"@type\":\"ReadAction\",\"target\":[\"https:\\\/\\\/fonsvinum.com\\\/de\\\/produkt\\\/gaja-costa-russi-barbaresco-2021\\\/\"]}]},{\"@type\":\"ImageObject\",\"inLanguage\":\"de\",\"@id\":\"https:\\\/\\\/fonsvinum.com\\\/de\\\/produkt\\\/gaja-costa-russi-barbaresco-2021\\\/#primaryimage\",\"url\":\"https:\\\/\\\/fonsvinum.com\\\/files\\\/2013\\\/04\\\/langhe_rosso_costa_russi_gaja.jpg\",\"contentUrl\":\"https:\\\/\\\/fonsvinum.com\\\/files\\\/2013\\\/04\\\/langhe_rosso_costa_russi_gaja.jpg\",\"width\":160,\"height\":470},{\"@type\":\"BreadcrumbList\",\"@id\":\"https:\\\/\\\/fonsvinum.com\\\/de\\\/produkt\\\/gaja-costa-russi-barbaresco-2021\\\/#breadcrumb\",\"itemListElement\":[{\"@type\":\"ListItem\",\"position\":1,\"name\":\"Startseite\",\"item\":\"https:\\\/\\\/fonsvinum.com\\\/de\\\/\"},{\"@type\":\"ListItem\",\"position\":2,\"name\":\"Shop\",\"item\":\"https:\\\/\\\/fonsvinum.com\\\/de\\\/shop\\\/\"},{\"@type\":\"ListItem\",\"position\":3,\"name\":\"GAJA Costa Russi Barbaresco 2021\"}]},{\"@type\":\"WebSite\",\"@id\":\"https:\\\/\\\/fonsvinum.com\\\/en\\\/#website\",\"url\":\"https:\\\/\\\/fonsvinum.com\\\/en\\\/\",\"name\":\"Fons Vinum\",\"description\":\"Vendita Vino Online\",\"publisher\":{\"@id\":\"https:\\\/\\\/fonsvinum.com\\\/en\\\/#organization\"},\"potentialAction\":[{\"@type\":\"SearchAction\",\"target\":{\"@type\":\"EntryPoint\",\"urlTemplate\":\"https:\\\/\\\/fonsvinum.com\\\/en\\\/?s={search_term_string}\"},\"query-input\":{\"@type\":\"PropertyValueSpecification\",\"valueRequired\":true,\"valueName\":\"search_term_string\"}}],\"inLanguage\":\"de\"},{\"@type\":\"Organization\",\"@id\":\"https:\\\/\\\/fonsvinum.com\\\/en\\\/#organization\",\"name\":\"Fons Vinum\",\"url\":\"https:\\\/\\\/fonsvinum.com\\\/en\\\/\",\"logo\":{\"@type\":\"ImageObject\",\"inLanguage\":\"de\",\"@id\":\"https:\\\/\\\/fonsvinum.com\\\/en\\\/#\\\/schema\\\/logo\\\/image\\\/\",\"url\":\"\",\"contentUrl\":\"\",\"caption\":\"Fons Vinum\"},\"image\":{\"@id\":\"https:\\\/\\\/fonsvinum.com\\\/en\\\/#\\\/schema\\\/logo\\\/image\\\/\"}}]}<\/script>\n<!-- \/ Yoast SEO plugin. -->","yoast_head_json":{"title":"GAJA Costa Russi Barbaresco 2021","description":"GAJA Costa Russi Barbaresco 2021","robots":{"index":"index","follow":"follow","max-snippet":"max-snippet:-1","max-image-preview":"max-image-preview:large","max-video-preview":"max-video-preview:-1"},"canonical":"https:\/\/fonsvinum.com\/de\/produkt\/gaja-costa-russi-barbaresco-2021\/","og_locale":"de_DE","og_type":"article","og_title":"GAJA Costa Russi Barbaresco 2021","og_description":"GAJA Costa Russi Barbaresco 2021","og_url":"https:\/\/fonsvinum.com\/de\/produkt\/gaja-costa-russi-barbaresco-2021\/","og_site_name":"Fons Vinum","article_modified_time":"2026-03-12T14:05:44+00:00","og_image":[{"width":160,"height":470,"url":"https:\/\/fonsvinum.com\/files\/2013\/04\/langhe_rosso_costa_russi_gaja.jpg","type":"image\/jpeg"}],"twitter_misc":{"Gesch\u00e4tzte Lesezeit":"2\u00a0Minuten"},"schema":{"@context":"https:\/\/schema.org","@graph":[{"@type":"WebPage","@id":"https:\/\/fonsvinum.com\/de\/produkt\/gaja-costa-russi-barbaresco-2021\/","url":"https:\/\/fonsvinum.com\/de\/produkt\/gaja-costa-russi-barbaresco-2021\/","name":"GAJA Costa Russi Barbaresco 2021","isPartOf":{"@id":"https:\/\/fonsvinum.com\/en\/#website"},"primaryImageOfPage":{"@id":"https:\/\/fonsvinum.com\/de\/produkt\/gaja-costa-russi-barbaresco-2021\/#primaryimage"},"image":{"@id":"https:\/\/fonsvinum.com\/de\/produkt\/gaja-costa-russi-barbaresco-2021\/#primaryimage"},"thumbnailUrl":"https:\/\/fonsvinum.com\/files\/2013\/04\/langhe_rosso_costa_russi_gaja.jpg","datePublished":"2026-03-12T13:57:18+00:00","dateModified":"2026-03-12T14:05:44+00:00","description":"GAJA Costa Russi Barbaresco 2021","breadcrumb":{"@id":"https:\/\/fonsvinum.com\/de\/produkt\/gaja-costa-russi-barbaresco-2021\/#breadcrumb"},"inLanguage":"de","potentialAction":[{"@type":"ReadAction","target":["https:\/\/fonsvinum.com\/de\/produkt\/gaja-costa-russi-barbaresco-2021\/"]}]},{"@type":"ImageObject","inLanguage":"de","@id":"https:\/\/fonsvinum.com\/de\/produkt\/gaja-costa-russi-barbaresco-2021\/#primaryimage","url":"https:\/\/fonsvinum.com\/files\/2013\/04\/langhe_rosso_costa_russi_gaja.jpg","contentUrl":"https:\/\/fonsvinum.com\/files\/2013\/04\/langhe_rosso_costa_russi_gaja.jpg","width":160,"height":470},{"@type":"BreadcrumbList","@id":"https:\/\/fonsvinum.com\/de\/produkt\/gaja-costa-russi-barbaresco-2021\/#breadcrumb","itemListElement":[{"@type":"ListItem","position":1,"name":"Startseite","item":"https:\/\/fonsvinum.com\/de\/"},{"@type":"ListItem","position":2,"name":"Shop","item":"https:\/\/fonsvinum.com\/de\/shop\/"},{"@type":"ListItem","position":3,"name":"GAJA Costa Russi Barbaresco 2021"}]},{"@type":"WebSite","@id":"https:\/\/fonsvinum.com\/en\/#website","url":"https:\/\/fonsvinum.com\/en\/","name":"Fons Vinum","description":"Vendita Vino Online","publisher":{"@id":"https:\/\/fonsvinum.com\/en\/#organization"},"potentialAction":[{"@type":"SearchAction","target":{"@type":"EntryPoint","urlTemplate":"https:\/\/fonsvinum.com\/en\/?s={search_term_string}"},"query-input":{"@type":"PropertyValueSpecification","valueRequired":true,"valueName":"search_term_string"}}],"inLanguage":"de"},{"@type":"Organization","@id":"https:\/\/fonsvinum.com\/en\/#organization","name":"Fons Vinum","url":"https:\/\/fonsvinum.com\/en\/","logo":{"@type":"ImageObject","inLanguage":"de","@id":"https:\/\/fonsvinum.com\/en\/#\/schema\/logo\/image\/","url":"","contentUrl":"","caption":"Fons Vinum"},"image":{"@id":"https:\/\/fonsvinum.com\/en\/#\/schema\/logo\/image\/"}}]}},"acf":[],"_links":{"self":[{"href":"https:\/\/fonsvinum.com\/de\/wp-json\/wp\/v2\/product\/48952","targetHints":{"allow":["GET"]}}],"collection":[{"href":"https:\/\/fonsvinum.com\/de\/wp-json\/wp\/v2\/product"}],"about":[{"href":"https:\/\/fonsvinum.com\/de\/wp-json\/wp\/v2\/types\/product"}],"replies":[{"embeddable":true,"href":"https:\/\/fonsvinum.com\/de\/wp-json\/wp\/v2\/comments?post=48952"}],"wp:featuredmedia":[{"embeddable":true,"href":"https:\/\/fonsvinum.com\/de\/wp-json\/wp\/v2\/media\/6100"}],"wp:attachment":[{"href":"https:\/\/fonsvinum.com\/de\/wp-json\/wp\/v2\/media?parent=48952"}],"wp:term":[{"taxonomy":"product_brand","embeddable":true,"href":"https:\/\/fonsvinum.com\/de\/wp-json\/wp\/v2\/product_brand?post=48952"},{"taxonomy":"product_cat","embeddable":true,"href":"https:\/\/fonsvinum.com\/de\/wp-json\/wp\/v2\/product_cat?post=48952"},{"taxonomy":"product_tag","embeddable":true,"href":"https:\/\/fonsvinum.com\/de\/wp-json\/wp\/v2\/product_tag?post=48952"}],"curies":[{"name":"wp","href":"https:\/\/api.w.org\/{rel}","templated":true}]}}