{"id":48928,"date":"2026-03-12T06:54:08","date_gmt":"2026-03-12T05:54:08","guid":{"rendered":"https:\/\/fonsvinum.com\/?post_type=product&#038;p=48928"},"modified":"2026-03-12T07:03:57","modified_gmt":"2026-03-12T06:03:57","slug":"gaja-sperss-barolo-2020","status":"publish","type":"product","link":"https:\/\/fonsvinum.com\/de\/produkt\/gaja-sperss-barolo-2020\/","title":{"rendered":"GAJA Sperss Barolo 2020"},"content":{"rendered":"<h1>GAJA Sperss Barolo 2020<\/h1>\n<h2>DAS WEINGUT \u2013 <a href=\"https:\/\/fonsvinum.com\/de\/attributes\/producer\/gaja-de\/\">GAJA<\/a><\/h2>\n<article class=\"prez-2\">Angelo Gaja z\u00e4hlt zweifellos zu den gr\u00f6\u00dften Namen der italienischen Weinwelt. Geboren 1940, \u00fcbernahm er 1961 das 1859 gegr\u00fcndete Familienweingut in den H\u00fcgeln der Langhe im Piemont. Heute bewirtschaftet er rund 100 Hektar Weinberge und kauft keine Trauben zu.<\/article>\n<article><\/article>\n<article class=\"prez-2\">Gaja trug ma\u00dfgeblich zum internationalen Ruf einiger der gr\u00f6\u00dften piemontesischen Weine bei, insbesondere des Barbaresco und Barolo.<\/article>\n<article><\/article>\n<article class=\"prez-2\">Er hob sich von der Konkurrenz durch neue Vinifizierungs- und Ausbautechniken ab, die damals als revolution\u00e4r galten, da sie mit den \u00fcblichen regionalen Praktiken brachen: Auswahl der besten Parzellen, Reduzierung der Ertr\u00e4ge und Ausbau in neuen franz\u00f6sischen Eichenf\u00e4ssern anstelle von jugoslawischen Eichenf\u00e4ssern. Heute bringen die besten seiner Barbaresco-Parzellen einige der besten Weine Italiens hervor (Sori Tildin, Sori San Lorenzo und Costa Russi).<\/article>\n<article><\/article>\n<article class=\"prez-2\">Er war auch der Erste, der Cabernet Sauvignon, Chardonnay und Sauvignon Blanc anstelle von Nebbiolo anbaute und damit gegen den Rat seiner Kollegen handelte.<\/article>\n<h2><a href=\"https:\/\/fonsvinum.com\/en\/product-category\/red-wines\/barolo-de\/\">BAROLO<\/a> SPERSS<\/h2>\n<div class=\"prodotto__descrizione__breve formatted-content\">\n<p><a href=\"https:\/\/www.enotecadelbarolo.it\/il-barolo\/la-zona-del-barolo\/\">Barolo<\/a> \u201eSperss\u201c ist ein bekannter Wein des Weinguts Gaja, der seit 1988 aus den Weinbergen von Serralunga d\u2019Alba hergestellt wird. Es ist ein intensiver, vollmundiger und sehr eleganter Rotwein mit typischen Aromen von Veilchen, Humus und Waldbeeren. Er ist ausgewogen, strukturiert, frisch, geschmeidig und anhaltend: Klasse pur!<\/p>\n<p>Intensives Rubinrot.<br \/>\nIn der Nase zeigen sich ausgepr\u00e4gte Noten von dunklen Fr\u00fcchten und wei\u00dfem Tr\u00fcffel.<\/p>\n<p>Am Gaumen ist er vollmundig, opulent und komplex.<\/p>\n<p>Der Weinberg erstreckt sich \u00fcber 12 Hektar. Die Reben sind nach S\u00fcdwesten ausgerichtet und liegen auf einer H\u00f6he von 300 m. Die B\u00f6den bestehen aus Mergel, Lehm und Kalkstein. Der Wein wird mazeriert und anschlie\u00dfend drei Wochen lang vergoren, bevor er ein Jahr in Eichenf\u00e4ssern reift. Danach reift er weitere 18 Monate in traditionellen, gro\u00dfen Eichenf\u00e4ssern (\u201eBotti Grandi\u201c).<\/p>\n<\/div>\n<p>&nbsp;<\/p>\n<h3><\/h3>\n<p>&nbsp;<\/p>\n","protected":false},"excerpt":{"rendered":"<p>GAJA Sperss Barolo 2020 DAS WEINGUT \u2013 GAJA Angelo Gaja z\u00e4hlt zweifellos zu den gr\u00f6\u00dften Namen der italienischen Weinwelt. Geboren 1940, \u00fcbernahm er 1961 das 1859 gegr\u00fcndete Familienweingut in den H\u00fcgeln der Langhe im Piemont. Heute bewirtschaftet er rund 100 Hektar Weinberge und kauft keine Trauben zu. Gaja trug ma\u00dfgeblich zum internationalen Ruf einiger der [&hellip;]<\/p>\n","protected":false},"featured_media":25415,"comment_status":"open","ping_status":"closed","template":"","meta":{"_acf_changed":false,"_monsterinsights_skip_tracking":false,"_monsterinsights_sitenote_active":false,"_monsterinsights_sitenote_note":"","_monsterinsights_sitenote_category":0},"product_brand":[],"product_cat":[1824],"product_tag":[1733,15903,15893,15959],"class_list":{"0":"post-48928","1":"product","2":"type-product","3":"status-publish","4":"has-post-thumbnail","6":"product_cat-barolo-de","7":"product_tag-aussergewoehnliche-weine-de","8":"product_tag-barolo-de","9":"product_tag-piemonte-de","10":"product_tag-vino-rosso-de","11":"pa_appellation-barolo-docg-de","12":"pa_formato-0-75-l-flasche-de","13":"pa_producer-gaja-de","14":"pa_region-piemont-de","15":"pa_vine-100-nebbiolo-de","16":"pa_vintage-2020-de","18":"first","19":"instock","20":"taxable","21":"shipping-taxable","22":"purchasable","23":"product-type-simple"},"bundled_by":[],"bundle_stock_status":"instock","bundle_stock_quantity":6,"bundle_virtual":false,"bundle_layout":"","bundle_add_to_cart_form_location":"","bundle_editable_in_cart":false,"bundle_sold_individually_context":"","bundle_item_grouping":"","bundle_min_size":"","bundle_max_size":"","bundle_price":[],"bundled_items":[],"bundle_sell_ids":[],"yoast_head":"<!-- This site is optimized with the Yoast SEO plugin v27.3 - https:\/\/yoast.com\/product\/yoast-seo-wordpress\/ -->\n<title>GAJA Sperss Barolo 2020 I Fonsvinum<\/title>\n<meta name=\"description\" content=\"Kaufen online GAJA Sperss Barolo 2020\" \/>\n<meta name=\"robots\" content=\"index, follow, max-snippet:-1, max-image-preview:large, max-video-preview:-1\" \/>\n<link rel=\"canonical\" href=\"https:\/\/fonsvinum.com\/de\/produkt\/gaja-sperss-barolo-2020\/\" \/>\n<meta property=\"og:locale\" content=\"de_DE\" \/>\n<meta property=\"og:type\" content=\"article\" \/>\n<meta property=\"og:title\" content=\"GAJA Sperss Barolo 2020 I Fonsvinum\" \/>\n<meta property=\"og:description\" content=\"Kaufen online GAJA Sperss Barolo 2020\" \/>\n<meta property=\"og:url\" content=\"https:\/\/fonsvinum.com\/de\/produkt\/gaja-sperss-barolo-2020\/\" \/>\n<meta property=\"og:site_name\" content=\"Fons Vinum\" \/>\n<meta property=\"article:modified_time\" content=\"2026-03-12T06:03:57+00:00\" \/>\n<meta property=\"og:image\" content=\"https:\/\/fonsvinum.com\/files\/2020\/06\/barolo-sperss-gaja.jpg\" \/>\n\t<meta property=\"og:image:width\" content=\"200\" \/>\n\t<meta property=\"og:image:height\" content=\"600\" \/>\n\t<meta property=\"og:image:type\" content=\"image\/jpeg\" \/>\n<meta name=\"twitter:label1\" content=\"Gesch\u00e4tzte Lesezeit\" \/>\n\t<meta name=\"twitter:data1\" content=\"2\u00a0Minuten\" \/>\n<script type=\"application\/ld+json\" class=\"yoast-schema-graph\">{\"@context\":\"https:\\\/\\\/schema.org\",\"@graph\":[{\"@type\":\"WebPage\",\"@id\":\"https:\\\/\\\/fonsvinum.com\\\/de\\\/produkt\\\/gaja-sperss-barolo-2020\\\/\",\"url\":\"https:\\\/\\\/fonsvinum.com\\\/de\\\/produkt\\\/gaja-sperss-barolo-2020\\\/\",\"name\":\"GAJA Sperss Barolo 2020 I Fonsvinum\",\"isPartOf\":{\"@id\":\"https:\\\/\\\/fonsvinum.com\\\/en\\\/#website\"},\"primaryImageOfPage\":{\"@id\":\"https:\\\/\\\/fonsvinum.com\\\/de\\\/produkt\\\/gaja-sperss-barolo-2020\\\/#primaryimage\"},\"image\":{\"@id\":\"https:\\\/\\\/fonsvinum.com\\\/de\\\/produkt\\\/gaja-sperss-barolo-2020\\\/#primaryimage\"},\"thumbnailUrl\":\"https:\\\/\\\/fonsvinum.com\\\/files\\\/2020\\\/06\\\/barolo-sperss-gaja.jpg\",\"datePublished\":\"2026-03-12T05:54:08+00:00\",\"dateModified\":\"2026-03-12T06:03:57+00:00\",\"description\":\"Kaufen online GAJA Sperss Barolo 2020\",\"breadcrumb\":{\"@id\":\"https:\\\/\\\/fonsvinum.com\\\/de\\\/produkt\\\/gaja-sperss-barolo-2020\\\/#breadcrumb\"},\"inLanguage\":\"de\",\"potentialAction\":[{\"@type\":\"ReadAction\",\"target\":[\"https:\\\/\\\/fonsvinum.com\\\/de\\\/produkt\\\/gaja-sperss-barolo-2020\\\/\"]}]},{\"@type\":\"ImageObject\",\"inLanguage\":\"de\",\"@id\":\"https:\\\/\\\/fonsvinum.com\\\/de\\\/produkt\\\/gaja-sperss-barolo-2020\\\/#primaryimage\",\"url\":\"https:\\\/\\\/fonsvinum.com\\\/files\\\/2020\\\/06\\\/barolo-sperss-gaja.jpg\",\"contentUrl\":\"https:\\\/\\\/fonsvinum.com\\\/files\\\/2020\\\/06\\\/barolo-sperss-gaja.jpg\",\"width\":200,\"height\":600},{\"@type\":\"BreadcrumbList\",\"@id\":\"https:\\\/\\\/fonsvinum.com\\\/de\\\/produkt\\\/gaja-sperss-barolo-2020\\\/#breadcrumb\",\"itemListElement\":[{\"@type\":\"ListItem\",\"position\":1,\"name\":\"Startseite\",\"item\":\"https:\\\/\\\/fonsvinum.com\\\/de\\\/\"},{\"@type\":\"ListItem\",\"position\":2,\"name\":\"Shop\",\"item\":\"https:\\\/\\\/fonsvinum.com\\\/de\\\/shop\\\/\"},{\"@type\":\"ListItem\",\"position\":3,\"name\":\"GAJA Sperss Barolo 2020\"}]},{\"@type\":\"WebSite\",\"@id\":\"https:\\\/\\\/fonsvinum.com\\\/en\\\/#website\",\"url\":\"https:\\\/\\\/fonsvinum.com\\\/en\\\/\",\"name\":\"Fons Vinum\",\"description\":\"Vendita Vino Online\",\"publisher\":{\"@id\":\"https:\\\/\\\/fonsvinum.com\\\/en\\\/#organization\"},\"potentialAction\":[{\"@type\":\"SearchAction\",\"target\":{\"@type\":\"EntryPoint\",\"urlTemplate\":\"https:\\\/\\\/fonsvinum.com\\\/en\\\/?s={search_term_string}\"},\"query-input\":{\"@type\":\"PropertyValueSpecification\",\"valueRequired\":true,\"valueName\":\"search_term_string\"}}],\"inLanguage\":\"de\"},{\"@type\":\"Organization\",\"@id\":\"https:\\\/\\\/fonsvinum.com\\\/en\\\/#organization\",\"name\":\"Fons Vinum\",\"url\":\"https:\\\/\\\/fonsvinum.com\\\/en\\\/\",\"logo\":{\"@type\":\"ImageObject\",\"inLanguage\":\"de\",\"@id\":\"https:\\\/\\\/fonsvinum.com\\\/en\\\/#\\\/schema\\\/logo\\\/image\\\/\",\"url\":\"\",\"contentUrl\":\"\",\"caption\":\"Fons Vinum\"},\"image\":{\"@id\":\"https:\\\/\\\/fonsvinum.com\\\/en\\\/#\\\/schema\\\/logo\\\/image\\\/\"}}]}<\/script>\n<!-- \/ Yoast SEO plugin. -->","yoast_head_json":{"title":"GAJA Sperss Barolo 2020 I Fonsvinum","description":"Kaufen online GAJA Sperss Barolo 2020","robots":{"index":"index","follow":"follow","max-snippet":"max-snippet:-1","max-image-preview":"max-image-preview:large","max-video-preview":"max-video-preview:-1"},"canonical":"https:\/\/fonsvinum.com\/de\/produkt\/gaja-sperss-barolo-2020\/","og_locale":"de_DE","og_type":"article","og_title":"GAJA Sperss Barolo 2020 I Fonsvinum","og_description":"Kaufen online GAJA Sperss Barolo 2020","og_url":"https:\/\/fonsvinum.com\/de\/produkt\/gaja-sperss-barolo-2020\/","og_site_name":"Fons Vinum","article_modified_time":"2026-03-12T06:03:57+00:00","og_image":[{"width":200,"height":600,"url":"https:\/\/fonsvinum.com\/files\/2020\/06\/barolo-sperss-gaja.jpg","type":"image\/jpeg"}],"twitter_misc":{"Gesch\u00e4tzte Lesezeit":"2\u00a0Minuten"},"schema":{"@context":"https:\/\/schema.org","@graph":[{"@type":"WebPage","@id":"https:\/\/fonsvinum.com\/de\/produkt\/gaja-sperss-barolo-2020\/","url":"https:\/\/fonsvinum.com\/de\/produkt\/gaja-sperss-barolo-2020\/","name":"GAJA Sperss Barolo 2020 I Fonsvinum","isPartOf":{"@id":"https:\/\/fonsvinum.com\/en\/#website"},"primaryImageOfPage":{"@id":"https:\/\/fonsvinum.com\/de\/produkt\/gaja-sperss-barolo-2020\/#primaryimage"},"image":{"@id":"https:\/\/fonsvinum.com\/de\/produkt\/gaja-sperss-barolo-2020\/#primaryimage"},"thumbnailUrl":"https:\/\/fonsvinum.com\/files\/2020\/06\/barolo-sperss-gaja.jpg","datePublished":"2026-03-12T05:54:08+00:00","dateModified":"2026-03-12T06:03:57+00:00","description":"Kaufen online GAJA Sperss Barolo 2020","breadcrumb":{"@id":"https:\/\/fonsvinum.com\/de\/produkt\/gaja-sperss-barolo-2020\/#breadcrumb"},"inLanguage":"de","potentialAction":[{"@type":"ReadAction","target":["https:\/\/fonsvinum.com\/de\/produkt\/gaja-sperss-barolo-2020\/"]}]},{"@type":"ImageObject","inLanguage":"de","@id":"https:\/\/fonsvinum.com\/de\/produkt\/gaja-sperss-barolo-2020\/#primaryimage","url":"https:\/\/fonsvinum.com\/files\/2020\/06\/barolo-sperss-gaja.jpg","contentUrl":"https:\/\/fonsvinum.com\/files\/2020\/06\/barolo-sperss-gaja.jpg","width":200,"height":600},{"@type":"BreadcrumbList","@id":"https:\/\/fonsvinum.com\/de\/produkt\/gaja-sperss-barolo-2020\/#breadcrumb","itemListElement":[{"@type":"ListItem","position":1,"name":"Startseite","item":"https:\/\/fonsvinum.com\/de\/"},{"@type":"ListItem","position":2,"name":"Shop","item":"https:\/\/fonsvinum.com\/de\/shop\/"},{"@type":"ListItem","position":3,"name":"GAJA Sperss Barolo 2020"}]},{"@type":"WebSite","@id":"https:\/\/fonsvinum.com\/en\/#website","url":"https:\/\/fonsvinum.com\/en\/","name":"Fons Vinum","description":"Vendita Vino Online","publisher":{"@id":"https:\/\/fonsvinum.com\/en\/#organization"},"potentialAction":[{"@type":"SearchAction","target":{"@type":"EntryPoint","urlTemplate":"https:\/\/fonsvinum.com\/en\/?s={search_term_string}"},"query-input":{"@type":"PropertyValueSpecification","valueRequired":true,"valueName":"search_term_string"}}],"inLanguage":"de"},{"@type":"Organization","@id":"https:\/\/fonsvinum.com\/en\/#organization","name":"Fons Vinum","url":"https:\/\/fonsvinum.com\/en\/","logo":{"@type":"ImageObject","inLanguage":"de","@id":"https:\/\/fonsvinum.com\/en\/#\/schema\/logo\/image\/","url":"","contentUrl":"","caption":"Fons Vinum"},"image":{"@id":"https:\/\/fonsvinum.com\/en\/#\/schema\/logo\/image\/"}}]}},"acf":[],"_links":{"self":[{"href":"https:\/\/fonsvinum.com\/de\/wp-json\/wp\/v2\/product\/48928","targetHints":{"allow":["GET"]}}],"collection":[{"href":"https:\/\/fonsvinum.com\/de\/wp-json\/wp\/v2\/product"}],"about":[{"href":"https:\/\/fonsvinum.com\/de\/wp-json\/wp\/v2\/types\/product"}],"replies":[{"embeddable":true,"href":"https:\/\/fonsvinum.com\/de\/wp-json\/wp\/v2\/comments?post=48928"}],"wp:featuredmedia":[{"embeddable":true,"href":"https:\/\/fonsvinum.com\/de\/wp-json\/wp\/v2\/media\/25415"}],"wp:attachment":[{"href":"https:\/\/fonsvinum.com\/de\/wp-json\/wp\/v2\/media?parent=48928"}],"wp:term":[{"taxonomy":"product_brand","embeddable":true,"href":"https:\/\/fonsvinum.com\/de\/wp-json\/wp\/v2\/product_brand?post=48928"},{"taxonomy":"product_cat","embeddable":true,"href":"https:\/\/fonsvinum.com\/de\/wp-json\/wp\/v2\/product_cat?post=48928"},{"taxonomy":"product_tag","embeddable":true,"href":"https:\/\/fonsvinum.com\/de\/wp-json\/wp\/v2\/product_tag?post=48928"}],"curies":[{"name":"wp","href":"https:\/\/api.w.org\/{rel}","templated":true}]}}