{"id":48892,"date":"2026-03-11T15:11:17","date_gmt":"2026-03-11T14:11:17","guid":{"rendered":"https:\/\/fonsvinum.com\/?post_type=product&#038;p=48892"},"modified":"2026-03-11T15:22:00","modified_gmt":"2026-03-11T14:22:00","slug":"tenuta-di-biserno-toscana-rosso-biserno-2018","status":"publish","type":"product","link":"https:\/\/fonsvinum.com\/de\/produkt\/tenuta-di-biserno-toscana-rosso-biserno-2018\/","title":{"rendered":"TENUTA DI BISERNO Toscana Rosso Biserno 2018"},"content":{"rendered":"<h1>TENUTA DI BISERNO <a href=\"https:\/\/fonsvinum.com\/de\/attributes\/region\/toskana-de\/\">Toscana<\/a> Rosso Biserno 2018<\/h1>\n<h2>THE WINERY &#8211; TENUTA DI BISERNO<\/h2>\n<p>Das Weingut Tenuta di Biserno erstreckt sich \u00fcber 90 Hektar und liegt an der K\u00fcste der westlichen Toskana, eingebettet in die H\u00fcgel von Bibbona in der oberen Maremma. Dank der Meeresbrise bietet es ideale Bedingungen f\u00fcr den Weinbau. Lodovico Antinori begann dieses spannende Projekt, nachdem er 2002 sein renommiertes Weingut Tenuta dell\u2019Ornellaia in Bolgheri verkauft und eine Partnerschaft mit seinem Bruder, Marchese Piero Antinori, eingegangen war.<\/p>\n<p>Lodovico hatte das Grundst\u00fcck, das sp\u00e4ter Tenuta di Biserno werden sollte, bereits 1994 entdeckt, als er nach geeignetem Land zur Erweiterung von Ornellaia suchte. Was er sah, begeisterte ihn, doch er erkannte, dass die Geologie und Geografie sich so stark von denen Ornellaias unterschieden \u2013 h\u00fcgeliger und steiniger \u2013, dass es ein separates Projekt werden musste.<\/p>\n<p>Bibbona grenzt direkt an das DOC-Gebiet Bolgheri, und obwohl sich das Terroir unterscheidet, eignen sich beide Gebiete hervorragend f\u00fcr den Anbau von Bordeaux-Rebsorten. Ein wesentlicher Unterschied besteht jedoch darin, dass Lodovico Antinoris in Biserno den Cabernet Franc in gr\u00f6\u00dferem Umfang verwendet, gefolgt von Merlot, mit einem kleinen Anteil Cabernet Sauvignon und einem gr\u00f6\u00dferen Anteil Petit Verdot.<\/p>\n<p>Tenuta di Biserno ist Lodovico Antinoris&#8216; Meisterwerk und ein Beweis seines gro\u00dfen Talents; die Weine sind herausragend.<\/p>\n<h2>BISERNO<\/h2>\n<p>Ein Wein, der zum Nachdenken anregt und das Terroir sowie das exzellente Mikroklima der K\u00fcstenregion der oberen Maremma widerspiegelt. Biserno ist gro\u00dfartig. Eine Cuv\u00e9e, die haupts\u00e4chlich aus Cabernet Franc besteht, mit Anteilen von Cabernet Sauvignon, Merlot und Petit Verdot.<\/p>\n<p>Farbe: Intensives, sattes Rubinrot<br \/>\nDuft: Elegant fruchtig mit komplexen Nuancen von Kirschen, Blaubeeren und dunklen Pflaumen, umrahmt von pfeffrigen Gew\u00fcrzen und Nelken, mit einem feinen Tabakabgang<br \/>\nGeschmack: Intensiv und meisterhaft weich, samtig und vollmundig mit feinen Tanninen und einem anhaltenden, w\u00fcrzigen Abgang<\/p>\n<p>&nbsp;<\/p>\n","protected":false},"excerpt":{"rendered":"<p>TENUTA DI BISERNO Toscana Rosso Biserno 2018 THE WINERY &#8211; TENUTA DI BISERNO Das Weingut Tenuta di Biserno erstreckt sich \u00fcber 90 Hektar und liegt an der K\u00fcste der westlichen Toskana, eingebettet in die H\u00fcgel von Bibbona in der oberen Maremma. Dank der Meeresbrise bietet es ideale Bedingungen f\u00fcr den Weinbau. Lodovico Antinori begann dieses [&hellip;]<\/p>\n","protected":false},"featured_media":7095,"comment_status":"open","ping_status":"closed","template":"","meta":{"_acf_changed":false,"_monsterinsights_skip_tracking":false,"_monsterinsights_sitenote_active":false,"_monsterinsights_sitenote_note":"","_monsterinsights_sitenote_category":0},"product_brand":[],"product_cat":[1693,2332],"product_tag":[1751,1745],"class_list":{"0":"post-48892","1":"product","2":"type-product","3":"status-publish","4":"has-post-thumbnail","6":"product_cat-blend-2-de","7":"product_cat-rotweine-de","8":"product_tag-aussergewoehnliche-weine-aus-italien-de","9":"product_tag-super-tuscan-de","10":"pa_appellation-toscana-rosso-igt-de","11":"pa_formato-0-75-l-flasche-de","12":"pa_producer-tenuta-di-biserno-de","13":"pa_region-toskana-de","14":"pa_vintage-2018-de","16":"first","17":"instock","18":"taxable","19":"shipping-taxable","20":"purchasable","21":"product-type-simple"},"bundled_by":[],"bundle_stock_status":"instock","bundle_stock_quantity":6,"bundle_virtual":false,"bundle_layout":"","bundle_add_to_cart_form_location":"","bundle_editable_in_cart":false,"bundle_sold_individually_context":"","bundle_item_grouping":"","bundle_min_size":"","bundle_max_size":"","bundle_price":[],"bundled_items":[],"bundle_sell_ids":[],"yoast_head":"<!-- This site is optimized with the Yoast SEO plugin v27.3 - https:\/\/yoast.com\/product\/yoast-seo-wordpress\/ -->\n<title>buy TENUTA DI BISERNO - Biserno 2018 fonsvinum<\/title>\n<meta name=\"description\" content=\"TENUTA DI BISERNO - Biserno 2018 TENUTA DI BISERNO - Biserno 2017 TENUTA DI BISERNO - Biserno 2017 TENUTA DI BISERNO - Biserno 2018\" \/>\n<meta name=\"robots\" content=\"index, follow, max-snippet:-1, max-image-preview:large, max-video-preview:-1\" \/>\n<link rel=\"canonical\" href=\"https:\/\/fonsvinum.com\/de\/produkt\/tenuta-di-biserno-toscana-rosso-biserno-2018\/\" \/>\n<meta property=\"og:locale\" content=\"de_DE\" \/>\n<meta property=\"og:type\" content=\"article\" \/>\n<meta property=\"og:title\" content=\"buy TENUTA DI BISERNO - Biserno 2018 fonsvinum\" \/>\n<meta property=\"og:description\" content=\"TENUTA DI BISERNO - Biserno 2018 TENUTA DI BISERNO - Biserno 2017 TENUTA DI BISERNO - Biserno 2017 TENUTA DI BISERNO - Biserno 2018\" \/>\n<meta property=\"og:url\" content=\"https:\/\/fonsvinum.com\/de\/produkt\/tenuta-di-biserno-toscana-rosso-biserno-2018\/\" \/>\n<meta property=\"og:site_name\" content=\"Fons Vinum\" \/>\n<meta property=\"article:modified_time\" content=\"2026-03-11T14:22:00+00:00\" \/>\n<meta property=\"og:image\" content=\"https:\/\/fonsvinum.com\/files\/2016\/01\/Toscana-Rosso-Biserno-Tenuta-di-Biserno.png\" \/>\n\t<meta property=\"og:image:width\" content=\"200\" \/>\n\t<meta property=\"og:image:height\" content=\"600\" \/>\n\t<meta property=\"og:image:type\" content=\"image\/png\" \/>\n<meta name=\"twitter:label1\" content=\"Gesch\u00e4tzte Lesezeit\" \/>\n\t<meta name=\"twitter:data1\" content=\"2\u00a0Minuten\" \/>\n<script type=\"application\/ld+json\" class=\"yoast-schema-graph\">{\"@context\":\"https:\\\/\\\/schema.org\",\"@graph\":[{\"@type\":\"WebPage\",\"@id\":\"https:\\\/\\\/fonsvinum.com\\\/de\\\/produkt\\\/tenuta-di-biserno-toscana-rosso-biserno-2018\\\/\",\"url\":\"https:\\\/\\\/fonsvinum.com\\\/de\\\/produkt\\\/tenuta-di-biserno-toscana-rosso-biserno-2018\\\/\",\"name\":\"buy TENUTA DI BISERNO - Biserno 2018 fonsvinum\",\"isPartOf\":{\"@id\":\"https:\\\/\\\/fonsvinum.com\\\/en\\\/#website\"},\"primaryImageOfPage\":{\"@id\":\"https:\\\/\\\/fonsvinum.com\\\/de\\\/produkt\\\/tenuta-di-biserno-toscana-rosso-biserno-2018\\\/#primaryimage\"},\"image\":{\"@id\":\"https:\\\/\\\/fonsvinum.com\\\/de\\\/produkt\\\/tenuta-di-biserno-toscana-rosso-biserno-2018\\\/#primaryimage\"},\"thumbnailUrl\":\"https:\\\/\\\/fonsvinum.com\\\/files\\\/2016\\\/01\\\/Toscana-Rosso-Biserno-Tenuta-di-Biserno.png\",\"datePublished\":\"2026-03-11T14:11:17+00:00\",\"dateModified\":\"2026-03-11T14:22:00+00:00\",\"description\":\"TENUTA DI BISERNO - Biserno 2018 TENUTA DI BISERNO - Biserno 2017 TENUTA DI BISERNO - Biserno 2017 TENUTA DI BISERNO - Biserno 2018\",\"breadcrumb\":{\"@id\":\"https:\\\/\\\/fonsvinum.com\\\/de\\\/produkt\\\/tenuta-di-biserno-toscana-rosso-biserno-2018\\\/#breadcrumb\"},\"inLanguage\":\"de\",\"potentialAction\":[{\"@type\":\"ReadAction\",\"target\":[\"https:\\\/\\\/fonsvinum.com\\\/de\\\/produkt\\\/tenuta-di-biserno-toscana-rosso-biserno-2018\\\/\"]}]},{\"@type\":\"ImageObject\",\"inLanguage\":\"de\",\"@id\":\"https:\\\/\\\/fonsvinum.com\\\/de\\\/produkt\\\/tenuta-di-biserno-toscana-rosso-biserno-2018\\\/#primaryimage\",\"url\":\"https:\\\/\\\/fonsvinum.com\\\/files\\\/2016\\\/01\\\/Toscana-Rosso-Biserno-Tenuta-di-Biserno.png\",\"contentUrl\":\"https:\\\/\\\/fonsvinum.com\\\/files\\\/2016\\\/01\\\/Toscana-Rosso-Biserno-Tenuta-di-Biserno.png\",\"width\":200,\"height\":600},{\"@type\":\"BreadcrumbList\",\"@id\":\"https:\\\/\\\/fonsvinum.com\\\/de\\\/produkt\\\/tenuta-di-biserno-toscana-rosso-biserno-2018\\\/#breadcrumb\",\"itemListElement\":[{\"@type\":\"ListItem\",\"position\":1,\"name\":\"Startseite\",\"item\":\"https:\\\/\\\/fonsvinum.com\\\/de\\\/\"},{\"@type\":\"ListItem\",\"position\":2,\"name\":\"Shop\",\"item\":\"https:\\\/\\\/fonsvinum.com\\\/de\\\/shop\\\/\"},{\"@type\":\"ListItem\",\"position\":3,\"name\":\"TENUTA DI BISERNO Toscana Rosso Biserno 2018\"}]},{\"@type\":\"WebSite\",\"@id\":\"https:\\\/\\\/fonsvinum.com\\\/en\\\/#website\",\"url\":\"https:\\\/\\\/fonsvinum.com\\\/en\\\/\",\"name\":\"Fons Vinum\",\"description\":\"Vendita Vino Online\",\"publisher\":{\"@id\":\"https:\\\/\\\/fonsvinum.com\\\/en\\\/#organization\"},\"potentialAction\":[{\"@type\":\"SearchAction\",\"target\":{\"@type\":\"EntryPoint\",\"urlTemplate\":\"https:\\\/\\\/fonsvinum.com\\\/en\\\/?s={search_term_string}\"},\"query-input\":{\"@type\":\"PropertyValueSpecification\",\"valueRequired\":true,\"valueName\":\"search_term_string\"}}],\"inLanguage\":\"de\"},{\"@type\":\"Organization\",\"@id\":\"https:\\\/\\\/fonsvinum.com\\\/en\\\/#organization\",\"name\":\"Fons Vinum\",\"url\":\"https:\\\/\\\/fonsvinum.com\\\/en\\\/\",\"logo\":{\"@type\":\"ImageObject\",\"inLanguage\":\"de\",\"@id\":\"https:\\\/\\\/fonsvinum.com\\\/en\\\/#\\\/schema\\\/logo\\\/image\\\/\",\"url\":\"\",\"contentUrl\":\"\",\"caption\":\"Fons Vinum\"},\"image\":{\"@id\":\"https:\\\/\\\/fonsvinum.com\\\/en\\\/#\\\/schema\\\/logo\\\/image\\\/\"}}]}<\/script>\n<!-- \/ Yoast SEO plugin. -->","yoast_head_json":{"title":"buy TENUTA DI BISERNO - Biserno 2018 fonsvinum","description":"TENUTA DI BISERNO - Biserno 2018 TENUTA DI BISERNO - Biserno 2017 TENUTA DI BISERNO - Biserno 2017 TENUTA DI BISERNO - Biserno 2018","robots":{"index":"index","follow":"follow","max-snippet":"max-snippet:-1","max-image-preview":"max-image-preview:large","max-video-preview":"max-video-preview:-1"},"canonical":"https:\/\/fonsvinum.com\/de\/produkt\/tenuta-di-biserno-toscana-rosso-biserno-2018\/","og_locale":"de_DE","og_type":"article","og_title":"buy TENUTA DI BISERNO - Biserno 2018 fonsvinum","og_description":"TENUTA DI BISERNO - Biserno 2018 TENUTA DI BISERNO - Biserno 2017 TENUTA DI BISERNO - Biserno 2017 TENUTA DI BISERNO - Biserno 2018","og_url":"https:\/\/fonsvinum.com\/de\/produkt\/tenuta-di-biserno-toscana-rosso-biserno-2018\/","og_site_name":"Fons Vinum","article_modified_time":"2026-03-11T14:22:00+00:00","og_image":[{"width":200,"height":600,"url":"https:\/\/fonsvinum.com\/files\/2016\/01\/Toscana-Rosso-Biserno-Tenuta-di-Biserno.png","type":"image\/png"}],"twitter_misc":{"Gesch\u00e4tzte Lesezeit":"2\u00a0Minuten"},"schema":{"@context":"https:\/\/schema.org","@graph":[{"@type":"WebPage","@id":"https:\/\/fonsvinum.com\/de\/produkt\/tenuta-di-biserno-toscana-rosso-biserno-2018\/","url":"https:\/\/fonsvinum.com\/de\/produkt\/tenuta-di-biserno-toscana-rosso-biserno-2018\/","name":"buy TENUTA DI BISERNO - Biserno 2018 fonsvinum","isPartOf":{"@id":"https:\/\/fonsvinum.com\/en\/#website"},"primaryImageOfPage":{"@id":"https:\/\/fonsvinum.com\/de\/produkt\/tenuta-di-biserno-toscana-rosso-biserno-2018\/#primaryimage"},"image":{"@id":"https:\/\/fonsvinum.com\/de\/produkt\/tenuta-di-biserno-toscana-rosso-biserno-2018\/#primaryimage"},"thumbnailUrl":"https:\/\/fonsvinum.com\/files\/2016\/01\/Toscana-Rosso-Biserno-Tenuta-di-Biserno.png","datePublished":"2026-03-11T14:11:17+00:00","dateModified":"2026-03-11T14:22:00+00:00","description":"TENUTA DI BISERNO - Biserno 2018 TENUTA DI BISERNO - Biserno 2017 TENUTA DI BISERNO - Biserno 2017 TENUTA DI BISERNO - Biserno 2018","breadcrumb":{"@id":"https:\/\/fonsvinum.com\/de\/produkt\/tenuta-di-biserno-toscana-rosso-biserno-2018\/#breadcrumb"},"inLanguage":"de","potentialAction":[{"@type":"ReadAction","target":["https:\/\/fonsvinum.com\/de\/produkt\/tenuta-di-biserno-toscana-rosso-biserno-2018\/"]}]},{"@type":"ImageObject","inLanguage":"de","@id":"https:\/\/fonsvinum.com\/de\/produkt\/tenuta-di-biserno-toscana-rosso-biserno-2018\/#primaryimage","url":"https:\/\/fonsvinum.com\/files\/2016\/01\/Toscana-Rosso-Biserno-Tenuta-di-Biserno.png","contentUrl":"https:\/\/fonsvinum.com\/files\/2016\/01\/Toscana-Rosso-Biserno-Tenuta-di-Biserno.png","width":200,"height":600},{"@type":"BreadcrumbList","@id":"https:\/\/fonsvinum.com\/de\/produkt\/tenuta-di-biserno-toscana-rosso-biserno-2018\/#breadcrumb","itemListElement":[{"@type":"ListItem","position":1,"name":"Startseite","item":"https:\/\/fonsvinum.com\/de\/"},{"@type":"ListItem","position":2,"name":"Shop","item":"https:\/\/fonsvinum.com\/de\/shop\/"},{"@type":"ListItem","position":3,"name":"TENUTA DI BISERNO Toscana Rosso Biserno 2018"}]},{"@type":"WebSite","@id":"https:\/\/fonsvinum.com\/en\/#website","url":"https:\/\/fonsvinum.com\/en\/","name":"Fons Vinum","description":"Vendita Vino Online","publisher":{"@id":"https:\/\/fonsvinum.com\/en\/#organization"},"potentialAction":[{"@type":"SearchAction","target":{"@type":"EntryPoint","urlTemplate":"https:\/\/fonsvinum.com\/en\/?s={search_term_string}"},"query-input":{"@type":"PropertyValueSpecification","valueRequired":true,"valueName":"search_term_string"}}],"inLanguage":"de"},{"@type":"Organization","@id":"https:\/\/fonsvinum.com\/en\/#organization","name":"Fons Vinum","url":"https:\/\/fonsvinum.com\/en\/","logo":{"@type":"ImageObject","inLanguage":"de","@id":"https:\/\/fonsvinum.com\/en\/#\/schema\/logo\/image\/","url":"","contentUrl":"","caption":"Fons Vinum"},"image":{"@id":"https:\/\/fonsvinum.com\/en\/#\/schema\/logo\/image\/"}}]}},"acf":[],"_links":{"self":[{"href":"https:\/\/fonsvinum.com\/de\/wp-json\/wp\/v2\/product\/48892","targetHints":{"allow":["GET"]}}],"collection":[{"href":"https:\/\/fonsvinum.com\/de\/wp-json\/wp\/v2\/product"}],"about":[{"href":"https:\/\/fonsvinum.com\/de\/wp-json\/wp\/v2\/types\/product"}],"replies":[{"embeddable":true,"href":"https:\/\/fonsvinum.com\/de\/wp-json\/wp\/v2\/comments?post=48892"}],"wp:featuredmedia":[{"embeddable":true,"href":"https:\/\/fonsvinum.com\/de\/wp-json\/wp\/v2\/media\/7095"}],"wp:attachment":[{"href":"https:\/\/fonsvinum.com\/de\/wp-json\/wp\/v2\/media?parent=48892"}],"wp:term":[{"taxonomy":"product_brand","embeddable":true,"href":"https:\/\/fonsvinum.com\/de\/wp-json\/wp\/v2\/product_brand?post=48892"},{"taxonomy":"product_cat","embeddable":true,"href":"https:\/\/fonsvinum.com\/de\/wp-json\/wp\/v2\/product_cat?post=48892"},{"taxonomy":"product_tag","embeddable":true,"href":"https:\/\/fonsvinum.com\/de\/wp-json\/wp\/v2\/product_tag?post=48892"}],"curies":[{"name":"wp","href":"https:\/\/api.w.org\/{rel}","templated":true}]}}