{"id":48862,"date":"2026-03-10T08:11:19","date_gmt":"2026-03-10T07:11:19","guid":{"rendered":"https:\/\/fonsvinum.com\/?post_type=product&#038;p=48862"},"modified":"2026-03-10T08:13:51","modified_gmt":"2026-03-10T07:13:51","slug":"arnaldo-caprai-montefalco-rosso-riserva-2006","status":"publish","type":"product","link":"https:\/\/fonsvinum.com\/de\/produkt\/arnaldo-caprai-montefalco-rosso-riserva-2006\/","title":{"rendered":"Arnaldo Caprai Montefalco Rosso Riserva 2006"},"content":{"rendered":"<h1>Arnaldo <a href=\"https:\/\/fonsvinum.com\/de\/?s=CAPRAI&amp;post_type=product\">Caprai<\/a> <a href=\"https:\/\/it.wikipedia.org\/wiki\/Montefalco_rosso\">Montefalco<\/a> Rosso Riserva 2006<\/h1>\n<p>Der Arnaldo Caprai Montefalco Rosso steht mir seinem Namen f\u00fcr die starke Verbindung zwischen dem Weinanbaugebiet Montefalco und seinem Wein, einem Cuv\u00e9e aus Sangiovese, Merlot und Sagrantino.<\/p>\n<p>Dieser stark gl\u00e4nzende, rubinrote Arnaldo Caprai Montefalco Rosso hat einen intensiven Duft mit Noten von reifen Fr\u00fcchten und Gew\u00fcrzen.<\/p>\n<p>Im Geschmack ist der Arnaldo Caprai Montefalco Rosso voll, stark k\u00f6rperreich, trocken und lang anhaltend mit herrlichen R\u00f6stnoten einer s\u00fc\u00dflich anmutenden und kr\u00e4ftigen Fruchtstruktur und faszinierenden Gesamteindruck &#8211; lecker!<\/p>\n<p>&nbsp;<\/p>\n","protected":false},"excerpt":{"rendered":"<p>Arnaldo Caprai Montefalco Rosso Riserva 2006 Der Arnaldo Caprai Montefalco Rosso steht mir seinem Namen f\u00fcr die starke Verbindung zwischen dem Weinanbaugebiet Montefalco und seinem Wein, einem Cuv\u00e9e aus Sangiovese, Merlot und Sagrantino. Dieser stark gl\u00e4nzende, rubinrote Arnaldo Caprai Montefalco Rosso hat einen intensiven Duft mit Noten von reifen Fr\u00fcchten und Gew\u00fcrzen. Im Geschmack ist [&hellip;]<\/p>\n","protected":false},"featured_media":12830,"comment_status":"open","ping_status":"closed","template":"","meta":{"_acf_changed":false,"_monsterinsights_skip_tracking":false,"_monsterinsights_sitenote_active":false,"_monsterinsights_sitenote_note":"","_monsterinsights_sitenote_category":0},"product_brand":[],"product_cat":[1693],"product_tag":[18434,17744],"class_list":{"0":"post-48862","1":"product","2":"type-product","3":"status-publish","4":"has-post-thumbnail","6":"product_cat-blend-2-de","7":"product_tag-sagrantino","8":"product_tag-vino-umbro-de","9":"pa_appellation-montefalco-rosso-riserva-doc-de","10":"pa_formato-0-75-l-flasche-de","11":"pa_producer-arnaldo-caprai-de","12":"pa_region-umbrien-de","13":"pa_vine-70-sangiovese-15-sagrantino-15-merlot-de","14":"pa_vintage-2006-de","16":"first","17":"instock","18":"taxable","19":"shipping-taxable","20":"purchasable","21":"product-type-simple"},"bundled_by":[],"bundle_stock_status":"instock","bundle_stock_quantity":24,"bundle_virtual":false,"bundle_layout":"","bundle_add_to_cart_form_location":"","bundle_editable_in_cart":false,"bundle_sold_individually_context":"","bundle_item_grouping":"","bundle_min_size":"","bundle_max_size":"","bundle_price":[],"bundled_items":[],"bundle_sell_ids":[],"yoast_head":"<!-- This site is optimized with the Yoast SEO plugin v27.2 - https:\/\/yoast.com\/product\/yoast-seo-wordpress\/ -->\n<title>Buy Arnaldo Caprai Montefalco Rosso Riserva 2006 wine online at 69 \u20ac | FonsVinum<\/title>\n<meta name=\"description\" content=\"Arnaldo Caprai Montefalco Rosso Riserva 2006\" \/>\n<meta name=\"robots\" content=\"index, follow, max-snippet:-1, max-image-preview:large, max-video-preview:-1\" \/>\n<link rel=\"canonical\" href=\"https:\/\/fonsvinum.com\/de\/produkt\/arnaldo-caprai-montefalco-rosso-riserva-2006\/\" \/>\n<meta property=\"og:locale\" content=\"de_DE\" \/>\n<meta property=\"og:type\" content=\"article\" \/>\n<meta property=\"og:title\" content=\"Buy Arnaldo Caprai Montefalco Rosso Riserva 2006 wine online at 69 \u20ac | FonsVinum\" \/>\n<meta property=\"og:description\" content=\"Arnaldo Caprai Montefalco Rosso Riserva 2006\" \/>\n<meta property=\"og:url\" content=\"https:\/\/fonsvinum.com\/de\/produkt\/arnaldo-caprai-montefalco-rosso-riserva-2006\/\" \/>\n<meta property=\"og:site_name\" content=\"Fons Vinum\" \/>\n<meta property=\"article:modified_time\" content=\"2026-03-10T07:13:51+00:00\" \/>\n<meta property=\"og:image\" content=\"https:\/\/fonsvinum.com\/files\/2015\/10\/Montefalco-Rosso-Riserva-Arnaldo-Caprai.png\" \/>\n\t<meta property=\"og:image:width\" content=\"200\" \/>\n\t<meta property=\"og:image:height\" content=\"600\" \/>\n\t<meta property=\"og:image:type\" content=\"image\/png\" \/>\n<meta name=\"twitter:label1\" content=\"Gesch\u00e4tzte Lesezeit\" \/>\n\t<meta name=\"twitter:data1\" content=\"1\u00a0Minute\" \/>\n<script type=\"application\/ld+json\" class=\"yoast-schema-graph\">{\"@context\":\"https:\/\/schema.org\",\"@graph\":[{\"@type\":\"WebPage\",\"@id\":\"https:\/\/fonsvinum.com\/de\/produkt\/arnaldo-caprai-montefalco-rosso-riserva-2006\/\",\"url\":\"https:\/\/fonsvinum.com\/de\/produkt\/arnaldo-caprai-montefalco-rosso-riserva-2006\/\",\"name\":\"Buy Arnaldo Caprai Montefalco Rosso Riserva 2006 wine online at 69 \u20ac | FonsVinum\",\"isPartOf\":{\"@id\":\"https:\/\/fonsvinum.com\/en\/#website\"},\"primaryImageOfPage\":{\"@id\":\"https:\/\/fonsvinum.com\/de\/produkt\/arnaldo-caprai-montefalco-rosso-riserva-2006\/#primaryimage\"},\"image\":{\"@id\":\"https:\/\/fonsvinum.com\/de\/produkt\/arnaldo-caprai-montefalco-rosso-riserva-2006\/#primaryimage\"},\"thumbnailUrl\":\"https:\/\/fonsvinum.com\/files\/2015\/10\/Montefalco-Rosso-Riserva-Arnaldo-Caprai.png\",\"datePublished\":\"2026-03-10T07:11:19+00:00\",\"dateModified\":\"2026-03-10T07:13:51+00:00\",\"description\":\"Arnaldo Caprai Montefalco Rosso Riserva 2006\",\"breadcrumb\":{\"@id\":\"https:\/\/fonsvinum.com\/de\/produkt\/arnaldo-caprai-montefalco-rosso-riserva-2006\/#breadcrumb\"},\"inLanguage\":\"de\",\"potentialAction\":[{\"@type\":\"ReadAction\",\"target\":[\"https:\/\/fonsvinum.com\/de\/produkt\/arnaldo-caprai-montefalco-rosso-riserva-2006\/\"]}]},{\"@type\":\"ImageObject\",\"inLanguage\":\"de\",\"@id\":\"https:\/\/fonsvinum.com\/de\/produkt\/arnaldo-caprai-montefalco-rosso-riserva-2006\/#primaryimage\",\"url\":\"https:\/\/fonsvinum.com\/files\/2015\/10\/Montefalco-Rosso-Riserva-Arnaldo-Caprai.png\",\"contentUrl\":\"https:\/\/fonsvinum.com\/files\/2015\/10\/Montefalco-Rosso-Riserva-Arnaldo-Caprai.png\",\"width\":200,\"height\":600,\"caption\":\"Montefalco Rosso Riserva Arnaldo Caprai\"},{\"@type\":\"BreadcrumbList\",\"@id\":\"https:\/\/fonsvinum.com\/de\/produkt\/arnaldo-caprai-montefalco-rosso-riserva-2006\/#breadcrumb\",\"itemListElement\":[{\"@type\":\"ListItem\",\"position\":1,\"name\":\"Startseite\",\"item\":\"https:\/\/fonsvinum.com\/de\/\"},{\"@type\":\"ListItem\",\"position\":2,\"name\":\"Shop\",\"item\":\"https:\/\/fonsvinum.com\/de\/shop\/\"},{\"@type\":\"ListItem\",\"position\":3,\"name\":\"Arnaldo Caprai Montefalco Rosso Riserva 2006\"}]},{\"@type\":\"WebSite\",\"@id\":\"https:\/\/fonsvinum.com\/en\/#website\",\"url\":\"https:\/\/fonsvinum.com\/en\/\",\"name\":\"Fons Vinum\",\"description\":\"Vendita Vino Online\",\"publisher\":{\"@id\":\"https:\/\/fonsvinum.com\/en\/#organization\"},\"potentialAction\":[{\"@type\":\"SearchAction\",\"target\":{\"@type\":\"EntryPoint\",\"urlTemplate\":\"https:\/\/fonsvinum.com\/en\/?s={search_term_string}\"},\"query-input\":{\"@type\":\"PropertyValueSpecification\",\"valueRequired\":true,\"valueName\":\"search_term_string\"}}],\"inLanguage\":\"de\"},{\"@type\":\"Organization\",\"@id\":\"https:\/\/fonsvinum.com\/en\/#organization\",\"name\":\"Fons Vinum\",\"url\":\"https:\/\/fonsvinum.com\/en\/\",\"logo\":{\"@type\":\"ImageObject\",\"inLanguage\":\"de\",\"@id\":\"https:\/\/fonsvinum.com\/en\/#\/schema\/logo\/image\/\",\"url\":\"\",\"contentUrl\":\"\",\"caption\":\"Fons Vinum\"},\"image\":{\"@id\":\"https:\/\/fonsvinum.com\/en\/#\/schema\/logo\/image\/\"}}]}<\/script>\n<!-- \/ Yoast SEO plugin. -->","yoast_head_json":{"title":"Buy Arnaldo Caprai Montefalco Rosso Riserva 2006 wine online at 69 \u20ac | FonsVinum","description":"Arnaldo Caprai Montefalco Rosso Riserva 2006","robots":{"index":"index","follow":"follow","max-snippet":"max-snippet:-1","max-image-preview":"max-image-preview:large","max-video-preview":"max-video-preview:-1"},"canonical":"https:\/\/fonsvinum.com\/de\/produkt\/arnaldo-caprai-montefalco-rosso-riserva-2006\/","og_locale":"de_DE","og_type":"article","og_title":"Buy Arnaldo Caprai Montefalco Rosso Riserva 2006 wine online at 69 \u20ac | FonsVinum","og_description":"Arnaldo Caprai Montefalco Rosso Riserva 2006","og_url":"https:\/\/fonsvinum.com\/de\/produkt\/arnaldo-caprai-montefalco-rosso-riserva-2006\/","og_site_name":"Fons Vinum","article_modified_time":"2026-03-10T07:13:51+00:00","og_image":[{"width":200,"height":600,"url":"https:\/\/fonsvinum.com\/files\/2015\/10\/Montefalco-Rosso-Riserva-Arnaldo-Caprai.png","type":"image\/png"}],"twitter_misc":{"Gesch\u00e4tzte Lesezeit":"1\u00a0Minute"},"schema":{"@context":"https:\/\/schema.org","@graph":[{"@type":"WebPage","@id":"https:\/\/fonsvinum.com\/de\/produkt\/arnaldo-caprai-montefalco-rosso-riserva-2006\/","url":"https:\/\/fonsvinum.com\/de\/produkt\/arnaldo-caprai-montefalco-rosso-riserva-2006\/","name":"Buy Arnaldo Caprai Montefalco Rosso Riserva 2006 wine online at 69 \u20ac | FonsVinum","isPartOf":{"@id":"https:\/\/fonsvinum.com\/en\/#website"},"primaryImageOfPage":{"@id":"https:\/\/fonsvinum.com\/de\/produkt\/arnaldo-caprai-montefalco-rosso-riserva-2006\/#primaryimage"},"image":{"@id":"https:\/\/fonsvinum.com\/de\/produkt\/arnaldo-caprai-montefalco-rosso-riserva-2006\/#primaryimage"},"thumbnailUrl":"https:\/\/fonsvinum.com\/files\/2015\/10\/Montefalco-Rosso-Riserva-Arnaldo-Caprai.png","datePublished":"2026-03-10T07:11:19+00:00","dateModified":"2026-03-10T07:13:51+00:00","description":"Arnaldo Caprai Montefalco Rosso Riserva 2006","breadcrumb":{"@id":"https:\/\/fonsvinum.com\/de\/produkt\/arnaldo-caprai-montefalco-rosso-riserva-2006\/#breadcrumb"},"inLanguage":"de","potentialAction":[{"@type":"ReadAction","target":["https:\/\/fonsvinum.com\/de\/produkt\/arnaldo-caprai-montefalco-rosso-riserva-2006\/"]}]},{"@type":"ImageObject","inLanguage":"de","@id":"https:\/\/fonsvinum.com\/de\/produkt\/arnaldo-caprai-montefalco-rosso-riserva-2006\/#primaryimage","url":"https:\/\/fonsvinum.com\/files\/2015\/10\/Montefalco-Rosso-Riserva-Arnaldo-Caprai.png","contentUrl":"https:\/\/fonsvinum.com\/files\/2015\/10\/Montefalco-Rosso-Riserva-Arnaldo-Caprai.png","width":200,"height":600,"caption":"Montefalco Rosso Riserva Arnaldo Caprai"},{"@type":"BreadcrumbList","@id":"https:\/\/fonsvinum.com\/de\/produkt\/arnaldo-caprai-montefalco-rosso-riserva-2006\/#breadcrumb","itemListElement":[{"@type":"ListItem","position":1,"name":"Startseite","item":"https:\/\/fonsvinum.com\/de\/"},{"@type":"ListItem","position":2,"name":"Shop","item":"https:\/\/fonsvinum.com\/de\/shop\/"},{"@type":"ListItem","position":3,"name":"Arnaldo Caprai Montefalco Rosso Riserva 2006"}]},{"@type":"WebSite","@id":"https:\/\/fonsvinum.com\/en\/#website","url":"https:\/\/fonsvinum.com\/en\/","name":"Fons Vinum","description":"Vendita Vino Online","publisher":{"@id":"https:\/\/fonsvinum.com\/en\/#organization"},"potentialAction":[{"@type":"SearchAction","target":{"@type":"EntryPoint","urlTemplate":"https:\/\/fonsvinum.com\/en\/?s={search_term_string}"},"query-input":{"@type":"PropertyValueSpecification","valueRequired":true,"valueName":"search_term_string"}}],"inLanguage":"de"},{"@type":"Organization","@id":"https:\/\/fonsvinum.com\/en\/#organization","name":"Fons Vinum","url":"https:\/\/fonsvinum.com\/en\/","logo":{"@type":"ImageObject","inLanguage":"de","@id":"https:\/\/fonsvinum.com\/en\/#\/schema\/logo\/image\/","url":"","contentUrl":"","caption":"Fons Vinum"},"image":{"@id":"https:\/\/fonsvinum.com\/en\/#\/schema\/logo\/image\/"}}]}},"acf":[],"_links":{"self":[{"href":"https:\/\/fonsvinum.com\/de\/wp-json\/wp\/v2\/product\/48862","targetHints":{"allow":["GET"]}}],"collection":[{"href":"https:\/\/fonsvinum.com\/de\/wp-json\/wp\/v2\/product"}],"about":[{"href":"https:\/\/fonsvinum.com\/de\/wp-json\/wp\/v2\/types\/product"}],"replies":[{"embeddable":true,"href":"https:\/\/fonsvinum.com\/de\/wp-json\/wp\/v2\/comments?post=48862"}],"wp:featuredmedia":[{"embeddable":true,"href":"https:\/\/fonsvinum.com\/de\/wp-json\/wp\/v2\/media\/12830"}],"wp:attachment":[{"href":"https:\/\/fonsvinum.com\/de\/wp-json\/wp\/v2\/media?parent=48862"}],"wp:term":[{"taxonomy":"product_brand","embeddable":true,"href":"https:\/\/fonsvinum.com\/de\/wp-json\/wp\/v2\/product_brand?post=48862"},{"taxonomy":"product_cat","embeddable":true,"href":"https:\/\/fonsvinum.com\/de\/wp-json\/wp\/v2\/product_cat?post=48862"},{"taxonomy":"product_tag","embeddable":true,"href":"https:\/\/fonsvinum.com\/de\/wp-json\/wp\/v2\/product_tag?post=48862"}],"curies":[{"name":"wp","href":"https:\/\/api.w.org\/{rel}","templated":true}]}}