{"id":48850,"date":"2026-03-10T07:04:06","date_gmt":"2026-03-10T06:04:06","guid":{"rendered":"https:\/\/fonsvinum.com\/?post_type=product&#038;p=48850"},"modified":"2026-04-14T15:39:38","modified_gmt":"2026-04-14T13:39:38","slug":"arnaldo-caprai-montefalco-rosso-riserva-2019","status":"publish","type":"product","link":"https:\/\/fonsvinum.com\/de\/produkt\/arnaldo-caprai-montefalco-rosso-riserva-2019\/","title":{"rendered":"Arnaldo Caprai Montefalco Rosso Riserva 2019"},"content":{"rendered":"<h1>Arnaldo <a href=\"https:\/\/fonsvinum.com\/?s=CAPRAI&amp;post_type=product\">Caprai<\/a> Montefalco Rosso Riserva 2019<\/h1>\n<p>Montefalco  <a href=\"https:\/\/fonsvinum.com\/de\/produkt-kategorie\/rotweine-de\/\" target=\"_blank\" rel=\"noopener noreferrer\">Rosso<\/a> Riserva Arnaldo Caprai<\/p>\n<h2><a href=\"http:\/\/www.arnaldocaprai.it\/\">Das Weingut &#8211; Arnaldo Caprai<\/a><\/h2>\n<div class=\"desk__w\">\n<div class=\"sectionHeader\">\n<p class=\"sectionHeader__subtitle\">Kaum ein anderes Weingut in Italien identifiziert sich so tief mit dem Sagrantino di Montefalco wie Arnaldo Caprai. Eine einzigartige Realit\u00e4t, Synonym f\u00fcr italienische Exzellenz, die au\u00dfergew\u00f6hnliche Weine von Tiefe, Eleganz und Langlebigkeit schafft. <\/p>\n<p class=\"sectionHeader__subtitle\">Dieses Abenteuer begann in den achtziger Jahren mit Marco Caprai, dem Sohn von Arnaldo. Er war es, der an den Reichtum des Sagrantino glaubte. So entschied er sich, ihn modern zu interpretieren, durch die innovativsten Produktions- und Betriebsf\u00fchrungsmethoden.  <\/p>\n<p class=\"sectionHeader__subtitle\">Unter den herausragenden Erzeugnissen dieses Weinguts ist der <strong>Sagrantino di Montefalco DOCG \u201e25 Anni\u201c<\/strong> zweifellos der repr\u00e4sentativste Wein, von der Fachwelt gefeiert. Er hat das Potenzial dieser edlen Rebsorte eindrucksvoll bewiesen: komplex, kraftvoll und \u00fcber zwanzig Jahre lagerf\u00e4hig. <\/p>\n<p class=\"sectionHeader__subtitle\">Ein gro\u00dfes Weingut, Arnaldo Caprai, das eine gr\u00fcne Seele bewahrt. Die Themen Nachhaltigkeit, Schutz und Bewahrung der Umwelt werden als grundlegend betrachtet. Der Beobachtungspunkt bleibt stets derselbe: sich im Einklang mit den nat\u00fcrlichen Entwicklungszyklen zu verhalten, das Gebiet, in dem man t\u00e4tig ist, zu bewahren und aufzuwerten. Daher hat das Weingut beschlossen, ein Umweltmanagementsystem gem\u00e4\u00df internationalen Normen zu schaffen und ein freiwilliges territoriales Protokoll f\u00fcr \u00f6kologische, wirtschaftliche und soziale Nachhaltigkeit des Produktionsprozesses zu entwickeln.   <\/p>\n<p class=\"sectionHeader__subtitle\">In diesem unvergleichlichen Kontext entstehen Weine von unvergesslicher Klasse, komplex und elegant, die das Beste einer ganzen Region, Umbrien, erz\u00e4hlen.<\/p>\n<h2>Eigenschaften Montefalco Rosso Riserva Arnaldo Caprai<\/h2>\n<\/div>\n<\/div>\n<ul>\n<li><strong>Ausbau<\/strong>: 20 Monate in franz\u00f6sischen Eichenbarriques und mindestens 6 Monate in der Flasche;<\/li>\n<li><strong>Aroma<\/strong>: in seiner F\u00fclle finden wir Schattenmorelle, Schokolade, Veilchen, Vanille und Gew\u00fcrze;<\/li>\n<li><strong>Geschmack<\/strong>: voll und weich, perfekt ausbalanciert durch ein lebendiges und samtiges Tannin;<\/li>\n<li><strong>Kombinationen<\/strong>: dieser strukturierte und volle Wein wird hervorgehoben, wenn er zu rotem Fleisch und Braten kombiniert wird. Ausgezeichnet auch zu gereiften Wurstwaren. Bei 18\u201320 \u00b0C servieren;  <\/li>\n<li><strong>Reifepotenzial<\/strong>: 10\u201315 Jahre.<\/li>\n<\/ul>\n","protected":false},"excerpt":{"rendered":"<p>Arnaldo Caprai Montefalco Rosso Riserva 2019 Montefalco Rosso Riserva Arnaldo Caprai Das Weingut &#8211; Arnaldo Caprai Kaum ein anderes Weingut in Italien identifiziert sich so tief mit dem Sagrantino di Montefalco wie Arnaldo Caprai. Eine einzigartige Realit\u00e4t, Synonym f\u00fcr italienische Exzellenz, die au\u00dfergew\u00f6hnliche Weine von Tiefe, Eleganz und Langlebigkeit schafft. Dieses Abenteuer begann in den [&hellip;]<\/p>\n","protected":false},"featured_media":12830,"comment_status":"open","ping_status":"closed","template":"","meta":{"_acf_changed":false,"_monsterinsights_skip_tracking":false,"_monsterinsights_sitenote_active":false,"_monsterinsights_sitenote_note":"","_monsterinsights_sitenote_category":0},"product_brand":[],"product_cat":[1693],"product_tag":[18434,17744],"class_list":{"0":"post-48850","1":"product","2":"type-product","3":"status-publish","4":"has-post-thumbnail","6":"product_cat-blend-2-de","7":"product_tag-sagrantino","8":"product_tag-vino-umbro-de","9":"pa_appellation-montefalco-rosso-riserva-doc-de","10":"pa_formato-0-75-l-flasche-de","11":"pa_producer-arnaldo-caprai-de","12":"pa_region-umbrien-de","13":"pa_vine-70-sangiovese-15-sagrantino-15-merlot-de","14":"pa_vintage-2019-de","16":"first","17":"instock","18":"taxable","19":"shipping-taxable","20":"purchasable","21":"product-type-simple"},"bundled_by":[],"bundle_stock_status":"instock","bundle_stock_quantity":6,"bundle_virtual":false,"bundle_layout":"","bundle_add_to_cart_form_location":"","bundle_editable_in_cart":false,"bundle_sold_individually_context":"","bundle_item_grouping":"","bundle_min_size":"","bundle_max_size":"","bundle_price":[],"bundled_items":[],"bundle_sell_ids":[],"yoast_head":"<!-- This site is optimized with the Yoast SEO plugin v27.2 - https:\/\/yoast.com\/product\/yoast-seo-wordpress\/ -->\n<title>Montefalco Rosso Arnaldo Caprai 2019 FonsVinum kaufen<\/title>\n<meta name=\"description\" content=\"Montefalco Rosso Riserva Arnaldo Caprai 2019 online kaufen: voller und weicher Geschmack, perfekt ausbalanciert durch ein lebendiges und samtiges Tannin.\" \/>\n<meta name=\"robots\" content=\"index, follow, max-snippet:-1, max-image-preview:large, max-video-preview:-1\" \/>\n<link rel=\"canonical\" href=\"https:\/\/fonsvinum.com\/de\/produkt\/arnaldo-caprai-montefalco-rosso-riserva-2019\/\" \/>\n<meta property=\"og:locale\" content=\"de_DE\" \/>\n<meta property=\"og:type\" content=\"article\" \/>\n<meta property=\"og:title\" content=\"Montefalco Rosso Arnaldo Caprai 2019 FonsVinum kaufen\" \/>\n<meta property=\"og:description\" content=\"Montefalco Rosso Riserva Arnaldo Caprai 2019 online kaufen: voller und weicher Geschmack, perfekt ausbalanciert durch ein lebendiges und samtiges Tannin.\" \/>\n<meta property=\"og:url\" content=\"https:\/\/fonsvinum.com\/de\/produkt\/arnaldo-caprai-montefalco-rosso-riserva-2019\/\" \/>\n<meta property=\"og:site_name\" content=\"Fons Vinum\" \/>\n<meta property=\"article:modified_time\" content=\"2026-04-14T13:39:38+00:00\" \/>\n<meta property=\"og:image\" content=\"https:\/\/fonsvinum.com\/files\/2015\/10\/Montefalco-Rosso-Riserva-Arnaldo-Caprai.png\" \/>\n\t<meta property=\"og:image:width\" content=\"200\" \/>\n\t<meta property=\"og:image:height\" content=\"600\" \/>\n\t<meta property=\"og:image:type\" content=\"image\/png\" \/>\n<meta name=\"twitter:label1\" content=\"Gesch\u00e4tzte Lesezeit\" \/>\n\t<meta name=\"twitter:data1\" content=\"1\u00a0Minute\" \/>\n<script type=\"application\/ld+json\" class=\"yoast-schema-graph\">{\"@context\":\"https:\/\/schema.org\",\"@graph\":[{\"@type\":\"WebPage\",\"@id\":\"https:\/\/fonsvinum.com\/de\/produkt\/arnaldo-caprai-montefalco-rosso-riserva-2019\/\",\"url\":\"https:\/\/fonsvinum.com\/de\/produkt\/arnaldo-caprai-montefalco-rosso-riserva-2019\/\",\"name\":\"Montefalco Rosso Arnaldo Caprai 2019 FonsVinum kaufen\",\"isPartOf\":{\"@id\":\"https:\/\/fonsvinum.com\/en\/#website\"},\"primaryImageOfPage\":{\"@id\":\"https:\/\/fonsvinum.com\/de\/produkt\/arnaldo-caprai-montefalco-rosso-riserva-2019\/#primaryimage\"},\"image\":{\"@id\":\"https:\/\/fonsvinum.com\/de\/produkt\/arnaldo-caprai-montefalco-rosso-riserva-2019\/#primaryimage\"},\"thumbnailUrl\":\"https:\/\/fonsvinum.com\/files\/2015\/10\/Montefalco-Rosso-Riserva-Arnaldo-Caprai.png\",\"datePublished\":\"2026-03-10T06:04:06+00:00\",\"dateModified\":\"2026-04-14T13:39:38+00:00\",\"description\":\"Montefalco Rosso Riserva Arnaldo Caprai 2019 online kaufen: voller und weicher Geschmack, perfekt ausbalanciert durch ein lebendiges und samtiges Tannin.\",\"breadcrumb\":{\"@id\":\"https:\/\/fonsvinum.com\/de\/produkt\/arnaldo-caprai-montefalco-rosso-riserva-2019\/#breadcrumb\"},\"inLanguage\":\"de\",\"potentialAction\":[{\"@type\":\"ReadAction\",\"target\":[\"https:\/\/fonsvinum.com\/de\/produkt\/arnaldo-caprai-montefalco-rosso-riserva-2019\/\"]}]},{\"@type\":\"ImageObject\",\"inLanguage\":\"de\",\"@id\":\"https:\/\/fonsvinum.com\/de\/produkt\/arnaldo-caprai-montefalco-rosso-riserva-2019\/#primaryimage\",\"url\":\"https:\/\/fonsvinum.com\/files\/2015\/10\/Montefalco-Rosso-Riserva-Arnaldo-Caprai.png\",\"contentUrl\":\"https:\/\/fonsvinum.com\/files\/2015\/10\/Montefalco-Rosso-Riserva-Arnaldo-Caprai.png\",\"width\":200,\"height\":600,\"caption\":\"Montefalco Rosso Riserva Arnaldo Caprai\"},{\"@type\":\"BreadcrumbList\",\"@id\":\"https:\/\/fonsvinum.com\/de\/produkt\/arnaldo-caprai-montefalco-rosso-riserva-2019\/#breadcrumb\",\"itemListElement\":[{\"@type\":\"ListItem\",\"position\":1,\"name\":\"Startseite\",\"item\":\"https:\/\/fonsvinum.com\/de\/\"},{\"@type\":\"ListItem\",\"position\":2,\"name\":\"Shop\",\"item\":\"https:\/\/fonsvinum.com\/de\/shop\/\"},{\"@type\":\"ListItem\",\"position\":3,\"name\":\"Arnaldo Caprai Montefalco Rosso Riserva 2019\"}]},{\"@type\":\"WebSite\",\"@id\":\"https:\/\/fonsvinum.com\/en\/#website\",\"url\":\"https:\/\/fonsvinum.com\/en\/\",\"name\":\"Fons Vinum\",\"description\":\"Vendita Vino Online\",\"publisher\":{\"@id\":\"https:\/\/fonsvinum.com\/en\/#organization\"},\"potentialAction\":[{\"@type\":\"SearchAction\",\"target\":{\"@type\":\"EntryPoint\",\"urlTemplate\":\"https:\/\/fonsvinum.com\/en\/?s={search_term_string}\"},\"query-input\":{\"@type\":\"PropertyValueSpecification\",\"valueRequired\":true,\"valueName\":\"search_term_string\"}}],\"inLanguage\":\"de\"},{\"@type\":\"Organization\",\"@id\":\"https:\/\/fonsvinum.com\/en\/#organization\",\"name\":\"Fons Vinum\",\"url\":\"https:\/\/fonsvinum.com\/en\/\",\"logo\":{\"@type\":\"ImageObject\",\"inLanguage\":\"de\",\"@id\":\"https:\/\/fonsvinum.com\/en\/#\/schema\/logo\/image\/\",\"url\":\"\",\"contentUrl\":\"\",\"caption\":\"Fons Vinum\"},\"image\":{\"@id\":\"https:\/\/fonsvinum.com\/en\/#\/schema\/logo\/image\/\"}}]}<\/script>\n<!-- \/ Yoast SEO plugin. -->","yoast_head_json":{"title":"Montefalco Rosso Arnaldo Caprai 2019 FonsVinum kaufen","description":"Montefalco Rosso Riserva Arnaldo Caprai 2019 online kaufen: voller und weicher Geschmack, perfekt ausbalanciert durch ein lebendiges und samtiges Tannin.","robots":{"index":"index","follow":"follow","max-snippet":"max-snippet:-1","max-image-preview":"max-image-preview:large","max-video-preview":"max-video-preview:-1"},"canonical":"https:\/\/fonsvinum.com\/de\/produkt\/arnaldo-caprai-montefalco-rosso-riserva-2019\/","og_locale":"de_DE","og_type":"article","og_title":"Montefalco Rosso Arnaldo Caprai 2019 FonsVinum kaufen","og_description":"Montefalco Rosso Riserva Arnaldo Caprai 2019 online kaufen: voller und weicher Geschmack, perfekt ausbalanciert durch ein lebendiges und samtiges Tannin.","og_url":"https:\/\/fonsvinum.com\/de\/produkt\/arnaldo-caprai-montefalco-rosso-riserva-2019\/","og_site_name":"Fons Vinum","article_modified_time":"2026-04-14T13:39:38+00:00","og_image":[{"width":200,"height":600,"url":"https:\/\/fonsvinum.com\/files\/2015\/10\/Montefalco-Rosso-Riserva-Arnaldo-Caprai.png","type":"image\/png"}],"twitter_misc":{"Gesch\u00e4tzte Lesezeit":"1\u00a0Minute"},"schema":{"@context":"https:\/\/schema.org","@graph":[{"@type":"WebPage","@id":"https:\/\/fonsvinum.com\/de\/produkt\/arnaldo-caprai-montefalco-rosso-riserva-2019\/","url":"https:\/\/fonsvinum.com\/de\/produkt\/arnaldo-caprai-montefalco-rosso-riserva-2019\/","name":"Montefalco Rosso Arnaldo Caprai 2019 FonsVinum kaufen","isPartOf":{"@id":"https:\/\/fonsvinum.com\/en\/#website"},"primaryImageOfPage":{"@id":"https:\/\/fonsvinum.com\/de\/produkt\/arnaldo-caprai-montefalco-rosso-riserva-2019\/#primaryimage"},"image":{"@id":"https:\/\/fonsvinum.com\/de\/produkt\/arnaldo-caprai-montefalco-rosso-riserva-2019\/#primaryimage"},"thumbnailUrl":"https:\/\/fonsvinum.com\/files\/2015\/10\/Montefalco-Rosso-Riserva-Arnaldo-Caprai.png","datePublished":"2026-03-10T06:04:06+00:00","dateModified":"2026-04-14T13:39:38+00:00","description":"Montefalco Rosso Riserva Arnaldo Caprai 2019 online kaufen: voller und weicher Geschmack, perfekt ausbalanciert durch ein lebendiges und samtiges Tannin.","breadcrumb":{"@id":"https:\/\/fonsvinum.com\/de\/produkt\/arnaldo-caprai-montefalco-rosso-riserva-2019\/#breadcrumb"},"inLanguage":"de","potentialAction":[{"@type":"ReadAction","target":["https:\/\/fonsvinum.com\/de\/produkt\/arnaldo-caprai-montefalco-rosso-riserva-2019\/"]}]},{"@type":"ImageObject","inLanguage":"de","@id":"https:\/\/fonsvinum.com\/de\/produkt\/arnaldo-caprai-montefalco-rosso-riserva-2019\/#primaryimage","url":"https:\/\/fonsvinum.com\/files\/2015\/10\/Montefalco-Rosso-Riserva-Arnaldo-Caprai.png","contentUrl":"https:\/\/fonsvinum.com\/files\/2015\/10\/Montefalco-Rosso-Riserva-Arnaldo-Caprai.png","width":200,"height":600,"caption":"Montefalco Rosso Riserva Arnaldo Caprai"},{"@type":"BreadcrumbList","@id":"https:\/\/fonsvinum.com\/de\/produkt\/arnaldo-caprai-montefalco-rosso-riserva-2019\/#breadcrumb","itemListElement":[{"@type":"ListItem","position":1,"name":"Startseite","item":"https:\/\/fonsvinum.com\/de\/"},{"@type":"ListItem","position":2,"name":"Shop","item":"https:\/\/fonsvinum.com\/de\/shop\/"},{"@type":"ListItem","position":3,"name":"Arnaldo Caprai Montefalco Rosso Riserva 2019"}]},{"@type":"WebSite","@id":"https:\/\/fonsvinum.com\/en\/#website","url":"https:\/\/fonsvinum.com\/en\/","name":"Fons Vinum","description":"Vendita Vino Online","publisher":{"@id":"https:\/\/fonsvinum.com\/en\/#organization"},"potentialAction":[{"@type":"SearchAction","target":{"@type":"EntryPoint","urlTemplate":"https:\/\/fonsvinum.com\/en\/?s={search_term_string}"},"query-input":{"@type":"PropertyValueSpecification","valueRequired":true,"valueName":"search_term_string"}}],"inLanguage":"de"},{"@type":"Organization","@id":"https:\/\/fonsvinum.com\/en\/#organization","name":"Fons Vinum","url":"https:\/\/fonsvinum.com\/en\/","logo":{"@type":"ImageObject","inLanguage":"de","@id":"https:\/\/fonsvinum.com\/en\/#\/schema\/logo\/image\/","url":"","contentUrl":"","caption":"Fons Vinum"},"image":{"@id":"https:\/\/fonsvinum.com\/en\/#\/schema\/logo\/image\/"}}]}},"acf":[],"_links":{"self":[{"href":"https:\/\/fonsvinum.com\/de\/wp-json\/wp\/v2\/product\/48850","targetHints":{"allow":["GET"]}}],"collection":[{"href":"https:\/\/fonsvinum.com\/de\/wp-json\/wp\/v2\/product"}],"about":[{"href":"https:\/\/fonsvinum.com\/de\/wp-json\/wp\/v2\/types\/product"}],"replies":[{"embeddable":true,"href":"https:\/\/fonsvinum.com\/de\/wp-json\/wp\/v2\/comments?post=48850"}],"wp:featuredmedia":[{"embeddable":true,"href":"https:\/\/fonsvinum.com\/de\/wp-json\/wp\/v2\/media\/12830"}],"wp:attachment":[{"href":"https:\/\/fonsvinum.com\/de\/wp-json\/wp\/v2\/media?parent=48850"}],"wp:term":[{"taxonomy":"product_brand","embeddable":true,"href":"https:\/\/fonsvinum.com\/de\/wp-json\/wp\/v2\/product_brand?post=48850"},{"taxonomy":"product_cat","embeddable":true,"href":"https:\/\/fonsvinum.com\/de\/wp-json\/wp\/v2\/product_cat?post=48850"},{"taxonomy":"product_tag","embeddable":true,"href":"https:\/\/fonsvinum.com\/de\/wp-json\/wp\/v2\/product_tag?post=48850"}],"curies":[{"name":"wp","href":"https:\/\/api.w.org\/{rel}","templated":true}]}}