{"id":48844,"date":"2026-03-09T21:00:24","date_gmt":"2026-03-09T20:00:24","guid":{"rendered":"https:\/\/fonsvinum.com\/?post_type=product&#038;p=48844"},"modified":"2026-03-09T21:11:38","modified_gmt":"2026-03-09T20:11:38","slug":"luce-della-vite-luce-brunello-2020","status":"publish","type":"product","link":"https:\/\/fonsvinum.com\/de\/produkt\/luce-della-vite-luce-brunello-2020\/","title":{"rendered":"LUCE DELLA VITE Luce Brunello 2020"},"content":{"rendered":"<h1>LUCE DELLA VITE Luce Brunello 2020<\/h1>\n<h2><a href=\"https:\/\/fonsvinum.com\/de\/?filter_producer=luce-della-vite-de&amp;s=LUCE+DELLA+VITE&amp;post_type=product\">LUCE DELLA VITE<\/a><\/h2>\n<div class=\"main-details\">\n<div class=\"row\">\n<div class=\"col-12 order-md-1 col-md-7\">\n<h3 class=\"mt-5 mb-5\">Unsere Geschichte. Die Anf\u00e4nge.<\/h3>\n<p>Als Vittorio Frescobaldi Anfang der 90er Jahre Robert Mondavi trifft, nimmt ein neues Kapitel in der Geschichte der gro\u00dfartigen toskanischen Weine und in der Geschichte der Qualit\u00e4tsweine seinen Anfang.<\/p>\n<p>Aus der Begegnung der beiden Partner entstand Luce.<\/p>\n<p>Von Anfang an war es fester Wille, eine Vision zu verwirklichen \u2013 die Herstellung toskanischer Spitzenweine in einem besonders geeigneten Terroir, jenem, das die Ortschaft Montalcino umgibt.<\/p>\n<p>Ein ehrgeiziges Projekt mit dem Namen Luce della Vite: Eine Hommage an das Grundelement Licht, das uns W\u00e4rme, Energie und Leben schenkt. Nichts k\u00f6nnte in der Natur ohne Licht gedeihen.<\/p>\n<p>Die <a href=\"https:\/\/www.tenutaluce.com\/it\/\">Tenuta Luce<\/a> hielt diese Vision \u00fcber all die Jahre aufrecht \u2013 und wurde allm\u00e4hlich Wiege exklusiver Weine, die weit \u00fcber die Grenzen ihrer Region hinaus und zumal auf internationaler Ebene als Spitzenweine der Toskana gesch\u00e4tzt werden.<\/p>\n<\/div>\n<\/div>\n<\/div>\n<div class=\"mood\">\n<div class=\"paragraph\">\n<div class=\"row\">\n<div class=\"col-12 col-md-7\">\n<h3>Sonne, W\u00e4rme, Leben. Davon erz\u00e4hlt uns Luce.<\/h3>\n<p>Als Folge des nat\u00fcrlichen Generationenwechsels nahm Lamberto Frescobaldi, Sohn von Vittorio, die Geschicke des Gutes in die Hand.<\/p>\n<p>Unter seiner Leitung festigten sich in der Tenuta Luce della Vite die Kenntnisse und das Fachwissen weiter und weiter: Noch intensiver wird auf die Rhythmen der Natur eingegangen; im Fokus steht die leidenschaftliche Hingabe, den vielschichtigen Prozess der Vinifizierung mehr und mehr zu verfeinern. So entstehen wahre toskanische Spitzenweine.<\/p>\n<h2>LUCE <a href=\"https:\/\/fonsvinum.com\/de\/?s=brunello&amp;post_type=product\">BRUNELLO<\/a><\/h2>\n<p>Von 88 Hektar im Besitz von Luce della Vite sind 11 im Provenienzverzeichnis des Brunello di Montalcino eingetragen.<\/p>\n<p>Hier entsteht f\u00fcr Luce der Sangiovese, unsere Hommage an diesen wunderbaren Wein, der in der zweiten H\u00e4lfte des 19. Jahrhunderts im Montalcino seinen Ursprung fand. Ihm wurde 1980 als erstem Wein in Italien das G\u00fctesiegel der kontrollierten und garantierten Ursprungsbezeichnung DOCG zuteil; heute wird er zu den wichtigsten Premiumweinen des Made in Italy gerechnet.<\/p>\n<p>Luce Brunello di Montalcino \u2013 die Tenuta Luce setzt mit diesem Wein ihren Weg als Hersteller erlesenster und anspruchsvoller Weine von kompromissloser Qualit\u00e4t fort, inspiriert von der Einzigartigkeit des Terroirs und der Gro\u00dfartigkeit der dort gedeihenden Reben.<\/p>\n<p>Frescobaldis Luce Brunello 2020 ist ein sonniger Brunello di Montalcino mit reichhaltigem, reifem Aroma, der aus einem Terroir mit kontinentalem Klima und mediterranen Einfl\u00fcssen stammt. Im Glas pr\u00e4sentiert er sich in einem intensiven Rubinrot. In der Nase ist er komplex und duftend mit Noten von reifen roten Fr\u00fcchten, untermalt von angenehmen Nuancen von hellem Tabak und exotischen Gew\u00fcrzen. Am Gaumen ist der Wein harmonisch, vollmundig und gut strukturiert mit seidigen Tanninen, die in Kombination mit seiner Frische f\u00fcr einen sehr langen Abgang sorgen. Ein raffinierter und kraftvoller Wein.<\/p>\n<\/div>\n<\/div>\n<\/div>\n<\/div>\n","protected":false},"excerpt":{"rendered":"<p>LUCE DELLA VITE Luce Brunello 2020 LUCE DELLA VITE Unsere Geschichte. Die Anf\u00e4nge. Als Vittorio Frescobaldi Anfang der 90er Jahre Robert Mondavi trifft, nimmt ein neues Kapitel in der Geschichte der gro\u00dfartigen toskanischen Weine und in der Geschichte der Qualit\u00e4tsweine seinen Anfang. Aus der Begegnung der beiden Partner entstand Luce. Von Anfang an war es [&hellip;]<\/p>\n","protected":false},"featured_media":32524,"comment_status":"open","ping_status":"closed","template":"","meta":{"_acf_changed":false,"_monsterinsights_skip_tracking":false,"_monsterinsights_sitenote_active":false,"_monsterinsights_sitenote_note":"","_monsterinsights_sitenote_category":0},"product_brand":[],"product_cat":[1762],"product_tag":[15911,15959,3583],"class_list":{"0":"post-48844","1":"product","2":"type-product","3":"status-publish","4":"has-post-thumbnail","6":"product_cat-brunello-de","7":"product_tag-brunello-de-2","8":"product_tag-vino-rosso-de","9":"product_tag-vini-toscani-de","10":"pa_appellation-brunello-di-montalcino-docg-de","11":"pa_formato-0-75-l-flasche-de","12":"pa_producer-luce-della-vite-de","13":"pa_region-toskana-de","14":"pa_vine-100-sangiovese-de","15":"pa_vintage-2020-de","17":"first","18":"instock","19":"taxable","20":"shipping-taxable","21":"purchasable","22":"product-type-simple"},"bundled_by":[],"bundle_stock_status":"instock","bundle_stock_quantity":6,"bundle_virtual":false,"bundle_layout":"","bundle_add_to_cart_form_location":"","bundle_editable_in_cart":false,"bundle_sold_individually_context":"","bundle_item_grouping":"","bundle_min_size":"","bundle_max_size":"","bundle_price":[],"bundled_items":[],"bundle_sell_ids":[],"yoast_head":"<!-- This site is optimized with the Yoast SEO plugin v27.2 - https:\/\/yoast.com\/product\/yoast-seo-wordpress\/ -->\n<title>KAUFEN ONLINE LUCE DELLA VITE Luce Brunello 2020<\/title>\n<meta name=\"description\" content=\"LUCE DELLA VITE Luce Brunello 2020, heute wird er zu den wichtigsten Premiumweinen des Made in Italy gerechnet.\" \/>\n<meta name=\"robots\" content=\"index, follow, max-snippet:-1, max-image-preview:large, max-video-preview:-1\" \/>\n<link rel=\"canonical\" href=\"https:\/\/fonsvinum.com\/de\/produkt\/luce-della-vite-luce-brunello-2020\/\" \/>\n<meta property=\"og:locale\" content=\"de_DE\" \/>\n<meta property=\"og:type\" content=\"article\" \/>\n<meta property=\"og:title\" content=\"KAUFEN ONLINE LUCE DELLA VITE Luce Brunello 2020\" \/>\n<meta property=\"og:description\" content=\"LUCE DELLA VITE Luce Brunello 2020, heute wird er zu den wichtigsten Premiumweinen des Made in Italy gerechnet.\" \/>\n<meta property=\"og:url\" content=\"https:\/\/fonsvinum.com\/de\/produkt\/luce-della-vite-luce-brunello-2020\/\" \/>\n<meta property=\"og:site_name\" content=\"Fons Vinum\" \/>\n<meta property=\"article:modified_time\" content=\"2026-03-09T20:11:38+00:00\" \/>\n<meta property=\"og:image\" content=\"https:\/\/fonsvinum.com\/files\/2021\/04\/luce-brunello-luce-della-vite.jpg\" \/>\n\t<meta property=\"og:image:width\" content=\"200\" \/>\n\t<meta property=\"og:image:height\" content=\"600\" \/>\n\t<meta property=\"og:image:type\" content=\"image\/jpeg\" \/>\n<meta name=\"twitter:label1\" content=\"Gesch\u00e4tzte Lesezeit\" \/>\n\t<meta name=\"twitter:data1\" content=\"3\u00a0Minuten\" \/>\n<script type=\"application\/ld+json\" class=\"yoast-schema-graph\">{\"@context\":\"https:\/\/schema.org\",\"@graph\":[{\"@type\":\"WebPage\",\"@id\":\"https:\/\/fonsvinum.com\/de\/produkt\/luce-della-vite-luce-brunello-2020\/\",\"url\":\"https:\/\/fonsvinum.com\/de\/produkt\/luce-della-vite-luce-brunello-2020\/\",\"name\":\"KAUFEN ONLINE LUCE DELLA VITE Luce Brunello 2020\",\"isPartOf\":{\"@id\":\"https:\/\/fonsvinum.com\/en\/#website\"},\"primaryImageOfPage\":{\"@id\":\"https:\/\/fonsvinum.com\/de\/produkt\/luce-della-vite-luce-brunello-2020\/#primaryimage\"},\"image\":{\"@id\":\"https:\/\/fonsvinum.com\/de\/produkt\/luce-della-vite-luce-brunello-2020\/#primaryimage\"},\"thumbnailUrl\":\"https:\/\/fonsvinum.com\/files\/2021\/04\/luce-brunello-luce-della-vite.jpg\",\"datePublished\":\"2026-03-09T20:00:24+00:00\",\"dateModified\":\"2026-03-09T20:11:38+00:00\",\"description\":\"LUCE DELLA VITE Luce Brunello 2020, heute wird er zu den wichtigsten Premiumweinen des Made in Italy gerechnet.\",\"breadcrumb\":{\"@id\":\"https:\/\/fonsvinum.com\/de\/produkt\/luce-della-vite-luce-brunello-2020\/#breadcrumb\"},\"inLanguage\":\"de\",\"potentialAction\":[{\"@type\":\"ReadAction\",\"target\":[\"https:\/\/fonsvinum.com\/de\/produkt\/luce-della-vite-luce-brunello-2020\/\"]}]},{\"@type\":\"ImageObject\",\"inLanguage\":\"de\",\"@id\":\"https:\/\/fonsvinum.com\/de\/produkt\/luce-della-vite-luce-brunello-2020\/#primaryimage\",\"url\":\"https:\/\/fonsvinum.com\/files\/2021\/04\/luce-brunello-luce-della-vite.jpg\",\"contentUrl\":\"https:\/\/fonsvinum.com\/files\/2021\/04\/luce-brunello-luce-della-vite.jpg\",\"width\":200,\"height\":600},{\"@type\":\"BreadcrumbList\",\"@id\":\"https:\/\/fonsvinum.com\/de\/produkt\/luce-della-vite-luce-brunello-2020\/#breadcrumb\",\"itemListElement\":[{\"@type\":\"ListItem\",\"position\":1,\"name\":\"Startseite\",\"item\":\"https:\/\/fonsvinum.com\/de\/\"},{\"@type\":\"ListItem\",\"position\":2,\"name\":\"Shop\",\"item\":\"https:\/\/fonsvinum.com\/de\/shop\/\"},{\"@type\":\"ListItem\",\"position\":3,\"name\":\"LUCE DELLA VITE Luce Brunello 2020\"}]},{\"@type\":\"WebSite\",\"@id\":\"https:\/\/fonsvinum.com\/en\/#website\",\"url\":\"https:\/\/fonsvinum.com\/en\/\",\"name\":\"Fons Vinum\",\"description\":\"Vendita Vino Online\",\"publisher\":{\"@id\":\"https:\/\/fonsvinum.com\/en\/#organization\"},\"potentialAction\":[{\"@type\":\"SearchAction\",\"target\":{\"@type\":\"EntryPoint\",\"urlTemplate\":\"https:\/\/fonsvinum.com\/en\/?s={search_term_string}\"},\"query-input\":{\"@type\":\"PropertyValueSpecification\",\"valueRequired\":true,\"valueName\":\"search_term_string\"}}],\"inLanguage\":\"de\"},{\"@type\":\"Organization\",\"@id\":\"https:\/\/fonsvinum.com\/en\/#organization\",\"name\":\"Fons Vinum\",\"url\":\"https:\/\/fonsvinum.com\/en\/\",\"logo\":{\"@type\":\"ImageObject\",\"inLanguage\":\"de\",\"@id\":\"https:\/\/fonsvinum.com\/en\/#\/schema\/logo\/image\/\",\"url\":\"\",\"contentUrl\":\"\",\"caption\":\"Fons Vinum\"},\"image\":{\"@id\":\"https:\/\/fonsvinum.com\/en\/#\/schema\/logo\/image\/\"}}]}<\/script>\n<!-- \/ Yoast SEO plugin. -->","yoast_head_json":{"title":"KAUFEN ONLINE LUCE DELLA VITE Luce Brunello 2020","description":"LUCE DELLA VITE Luce Brunello 2020, heute wird er zu den wichtigsten Premiumweinen des Made in Italy gerechnet.","robots":{"index":"index","follow":"follow","max-snippet":"max-snippet:-1","max-image-preview":"max-image-preview:large","max-video-preview":"max-video-preview:-1"},"canonical":"https:\/\/fonsvinum.com\/de\/produkt\/luce-della-vite-luce-brunello-2020\/","og_locale":"de_DE","og_type":"article","og_title":"KAUFEN ONLINE LUCE DELLA VITE Luce Brunello 2020","og_description":"LUCE DELLA VITE Luce Brunello 2020, heute wird er zu den wichtigsten Premiumweinen des Made in Italy gerechnet.","og_url":"https:\/\/fonsvinum.com\/de\/produkt\/luce-della-vite-luce-brunello-2020\/","og_site_name":"Fons Vinum","article_modified_time":"2026-03-09T20:11:38+00:00","og_image":[{"width":200,"height":600,"url":"https:\/\/fonsvinum.com\/files\/2021\/04\/luce-brunello-luce-della-vite.jpg","type":"image\/jpeg"}],"twitter_misc":{"Gesch\u00e4tzte Lesezeit":"3\u00a0Minuten"},"schema":{"@context":"https:\/\/schema.org","@graph":[{"@type":"WebPage","@id":"https:\/\/fonsvinum.com\/de\/produkt\/luce-della-vite-luce-brunello-2020\/","url":"https:\/\/fonsvinum.com\/de\/produkt\/luce-della-vite-luce-brunello-2020\/","name":"KAUFEN ONLINE LUCE DELLA VITE Luce Brunello 2020","isPartOf":{"@id":"https:\/\/fonsvinum.com\/en\/#website"},"primaryImageOfPage":{"@id":"https:\/\/fonsvinum.com\/de\/produkt\/luce-della-vite-luce-brunello-2020\/#primaryimage"},"image":{"@id":"https:\/\/fonsvinum.com\/de\/produkt\/luce-della-vite-luce-brunello-2020\/#primaryimage"},"thumbnailUrl":"https:\/\/fonsvinum.com\/files\/2021\/04\/luce-brunello-luce-della-vite.jpg","datePublished":"2026-03-09T20:00:24+00:00","dateModified":"2026-03-09T20:11:38+00:00","description":"LUCE DELLA VITE Luce Brunello 2020, heute wird er zu den wichtigsten Premiumweinen des Made in Italy gerechnet.","breadcrumb":{"@id":"https:\/\/fonsvinum.com\/de\/produkt\/luce-della-vite-luce-brunello-2020\/#breadcrumb"},"inLanguage":"de","potentialAction":[{"@type":"ReadAction","target":["https:\/\/fonsvinum.com\/de\/produkt\/luce-della-vite-luce-brunello-2020\/"]}]},{"@type":"ImageObject","inLanguage":"de","@id":"https:\/\/fonsvinum.com\/de\/produkt\/luce-della-vite-luce-brunello-2020\/#primaryimage","url":"https:\/\/fonsvinum.com\/files\/2021\/04\/luce-brunello-luce-della-vite.jpg","contentUrl":"https:\/\/fonsvinum.com\/files\/2021\/04\/luce-brunello-luce-della-vite.jpg","width":200,"height":600},{"@type":"BreadcrumbList","@id":"https:\/\/fonsvinum.com\/de\/produkt\/luce-della-vite-luce-brunello-2020\/#breadcrumb","itemListElement":[{"@type":"ListItem","position":1,"name":"Startseite","item":"https:\/\/fonsvinum.com\/de\/"},{"@type":"ListItem","position":2,"name":"Shop","item":"https:\/\/fonsvinum.com\/de\/shop\/"},{"@type":"ListItem","position":3,"name":"LUCE DELLA VITE Luce Brunello 2020"}]},{"@type":"WebSite","@id":"https:\/\/fonsvinum.com\/en\/#website","url":"https:\/\/fonsvinum.com\/en\/","name":"Fons Vinum","description":"Vendita Vino Online","publisher":{"@id":"https:\/\/fonsvinum.com\/en\/#organization"},"potentialAction":[{"@type":"SearchAction","target":{"@type":"EntryPoint","urlTemplate":"https:\/\/fonsvinum.com\/en\/?s={search_term_string}"},"query-input":{"@type":"PropertyValueSpecification","valueRequired":true,"valueName":"search_term_string"}}],"inLanguage":"de"},{"@type":"Organization","@id":"https:\/\/fonsvinum.com\/en\/#organization","name":"Fons Vinum","url":"https:\/\/fonsvinum.com\/en\/","logo":{"@type":"ImageObject","inLanguage":"de","@id":"https:\/\/fonsvinum.com\/en\/#\/schema\/logo\/image\/","url":"","contentUrl":"","caption":"Fons Vinum"},"image":{"@id":"https:\/\/fonsvinum.com\/en\/#\/schema\/logo\/image\/"}}]}},"acf":[],"_links":{"self":[{"href":"https:\/\/fonsvinum.com\/de\/wp-json\/wp\/v2\/product\/48844","targetHints":{"allow":["GET"]}}],"collection":[{"href":"https:\/\/fonsvinum.com\/de\/wp-json\/wp\/v2\/product"}],"about":[{"href":"https:\/\/fonsvinum.com\/de\/wp-json\/wp\/v2\/types\/product"}],"replies":[{"embeddable":true,"href":"https:\/\/fonsvinum.com\/de\/wp-json\/wp\/v2\/comments?post=48844"}],"wp:featuredmedia":[{"embeddable":true,"href":"https:\/\/fonsvinum.com\/de\/wp-json\/wp\/v2\/media\/32524"}],"wp:attachment":[{"href":"https:\/\/fonsvinum.com\/de\/wp-json\/wp\/v2\/media?parent=48844"}],"wp:term":[{"taxonomy":"product_brand","embeddable":true,"href":"https:\/\/fonsvinum.com\/de\/wp-json\/wp\/v2\/product_brand?post=48844"},{"taxonomy":"product_cat","embeddable":true,"href":"https:\/\/fonsvinum.com\/de\/wp-json\/wp\/v2\/product_cat?post=48844"},{"taxonomy":"product_tag","embeddable":true,"href":"https:\/\/fonsvinum.com\/de\/wp-json\/wp\/v2\/product_tag?post=48844"}],"curies":[{"name":"wp","href":"https:\/\/api.w.org\/{rel}","templated":true}]}}