{"id":48818,"date":"2026-03-06T10:49:21","date_gmt":"2026-03-06T09:49:21","guid":{"rendered":"https:\/\/fonsvinum.com\/?post_type=product&#038;p=48818"},"modified":"2026-04-14T15:39:51","modified_gmt":"2026-04-14T13:39:51","slug":"malingre-truchon-vieilles-vignes-champagne-brut","status":"publish","type":"product","link":"https:\/\/fonsvinum.com\/de\/produkt\/malingre-truchon-vieilles-vignes-champagne-brut\/","title":{"rendered":"MALINGRE TRUCHON Vieilles Vignes Champagne Brut 100% MEUNIER"},"content":{"rendered":"<h1>MALINGRE TRUCHON Vieilles Vignes Champagne Brut 100% MEUNIER<\/h1>\n<h2>Maison MALINGRE TRUCHON<\/h2>\n<p>Das Weingut Malingre Truchon ist ein familiengef\u00fchrtes Anwesen im Herzen des Massif de Saint-Thierry, nahe Reims.<\/p>\n<p><a href=\"https:\/\/it.wikipedia.org\/wiki\/Prouilly\">Prouilly<\/a> ist ein Dorf im D\u00e9partement Marne, 13 km nordwestlich von Reims. Es z\u00e4hlt 560 Einwohner, die als &#8222;Prouillousiens&#8220; bekannt sind. Trotz der geringen Einwohnerzahl gibt es nicht weniger als 50 Winzer, die 130 Hektar Weinberge bewirtschaften!  <\/p>\n<p>Als Land der Invasionen und Migrationen haben Generationen von Winzern eine einzigartige Alchemie zwischen Boden, Klima, Rebsorten und einem h\u00f6chst originellen Vinifikationsprozess geschaffen und so nach Jahrhunderten der Forschung den <a href=\"https:\/\/fonsvinum.com\/de\/import-von-champagner-kleiner-erzeuger\/\">Champagner<\/a> erhalten.<\/p>\n<p>Ihrerseits f\u00fchren Agn\u00e8s und Etienne Malingre diese Tradition fort, um diesen prestigetr\u00e4chtigen Wein direkt aus ihrem Haus anzubieten.<\/p>\n<p>Die Familie ist seit fast 400 Jahren in Prouilly ans\u00e4ssig. Claude Malingre, geboren 1633, war Landwirt und Winzer. <\/p>\n<p>Lange Zeit produzierten die eigenen Weinberge einen leichten Rotwein, der in den Norden und nach Flandern exportiert wurde. 1860 bewirtschaftete Gabriel Malingre 2 Hektar Weinberge in ungeordnetem und uneinheitlichem Stil. <\/p>\n<p>Leider dezimierten die Reblaus, der Mehltau, die Konkurrenz der Weine aus S\u00fcdfrankreich, dann der Erste Weltkrieg und die Krise der 30er Jahre die Weinproduktion.<\/p>\n<p>1960 begann Jacques Malingre, Etiennes Vater, mit der Champagnerproduktion. Heute werden 6 Hektar Weinberge in 32 Parzellen unter gr\u00f6\u00dfter Achtung von Boden und Umwelt bewirtschaftet. <\/p>\n<p>Die Beschaffenheit des Terroirs hat die Auswahl der am besten geeigneten Rebsorten bestimmt: <a href=\"https:\/\/fonsvinum.com\/?s=pinot+meunier&amp;post_type=product\">Pinot Meunier<\/a> macht 68% der Trauben des Betriebs aus, <a href=\"https:\/\/fonsvinum.com\/?s=pinot+noir&amp;post_type=product\">Pinot Noir<\/a> 20% und <a href=\"https:\/\/fonsvinum.com\/?s=CHARDONNAY&amp;post_type=product\">Chardonnay<\/a> nimmt 12% der Weinberge ein.<\/p>\n<h2>MALINGRE TRUCHON <a href=\"https:\/\/fonsvinum.com\/de\/produkt\/la-chablisienne-chablis-les-venerables-vieilles-vignes-2021\/\">Vieilles Vignes Champagne Brut<\/a><\/h2>\n<p>Dieser Champagner ist eine Hommage an die symboltr\u00e4chtige Rebsorte des Massif de Saint-Thierry: den Pinot Meunier.<\/p>\n<p>Nur Traubenparzellen, die \u00e4lter als 40 Jahre sind und sehr begrenzte Ertr\u00e4ge liefern, sind Teil der Komposition dieser au\u00dfergew\u00f6hnlichen Cuv\u00e9e.<\/p>\n<h3>Nur 100% Pinot Meunier, geerntet 2019.<\/h3>\n<p>Die alkoholische G\u00e4rung erfolgt in Edelstahl. Die Vinifikation wird unter Verwendung der malolaktischen G\u00e4rung durchgef\u00fchrt. Mindestens 36 Monate Hefelager und mindestens 3 Monate Ruhezeit nach der Degorgierung im Juni 2025.  <\/p>\n<p>Dosage 7 g\/l (Brut)<\/p>\n<p>&nbsp;<\/p>\n","protected":false},"excerpt":{"rendered":"<p>MALINGRE TRUCHON Vieilles Vignes Champagne Brut 100% MEUNIER Maison MALINGRE TRUCHON Das Weingut Malingre Truchon ist ein familiengef\u00fchrtes Anwesen im Herzen des Massif de Saint-Thierry, nahe Reims. Prouilly ist ein Dorf im D\u00e9partement Marne, 13 km nordwestlich von Reims. Es z\u00e4hlt 560 Einwohner, die als &#8222;Prouillousiens&#8220; bekannt sind. Trotz der geringen Einwohnerzahl gibt es nicht [&hellip;]<\/p>\n","protected":false},"featured_media":48840,"comment_status":"open","ping_status":"closed","template":"","meta":{"_acf_changed":false,"_monsterinsights_skip_tracking":false,"_monsterinsights_sitenote_active":false,"_monsterinsights_sitenote_note":"","_monsterinsights_sitenote_category":0},"product_brand":[],"product_cat":[1481],"product_tag":[1802,2410],"class_list":{"0":"post-48818","1":"product","2":"type-product","3":"status-publish","4":"has-post-thumbnail","6":"product_cat-brut-de","7":"product_tag-champagne-de","8":"product_tag-champagne-unter-30-euro-de","9":"pa_appellation-champagne-aoc-de","10":"pa_formato-0-75-l-flasche-de","11":"pa_producer-malingre-truchon","12":"pa_region-champagne-de","13":"pa_vine-100-pinot-meunier-de","14":"pa_vintage-s-a-de","16":"first","17":"instock","18":"taxable","19":"shipping-taxable","20":"purchasable","21":"product-type-simple"},"bundled_by":[],"bundle_stock_status":"instock","bundle_stock_quantity":12,"bundle_virtual":false,"bundle_layout":"","bundle_add_to_cart_form_location":"","bundle_editable_in_cart":false,"bundle_sold_individually_context":"","bundle_item_grouping":"","bundle_min_size":"","bundle_max_size":"","bundle_price":[],"bundled_items":[],"bundle_sell_ids":[],"yoast_head":"<!-- This site is optimized with the Yoast SEO plugin v27.2 - https:\/\/yoast.com\/product\/yoast-seo-wordpress\/ -->\n<title>MALINGRE TRUCHON Vieilles Vignes Champagne Brut kaufen<\/title>\n<meta name=\"description\" content=\"MALINGRE TRUCHON Vieilles Vignes Champagne Brut Kaufen Sie auf der Website Fons Vinum.com Direktimport kleiner Champagnerproduzenten\" \/>\n<meta name=\"robots\" content=\"index, follow, max-snippet:-1, max-image-preview:large, max-video-preview:-1\" \/>\n<link rel=\"canonical\" href=\"https:\/\/fonsvinum.com\/de\/produkt\/malingre-truchon-vieilles-vignes-champagne-brut\/\" \/>\n<meta property=\"og:locale\" content=\"de_DE\" \/>\n<meta property=\"og:type\" content=\"article\" \/>\n<meta property=\"og:title\" content=\"MALINGRE TRUCHON Vieilles Vignes Champagne Brut kaufen\" \/>\n<meta property=\"og:description\" content=\"MALINGRE TRUCHON Vieilles Vignes Champagne Brut Kaufen Sie auf der Website Fons Vinum.com Direktimport kleiner Champagnerproduzenten\" \/>\n<meta property=\"og:url\" content=\"https:\/\/fonsvinum.com\/de\/produkt\/malingre-truchon-vieilles-vignes-champagne-brut\/\" \/>\n<meta property=\"og:site_name\" content=\"Fons Vinum\" \/>\n<meta property=\"article:modified_time\" content=\"2026-04-14T13:39:51+00:00\" \/>\n<meta property=\"og:image\" content=\"https:\/\/fonsvinum.com\/files\/2026\/03\/Champagne-Malingre-Truchon-Vieilles-Vignes.png\" \/>\n\t<meta property=\"og:image:width\" content=\"200\" \/>\n\t<meta property=\"og:image:height\" content=\"600\" \/>\n\t<meta property=\"og:image:type\" content=\"image\/png\" \/>\n<meta name=\"twitter:label1\" content=\"Gesch\u00e4tzte Lesezeit\" \/>\n\t<meta name=\"twitter:data1\" content=\"2\u00a0Minuten\" \/>\n<script type=\"application\/ld+json\" class=\"yoast-schema-graph\">{\"@context\":\"https:\/\/schema.org\",\"@graph\":[{\"@type\":\"WebPage\",\"@id\":\"https:\/\/fonsvinum.com\/de\/produkt\/malingre-truchon-vieilles-vignes-champagne-brut\/\",\"url\":\"https:\/\/fonsvinum.com\/de\/produkt\/malingre-truchon-vieilles-vignes-champagne-brut\/\",\"name\":\"MALINGRE TRUCHON Vieilles Vignes Champagne Brut kaufen\",\"isPartOf\":{\"@id\":\"https:\/\/fonsvinum.com\/en\/#website\"},\"primaryImageOfPage\":{\"@id\":\"https:\/\/fonsvinum.com\/de\/produkt\/malingre-truchon-vieilles-vignes-champagne-brut\/#primaryimage\"},\"image\":{\"@id\":\"https:\/\/fonsvinum.com\/de\/produkt\/malingre-truchon-vieilles-vignes-champagne-brut\/#primaryimage\"},\"thumbnailUrl\":\"https:\/\/fonsvinum.com\/files\/2026\/03\/Champagne-Malingre-Truchon-Vieilles-Vignes.png\",\"datePublished\":\"2026-03-06T09:49:21+00:00\",\"dateModified\":\"2026-04-14T13:39:51+00:00\",\"description\":\"MALINGRE TRUCHON Vieilles Vignes Champagne Brut Kaufen Sie auf der Website Fons Vinum.com Direktimport kleiner Champagnerproduzenten\",\"breadcrumb\":{\"@id\":\"https:\/\/fonsvinum.com\/de\/produkt\/malingre-truchon-vieilles-vignes-champagne-brut\/#breadcrumb\"},\"inLanguage\":\"de\",\"potentialAction\":[{\"@type\":\"ReadAction\",\"target\":[\"https:\/\/fonsvinum.com\/de\/produkt\/malingre-truchon-vieilles-vignes-champagne-brut\/\"]}]},{\"@type\":\"ImageObject\",\"inLanguage\":\"de\",\"@id\":\"https:\/\/fonsvinum.com\/de\/produkt\/malingre-truchon-vieilles-vignes-champagne-brut\/#primaryimage\",\"url\":\"https:\/\/fonsvinum.com\/files\/2026\/03\/Champagne-Malingre-Truchon-Vieilles-Vignes.png\",\"contentUrl\":\"https:\/\/fonsvinum.com\/files\/2026\/03\/Champagne-Malingre-Truchon-Vieilles-Vignes.png\",\"width\":200,\"height\":600,\"caption\":\"Champagne Malingre Truchon Vieilles Vignes\"},{\"@type\":\"BreadcrumbList\",\"@id\":\"https:\/\/fonsvinum.com\/de\/produkt\/malingre-truchon-vieilles-vignes-champagne-brut\/#breadcrumb\",\"itemListElement\":[{\"@type\":\"ListItem\",\"position\":1,\"name\":\"Startseite\",\"item\":\"https:\/\/fonsvinum.com\/de\/\"},{\"@type\":\"ListItem\",\"position\":2,\"name\":\"Shop\",\"item\":\"https:\/\/fonsvinum.com\/de\/shop\/\"},{\"@type\":\"ListItem\",\"position\":3,\"name\":\"MALINGRE TRUCHON Vieilles Vignes Champagne Brut 100% MEUNIER\"}]},{\"@type\":\"WebSite\",\"@id\":\"https:\/\/fonsvinum.com\/en\/#website\",\"url\":\"https:\/\/fonsvinum.com\/en\/\",\"name\":\"Fons Vinum\",\"description\":\"Vendita Vino Online\",\"publisher\":{\"@id\":\"https:\/\/fonsvinum.com\/en\/#organization\"},\"potentialAction\":[{\"@type\":\"SearchAction\",\"target\":{\"@type\":\"EntryPoint\",\"urlTemplate\":\"https:\/\/fonsvinum.com\/en\/?s={search_term_string}\"},\"query-input\":{\"@type\":\"PropertyValueSpecification\",\"valueRequired\":true,\"valueName\":\"search_term_string\"}}],\"inLanguage\":\"de\"},{\"@type\":\"Organization\",\"@id\":\"https:\/\/fonsvinum.com\/en\/#organization\",\"name\":\"Fons Vinum\",\"url\":\"https:\/\/fonsvinum.com\/en\/\",\"logo\":{\"@type\":\"ImageObject\",\"inLanguage\":\"de\",\"@id\":\"https:\/\/fonsvinum.com\/en\/#\/schema\/logo\/image\/\",\"url\":\"\",\"contentUrl\":\"\",\"caption\":\"Fons Vinum\"},\"image\":{\"@id\":\"https:\/\/fonsvinum.com\/en\/#\/schema\/logo\/image\/\"}}]}<\/script>\n<!-- \/ Yoast SEO plugin. -->","yoast_head_json":{"title":"MALINGRE TRUCHON Vieilles Vignes Champagne Brut kaufen","description":"MALINGRE TRUCHON Vieilles Vignes Champagne Brut Kaufen Sie auf der Website Fons Vinum.com Direktimport kleiner Champagnerproduzenten","robots":{"index":"index","follow":"follow","max-snippet":"max-snippet:-1","max-image-preview":"max-image-preview:large","max-video-preview":"max-video-preview:-1"},"canonical":"https:\/\/fonsvinum.com\/de\/produkt\/malingre-truchon-vieilles-vignes-champagne-brut\/","og_locale":"de_DE","og_type":"article","og_title":"MALINGRE TRUCHON Vieilles Vignes Champagne Brut kaufen","og_description":"MALINGRE TRUCHON Vieilles Vignes Champagne Brut Kaufen Sie auf der Website Fons Vinum.com Direktimport kleiner Champagnerproduzenten","og_url":"https:\/\/fonsvinum.com\/de\/produkt\/malingre-truchon-vieilles-vignes-champagne-brut\/","og_site_name":"Fons Vinum","article_modified_time":"2026-04-14T13:39:51+00:00","og_image":[{"width":200,"height":600,"url":"https:\/\/fonsvinum.com\/files\/2026\/03\/Champagne-Malingre-Truchon-Vieilles-Vignes.png","type":"image\/png"}],"twitter_misc":{"Gesch\u00e4tzte Lesezeit":"2\u00a0Minuten"},"schema":{"@context":"https:\/\/schema.org","@graph":[{"@type":"WebPage","@id":"https:\/\/fonsvinum.com\/de\/produkt\/malingre-truchon-vieilles-vignes-champagne-brut\/","url":"https:\/\/fonsvinum.com\/de\/produkt\/malingre-truchon-vieilles-vignes-champagne-brut\/","name":"MALINGRE TRUCHON Vieilles Vignes Champagne Brut kaufen","isPartOf":{"@id":"https:\/\/fonsvinum.com\/en\/#website"},"primaryImageOfPage":{"@id":"https:\/\/fonsvinum.com\/de\/produkt\/malingre-truchon-vieilles-vignes-champagne-brut\/#primaryimage"},"image":{"@id":"https:\/\/fonsvinum.com\/de\/produkt\/malingre-truchon-vieilles-vignes-champagne-brut\/#primaryimage"},"thumbnailUrl":"https:\/\/fonsvinum.com\/files\/2026\/03\/Champagne-Malingre-Truchon-Vieilles-Vignes.png","datePublished":"2026-03-06T09:49:21+00:00","dateModified":"2026-04-14T13:39:51+00:00","description":"MALINGRE TRUCHON Vieilles Vignes Champagne Brut Kaufen Sie auf der Website Fons Vinum.com Direktimport kleiner Champagnerproduzenten","breadcrumb":{"@id":"https:\/\/fonsvinum.com\/de\/produkt\/malingre-truchon-vieilles-vignes-champagne-brut\/#breadcrumb"},"inLanguage":"de","potentialAction":[{"@type":"ReadAction","target":["https:\/\/fonsvinum.com\/de\/produkt\/malingre-truchon-vieilles-vignes-champagne-brut\/"]}]},{"@type":"ImageObject","inLanguage":"de","@id":"https:\/\/fonsvinum.com\/de\/produkt\/malingre-truchon-vieilles-vignes-champagne-brut\/#primaryimage","url":"https:\/\/fonsvinum.com\/files\/2026\/03\/Champagne-Malingre-Truchon-Vieilles-Vignes.png","contentUrl":"https:\/\/fonsvinum.com\/files\/2026\/03\/Champagne-Malingre-Truchon-Vieilles-Vignes.png","width":200,"height":600,"caption":"Champagne Malingre Truchon Vieilles Vignes"},{"@type":"BreadcrumbList","@id":"https:\/\/fonsvinum.com\/de\/produkt\/malingre-truchon-vieilles-vignes-champagne-brut\/#breadcrumb","itemListElement":[{"@type":"ListItem","position":1,"name":"Startseite","item":"https:\/\/fonsvinum.com\/de\/"},{"@type":"ListItem","position":2,"name":"Shop","item":"https:\/\/fonsvinum.com\/de\/shop\/"},{"@type":"ListItem","position":3,"name":"MALINGRE TRUCHON Vieilles Vignes Champagne Brut 100% MEUNIER"}]},{"@type":"WebSite","@id":"https:\/\/fonsvinum.com\/en\/#website","url":"https:\/\/fonsvinum.com\/en\/","name":"Fons Vinum","description":"Vendita Vino Online","publisher":{"@id":"https:\/\/fonsvinum.com\/en\/#organization"},"potentialAction":[{"@type":"SearchAction","target":{"@type":"EntryPoint","urlTemplate":"https:\/\/fonsvinum.com\/en\/?s={search_term_string}"},"query-input":{"@type":"PropertyValueSpecification","valueRequired":true,"valueName":"search_term_string"}}],"inLanguage":"de"},{"@type":"Organization","@id":"https:\/\/fonsvinum.com\/en\/#organization","name":"Fons Vinum","url":"https:\/\/fonsvinum.com\/en\/","logo":{"@type":"ImageObject","inLanguage":"de","@id":"https:\/\/fonsvinum.com\/en\/#\/schema\/logo\/image\/","url":"","contentUrl":"","caption":"Fons Vinum"},"image":{"@id":"https:\/\/fonsvinum.com\/en\/#\/schema\/logo\/image\/"}}]}},"acf":[],"_links":{"self":[{"href":"https:\/\/fonsvinum.com\/de\/wp-json\/wp\/v2\/product\/48818","targetHints":{"allow":["GET"]}}],"collection":[{"href":"https:\/\/fonsvinum.com\/de\/wp-json\/wp\/v2\/product"}],"about":[{"href":"https:\/\/fonsvinum.com\/de\/wp-json\/wp\/v2\/types\/product"}],"replies":[{"embeddable":true,"href":"https:\/\/fonsvinum.com\/de\/wp-json\/wp\/v2\/comments?post=48818"}],"wp:featuredmedia":[{"embeddable":true,"href":"https:\/\/fonsvinum.com\/de\/wp-json\/wp\/v2\/media\/48840"}],"wp:attachment":[{"href":"https:\/\/fonsvinum.com\/de\/wp-json\/wp\/v2\/media?parent=48818"}],"wp:term":[{"taxonomy":"product_brand","embeddable":true,"href":"https:\/\/fonsvinum.com\/de\/wp-json\/wp\/v2\/product_brand?post=48818"},{"taxonomy":"product_cat","embeddable":true,"href":"https:\/\/fonsvinum.com\/de\/wp-json\/wp\/v2\/product_cat?post=48818"},{"taxonomy":"product_tag","embeddable":true,"href":"https:\/\/fonsvinum.com\/de\/wp-json\/wp\/v2\/product_tag?post=48818"}],"curies":[{"name":"wp","href":"https:\/\/api.w.org\/{rel}","templated":true}]}}