{"id":48812,"date":"2026-03-06T09:50:20","date_gmt":"2026-03-06T08:50:20","guid":{"rendered":"https:\/\/fonsvinum.com\/?post_type=product&#038;p=48812"},"modified":"2026-03-09T07:29:59","modified_gmt":"2026-03-09T06:29:59","slug":"malingre-truchon-tradition-champagne-brut","status":"publish","type":"product","link":"https:\/\/fonsvinum.com\/de\/produkt\/malingre-truchon-tradition-champagne-brut\/","title":{"rendered":"Malingre Truchon Tradition Champagne Brut"},"content":{"rendered":"<h1>Malingre Truchon Tradition <a href=\"https:\/\/fonsvinum.com\/de\/produkt-kategorie\/champagne-de\/brut-de\/\">Champagne<\/a> Brut<\/h1>\n<h2>Malingre Truchon Maison<\/h2>\n<p>Das Weingut Malingre Truchon ist ein Familienbetrieb im Herzen des Saint-Thierry-Massivs, nahe Reims.<\/p>\n<p><a href=\"https:\/\/it.wikipedia.org\/wiki\/Prouilly\">Prouilly<\/a> liegt im D\u00e9partement Marne, 13 km nordwestlich von Reims. In diesem kleinen Dorf befinden sich sage und schreibe 50 Weinberge mit 130 Rebst\u00f6cken!<\/p>\n<p>In dieser von Invasionen und V\u00f6lkerwanderungen gepr\u00e4gten Region haben Generationen von Winzern eine einzigartige Harmonie aus Boden, Klima, Rebsorten und einem originellen Weinherstellungsverfahren geschaffen und so nach Jahrhunderten der Forschung den Champagner hervorgebracht.<\/p>\n<p>Agn\u00e8s und Etienne Malingre f\u00fchren diese Tradition fort und bieten diesen prestigetr\u00e4chtigen Wein direkt ab Haus an.<\/p>\n<p>Die Familie ist seit fast 400 Jahren in Prouilly ans\u00e4ssig. Claude Malingre, geboren 1633, war Landwirt und Winzer.<\/p>\n<p>Lange Zeit produzierten die Weinberge des Weinguts einen leichten Rotwein, der in den Norden und nach Flandern exportiert wurde. 1860 bewirtschaftete Gabriel Malingre zwei Hektar Weinberge recht unstrukturiert.<\/p>\n<p>Leider dezimierten Reblaus, Falscher Mehltau, die Konkurrenz aus S\u00fcdfrankreich, der Erste Weltkrieg und die Krise der 1930er Jahre die Weinproduktion.<\/p>\n<p>1960 begann Jacques Malingre, Etiennes Vater, mit der Champagnerherstellung. Heute werden sechs Hektar Weinberge, verteilt auf 32 Parzellen, mit gr\u00f6\u00dftem Respekt vor Boden und Umwelt bewirtschaftet.<\/p>\n<h2>Malingre Truchon <a href=\"https:\/\/fonsvinum.com\/de\/produkt-kategorie\/champagne-de\/brut-de\/\">Champagne Tradition Brut<\/a><\/h2>\n<p>Dieser Champagner-Cuv\u00e9e vereint die vielf\u00e4ltigen Terroirs von Prouilly und Trigny. Mit Noten von gelben Fr\u00fcchten und wei\u00dfen Bl\u00fcten ist dieser gesellige Champagner ideal als Aperitif.<\/p>\n<p>Eine harmonische Cuv\u00e9e aus drei typisch franz\u00f6sischen <a href=\"https:\/\/fonsvinum.com\/de\/?s=2022&amp;post_type=product\">Rebsorten des Jahrgangs 2022<\/a>, erg\u00e4nzt durch 46 % Reserveweine aus fr\u00fcheren Jahrg\u00e4ngen.<\/p>\n<p>Die alkoholische G\u00e4rung erfolgt teilweise im Edelstahltank. Die Vinifizierung erfolgt mittels malolaktischer G\u00e4rung. Mindestens 36 Monate Hefelagerung und mindestens 3 Monate Ruhezeit nach dem Degorgieren.<\/p>\n<p>Dosage: 7 g\/l (Brut)<\/p>\n<p>Die Beschaffenheit des Terroirs bestimmte die Auswahl der am besten geeigneten Rebsorten: Pinot Meunier macht 68 % der Trauben des Weinguts aus, Pinot Noir 20 % und Chardonnay 12 %.<br \/>\nInvia commenti<\/p>\n","protected":false},"excerpt":{"rendered":"<p>Malingre Truchon Tradition Champagne Brut Malingre Truchon Maison Das Weingut Malingre Truchon ist ein Familienbetrieb im Herzen des Saint-Thierry-Massivs, nahe Reims. Prouilly liegt im D\u00e9partement Marne, 13 km nordwestlich von Reims. In diesem kleinen Dorf befinden sich sage und schreibe 50 Weinberge mit 130 Rebst\u00f6cken! In dieser von Invasionen und V\u00f6lkerwanderungen gepr\u00e4gten Region haben Generationen [&hellip;]<\/p>\n","protected":false},"featured_media":48834,"comment_status":"open","ping_status":"closed","template":"","meta":{"_acf_changed":false,"_monsterinsights_skip_tracking":false,"_monsterinsights_sitenote_active":false,"_monsterinsights_sitenote_note":"","_monsterinsights_sitenote_category":0},"product_brand":[],"product_cat":[1481],"product_tag":[1802,2410],"class_list":{"0":"post-48812","1":"product","2":"type-product","3":"status-publish","4":"has-post-thumbnail","6":"product_cat-brut-de","7":"product_tag-champagne-de","8":"product_tag-champagne-unter-30-euro-de","9":"pa_appellation-champagne-aoc-de","10":"pa_formato-0-75-l-flasche-de","11":"pa_region-champagne-de","12":"pa_vintage-s-a-de","14":"first","15":"instock","16":"sale","17":"taxable","18":"shipping-taxable","19":"purchasable","20":"product-type-simple"},"bundled_by":[],"bundle_stock_status":"instock","bundle_stock_quantity":46,"bundle_virtual":false,"bundle_layout":"","bundle_add_to_cart_form_location":"","bundle_editable_in_cart":false,"bundle_sold_individually_context":"","bundle_item_grouping":"","bundle_min_size":"","bundle_max_size":"","bundle_price":[],"bundled_items":[],"bundle_sell_ids":[],"yoast_head":"<!-- This site is optimized with the Yoast SEO plugin v27.2 - https:\/\/yoast.com\/product\/yoast-seo-wordpress\/ -->\n<title>Acquista Malingre Truchon Tradition Champagne Brut<\/title>\n<meta name=\"description\" content=\"Malingre Truchon Tradition Champagne Brut. Das Weingut Malingre Truchon ist ein Familienbetrieb im Herzen des Saint-Thierry-Massivs, nahe Reims.\" \/>\n<meta name=\"robots\" content=\"index, follow, max-snippet:-1, max-image-preview:large, max-video-preview:-1\" \/>\n<link rel=\"canonical\" href=\"https:\/\/fonsvinum.com\/de\/produkt\/malingre-truchon-tradition-champagne-brut\/\" \/>\n<meta property=\"og:locale\" content=\"de_DE\" \/>\n<meta property=\"og:type\" content=\"article\" \/>\n<meta property=\"og:title\" content=\"Acquista Malingre Truchon Tradition Champagne Brut\" \/>\n<meta property=\"og:description\" content=\"Malingre Truchon Tradition Champagne Brut. Das Weingut Malingre Truchon ist ein Familienbetrieb im Herzen des Saint-Thierry-Massivs, nahe Reims.\" \/>\n<meta property=\"og:url\" content=\"https:\/\/fonsvinum.com\/de\/produkt\/malingre-truchon-tradition-champagne-brut\/\" \/>\n<meta property=\"og:site_name\" content=\"Fons Vinum\" \/>\n<meta property=\"article:modified_time\" content=\"2026-03-09T06:29:59+00:00\" \/>\n<meta property=\"og:image\" content=\"https:\/\/fonsvinum.com\/files\/2026\/03\/Champagne-Malingre-Truchon-Tradition.png\" \/>\n\t<meta property=\"og:image:width\" content=\"200\" \/>\n\t<meta property=\"og:image:height\" content=\"600\" \/>\n\t<meta property=\"og:image:type\" content=\"image\/png\" \/>\n<meta name=\"twitter:label1\" content=\"Gesch\u00e4tzte Lesezeit\" \/>\n\t<meta name=\"twitter:data1\" content=\"2\u00a0Minuten\" \/>\n<script type=\"application\/ld+json\" class=\"yoast-schema-graph\">{\"@context\":\"https:\/\/schema.org\",\"@graph\":[{\"@type\":\"WebPage\",\"@id\":\"https:\/\/fonsvinum.com\/de\/produkt\/malingre-truchon-tradition-champagne-brut\/\",\"url\":\"https:\/\/fonsvinum.com\/de\/produkt\/malingre-truchon-tradition-champagne-brut\/\",\"name\":\"Acquista Malingre Truchon Tradition Champagne Brut\",\"isPartOf\":{\"@id\":\"https:\/\/fonsvinum.com\/en\/#website\"},\"primaryImageOfPage\":{\"@id\":\"https:\/\/fonsvinum.com\/de\/produkt\/malingre-truchon-tradition-champagne-brut\/#primaryimage\"},\"image\":{\"@id\":\"https:\/\/fonsvinum.com\/de\/produkt\/malingre-truchon-tradition-champagne-brut\/#primaryimage\"},\"thumbnailUrl\":\"https:\/\/fonsvinum.com\/files\/2026\/03\/Champagne-Malingre-Truchon-Tradition.png\",\"datePublished\":\"2026-03-06T08:50:20+00:00\",\"dateModified\":\"2026-03-09T06:29:59+00:00\",\"description\":\"Malingre Truchon Tradition Champagne Brut. Das Weingut Malingre Truchon ist ein Familienbetrieb im Herzen des Saint-Thierry-Massivs, nahe Reims.\",\"breadcrumb\":{\"@id\":\"https:\/\/fonsvinum.com\/de\/produkt\/malingre-truchon-tradition-champagne-brut\/#breadcrumb\"},\"inLanguage\":\"de\",\"potentialAction\":[{\"@type\":\"ReadAction\",\"target\":[\"https:\/\/fonsvinum.com\/de\/produkt\/malingre-truchon-tradition-champagne-brut\/\"]}]},{\"@type\":\"ImageObject\",\"inLanguage\":\"de\",\"@id\":\"https:\/\/fonsvinum.com\/de\/produkt\/malingre-truchon-tradition-champagne-brut\/#primaryimage\",\"url\":\"https:\/\/fonsvinum.com\/files\/2026\/03\/Champagne-Malingre-Truchon-Tradition.png\",\"contentUrl\":\"https:\/\/fonsvinum.com\/files\/2026\/03\/Champagne-Malingre-Truchon-Tradition.png\",\"width\":200,\"height\":600,\"caption\":\"Champagne Malingre Truchon Tradition Brut\"},{\"@type\":\"BreadcrumbList\",\"@id\":\"https:\/\/fonsvinum.com\/de\/produkt\/malingre-truchon-tradition-champagne-brut\/#breadcrumb\",\"itemListElement\":[{\"@type\":\"ListItem\",\"position\":1,\"name\":\"Startseite\",\"item\":\"https:\/\/fonsvinum.com\/de\/\"},{\"@type\":\"ListItem\",\"position\":2,\"name\":\"Shop\",\"item\":\"https:\/\/fonsvinum.com\/de\/shop\/\"},{\"@type\":\"ListItem\",\"position\":3,\"name\":\"Malingre Truchon Tradition Champagne Brut\"}]},{\"@type\":\"WebSite\",\"@id\":\"https:\/\/fonsvinum.com\/en\/#website\",\"url\":\"https:\/\/fonsvinum.com\/en\/\",\"name\":\"Fons Vinum\",\"description\":\"Vendita Vino Online\",\"publisher\":{\"@id\":\"https:\/\/fonsvinum.com\/en\/#organization\"},\"potentialAction\":[{\"@type\":\"SearchAction\",\"target\":{\"@type\":\"EntryPoint\",\"urlTemplate\":\"https:\/\/fonsvinum.com\/en\/?s={search_term_string}\"},\"query-input\":{\"@type\":\"PropertyValueSpecification\",\"valueRequired\":true,\"valueName\":\"search_term_string\"}}],\"inLanguage\":\"de\"},{\"@type\":\"Organization\",\"@id\":\"https:\/\/fonsvinum.com\/en\/#organization\",\"name\":\"Fons Vinum\",\"url\":\"https:\/\/fonsvinum.com\/en\/\",\"logo\":{\"@type\":\"ImageObject\",\"inLanguage\":\"de\",\"@id\":\"https:\/\/fonsvinum.com\/en\/#\/schema\/logo\/image\/\",\"url\":\"\",\"contentUrl\":\"\",\"caption\":\"Fons Vinum\"},\"image\":{\"@id\":\"https:\/\/fonsvinum.com\/en\/#\/schema\/logo\/image\/\"}}]}<\/script>\n<!-- \/ Yoast SEO plugin. -->","yoast_head_json":{"title":"Acquista Malingre Truchon Tradition Champagne Brut","description":"Malingre Truchon Tradition Champagne Brut. Das Weingut Malingre Truchon ist ein Familienbetrieb im Herzen des Saint-Thierry-Massivs, nahe Reims.","robots":{"index":"index","follow":"follow","max-snippet":"max-snippet:-1","max-image-preview":"max-image-preview:large","max-video-preview":"max-video-preview:-1"},"canonical":"https:\/\/fonsvinum.com\/de\/produkt\/malingre-truchon-tradition-champagne-brut\/","og_locale":"de_DE","og_type":"article","og_title":"Acquista Malingre Truchon Tradition Champagne Brut","og_description":"Malingre Truchon Tradition Champagne Brut. Das Weingut Malingre Truchon ist ein Familienbetrieb im Herzen des Saint-Thierry-Massivs, nahe Reims.","og_url":"https:\/\/fonsvinum.com\/de\/produkt\/malingre-truchon-tradition-champagne-brut\/","og_site_name":"Fons Vinum","article_modified_time":"2026-03-09T06:29:59+00:00","og_image":[{"width":200,"height":600,"url":"https:\/\/fonsvinum.com\/files\/2026\/03\/Champagne-Malingre-Truchon-Tradition.png","type":"image\/png"}],"twitter_misc":{"Gesch\u00e4tzte Lesezeit":"2\u00a0Minuten"},"schema":{"@context":"https:\/\/schema.org","@graph":[{"@type":"WebPage","@id":"https:\/\/fonsvinum.com\/de\/produkt\/malingre-truchon-tradition-champagne-brut\/","url":"https:\/\/fonsvinum.com\/de\/produkt\/malingre-truchon-tradition-champagne-brut\/","name":"Acquista Malingre Truchon Tradition Champagne Brut","isPartOf":{"@id":"https:\/\/fonsvinum.com\/en\/#website"},"primaryImageOfPage":{"@id":"https:\/\/fonsvinum.com\/de\/produkt\/malingre-truchon-tradition-champagne-brut\/#primaryimage"},"image":{"@id":"https:\/\/fonsvinum.com\/de\/produkt\/malingre-truchon-tradition-champagne-brut\/#primaryimage"},"thumbnailUrl":"https:\/\/fonsvinum.com\/files\/2026\/03\/Champagne-Malingre-Truchon-Tradition.png","datePublished":"2026-03-06T08:50:20+00:00","dateModified":"2026-03-09T06:29:59+00:00","description":"Malingre Truchon Tradition Champagne Brut. Das Weingut Malingre Truchon ist ein Familienbetrieb im Herzen des Saint-Thierry-Massivs, nahe Reims.","breadcrumb":{"@id":"https:\/\/fonsvinum.com\/de\/produkt\/malingre-truchon-tradition-champagne-brut\/#breadcrumb"},"inLanguage":"de","potentialAction":[{"@type":"ReadAction","target":["https:\/\/fonsvinum.com\/de\/produkt\/malingre-truchon-tradition-champagne-brut\/"]}]},{"@type":"ImageObject","inLanguage":"de","@id":"https:\/\/fonsvinum.com\/de\/produkt\/malingre-truchon-tradition-champagne-brut\/#primaryimage","url":"https:\/\/fonsvinum.com\/files\/2026\/03\/Champagne-Malingre-Truchon-Tradition.png","contentUrl":"https:\/\/fonsvinum.com\/files\/2026\/03\/Champagne-Malingre-Truchon-Tradition.png","width":200,"height":600,"caption":"Champagne Malingre Truchon Tradition Brut"},{"@type":"BreadcrumbList","@id":"https:\/\/fonsvinum.com\/de\/produkt\/malingre-truchon-tradition-champagne-brut\/#breadcrumb","itemListElement":[{"@type":"ListItem","position":1,"name":"Startseite","item":"https:\/\/fonsvinum.com\/de\/"},{"@type":"ListItem","position":2,"name":"Shop","item":"https:\/\/fonsvinum.com\/de\/shop\/"},{"@type":"ListItem","position":3,"name":"Malingre Truchon Tradition Champagne Brut"}]},{"@type":"WebSite","@id":"https:\/\/fonsvinum.com\/en\/#website","url":"https:\/\/fonsvinum.com\/en\/","name":"Fons Vinum","description":"Vendita Vino Online","publisher":{"@id":"https:\/\/fonsvinum.com\/en\/#organization"},"potentialAction":[{"@type":"SearchAction","target":{"@type":"EntryPoint","urlTemplate":"https:\/\/fonsvinum.com\/en\/?s={search_term_string}"},"query-input":{"@type":"PropertyValueSpecification","valueRequired":true,"valueName":"search_term_string"}}],"inLanguage":"de"},{"@type":"Organization","@id":"https:\/\/fonsvinum.com\/en\/#organization","name":"Fons Vinum","url":"https:\/\/fonsvinum.com\/en\/","logo":{"@type":"ImageObject","inLanguage":"de","@id":"https:\/\/fonsvinum.com\/en\/#\/schema\/logo\/image\/","url":"","contentUrl":"","caption":"Fons Vinum"},"image":{"@id":"https:\/\/fonsvinum.com\/en\/#\/schema\/logo\/image\/"}}]}},"acf":[],"_links":{"self":[{"href":"https:\/\/fonsvinum.com\/de\/wp-json\/wp\/v2\/product\/48812","targetHints":{"allow":["GET"]}}],"collection":[{"href":"https:\/\/fonsvinum.com\/de\/wp-json\/wp\/v2\/product"}],"about":[{"href":"https:\/\/fonsvinum.com\/de\/wp-json\/wp\/v2\/types\/product"}],"replies":[{"embeddable":true,"href":"https:\/\/fonsvinum.com\/de\/wp-json\/wp\/v2\/comments?post=48812"}],"wp:featuredmedia":[{"embeddable":true,"href":"https:\/\/fonsvinum.com\/de\/wp-json\/wp\/v2\/media\/48834"}],"wp:attachment":[{"href":"https:\/\/fonsvinum.com\/de\/wp-json\/wp\/v2\/media?parent=48812"}],"wp:term":[{"taxonomy":"product_brand","embeddable":true,"href":"https:\/\/fonsvinum.com\/de\/wp-json\/wp\/v2\/product_brand?post=48812"},{"taxonomy":"product_cat","embeddable":true,"href":"https:\/\/fonsvinum.com\/de\/wp-json\/wp\/v2\/product_cat?post=48812"},{"taxonomy":"product_tag","embeddable":true,"href":"https:\/\/fonsvinum.com\/de\/wp-json\/wp\/v2\/product_tag?post=48812"}],"curies":[{"name":"wp","href":"https:\/\/api.w.org\/{rel}","templated":true}]}}