{"id":48806,"date":"2026-03-05T09:39:41","date_gmt":"2026-03-05T08:39:41","guid":{"rendered":"https:\/\/fonsvinum.com\/?post_type=product&#038;p=48806"},"modified":"2026-03-07T08:53:02","modified_gmt":"2026-03-07T07:53:02","slug":"claude-perrard-champagne-brut-rose","status":"publish","type":"product","link":"https:\/\/fonsvinum.com\/de\/produkt\/claude-perrard-champagne-brut-rose\/","title":{"rendered":"CLAUDE PERRARD CHAMPAGNE BRUT ROSE"},"content":{"rendered":"<h1>CLAUDE PERRARD <a href=\"https:\/\/fonsvinum.com\/?s=champagne+ros%C3%A8&amp;post_type=product\">CHAMPAGNE BRUT ROSE&#8216;<\/a><\/h1>\n<h2>CLAUDE PERRARD CHAMPAGNE BRUT\u00a0 ROSE&#8216;<\/h2>\n<p>Claude PERRARD Brut Ros\u00e9 Champagner entsteht aus einer Mischung von Pinot Noir und <a href=\"https:\/\/www.champagne-terroir.fr\/it\/118-coteaux-champenois\">Coteaux Champenois<\/a>.<\/p>\n<p>Diese Weine wurden sorgf\u00e4ltig ausgew\u00e4hlt und zu einer harmonischen Komposition verwoben. Ihre Eleganz und Frische werden Sie begeistern.<br \/>\nBewundern Sie ihre wundersch\u00f6ne lachsrosa Farbe.<\/p>\n<p>Der Claude PERRARD Brut Ros\u00e9 Champagner verstr\u00f6mt Aromen von Mandeln und Mohnbonbons mit Noten von roten Fr\u00fcchten.<br \/>\nAm Gaumen pr\u00e4sentiert er sich geschmeidig und vollmundig mit einer harmonischen Balance, ohne dabei zu weinig zu wirken, und besticht durch eine angenehme Frische im Abgang.<\/p>\n<p>Unser Wein harmoniert hervorragend mit hellem Fleisch und Grillgerichten.<br \/>\nEr passt auch wunderbar zu Gerichten wie Lachs mit Mandeln oder Seezunge mit Sauce Armorican.<br \/>\nZiegenk\u00e4se ist ebenfalls eine ausgezeichnete Wahl.<\/p>\n<p>Zum Schluss sei noch erw\u00e4hnt, dass der Claude PERRARD Brut Ros\u00e9 Champagner Ihre Desserts mit roten Fr\u00fcchten perfekt abrundet.<\/p>\n<h2>PETITE MAISON CLAUDE <a href=\"https:\/\/fonsvinum.com\/?s=perrard&amp;post_type=product\">PERRARD<\/a>&#8211; VIGNERONS DE CHAMPAGNES- GESCHICHTE-<\/h2>\n<blockquote><p>Champagner Claude PERRARD entstand aus einer Leidenschaft, die seit 1911 vom Vater an den Sohn weitergegeben wurde.<\/p>\n<p>Heute f\u00fchren Fr\u00e9d\u00e9ric und Jean-Pierre PERRARD diese Tradition fort.<\/p>\n<p>Champagner Claude PERRARD bleibt somit Zeuge eines au\u00dfergew\u00f6hnlichen Terroirs mit charaktervollen Weinen mit sch\u00f6ner Rundheit und komplexen Aromen.<\/p>\n<p>Sie verschneiden haupts\u00e4chlich Pinot Noir, aber auch Pinot Meunier und Chardonnay.<\/p>\n<p>Dieser Partner f\u00fcr unvergessliche Momente stammt aus nachhaltigem Weinbau, um diese au\u00dfergew\u00f6hnlichen Produkte zu erhalten.<\/p>\n<p>Es ist wichtig, den Platz von Boden und Pflanzen im Management des Agrarsystems und seiner Artenvielfalt neu zu entdecken.<\/p>\n<p>Um diese Ziele zu erreichen, hinterfragen wir st\u00e4ndig unsere Methoden, um Traditionen und aktuelle Erkenntnisse unter Einhaltung der Umweltvorschriften zu verbinden.<\/p>\n<p>Die Weinberge liegen rund um das Dorf Rouvres-les-vignes, C\u00f4te des Bars.<\/p><\/blockquote>\n","protected":false},"excerpt":{"rendered":"<p>CLAUDE PERRARD CHAMPAGNE BRUT ROSE&#8216; CLAUDE PERRARD CHAMPAGNE BRUT\u00a0 ROSE&#8216; Claude PERRARD Brut Ros\u00e9 Champagner entsteht aus einer Mischung von Pinot Noir und Coteaux Champenois. Diese Weine wurden sorgf\u00e4ltig ausgew\u00e4hlt und zu einer harmonischen Komposition verwoben. Ihre Eleganz und Frische werden Sie begeistern. Bewundern Sie ihre wundersch\u00f6ne lachsrosa Farbe. Der Claude PERRARD Brut Ros\u00e9 Champagner [&hellip;]<\/p>\n","protected":false},"featured_media":48826,"comment_status":"open","ping_status":"closed","template":"","meta":{"_acf_changed":false,"_monsterinsights_skip_tracking":false,"_monsterinsights_sitenote_active":false,"_monsterinsights_sitenote_note":"","_monsterinsights_sitenote_category":0},"product_brand":[],"product_cat":[2160],"product_tag":[1733,1802],"class_list":{"0":"post-48806","1":"product","2":"type-product","3":"status-publish","4":"has-post-thumbnail","6":"product_cat-champagne-de","7":"product_tag-aussergewoehnliche-weine-de","8":"product_tag-champagne-de","9":"pa_appellation-champagne-aoc-de","10":"pa_formato-0-75-l-flasche-de","11":"pa_region-champagne-de","12":"pa_vintage-no-vintage-de","14":"first","15":"instock","16":"taxable","17":"shipping-taxable","18":"purchasable","19":"product-type-simple"},"bundled_by":[],"bundle_stock_status":"instock","bundle_stock_quantity":12,"bundle_virtual":false,"bundle_layout":"","bundle_add_to_cart_form_location":"","bundle_editable_in_cart":false,"bundle_sold_individually_context":"","bundle_item_grouping":"","bundle_min_size":"","bundle_max_size":"","bundle_price":[],"bundled_items":[],"bundle_sell_ids":[],"yoast_head":"<!-- This site is optimized with the Yoast SEO plugin v27.2 - https:\/\/yoast.com\/product\/yoast-seo-wordpress\/ -->\n<title>CLAUDE PERRARD CHAMPAGNE BRUT ROSE<\/title>\n<meta name=\"description\" content=\"Kaufen online CLAUDE PERRARD CHAMPAGNE BRUT ROSE on Fons Vinum.................ein toller franz\u00f6sischer Champagner!!!! Wir importieren seit 2024\" \/>\n<meta name=\"robots\" content=\"index, follow, max-snippet:-1, max-image-preview:large, max-video-preview:-1\" \/>\n<link rel=\"canonical\" href=\"https:\/\/fonsvinum.com\/de\/produkt\/claude-perrard-champagne-brut-rose\/\" \/>\n<meta property=\"og:locale\" content=\"de_DE\" \/>\n<meta property=\"og:type\" content=\"article\" \/>\n<meta property=\"og:title\" content=\"CLAUDE PERRARD CHAMPAGNE BRUT ROSE\" \/>\n<meta property=\"og:description\" content=\"Kaufen online CLAUDE PERRARD CHAMPAGNE BRUT ROSE on Fons Vinum.................ein toller franz\u00f6sischer Champagner!!!! Wir importieren seit 2024\" \/>\n<meta property=\"og:url\" content=\"https:\/\/fonsvinum.com\/de\/produkt\/claude-perrard-champagne-brut-rose\/\" \/>\n<meta property=\"og:site_name\" content=\"Fons Vinum\" \/>\n<meta property=\"article:modified_time\" content=\"2026-03-07T07:53:02+00:00\" \/>\n<meta property=\"og:image\" content=\"https:\/\/fonsvinum.com\/files\/2026\/03\/Champagne-Claude-Perrard-Rose.png\" \/>\n\t<meta property=\"og:image:width\" content=\"200\" \/>\n\t<meta property=\"og:image:height\" content=\"600\" \/>\n\t<meta property=\"og:image:type\" content=\"image\/png\" \/>\n<meta name=\"twitter:label1\" content=\"Gesch\u00e4tzte Lesezeit\" \/>\n\t<meta name=\"twitter:data1\" content=\"1\u00a0Minute\" \/>\n<script type=\"application\/ld+json\" class=\"yoast-schema-graph\">{\"@context\":\"https:\/\/schema.org\",\"@graph\":[{\"@type\":\"WebPage\",\"@id\":\"https:\/\/fonsvinum.com\/de\/produkt\/claude-perrard-champagne-brut-rose\/\",\"url\":\"https:\/\/fonsvinum.com\/de\/produkt\/claude-perrard-champagne-brut-rose\/\",\"name\":\"CLAUDE PERRARD CHAMPAGNE BRUT ROSE\",\"isPartOf\":{\"@id\":\"https:\/\/fonsvinum.com\/en\/#website\"},\"primaryImageOfPage\":{\"@id\":\"https:\/\/fonsvinum.com\/de\/produkt\/claude-perrard-champagne-brut-rose\/#primaryimage\"},\"image\":{\"@id\":\"https:\/\/fonsvinum.com\/de\/produkt\/claude-perrard-champagne-brut-rose\/#primaryimage\"},\"thumbnailUrl\":\"https:\/\/fonsvinum.com\/files\/2026\/03\/Champagne-Claude-Perrard-Rose.png\",\"datePublished\":\"2026-03-05T08:39:41+00:00\",\"dateModified\":\"2026-03-07T07:53:02+00:00\",\"description\":\"Kaufen online CLAUDE PERRARD CHAMPAGNE BRUT ROSE on Fons Vinum.................ein toller franz\u00f6sischer Champagner!!!! Wir importieren seit 2024\",\"breadcrumb\":{\"@id\":\"https:\/\/fonsvinum.com\/de\/produkt\/claude-perrard-champagne-brut-rose\/#breadcrumb\"},\"inLanguage\":\"de\",\"potentialAction\":[{\"@type\":\"ReadAction\",\"target\":[\"https:\/\/fonsvinum.com\/de\/produkt\/claude-perrard-champagne-brut-rose\/\"]}]},{\"@type\":\"ImageObject\",\"inLanguage\":\"de\",\"@id\":\"https:\/\/fonsvinum.com\/de\/produkt\/claude-perrard-champagne-brut-rose\/#primaryimage\",\"url\":\"https:\/\/fonsvinum.com\/files\/2026\/03\/Champagne-Claude-Perrard-Rose.png\",\"contentUrl\":\"https:\/\/fonsvinum.com\/files\/2026\/03\/Champagne-Claude-Perrard-Rose.png\",\"width\":200,\"height\":600,\"caption\":\"Champagne-Claude-Perrard-Rose.png\"},{\"@type\":\"BreadcrumbList\",\"@id\":\"https:\/\/fonsvinum.com\/de\/produkt\/claude-perrard-champagne-brut-rose\/#breadcrumb\",\"itemListElement\":[{\"@type\":\"ListItem\",\"position\":1,\"name\":\"Startseite\",\"item\":\"https:\/\/fonsvinum.com\/de\/\"},{\"@type\":\"ListItem\",\"position\":2,\"name\":\"Shop\",\"item\":\"https:\/\/fonsvinum.com\/de\/shop\/\"},{\"@type\":\"ListItem\",\"position\":3,\"name\":\"CLAUDE PERRARD CHAMPAGNE BRUT ROSE\"}]},{\"@type\":\"WebSite\",\"@id\":\"https:\/\/fonsvinum.com\/en\/#website\",\"url\":\"https:\/\/fonsvinum.com\/en\/\",\"name\":\"Fons Vinum\",\"description\":\"Vendita Vino Online\",\"publisher\":{\"@id\":\"https:\/\/fonsvinum.com\/en\/#organization\"},\"potentialAction\":[{\"@type\":\"SearchAction\",\"target\":{\"@type\":\"EntryPoint\",\"urlTemplate\":\"https:\/\/fonsvinum.com\/en\/?s={search_term_string}\"},\"query-input\":{\"@type\":\"PropertyValueSpecification\",\"valueRequired\":true,\"valueName\":\"search_term_string\"}}],\"inLanguage\":\"de\"},{\"@type\":\"Organization\",\"@id\":\"https:\/\/fonsvinum.com\/en\/#organization\",\"name\":\"Fons Vinum\",\"url\":\"https:\/\/fonsvinum.com\/en\/\",\"logo\":{\"@type\":\"ImageObject\",\"inLanguage\":\"de\",\"@id\":\"https:\/\/fonsvinum.com\/en\/#\/schema\/logo\/image\/\",\"url\":\"\",\"contentUrl\":\"\",\"caption\":\"Fons Vinum\"},\"image\":{\"@id\":\"https:\/\/fonsvinum.com\/en\/#\/schema\/logo\/image\/\"}}]}<\/script>\n<!-- \/ Yoast SEO plugin. -->","yoast_head_json":{"title":"CLAUDE PERRARD CHAMPAGNE BRUT ROSE","description":"Kaufen online CLAUDE PERRARD CHAMPAGNE BRUT ROSE on Fons Vinum.................ein toller franz\u00f6sischer Champagner!!!! Wir importieren seit 2024","robots":{"index":"index","follow":"follow","max-snippet":"max-snippet:-1","max-image-preview":"max-image-preview:large","max-video-preview":"max-video-preview:-1"},"canonical":"https:\/\/fonsvinum.com\/de\/produkt\/claude-perrard-champagne-brut-rose\/","og_locale":"de_DE","og_type":"article","og_title":"CLAUDE PERRARD CHAMPAGNE BRUT ROSE","og_description":"Kaufen online CLAUDE PERRARD CHAMPAGNE BRUT ROSE on Fons Vinum.................ein toller franz\u00f6sischer Champagner!!!! Wir importieren seit 2024","og_url":"https:\/\/fonsvinum.com\/de\/produkt\/claude-perrard-champagne-brut-rose\/","og_site_name":"Fons Vinum","article_modified_time":"2026-03-07T07:53:02+00:00","og_image":[{"width":200,"height":600,"url":"https:\/\/fonsvinum.com\/files\/2026\/03\/Champagne-Claude-Perrard-Rose.png","type":"image\/png"}],"twitter_misc":{"Gesch\u00e4tzte Lesezeit":"1\u00a0Minute"},"schema":{"@context":"https:\/\/schema.org","@graph":[{"@type":"WebPage","@id":"https:\/\/fonsvinum.com\/de\/produkt\/claude-perrard-champagne-brut-rose\/","url":"https:\/\/fonsvinum.com\/de\/produkt\/claude-perrard-champagne-brut-rose\/","name":"CLAUDE PERRARD CHAMPAGNE BRUT ROSE","isPartOf":{"@id":"https:\/\/fonsvinum.com\/en\/#website"},"primaryImageOfPage":{"@id":"https:\/\/fonsvinum.com\/de\/produkt\/claude-perrard-champagne-brut-rose\/#primaryimage"},"image":{"@id":"https:\/\/fonsvinum.com\/de\/produkt\/claude-perrard-champagne-brut-rose\/#primaryimage"},"thumbnailUrl":"https:\/\/fonsvinum.com\/files\/2026\/03\/Champagne-Claude-Perrard-Rose.png","datePublished":"2026-03-05T08:39:41+00:00","dateModified":"2026-03-07T07:53:02+00:00","description":"Kaufen online CLAUDE PERRARD CHAMPAGNE BRUT ROSE on Fons Vinum.................ein toller franz\u00f6sischer Champagner!!!! Wir importieren seit 2024","breadcrumb":{"@id":"https:\/\/fonsvinum.com\/de\/produkt\/claude-perrard-champagne-brut-rose\/#breadcrumb"},"inLanguage":"de","potentialAction":[{"@type":"ReadAction","target":["https:\/\/fonsvinum.com\/de\/produkt\/claude-perrard-champagne-brut-rose\/"]}]},{"@type":"ImageObject","inLanguage":"de","@id":"https:\/\/fonsvinum.com\/de\/produkt\/claude-perrard-champagne-brut-rose\/#primaryimage","url":"https:\/\/fonsvinum.com\/files\/2026\/03\/Champagne-Claude-Perrard-Rose.png","contentUrl":"https:\/\/fonsvinum.com\/files\/2026\/03\/Champagne-Claude-Perrard-Rose.png","width":200,"height":600,"caption":"Champagne-Claude-Perrard-Rose.png"},{"@type":"BreadcrumbList","@id":"https:\/\/fonsvinum.com\/de\/produkt\/claude-perrard-champagne-brut-rose\/#breadcrumb","itemListElement":[{"@type":"ListItem","position":1,"name":"Startseite","item":"https:\/\/fonsvinum.com\/de\/"},{"@type":"ListItem","position":2,"name":"Shop","item":"https:\/\/fonsvinum.com\/de\/shop\/"},{"@type":"ListItem","position":3,"name":"CLAUDE PERRARD CHAMPAGNE BRUT ROSE"}]},{"@type":"WebSite","@id":"https:\/\/fonsvinum.com\/en\/#website","url":"https:\/\/fonsvinum.com\/en\/","name":"Fons Vinum","description":"Vendita Vino Online","publisher":{"@id":"https:\/\/fonsvinum.com\/en\/#organization"},"potentialAction":[{"@type":"SearchAction","target":{"@type":"EntryPoint","urlTemplate":"https:\/\/fonsvinum.com\/en\/?s={search_term_string}"},"query-input":{"@type":"PropertyValueSpecification","valueRequired":true,"valueName":"search_term_string"}}],"inLanguage":"de"},{"@type":"Organization","@id":"https:\/\/fonsvinum.com\/en\/#organization","name":"Fons Vinum","url":"https:\/\/fonsvinum.com\/en\/","logo":{"@type":"ImageObject","inLanguage":"de","@id":"https:\/\/fonsvinum.com\/en\/#\/schema\/logo\/image\/","url":"","contentUrl":"","caption":"Fons Vinum"},"image":{"@id":"https:\/\/fonsvinum.com\/en\/#\/schema\/logo\/image\/"}}]}},"acf":[],"_links":{"self":[{"href":"https:\/\/fonsvinum.com\/de\/wp-json\/wp\/v2\/product\/48806","targetHints":{"allow":["GET"]}}],"collection":[{"href":"https:\/\/fonsvinum.com\/de\/wp-json\/wp\/v2\/product"}],"about":[{"href":"https:\/\/fonsvinum.com\/de\/wp-json\/wp\/v2\/types\/product"}],"replies":[{"embeddable":true,"href":"https:\/\/fonsvinum.com\/de\/wp-json\/wp\/v2\/comments?post=48806"}],"wp:featuredmedia":[{"embeddable":true,"href":"https:\/\/fonsvinum.com\/de\/wp-json\/wp\/v2\/media\/48826"}],"wp:attachment":[{"href":"https:\/\/fonsvinum.com\/de\/wp-json\/wp\/v2\/media?parent=48806"}],"wp:term":[{"taxonomy":"product_brand","embeddable":true,"href":"https:\/\/fonsvinum.com\/de\/wp-json\/wp\/v2\/product_brand?post=48806"},{"taxonomy":"product_cat","embeddable":true,"href":"https:\/\/fonsvinum.com\/de\/wp-json\/wp\/v2\/product_cat?post=48806"},{"taxonomy":"product_tag","embeddable":true,"href":"https:\/\/fonsvinum.com\/de\/wp-json\/wp\/v2\/product_tag?post=48806"}],"curies":[{"name":"wp","href":"https:\/\/api.w.org\/{rel}","templated":true}]}}