{"id":48786,"date":"2026-03-04T20:54:22","date_gmt":"2026-03-04T19:54:22","guid":{"rendered":"https:\/\/fonsvinum.com\/?post_type=product&#038;p=48786"},"modified":"2026-03-04T21:08:26","modified_gmt":"2026-03-04T20:08:26","slug":"tenute-dellornellaia-le-serre-nuove-2023","status":"publish","type":"product","link":"https:\/\/fonsvinum.com\/de\/produkt\/tenute-dellornellaia-le-serre-nuove-2023\/","title":{"rendered":"TENUTE DELL&#8217;ORNELLAIA Le Serre Nuove 2023"},"content":{"rendered":"<h1><a href=\"https:\/\/www.ornellaia.com\/de\/weine\/\">\u00a0TENUTE DELL&#8217;ORNELLAIA Le Serre Nuove 2023<\/a><\/h1>\n<h2>Philosophie<\/h2>\n<p>Die Produktionsphilosophie des Unternehmens ist auf ein einziges Ziel ausgerichtet: Qualit\u00e4t. Jede Entscheidung ist daher von gr\u00f6\u00dfter Wichtigkeit und erfordert absolute Detailgenauigkeit. In keiner Phase des Produktionsprozesses sind Abk\u00fcrzungen erlaubt: So arbeiten wir, und so gelingt es Ornellaia, die besten Trauben entsprechend den klimatischen Bedingungen jedes Jahrgangs zu gewinnen.<\/p>\n<p>W\u00e4hrend der Lese erm\u00f6glichen uns Analysen und empirische Tests die sorgf\u00e4ltige Auswahl der zu erntenden Trauben. Die Traubenverkostung erlaubt uns, den Reifegrad der Tannine und die Ausgewogenheit der Trauben besser zu beurteilen. Dadurch k\u00f6nnen wir den optimalen Lesezeitpunkt und die beste Weinbereitungstechnik f\u00fcr die Trauben jeder Parzelle bestimmen. Wir unterziehen die Trauben einem zweifachen Selektionsprozess: einer ersten Sortierung zur Qualit\u00e4tspr\u00fcfung, gefolgt von einer zweiten Pr\u00fcfung zur Entfernung von Resten der Vegetation.<\/p>\n<p>Die Trauben jeder Lage verg\u00e4ren separat, da jeder Grundwein zur finalen Cuv\u00e9e beitr\u00e4gt, basierend auf den spezifischen Bedingungen seines Weinbergs: der Kombination aus Bodenbeschaffenheit, klimatischer Ausrichtung und nat\u00fcrlich der Rebsorte. Erst nach einem Jahr Fassreife werden die Grundweine unter Ber\u00fccksichtigung zweier Hauptkriterien zusammengestellt: dem Ausdruck der f\u00fcr Ornellaia typischen Eleganz und dem Stil des jeweiligen Jahrgangs.<\/p>\n<p>Ornellaia hat sich verpflichtet, die Legende fortzuf\u00fchren, ohne sich auf seinen Lorbeeren auszuruhen, und stets die bestm\u00f6gliche Verbindung von technischem K\u00f6nnen und handwerklicher Perfektion anzustreben.<\/p>\n<h2>DIE FAMILIE FRESCOBALDI<\/h2>\n<p>Seit 700 Jahren verbindet die Familie Frescobaldi Tradition, Erfahrung und Innovation mit Kreativit\u00e4t und dem Streben nach Exzellenz. Die Familie hat sich stets bem\u00fcht, die Vielfalt des toskanischen Terroirs zu entwickeln und zu feiern. Als stolze Besitzer einiger der besten Weinberge der Region haben sie stets darauf geachtet, die Identit\u00e4t und Autonomie jedes einzelnen Weinguts zu bewahren.<\/p>\n<p>ORNELLAIA, eines der bekanntesten Weing\u00fcter der Welt, erreichte unter der F\u00fchrung der Familie Frescobaldi seinen H\u00f6hepunkt.<\/p>\n<p>Ornellaia ist neben ATTEMS (Friaul) MASSETO, DANZANTE, LUCE DELLA VITE und den sechs FRESCOBALDI-Anwesen eines der Anwesen der Familie: Nipozzano, CastelGiocondo, Pomino, Ammiraglia, Castiglioni und Remole.<\/p>\n<h2>Le Serre Nuove <a href=\"https:\/\/fonsvinum.com\/de\/?s=ornellaia&amp;post_type=product\">dell\u2019Ornellaia<\/a> \u2013 BOLGHERI DOC ROSSO<\/h2>\n<p>Le Serre Nuove dell\u2019Ornellaia wird mit der gleichen Leidenschaft und Liebe zum Detail wie Ornellaia hergestellt und ist ein wahrer \u201ezweiter Wein\u201c. Als Mischung aus Merlot, Cabernet Sauvignon, Cabernet Franc und Petit Verdot verbindet er unmittelbaren Genuss und Komplexit\u00e4t am Gaumen und in der Nase mit nachgewiesenem Alterungspotenzial.<\/p>\n<h2>Jahrgang 2023<\/h2>\n<p>44 % Merlot, 37 % Cabernet Sauvignon, 11 % Cabernet Franc, 8 % Petit Verdot<\/p>\n<p>Der Jahrgang 2023 war in Bolgheri eine Herausforderung, profitierte aber in entscheidenden Momenten der Wachstumsperiode von der Gunst der Natur.<\/p>\n<p>Der Winter war mild mit relativ hohen Temperaturen und normalen Niederschl\u00e4gen, was das fr\u00fche Wachstum der Reben beg\u00fcnstigte.<\/p>\n<p>Der Fr\u00fchling brachte reichlich Regen, der die Wasserreserven f\u00fcr den Sommer wieder auff\u00fcllte, aber sorgf\u00e4ltige Arbeit im Weinberg erforderte.<\/p>\n<p>Der hei\u00dfe Sommer war von hohen, wenn auch nicht extremen Temperaturen gepr\u00e4gt, begleitet von Niederschl\u00e4gen, die den Wasserstress in den Weinbergen milderten. Dies erm\u00f6glichte eine allm\u00e4hliche und gleichm\u00e4\u00dfige Reifung der Trauben, die eine hohe Konzentration erreichten. Die Regenf\u00e4lle Ende August und die k\u00fchlen Septembern\u00e4chte f\u00f6rderten die Entwicklung der aromatischen Komplexit\u00e4t und bewahrten die S\u00e4ure des Weins, wodurch eine perfekte Balance zwischen Kraft und Eleganz gew\u00e4hrleistet wurde.<\/p>\n<h2>WEINBEREITUNG UND AUSBAU \u2013 <a href=\"https:\/\/www.ornellaia.com\/it\/vini\/le-serre-nuove-dellornellaia-2023\/\">2023<\/a><\/h2>\n<p>Die Trauben wurden von Hand in 15-kg-Kisten gelesen und vor und nach dem Entrappen an einem doppelten Sortiertisch selektiert. Anschlie\u00dfend erfolgte eine schonende Pressung.<\/p>\n<p>Seit 2016 wird zus\u00e4tzlich zur manuellen Selektion eine optische Sortierung eingesetzt, um die Qualit\u00e4t der Selektion weiter zu verbessern. Jede Rebsorte und jede Parzelle wurde separat vinifiziert. Die alkoholische G\u00e4rung erfolgte teils in Edelstahltanks, teils in Betontanks bei Temperaturen zwischen 22 und 28 \u00b0C \u00fcber zwei Wochen, gefolgt von einer Maischeg\u00e4rung von etwa 10 bis 15 Tagen.<\/p>\n<p>Der biologische S\u00e4ureabbau fand in Edelstahltanks statt, anschlie\u00dfend wurden die Weine in Barriques (25 % neu, 75 % gebraucht) umgef\u00fcllt.<\/p>\n<p>Der Wein reifte etwa 15 Monate in den Barriques im temperaturkontrollierten Keller von Ornellaia. Nach den ersten zw\u00f6lf Monaten wurde der Wein assembliert und anschlie\u00dfend f\u00fcr weitere drei Monate in Barriques zur\u00fcckgef\u00fcllt. Vor der Freigabe reifte er sechs Monate in der Flasche.<\/p>\n<h2>NOTIZEN DES WEINMACHERS<\/h2>\n<p>Le Serre Nuove dell&#8217;Ornellaia 2023 pr\u00e4sentiert sich in einem intensiven Rubinrot mit violetten Reflexen, die seine Jugendlichkeit unterstreichen.<\/p>\n","protected":false},"excerpt":{"rendered":"<p>\u00a0TENUTE DELL&#8217;ORNELLAIA Le Serre Nuove 2023 Philosophie Die Produktionsphilosophie des Unternehmens ist auf ein einziges Ziel ausgerichtet: Qualit\u00e4t. Jede Entscheidung ist daher von gr\u00f6\u00dfter Wichtigkeit und erfordert absolute Detailgenauigkeit. In keiner Phase des Produktionsprozesses sind Abk\u00fcrzungen erlaubt: So arbeiten wir, und so gelingt es Ornellaia, die besten Trauben entsprechend den klimatischen Bedingungen jedes Jahrgangs zu [&hellip;]<\/p>\n","protected":false},"featured_media":3802,"comment_status":"open","ping_status":"closed","template":"","meta":{"_acf_changed":false,"_monsterinsights_skip_tracking":false,"_monsterinsights_sitenote_active":false,"_monsterinsights_sitenote_note":"","_monsterinsights_sitenote_category":0},"product_brand":[],"product_cat":[1693,2332],"product_tag":[15959,1745,3583],"class_list":{"0":"post-48786","1":"product","2":"type-product","3":"status-publish","4":"has-post-thumbnail","6":"product_cat-blend-2-de","7":"product_cat-rotweine-de","8":"product_tag-vino-rosso-de","9":"product_tag-super-tuscan-de","10":"product_tag-vini-toscani-de","11":"pa_appellation-bolgheri-rosso-doc-de","12":"pa_formato-0-75-l-flasche-de","13":"pa_producer-tenuta-dellornellaia-de","14":"pa_region-toskana-de","15":"pa_vintage-18401","17":"first","18":"instock","19":"taxable","20":"shipping-taxable","21":"purchasable","22":"product-type-simple"},"bundled_by":[],"bundle_stock_status":"instock","bundle_stock_quantity":12,"bundle_virtual":false,"bundle_layout":"","bundle_add_to_cart_form_location":"","bundle_editable_in_cart":false,"bundle_sold_individually_context":"","bundle_item_grouping":"","bundle_min_size":"","bundle_max_size":"","bundle_price":[],"bundled_items":[],"bundle_sell_ids":[],"yoast_head":"<!-- This site is optimized with the Yoast SEO plugin v27.2 - https:\/\/yoast.com\/product\/yoast-seo-wordpress\/ -->\n<title>TENUTE DELL&#039;ORNELLAIA Le Serre Nuove 2023<\/title>\n<meta name=\"description\" content=\"TENUTE DELL&#039;ORNELLAIA Le Serre Nuove 2023 Der mit der gleichen Leidenschaft und Liebe zum Detail wie der Ornellaia erzeugte.\" \/>\n<meta name=\"robots\" content=\"index, follow, max-snippet:-1, max-image-preview:large, max-video-preview:-1\" \/>\n<link rel=\"canonical\" href=\"https:\/\/fonsvinum.com\/de\/produkt\/tenute-dellornellaia-le-serre-nuove-2023\/\" \/>\n<meta property=\"og:locale\" content=\"de_DE\" \/>\n<meta property=\"og:type\" content=\"article\" \/>\n<meta property=\"og:title\" content=\"TENUTE DELL&#039;ORNELLAIA Le Serre Nuove 2023\" \/>\n<meta property=\"og:description\" content=\"TENUTE DELL&#039;ORNELLAIA Le Serre Nuove 2023 Der mit der gleichen Leidenschaft und Liebe zum Detail wie der Ornellaia erzeugte.\" \/>\n<meta property=\"og:url\" content=\"https:\/\/fonsvinum.com\/de\/produkt\/tenute-dellornellaia-le-serre-nuove-2023\/\" \/>\n<meta property=\"og:site_name\" content=\"Fons Vinum\" \/>\n<meta property=\"article:modified_time\" content=\"2026-03-04T20:08:26+00:00\" \/>\n<meta property=\"og:image\" content=\"https:\/\/fonsvinum.com\/files\/2014\/01\/bolgheri_ornellaia_le-serre-nuove1.png\" \/>\n\t<meta property=\"og:image:width\" content=\"200\" \/>\n\t<meta property=\"og:image:height\" content=\"600\" \/>\n\t<meta property=\"og:image:type\" content=\"image\/png\" \/>\n<meta name=\"twitter:label1\" content=\"Gesch\u00e4tzte Lesezeit\" \/>\n\t<meta name=\"twitter:data1\" content=\"4\u00a0Minuten\" \/>\n<script type=\"application\/ld+json\" class=\"yoast-schema-graph\">{\"@context\":\"https:\/\/schema.org\",\"@graph\":[{\"@type\":\"WebPage\",\"@id\":\"https:\/\/fonsvinum.com\/de\/produkt\/tenute-dellornellaia-le-serre-nuove-2023\/\",\"url\":\"https:\/\/fonsvinum.com\/de\/produkt\/tenute-dellornellaia-le-serre-nuove-2023\/\",\"name\":\"TENUTE DELL'ORNELLAIA Le Serre Nuove 2023\",\"isPartOf\":{\"@id\":\"https:\/\/fonsvinum.com\/en\/#website\"},\"primaryImageOfPage\":{\"@id\":\"https:\/\/fonsvinum.com\/de\/produkt\/tenute-dellornellaia-le-serre-nuove-2023\/#primaryimage\"},\"image\":{\"@id\":\"https:\/\/fonsvinum.com\/de\/produkt\/tenute-dellornellaia-le-serre-nuove-2023\/#primaryimage\"},\"thumbnailUrl\":\"https:\/\/fonsvinum.com\/files\/2014\/01\/bolgheri_ornellaia_le-serre-nuove1.png\",\"datePublished\":\"2026-03-04T19:54:22+00:00\",\"dateModified\":\"2026-03-04T20:08:26+00:00\",\"description\":\"TENUTE DELL'ORNELLAIA Le Serre Nuove 2023 Der mit der gleichen Leidenschaft und Liebe zum Detail wie der Ornellaia erzeugte.\",\"breadcrumb\":{\"@id\":\"https:\/\/fonsvinum.com\/de\/produkt\/tenute-dellornellaia-le-serre-nuove-2023\/#breadcrumb\"},\"inLanguage\":\"de\",\"potentialAction\":[{\"@type\":\"ReadAction\",\"target\":[\"https:\/\/fonsvinum.com\/de\/produkt\/tenute-dellornellaia-le-serre-nuove-2023\/\"]}]},{\"@type\":\"ImageObject\",\"inLanguage\":\"de\",\"@id\":\"https:\/\/fonsvinum.com\/de\/produkt\/tenute-dellornellaia-le-serre-nuove-2023\/#primaryimage\",\"url\":\"https:\/\/fonsvinum.com\/files\/2014\/01\/bolgheri_ornellaia_le-serre-nuove1.png\",\"contentUrl\":\"https:\/\/fonsvinum.com\/files\/2014\/01\/bolgheri_ornellaia_le-serre-nuove1.png\",\"width\":200,\"height\":600},{\"@type\":\"BreadcrumbList\",\"@id\":\"https:\/\/fonsvinum.com\/de\/produkt\/tenute-dellornellaia-le-serre-nuove-2023\/#breadcrumb\",\"itemListElement\":[{\"@type\":\"ListItem\",\"position\":1,\"name\":\"Startseite\",\"item\":\"https:\/\/fonsvinum.com\/de\/\"},{\"@type\":\"ListItem\",\"position\":2,\"name\":\"Shop\",\"item\":\"https:\/\/fonsvinum.com\/de\/shop\/\"},{\"@type\":\"ListItem\",\"position\":3,\"name\":\"TENUTE DELL&#8217;ORNELLAIA Le Serre Nuove 2023\"}]},{\"@type\":\"WebSite\",\"@id\":\"https:\/\/fonsvinum.com\/en\/#website\",\"url\":\"https:\/\/fonsvinum.com\/en\/\",\"name\":\"Fons Vinum\",\"description\":\"Vendita Vino Online\",\"publisher\":{\"@id\":\"https:\/\/fonsvinum.com\/en\/#organization\"},\"potentialAction\":[{\"@type\":\"SearchAction\",\"target\":{\"@type\":\"EntryPoint\",\"urlTemplate\":\"https:\/\/fonsvinum.com\/en\/?s={search_term_string}\"},\"query-input\":{\"@type\":\"PropertyValueSpecification\",\"valueRequired\":true,\"valueName\":\"search_term_string\"}}],\"inLanguage\":\"de\"},{\"@type\":\"Organization\",\"@id\":\"https:\/\/fonsvinum.com\/en\/#organization\",\"name\":\"Fons Vinum\",\"url\":\"https:\/\/fonsvinum.com\/en\/\",\"logo\":{\"@type\":\"ImageObject\",\"inLanguage\":\"de\",\"@id\":\"https:\/\/fonsvinum.com\/en\/#\/schema\/logo\/image\/\",\"url\":\"\",\"contentUrl\":\"\",\"caption\":\"Fons Vinum\"},\"image\":{\"@id\":\"https:\/\/fonsvinum.com\/en\/#\/schema\/logo\/image\/\"}}]}<\/script>\n<!-- \/ Yoast SEO plugin. -->","yoast_head_json":{"title":"TENUTE DELL'ORNELLAIA Le Serre Nuove 2023","description":"TENUTE DELL'ORNELLAIA Le Serre Nuove 2023 Der mit der gleichen Leidenschaft und Liebe zum Detail wie der Ornellaia erzeugte.","robots":{"index":"index","follow":"follow","max-snippet":"max-snippet:-1","max-image-preview":"max-image-preview:large","max-video-preview":"max-video-preview:-1"},"canonical":"https:\/\/fonsvinum.com\/de\/produkt\/tenute-dellornellaia-le-serre-nuove-2023\/","og_locale":"de_DE","og_type":"article","og_title":"TENUTE DELL'ORNELLAIA Le Serre Nuove 2023","og_description":"TENUTE DELL'ORNELLAIA Le Serre Nuove 2023 Der mit der gleichen Leidenschaft und Liebe zum Detail wie der Ornellaia erzeugte.","og_url":"https:\/\/fonsvinum.com\/de\/produkt\/tenute-dellornellaia-le-serre-nuove-2023\/","og_site_name":"Fons Vinum","article_modified_time":"2026-03-04T20:08:26+00:00","og_image":[{"width":200,"height":600,"url":"https:\/\/fonsvinum.com\/files\/2014\/01\/bolgheri_ornellaia_le-serre-nuove1.png","type":"image\/png"}],"twitter_misc":{"Gesch\u00e4tzte Lesezeit":"4\u00a0Minuten"},"schema":{"@context":"https:\/\/schema.org","@graph":[{"@type":"WebPage","@id":"https:\/\/fonsvinum.com\/de\/produkt\/tenute-dellornellaia-le-serre-nuove-2023\/","url":"https:\/\/fonsvinum.com\/de\/produkt\/tenute-dellornellaia-le-serre-nuove-2023\/","name":"TENUTE DELL'ORNELLAIA Le Serre Nuove 2023","isPartOf":{"@id":"https:\/\/fonsvinum.com\/en\/#website"},"primaryImageOfPage":{"@id":"https:\/\/fonsvinum.com\/de\/produkt\/tenute-dellornellaia-le-serre-nuove-2023\/#primaryimage"},"image":{"@id":"https:\/\/fonsvinum.com\/de\/produkt\/tenute-dellornellaia-le-serre-nuove-2023\/#primaryimage"},"thumbnailUrl":"https:\/\/fonsvinum.com\/files\/2014\/01\/bolgheri_ornellaia_le-serre-nuove1.png","datePublished":"2026-03-04T19:54:22+00:00","dateModified":"2026-03-04T20:08:26+00:00","description":"TENUTE DELL'ORNELLAIA Le Serre Nuove 2023 Der mit der gleichen Leidenschaft und Liebe zum Detail wie der Ornellaia erzeugte.","breadcrumb":{"@id":"https:\/\/fonsvinum.com\/de\/produkt\/tenute-dellornellaia-le-serre-nuove-2023\/#breadcrumb"},"inLanguage":"de","potentialAction":[{"@type":"ReadAction","target":["https:\/\/fonsvinum.com\/de\/produkt\/tenute-dellornellaia-le-serre-nuove-2023\/"]}]},{"@type":"ImageObject","inLanguage":"de","@id":"https:\/\/fonsvinum.com\/de\/produkt\/tenute-dellornellaia-le-serre-nuove-2023\/#primaryimage","url":"https:\/\/fonsvinum.com\/files\/2014\/01\/bolgheri_ornellaia_le-serre-nuove1.png","contentUrl":"https:\/\/fonsvinum.com\/files\/2014\/01\/bolgheri_ornellaia_le-serre-nuove1.png","width":200,"height":600},{"@type":"BreadcrumbList","@id":"https:\/\/fonsvinum.com\/de\/produkt\/tenute-dellornellaia-le-serre-nuove-2023\/#breadcrumb","itemListElement":[{"@type":"ListItem","position":1,"name":"Startseite","item":"https:\/\/fonsvinum.com\/de\/"},{"@type":"ListItem","position":2,"name":"Shop","item":"https:\/\/fonsvinum.com\/de\/shop\/"},{"@type":"ListItem","position":3,"name":"TENUTE DELL&#8217;ORNELLAIA Le Serre Nuove 2023"}]},{"@type":"WebSite","@id":"https:\/\/fonsvinum.com\/en\/#website","url":"https:\/\/fonsvinum.com\/en\/","name":"Fons Vinum","description":"Vendita Vino Online","publisher":{"@id":"https:\/\/fonsvinum.com\/en\/#organization"},"potentialAction":[{"@type":"SearchAction","target":{"@type":"EntryPoint","urlTemplate":"https:\/\/fonsvinum.com\/en\/?s={search_term_string}"},"query-input":{"@type":"PropertyValueSpecification","valueRequired":true,"valueName":"search_term_string"}}],"inLanguage":"de"},{"@type":"Organization","@id":"https:\/\/fonsvinum.com\/en\/#organization","name":"Fons Vinum","url":"https:\/\/fonsvinum.com\/en\/","logo":{"@type":"ImageObject","inLanguage":"de","@id":"https:\/\/fonsvinum.com\/en\/#\/schema\/logo\/image\/","url":"","contentUrl":"","caption":"Fons Vinum"},"image":{"@id":"https:\/\/fonsvinum.com\/en\/#\/schema\/logo\/image\/"}}]}},"acf":[],"_links":{"self":[{"href":"https:\/\/fonsvinum.com\/de\/wp-json\/wp\/v2\/product\/48786","targetHints":{"allow":["GET"]}}],"collection":[{"href":"https:\/\/fonsvinum.com\/de\/wp-json\/wp\/v2\/product"}],"about":[{"href":"https:\/\/fonsvinum.com\/de\/wp-json\/wp\/v2\/types\/product"}],"replies":[{"embeddable":true,"href":"https:\/\/fonsvinum.com\/de\/wp-json\/wp\/v2\/comments?post=48786"}],"wp:featuredmedia":[{"embeddable":true,"href":"https:\/\/fonsvinum.com\/de\/wp-json\/wp\/v2\/media\/3802"}],"wp:attachment":[{"href":"https:\/\/fonsvinum.com\/de\/wp-json\/wp\/v2\/media?parent=48786"}],"wp:term":[{"taxonomy":"product_brand","embeddable":true,"href":"https:\/\/fonsvinum.com\/de\/wp-json\/wp\/v2\/product_brand?post=48786"},{"taxonomy":"product_cat","embeddable":true,"href":"https:\/\/fonsvinum.com\/de\/wp-json\/wp\/v2\/product_cat?post=48786"},{"taxonomy":"product_tag","embeddable":true,"href":"https:\/\/fonsvinum.com\/de\/wp-json\/wp\/v2\/product_tag?post=48786"}],"curies":[{"name":"wp","href":"https:\/\/api.w.org\/{rel}","templated":true}]}}