{"id":48780,"date":"2026-03-04T15:15:21","date_gmt":"2026-03-04T14:15:21","guid":{"rendered":"https:\/\/fonsvinum.com\/?post_type=product&#038;p=48780"},"modified":"2026-03-05T09:26:37","modified_gmt":"2026-03-05T08:26:37","slug":"richard-dhondt-champagne-grand-cru-millesime-2017","status":"publish","type":"product","link":"https:\/\/fonsvinum.com\/de\/produkt\/richard-dhondt-champagne-grand-cru-millesime-2017\/","title":{"rendered":"Richard DHONDT Champagne Grand Cru Mill\u00e9sime 2017"},"content":{"rendered":"<h1>Richard DHONDT Champagne Grand Cru Mill\u00e9sime 2017<\/h1>\n<p>Dieser Champagner wird vom unabh\u00e4ngigen Winzer Renaud Richard hergestellt.<\/p>\n<p>Das Weingut liegt im Dorf Dizy bei \u00c9pernay.<\/p>\n<p>In Dizy, unweit von \u00c9pernay, produziert Maison Richard-Dhondt Champagner mit gr\u00f6\u00dftem Respekt vor der Authentizit\u00e4t des Terroirs und der Rebsorten.<\/p>\n<p>Als unabh\u00e4ngiger Winzer setzt sich Renaud Richard f\u00fcr die Qualit\u00e4t und Best\u00e4ndigkeit der Weine ein, die aus den Grand-Cru- und Premier-Cru-Lagen des Weinguts stammen.<\/p>\n<h2>Richard-Dhondt Champagner Grand Cru Jahrgang 2017<\/h2>\n<p>Die Chardonnay- und Pinot-Noir-Trauben wurden mit nat\u00fcrlichen Hefen vergoren und in Eichenf\u00e4ssern ausgebaut.<\/p>\n<p>Er wird wie ein edler Wein vinifiziert. Ein hervorragendes Preis-Leistungs-Verh\u00e4ltnis.<\/p>\n<p>Dieser Champagner verk\u00f6rpert den Stil von Maison Richard-Dhondt und wird ausschlie\u00dflich aus Trauben der Grand-Cru-Lagen \u201eAy\u201c und \u201eChouilly\u201c hergestellt und in F\u00e4ssern ausgebaut. Ein komplexer Grand-Cru-Champagner mit hohem Reifegrad.<\/p>\n<h2>Speisen- und Weinempfehlung<\/h2>\n<p>Mit seinem strahlenden Goldton und der feinen Perlage besticht dieser Champagner sofort durch seine Klasse und Lebendigkeit.<\/p>\n<p>Reichhaltig und intensiv, perfekt ausbalanciert zwischen Rundheit und Spannung, Konzentration und Eleganz, mit einer kraftvollen Entwicklung, saftig und trocken, gepr\u00e4gt von mineralischen und zitrusartigen Nachkl\u00e4ngen. Ein komplexer und raffinierter Champagner, der dennoch sofort Genuss bereitet.<\/p>\n<p>Ideal als Aperitif, perfekt zu rohen Fischgerichten.<\/p>\n<p>J\u00e4hrliche Produktion: limitiert auf 1.800 Flaschen.<\/p>\n<p>&nbsp;<\/p>\n","protected":false},"excerpt":{"rendered":"<p>Richard DHONDT Champagne Grand Cru Mill\u00e9sime 2017 Dieser Champagner wird vom unabh\u00e4ngigen Winzer Renaud Richard hergestellt. Das Weingut liegt im Dorf Dizy bei \u00c9pernay. In Dizy, unweit von \u00c9pernay, produziert Maison Richard-Dhondt Champagner mit gr\u00f6\u00dftem Respekt vor der Authentizit\u00e4t des Terroirs und der Rebsorten. Als unabh\u00e4ngiger Winzer setzt sich Renaud Richard f\u00fcr die Qualit\u00e4t und [&hellip;]<\/p>\n","protected":false},"featured_media":25173,"comment_status":"open","ping_status":"closed","template":"","meta":{"_acf_changed":false,"_monsterinsights_skip_tracking":false,"_monsterinsights_sitenote_active":false,"_monsterinsights_sitenote_note":"","_monsterinsights_sitenote_category":0},"product_brand":[],"product_cat":[2160],"product_tag":[1802],"class_list":{"0":"post-48780","1":"product","2":"type-product","3":"status-publish","4":"has-post-thumbnail","6":"product_cat-champagne-de","7":"product_tag-champagne-de","8":"pa_appellation-champagne-aoc-de","9":"pa_formato-0-75-l-flasche-de","10":"pa_producer-richard-dhondt-de","11":"pa_region-champagne-de","12":"pa_vine-chardonnay-pinot-noir-de-2","13":"pa_vintage-2017-de","15":"first","16":"instock","17":"sale","18":"taxable","19":"shipping-taxable","20":"purchasable","21":"product-type-simple"},"bundled_by":[],"bundle_stock_status":"instock","bundle_stock_quantity":18,"bundle_virtual":false,"bundle_layout":"","bundle_add_to_cart_form_location":"","bundle_editable_in_cart":false,"bundle_sold_individually_context":"","bundle_item_grouping":"","bundle_min_size":"","bundle_max_size":"","bundle_price":[],"bundled_items":[],"bundle_sell_ids":[],"yoast_head":"<!-- This site is optimized with the Yoast SEO plugin v27.2 - https:\/\/yoast.com\/product\/yoast-seo-wordpress\/ -->\n<title>Richard DHONDT Champagne Grand Cru Mill\u00e9sime 2017<\/title>\n<meta name=\"description\" content=\"Richard DHONDT Champagne Grand Cru Mill\u00e9sime 2017, Ideal als Aperitif, perfekt zu rohen Fischgerichten. J\u00e4hrliche Produktion: limitiert auf 1.800 Flaschen.\" \/>\n<meta name=\"robots\" content=\"index, follow, max-snippet:-1, max-image-preview:large, max-video-preview:-1\" \/>\n<link rel=\"canonical\" href=\"https:\/\/fonsvinum.com\/de\/produkt\/richard-dhondt-champagne-grand-cru-millesime-2017\/\" \/>\n<meta property=\"og:locale\" content=\"de_DE\" \/>\n<meta property=\"og:type\" content=\"article\" \/>\n<meta property=\"og:title\" content=\"Richard DHONDT Champagne Grand Cru Mill\u00e9sime 2017\" \/>\n<meta property=\"og:description\" content=\"Richard DHONDT Champagne Grand Cru Mill\u00e9sime 2017, Ideal als Aperitif, perfekt zu rohen Fischgerichten. J\u00e4hrliche Produktion: limitiert auf 1.800 Flaschen.\" \/>\n<meta property=\"og:url\" content=\"https:\/\/fonsvinum.com\/de\/produkt\/richard-dhondt-champagne-grand-cru-millesime-2017\/\" \/>\n<meta property=\"og:site_name\" content=\"Fons Vinum\" \/>\n<meta property=\"article:modified_time\" content=\"2026-03-05T08:26:37+00:00\" \/>\n<meta property=\"og:image\" content=\"https:\/\/fonsvinum.com\/files\/2020\/05\/champagne-grand-cru-millesime-richard-dhondt.jpg\" \/>\n\t<meta property=\"og:image:width\" content=\"200\" \/>\n\t<meta property=\"og:image:height\" content=\"600\" \/>\n\t<meta property=\"og:image:type\" content=\"image\/jpeg\" \/>\n<meta name=\"twitter:label1\" content=\"Gesch\u00e4tzte Lesezeit\" \/>\n\t<meta name=\"twitter:data1\" content=\"2\u00a0Minuten\" \/>\n<script type=\"application\/ld+json\" class=\"yoast-schema-graph\">{\"@context\":\"https:\/\/schema.org\",\"@graph\":[{\"@type\":\"WebPage\",\"@id\":\"https:\/\/fonsvinum.com\/de\/produkt\/richard-dhondt-champagne-grand-cru-millesime-2017\/\",\"url\":\"https:\/\/fonsvinum.com\/de\/produkt\/richard-dhondt-champagne-grand-cru-millesime-2017\/\",\"name\":\"Richard DHONDT Champagne Grand Cru Mill\u00e9sime 2017\",\"isPartOf\":{\"@id\":\"https:\/\/fonsvinum.com\/en\/#website\"},\"primaryImageOfPage\":{\"@id\":\"https:\/\/fonsvinum.com\/de\/produkt\/richard-dhondt-champagne-grand-cru-millesime-2017\/#primaryimage\"},\"image\":{\"@id\":\"https:\/\/fonsvinum.com\/de\/produkt\/richard-dhondt-champagne-grand-cru-millesime-2017\/#primaryimage\"},\"thumbnailUrl\":\"https:\/\/fonsvinum.com\/files\/2020\/05\/champagne-grand-cru-millesime-richard-dhondt.jpg\",\"datePublished\":\"2026-03-04T14:15:21+00:00\",\"dateModified\":\"2026-03-05T08:26:37+00:00\",\"description\":\"Richard DHONDT Champagne Grand Cru Mill\u00e9sime 2017, Ideal als Aperitif, perfekt zu rohen Fischgerichten. J\u00e4hrliche Produktion: limitiert auf 1.800 Flaschen.\",\"breadcrumb\":{\"@id\":\"https:\/\/fonsvinum.com\/de\/produkt\/richard-dhondt-champagne-grand-cru-millesime-2017\/#breadcrumb\"},\"inLanguage\":\"de\",\"potentialAction\":[{\"@type\":\"ReadAction\",\"target\":[\"https:\/\/fonsvinum.com\/de\/produkt\/richard-dhondt-champagne-grand-cru-millesime-2017\/\"]}]},{\"@type\":\"ImageObject\",\"inLanguage\":\"de\",\"@id\":\"https:\/\/fonsvinum.com\/de\/produkt\/richard-dhondt-champagne-grand-cru-millesime-2017\/#primaryimage\",\"url\":\"https:\/\/fonsvinum.com\/files\/2020\/05\/champagne-grand-cru-millesime-richard-dhondt.jpg\",\"contentUrl\":\"https:\/\/fonsvinum.com\/files\/2020\/05\/champagne-grand-cru-millesime-richard-dhondt.jpg\",\"width\":200,\"height\":600},{\"@type\":\"BreadcrumbList\",\"@id\":\"https:\/\/fonsvinum.com\/de\/produkt\/richard-dhondt-champagne-grand-cru-millesime-2017\/#breadcrumb\",\"itemListElement\":[{\"@type\":\"ListItem\",\"position\":1,\"name\":\"Startseite\",\"item\":\"https:\/\/fonsvinum.com\/de\/\"},{\"@type\":\"ListItem\",\"position\":2,\"name\":\"Shop\",\"item\":\"https:\/\/fonsvinum.com\/de\/shop\/\"},{\"@type\":\"ListItem\",\"position\":3,\"name\":\"Richard DHONDT Champagne Grand Cru Mill\u00e9sime 2017\"}]},{\"@type\":\"WebSite\",\"@id\":\"https:\/\/fonsvinum.com\/en\/#website\",\"url\":\"https:\/\/fonsvinum.com\/en\/\",\"name\":\"Fons Vinum\",\"description\":\"Vendita Vino Online\",\"publisher\":{\"@id\":\"https:\/\/fonsvinum.com\/en\/#organization\"},\"potentialAction\":[{\"@type\":\"SearchAction\",\"target\":{\"@type\":\"EntryPoint\",\"urlTemplate\":\"https:\/\/fonsvinum.com\/en\/?s={search_term_string}\"},\"query-input\":{\"@type\":\"PropertyValueSpecification\",\"valueRequired\":true,\"valueName\":\"search_term_string\"}}],\"inLanguage\":\"de\"},{\"@type\":\"Organization\",\"@id\":\"https:\/\/fonsvinum.com\/en\/#organization\",\"name\":\"Fons Vinum\",\"url\":\"https:\/\/fonsvinum.com\/en\/\",\"logo\":{\"@type\":\"ImageObject\",\"inLanguage\":\"de\",\"@id\":\"https:\/\/fonsvinum.com\/en\/#\/schema\/logo\/image\/\",\"url\":\"\",\"contentUrl\":\"\",\"caption\":\"Fons Vinum\"},\"image\":{\"@id\":\"https:\/\/fonsvinum.com\/en\/#\/schema\/logo\/image\/\"}}]}<\/script>\n<!-- \/ Yoast SEO plugin. -->","yoast_head_json":{"title":"Richard DHONDT Champagne Grand Cru Mill\u00e9sime 2017","description":"Richard DHONDT Champagne Grand Cru Mill\u00e9sime 2017, Ideal als Aperitif, perfekt zu rohen Fischgerichten. J\u00e4hrliche Produktion: limitiert auf 1.800 Flaschen.","robots":{"index":"index","follow":"follow","max-snippet":"max-snippet:-1","max-image-preview":"max-image-preview:large","max-video-preview":"max-video-preview:-1"},"canonical":"https:\/\/fonsvinum.com\/de\/produkt\/richard-dhondt-champagne-grand-cru-millesime-2017\/","og_locale":"de_DE","og_type":"article","og_title":"Richard DHONDT Champagne Grand Cru Mill\u00e9sime 2017","og_description":"Richard DHONDT Champagne Grand Cru Mill\u00e9sime 2017, Ideal als Aperitif, perfekt zu rohen Fischgerichten. J\u00e4hrliche Produktion: limitiert auf 1.800 Flaschen.","og_url":"https:\/\/fonsvinum.com\/de\/produkt\/richard-dhondt-champagne-grand-cru-millesime-2017\/","og_site_name":"Fons Vinum","article_modified_time":"2026-03-05T08:26:37+00:00","og_image":[{"width":200,"height":600,"url":"https:\/\/fonsvinum.com\/files\/2020\/05\/champagne-grand-cru-millesime-richard-dhondt.jpg","type":"image\/jpeg"}],"twitter_misc":{"Gesch\u00e4tzte Lesezeit":"2\u00a0Minuten"},"schema":{"@context":"https:\/\/schema.org","@graph":[{"@type":"WebPage","@id":"https:\/\/fonsvinum.com\/de\/produkt\/richard-dhondt-champagne-grand-cru-millesime-2017\/","url":"https:\/\/fonsvinum.com\/de\/produkt\/richard-dhondt-champagne-grand-cru-millesime-2017\/","name":"Richard DHONDT Champagne Grand Cru Mill\u00e9sime 2017","isPartOf":{"@id":"https:\/\/fonsvinum.com\/en\/#website"},"primaryImageOfPage":{"@id":"https:\/\/fonsvinum.com\/de\/produkt\/richard-dhondt-champagne-grand-cru-millesime-2017\/#primaryimage"},"image":{"@id":"https:\/\/fonsvinum.com\/de\/produkt\/richard-dhondt-champagne-grand-cru-millesime-2017\/#primaryimage"},"thumbnailUrl":"https:\/\/fonsvinum.com\/files\/2020\/05\/champagne-grand-cru-millesime-richard-dhondt.jpg","datePublished":"2026-03-04T14:15:21+00:00","dateModified":"2026-03-05T08:26:37+00:00","description":"Richard DHONDT Champagne Grand Cru Mill\u00e9sime 2017, Ideal als Aperitif, perfekt zu rohen Fischgerichten. J\u00e4hrliche Produktion: limitiert auf 1.800 Flaschen.","breadcrumb":{"@id":"https:\/\/fonsvinum.com\/de\/produkt\/richard-dhondt-champagne-grand-cru-millesime-2017\/#breadcrumb"},"inLanguage":"de","potentialAction":[{"@type":"ReadAction","target":["https:\/\/fonsvinum.com\/de\/produkt\/richard-dhondt-champagne-grand-cru-millesime-2017\/"]}]},{"@type":"ImageObject","inLanguage":"de","@id":"https:\/\/fonsvinum.com\/de\/produkt\/richard-dhondt-champagne-grand-cru-millesime-2017\/#primaryimage","url":"https:\/\/fonsvinum.com\/files\/2020\/05\/champagne-grand-cru-millesime-richard-dhondt.jpg","contentUrl":"https:\/\/fonsvinum.com\/files\/2020\/05\/champagne-grand-cru-millesime-richard-dhondt.jpg","width":200,"height":600},{"@type":"BreadcrumbList","@id":"https:\/\/fonsvinum.com\/de\/produkt\/richard-dhondt-champagne-grand-cru-millesime-2017\/#breadcrumb","itemListElement":[{"@type":"ListItem","position":1,"name":"Startseite","item":"https:\/\/fonsvinum.com\/de\/"},{"@type":"ListItem","position":2,"name":"Shop","item":"https:\/\/fonsvinum.com\/de\/shop\/"},{"@type":"ListItem","position":3,"name":"Richard DHONDT Champagne Grand Cru Mill\u00e9sime 2017"}]},{"@type":"WebSite","@id":"https:\/\/fonsvinum.com\/en\/#website","url":"https:\/\/fonsvinum.com\/en\/","name":"Fons Vinum","description":"Vendita Vino Online","publisher":{"@id":"https:\/\/fonsvinum.com\/en\/#organization"},"potentialAction":[{"@type":"SearchAction","target":{"@type":"EntryPoint","urlTemplate":"https:\/\/fonsvinum.com\/en\/?s={search_term_string}"},"query-input":{"@type":"PropertyValueSpecification","valueRequired":true,"valueName":"search_term_string"}}],"inLanguage":"de"},{"@type":"Organization","@id":"https:\/\/fonsvinum.com\/en\/#organization","name":"Fons Vinum","url":"https:\/\/fonsvinum.com\/en\/","logo":{"@type":"ImageObject","inLanguage":"de","@id":"https:\/\/fonsvinum.com\/en\/#\/schema\/logo\/image\/","url":"","contentUrl":"","caption":"Fons Vinum"},"image":{"@id":"https:\/\/fonsvinum.com\/en\/#\/schema\/logo\/image\/"}}]}},"acf":[],"_links":{"self":[{"href":"https:\/\/fonsvinum.com\/de\/wp-json\/wp\/v2\/product\/48780","targetHints":{"allow":["GET"]}}],"collection":[{"href":"https:\/\/fonsvinum.com\/de\/wp-json\/wp\/v2\/product"}],"about":[{"href":"https:\/\/fonsvinum.com\/de\/wp-json\/wp\/v2\/types\/product"}],"replies":[{"embeddable":true,"href":"https:\/\/fonsvinum.com\/de\/wp-json\/wp\/v2\/comments?post=48780"}],"wp:featuredmedia":[{"embeddable":true,"href":"https:\/\/fonsvinum.com\/de\/wp-json\/wp\/v2\/media\/25173"}],"wp:attachment":[{"href":"https:\/\/fonsvinum.com\/de\/wp-json\/wp\/v2\/media?parent=48780"}],"wp:term":[{"taxonomy":"product_brand","embeddable":true,"href":"https:\/\/fonsvinum.com\/de\/wp-json\/wp\/v2\/product_brand?post=48780"},{"taxonomy":"product_cat","embeddable":true,"href":"https:\/\/fonsvinum.com\/de\/wp-json\/wp\/v2\/product_cat?post=48780"},{"taxonomy":"product_tag","embeddable":true,"href":"https:\/\/fonsvinum.com\/de\/wp-json\/wp\/v2\/product_tag?post=48780"}],"curies":[{"name":"wp","href":"https:\/\/api.w.org\/{rel}","templated":true}]}}