{"id":48760,"date":"2026-02-26T20:19:09","date_gmt":"2026-02-26T19:19:09","guid":{"rendered":"https:\/\/fonsvinum.com\/?post_type=product&#038;p=48760"},"modified":"2026-02-26T20:25:50","modified_gmt":"2026-02-26T19:25:50","slug":"gaja-sito-moresco-langhe-rosso-2022","status":"publish","type":"product","link":"https:\/\/fonsvinum.com\/de\/produkt\/gaja-sito-moresco-langhe-rosso-2022\/","title":{"rendered":"GAJA Sito Moresco Langhe Rosso 2022"},"content":{"rendered":"<h2><a href=\"https:\/\/fonsvinum.com\/de\/attributes\/producer\/gaja-de\/\">GAJA<\/a> Sito Moresco Langhe Rosso 2022<\/h2>\n<p>GAJA Sito Moresco <a href=\"https:\/\/www.shopinlanghe.com\/sellers?render_type=sellerview&amp;id_seller=5\">Langhe<\/a> Rosso 2022<\/p>\n<h3>DAS WEINGUT \u2013 GAJA<\/h3>\n<p>Angelo Gaja z\u00e4hlt zweifellos zu den gr\u00f6\u00dften Namen der italienischen Weinwelt. Geboren 1940, \u00fcbernahm er 1961 das 1859 gegr\u00fcndete Familienweingut in den Langhe-H\u00fcgeln im Piemont. Heute bewirtschaftet er rund 100 Hektar Weinberge und kauft keine Trauben zu. Gaja trug ma\u00dfgeblich zum internationalen Ruf einiger der gr\u00f6\u00dften piemontesischen Weine bei, insbesondere des Barbaresco und Barolo. Er hob sich von der Konkurrenz durch neue Vinifizierungs- und Ausbautechniken ab, die damals als revolution\u00e4r galten, da sie mit den \u00fcblichen regionalen Praktiken brachen: Auswahl der besten Parzellen, Reduzierung der Ertr\u00e4ge und Ausbau in neuen franz\u00f6sischen Eichenf\u00e4ssern anstelle von jugoslawischen Eichenf\u00e4ssern. Heute bringen die besten seiner Barbaresco-Parzellen einige der besten Weine Italiens hervor (Sori Tildin, Sori San Lorenzo und Costa Russi). Er war auch der Erste, der Cabernet Sauvignon, Chardonnay und Sauvignon Blanc anstelle von Nebbiolo anbaute und damit gegen den Rat seiner Kollegen handelte.<\/p>\n<h3>LANGHE ROSSO SITO MORESCO<\/h3>\n<p>Der Langhe Sito Moresco, eine gelungene Cuv\u00e9e aus Nebbiolo mit einem Anteil Barbera und Merlot, ist ein ausgewogener, duftender und eleganter Wein mit feinen, samtigen Tanninen im Abgang \u2013 eine wahre Harmonie!<\/p>\n<h4>Verkostungsnotizen<\/h4>\n<p>Farbe: Intensives Rubinrot.<br \/>\nDuft: Tiefe Noten von Waldbeeren, Veilchen, Kr\u00e4utern, dunklen Gew\u00fcrzen und balsamischen Ankl\u00e4ngen.<br \/>\nGeschmack: Strukturiert, weich und mit gut eingebundenen Tanninen, mit einem langen, balsamischen Nachhall.<\/p>\n","protected":false},"excerpt":{"rendered":"<p>GAJA Sito Moresco Langhe Rosso 2022 GAJA Sito Moresco Langhe Rosso 2022 DAS WEINGUT \u2013 GAJA Angelo Gaja z\u00e4hlt zweifellos zu den gr\u00f6\u00dften Namen der italienischen Weinwelt. Geboren 1940, \u00fcbernahm er 1961 das 1859 gegr\u00fcndete Familienweingut in den Langhe-H\u00fcgeln im Piemont. Heute bewirtschaftet er rund 100 Hektar Weinberge und kauft keine Trauben zu. Gaja trug [&hellip;]<\/p>\n","protected":false},"featured_media":37075,"comment_status":"open","ping_status":"closed","template":"","meta":{"_acf_changed":false,"_monsterinsights_skip_tracking":false,"_monsterinsights_sitenote_active":false,"_monsterinsights_sitenote_note":"","_monsterinsights_sitenote_category":0},"product_brand":[],"product_cat":[1693],"product_tag":[15893,15959],"class_list":{"0":"post-48760","1":"product","2":"type-product","3":"status-publish","4":"has-post-thumbnail","6":"product_cat-blend-2-de","7":"product_tag-piemonte-de","8":"product_tag-vino-rosso-de","9":"pa_appellation-langhe-rosso-doc-de","10":"pa_formato-0-75-l-flasche-de","11":"pa_producer-gaja-de","12":"pa_region-piemont-de","13":"pa_vine-85-nebbiolo-10-barbera-5-merlot-de","14":"pa_vintage-18397","16":"first","17":"instock","18":"taxable","19":"shipping-taxable","20":"purchasable","21":"product-type-simple"},"bundled_by":[],"bundle_stock_status":"instock","bundle_stock_quantity":12,"bundle_virtual":false,"bundle_layout":"","bundle_add_to_cart_form_location":"","bundle_editable_in_cart":false,"bundle_sold_individually_context":"","bundle_item_grouping":"","bundle_min_size":"","bundle_max_size":"","bundle_price":[],"bundled_items":[],"bundle_sell_ids":[],"yoast_head":"<!-- This site is optimized with the Yoast SEO plugin v27.2 - https:\/\/yoast.com\/product\/yoast-seo-wordpress\/ -->\n<title>GAJA Sito Moresco Langhe Rosso 2022 I Fonsvinum<\/title>\n<meta name=\"description\" content=\"GAJA Sito Moresco Langhe Rosso 2022\" \/>\n<meta name=\"robots\" content=\"index, follow, max-snippet:-1, max-image-preview:large, max-video-preview:-1\" \/>\n<link rel=\"canonical\" href=\"https:\/\/fonsvinum.com\/de\/produkt\/gaja-sito-moresco-langhe-rosso-2022\/\" \/>\n<meta property=\"og:locale\" content=\"de_DE\" \/>\n<meta property=\"og:type\" content=\"article\" \/>\n<meta property=\"og:title\" content=\"GAJA Sito Moresco Langhe Rosso 2022 I Fonsvinum\" \/>\n<meta property=\"og:description\" content=\"GAJA Sito Moresco Langhe Rosso 2022\" \/>\n<meta property=\"og:url\" content=\"https:\/\/fonsvinum.com\/de\/produkt\/gaja-sito-moresco-langhe-rosso-2022\/\" \/>\n<meta property=\"og:site_name\" content=\"Fons Vinum\" \/>\n<meta property=\"article:modified_time\" content=\"2026-02-26T19:25:50+00:00\" \/>\n<meta property=\"og:image\" content=\"https:\/\/fonsvinum.com\/files\/2020\/10\/gaja-sito-moresco.jpg\" \/>\n\t<meta property=\"og:image:width\" content=\"200\" \/>\n\t<meta property=\"og:image:height\" content=\"600\" \/>\n\t<meta property=\"og:image:type\" content=\"image\/jpeg\" \/>\n<meta name=\"twitter:label1\" content=\"Gesch\u00e4tzte Lesezeit\" \/>\n\t<meta name=\"twitter:data1\" content=\"2\u00a0Minuten\" \/>\n<script type=\"application\/ld+json\" class=\"yoast-schema-graph\">{\"@context\":\"https:\/\/schema.org\",\"@graph\":[{\"@type\":\"WebPage\",\"@id\":\"https:\/\/fonsvinum.com\/de\/produkt\/gaja-sito-moresco-langhe-rosso-2022\/\",\"url\":\"https:\/\/fonsvinum.com\/de\/produkt\/gaja-sito-moresco-langhe-rosso-2022\/\",\"name\":\"GAJA Sito Moresco Langhe Rosso 2022 I Fonsvinum\",\"isPartOf\":{\"@id\":\"https:\/\/fonsvinum.com\/en\/#website\"},\"primaryImageOfPage\":{\"@id\":\"https:\/\/fonsvinum.com\/de\/produkt\/gaja-sito-moresco-langhe-rosso-2022\/#primaryimage\"},\"image\":{\"@id\":\"https:\/\/fonsvinum.com\/de\/produkt\/gaja-sito-moresco-langhe-rosso-2022\/#primaryimage\"},\"thumbnailUrl\":\"https:\/\/fonsvinum.com\/files\/2020\/10\/gaja-sito-moresco.jpg\",\"datePublished\":\"2026-02-26T19:19:09+00:00\",\"dateModified\":\"2026-02-26T19:25:50+00:00\",\"description\":\"GAJA Sito Moresco Langhe Rosso 2022\",\"breadcrumb\":{\"@id\":\"https:\/\/fonsvinum.com\/de\/produkt\/gaja-sito-moresco-langhe-rosso-2022\/#breadcrumb\"},\"inLanguage\":\"de\",\"potentialAction\":[{\"@type\":\"ReadAction\",\"target\":[\"https:\/\/fonsvinum.com\/de\/produkt\/gaja-sito-moresco-langhe-rosso-2022\/\"]}]},{\"@type\":\"ImageObject\",\"inLanguage\":\"de\",\"@id\":\"https:\/\/fonsvinum.com\/de\/produkt\/gaja-sito-moresco-langhe-rosso-2022\/#primaryimage\",\"url\":\"https:\/\/fonsvinum.com\/files\/2020\/10\/gaja-sito-moresco.jpg\",\"contentUrl\":\"https:\/\/fonsvinum.com\/files\/2020\/10\/gaja-sito-moresco.jpg\",\"width\":200,\"height\":600},{\"@type\":\"BreadcrumbList\",\"@id\":\"https:\/\/fonsvinum.com\/de\/produkt\/gaja-sito-moresco-langhe-rosso-2022\/#breadcrumb\",\"itemListElement\":[{\"@type\":\"ListItem\",\"position\":1,\"name\":\"Startseite\",\"item\":\"https:\/\/fonsvinum.com\/de\/\"},{\"@type\":\"ListItem\",\"position\":2,\"name\":\"Shop\",\"item\":\"https:\/\/fonsvinum.com\/de\/shop\/\"},{\"@type\":\"ListItem\",\"position\":3,\"name\":\"GAJA Sito Moresco Langhe Rosso 2022\"}]},{\"@type\":\"WebSite\",\"@id\":\"https:\/\/fonsvinum.com\/en\/#website\",\"url\":\"https:\/\/fonsvinum.com\/en\/\",\"name\":\"Fons Vinum\",\"description\":\"Vendita Vino Online\",\"publisher\":{\"@id\":\"https:\/\/fonsvinum.com\/en\/#organization\"},\"potentialAction\":[{\"@type\":\"SearchAction\",\"target\":{\"@type\":\"EntryPoint\",\"urlTemplate\":\"https:\/\/fonsvinum.com\/en\/?s={search_term_string}\"},\"query-input\":{\"@type\":\"PropertyValueSpecification\",\"valueRequired\":true,\"valueName\":\"search_term_string\"}}],\"inLanguage\":\"de\"},{\"@type\":\"Organization\",\"@id\":\"https:\/\/fonsvinum.com\/en\/#organization\",\"name\":\"Fons Vinum\",\"url\":\"https:\/\/fonsvinum.com\/en\/\",\"logo\":{\"@type\":\"ImageObject\",\"inLanguage\":\"de\",\"@id\":\"https:\/\/fonsvinum.com\/en\/#\/schema\/logo\/image\/\",\"url\":\"\",\"contentUrl\":\"\",\"caption\":\"Fons Vinum\"},\"image\":{\"@id\":\"https:\/\/fonsvinum.com\/en\/#\/schema\/logo\/image\/\"}}]}<\/script>\n<!-- \/ Yoast SEO plugin. -->","yoast_head_json":{"title":"GAJA Sito Moresco Langhe Rosso 2022 I Fonsvinum","description":"GAJA Sito Moresco Langhe Rosso 2022","robots":{"index":"index","follow":"follow","max-snippet":"max-snippet:-1","max-image-preview":"max-image-preview:large","max-video-preview":"max-video-preview:-1"},"canonical":"https:\/\/fonsvinum.com\/de\/produkt\/gaja-sito-moresco-langhe-rosso-2022\/","og_locale":"de_DE","og_type":"article","og_title":"GAJA Sito Moresco Langhe Rosso 2022 I Fonsvinum","og_description":"GAJA Sito Moresco Langhe Rosso 2022","og_url":"https:\/\/fonsvinum.com\/de\/produkt\/gaja-sito-moresco-langhe-rosso-2022\/","og_site_name":"Fons Vinum","article_modified_time":"2026-02-26T19:25:50+00:00","og_image":[{"width":200,"height":600,"url":"https:\/\/fonsvinum.com\/files\/2020\/10\/gaja-sito-moresco.jpg","type":"image\/jpeg"}],"twitter_misc":{"Gesch\u00e4tzte Lesezeit":"2\u00a0Minuten"},"schema":{"@context":"https:\/\/schema.org","@graph":[{"@type":"WebPage","@id":"https:\/\/fonsvinum.com\/de\/produkt\/gaja-sito-moresco-langhe-rosso-2022\/","url":"https:\/\/fonsvinum.com\/de\/produkt\/gaja-sito-moresco-langhe-rosso-2022\/","name":"GAJA Sito Moresco Langhe Rosso 2022 I Fonsvinum","isPartOf":{"@id":"https:\/\/fonsvinum.com\/en\/#website"},"primaryImageOfPage":{"@id":"https:\/\/fonsvinum.com\/de\/produkt\/gaja-sito-moresco-langhe-rosso-2022\/#primaryimage"},"image":{"@id":"https:\/\/fonsvinum.com\/de\/produkt\/gaja-sito-moresco-langhe-rosso-2022\/#primaryimage"},"thumbnailUrl":"https:\/\/fonsvinum.com\/files\/2020\/10\/gaja-sito-moresco.jpg","datePublished":"2026-02-26T19:19:09+00:00","dateModified":"2026-02-26T19:25:50+00:00","description":"GAJA Sito Moresco Langhe Rosso 2022","breadcrumb":{"@id":"https:\/\/fonsvinum.com\/de\/produkt\/gaja-sito-moresco-langhe-rosso-2022\/#breadcrumb"},"inLanguage":"de","potentialAction":[{"@type":"ReadAction","target":["https:\/\/fonsvinum.com\/de\/produkt\/gaja-sito-moresco-langhe-rosso-2022\/"]}]},{"@type":"ImageObject","inLanguage":"de","@id":"https:\/\/fonsvinum.com\/de\/produkt\/gaja-sito-moresco-langhe-rosso-2022\/#primaryimage","url":"https:\/\/fonsvinum.com\/files\/2020\/10\/gaja-sito-moresco.jpg","contentUrl":"https:\/\/fonsvinum.com\/files\/2020\/10\/gaja-sito-moresco.jpg","width":200,"height":600},{"@type":"BreadcrumbList","@id":"https:\/\/fonsvinum.com\/de\/produkt\/gaja-sito-moresco-langhe-rosso-2022\/#breadcrumb","itemListElement":[{"@type":"ListItem","position":1,"name":"Startseite","item":"https:\/\/fonsvinum.com\/de\/"},{"@type":"ListItem","position":2,"name":"Shop","item":"https:\/\/fonsvinum.com\/de\/shop\/"},{"@type":"ListItem","position":3,"name":"GAJA Sito Moresco Langhe Rosso 2022"}]},{"@type":"WebSite","@id":"https:\/\/fonsvinum.com\/en\/#website","url":"https:\/\/fonsvinum.com\/en\/","name":"Fons Vinum","description":"Vendita Vino Online","publisher":{"@id":"https:\/\/fonsvinum.com\/en\/#organization"},"potentialAction":[{"@type":"SearchAction","target":{"@type":"EntryPoint","urlTemplate":"https:\/\/fonsvinum.com\/en\/?s={search_term_string}"},"query-input":{"@type":"PropertyValueSpecification","valueRequired":true,"valueName":"search_term_string"}}],"inLanguage":"de"},{"@type":"Organization","@id":"https:\/\/fonsvinum.com\/en\/#organization","name":"Fons Vinum","url":"https:\/\/fonsvinum.com\/en\/","logo":{"@type":"ImageObject","inLanguage":"de","@id":"https:\/\/fonsvinum.com\/en\/#\/schema\/logo\/image\/","url":"","contentUrl":"","caption":"Fons Vinum"},"image":{"@id":"https:\/\/fonsvinum.com\/en\/#\/schema\/logo\/image\/"}}]}},"acf":[],"_links":{"self":[{"href":"https:\/\/fonsvinum.com\/de\/wp-json\/wp\/v2\/product\/48760","targetHints":{"allow":["GET"]}}],"collection":[{"href":"https:\/\/fonsvinum.com\/de\/wp-json\/wp\/v2\/product"}],"about":[{"href":"https:\/\/fonsvinum.com\/de\/wp-json\/wp\/v2\/types\/product"}],"replies":[{"embeddable":true,"href":"https:\/\/fonsvinum.com\/de\/wp-json\/wp\/v2\/comments?post=48760"}],"wp:featuredmedia":[{"embeddable":true,"href":"https:\/\/fonsvinum.com\/de\/wp-json\/wp\/v2\/media\/37075"}],"wp:attachment":[{"href":"https:\/\/fonsvinum.com\/de\/wp-json\/wp\/v2\/media?parent=48760"}],"wp:term":[{"taxonomy":"product_brand","embeddable":true,"href":"https:\/\/fonsvinum.com\/de\/wp-json\/wp\/v2\/product_brand?post=48760"},{"taxonomy":"product_cat","embeddable":true,"href":"https:\/\/fonsvinum.com\/de\/wp-json\/wp\/v2\/product_cat?post=48760"},{"taxonomy":"product_tag","embeddable":true,"href":"https:\/\/fonsvinum.com\/de\/wp-json\/wp\/v2\/product_tag?post=48760"}],"curies":[{"name":"wp","href":"https:\/\/api.w.org\/{rel}","templated":true}]}}