{"id":48750,"date":"2026-02-24T12:12:22","date_gmt":"2026-02-24T11:12:22","guid":{"rendered":"https:\/\/fonsvinum.com\/?post_type=product&#038;p=48750"},"modified":"2026-02-26T20:41:12","modified_gmt":"2026-02-26T19:41:12","slug":"diubaldo-colline-teramane-abruzzo-passerina-superiore-2024","status":"publish","type":"product","link":"https:\/\/fonsvinum.com\/de\/produkt\/diubaldo-colline-teramane-abruzzo-passerina-superiore-2024\/","title":{"rendered":"DIUBALDO Colline Teramane Abruzzo Passerina Superiore 2024"},"content":{"rendered":"<h1><a href=\"https:\/\/fonsvinum.com\/de\/?s=diubaldo&amp;post_type=product\">DIUBALDO<\/a> Colline Teramane Abruzzo Passerina Superiore 2024<\/h1>\n<h2 style=\"text-align: center\">&#8211; Tuch Beschriftung &#8211;<\/h2>\n<h2>DAS WEINGUT \u2013 DIUBALDO<\/h2>\n<p>Das Weingut der Familie <a href=\"https:\/\/www.cantinadiubaldo.com\">DI UBALDO<\/a> vereint langj\u00e4hrige Erfahrung in der Herstellung von Modeaccessoires f\u00fcr die Bekleidungsbranche mit der Leidenschaft f\u00fcr den Weinbau und die Weinherstellung.<\/p>\n<p>Das Gebiet, im Norden vom Fluss Tronto begrenzt und von f\u00fcnf weiteren Fl\u00fcssen (Vibrata, Salinello, Tordino, Vomano und Piomba) durchflossen, bietet den Reben optimale Temperaturverh\u00e4ltnisse.<\/p>\n<h2>DIUBALDO Colline Teramane Abruzzo Passerina Superiore 2024<\/h2>\n<p>-Organoleptische Eigenschaften-<br \/>\nFarbe: Strohgelb.<br \/>\nDuft: Blumige und fruchtige Aromen.<br \/>\nGeschmack: Frisch, w\u00fcrzig, harmonisch und samtig.<\/p>\n","protected":false},"excerpt":{"rendered":"<p>DIUBALDO Colline Teramane Abruzzo Passerina Superiore 2024 &#8211; Tuch Beschriftung &#8211; DAS WEINGUT \u2013 DIUBALDO Das Weingut der Familie DI UBALDO vereint langj\u00e4hrige Erfahrung in der Herstellung von Modeaccessoires f\u00fcr die Bekleidungsbranche mit der Leidenschaft f\u00fcr den Weinbau und die Weinherstellung. Das Gebiet, im Norden vom Fluss Tronto begrenzt und von f\u00fcnf weiteren Fl\u00fcssen (Vibrata, [&hellip;]<\/p>\n","protected":false},"featured_media":48768,"comment_status":"open","ping_status":"closed","template":"","meta":{"_acf_changed":false,"_monsterinsights_skip_tracking":false,"_monsterinsights_sitenote_active":false,"_monsterinsights_sitenote_note":"","_monsterinsights_sitenote_category":0},"product_brand":[],"product_cat":[],"product_tag":[17742],"class_list":{"0":"post-48750","1":"product","2":"type-product","3":"status-publish","4":"has-post-thumbnail","6":"product_tag-vino-bianco-de","7":"pa_formato-0-75-l-flasche-de","8":"pa_producer-di-ubaldo-de","9":"pa_region-abruzzen-de","10":"pa_vintage-18405","12":"first","13":"instock","14":"taxable","15":"shipping-taxable","16":"purchasable","17":"product-type-simple"},"bundled_by":[],"bundle_stock_status":"instock","bundle_stock_quantity":6,"bundle_virtual":false,"bundle_layout":"","bundle_add_to_cart_form_location":"","bundle_editable_in_cart":false,"bundle_sold_individually_context":"","bundle_item_grouping":"","bundle_min_size":"","bundle_max_size":"","bundle_price":[],"bundled_items":[],"bundle_sell_ids":[],"yoast_head":"<!-- This site is optimized with the Yoast SEO plugin v27.2 - https:\/\/yoast.com\/product\/yoast-seo-wordpress\/ -->\n<title>DIUBALDO Colline Teramane Abruzzo Passerina Superiore 2024<\/title>\n<meta name=\"description\" content=\"DIUBALDO Colline Teramane Abruzzo Passerina Superiore 2024\" \/>\n<meta name=\"robots\" content=\"index, follow, max-snippet:-1, max-image-preview:large, max-video-preview:-1\" \/>\n<link rel=\"canonical\" href=\"https:\/\/fonsvinum.com\/de\/produkt\/diubaldo-colline-teramane-abruzzo-passerina-superiore-2024\/\" \/>\n<meta property=\"og:locale\" content=\"de_DE\" \/>\n<meta property=\"og:type\" content=\"article\" \/>\n<meta property=\"og:title\" content=\"DIUBALDO Colline Teramane Abruzzo Passerina Superiore 2024\" \/>\n<meta property=\"og:description\" content=\"DIUBALDO Colline Teramane Abruzzo Passerina Superiore 2024\" \/>\n<meta property=\"og:url\" content=\"https:\/\/fonsvinum.com\/de\/produkt\/diubaldo-colline-teramane-abruzzo-passerina-superiore-2024\/\" \/>\n<meta property=\"og:site_name\" content=\"Fons Vinum\" \/>\n<meta property=\"article:modified_time\" content=\"2026-02-26T19:41:12+00:00\" \/>\n<meta property=\"og:image\" content=\"https:\/\/fonsvinum.com\/files\/2026\/02\/Di-Ubaldo-Passerina-Otium.png\" \/>\n\t<meta property=\"og:image:width\" content=\"200\" \/>\n\t<meta property=\"og:image:height\" content=\"635\" \/>\n\t<meta property=\"og:image:type\" content=\"image\/png\" \/>\n<meta name=\"twitter:label1\" content=\"Gesch\u00e4tzte Lesezeit\" \/>\n\t<meta name=\"twitter:data1\" content=\"1\u00a0Minute\" \/>\n<script type=\"application\/ld+json\" class=\"yoast-schema-graph\">{\"@context\":\"https:\/\/schema.org\",\"@graph\":[{\"@type\":\"WebPage\",\"@id\":\"https:\/\/fonsvinum.com\/de\/produkt\/diubaldo-colline-teramane-abruzzo-passerina-superiore-2024\/\",\"url\":\"https:\/\/fonsvinum.com\/de\/produkt\/diubaldo-colline-teramane-abruzzo-passerina-superiore-2024\/\",\"name\":\"DIUBALDO Colline Teramane Abruzzo Passerina Superiore 2024\",\"isPartOf\":{\"@id\":\"https:\/\/fonsvinum.com\/en\/#website\"},\"primaryImageOfPage\":{\"@id\":\"https:\/\/fonsvinum.com\/de\/produkt\/diubaldo-colline-teramane-abruzzo-passerina-superiore-2024\/#primaryimage\"},\"image\":{\"@id\":\"https:\/\/fonsvinum.com\/de\/produkt\/diubaldo-colline-teramane-abruzzo-passerina-superiore-2024\/#primaryimage\"},\"thumbnailUrl\":\"https:\/\/fonsvinum.com\/files\/2026\/02\/Di-Ubaldo-Passerina-Otium.png\",\"datePublished\":\"2026-02-24T11:12:22+00:00\",\"dateModified\":\"2026-02-26T19:41:12+00:00\",\"description\":\"DIUBALDO Colline Teramane Abruzzo Passerina Superiore 2024\",\"breadcrumb\":{\"@id\":\"https:\/\/fonsvinum.com\/de\/produkt\/diubaldo-colline-teramane-abruzzo-passerina-superiore-2024\/#breadcrumb\"},\"inLanguage\":\"de\",\"potentialAction\":[{\"@type\":\"ReadAction\",\"target\":[\"https:\/\/fonsvinum.com\/de\/produkt\/diubaldo-colline-teramane-abruzzo-passerina-superiore-2024\/\"]}]},{\"@type\":\"ImageObject\",\"inLanguage\":\"de\",\"@id\":\"https:\/\/fonsvinum.com\/de\/produkt\/diubaldo-colline-teramane-abruzzo-passerina-superiore-2024\/#primaryimage\",\"url\":\"https:\/\/fonsvinum.com\/files\/2026\/02\/Di-Ubaldo-Passerina-Otium.png\",\"contentUrl\":\"https:\/\/fonsvinum.com\/files\/2026\/02\/Di-Ubaldo-Passerina-Otium.png\",\"width\":200,\"height\":635,\"caption\":\"Di-Ubaldo-Passerina-Otium\"},{\"@type\":\"BreadcrumbList\",\"@id\":\"https:\/\/fonsvinum.com\/de\/produkt\/diubaldo-colline-teramane-abruzzo-passerina-superiore-2024\/#breadcrumb\",\"itemListElement\":[{\"@type\":\"ListItem\",\"position\":1,\"name\":\"Startseite\",\"item\":\"https:\/\/fonsvinum.com\/de\/\"},{\"@type\":\"ListItem\",\"position\":2,\"name\":\"Shop\",\"item\":\"https:\/\/fonsvinum.com\/de\/shop\/\"},{\"@type\":\"ListItem\",\"position\":3,\"name\":\"DIUBALDO Colline Teramane Abruzzo Passerina Superiore 2024\"}]},{\"@type\":\"WebSite\",\"@id\":\"https:\/\/fonsvinum.com\/en\/#website\",\"url\":\"https:\/\/fonsvinum.com\/en\/\",\"name\":\"Fons Vinum\",\"description\":\"Vendita Vino Online\",\"publisher\":{\"@id\":\"https:\/\/fonsvinum.com\/en\/#organization\"},\"potentialAction\":[{\"@type\":\"SearchAction\",\"target\":{\"@type\":\"EntryPoint\",\"urlTemplate\":\"https:\/\/fonsvinum.com\/en\/?s={search_term_string}\"},\"query-input\":{\"@type\":\"PropertyValueSpecification\",\"valueRequired\":true,\"valueName\":\"search_term_string\"}}],\"inLanguage\":\"de\"},{\"@type\":\"Organization\",\"@id\":\"https:\/\/fonsvinum.com\/en\/#organization\",\"name\":\"Fons Vinum\",\"url\":\"https:\/\/fonsvinum.com\/en\/\",\"logo\":{\"@type\":\"ImageObject\",\"inLanguage\":\"de\",\"@id\":\"https:\/\/fonsvinum.com\/en\/#\/schema\/logo\/image\/\",\"url\":\"\",\"contentUrl\":\"\",\"caption\":\"Fons Vinum\"},\"image\":{\"@id\":\"https:\/\/fonsvinum.com\/en\/#\/schema\/logo\/image\/\"}}]}<\/script>\n<!-- \/ Yoast SEO plugin. -->","yoast_head_json":{"title":"DIUBALDO Colline Teramane Abruzzo Passerina Superiore 2024","description":"DIUBALDO Colline Teramane Abruzzo Passerina Superiore 2024","robots":{"index":"index","follow":"follow","max-snippet":"max-snippet:-1","max-image-preview":"max-image-preview:large","max-video-preview":"max-video-preview:-1"},"canonical":"https:\/\/fonsvinum.com\/de\/produkt\/diubaldo-colline-teramane-abruzzo-passerina-superiore-2024\/","og_locale":"de_DE","og_type":"article","og_title":"DIUBALDO Colline Teramane Abruzzo Passerina Superiore 2024","og_description":"DIUBALDO Colline Teramane Abruzzo Passerina Superiore 2024","og_url":"https:\/\/fonsvinum.com\/de\/produkt\/diubaldo-colline-teramane-abruzzo-passerina-superiore-2024\/","og_site_name":"Fons Vinum","article_modified_time":"2026-02-26T19:41:12+00:00","og_image":[{"width":200,"height":635,"url":"https:\/\/fonsvinum.com\/files\/2026\/02\/Di-Ubaldo-Passerina-Otium.png","type":"image\/png"}],"twitter_misc":{"Gesch\u00e4tzte Lesezeit":"1\u00a0Minute"},"schema":{"@context":"https:\/\/schema.org","@graph":[{"@type":"WebPage","@id":"https:\/\/fonsvinum.com\/de\/produkt\/diubaldo-colline-teramane-abruzzo-passerina-superiore-2024\/","url":"https:\/\/fonsvinum.com\/de\/produkt\/diubaldo-colline-teramane-abruzzo-passerina-superiore-2024\/","name":"DIUBALDO Colline Teramane Abruzzo Passerina Superiore 2024","isPartOf":{"@id":"https:\/\/fonsvinum.com\/en\/#website"},"primaryImageOfPage":{"@id":"https:\/\/fonsvinum.com\/de\/produkt\/diubaldo-colline-teramane-abruzzo-passerina-superiore-2024\/#primaryimage"},"image":{"@id":"https:\/\/fonsvinum.com\/de\/produkt\/diubaldo-colline-teramane-abruzzo-passerina-superiore-2024\/#primaryimage"},"thumbnailUrl":"https:\/\/fonsvinum.com\/files\/2026\/02\/Di-Ubaldo-Passerina-Otium.png","datePublished":"2026-02-24T11:12:22+00:00","dateModified":"2026-02-26T19:41:12+00:00","description":"DIUBALDO Colline Teramane Abruzzo Passerina Superiore 2024","breadcrumb":{"@id":"https:\/\/fonsvinum.com\/de\/produkt\/diubaldo-colline-teramane-abruzzo-passerina-superiore-2024\/#breadcrumb"},"inLanguage":"de","potentialAction":[{"@type":"ReadAction","target":["https:\/\/fonsvinum.com\/de\/produkt\/diubaldo-colline-teramane-abruzzo-passerina-superiore-2024\/"]}]},{"@type":"ImageObject","inLanguage":"de","@id":"https:\/\/fonsvinum.com\/de\/produkt\/diubaldo-colline-teramane-abruzzo-passerina-superiore-2024\/#primaryimage","url":"https:\/\/fonsvinum.com\/files\/2026\/02\/Di-Ubaldo-Passerina-Otium.png","contentUrl":"https:\/\/fonsvinum.com\/files\/2026\/02\/Di-Ubaldo-Passerina-Otium.png","width":200,"height":635,"caption":"Di-Ubaldo-Passerina-Otium"},{"@type":"BreadcrumbList","@id":"https:\/\/fonsvinum.com\/de\/produkt\/diubaldo-colline-teramane-abruzzo-passerina-superiore-2024\/#breadcrumb","itemListElement":[{"@type":"ListItem","position":1,"name":"Startseite","item":"https:\/\/fonsvinum.com\/de\/"},{"@type":"ListItem","position":2,"name":"Shop","item":"https:\/\/fonsvinum.com\/de\/shop\/"},{"@type":"ListItem","position":3,"name":"DIUBALDO Colline Teramane Abruzzo Passerina Superiore 2024"}]},{"@type":"WebSite","@id":"https:\/\/fonsvinum.com\/en\/#website","url":"https:\/\/fonsvinum.com\/en\/","name":"Fons Vinum","description":"Vendita Vino Online","publisher":{"@id":"https:\/\/fonsvinum.com\/en\/#organization"},"potentialAction":[{"@type":"SearchAction","target":{"@type":"EntryPoint","urlTemplate":"https:\/\/fonsvinum.com\/en\/?s={search_term_string}"},"query-input":{"@type":"PropertyValueSpecification","valueRequired":true,"valueName":"search_term_string"}}],"inLanguage":"de"},{"@type":"Organization","@id":"https:\/\/fonsvinum.com\/en\/#organization","name":"Fons Vinum","url":"https:\/\/fonsvinum.com\/en\/","logo":{"@type":"ImageObject","inLanguage":"de","@id":"https:\/\/fonsvinum.com\/en\/#\/schema\/logo\/image\/","url":"","contentUrl":"","caption":"Fons Vinum"},"image":{"@id":"https:\/\/fonsvinum.com\/en\/#\/schema\/logo\/image\/"}}]}},"acf":[],"_links":{"self":[{"href":"https:\/\/fonsvinum.com\/de\/wp-json\/wp\/v2\/product\/48750","targetHints":{"allow":["GET"]}}],"collection":[{"href":"https:\/\/fonsvinum.com\/de\/wp-json\/wp\/v2\/product"}],"about":[{"href":"https:\/\/fonsvinum.com\/de\/wp-json\/wp\/v2\/types\/product"}],"replies":[{"embeddable":true,"href":"https:\/\/fonsvinum.com\/de\/wp-json\/wp\/v2\/comments?post=48750"}],"wp:featuredmedia":[{"embeddable":true,"href":"https:\/\/fonsvinum.com\/de\/wp-json\/wp\/v2\/media\/48768"}],"wp:attachment":[{"href":"https:\/\/fonsvinum.com\/de\/wp-json\/wp\/v2\/media?parent=48750"}],"wp:term":[{"taxonomy":"product_brand","embeddable":true,"href":"https:\/\/fonsvinum.com\/de\/wp-json\/wp\/v2\/product_brand?post=48750"},{"taxonomy":"product_cat","embeddable":true,"href":"https:\/\/fonsvinum.com\/de\/wp-json\/wp\/v2\/product_cat?post=48750"},{"taxonomy":"product_tag","embeddable":true,"href":"https:\/\/fonsvinum.com\/de\/wp-json\/wp\/v2\/product_tag?post=48750"}],"curies":[{"name":"wp","href":"https:\/\/api.w.org\/{rel}","templated":true}]}}