{"id":48738,"date":"2026-02-22T18:30:40","date_gmt":"2026-02-22T17:30:40","guid":{"rendered":"https:\/\/fonsvinum.com\/?post_type=product&#038;p=48738"},"modified":"2026-02-22T18:39:21","modified_gmt":"2026-02-22T17:39:21","slug":"zenato-amarone-della-valpolicella-2020","status":"publish","type":"product","link":"https:\/\/fonsvinum.com\/de\/produkt\/zenato-amarone-della-valpolicella-2020\/","title":{"rendered":"ZENATO Amarone della Valpolicella 2020"},"content":{"rendered":"<h2><a href=\"https:\/\/fonsvinum.com\/de\/attributes\/producer\/zenato-de\/\">ZENATO<\/a> <a href=\"https:\/\/fonsvinum.com\/de\/?s=amarone&amp;post_type=product\">Amarone<\/a> della Valpolicella 2020<\/h2>\n<p>ZENATO <a href=\"https:\/\/www.shopinlanghe.com\/sellers?render_type=sellerview&amp;id_seller=5\">Amarone<\/a> della Valpolicella 2020<\/p>\n<p>Das Weingut Zenato z\u00e4hlt zu den f\u00fchrenden Weing\u00fctern der Region Gardasee und Valpolicella: Auf 70 Hektar, verteilt auf die renommiertesten Weinbaugebiete Venetiens, produziert Zenato Weine von wahrhaft einzigartiger Qualit\u00e4t. Das traditionsreiche Weingut wurde 1960 von Sergio Zenato mit viel Leidenschaft und Tatkraft gegr\u00fcndet und wird heute, mit starkem Bewusstsein f\u00fcr famili\u00e4re Kontinuit\u00e4t und regionale Verbundenheit, von seinen S\u00f6hnen Alberto und Nadio, unterst\u00fctzt von ihrer Mutter Carla, gef\u00fchrt.<\/p>\n<p>Die Mission des Weinguts Zenato war und ist die Herstellung hochwertiger Weine. Dies wird durch die Wertsch\u00e4tzung einheimischer Rebsorten, die Bewahrung der Tradition und den Einsatz moderner Weinbautechniken erreicht. Die Weinberge und die Produktion des Weinguts verteilen sich zu gleichen Teilen auf die alten Mor\u00e4nengebiete von Lugana und Valpolicella, wo die Familie Zenato Mitglied der Vereinigung \u201eFamiglie dell&#8217;Amarone d&#8217;Arte\u201c ist. Der Weinkeller in Peschiera del Garda beherbergt \u00fcber tausend Barriques und Dutzende gro\u00dfe Eichenf\u00e4sser.<\/p>\n<p>Der Erfolg und das Ansehen des Namens Zenato in Italien und weltweit best\u00e4tigen, dass die Familie stets den richtigen Weg eingeschlagen hat, indem sie sich auf lokale Traditionen und einen modernen, eleganten Stil konzentrierte. Heute bietet Zenato eine gro\u00dfe Auswahl an Weinen, darunter den Amarone Classico und den Amarone Riserva \u201eSergio Zenato\u201c, ein Wein, der ein majest\u00e4tisches und prachtvolles Denkmal f\u00fcr seinen Gr\u00fcnder darstellt.<\/p>\n<h3>AMARONE DELLA VALPOLICELLA<\/h3>\n<p>Ein kostbares Juwel in Zenatos Krone; er wird aus einer Auswahl feinster Valpolicella Classica-Trauben (Corvina, Rondinella, Oseleta und Croatina) hergestellt, die in Weinbergen der Gemeinde Sant\u2019Ambrogio wachsen.<\/p>\n<p>Die Trauben werden vier Monate lang getrocknet, und die Pressung beginnt im Januar. Darauf folgt eine langsame Maischeg\u00e4rung und anschlie\u00dfend eine 36-monatige Reifung in gro\u00dfen F\u00e4ssern aus slawonischer Eiche.<\/p>\n<p>Nach einer Flaschenreife ist der Wein trinkfertig.<\/p>\n<p>Ein majest\u00e4tischer, intensiver und \u00e4therischer Wein mit Noten von Lorbeer und in Alkohol konservierten Kirschen.<\/p>\n<p>Die perfekte Balance aller Komponenten macht ihn f\u00fcr eine lange Lagerung geeignet.<\/p>\n<h3>Verkostungsnotizen<\/h3>\n<p>Farbe: Sehr intensives Rubinrot<br \/>\nDuft: Aromen von reifen, fast in Alkohol konservierten Kirschen, Kaffee und Kakao<br \/>\nGeschmack: Weich und vollmundig, w\u00fcrzig und warm<\/p>\n<p>2019 Veronelli 92\/100<br \/>\n2016 Wine Spectator 92\/100<br \/>\n2016 Decanter 92\/100<br \/>\n2016 Falstaff 95\/100<br \/>\n2016 Vinous 94\/100<\/p>\n<p>&nbsp;<\/p>\n","protected":false},"excerpt":{"rendered":"<p>ZENATO Amarone della Valpolicella 2020 ZENATO Amarone della Valpolicella 2020 Das Weingut Zenato z\u00e4hlt zu den f\u00fchrenden Weing\u00fctern der Region Gardasee und Valpolicella: Auf 70 Hektar, verteilt auf die renommiertesten Weinbaugebiete Venetiens, produziert Zenato Weine von wahrhaft einzigartiger Qualit\u00e4t. Das traditionsreiche Weingut wurde 1960 von Sergio Zenato mit viel Leidenschaft und Tatkraft gegr\u00fcndet und wird [&hellip;]<\/p>\n","protected":false},"featured_media":35246,"comment_status":"open","ping_status":"closed","template":"","meta":{"_acf_changed":false,"_monsterinsights_skip_tracking":false,"_monsterinsights_sitenote_active":false,"_monsterinsights_sitenote_note":"","_monsterinsights_sitenote_category":0},"product_brand":[],"product_cat":[2336],"product_tag":[15861,15959,17738],"class_list":{"0":"post-48738","1":"product","2":"type-product","3":"status-publish","4":"has-post-thumbnail","6":"product_cat-amarone-de","7":"product_tag-amarone-de","8":"product_tag-vino-rosso-de","9":"product_tag-veneto-de","10":"pa_appellation-amarone-della-valpolicella-docg-de","11":"pa_formato-0-75-l-flasche-de","12":"pa_producer-zenato-de","13":"pa_region-venetien-de","14":"pa_vine-80-corvina-10-rondinella-10-oseleta-e-croatina-de","15":"pa_vintage-2020-de","17":"first","18":"instock","19":"taxable","20":"shipping-taxable","21":"purchasable","22":"product-type-simple"},"bundled_by":[],"bundle_stock_status":"instock","bundle_stock_quantity":6,"bundle_virtual":false,"bundle_layout":"","bundle_add_to_cart_form_location":"","bundle_editable_in_cart":false,"bundle_sold_individually_context":"","bundle_item_grouping":"","bundle_min_size":"","bundle_max_size":"","bundle_price":[],"bundled_items":[],"bundle_sell_ids":[29846,27966,35238],"yoast_head":"<!-- This site is optimized with the Yoast SEO plugin v27.2 - https:\/\/yoast.com\/product\/yoast-seo-wordpress\/ -->\n<title>Kaufen online ZENATO Amarone della Valpolicella 2020<\/title>\n<meta name=\"description\" content=\"Kaufen online ZENATO Amarone della Valpolicella 2020 I Fons Vinum rare Weine aus Piedmont, Toskana und Venetien.\" \/>\n<meta name=\"robots\" content=\"index, follow, max-snippet:-1, max-image-preview:large, max-video-preview:-1\" \/>\n<link rel=\"canonical\" href=\"https:\/\/fonsvinum.com\/de\/produkt\/zenato-amarone-della-valpolicella-2020\/\" \/>\n<meta property=\"og:locale\" content=\"de_DE\" \/>\n<meta property=\"og:type\" content=\"article\" \/>\n<meta property=\"og:title\" content=\"Kaufen online ZENATO Amarone della Valpolicella 2020\" \/>\n<meta property=\"og:description\" content=\"Kaufen online ZENATO Amarone della Valpolicella 2020 I Fons Vinum rare Weine aus Piedmont, Toskana und Venetien.\" \/>\n<meta property=\"og:url\" content=\"https:\/\/fonsvinum.com\/de\/produkt\/zenato-amarone-della-valpolicella-2020\/\" \/>\n<meta property=\"og:site_name\" content=\"Fons Vinum\" \/>\n<meta property=\"article:modified_time\" content=\"2026-02-22T17:39:21+00:00\" \/>\n<meta property=\"og:image\" content=\"https:\/\/fonsvinum.com\/files\/2021\/10\/amarone-della-valpolicella-classico-zenato.jpg\" \/>\n\t<meta property=\"og:image:width\" content=\"200\" \/>\n\t<meta property=\"og:image:height\" content=\"600\" \/>\n\t<meta property=\"og:image:type\" content=\"image\/jpeg\" \/>\n<meta name=\"twitter:label1\" content=\"Gesch\u00e4tzte Lesezeit\" \/>\n\t<meta name=\"twitter:data1\" content=\"3\u00a0Minuten\" \/>\n<script type=\"application\/ld+json\" class=\"yoast-schema-graph\">{\"@context\":\"https:\/\/schema.org\",\"@graph\":[{\"@type\":\"WebPage\",\"@id\":\"https:\/\/fonsvinum.com\/de\/produkt\/zenato-amarone-della-valpolicella-2020\/\",\"url\":\"https:\/\/fonsvinum.com\/de\/produkt\/zenato-amarone-della-valpolicella-2020\/\",\"name\":\"Kaufen online ZENATO Amarone della Valpolicella 2020\",\"isPartOf\":{\"@id\":\"https:\/\/fonsvinum.com\/en\/#website\"},\"primaryImageOfPage\":{\"@id\":\"https:\/\/fonsvinum.com\/de\/produkt\/zenato-amarone-della-valpolicella-2020\/#primaryimage\"},\"image\":{\"@id\":\"https:\/\/fonsvinum.com\/de\/produkt\/zenato-amarone-della-valpolicella-2020\/#primaryimage\"},\"thumbnailUrl\":\"https:\/\/fonsvinum.com\/files\/2021\/10\/amarone-della-valpolicella-classico-zenato.jpg\",\"datePublished\":\"2026-02-22T17:30:40+00:00\",\"dateModified\":\"2026-02-22T17:39:21+00:00\",\"description\":\"Kaufen online ZENATO Amarone della Valpolicella 2020 I Fons Vinum rare Weine aus Piedmont, Toskana und Venetien.\",\"breadcrumb\":{\"@id\":\"https:\/\/fonsvinum.com\/de\/produkt\/zenato-amarone-della-valpolicella-2020\/#breadcrumb\"},\"inLanguage\":\"de\",\"potentialAction\":[{\"@type\":\"ReadAction\",\"target\":[\"https:\/\/fonsvinum.com\/de\/produkt\/zenato-amarone-della-valpolicella-2020\/\"]}]},{\"@type\":\"ImageObject\",\"inLanguage\":\"de\",\"@id\":\"https:\/\/fonsvinum.com\/de\/produkt\/zenato-amarone-della-valpolicella-2020\/#primaryimage\",\"url\":\"https:\/\/fonsvinum.com\/files\/2021\/10\/amarone-della-valpolicella-classico-zenato.jpg\",\"contentUrl\":\"https:\/\/fonsvinum.com\/files\/2021\/10\/amarone-della-valpolicella-classico-zenato.jpg\",\"width\":200,\"height\":600},{\"@type\":\"BreadcrumbList\",\"@id\":\"https:\/\/fonsvinum.com\/de\/produkt\/zenato-amarone-della-valpolicella-2020\/#breadcrumb\",\"itemListElement\":[{\"@type\":\"ListItem\",\"position\":1,\"name\":\"Startseite\",\"item\":\"https:\/\/fonsvinum.com\/de\/\"},{\"@type\":\"ListItem\",\"position\":2,\"name\":\"Shop\",\"item\":\"https:\/\/fonsvinum.com\/de\/shop\/\"},{\"@type\":\"ListItem\",\"position\":3,\"name\":\"ZENATO Amarone della Valpolicella 2020\"}]},{\"@type\":\"WebSite\",\"@id\":\"https:\/\/fonsvinum.com\/en\/#website\",\"url\":\"https:\/\/fonsvinum.com\/en\/\",\"name\":\"Fons Vinum\",\"description\":\"Vendita Vino Online\",\"publisher\":{\"@id\":\"https:\/\/fonsvinum.com\/en\/#organization\"},\"potentialAction\":[{\"@type\":\"SearchAction\",\"target\":{\"@type\":\"EntryPoint\",\"urlTemplate\":\"https:\/\/fonsvinum.com\/en\/?s={search_term_string}\"},\"query-input\":{\"@type\":\"PropertyValueSpecification\",\"valueRequired\":true,\"valueName\":\"search_term_string\"}}],\"inLanguage\":\"de\"},{\"@type\":\"Organization\",\"@id\":\"https:\/\/fonsvinum.com\/en\/#organization\",\"name\":\"Fons Vinum\",\"url\":\"https:\/\/fonsvinum.com\/en\/\",\"logo\":{\"@type\":\"ImageObject\",\"inLanguage\":\"de\",\"@id\":\"https:\/\/fonsvinum.com\/en\/#\/schema\/logo\/image\/\",\"url\":\"\",\"contentUrl\":\"\",\"caption\":\"Fons Vinum\"},\"image\":{\"@id\":\"https:\/\/fonsvinum.com\/en\/#\/schema\/logo\/image\/\"}}]}<\/script>\n<!-- \/ Yoast SEO plugin. -->","yoast_head_json":{"title":"Kaufen online ZENATO Amarone della Valpolicella 2020","description":"Kaufen online ZENATO Amarone della Valpolicella 2020 I Fons Vinum rare Weine aus Piedmont, Toskana und Venetien.","robots":{"index":"index","follow":"follow","max-snippet":"max-snippet:-1","max-image-preview":"max-image-preview:large","max-video-preview":"max-video-preview:-1"},"canonical":"https:\/\/fonsvinum.com\/de\/produkt\/zenato-amarone-della-valpolicella-2020\/","og_locale":"de_DE","og_type":"article","og_title":"Kaufen online ZENATO Amarone della Valpolicella 2020","og_description":"Kaufen online ZENATO Amarone della Valpolicella 2020 I Fons Vinum rare Weine aus Piedmont, Toskana und Venetien.","og_url":"https:\/\/fonsvinum.com\/de\/produkt\/zenato-amarone-della-valpolicella-2020\/","og_site_name":"Fons Vinum","article_modified_time":"2026-02-22T17:39:21+00:00","og_image":[{"width":200,"height":600,"url":"https:\/\/fonsvinum.com\/files\/2021\/10\/amarone-della-valpolicella-classico-zenato.jpg","type":"image\/jpeg"}],"twitter_misc":{"Gesch\u00e4tzte Lesezeit":"3\u00a0Minuten"},"schema":{"@context":"https:\/\/schema.org","@graph":[{"@type":"WebPage","@id":"https:\/\/fonsvinum.com\/de\/produkt\/zenato-amarone-della-valpolicella-2020\/","url":"https:\/\/fonsvinum.com\/de\/produkt\/zenato-amarone-della-valpolicella-2020\/","name":"Kaufen online ZENATO Amarone della Valpolicella 2020","isPartOf":{"@id":"https:\/\/fonsvinum.com\/en\/#website"},"primaryImageOfPage":{"@id":"https:\/\/fonsvinum.com\/de\/produkt\/zenato-amarone-della-valpolicella-2020\/#primaryimage"},"image":{"@id":"https:\/\/fonsvinum.com\/de\/produkt\/zenato-amarone-della-valpolicella-2020\/#primaryimage"},"thumbnailUrl":"https:\/\/fonsvinum.com\/files\/2021\/10\/amarone-della-valpolicella-classico-zenato.jpg","datePublished":"2026-02-22T17:30:40+00:00","dateModified":"2026-02-22T17:39:21+00:00","description":"Kaufen online ZENATO Amarone della Valpolicella 2020 I Fons Vinum rare Weine aus Piedmont, Toskana und Venetien.","breadcrumb":{"@id":"https:\/\/fonsvinum.com\/de\/produkt\/zenato-amarone-della-valpolicella-2020\/#breadcrumb"},"inLanguage":"de","potentialAction":[{"@type":"ReadAction","target":["https:\/\/fonsvinum.com\/de\/produkt\/zenato-amarone-della-valpolicella-2020\/"]}]},{"@type":"ImageObject","inLanguage":"de","@id":"https:\/\/fonsvinum.com\/de\/produkt\/zenato-amarone-della-valpolicella-2020\/#primaryimage","url":"https:\/\/fonsvinum.com\/files\/2021\/10\/amarone-della-valpolicella-classico-zenato.jpg","contentUrl":"https:\/\/fonsvinum.com\/files\/2021\/10\/amarone-della-valpolicella-classico-zenato.jpg","width":200,"height":600},{"@type":"BreadcrumbList","@id":"https:\/\/fonsvinum.com\/de\/produkt\/zenato-amarone-della-valpolicella-2020\/#breadcrumb","itemListElement":[{"@type":"ListItem","position":1,"name":"Startseite","item":"https:\/\/fonsvinum.com\/de\/"},{"@type":"ListItem","position":2,"name":"Shop","item":"https:\/\/fonsvinum.com\/de\/shop\/"},{"@type":"ListItem","position":3,"name":"ZENATO Amarone della Valpolicella 2020"}]},{"@type":"WebSite","@id":"https:\/\/fonsvinum.com\/en\/#website","url":"https:\/\/fonsvinum.com\/en\/","name":"Fons Vinum","description":"Vendita Vino Online","publisher":{"@id":"https:\/\/fonsvinum.com\/en\/#organization"},"potentialAction":[{"@type":"SearchAction","target":{"@type":"EntryPoint","urlTemplate":"https:\/\/fonsvinum.com\/en\/?s={search_term_string}"},"query-input":{"@type":"PropertyValueSpecification","valueRequired":true,"valueName":"search_term_string"}}],"inLanguage":"de"},{"@type":"Organization","@id":"https:\/\/fonsvinum.com\/en\/#organization","name":"Fons Vinum","url":"https:\/\/fonsvinum.com\/en\/","logo":{"@type":"ImageObject","inLanguage":"de","@id":"https:\/\/fonsvinum.com\/en\/#\/schema\/logo\/image\/","url":"","contentUrl":"","caption":"Fons Vinum"},"image":{"@id":"https:\/\/fonsvinum.com\/en\/#\/schema\/logo\/image\/"}}]}},"acf":[],"_links":{"self":[{"href":"https:\/\/fonsvinum.com\/de\/wp-json\/wp\/v2\/product\/48738","targetHints":{"allow":["GET"]}}],"collection":[{"href":"https:\/\/fonsvinum.com\/de\/wp-json\/wp\/v2\/product"}],"about":[{"href":"https:\/\/fonsvinum.com\/de\/wp-json\/wp\/v2\/types\/product"}],"replies":[{"embeddable":true,"href":"https:\/\/fonsvinum.com\/de\/wp-json\/wp\/v2\/comments?post=48738"}],"wp:featuredmedia":[{"embeddable":true,"href":"https:\/\/fonsvinum.com\/de\/wp-json\/wp\/v2\/media\/35246"}],"wp:attachment":[{"href":"https:\/\/fonsvinum.com\/de\/wp-json\/wp\/v2\/media?parent=48738"}],"wp:term":[{"taxonomy":"product_brand","embeddable":true,"href":"https:\/\/fonsvinum.com\/de\/wp-json\/wp\/v2\/product_brand?post=48738"},{"taxonomy":"product_cat","embeddable":true,"href":"https:\/\/fonsvinum.com\/de\/wp-json\/wp\/v2\/product_cat?post=48738"},{"taxonomy":"product_tag","embeddable":true,"href":"https:\/\/fonsvinum.com\/de\/wp-json\/wp\/v2\/product_tag?post=48738"}],"curies":[{"name":"wp","href":"https:\/\/api.w.org\/{rel}","templated":true}]}}