{"id":48707,"date":"2026-02-06T08:28:36","date_gmt":"2026-02-06T07:28:36","guid":{"rendered":"https:\/\/fonsvinum.com\/?post_type=product&#038;p=48707"},"modified":"2026-02-06T08:35:14","modified_gmt":"2026-02-06T07:35:14","slug":"amarone-della-valpolicella-riserva-quintarelli-2011","status":"publish","type":"product","link":"https:\/\/fonsvinum.com\/de\/produkt\/amarone-della-valpolicella-riserva-quintarelli-2011\/","title":{"rendered":"Amarone della Valpolicella Riserva QUINTARELLI 2011"},"content":{"rendered":"<h1>Amarone della Valpolicella Riserva\u00a0<a title=\"quintarelli\" href=\"https:\/\/fonsvinum.com\/produttore\/quintarelli\/\" target=\"_blank\" rel=\"noopener\">QUINTARELLI<\/a> 2011<\/h1>\n<p>Feinw\u00fcrzige, warme Aromen von Pflaumen, s\u00fc\u00dfen Fr\u00fcchten, Rosinen, Kaffee, Tabak und Vanille sowie eine Spur von Bitterschokolade umspielen die Nase.<\/p>\n<p>Im komplexen, anhaltenden, weichen, vollen und nuancenreichen Mund brilliert er mit einer herzhaften Fruchtf\u00fclle und der sanften Tanninstruktur.<\/p>\n<p>Genie\u00dfen Sie ihn zu w\u00fcrzigen Kaninchenpasteten, geschmortem Wildschwein und reifen K\u00e4sesorten<\/p>\n","protected":false},"excerpt":{"rendered":"<p>Amarone della Valpolicella Riserva\u00a0QUINTARELLI 2011 Feinw\u00fcrzige, warme Aromen von Pflaumen, s\u00fc\u00dfen Fr\u00fcchten, Rosinen, Kaffee, Tabak und Vanille sowie eine Spur von Bitterschokolade umspielen die Nase. Im komplexen, anhaltenden, weichen, vollen und nuancenreichen Mund brilliert er mit einer herzhaften Fruchtf\u00fclle und der sanften Tanninstruktur. Genie\u00dfen Sie ihn zu w\u00fcrzigen Kaninchenpasteten, geschmortem Wildschwein und reifen K\u00e4sesorten<\/p>\n","protected":false},"featured_media":18051,"comment_status":"open","ping_status":"closed","template":"","meta":{"_acf_changed":false,"_monsterinsights_skip_tracking":false,"_monsterinsights_sitenote_active":false,"_monsterinsights_sitenote_note":"","_monsterinsights_sitenote_category":0},"product_brand":[],"product_cat":[2336],"product_tag":[1733],"class_list":{"0":"post-48707","1":"product","2":"type-product","3":"status-publish","4":"has-post-thumbnail","6":"product_cat-amarone-de","7":"product_tag-aussergewoehnliche-weine-de","8":"pa_appellation-amarone-della-valpolicella-docg-de","9":"pa_formato-0-75-l-flasche-de","10":"pa_producer-quintarelli-giuseppe-de","11":"pa_region-venetien-de","12":"pa_vine-55-corvina-25-rondinella-20-cabernet-nebbiolo-croatina-e-sangiovese-de","13":"pa_vintage-2011-de","15":"first","16":"instock","17":"taxable","18":"shipping-taxable","19":"purchasable","20":"product-type-simple"},"bundled_by":[],"bundle_stock_status":"instock","bundle_stock_quantity":3,"bundle_virtual":false,"bundle_layout":"","bundle_add_to_cart_form_location":"","bundle_editable_in_cart":false,"bundle_sold_individually_context":"","bundle_item_grouping":"","bundle_min_size":"","bundle_max_size":"","bundle_price":[],"bundled_items":[],"bundle_sell_ids":[],"yoast_head":"<!-- This site is optimized with the Yoast SEO plugin v27.2 - https:\/\/yoast.com\/product\/yoast-seo-wordpress\/ -->\n<title>Acquista Amarone della Valpolicella Riserva QUINTARELLI 2011<\/title>\n<meta name=\"description\" content=\"Amarone della Valpolicella Riserva QUINTARELLI 2011 Im komplexen, anhaltenden, weichen, vollen und nuancenreichen Mund brilliert\" \/>\n<meta name=\"robots\" content=\"index, follow, max-snippet:-1, max-image-preview:large, max-video-preview:-1\" \/>\n<link rel=\"canonical\" href=\"https:\/\/fonsvinum.com\/de\/produkt\/amarone-della-valpolicella-riserva-quintarelli-2011\/\" \/>\n<meta property=\"og:locale\" content=\"de_DE\" \/>\n<meta property=\"og:type\" content=\"article\" \/>\n<meta property=\"og:title\" content=\"Acquista Amarone della Valpolicella Riserva QUINTARELLI 2011\" \/>\n<meta property=\"og:description\" content=\"Amarone della Valpolicella Riserva QUINTARELLI 2011 Im komplexen, anhaltenden, weichen, vollen und nuancenreichen Mund brilliert\" \/>\n<meta property=\"og:url\" content=\"https:\/\/fonsvinum.com\/de\/produkt\/amarone-della-valpolicella-riserva-quintarelli-2011\/\" \/>\n<meta property=\"og:site_name\" content=\"Fons Vinum\" \/>\n<meta property=\"article:modified_time\" content=\"2026-02-06T07:35:14+00:00\" \/>\n<meta property=\"og:image\" content=\"https:\/\/fonsvinum.com\/files\/2019\/02\/Amarone-della-Valpolicella-Riserva-QUINTARELLI-2003-3.jpg\" \/>\n\t<meta property=\"og:image:width\" content=\"200\" \/>\n\t<meta property=\"og:image:height\" content=\"200\" \/>\n\t<meta property=\"og:image:type\" content=\"image\/jpeg\" \/>\n<meta name=\"twitter:label1\" content=\"Gesch\u00e4tzte Lesezeit\" \/>\n\t<meta name=\"twitter:data1\" content=\"1\u00a0Minute\" \/>\n<script type=\"application\/ld+json\" class=\"yoast-schema-graph\">{\"@context\":\"https:\/\/schema.org\",\"@graph\":[{\"@type\":\"WebPage\",\"@id\":\"https:\/\/fonsvinum.com\/de\/produkt\/amarone-della-valpolicella-riserva-quintarelli-2011\/\",\"url\":\"https:\/\/fonsvinum.com\/de\/produkt\/amarone-della-valpolicella-riserva-quintarelli-2011\/\",\"name\":\"Acquista Amarone della Valpolicella Riserva QUINTARELLI 2011\",\"isPartOf\":{\"@id\":\"https:\/\/fonsvinum.com\/en\/#website\"},\"primaryImageOfPage\":{\"@id\":\"https:\/\/fonsvinum.com\/de\/produkt\/amarone-della-valpolicella-riserva-quintarelli-2011\/#primaryimage\"},\"image\":{\"@id\":\"https:\/\/fonsvinum.com\/de\/produkt\/amarone-della-valpolicella-riserva-quintarelli-2011\/#primaryimage\"},\"thumbnailUrl\":\"https:\/\/fonsvinum.com\/files\/2019\/02\/Amarone-della-Valpolicella-Riserva-QUINTARELLI-2003-3.jpg\",\"datePublished\":\"2026-02-06T07:28:36+00:00\",\"dateModified\":\"2026-02-06T07:35:14+00:00\",\"description\":\"Amarone della Valpolicella Riserva QUINTARELLI 2011 Im komplexen, anhaltenden, weichen, vollen und nuancenreichen Mund brilliert\",\"breadcrumb\":{\"@id\":\"https:\/\/fonsvinum.com\/de\/produkt\/amarone-della-valpolicella-riserva-quintarelli-2011\/#breadcrumb\"},\"inLanguage\":\"de\",\"potentialAction\":[{\"@type\":\"ReadAction\",\"target\":[\"https:\/\/fonsvinum.com\/de\/produkt\/amarone-della-valpolicella-riserva-quintarelli-2011\/\"]}]},{\"@type\":\"ImageObject\",\"inLanguage\":\"de\",\"@id\":\"https:\/\/fonsvinum.com\/de\/produkt\/amarone-della-valpolicella-riserva-quintarelli-2011\/#primaryimage\",\"url\":\"https:\/\/fonsvinum.com\/files\/2019\/02\/Amarone-della-Valpolicella-Riserva-QUINTARELLI-2003-3.jpg\",\"contentUrl\":\"https:\/\/fonsvinum.com\/files\/2019\/02\/Amarone-della-Valpolicella-Riserva-QUINTARELLI-2003-3.jpg\",\"width\":200,\"height\":200,\"caption\":\"Amarone della Valpolicella Riserva QUINTARELLI 2003 3\"},{\"@type\":\"BreadcrumbList\",\"@id\":\"https:\/\/fonsvinum.com\/de\/produkt\/amarone-della-valpolicella-riserva-quintarelli-2011\/#breadcrumb\",\"itemListElement\":[{\"@type\":\"ListItem\",\"position\":1,\"name\":\"Startseite\",\"item\":\"https:\/\/fonsvinum.com\/de\/\"},{\"@type\":\"ListItem\",\"position\":2,\"name\":\"Shop\",\"item\":\"https:\/\/fonsvinum.com\/de\/shop\/\"},{\"@type\":\"ListItem\",\"position\":3,\"name\":\"Amarone della Valpolicella Riserva QUINTARELLI 2011\"}]},{\"@type\":\"WebSite\",\"@id\":\"https:\/\/fonsvinum.com\/en\/#website\",\"url\":\"https:\/\/fonsvinum.com\/en\/\",\"name\":\"Fons Vinum\",\"description\":\"Vendita Vino Online\",\"publisher\":{\"@id\":\"https:\/\/fonsvinum.com\/en\/#organization\"},\"potentialAction\":[{\"@type\":\"SearchAction\",\"target\":{\"@type\":\"EntryPoint\",\"urlTemplate\":\"https:\/\/fonsvinum.com\/en\/?s={search_term_string}\"},\"query-input\":{\"@type\":\"PropertyValueSpecification\",\"valueRequired\":true,\"valueName\":\"search_term_string\"}}],\"inLanguage\":\"de\"},{\"@type\":\"Organization\",\"@id\":\"https:\/\/fonsvinum.com\/en\/#organization\",\"name\":\"Fons Vinum\",\"url\":\"https:\/\/fonsvinum.com\/en\/\",\"logo\":{\"@type\":\"ImageObject\",\"inLanguage\":\"de\",\"@id\":\"https:\/\/fonsvinum.com\/en\/#\/schema\/logo\/image\/\",\"url\":\"\",\"contentUrl\":\"\",\"caption\":\"Fons Vinum\"},\"image\":{\"@id\":\"https:\/\/fonsvinum.com\/en\/#\/schema\/logo\/image\/\"}}]}<\/script>\n<!-- \/ Yoast SEO plugin. -->","yoast_head_json":{"title":"Acquista Amarone della Valpolicella Riserva QUINTARELLI 2011","description":"Amarone della Valpolicella Riserva QUINTARELLI 2011 Im komplexen, anhaltenden, weichen, vollen und nuancenreichen Mund brilliert","robots":{"index":"index","follow":"follow","max-snippet":"max-snippet:-1","max-image-preview":"max-image-preview:large","max-video-preview":"max-video-preview:-1"},"canonical":"https:\/\/fonsvinum.com\/de\/produkt\/amarone-della-valpolicella-riserva-quintarelli-2011\/","og_locale":"de_DE","og_type":"article","og_title":"Acquista Amarone della Valpolicella Riserva QUINTARELLI 2011","og_description":"Amarone della Valpolicella Riserva QUINTARELLI 2011 Im komplexen, anhaltenden, weichen, vollen und nuancenreichen Mund brilliert","og_url":"https:\/\/fonsvinum.com\/de\/produkt\/amarone-della-valpolicella-riserva-quintarelli-2011\/","og_site_name":"Fons Vinum","article_modified_time":"2026-02-06T07:35:14+00:00","og_image":[{"width":200,"height":200,"url":"https:\/\/fonsvinum.com\/files\/2019\/02\/Amarone-della-Valpolicella-Riserva-QUINTARELLI-2003-3.jpg","type":"image\/jpeg"}],"twitter_misc":{"Gesch\u00e4tzte Lesezeit":"1\u00a0Minute"},"schema":{"@context":"https:\/\/schema.org","@graph":[{"@type":"WebPage","@id":"https:\/\/fonsvinum.com\/de\/produkt\/amarone-della-valpolicella-riserva-quintarelli-2011\/","url":"https:\/\/fonsvinum.com\/de\/produkt\/amarone-della-valpolicella-riserva-quintarelli-2011\/","name":"Acquista Amarone della Valpolicella Riserva QUINTARELLI 2011","isPartOf":{"@id":"https:\/\/fonsvinum.com\/en\/#website"},"primaryImageOfPage":{"@id":"https:\/\/fonsvinum.com\/de\/produkt\/amarone-della-valpolicella-riserva-quintarelli-2011\/#primaryimage"},"image":{"@id":"https:\/\/fonsvinum.com\/de\/produkt\/amarone-della-valpolicella-riserva-quintarelli-2011\/#primaryimage"},"thumbnailUrl":"https:\/\/fonsvinum.com\/files\/2019\/02\/Amarone-della-Valpolicella-Riserva-QUINTARELLI-2003-3.jpg","datePublished":"2026-02-06T07:28:36+00:00","dateModified":"2026-02-06T07:35:14+00:00","description":"Amarone della Valpolicella Riserva QUINTARELLI 2011 Im komplexen, anhaltenden, weichen, vollen und nuancenreichen Mund brilliert","breadcrumb":{"@id":"https:\/\/fonsvinum.com\/de\/produkt\/amarone-della-valpolicella-riserva-quintarelli-2011\/#breadcrumb"},"inLanguage":"de","potentialAction":[{"@type":"ReadAction","target":["https:\/\/fonsvinum.com\/de\/produkt\/amarone-della-valpolicella-riserva-quintarelli-2011\/"]}]},{"@type":"ImageObject","inLanguage":"de","@id":"https:\/\/fonsvinum.com\/de\/produkt\/amarone-della-valpolicella-riserva-quintarelli-2011\/#primaryimage","url":"https:\/\/fonsvinum.com\/files\/2019\/02\/Amarone-della-Valpolicella-Riserva-QUINTARELLI-2003-3.jpg","contentUrl":"https:\/\/fonsvinum.com\/files\/2019\/02\/Amarone-della-Valpolicella-Riserva-QUINTARELLI-2003-3.jpg","width":200,"height":200,"caption":"Amarone della Valpolicella Riserva QUINTARELLI 2003 3"},{"@type":"BreadcrumbList","@id":"https:\/\/fonsvinum.com\/de\/produkt\/amarone-della-valpolicella-riserva-quintarelli-2011\/#breadcrumb","itemListElement":[{"@type":"ListItem","position":1,"name":"Startseite","item":"https:\/\/fonsvinum.com\/de\/"},{"@type":"ListItem","position":2,"name":"Shop","item":"https:\/\/fonsvinum.com\/de\/shop\/"},{"@type":"ListItem","position":3,"name":"Amarone della Valpolicella Riserva QUINTARELLI 2011"}]},{"@type":"WebSite","@id":"https:\/\/fonsvinum.com\/en\/#website","url":"https:\/\/fonsvinum.com\/en\/","name":"Fons Vinum","description":"Vendita Vino Online","publisher":{"@id":"https:\/\/fonsvinum.com\/en\/#organization"},"potentialAction":[{"@type":"SearchAction","target":{"@type":"EntryPoint","urlTemplate":"https:\/\/fonsvinum.com\/en\/?s={search_term_string}"},"query-input":{"@type":"PropertyValueSpecification","valueRequired":true,"valueName":"search_term_string"}}],"inLanguage":"de"},{"@type":"Organization","@id":"https:\/\/fonsvinum.com\/en\/#organization","name":"Fons Vinum","url":"https:\/\/fonsvinum.com\/en\/","logo":{"@type":"ImageObject","inLanguage":"de","@id":"https:\/\/fonsvinum.com\/en\/#\/schema\/logo\/image\/","url":"","contentUrl":"","caption":"Fons Vinum"},"image":{"@id":"https:\/\/fonsvinum.com\/en\/#\/schema\/logo\/image\/"}}]}},"acf":[],"_links":{"self":[{"href":"https:\/\/fonsvinum.com\/de\/wp-json\/wp\/v2\/product\/48707","targetHints":{"allow":["GET"]}}],"collection":[{"href":"https:\/\/fonsvinum.com\/de\/wp-json\/wp\/v2\/product"}],"about":[{"href":"https:\/\/fonsvinum.com\/de\/wp-json\/wp\/v2\/types\/product"}],"replies":[{"embeddable":true,"href":"https:\/\/fonsvinum.com\/de\/wp-json\/wp\/v2\/comments?post=48707"}],"wp:featuredmedia":[{"embeddable":true,"href":"https:\/\/fonsvinum.com\/de\/wp-json\/wp\/v2\/media\/18051"}],"wp:attachment":[{"href":"https:\/\/fonsvinum.com\/de\/wp-json\/wp\/v2\/media?parent=48707"}],"wp:term":[{"taxonomy":"product_brand","embeddable":true,"href":"https:\/\/fonsvinum.com\/de\/wp-json\/wp\/v2\/product_brand?post=48707"},{"taxonomy":"product_cat","embeddable":true,"href":"https:\/\/fonsvinum.com\/de\/wp-json\/wp\/v2\/product_cat?post=48707"},{"taxonomy":"product_tag","embeddable":true,"href":"https:\/\/fonsvinum.com\/de\/wp-json\/wp\/v2\/product_tag?post=48707"}],"curies":[{"name":"wp","href":"https:\/\/api.w.org\/{rel}","templated":true}]}}