{"id":48689,"date":"2026-02-04T08:26:38","date_gmt":"2026-02-04T07:26:38","guid":{"rendered":"https:\/\/fonsvinum.com\/?post_type=product&#038;p=48689"},"modified":"2026-02-04T08:44:29","modified_gmt":"2026-02-04T07:44:29","slug":"giuseppe-quintarelli-amarone-della-valpolicella-doc-classico-2018","status":"publish","type":"product","link":"https:\/\/fonsvinum.com\/de\/produkt\/giuseppe-quintarelli-amarone-della-valpolicella-doc-classico-2018\/","title":{"rendered":"Giuseppe QUINTARELLI Amarone della Valpolicella DOC Classico 2018"},"content":{"rendered":"<h1>Giuseppe <a href=\"https:\/\/fonsvinum.com\/produttore\/quintarelli\/\">QUINTARELLI<\/a> Amarone della Valpolicella DOC Classico 2017<\/h1>\n<h2>Giuseppe Quintarelli<\/h2>\n<p>Der Name Giuseppe Quintarelli ist seit Jahren ein leuchtendes Vorbild im Valpolicella. Im Negrar-Tal produzieren zw\u00f6lf Hektar Weinberge, auf denen die autochthonen Rebsorten Corvina, Corvinone, Rondinella und Molinara wachsen, j\u00e4hrlich rund 50.000 Flaschen Wein.<\/p>\n<p>Diese Geschichte begann Anfang des 20. Jahrhunderts mit Silvio Quintarelli. Ab Mitte des Jahrhunderts f\u00fchrte sein j\u00fcngster Sohn \u201eBepi\u201c die Tradition fort und gilt heute als unbestrittener Meister des Amarone. Aus tiefstem Respekt vor der Natur und einer strengen Traubenauswahl entstehen Quintarellis Weine \u2013 Weine mit gro\u00dfem \u201eW\u201c, deren Etiketten jahrhundertealte Handwerkskunst und einzigartiges Gesp\u00fcr verk\u00f6rpern. Quintarellis Weine \u00fcberraschen zudem mit ihrer bemerkenswerten Lebendigkeit, einer Eigenschaft, die sie f\u00fcr eine sehr lange Reifung pr\u00e4destiniert. W\u00e4hrend dieser Zeit entwickeln sie sich enorm weiter und entfalten ihren vollen Geschmack noch lange nach dem \u00d6ffnen der Flasche.<\/p>\n<h2><a href=\"https:\/\/fonsvinum.com\/de\/?s=AMARONE&amp;post_type=product\">AMARONE<\/a> DELLA VALPOLICELLA DOC CLASSICO<\/h2>\n<p>Weingut<\/p>\n<p>Die sorgf\u00e4ltig ausgew\u00e4hlten Trauben werden zur Lesezeit in den Trockenraum gebracht und sofort in Holzkisten auf Gestellen zum Trocknen ausgelegt. Die richtige Anordnung der Trauben ist wichtig, damit der Trocknungsprozess v\u00f6llig nat\u00fcrlich ablaufen kann. Erste Anzeichen von Edelf\u00e4ule zeigen sich Ende November oder Anfang Dezember und verst\u00e4rken sich im Januar. Die Trauben werden Ende Januar gepresst. Nach etwa 20 Tagen Maischestandzeit beginnt die alkoholische G\u00e4rung mit nat\u00fcrlichen Hefen. Die G\u00e4rung verl\u00e4uft sehr langsam und dauert etwa 45 Tage. Anschlie\u00dfend wird der Wein abgezogen und der zuk\u00fcnftige Amarone in mittelgro\u00dfe bis kleine F\u00e4sser aus slawonischer Eiche gef\u00fcllt, wo er \u00fcber zehn Jahre reift. W\u00e4hrend dieser Zeit finden weitere alkoholische G\u00e4rungen statt, die zu einem trockenen Wein von au\u00dfergew\u00f6hnlicher Struktur und Komplexit\u00e4t f\u00fchren.<\/p>\n<p>Amarone Riserva wird nur in den besten Jahrg\u00e4ngen produziert.<\/p>\n<h3>Verkostungsnotizen<\/h3>\n<p>Farbe: Tiefes Granatrot.<\/p>\n<p>Bouquet: Intensive Aromen von Schwarzkirsche und Bittermandel entfalten sich in der Nase, gefolgt von Nuancen von Tabak, Lakritz, Kakao, Eiche und Gew\u00fcrzen.<\/p>\n<p>Geschmack: Warm und kraftvoll am Gaumen, zeichnet er sich durch harmonische Balance und einen langen, raffinierten und exquisiten Abgang aus.<\/p>\n<h3>Empfehlung:<\/h3>\n<p>Dieser Wein eignet sich hervorragend f\u00fcr festliche Anl\u00e4sse und harmoniert besonders gut mit Eselgulasch.<\/p>\n","protected":false},"excerpt":{"rendered":"<p>Giuseppe QUINTARELLI Amarone della Valpolicella DOC Classico 2017 Giuseppe Quintarelli Der Name Giuseppe Quintarelli ist seit Jahren ein leuchtendes Vorbild im Valpolicella. Im Negrar-Tal produzieren zw\u00f6lf Hektar Weinberge, auf denen die autochthonen Rebsorten Corvina, Corvinone, Rondinella und Molinara wachsen, j\u00e4hrlich rund 50.000 Flaschen Wein. Diese Geschichte begann Anfang des 20. Jahrhunderts mit Silvio Quintarelli. Ab [&hellip;]<\/p>\n","protected":false},"featured_media":3668,"comment_status":"open","ping_status":"closed","template":"","meta":{"_acf_changed":false,"_monsterinsights_skip_tracking":false,"_monsterinsights_sitenote_active":false,"_monsterinsights_sitenote_note":"","_monsterinsights_sitenote_category":0},"product_brand":[],"product_cat":[2336],"product_tag":[15861,1733],"class_list":{"0":"post-48689","1":"product","2":"type-product","3":"status-publish","4":"has-post-thumbnail","6":"product_cat-amarone-de","7":"product_tag-amarone-de","8":"product_tag-aussergewoehnliche-weine-de","9":"pa_appellation-amarone-della-valpolicella-docg-de","10":"pa_formato-0-75-l-flasche-de","11":"pa_producer-quintarelli-giuseppe-de","12":"pa_region-venetien-de","13":"pa_vine-55-corvina-30-rondinella-15-cabernet-sauvignon-de","14":"pa_vintage-2018-de","16":"first","17":"instock","18":"taxable","19":"shipping-taxable","20":"purchasable","21":"product-type-simple"},"bundled_by":[],"bundle_stock_status":"instock","bundle_stock_quantity":6,"bundle_virtual":false,"bundle_layout":"","bundle_add_to_cart_form_location":"","bundle_editable_in_cart":false,"bundle_sold_individually_context":"","bundle_item_grouping":"","bundle_min_size":"","bundle_max_size":"","bundle_price":[],"bundled_items":[],"bundle_sell_ids":[],"yoast_head":"<!-- This site is optimized with the Yoast SEO plugin v27.2 - https:\/\/yoast.com\/product\/yoast-seo-wordpress\/ -->\n<title>Giuseppe QUINTARELLI Amarone Valpolicella DOC Classico 2018<\/title>\n<meta name=\"description\" content=\"Giuseppe QUINTARELLI Amarone della Valpolicella DOC Classico 2018\" \/>\n<meta name=\"robots\" content=\"index, follow, max-snippet:-1, max-image-preview:large, max-video-preview:-1\" \/>\n<link rel=\"canonical\" href=\"https:\/\/fonsvinum.com\/de\/produkt\/giuseppe-quintarelli-amarone-della-valpolicella-doc-classico-2018\/\" \/>\n<meta property=\"og:locale\" content=\"de_DE\" \/>\n<meta property=\"og:type\" content=\"article\" \/>\n<meta property=\"og:title\" content=\"Giuseppe QUINTARELLI Amarone Valpolicella DOC Classico 2018\" \/>\n<meta property=\"og:description\" content=\"Giuseppe QUINTARELLI Amarone della Valpolicella DOC Classico 2018\" \/>\n<meta property=\"og:url\" content=\"https:\/\/fonsvinum.com\/de\/produkt\/giuseppe-quintarelli-amarone-della-valpolicella-doc-classico-2018\/\" \/>\n<meta property=\"og:site_name\" content=\"Fons Vinum\" \/>\n<meta property=\"article:modified_time\" content=\"2026-02-04T07:44:29+00:00\" \/>\n<meta property=\"og:image\" content=\"https:\/\/fonsvinum.com\/files\/2013\/04\/amarone_quintarelli.png\" \/>\n\t<meta property=\"og:image:width\" content=\"200\" \/>\n\t<meta property=\"og:image:height\" content=\"600\" \/>\n\t<meta property=\"og:image:type\" content=\"image\/png\" \/>\n<meta name=\"twitter:label1\" content=\"Gesch\u00e4tzte Lesezeit\" \/>\n\t<meta name=\"twitter:data1\" content=\"2\u00a0Minuten\" \/>\n<script type=\"application\/ld+json\" class=\"yoast-schema-graph\">{\"@context\":\"https:\/\/schema.org\",\"@graph\":[{\"@type\":\"WebPage\",\"@id\":\"https:\/\/fonsvinum.com\/de\/produkt\/giuseppe-quintarelli-amarone-della-valpolicella-doc-classico-2018\/\",\"url\":\"https:\/\/fonsvinum.com\/de\/produkt\/giuseppe-quintarelli-amarone-della-valpolicella-doc-classico-2018\/\",\"name\":\"Giuseppe QUINTARELLI Amarone Valpolicella DOC Classico 2018\",\"isPartOf\":{\"@id\":\"https:\/\/fonsvinum.com\/en\/#website\"},\"primaryImageOfPage\":{\"@id\":\"https:\/\/fonsvinum.com\/de\/produkt\/giuseppe-quintarelli-amarone-della-valpolicella-doc-classico-2018\/#primaryimage\"},\"image\":{\"@id\":\"https:\/\/fonsvinum.com\/de\/produkt\/giuseppe-quintarelli-amarone-della-valpolicella-doc-classico-2018\/#primaryimage\"},\"thumbnailUrl\":\"https:\/\/fonsvinum.com\/files\/2013\/04\/amarone_quintarelli.png\",\"datePublished\":\"2026-02-04T07:26:38+00:00\",\"dateModified\":\"2026-02-04T07:44:29+00:00\",\"description\":\"Giuseppe QUINTARELLI Amarone della Valpolicella DOC Classico 2018\",\"breadcrumb\":{\"@id\":\"https:\/\/fonsvinum.com\/de\/produkt\/giuseppe-quintarelli-amarone-della-valpolicella-doc-classico-2018\/#breadcrumb\"},\"inLanguage\":\"de\",\"potentialAction\":[{\"@type\":\"ReadAction\",\"target\":[\"https:\/\/fonsvinum.com\/de\/produkt\/giuseppe-quintarelli-amarone-della-valpolicella-doc-classico-2018\/\"]}]},{\"@type\":\"ImageObject\",\"inLanguage\":\"de\",\"@id\":\"https:\/\/fonsvinum.com\/de\/produkt\/giuseppe-quintarelli-amarone-della-valpolicella-doc-classico-2018\/#primaryimage\",\"url\":\"https:\/\/fonsvinum.com\/files\/2013\/04\/amarone_quintarelli.png\",\"contentUrl\":\"https:\/\/fonsvinum.com\/files\/2013\/04\/amarone_quintarelli.png\",\"width\":200,\"height\":600},{\"@type\":\"BreadcrumbList\",\"@id\":\"https:\/\/fonsvinum.com\/de\/produkt\/giuseppe-quintarelli-amarone-della-valpolicella-doc-classico-2018\/#breadcrumb\",\"itemListElement\":[{\"@type\":\"ListItem\",\"position\":1,\"name\":\"Startseite\",\"item\":\"https:\/\/fonsvinum.com\/de\/\"},{\"@type\":\"ListItem\",\"position\":2,\"name\":\"Shop\",\"item\":\"https:\/\/fonsvinum.com\/de\/shop\/\"},{\"@type\":\"ListItem\",\"position\":3,\"name\":\"Giuseppe QUINTARELLI Amarone della Valpolicella DOC Classico 2018\"}]},{\"@type\":\"WebSite\",\"@id\":\"https:\/\/fonsvinum.com\/en\/#website\",\"url\":\"https:\/\/fonsvinum.com\/en\/\",\"name\":\"Fons Vinum\",\"description\":\"Vendita Vino Online\",\"publisher\":{\"@id\":\"https:\/\/fonsvinum.com\/en\/#organization\"},\"potentialAction\":[{\"@type\":\"SearchAction\",\"target\":{\"@type\":\"EntryPoint\",\"urlTemplate\":\"https:\/\/fonsvinum.com\/en\/?s={search_term_string}\"},\"query-input\":{\"@type\":\"PropertyValueSpecification\",\"valueRequired\":true,\"valueName\":\"search_term_string\"}}],\"inLanguage\":\"de\"},{\"@type\":\"Organization\",\"@id\":\"https:\/\/fonsvinum.com\/en\/#organization\",\"name\":\"Fons Vinum\",\"url\":\"https:\/\/fonsvinum.com\/en\/\",\"logo\":{\"@type\":\"ImageObject\",\"inLanguage\":\"de\",\"@id\":\"https:\/\/fonsvinum.com\/en\/#\/schema\/logo\/image\/\",\"url\":\"\",\"contentUrl\":\"\",\"caption\":\"Fons Vinum\"},\"image\":{\"@id\":\"https:\/\/fonsvinum.com\/en\/#\/schema\/logo\/image\/\"}}]}<\/script>\n<!-- \/ Yoast SEO plugin. -->","yoast_head_json":{"title":"Giuseppe QUINTARELLI Amarone Valpolicella DOC Classico 2018","description":"Giuseppe QUINTARELLI Amarone della Valpolicella DOC Classico 2018","robots":{"index":"index","follow":"follow","max-snippet":"max-snippet:-1","max-image-preview":"max-image-preview:large","max-video-preview":"max-video-preview:-1"},"canonical":"https:\/\/fonsvinum.com\/de\/produkt\/giuseppe-quintarelli-amarone-della-valpolicella-doc-classico-2018\/","og_locale":"de_DE","og_type":"article","og_title":"Giuseppe QUINTARELLI Amarone Valpolicella DOC Classico 2018","og_description":"Giuseppe QUINTARELLI Amarone della Valpolicella DOC Classico 2018","og_url":"https:\/\/fonsvinum.com\/de\/produkt\/giuseppe-quintarelli-amarone-della-valpolicella-doc-classico-2018\/","og_site_name":"Fons Vinum","article_modified_time":"2026-02-04T07:44:29+00:00","og_image":[{"width":200,"height":600,"url":"https:\/\/fonsvinum.com\/files\/2013\/04\/amarone_quintarelli.png","type":"image\/png"}],"twitter_misc":{"Gesch\u00e4tzte Lesezeit":"2\u00a0Minuten"},"schema":{"@context":"https:\/\/schema.org","@graph":[{"@type":"WebPage","@id":"https:\/\/fonsvinum.com\/de\/produkt\/giuseppe-quintarelli-amarone-della-valpolicella-doc-classico-2018\/","url":"https:\/\/fonsvinum.com\/de\/produkt\/giuseppe-quintarelli-amarone-della-valpolicella-doc-classico-2018\/","name":"Giuseppe QUINTARELLI Amarone Valpolicella DOC Classico 2018","isPartOf":{"@id":"https:\/\/fonsvinum.com\/en\/#website"},"primaryImageOfPage":{"@id":"https:\/\/fonsvinum.com\/de\/produkt\/giuseppe-quintarelli-amarone-della-valpolicella-doc-classico-2018\/#primaryimage"},"image":{"@id":"https:\/\/fonsvinum.com\/de\/produkt\/giuseppe-quintarelli-amarone-della-valpolicella-doc-classico-2018\/#primaryimage"},"thumbnailUrl":"https:\/\/fonsvinum.com\/files\/2013\/04\/amarone_quintarelli.png","datePublished":"2026-02-04T07:26:38+00:00","dateModified":"2026-02-04T07:44:29+00:00","description":"Giuseppe QUINTARELLI Amarone della Valpolicella DOC Classico 2018","breadcrumb":{"@id":"https:\/\/fonsvinum.com\/de\/produkt\/giuseppe-quintarelli-amarone-della-valpolicella-doc-classico-2018\/#breadcrumb"},"inLanguage":"de","potentialAction":[{"@type":"ReadAction","target":["https:\/\/fonsvinum.com\/de\/produkt\/giuseppe-quintarelli-amarone-della-valpolicella-doc-classico-2018\/"]}]},{"@type":"ImageObject","inLanguage":"de","@id":"https:\/\/fonsvinum.com\/de\/produkt\/giuseppe-quintarelli-amarone-della-valpolicella-doc-classico-2018\/#primaryimage","url":"https:\/\/fonsvinum.com\/files\/2013\/04\/amarone_quintarelli.png","contentUrl":"https:\/\/fonsvinum.com\/files\/2013\/04\/amarone_quintarelli.png","width":200,"height":600},{"@type":"BreadcrumbList","@id":"https:\/\/fonsvinum.com\/de\/produkt\/giuseppe-quintarelli-amarone-della-valpolicella-doc-classico-2018\/#breadcrumb","itemListElement":[{"@type":"ListItem","position":1,"name":"Startseite","item":"https:\/\/fonsvinum.com\/de\/"},{"@type":"ListItem","position":2,"name":"Shop","item":"https:\/\/fonsvinum.com\/de\/shop\/"},{"@type":"ListItem","position":3,"name":"Giuseppe QUINTARELLI Amarone della Valpolicella DOC Classico 2018"}]},{"@type":"WebSite","@id":"https:\/\/fonsvinum.com\/en\/#website","url":"https:\/\/fonsvinum.com\/en\/","name":"Fons Vinum","description":"Vendita Vino Online","publisher":{"@id":"https:\/\/fonsvinum.com\/en\/#organization"},"potentialAction":[{"@type":"SearchAction","target":{"@type":"EntryPoint","urlTemplate":"https:\/\/fonsvinum.com\/en\/?s={search_term_string}"},"query-input":{"@type":"PropertyValueSpecification","valueRequired":true,"valueName":"search_term_string"}}],"inLanguage":"de"},{"@type":"Organization","@id":"https:\/\/fonsvinum.com\/en\/#organization","name":"Fons Vinum","url":"https:\/\/fonsvinum.com\/en\/","logo":{"@type":"ImageObject","inLanguage":"de","@id":"https:\/\/fonsvinum.com\/en\/#\/schema\/logo\/image\/","url":"","contentUrl":"","caption":"Fons Vinum"},"image":{"@id":"https:\/\/fonsvinum.com\/en\/#\/schema\/logo\/image\/"}}]}},"acf":[],"_links":{"self":[{"href":"https:\/\/fonsvinum.com\/de\/wp-json\/wp\/v2\/product\/48689","targetHints":{"allow":["GET"]}}],"collection":[{"href":"https:\/\/fonsvinum.com\/de\/wp-json\/wp\/v2\/product"}],"about":[{"href":"https:\/\/fonsvinum.com\/de\/wp-json\/wp\/v2\/types\/product"}],"replies":[{"embeddable":true,"href":"https:\/\/fonsvinum.com\/de\/wp-json\/wp\/v2\/comments?post=48689"}],"wp:featuredmedia":[{"embeddable":true,"href":"https:\/\/fonsvinum.com\/de\/wp-json\/wp\/v2\/media\/3668"}],"wp:attachment":[{"href":"https:\/\/fonsvinum.com\/de\/wp-json\/wp\/v2\/media?parent=48689"}],"wp:term":[{"taxonomy":"product_brand","embeddable":true,"href":"https:\/\/fonsvinum.com\/de\/wp-json\/wp\/v2\/product_brand?post=48689"},{"taxonomy":"product_cat","embeddable":true,"href":"https:\/\/fonsvinum.com\/de\/wp-json\/wp\/v2\/product_cat?post=48689"},{"taxonomy":"product_tag","embeddable":true,"href":"https:\/\/fonsvinum.com\/de\/wp-json\/wp\/v2\/product_tag?post=48689"}],"curies":[{"name":"wp","href":"https:\/\/api.w.org\/{rel}","templated":true}]}}