{"id":48681,"date":"2026-02-03T15:44:26","date_gmt":"2026-02-03T14:44:26","guid":{"rendered":"https:\/\/fonsvinum.com\/?post_type=product&#038;p=48681"},"modified":"2026-02-03T16:02:06","modified_gmt":"2026-02-03T15:02:06","slug":"giacomo-borgogno-barolo-2021","status":"publish","type":"product","link":"https:\/\/fonsvinum.com\/de\/produkt\/giacomo-borgogno-barolo-2021\/","title":{"rendered":"GIACOMO BORGOGNO Barolo 2021"},"content":{"rendered":"<h1><a href=\"https:\/\/fonsvinum.com\/de\/shop\/?filter_appellation=barolo-docg-de\">Barolo 2021<\/a> <a href=\"https:\/\/fonsvinum.com\/de\/shop\/?filter_producer=borgogno-de&#038;filter_appellation=barolo-docg-de\">GIACOMO BORGOGNO<\/a><\/h1>\n<p>Borgogno weingut befindetsichim\u00a0im namensgebenen Ort Barolo liegt\u00a0mitten im\u00a0\u201eZentrum\u201c\u00a0eines der\u00a0\u00e4ltesten Weing\u00fcter des Piemonts\u00a0welches 1761 gegr\u00fcndet wurde. Bekannt f\u00fcr seine Qualit\u00e4ten wurde\u00a0BORGOGNO\u00a0schon vor vielen Generationen. Gemeinsam mit den\u00a0Marchesi\u00a0de Barolo eroberte der Barolo \u00fcber das ital. K\u00f6nigshaus in Triest die Weinwelt mit einer damals nicht gekannten Qualit\u00e4t.<\/p>\n<p>Ein Barolo ist immer etwas Besonderes, denn er wird nur aus der Rebsorte Nebbiolo, was \u00fcbersetzt kleiner Nebel heisst, gekeltert. Der traditionellen Barolos werden in 1800 Liter Holzf\u00e4ssern aus slawonischer Eiche ausgebaut. Das Weinbaugebiet Barolo umfasst nur 1300 Hektar! Das Zentrum befindet sich rund um den Ort Barolo, Castiglione Falletto, La Morra, Monforte und Serralunga d Alba, diese Regionen haben sehr steile nach S\u00fcden ausgerichtet Weinberge. Die Bewirtschaftung erfolgt dort\u00a0mit kleinen Kettenfahrzeugen.<\/p>\n<p>Bei BORGONO haben sie als Kunden den Vorteil immer wieder einen echt gereiften Barolo\u00a0erwerben zu k\u00f6nnen, da das Weingut seit Jahren die Weine im eigenen Keller reifen l\u00e4sst, welche Sie dann trinkfertig\u00a0genie\u00dfen d\u00fcrfen.<\/p>\n<p>&nbsp;<\/p>\n","protected":false},"excerpt":{"rendered":"<p>Barolo 2021 GIACOMO BORGOGNO Borgogno weingut befindetsichim\u00a0im namensgebenen Ort Barolo liegt\u00a0mitten im\u00a0\u201eZentrum\u201c\u00a0eines der\u00a0\u00e4ltesten Weing\u00fcter des Piemonts\u00a0welches 1761 gegr\u00fcndet wurde. Bekannt f\u00fcr seine Qualit\u00e4ten wurde\u00a0BORGOGNO\u00a0schon vor vielen Generationen. Gemeinsam mit den\u00a0Marchesi\u00a0de Barolo eroberte der Barolo \u00fcber das ital. K\u00f6nigshaus in Triest die Weinwelt mit einer damals nicht gekannten Qualit\u00e4t. Ein Barolo ist immer etwas Besonderes, denn [&hellip;]<\/p>\n","protected":false},"featured_media":22466,"comment_status":"open","ping_status":"closed","template":"","meta":{"_acf_changed":false,"_monsterinsights_skip_tracking":false,"_monsterinsights_sitenote_active":false,"_monsterinsights_sitenote_note":"","_monsterinsights_sitenote_category":0},"product_brand":[],"product_cat":[1824],"product_tag":[15903,2418,15893],"class_list":{"0":"post-48681","1":"product","2":"type-product","3":"status-publish","4":"has-post-thumbnail","6":"product_cat-barolo-de","7":"product_tag-barolo-de","8":"product_tag-kleine-weinzeuger-de","9":"product_tag-piemonte-de","10":"pa_appellation-barolo-docg-de","11":"pa_formato-0-75-l-flasche-de","12":"pa_producer-borgogno-de","13":"pa_region-piemont-de","14":"pa_vine-100-nebbiolo-de","15":"pa_vintage-18393","17":"first","18":"instock","19":"taxable","20":"shipping-taxable","21":"purchasable","22":"product-type-simple"},"bundled_by":[],"bundle_stock_status":"instock","bundle_stock_quantity":6,"bundle_virtual":false,"bundle_layout":"","bundle_add_to_cart_form_location":"","bundle_editable_in_cart":false,"bundle_sold_individually_context":"","bundle_item_grouping":"","bundle_min_size":"","bundle_max_size":"","bundle_price":[],"bundled_items":[],"bundle_sell_ids":[],"yoast_head":"<!-- This site is optimized with the Yoast SEO plugin v27.2 - https:\/\/yoast.com\/product\/yoast-seo-wordpress\/ -->\n<title>Kaufen online GIACOMO BORGOGNO Barolo 2021 - FonsVinum<\/title>\n<meta name=\"description\" content=\"GIACOMO BORGOGNO Barolo 2021 Borgogno weingut befindetsichim\u00a0im namensgebenen Ort Barolo liegt\u00a0mitten im,Zentrum\u201c\u00a0eines der\u00a0\u00e4ltesten\" \/>\n<meta name=\"robots\" content=\"index, follow, max-snippet:-1, max-image-preview:large, max-video-preview:-1\" \/>\n<link rel=\"canonical\" href=\"https:\/\/fonsvinum.com\/de\/produkt\/giacomo-borgogno-barolo-2021\/\" \/>\n<meta property=\"og:locale\" content=\"de_DE\" \/>\n<meta property=\"og:type\" content=\"article\" \/>\n<meta property=\"og:title\" content=\"Kaufen online GIACOMO BORGOGNO Barolo 2021 - FonsVinum\" \/>\n<meta property=\"og:description\" content=\"GIACOMO BORGOGNO Barolo 2021 Borgogno weingut befindetsichim\u00a0im namensgebenen Ort Barolo liegt\u00a0mitten im,Zentrum\u201c\u00a0eines der\u00a0\u00e4ltesten\" \/>\n<meta property=\"og:url\" content=\"https:\/\/fonsvinum.com\/de\/produkt\/giacomo-borgogno-barolo-2021\/\" \/>\n<meta property=\"og:site_name\" content=\"Fons Vinum\" \/>\n<meta property=\"article:modified_time\" content=\"2026-02-03T15:02:06+00:00\" \/>\n<meta property=\"og:image\" content=\"https:\/\/fonsvinum.com\/files\/2020\/02\/barolo-borgogno.jpg\" \/>\n\t<meta property=\"og:image:width\" content=\"200\" \/>\n\t<meta property=\"og:image:height\" content=\"600\" \/>\n\t<meta property=\"og:image:type\" content=\"image\/jpeg\" \/>\n<meta name=\"twitter:label1\" content=\"Gesch\u00e4tzte Lesezeit\" \/>\n\t<meta name=\"twitter:data1\" content=\"2\u00a0Minuten\" \/>\n<script type=\"application\/ld+json\" class=\"yoast-schema-graph\">{\"@context\":\"https:\/\/schema.org\",\"@graph\":[{\"@type\":\"WebPage\",\"@id\":\"https:\/\/fonsvinum.com\/de\/produkt\/giacomo-borgogno-barolo-2021\/\",\"url\":\"https:\/\/fonsvinum.com\/de\/produkt\/giacomo-borgogno-barolo-2021\/\",\"name\":\"Kaufen online GIACOMO BORGOGNO Barolo 2021 - FonsVinum\",\"isPartOf\":{\"@id\":\"https:\/\/fonsvinum.com\/en\/#website\"},\"primaryImageOfPage\":{\"@id\":\"https:\/\/fonsvinum.com\/de\/produkt\/giacomo-borgogno-barolo-2021\/#primaryimage\"},\"image\":{\"@id\":\"https:\/\/fonsvinum.com\/de\/produkt\/giacomo-borgogno-barolo-2021\/#primaryimage\"},\"thumbnailUrl\":\"https:\/\/fonsvinum.com\/files\/2020\/02\/barolo-borgogno.jpg\",\"datePublished\":\"2026-02-03T14:44:26+00:00\",\"dateModified\":\"2026-02-03T15:02:06+00:00\",\"description\":\"GIACOMO BORGOGNO Barolo 2021 Borgogno weingut befindetsichim\u00a0im namensgebenen Ort Barolo liegt\u00a0mitten im,Zentrum\u201c\u00a0eines der\u00a0\u00e4ltesten\",\"breadcrumb\":{\"@id\":\"https:\/\/fonsvinum.com\/de\/produkt\/giacomo-borgogno-barolo-2021\/#breadcrumb\"},\"inLanguage\":\"de\",\"potentialAction\":[{\"@type\":\"ReadAction\",\"target\":[\"https:\/\/fonsvinum.com\/de\/produkt\/giacomo-borgogno-barolo-2021\/\"]}]},{\"@type\":\"ImageObject\",\"inLanguage\":\"de\",\"@id\":\"https:\/\/fonsvinum.com\/de\/produkt\/giacomo-borgogno-barolo-2021\/#primaryimage\",\"url\":\"https:\/\/fonsvinum.com\/files\/2020\/02\/barolo-borgogno.jpg\",\"contentUrl\":\"https:\/\/fonsvinum.com\/files\/2020\/02\/barolo-borgogno.jpg\",\"width\":200,\"height\":600},{\"@type\":\"BreadcrumbList\",\"@id\":\"https:\/\/fonsvinum.com\/de\/produkt\/giacomo-borgogno-barolo-2021\/#breadcrumb\",\"itemListElement\":[{\"@type\":\"ListItem\",\"position\":1,\"name\":\"Startseite\",\"item\":\"https:\/\/fonsvinum.com\/de\/\"},{\"@type\":\"ListItem\",\"position\":2,\"name\":\"Shop\",\"item\":\"https:\/\/fonsvinum.com\/de\/shop\/\"},{\"@type\":\"ListItem\",\"position\":3,\"name\":\"GIACOMO BORGOGNO Barolo 2021\"}]},{\"@type\":\"WebSite\",\"@id\":\"https:\/\/fonsvinum.com\/en\/#website\",\"url\":\"https:\/\/fonsvinum.com\/en\/\",\"name\":\"Fons Vinum\",\"description\":\"Vendita Vino Online\",\"publisher\":{\"@id\":\"https:\/\/fonsvinum.com\/en\/#organization\"},\"potentialAction\":[{\"@type\":\"SearchAction\",\"target\":{\"@type\":\"EntryPoint\",\"urlTemplate\":\"https:\/\/fonsvinum.com\/en\/?s={search_term_string}\"},\"query-input\":{\"@type\":\"PropertyValueSpecification\",\"valueRequired\":true,\"valueName\":\"search_term_string\"}}],\"inLanguage\":\"de\"},{\"@type\":\"Organization\",\"@id\":\"https:\/\/fonsvinum.com\/en\/#organization\",\"name\":\"Fons Vinum\",\"url\":\"https:\/\/fonsvinum.com\/en\/\",\"logo\":{\"@type\":\"ImageObject\",\"inLanguage\":\"de\",\"@id\":\"https:\/\/fonsvinum.com\/en\/#\/schema\/logo\/image\/\",\"url\":\"\",\"contentUrl\":\"\",\"caption\":\"Fons Vinum\"},\"image\":{\"@id\":\"https:\/\/fonsvinum.com\/en\/#\/schema\/logo\/image\/\"}}]}<\/script>\n<!-- \/ Yoast SEO plugin. -->","yoast_head_json":{"title":"Kaufen online GIACOMO BORGOGNO Barolo 2021 - FonsVinum","description":"GIACOMO BORGOGNO Barolo 2021 Borgogno weingut befindetsichim\u00a0im namensgebenen Ort Barolo liegt\u00a0mitten im,Zentrum\u201c\u00a0eines der\u00a0\u00e4ltesten","robots":{"index":"index","follow":"follow","max-snippet":"max-snippet:-1","max-image-preview":"max-image-preview:large","max-video-preview":"max-video-preview:-1"},"canonical":"https:\/\/fonsvinum.com\/de\/produkt\/giacomo-borgogno-barolo-2021\/","og_locale":"de_DE","og_type":"article","og_title":"Kaufen online GIACOMO BORGOGNO Barolo 2021 - FonsVinum","og_description":"GIACOMO BORGOGNO Barolo 2021 Borgogno weingut befindetsichim\u00a0im namensgebenen Ort Barolo liegt\u00a0mitten im,Zentrum\u201c\u00a0eines der\u00a0\u00e4ltesten","og_url":"https:\/\/fonsvinum.com\/de\/produkt\/giacomo-borgogno-barolo-2021\/","og_site_name":"Fons Vinum","article_modified_time":"2026-02-03T15:02:06+00:00","og_image":[{"width":200,"height":600,"url":"https:\/\/fonsvinum.com\/files\/2020\/02\/barolo-borgogno.jpg","type":"image\/jpeg"}],"twitter_misc":{"Gesch\u00e4tzte Lesezeit":"2\u00a0Minuten"},"schema":{"@context":"https:\/\/schema.org","@graph":[{"@type":"WebPage","@id":"https:\/\/fonsvinum.com\/de\/produkt\/giacomo-borgogno-barolo-2021\/","url":"https:\/\/fonsvinum.com\/de\/produkt\/giacomo-borgogno-barolo-2021\/","name":"Kaufen online GIACOMO BORGOGNO Barolo 2021 - FonsVinum","isPartOf":{"@id":"https:\/\/fonsvinum.com\/en\/#website"},"primaryImageOfPage":{"@id":"https:\/\/fonsvinum.com\/de\/produkt\/giacomo-borgogno-barolo-2021\/#primaryimage"},"image":{"@id":"https:\/\/fonsvinum.com\/de\/produkt\/giacomo-borgogno-barolo-2021\/#primaryimage"},"thumbnailUrl":"https:\/\/fonsvinum.com\/files\/2020\/02\/barolo-borgogno.jpg","datePublished":"2026-02-03T14:44:26+00:00","dateModified":"2026-02-03T15:02:06+00:00","description":"GIACOMO BORGOGNO Barolo 2021 Borgogno weingut befindetsichim\u00a0im namensgebenen Ort Barolo liegt\u00a0mitten im,Zentrum\u201c\u00a0eines der\u00a0\u00e4ltesten","breadcrumb":{"@id":"https:\/\/fonsvinum.com\/de\/produkt\/giacomo-borgogno-barolo-2021\/#breadcrumb"},"inLanguage":"de","potentialAction":[{"@type":"ReadAction","target":["https:\/\/fonsvinum.com\/de\/produkt\/giacomo-borgogno-barolo-2021\/"]}]},{"@type":"ImageObject","inLanguage":"de","@id":"https:\/\/fonsvinum.com\/de\/produkt\/giacomo-borgogno-barolo-2021\/#primaryimage","url":"https:\/\/fonsvinum.com\/files\/2020\/02\/barolo-borgogno.jpg","contentUrl":"https:\/\/fonsvinum.com\/files\/2020\/02\/barolo-borgogno.jpg","width":200,"height":600},{"@type":"BreadcrumbList","@id":"https:\/\/fonsvinum.com\/de\/produkt\/giacomo-borgogno-barolo-2021\/#breadcrumb","itemListElement":[{"@type":"ListItem","position":1,"name":"Startseite","item":"https:\/\/fonsvinum.com\/de\/"},{"@type":"ListItem","position":2,"name":"Shop","item":"https:\/\/fonsvinum.com\/de\/shop\/"},{"@type":"ListItem","position":3,"name":"GIACOMO BORGOGNO Barolo 2021"}]},{"@type":"WebSite","@id":"https:\/\/fonsvinum.com\/en\/#website","url":"https:\/\/fonsvinum.com\/en\/","name":"Fons Vinum","description":"Vendita Vino Online","publisher":{"@id":"https:\/\/fonsvinum.com\/en\/#organization"},"potentialAction":[{"@type":"SearchAction","target":{"@type":"EntryPoint","urlTemplate":"https:\/\/fonsvinum.com\/en\/?s={search_term_string}"},"query-input":{"@type":"PropertyValueSpecification","valueRequired":true,"valueName":"search_term_string"}}],"inLanguage":"de"},{"@type":"Organization","@id":"https:\/\/fonsvinum.com\/en\/#organization","name":"Fons Vinum","url":"https:\/\/fonsvinum.com\/en\/","logo":{"@type":"ImageObject","inLanguage":"de","@id":"https:\/\/fonsvinum.com\/en\/#\/schema\/logo\/image\/","url":"","contentUrl":"","caption":"Fons Vinum"},"image":{"@id":"https:\/\/fonsvinum.com\/en\/#\/schema\/logo\/image\/"}}]}},"acf":[],"_links":{"self":[{"href":"https:\/\/fonsvinum.com\/de\/wp-json\/wp\/v2\/product\/48681","targetHints":{"allow":["GET"]}}],"collection":[{"href":"https:\/\/fonsvinum.com\/de\/wp-json\/wp\/v2\/product"}],"about":[{"href":"https:\/\/fonsvinum.com\/de\/wp-json\/wp\/v2\/types\/product"}],"replies":[{"embeddable":true,"href":"https:\/\/fonsvinum.com\/de\/wp-json\/wp\/v2\/comments?post=48681"}],"wp:featuredmedia":[{"embeddable":true,"href":"https:\/\/fonsvinum.com\/de\/wp-json\/wp\/v2\/media\/22466"}],"wp:attachment":[{"href":"https:\/\/fonsvinum.com\/de\/wp-json\/wp\/v2\/media?parent=48681"}],"wp:term":[{"taxonomy":"product_brand","embeddable":true,"href":"https:\/\/fonsvinum.com\/de\/wp-json\/wp\/v2\/product_brand?post=48681"},{"taxonomy":"product_cat","embeddable":true,"href":"https:\/\/fonsvinum.com\/de\/wp-json\/wp\/v2\/product_cat?post=48681"},{"taxonomy":"product_tag","embeddable":true,"href":"https:\/\/fonsvinum.com\/de\/wp-json\/wp\/v2\/product_tag?post=48681"}],"curies":[{"name":"wp","href":"https:\/\/api.w.org\/{rel}","templated":true}]}}