{"id":48675,"date":"2026-02-03T12:37:35","date_gmt":"2026-02-03T11:37:35","guid":{"rendered":"https:\/\/fonsvinum.com\/?post_type=product&#038;p=48675"},"modified":"2026-02-03T12:43:48","modified_gmt":"2026-02-03T11:43:48","slug":"gaja-dagromis-barolo-2021","status":"publish","type":"product","link":"https:\/\/fonsvinum.com\/de\/produkt\/gaja-dagromis-barolo-2021\/","title":{"rendered":"GAJA Dagromis Barolo 2021"},"content":{"rendered":"<h2><a href=\"https:\/\/fonsvinum.com\/de\/attributes\/producer\/gaja-de\/\">GAJA<\/a> Dagromis Barolo 2021<\/h2>\n<p>GAJA Dagromis <a href=\"https:\/\/www.shopinlanghe.com\/sellers?render_type=sellerview&amp;id_seller=5\">Barolo<\/a> 2021<\/p>\n<p>Die Familie Gaja nannte diesen Wein Gromis nach dem Namen der Familie, die fr\u00fcher diesen Nebbioloweingarten in der Gemeinde La Morra seit dem 18. Jahrhundert kontinuierlich besa\u00df.<\/p>\n<p>Das Terroir von La Morra verleiht seinen Weinen immer eine spezifische Eleganz und Finesse.<\/p>\n<p>Das zeigt sich beim Dagromis Barolo D.O.C.G.: tiefe Farbe, intensiver Duft nach Waldbeeren und floralen Noten.<\/p>\n<p>Der Dagromis reift ca. 12 Monate im Barrique und 12 Monate in gro\u00dfen Holzf\u00e4ssern. Angelo Gaja \u00fcber den Dagromis: \u201eDas Terroir von La Morra verleiht den Weinen immer eine spezifische Eleganz und Finesse. Das zeigt sich beim Dagromis: tiefe Farbe, intensiver Duft nach Waldbeeren und floralen Noten. Bei voller Entwicklung des Buketts entfaltet der Wein eine herrliche W\u00fcrze nach feinen Kr\u00e4utern. Im Mund sp\u00fcrt man die feste und gleichzeitig samtig-weiche Struktur, gefolgt von einem lang anhaltenden Abgang.&#8220;<\/p>\n<p>Bei voller Entwicklung des Buketts entfaltet der Wein eine herrliche W\u00fcrze nach feinen Kr\u00e4utern. Im Mund sp\u00fcrt man die feste und gleichzeitig samtig-weiche Struktur, gefolgt von einem lang anhaltenden Abgang.<\/p>\n<p>Gro\u00dfes Reifepotential f\u00fcr viele Jahre.<\/p>\n","protected":false},"excerpt":{"rendered":"<p>GAJA Dagromis Barolo 2021 GAJA Dagromis Barolo 2021 Die Familie Gaja nannte diesen Wein Gromis nach dem Namen der Familie, die fr\u00fcher diesen Nebbioloweingarten in der Gemeinde La Morra seit dem 18. Jahrhundert kontinuierlich besa\u00df. Das Terroir von La Morra verleiht seinen Weinen immer eine spezifische Eleganz und Finesse. Das zeigt sich beim Dagromis Barolo [&hellip;]<\/p>\n","protected":false},"featured_media":3694,"comment_status":"open","ping_status":"closed","template":"","meta":{"_acf_changed":false,"_monsterinsights_skip_tracking":false,"_monsterinsights_sitenote_active":false,"_monsterinsights_sitenote_note":"","_monsterinsights_sitenote_category":0},"product_brand":[],"product_cat":[1824],"product_tag":[15903,15893,15959],"class_list":{"0":"post-48675","1":"product","2":"type-product","3":"status-publish","4":"has-post-thumbnail","6":"product_cat-barolo-de","7":"product_tag-barolo-de","8":"product_tag-piemonte-de","9":"product_tag-vino-rosso-de","10":"pa_appellation-barolo-docg-de","11":"pa_formato-0-75-l-flasche-de","12":"pa_producer-gaja-de","13":"pa_region-piemont-de","14":"pa_vine-100-nebbiolo-de","15":"pa_vintage-18393","17":"first","18":"instock","19":"taxable","20":"shipping-taxable","21":"purchasable","22":"product-type-simple"},"bundled_by":[],"bundle_stock_status":"instock","bundle_stock_quantity":6,"bundle_virtual":false,"bundle_layout":"","bundle_add_to_cart_form_location":"","bundle_editable_in_cart":false,"bundle_sold_individually_context":"","bundle_item_grouping":"","bundle_min_size":"","bundle_max_size":"","bundle_price":[],"bundled_items":[],"bundle_sell_ids":[],"yoast_head":"<!-- This site is optimized with the Yoast SEO plugin v27.2 - https:\/\/yoast.com\/product\/yoast-seo-wordpress\/ -->\n<title>GAJA Dagromis Barolo 2021 - Kaufen online !!FonsVinum!!<\/title>\n<meta name=\"description\" content=\"Kaufen online GAJA Dagromis Barolo 2021 - Fons Vinum -\" \/>\n<meta name=\"robots\" content=\"index, follow, max-snippet:-1, max-image-preview:large, max-video-preview:-1\" \/>\n<link rel=\"canonical\" href=\"https:\/\/fonsvinum.com\/de\/produkt\/gaja-dagromis-barolo-2021\/\" \/>\n<meta property=\"og:locale\" content=\"de_DE\" \/>\n<meta property=\"og:type\" content=\"article\" \/>\n<meta property=\"og:title\" content=\"GAJA Dagromis Barolo 2021 - Kaufen online !!FonsVinum!!\" \/>\n<meta property=\"og:description\" content=\"Kaufen online GAJA Dagromis Barolo 2021 - Fons Vinum -\" \/>\n<meta property=\"og:url\" content=\"https:\/\/fonsvinum.com\/de\/produkt\/gaja-dagromis-barolo-2021\/\" \/>\n<meta property=\"og:site_name\" content=\"Fons Vinum\" \/>\n<meta property=\"article:modified_time\" content=\"2026-02-03T11:43:48+00:00\" \/>\n<meta property=\"og:image\" content=\"https:\/\/fonsvinum.com\/files\/2013\/04\/barolo-dagromis-gaja.png\" \/>\n\t<meta property=\"og:image:width\" content=\"194\" \/>\n\t<meta property=\"og:image:height\" content=\"601\" \/>\n\t<meta property=\"og:image:type\" content=\"image\/png\" \/>\n<meta name=\"twitter:label1\" content=\"Gesch\u00e4tzte Lesezeit\" \/>\n\t<meta name=\"twitter:data1\" content=\"2\u00a0Minuten\" \/>\n<script type=\"application\/ld+json\" class=\"yoast-schema-graph\">{\"@context\":\"https:\/\/schema.org\",\"@graph\":[{\"@type\":\"WebPage\",\"@id\":\"https:\/\/fonsvinum.com\/de\/produkt\/gaja-dagromis-barolo-2021\/\",\"url\":\"https:\/\/fonsvinum.com\/de\/produkt\/gaja-dagromis-barolo-2021\/\",\"name\":\"GAJA Dagromis Barolo 2021 - Kaufen online !!FonsVinum!!\",\"isPartOf\":{\"@id\":\"https:\/\/fonsvinum.com\/en\/#website\"},\"primaryImageOfPage\":{\"@id\":\"https:\/\/fonsvinum.com\/de\/produkt\/gaja-dagromis-barolo-2021\/#primaryimage\"},\"image\":{\"@id\":\"https:\/\/fonsvinum.com\/de\/produkt\/gaja-dagromis-barolo-2021\/#primaryimage\"},\"thumbnailUrl\":\"https:\/\/fonsvinum.com\/files\/2013\/04\/barolo-dagromis-gaja.png\",\"datePublished\":\"2026-02-03T11:37:35+00:00\",\"dateModified\":\"2026-02-03T11:43:48+00:00\",\"description\":\"Kaufen online GAJA Dagromis Barolo 2021 - Fons Vinum -\",\"breadcrumb\":{\"@id\":\"https:\/\/fonsvinum.com\/de\/produkt\/gaja-dagromis-barolo-2021\/#breadcrumb\"},\"inLanguage\":\"de\",\"potentialAction\":[{\"@type\":\"ReadAction\",\"target\":[\"https:\/\/fonsvinum.com\/de\/produkt\/gaja-dagromis-barolo-2021\/\"]}]},{\"@type\":\"ImageObject\",\"inLanguage\":\"de\",\"@id\":\"https:\/\/fonsvinum.com\/de\/produkt\/gaja-dagromis-barolo-2021\/#primaryimage\",\"url\":\"https:\/\/fonsvinum.com\/files\/2013\/04\/barolo-dagromis-gaja.png\",\"contentUrl\":\"https:\/\/fonsvinum.com\/files\/2013\/04\/barolo-dagromis-gaja.png\",\"width\":194,\"height\":601},{\"@type\":\"BreadcrumbList\",\"@id\":\"https:\/\/fonsvinum.com\/de\/produkt\/gaja-dagromis-barolo-2021\/#breadcrumb\",\"itemListElement\":[{\"@type\":\"ListItem\",\"position\":1,\"name\":\"Startseite\",\"item\":\"https:\/\/fonsvinum.com\/de\/\"},{\"@type\":\"ListItem\",\"position\":2,\"name\":\"Shop\",\"item\":\"https:\/\/fonsvinum.com\/de\/shop\/\"},{\"@type\":\"ListItem\",\"position\":3,\"name\":\"GAJA Dagromis Barolo 2021\"}]},{\"@type\":\"WebSite\",\"@id\":\"https:\/\/fonsvinum.com\/en\/#website\",\"url\":\"https:\/\/fonsvinum.com\/en\/\",\"name\":\"Fons Vinum\",\"description\":\"Vendita Vino Online\",\"publisher\":{\"@id\":\"https:\/\/fonsvinum.com\/en\/#organization\"},\"potentialAction\":[{\"@type\":\"SearchAction\",\"target\":{\"@type\":\"EntryPoint\",\"urlTemplate\":\"https:\/\/fonsvinum.com\/en\/?s={search_term_string}\"},\"query-input\":{\"@type\":\"PropertyValueSpecification\",\"valueRequired\":true,\"valueName\":\"search_term_string\"}}],\"inLanguage\":\"de\"},{\"@type\":\"Organization\",\"@id\":\"https:\/\/fonsvinum.com\/en\/#organization\",\"name\":\"Fons Vinum\",\"url\":\"https:\/\/fonsvinum.com\/en\/\",\"logo\":{\"@type\":\"ImageObject\",\"inLanguage\":\"de\",\"@id\":\"https:\/\/fonsvinum.com\/en\/#\/schema\/logo\/image\/\",\"url\":\"\",\"contentUrl\":\"\",\"caption\":\"Fons Vinum\"},\"image\":{\"@id\":\"https:\/\/fonsvinum.com\/en\/#\/schema\/logo\/image\/\"}}]}<\/script>\n<!-- \/ Yoast SEO plugin. -->","yoast_head_json":{"title":"GAJA Dagromis Barolo 2021 - Kaufen online !!FonsVinum!!","description":"Kaufen online GAJA Dagromis Barolo 2021 - Fons Vinum -","robots":{"index":"index","follow":"follow","max-snippet":"max-snippet:-1","max-image-preview":"max-image-preview:large","max-video-preview":"max-video-preview:-1"},"canonical":"https:\/\/fonsvinum.com\/de\/produkt\/gaja-dagromis-barolo-2021\/","og_locale":"de_DE","og_type":"article","og_title":"GAJA Dagromis Barolo 2021 - Kaufen online !!FonsVinum!!","og_description":"Kaufen online GAJA Dagromis Barolo 2021 - Fons Vinum -","og_url":"https:\/\/fonsvinum.com\/de\/produkt\/gaja-dagromis-barolo-2021\/","og_site_name":"Fons Vinum","article_modified_time":"2026-02-03T11:43:48+00:00","og_image":[{"width":194,"height":601,"url":"https:\/\/fonsvinum.com\/files\/2013\/04\/barolo-dagromis-gaja.png","type":"image\/png"}],"twitter_misc":{"Gesch\u00e4tzte Lesezeit":"2\u00a0Minuten"},"schema":{"@context":"https:\/\/schema.org","@graph":[{"@type":"WebPage","@id":"https:\/\/fonsvinum.com\/de\/produkt\/gaja-dagromis-barolo-2021\/","url":"https:\/\/fonsvinum.com\/de\/produkt\/gaja-dagromis-barolo-2021\/","name":"GAJA Dagromis Barolo 2021 - Kaufen online !!FonsVinum!!","isPartOf":{"@id":"https:\/\/fonsvinum.com\/en\/#website"},"primaryImageOfPage":{"@id":"https:\/\/fonsvinum.com\/de\/produkt\/gaja-dagromis-barolo-2021\/#primaryimage"},"image":{"@id":"https:\/\/fonsvinum.com\/de\/produkt\/gaja-dagromis-barolo-2021\/#primaryimage"},"thumbnailUrl":"https:\/\/fonsvinum.com\/files\/2013\/04\/barolo-dagromis-gaja.png","datePublished":"2026-02-03T11:37:35+00:00","dateModified":"2026-02-03T11:43:48+00:00","description":"Kaufen online GAJA Dagromis Barolo 2021 - Fons Vinum -","breadcrumb":{"@id":"https:\/\/fonsvinum.com\/de\/produkt\/gaja-dagromis-barolo-2021\/#breadcrumb"},"inLanguage":"de","potentialAction":[{"@type":"ReadAction","target":["https:\/\/fonsvinum.com\/de\/produkt\/gaja-dagromis-barolo-2021\/"]}]},{"@type":"ImageObject","inLanguage":"de","@id":"https:\/\/fonsvinum.com\/de\/produkt\/gaja-dagromis-barolo-2021\/#primaryimage","url":"https:\/\/fonsvinum.com\/files\/2013\/04\/barolo-dagromis-gaja.png","contentUrl":"https:\/\/fonsvinum.com\/files\/2013\/04\/barolo-dagromis-gaja.png","width":194,"height":601},{"@type":"BreadcrumbList","@id":"https:\/\/fonsvinum.com\/de\/produkt\/gaja-dagromis-barolo-2021\/#breadcrumb","itemListElement":[{"@type":"ListItem","position":1,"name":"Startseite","item":"https:\/\/fonsvinum.com\/de\/"},{"@type":"ListItem","position":2,"name":"Shop","item":"https:\/\/fonsvinum.com\/de\/shop\/"},{"@type":"ListItem","position":3,"name":"GAJA Dagromis Barolo 2021"}]},{"@type":"WebSite","@id":"https:\/\/fonsvinum.com\/en\/#website","url":"https:\/\/fonsvinum.com\/en\/","name":"Fons Vinum","description":"Vendita Vino Online","publisher":{"@id":"https:\/\/fonsvinum.com\/en\/#organization"},"potentialAction":[{"@type":"SearchAction","target":{"@type":"EntryPoint","urlTemplate":"https:\/\/fonsvinum.com\/en\/?s={search_term_string}"},"query-input":{"@type":"PropertyValueSpecification","valueRequired":true,"valueName":"search_term_string"}}],"inLanguage":"de"},{"@type":"Organization","@id":"https:\/\/fonsvinum.com\/en\/#organization","name":"Fons Vinum","url":"https:\/\/fonsvinum.com\/en\/","logo":{"@type":"ImageObject","inLanguage":"de","@id":"https:\/\/fonsvinum.com\/en\/#\/schema\/logo\/image\/","url":"","contentUrl":"","caption":"Fons Vinum"},"image":{"@id":"https:\/\/fonsvinum.com\/en\/#\/schema\/logo\/image\/"}}]}},"acf":[],"_links":{"self":[{"href":"https:\/\/fonsvinum.com\/de\/wp-json\/wp\/v2\/product\/48675","targetHints":{"allow":["GET"]}}],"collection":[{"href":"https:\/\/fonsvinum.com\/de\/wp-json\/wp\/v2\/product"}],"about":[{"href":"https:\/\/fonsvinum.com\/de\/wp-json\/wp\/v2\/types\/product"}],"replies":[{"embeddable":true,"href":"https:\/\/fonsvinum.com\/de\/wp-json\/wp\/v2\/comments?post=48675"}],"wp:featuredmedia":[{"embeddable":true,"href":"https:\/\/fonsvinum.com\/de\/wp-json\/wp\/v2\/media\/3694"}],"wp:attachment":[{"href":"https:\/\/fonsvinum.com\/de\/wp-json\/wp\/v2\/media?parent=48675"}],"wp:term":[{"taxonomy":"product_brand","embeddable":true,"href":"https:\/\/fonsvinum.com\/de\/wp-json\/wp\/v2\/product_brand?post=48675"},{"taxonomy":"product_cat","embeddable":true,"href":"https:\/\/fonsvinum.com\/de\/wp-json\/wp\/v2\/product_cat?post=48675"},{"taxonomy":"product_tag","embeddable":true,"href":"https:\/\/fonsvinum.com\/de\/wp-json\/wp\/v2\/product_tag?post=48675"}],"curies":[{"name":"wp","href":"https:\/\/api.w.org\/{rel}","templated":true}]}}