{"id":48623,"date":"2026-02-02T16:01:00","date_gmt":"2026-02-02T15:01:00","guid":{"rendered":"https:\/\/fonsvinum.com\/?post_type=product&#038;p=48623"},"modified":"2026-02-02T16:18:04","modified_gmt":"2026-02-02T15:18:04","slug":"massolino-barolo-2021","status":"publish","type":"product","link":"https:\/\/fonsvinum.com\/de\/produkt\/massolino-barolo-2021\/","title":{"rendered":"MASSOLINO Barolo 2021"},"content":{"rendered":"<h2><a href=\"https:\/\/fonsvinum.com\/de\/attributes\/producer\/massolino-de\/\">MASSOLINO<\/a> <a href=\"https:\/\/fonsvinum.com\/en\/product-category\/red-wines\/barolo-en\/\">Barolo<\/a> 2021<\/h2>\n<p>MASSOLINO <a href=\"https:\/\/www.shopinlanghe.com\/sellers?render_type=sellerview&amp;id_seller=5\">Barolo<\/a> 2021<\/p>\n<h2>MASSOLINO<\/h2>\n<p>Die GESCHICHTE der Familie Massolino und ihrer Weine verbindet sich mit der Geschichte von Serralunga d\u2019Alba im Jahre 1896, als Giovanni das Unternehmen gr\u00fcndete. GIOVANNI war der erste, der den elektrischen Strom und den Dampfdrescher in das Dorf brachte. Ein unternehmungsfreudiger, HARTN\u00c4CKIGER und KREATIVER Mann, Oberhaupt einer Familie, die aus der Verm\u00e4hlung zwischen Inspiration und Tradition einen Grund des STOLZES schaffte.<\/p>\n<h3>-Familie-<\/h3>\n<p>Der erste Keller wurde von Giuseppe, Sohn des Gr\u00fcnders Giovanni, gebaut, der zusammen mit seiner Schwester Angela den Besitz auf die besten Grundst\u00fccke ausdehnte und 1934 zu den Gr\u00fcndern der Genossenschaft zum Schutz des Barolo und Barbaresco geh\u00f6rte. Damals z\u00e4hlten zur Familie von Giuseppe sechs Kinder. Drei davon, Giovanni, Camilla und Renato traten in die Fu\u00dfstapfen des Vaters und bewirkten eine Wende des Unternehmens durch den Erwerb von drei Einzellagen, bei denen es sich um regelrechte Schmuckst\u00fccke handelte:Margheria, Parafada und Vigna Rionda.<\/p>\n<h3>-Philosophie-<\/h3>\n<p>Wein produzieren mit Leidenschaft, in dessen Ursprungsgebiet, unter Bewahrung der TYPIZIT\u00c4T der autochthonen Rebsorten, in der \u00dcberzeugung, dass zwischen den Reben, den H\u00fcgeln und den Winzern eine tiefe und tastbare Verbundenheit existiert, bestehend aus einer durch die Vertrautheit zu denselben St\u00e4tten gefestigten Affinit\u00e4t. Seit 1896 erzeugt die Familie Massolino auf diese Weise ihre Weine, GETREU dieser Philosophie und getreu der F\u00e4higkeit zu Innovationen im Zeichen der TRADITION.<br \/>\nAlso im Grunde genommen: sich selbst getreu.<\/p>\n<div id=\"gallery_interna\">\n<h2><a href=\"https:\/\/fonsvinum.com\/de\/produkt-kategorie\/rotweine-de\/barolo-de\/\">BAROLO<\/a> DOCG<\/h2>\n<h5 class=\"upp spaz_sotto piccolize\">DEGUSTATIONSMERKMALE<\/h5>\n<p><strong>Auge:\u00a0<\/strong>Granatrot von unterschiedlicher Intensit\u00e4t je nach Jahrgang<\/p>\n<p><strong>Nase:<\/strong>\u00a0Die Trauben stammen aus verschiedenen Untergebieten von Serralunga, so dass die Duftpalette sehr breit und unterschiedlich ist, mit Nuancen, die von bestechenden W\u00fcrznoten bis hin zu milderen, blumigen und fruchtigen Noten gehen.<\/p>\n<p><strong>Gaumen:<\/strong>\u00a0mit vielf\u00e4ltigen Geschmacksempfindungen; wir haben es hier mit einem k\u00f6rpervollen und gut strukturierten Wein zu tun, der keine Alterung f\u00fcrchtet und auf wunderbare Weise die gro\u00dfen Charakteristiken unserer Region verk\u00f6rpert.<\/p>\n<p>&nbsp;<\/p>\n<p>Wir empfehlen, den Wein in eine Karaffe umzuf\u00fcllen und mit einer Temperatur von\u00a0<b>18-20 \u00b0C<\/b>\u00a0zu trinken.<\/p>\n<\/div>\n","protected":false},"excerpt":{"rendered":"<p>MASSOLINO Barolo 2021 MASSOLINO Barolo 2021 MASSOLINO Die GESCHICHTE der Familie Massolino und ihrer Weine verbindet sich mit der Geschichte von Serralunga d\u2019Alba im Jahre 1896, als Giovanni das Unternehmen gr\u00fcndete. GIOVANNI war der erste, der den elektrischen Strom und den Dampfdrescher in das Dorf brachte. Ein unternehmungsfreudiger, HARTN\u00c4CKIGER und KREATIVER Mann, Oberhaupt einer Familie, [&hellip;]<\/p>\n","protected":false},"featured_media":22072,"comment_status":"open","ping_status":"closed","template":"","meta":{"_acf_changed":false,"_monsterinsights_skip_tracking":false,"_monsterinsights_sitenote_active":false,"_monsterinsights_sitenote_note":"","_monsterinsights_sitenote_category":0},"product_brand":[],"product_cat":[1824],"product_tag":[15903,15893,15959],"class_list":{"0":"post-48623","1":"product","2":"type-product","3":"status-publish","4":"has-post-thumbnail","6":"product_cat-barolo-de","7":"product_tag-barolo-de","8":"product_tag-piemonte-de","9":"product_tag-vino-rosso-de","10":"pa_appellation-barolo-docg-de","11":"pa_formato-0-75-l-flasche-de","12":"pa_producer-massolino-de","13":"pa_region-piemont-de","14":"pa_vine-100-nebbiolo-de","15":"pa_vintage-18393","17":"first","18":"instock","19":"taxable","20":"shipping-taxable","21":"purchasable","22":"product-type-simple"},"bundled_by":[],"bundle_stock_status":"instock","bundle_stock_quantity":3,"bundle_virtual":false,"bundle_layout":"","bundle_add_to_cart_form_location":"","bundle_editable_in_cart":false,"bundle_sold_individually_context":"","bundle_item_grouping":"","bundle_min_size":"","bundle_max_size":"","bundle_price":[],"bundled_items":[],"bundle_sell_ids":[],"yoast_head":"<!-- This site is optimized with the Yoast SEO plugin v27.2 - https:\/\/yoast.com\/product\/yoast-seo-wordpress\/ -->\n<title>Kaufen on line MASSOLINO Barolo 2021 auf Fons Vinum<\/title>\n<meta name=\"description\" content=\"MASSOLINO Barolo 2021 - Fons Vinum - DER WEIN, SEIN BODEN, EINE FAMILIE, 100 JAHRE ARBEIT, VIER GENERATIONEN UND EINE GROSSE LIEBE ZUM EIGENEN LAND.\" \/>\n<meta name=\"robots\" content=\"index, follow, max-snippet:-1, max-image-preview:large, max-video-preview:-1\" \/>\n<link rel=\"canonical\" href=\"https:\/\/fonsvinum.com\/de\/produkt\/massolino-barolo-2021\/\" \/>\n<meta property=\"og:locale\" content=\"de_DE\" \/>\n<meta property=\"og:type\" content=\"article\" \/>\n<meta property=\"og:title\" content=\"Kaufen on line MASSOLINO Barolo 2021 auf Fons Vinum\" \/>\n<meta property=\"og:description\" content=\"MASSOLINO Barolo 2021 - Fons Vinum - DER WEIN, SEIN BODEN, EINE FAMILIE, 100 JAHRE ARBEIT, VIER GENERATIONEN UND EINE GROSSE LIEBE ZUM EIGENEN LAND.\" \/>\n<meta property=\"og:url\" content=\"https:\/\/fonsvinum.com\/de\/produkt\/massolino-barolo-2021\/\" \/>\n<meta property=\"og:site_name\" content=\"Fons Vinum\" \/>\n<meta property=\"article:modified_time\" content=\"2026-02-02T15:18:04+00:00\" \/>\n<meta property=\"og:image\" content=\"https:\/\/fonsvinum.com\/files\/2020\/02\/barolo-docg-massolino.jpg\" \/>\n\t<meta property=\"og:image:width\" content=\"200\" \/>\n\t<meta property=\"og:image:height\" content=\"600\" \/>\n\t<meta property=\"og:image:type\" content=\"image\/jpeg\" \/>\n<meta name=\"twitter:label1\" content=\"Gesch\u00e4tzte Lesezeit\" \/>\n\t<meta name=\"twitter:data1\" content=\"2\u00a0Minuten\" \/>\n<script type=\"application\/ld+json\" class=\"yoast-schema-graph\">{\"@context\":\"https:\/\/schema.org\",\"@graph\":[{\"@type\":\"WebPage\",\"@id\":\"https:\/\/fonsvinum.com\/de\/produkt\/massolino-barolo-2021\/\",\"url\":\"https:\/\/fonsvinum.com\/de\/produkt\/massolino-barolo-2021\/\",\"name\":\"Kaufen on line MASSOLINO Barolo 2021 auf Fons Vinum\",\"isPartOf\":{\"@id\":\"https:\/\/fonsvinum.com\/en\/#website\"},\"primaryImageOfPage\":{\"@id\":\"https:\/\/fonsvinum.com\/de\/produkt\/massolino-barolo-2021\/#primaryimage\"},\"image\":{\"@id\":\"https:\/\/fonsvinum.com\/de\/produkt\/massolino-barolo-2021\/#primaryimage\"},\"thumbnailUrl\":\"https:\/\/fonsvinum.com\/files\/2020\/02\/barolo-docg-massolino.jpg\",\"datePublished\":\"2026-02-02T15:01:00+00:00\",\"dateModified\":\"2026-02-02T15:18:04+00:00\",\"description\":\"MASSOLINO Barolo 2021 - Fons Vinum - DER WEIN, SEIN BODEN, EINE FAMILIE, 100 JAHRE ARBEIT, VIER GENERATIONEN UND EINE GROSSE LIEBE ZUM EIGENEN LAND.\",\"breadcrumb\":{\"@id\":\"https:\/\/fonsvinum.com\/de\/produkt\/massolino-barolo-2021\/#breadcrumb\"},\"inLanguage\":\"de\",\"potentialAction\":[{\"@type\":\"ReadAction\",\"target\":[\"https:\/\/fonsvinum.com\/de\/produkt\/massolino-barolo-2021\/\"]}]},{\"@type\":\"ImageObject\",\"inLanguage\":\"de\",\"@id\":\"https:\/\/fonsvinum.com\/de\/produkt\/massolino-barolo-2021\/#primaryimage\",\"url\":\"https:\/\/fonsvinum.com\/files\/2020\/02\/barolo-docg-massolino.jpg\",\"contentUrl\":\"https:\/\/fonsvinum.com\/files\/2020\/02\/barolo-docg-massolino.jpg\",\"width\":200,\"height\":600},{\"@type\":\"BreadcrumbList\",\"@id\":\"https:\/\/fonsvinum.com\/de\/produkt\/massolino-barolo-2021\/#breadcrumb\",\"itemListElement\":[{\"@type\":\"ListItem\",\"position\":1,\"name\":\"Startseite\",\"item\":\"https:\/\/fonsvinum.com\/de\/\"},{\"@type\":\"ListItem\",\"position\":2,\"name\":\"Shop\",\"item\":\"https:\/\/fonsvinum.com\/de\/shop\/\"},{\"@type\":\"ListItem\",\"position\":3,\"name\":\"MASSOLINO Barolo 2021\"}]},{\"@type\":\"WebSite\",\"@id\":\"https:\/\/fonsvinum.com\/en\/#website\",\"url\":\"https:\/\/fonsvinum.com\/en\/\",\"name\":\"Fons Vinum\",\"description\":\"Vendita Vino Online\",\"publisher\":{\"@id\":\"https:\/\/fonsvinum.com\/en\/#organization\"},\"potentialAction\":[{\"@type\":\"SearchAction\",\"target\":{\"@type\":\"EntryPoint\",\"urlTemplate\":\"https:\/\/fonsvinum.com\/en\/?s={search_term_string}\"},\"query-input\":{\"@type\":\"PropertyValueSpecification\",\"valueRequired\":true,\"valueName\":\"search_term_string\"}}],\"inLanguage\":\"de\"},{\"@type\":\"Organization\",\"@id\":\"https:\/\/fonsvinum.com\/en\/#organization\",\"name\":\"Fons Vinum\",\"url\":\"https:\/\/fonsvinum.com\/en\/\",\"logo\":{\"@type\":\"ImageObject\",\"inLanguage\":\"de\",\"@id\":\"https:\/\/fonsvinum.com\/en\/#\/schema\/logo\/image\/\",\"url\":\"\",\"contentUrl\":\"\",\"caption\":\"Fons Vinum\"},\"image\":{\"@id\":\"https:\/\/fonsvinum.com\/en\/#\/schema\/logo\/image\/\"}}]}<\/script>\n<!-- \/ Yoast SEO plugin. -->","yoast_head_json":{"title":"Kaufen on line MASSOLINO Barolo 2021 auf Fons Vinum","description":"MASSOLINO Barolo 2021 - Fons Vinum - DER WEIN, SEIN BODEN, EINE FAMILIE, 100 JAHRE ARBEIT, VIER GENERATIONEN UND EINE GROSSE LIEBE ZUM EIGENEN LAND.","robots":{"index":"index","follow":"follow","max-snippet":"max-snippet:-1","max-image-preview":"max-image-preview:large","max-video-preview":"max-video-preview:-1"},"canonical":"https:\/\/fonsvinum.com\/de\/produkt\/massolino-barolo-2021\/","og_locale":"de_DE","og_type":"article","og_title":"Kaufen on line MASSOLINO Barolo 2021 auf Fons Vinum","og_description":"MASSOLINO Barolo 2021 - Fons Vinum - DER WEIN, SEIN BODEN, EINE FAMILIE, 100 JAHRE ARBEIT, VIER GENERATIONEN UND EINE GROSSE LIEBE ZUM EIGENEN LAND.","og_url":"https:\/\/fonsvinum.com\/de\/produkt\/massolino-barolo-2021\/","og_site_name":"Fons Vinum","article_modified_time":"2026-02-02T15:18:04+00:00","og_image":[{"width":200,"height":600,"url":"https:\/\/fonsvinum.com\/files\/2020\/02\/barolo-docg-massolino.jpg","type":"image\/jpeg"}],"twitter_misc":{"Gesch\u00e4tzte Lesezeit":"2\u00a0Minuten"},"schema":{"@context":"https:\/\/schema.org","@graph":[{"@type":"WebPage","@id":"https:\/\/fonsvinum.com\/de\/produkt\/massolino-barolo-2021\/","url":"https:\/\/fonsvinum.com\/de\/produkt\/massolino-barolo-2021\/","name":"Kaufen on line MASSOLINO Barolo 2021 auf Fons Vinum","isPartOf":{"@id":"https:\/\/fonsvinum.com\/en\/#website"},"primaryImageOfPage":{"@id":"https:\/\/fonsvinum.com\/de\/produkt\/massolino-barolo-2021\/#primaryimage"},"image":{"@id":"https:\/\/fonsvinum.com\/de\/produkt\/massolino-barolo-2021\/#primaryimage"},"thumbnailUrl":"https:\/\/fonsvinum.com\/files\/2020\/02\/barolo-docg-massolino.jpg","datePublished":"2026-02-02T15:01:00+00:00","dateModified":"2026-02-02T15:18:04+00:00","description":"MASSOLINO Barolo 2021 - Fons Vinum - DER WEIN, SEIN BODEN, EINE FAMILIE, 100 JAHRE ARBEIT, VIER GENERATIONEN UND EINE GROSSE LIEBE ZUM EIGENEN LAND.","breadcrumb":{"@id":"https:\/\/fonsvinum.com\/de\/produkt\/massolino-barolo-2021\/#breadcrumb"},"inLanguage":"de","potentialAction":[{"@type":"ReadAction","target":["https:\/\/fonsvinum.com\/de\/produkt\/massolino-barolo-2021\/"]}]},{"@type":"ImageObject","inLanguage":"de","@id":"https:\/\/fonsvinum.com\/de\/produkt\/massolino-barolo-2021\/#primaryimage","url":"https:\/\/fonsvinum.com\/files\/2020\/02\/barolo-docg-massolino.jpg","contentUrl":"https:\/\/fonsvinum.com\/files\/2020\/02\/barolo-docg-massolino.jpg","width":200,"height":600},{"@type":"BreadcrumbList","@id":"https:\/\/fonsvinum.com\/de\/produkt\/massolino-barolo-2021\/#breadcrumb","itemListElement":[{"@type":"ListItem","position":1,"name":"Startseite","item":"https:\/\/fonsvinum.com\/de\/"},{"@type":"ListItem","position":2,"name":"Shop","item":"https:\/\/fonsvinum.com\/de\/shop\/"},{"@type":"ListItem","position":3,"name":"MASSOLINO Barolo 2021"}]},{"@type":"WebSite","@id":"https:\/\/fonsvinum.com\/en\/#website","url":"https:\/\/fonsvinum.com\/en\/","name":"Fons Vinum","description":"Vendita Vino Online","publisher":{"@id":"https:\/\/fonsvinum.com\/en\/#organization"},"potentialAction":[{"@type":"SearchAction","target":{"@type":"EntryPoint","urlTemplate":"https:\/\/fonsvinum.com\/en\/?s={search_term_string}"},"query-input":{"@type":"PropertyValueSpecification","valueRequired":true,"valueName":"search_term_string"}}],"inLanguage":"de"},{"@type":"Organization","@id":"https:\/\/fonsvinum.com\/en\/#organization","name":"Fons Vinum","url":"https:\/\/fonsvinum.com\/en\/","logo":{"@type":"ImageObject","inLanguage":"de","@id":"https:\/\/fonsvinum.com\/en\/#\/schema\/logo\/image\/","url":"","contentUrl":"","caption":"Fons Vinum"},"image":{"@id":"https:\/\/fonsvinum.com\/en\/#\/schema\/logo\/image\/"}}]}},"acf":[],"_links":{"self":[{"href":"https:\/\/fonsvinum.com\/de\/wp-json\/wp\/v2\/product\/48623","targetHints":{"allow":["GET"]}}],"collection":[{"href":"https:\/\/fonsvinum.com\/de\/wp-json\/wp\/v2\/product"}],"about":[{"href":"https:\/\/fonsvinum.com\/de\/wp-json\/wp\/v2\/types\/product"}],"replies":[{"embeddable":true,"href":"https:\/\/fonsvinum.com\/de\/wp-json\/wp\/v2\/comments?post=48623"}],"wp:featuredmedia":[{"embeddable":true,"href":"https:\/\/fonsvinum.com\/de\/wp-json\/wp\/v2\/media\/22072"}],"wp:attachment":[{"href":"https:\/\/fonsvinum.com\/de\/wp-json\/wp\/v2\/media?parent=48623"}],"wp:term":[{"taxonomy":"product_brand","embeddable":true,"href":"https:\/\/fonsvinum.com\/de\/wp-json\/wp\/v2\/product_brand?post=48623"},{"taxonomy":"product_cat","embeddable":true,"href":"https:\/\/fonsvinum.com\/de\/wp-json\/wp\/v2\/product_cat?post=48623"},{"taxonomy":"product_tag","embeddable":true,"href":"https:\/\/fonsvinum.com\/de\/wp-json\/wp\/v2\/product_tag?post=48623"}],"curies":[{"name":"wp","href":"https:\/\/api.w.org\/{rel}","templated":true}]}}