{"id":48593,"date":"2026-01-27T12:01:44","date_gmt":"2026-01-27T11:01:44","guid":{"rendered":"https:\/\/fonsvinum.com\/?post_type=product&#038;p=48593"},"modified":"2026-01-27T12:35:56","modified_gmt":"2026-01-27T11:35:56","slug":"diubaldo-scappatello-cerasuolo-dabruzzo-bio-2025","status":"publish","type":"product","link":"https:\/\/fonsvinum.com\/de\/produkt\/diubaldo-scappatello-cerasuolo-dabruzzo-bio-2025\/","title":{"rendered":"DIUBALDO Scappatello Cerasuolo d&#8217;Abruzzo Bio 2025"},"content":{"rendered":"<h3 style=\"text-align: center\">&#8211; Tuch Beschriftung &#8211;<\/h3>\n<p>DIUBALDO Scappatello <a href=\"https:\/\/www.shopinlanghe.com\/sellers?render_type=sellerview&amp;id_seller=5\">Cerasuolo<\/a> d&#8217;Abruzzo bio 2025<\/p>\n<h3>DIUBALDO Scappatello Cerasuolo d&#8217;Abruzzo 2025<\/h3>\n<p>Name: SCAPPATELLO<br \/>\nWein: Cerasuolo d&#8217;Abruzzo DOC<br \/>\nRebsorte: Montepulciano d&#8217;Abruzzo DOC<br \/>\nAnbaugebiet: Rebst\u00f6cke in der Gemeinde Ancarano<br \/>\nStruktur des Bodens: lehmig, m\u00e4ssig kalkhaltig. H\u00f6he: 300 m \u00fcber dem Meeresspiegel.<br \/>\nAusrichtung der Rebst\u00f6cke: S\u00fcdwesten<br \/>\nKultivierungsmethode: Spalier<br \/>\nVinifikation: die frisch gelesenen Trauben werden auf 0\u00b0C abgek\u00fchlt. Nach einer Kaltmazeration der Schalen beginnt die G\u00e4rung, die hierauf bei kontrollierter Temperatur in Stahlbeh\u00e4ltern fortgesetzt wird. Lagerung in Stahlgestellen und Flaschen.<\/p>\n<p>Optische Eigenschaften:<br \/>\nKristallklare transparenz und Kirschrote farbe. Recht konsistent.<\/p>\n<p>Geruchseigenschaften:<br \/>\nSekund\u00e4raromen nach roten Beeren mit mineralnoten. Anhaltendes aroma.<\/p>\n<p>Geschmackseigenschaften:<br \/>\nAngenehmer wurzgeschmack dank der Anwesenheit von Mineralsalzen mit einem intensiven aromatischen abgang<\/p>\n<p>CHEMISCHE EIGENSCHAFTEN<br \/>\nAlkoholgehalt: 13% vol.<\/p>\n","protected":false},"excerpt":{"rendered":"<p>&#8211; Tuch Beschriftung &#8211; DIUBALDO Scappatello Cerasuolo d&#8217;Abruzzo bio 2025 DIUBALDO Scappatello Cerasuolo d&#8217;Abruzzo 2025 Name: SCAPPATELLO Wein: Cerasuolo d&#8217;Abruzzo DOC Rebsorte: Montepulciano d&#8217;Abruzzo DOC Anbaugebiet: Rebst\u00f6cke in der Gemeinde Ancarano Struktur des Bodens: lehmig, m\u00e4ssig kalkhaltig. H\u00f6he: 300 m \u00fcber dem Meeresspiegel. Ausrichtung der Rebst\u00f6cke: S\u00fcdwesten Kultivierungsmethode: Spalier Vinifikation: die frisch gelesenen Trauben werden [&hellip;]<\/p>\n","protected":false},"featured_media":34405,"comment_status":"open","ping_status":"closed","template":"","meta":{"_acf_changed":false,"_monsterinsights_skip_tracking":false,"_monsterinsights_sitenote_active":false,"_monsterinsights_sitenote_note":"","_monsterinsights_sitenote_category":0},"product_brand":[],"product_cat":[17976],"product_tag":[2418,18037],"class_list":{"0":"post-48593","1":"product","2":"type-product","3":"status-publish","4":"has-post-thumbnail","6":"product_cat-roseweine","7":"product_tag-kleine-weinzeuger-de","8":"product_tag-rose-de","9":"pa_appellation-cerasuolo-dabruzzo-doc-de","10":"pa_formato-0-75-l-flasche-de","11":"pa_producer-di-ubaldo-de","12":"pa_region-abruzzen-de","13":"pa_vine-100-montepulciano-dabruzzo-de","14":"pa_vintage-18409","16":"first","17":"instock","18":"taxable","19":"shipping-taxable","20":"purchasable","21":"product-type-simple"},"bundled_by":[],"bundle_stock_status":"instock","bundle_stock_quantity":12,"bundle_virtual":false,"bundle_layout":"","bundle_add_to_cart_form_location":"","bundle_editable_in_cart":false,"bundle_sold_individually_context":"","bundle_item_grouping":"","bundle_min_size":"","bundle_max_size":"","bundle_price":[],"bundled_items":[],"bundle_sell_ids":[],"yoast_head":"<!-- This site is optimized with the Yoast SEO plugin v27.2 - https:\/\/yoast.com\/product\/yoast-seo-wordpress\/ -->\n<title>Kaufen DIUBALDO Scappatello Cerasuolo d&#039;Abruzzo 2025<\/title>\n<meta name=\"description\" content=\"Kaufen DIUBALDO Scappatello Cerasuolo d&#039;Abruzzo doc bio 2025 Rebsorte: Montepulciano d&#039;Abruzzo DOC aus Abruzzo Region Italien\" \/>\n<meta name=\"robots\" content=\"index, follow, max-snippet:-1, max-image-preview:large, max-video-preview:-1\" \/>\n<link rel=\"canonical\" href=\"https:\/\/fonsvinum.com\/de\/produkt\/diubaldo-scappatello-cerasuolo-dabruzzo-bio-2025\/\" \/>\n<meta property=\"og:locale\" content=\"de_DE\" \/>\n<meta property=\"og:type\" content=\"article\" \/>\n<meta property=\"og:title\" content=\"Kaufen DIUBALDO Scappatello Cerasuolo d&#039;Abruzzo 2025\" \/>\n<meta property=\"og:description\" content=\"Kaufen DIUBALDO Scappatello Cerasuolo d&#039;Abruzzo doc bio 2025 Rebsorte: Montepulciano d&#039;Abruzzo DOC aus Abruzzo Region Italien\" \/>\n<meta property=\"og:url\" content=\"https:\/\/fonsvinum.com\/de\/produkt\/diubaldo-scappatello-cerasuolo-dabruzzo-bio-2025\/\" \/>\n<meta property=\"og:site_name\" content=\"Fons Vinum\" \/>\n<meta property=\"article:modified_time\" content=\"2026-01-27T11:35:56+00:00\" \/>\n<meta property=\"og:image\" content=\"https:\/\/fonsvinum.com\/files\/2015\/03\/diubaldo-cerasuolo-scappatello.jpg\" \/>\n\t<meta property=\"og:image:width\" content=\"200\" \/>\n\t<meta property=\"og:image:height\" content=\"600\" \/>\n\t<meta property=\"og:image:type\" content=\"image\/jpeg\" \/>\n<meta name=\"twitter:label1\" content=\"Gesch\u00e4tzte Lesezeit\" \/>\n\t<meta name=\"twitter:data1\" content=\"1\u00a0Minute\" \/>\n<script type=\"application\/ld+json\" class=\"yoast-schema-graph\">{\"@context\":\"https:\/\/schema.org\",\"@graph\":[{\"@type\":\"WebPage\",\"@id\":\"https:\/\/fonsvinum.com\/de\/produkt\/diubaldo-scappatello-cerasuolo-dabruzzo-bio-2025\/\",\"url\":\"https:\/\/fonsvinum.com\/de\/produkt\/diubaldo-scappatello-cerasuolo-dabruzzo-bio-2025\/\",\"name\":\"Kaufen DIUBALDO Scappatello Cerasuolo d'Abruzzo 2025\",\"isPartOf\":{\"@id\":\"https:\/\/fonsvinum.com\/en\/#website\"},\"primaryImageOfPage\":{\"@id\":\"https:\/\/fonsvinum.com\/de\/produkt\/diubaldo-scappatello-cerasuolo-dabruzzo-bio-2025\/#primaryimage\"},\"image\":{\"@id\":\"https:\/\/fonsvinum.com\/de\/produkt\/diubaldo-scappatello-cerasuolo-dabruzzo-bio-2025\/#primaryimage\"},\"thumbnailUrl\":\"https:\/\/fonsvinum.com\/files\/2015\/03\/diubaldo-cerasuolo-scappatello.jpg\",\"datePublished\":\"2026-01-27T11:01:44+00:00\",\"dateModified\":\"2026-01-27T11:35:56+00:00\",\"description\":\"Kaufen DIUBALDO Scappatello Cerasuolo d'Abruzzo doc bio 2025 Rebsorte: Montepulciano d'Abruzzo DOC aus Abruzzo Region Italien\",\"breadcrumb\":{\"@id\":\"https:\/\/fonsvinum.com\/de\/produkt\/diubaldo-scappatello-cerasuolo-dabruzzo-bio-2025\/#breadcrumb\"},\"inLanguage\":\"de\",\"potentialAction\":[{\"@type\":\"ReadAction\",\"target\":[\"https:\/\/fonsvinum.com\/de\/produkt\/diubaldo-scappatello-cerasuolo-dabruzzo-bio-2025\/\"]}]},{\"@type\":\"ImageObject\",\"inLanguage\":\"de\",\"@id\":\"https:\/\/fonsvinum.com\/de\/produkt\/diubaldo-scappatello-cerasuolo-dabruzzo-bio-2025\/#primaryimage\",\"url\":\"https:\/\/fonsvinum.com\/files\/2015\/03\/diubaldo-cerasuolo-scappatello.jpg\",\"contentUrl\":\"https:\/\/fonsvinum.com\/files\/2015\/03\/diubaldo-cerasuolo-scappatello.jpg\",\"width\":200,\"height\":600},{\"@type\":\"BreadcrumbList\",\"@id\":\"https:\/\/fonsvinum.com\/de\/produkt\/diubaldo-scappatello-cerasuolo-dabruzzo-bio-2025\/#breadcrumb\",\"itemListElement\":[{\"@type\":\"ListItem\",\"position\":1,\"name\":\"Startseite\",\"item\":\"https:\/\/fonsvinum.com\/de\/\"},{\"@type\":\"ListItem\",\"position\":2,\"name\":\"Shop\",\"item\":\"https:\/\/fonsvinum.com\/de\/shop\/\"},{\"@type\":\"ListItem\",\"position\":3,\"name\":\"DIUBALDO Scappatello Cerasuolo d&#8217;Abruzzo Bio 2025\"}]},{\"@type\":\"WebSite\",\"@id\":\"https:\/\/fonsvinum.com\/en\/#website\",\"url\":\"https:\/\/fonsvinum.com\/en\/\",\"name\":\"Fons Vinum\",\"description\":\"Vendita Vino Online\",\"publisher\":{\"@id\":\"https:\/\/fonsvinum.com\/en\/#organization\"},\"potentialAction\":[{\"@type\":\"SearchAction\",\"target\":{\"@type\":\"EntryPoint\",\"urlTemplate\":\"https:\/\/fonsvinum.com\/en\/?s={search_term_string}\"},\"query-input\":{\"@type\":\"PropertyValueSpecification\",\"valueRequired\":true,\"valueName\":\"search_term_string\"}}],\"inLanguage\":\"de\"},{\"@type\":\"Organization\",\"@id\":\"https:\/\/fonsvinum.com\/en\/#organization\",\"name\":\"Fons Vinum\",\"url\":\"https:\/\/fonsvinum.com\/en\/\",\"logo\":{\"@type\":\"ImageObject\",\"inLanguage\":\"de\",\"@id\":\"https:\/\/fonsvinum.com\/en\/#\/schema\/logo\/image\/\",\"url\":\"\",\"contentUrl\":\"\",\"caption\":\"Fons Vinum\"},\"image\":{\"@id\":\"https:\/\/fonsvinum.com\/en\/#\/schema\/logo\/image\/\"}}]}<\/script>\n<!-- \/ Yoast SEO plugin. -->","yoast_head_json":{"title":"Kaufen DIUBALDO Scappatello Cerasuolo d'Abruzzo 2025","description":"Kaufen DIUBALDO Scappatello Cerasuolo d'Abruzzo doc bio 2025 Rebsorte: Montepulciano d'Abruzzo DOC aus Abruzzo Region Italien","robots":{"index":"index","follow":"follow","max-snippet":"max-snippet:-1","max-image-preview":"max-image-preview:large","max-video-preview":"max-video-preview:-1"},"canonical":"https:\/\/fonsvinum.com\/de\/produkt\/diubaldo-scappatello-cerasuolo-dabruzzo-bio-2025\/","og_locale":"de_DE","og_type":"article","og_title":"Kaufen DIUBALDO Scappatello Cerasuolo d'Abruzzo 2025","og_description":"Kaufen DIUBALDO Scappatello Cerasuolo d'Abruzzo doc bio 2025 Rebsorte: Montepulciano d'Abruzzo DOC aus Abruzzo Region Italien","og_url":"https:\/\/fonsvinum.com\/de\/produkt\/diubaldo-scappatello-cerasuolo-dabruzzo-bio-2025\/","og_site_name":"Fons Vinum","article_modified_time":"2026-01-27T11:35:56+00:00","og_image":[{"width":200,"height":600,"url":"https:\/\/fonsvinum.com\/files\/2015\/03\/diubaldo-cerasuolo-scappatello.jpg","type":"image\/jpeg"}],"twitter_misc":{"Gesch\u00e4tzte Lesezeit":"1\u00a0Minute"},"schema":{"@context":"https:\/\/schema.org","@graph":[{"@type":"WebPage","@id":"https:\/\/fonsvinum.com\/de\/produkt\/diubaldo-scappatello-cerasuolo-dabruzzo-bio-2025\/","url":"https:\/\/fonsvinum.com\/de\/produkt\/diubaldo-scappatello-cerasuolo-dabruzzo-bio-2025\/","name":"Kaufen DIUBALDO Scappatello Cerasuolo d'Abruzzo 2025","isPartOf":{"@id":"https:\/\/fonsvinum.com\/en\/#website"},"primaryImageOfPage":{"@id":"https:\/\/fonsvinum.com\/de\/produkt\/diubaldo-scappatello-cerasuolo-dabruzzo-bio-2025\/#primaryimage"},"image":{"@id":"https:\/\/fonsvinum.com\/de\/produkt\/diubaldo-scappatello-cerasuolo-dabruzzo-bio-2025\/#primaryimage"},"thumbnailUrl":"https:\/\/fonsvinum.com\/files\/2015\/03\/diubaldo-cerasuolo-scappatello.jpg","datePublished":"2026-01-27T11:01:44+00:00","dateModified":"2026-01-27T11:35:56+00:00","description":"Kaufen DIUBALDO Scappatello Cerasuolo d'Abruzzo doc bio 2025 Rebsorte: Montepulciano d'Abruzzo DOC aus Abruzzo Region Italien","breadcrumb":{"@id":"https:\/\/fonsvinum.com\/de\/produkt\/diubaldo-scappatello-cerasuolo-dabruzzo-bio-2025\/#breadcrumb"},"inLanguage":"de","potentialAction":[{"@type":"ReadAction","target":["https:\/\/fonsvinum.com\/de\/produkt\/diubaldo-scappatello-cerasuolo-dabruzzo-bio-2025\/"]}]},{"@type":"ImageObject","inLanguage":"de","@id":"https:\/\/fonsvinum.com\/de\/produkt\/diubaldo-scappatello-cerasuolo-dabruzzo-bio-2025\/#primaryimage","url":"https:\/\/fonsvinum.com\/files\/2015\/03\/diubaldo-cerasuolo-scappatello.jpg","contentUrl":"https:\/\/fonsvinum.com\/files\/2015\/03\/diubaldo-cerasuolo-scappatello.jpg","width":200,"height":600},{"@type":"BreadcrumbList","@id":"https:\/\/fonsvinum.com\/de\/produkt\/diubaldo-scappatello-cerasuolo-dabruzzo-bio-2025\/#breadcrumb","itemListElement":[{"@type":"ListItem","position":1,"name":"Startseite","item":"https:\/\/fonsvinum.com\/de\/"},{"@type":"ListItem","position":2,"name":"Shop","item":"https:\/\/fonsvinum.com\/de\/shop\/"},{"@type":"ListItem","position":3,"name":"DIUBALDO Scappatello Cerasuolo d&#8217;Abruzzo Bio 2025"}]},{"@type":"WebSite","@id":"https:\/\/fonsvinum.com\/en\/#website","url":"https:\/\/fonsvinum.com\/en\/","name":"Fons Vinum","description":"Vendita Vino Online","publisher":{"@id":"https:\/\/fonsvinum.com\/en\/#organization"},"potentialAction":[{"@type":"SearchAction","target":{"@type":"EntryPoint","urlTemplate":"https:\/\/fonsvinum.com\/en\/?s={search_term_string}"},"query-input":{"@type":"PropertyValueSpecification","valueRequired":true,"valueName":"search_term_string"}}],"inLanguage":"de"},{"@type":"Organization","@id":"https:\/\/fonsvinum.com\/en\/#organization","name":"Fons Vinum","url":"https:\/\/fonsvinum.com\/en\/","logo":{"@type":"ImageObject","inLanguage":"de","@id":"https:\/\/fonsvinum.com\/en\/#\/schema\/logo\/image\/","url":"","contentUrl":"","caption":"Fons Vinum"},"image":{"@id":"https:\/\/fonsvinum.com\/en\/#\/schema\/logo\/image\/"}}]}},"acf":[],"_links":{"self":[{"href":"https:\/\/fonsvinum.com\/de\/wp-json\/wp\/v2\/product\/48593","targetHints":{"allow":["GET"]}}],"collection":[{"href":"https:\/\/fonsvinum.com\/de\/wp-json\/wp\/v2\/product"}],"about":[{"href":"https:\/\/fonsvinum.com\/de\/wp-json\/wp\/v2\/types\/product"}],"replies":[{"embeddable":true,"href":"https:\/\/fonsvinum.com\/de\/wp-json\/wp\/v2\/comments?post=48593"}],"wp:featuredmedia":[{"embeddable":true,"href":"https:\/\/fonsvinum.com\/de\/wp-json\/wp\/v2\/media\/34405"}],"wp:attachment":[{"href":"https:\/\/fonsvinum.com\/de\/wp-json\/wp\/v2\/media?parent=48593"}],"wp:term":[{"taxonomy":"product_brand","embeddable":true,"href":"https:\/\/fonsvinum.com\/de\/wp-json\/wp\/v2\/product_brand?post=48593"},{"taxonomy":"product_cat","embeddable":true,"href":"https:\/\/fonsvinum.com\/de\/wp-json\/wp\/v2\/product_cat?post=48593"},{"taxonomy":"product_tag","embeddable":true,"href":"https:\/\/fonsvinum.com\/de\/wp-json\/wp\/v2\/product_tag?post=48593"}],"curies":[{"name":"wp","href":"https:\/\/api.w.org\/{rel}","templated":true}]}}