{"id":48567,"date":"2026-01-26T11:45:42","date_gmt":"2026-01-26T10:45:42","guid":{"rendered":"https:\/\/fonsvinum.com\/?post_type=product&#038;p=48567"},"modified":"2026-01-26T11:51:45","modified_gmt":"2026-01-26T10:51:45","slug":"vigneti-massa-costa-del-vento-timorasso-2022","status":"publish","type":"product","link":"https:\/\/fonsvinum.com\/de\/produkt\/vigneti-massa-costa-del-vento-timorasso-2022\/","title":{"rendered":"Vigneti Massa &#8222;Costa del vento&#8220; Timorasso 2022"},"content":{"rendered":"<h1>Vigneti Massa &#8222;Costa del vento&#8220; Timorasso 2022<\/h1>\n<p>Feine Mineralit\u00e4t, facettenreiches Aromenspiel, das an Honig und reife Fr\u00fcchte erinnert, Andeutungen von Birne und in Sirup eingelegten Fr\u00fcchten \u00fcbergehend in butterige, balsamische Noten. Langanhaltender Ausklang. Reiche Struktur , viel Stoff.<\/p>\n","protected":false},"excerpt":{"rendered":"<p>Vigneti Massa &#8222;Costa del vento&#8220; Timorasso 2022 Feine Mineralit\u00e4t, facettenreiches Aromenspiel, das an Honig und reife Fr\u00fcchte erinnert, Andeutungen von Birne und in Sirup eingelegten Fr\u00fcchten \u00fcbergehend in butterige, balsamische Noten. Langanhaltender Ausklang. Reiche Struktur , viel Stoff.<\/p>\n","protected":false},"featured_media":3790,"comment_status":"open","ping_status":"closed","template":"","meta":{"_acf_changed":false,"_monsterinsights_skip_tracking":false,"_monsterinsights_sitenote_active":false,"_monsterinsights_sitenote_note":"","_monsterinsights_sitenote_category":0},"product_brand":[],"product_cat":[2318],"product_tag":[],"class_list":{"0":"post-48567","1":"product","2":"type-product","3":"status-publish","4":"has-post-thumbnail","6":"product_cat-timorasso-de","7":"pa_appellation-colli-tortonesi-doc-de","8":"pa_formato-0-75-l-flasche-de","9":"pa_producer-vigneti-massa-en-de","10":"pa_region-piemont-de","11":"pa_vintage-18397","13":"first","14":"instock","15":"taxable","16":"shipping-taxable","17":"purchasable","18":"product-type-simple"},"bundled_by":[],"bundle_stock_status":"instock","bundle_stock_quantity":12,"bundle_virtual":false,"bundle_layout":"","bundle_add_to_cart_form_location":"","bundle_editable_in_cart":false,"bundle_sold_individually_context":"","bundle_item_grouping":"","bundle_min_size":"","bundle_max_size":"","bundle_price":[],"bundled_items":[],"bundle_sell_ids":[],"yoast_head":"<!-- This site is optimized with the Yoast SEO plugin v27.3 - https:\/\/yoast.com\/product\/yoast-seo-wordpress\/ -->\n<title>Vigneti Massa &quot;Costa del vento&quot; Timorasso 2022<\/title>\n<meta name=\"description\" content=\"Vigneti Massa &quot;Costa del vento&quot; Timorasso 2022\" \/>\n<meta name=\"robots\" content=\"index, follow, max-snippet:-1, max-image-preview:large, max-video-preview:-1\" \/>\n<link rel=\"canonical\" href=\"https:\/\/fonsvinum.com\/de\/produkt\/vigneti-massa-costa-del-vento-timorasso-2022\/\" \/>\n<meta property=\"og:locale\" content=\"de_DE\" \/>\n<meta property=\"og:type\" content=\"article\" \/>\n<meta property=\"og:title\" content=\"Vigneti Massa &quot;Costa del vento&quot; Timorasso 2022\" \/>\n<meta property=\"og:description\" content=\"Vigneti Massa &quot;Costa del vento&quot; Timorasso 2022\" \/>\n<meta property=\"og:url\" content=\"https:\/\/fonsvinum.com\/de\/produkt\/vigneti-massa-costa-del-vento-timorasso-2022\/\" \/>\n<meta property=\"og:site_name\" content=\"Fons Vinum\" \/>\n<meta property=\"article:modified_time\" content=\"2026-01-26T10:51:45+00:00\" \/>\n<meta property=\"og:image\" content=\"https:\/\/fonsvinum.com\/files\/2014\/12\/timorasso-costa-del-vento-vigneti-massa.png\" \/>\n\t<meta property=\"og:image:width\" content=\"200\" \/>\n\t<meta property=\"og:image:height\" content=\"600\" \/>\n\t<meta property=\"og:image:type\" content=\"image\/png\" \/>\n<meta name=\"twitter:label1\" content=\"Gesch\u00e4tzte Lesezeit\" \/>\n\t<meta name=\"twitter:data1\" content=\"1\u00a0Minute\" \/>\n<script type=\"application\/ld+json\" class=\"yoast-schema-graph\">{\"@context\":\"https:\\\/\\\/schema.org\",\"@graph\":[{\"@type\":\"WebPage\",\"@id\":\"https:\\\/\\\/fonsvinum.com\\\/de\\\/produkt\\\/vigneti-massa-costa-del-vento-timorasso-2022\\\/\",\"url\":\"https:\\\/\\\/fonsvinum.com\\\/de\\\/produkt\\\/vigneti-massa-costa-del-vento-timorasso-2022\\\/\",\"name\":\"Vigneti Massa \\\"Costa del vento\\\" Timorasso 2022\",\"isPartOf\":{\"@id\":\"https:\\\/\\\/fonsvinum.com\\\/en\\\/#website\"},\"primaryImageOfPage\":{\"@id\":\"https:\\\/\\\/fonsvinum.com\\\/de\\\/produkt\\\/vigneti-massa-costa-del-vento-timorasso-2022\\\/#primaryimage\"},\"image\":{\"@id\":\"https:\\\/\\\/fonsvinum.com\\\/de\\\/produkt\\\/vigneti-massa-costa-del-vento-timorasso-2022\\\/#primaryimage\"},\"thumbnailUrl\":\"https:\\\/\\\/fonsvinum.com\\\/files\\\/2014\\\/12\\\/timorasso-costa-del-vento-vigneti-massa.png\",\"datePublished\":\"2026-01-26T10:45:42+00:00\",\"dateModified\":\"2026-01-26T10:51:45+00:00\",\"description\":\"Vigneti Massa \\\"Costa del vento\\\" Timorasso 2022\",\"breadcrumb\":{\"@id\":\"https:\\\/\\\/fonsvinum.com\\\/de\\\/produkt\\\/vigneti-massa-costa-del-vento-timorasso-2022\\\/#breadcrumb\"},\"inLanguage\":\"de\",\"potentialAction\":[{\"@type\":\"ReadAction\",\"target\":[\"https:\\\/\\\/fonsvinum.com\\\/de\\\/produkt\\\/vigneti-massa-costa-del-vento-timorasso-2022\\\/\"]}]},{\"@type\":\"ImageObject\",\"inLanguage\":\"de\",\"@id\":\"https:\\\/\\\/fonsvinum.com\\\/de\\\/produkt\\\/vigneti-massa-costa-del-vento-timorasso-2022\\\/#primaryimage\",\"url\":\"https:\\\/\\\/fonsvinum.com\\\/files\\\/2014\\\/12\\\/timorasso-costa-del-vento-vigneti-massa.png\",\"contentUrl\":\"https:\\\/\\\/fonsvinum.com\\\/files\\\/2014\\\/12\\\/timorasso-costa-del-vento-vigneti-massa.png\",\"width\":200,\"height\":600},{\"@type\":\"BreadcrumbList\",\"@id\":\"https:\\\/\\\/fonsvinum.com\\\/de\\\/produkt\\\/vigneti-massa-costa-del-vento-timorasso-2022\\\/#breadcrumb\",\"itemListElement\":[{\"@type\":\"ListItem\",\"position\":1,\"name\":\"Startseite\",\"item\":\"https:\\\/\\\/fonsvinum.com\\\/de\\\/\"},{\"@type\":\"ListItem\",\"position\":2,\"name\":\"Shop\",\"item\":\"https:\\\/\\\/fonsvinum.com\\\/de\\\/shop\\\/\"},{\"@type\":\"ListItem\",\"position\":3,\"name\":\"Vigneti Massa &#8220;Costa del vento&#8221; Timorasso 2022\"}]},{\"@type\":\"WebSite\",\"@id\":\"https:\\\/\\\/fonsvinum.com\\\/en\\\/#website\",\"url\":\"https:\\\/\\\/fonsvinum.com\\\/en\\\/\",\"name\":\"Fons Vinum\",\"description\":\"Vendita Vino Online\",\"publisher\":{\"@id\":\"https:\\\/\\\/fonsvinum.com\\\/en\\\/#organization\"},\"potentialAction\":[{\"@type\":\"SearchAction\",\"target\":{\"@type\":\"EntryPoint\",\"urlTemplate\":\"https:\\\/\\\/fonsvinum.com\\\/en\\\/?s={search_term_string}\"},\"query-input\":{\"@type\":\"PropertyValueSpecification\",\"valueRequired\":true,\"valueName\":\"search_term_string\"}}],\"inLanguage\":\"de\"},{\"@type\":\"Organization\",\"@id\":\"https:\\\/\\\/fonsvinum.com\\\/en\\\/#organization\",\"name\":\"Fons Vinum\",\"url\":\"https:\\\/\\\/fonsvinum.com\\\/en\\\/\",\"logo\":{\"@type\":\"ImageObject\",\"inLanguage\":\"de\",\"@id\":\"https:\\\/\\\/fonsvinum.com\\\/en\\\/#\\\/schema\\\/logo\\\/image\\\/\",\"url\":\"\",\"contentUrl\":\"\",\"caption\":\"Fons Vinum\"},\"image\":{\"@id\":\"https:\\\/\\\/fonsvinum.com\\\/en\\\/#\\\/schema\\\/logo\\\/image\\\/\"}}]}<\/script>\n<!-- \/ Yoast SEO plugin. -->","yoast_head_json":{"title":"Vigneti Massa \"Costa del vento\" Timorasso 2022","description":"Vigneti Massa \"Costa del vento\" Timorasso 2022","robots":{"index":"index","follow":"follow","max-snippet":"max-snippet:-1","max-image-preview":"max-image-preview:large","max-video-preview":"max-video-preview:-1"},"canonical":"https:\/\/fonsvinum.com\/de\/produkt\/vigneti-massa-costa-del-vento-timorasso-2022\/","og_locale":"de_DE","og_type":"article","og_title":"Vigneti Massa \"Costa del vento\" Timorasso 2022","og_description":"Vigneti Massa \"Costa del vento\" Timorasso 2022","og_url":"https:\/\/fonsvinum.com\/de\/produkt\/vigneti-massa-costa-del-vento-timorasso-2022\/","og_site_name":"Fons Vinum","article_modified_time":"2026-01-26T10:51:45+00:00","og_image":[{"width":200,"height":600,"url":"https:\/\/fonsvinum.com\/files\/2014\/12\/timorasso-costa-del-vento-vigneti-massa.png","type":"image\/png"}],"twitter_misc":{"Gesch\u00e4tzte Lesezeit":"1\u00a0Minute"},"schema":{"@context":"https:\/\/schema.org","@graph":[{"@type":"WebPage","@id":"https:\/\/fonsvinum.com\/de\/produkt\/vigneti-massa-costa-del-vento-timorasso-2022\/","url":"https:\/\/fonsvinum.com\/de\/produkt\/vigneti-massa-costa-del-vento-timorasso-2022\/","name":"Vigneti Massa \"Costa del vento\" Timorasso 2022","isPartOf":{"@id":"https:\/\/fonsvinum.com\/en\/#website"},"primaryImageOfPage":{"@id":"https:\/\/fonsvinum.com\/de\/produkt\/vigneti-massa-costa-del-vento-timorasso-2022\/#primaryimage"},"image":{"@id":"https:\/\/fonsvinum.com\/de\/produkt\/vigneti-massa-costa-del-vento-timorasso-2022\/#primaryimage"},"thumbnailUrl":"https:\/\/fonsvinum.com\/files\/2014\/12\/timorasso-costa-del-vento-vigneti-massa.png","datePublished":"2026-01-26T10:45:42+00:00","dateModified":"2026-01-26T10:51:45+00:00","description":"Vigneti Massa \"Costa del vento\" Timorasso 2022","breadcrumb":{"@id":"https:\/\/fonsvinum.com\/de\/produkt\/vigneti-massa-costa-del-vento-timorasso-2022\/#breadcrumb"},"inLanguage":"de","potentialAction":[{"@type":"ReadAction","target":["https:\/\/fonsvinum.com\/de\/produkt\/vigneti-massa-costa-del-vento-timorasso-2022\/"]}]},{"@type":"ImageObject","inLanguage":"de","@id":"https:\/\/fonsvinum.com\/de\/produkt\/vigneti-massa-costa-del-vento-timorasso-2022\/#primaryimage","url":"https:\/\/fonsvinum.com\/files\/2014\/12\/timorasso-costa-del-vento-vigneti-massa.png","contentUrl":"https:\/\/fonsvinum.com\/files\/2014\/12\/timorasso-costa-del-vento-vigneti-massa.png","width":200,"height":600},{"@type":"BreadcrumbList","@id":"https:\/\/fonsvinum.com\/de\/produkt\/vigneti-massa-costa-del-vento-timorasso-2022\/#breadcrumb","itemListElement":[{"@type":"ListItem","position":1,"name":"Startseite","item":"https:\/\/fonsvinum.com\/de\/"},{"@type":"ListItem","position":2,"name":"Shop","item":"https:\/\/fonsvinum.com\/de\/shop\/"},{"@type":"ListItem","position":3,"name":"Vigneti Massa &#8220;Costa del vento&#8221; Timorasso 2022"}]},{"@type":"WebSite","@id":"https:\/\/fonsvinum.com\/en\/#website","url":"https:\/\/fonsvinum.com\/en\/","name":"Fons Vinum","description":"Vendita Vino Online","publisher":{"@id":"https:\/\/fonsvinum.com\/en\/#organization"},"potentialAction":[{"@type":"SearchAction","target":{"@type":"EntryPoint","urlTemplate":"https:\/\/fonsvinum.com\/en\/?s={search_term_string}"},"query-input":{"@type":"PropertyValueSpecification","valueRequired":true,"valueName":"search_term_string"}}],"inLanguage":"de"},{"@type":"Organization","@id":"https:\/\/fonsvinum.com\/en\/#organization","name":"Fons Vinum","url":"https:\/\/fonsvinum.com\/en\/","logo":{"@type":"ImageObject","inLanguage":"de","@id":"https:\/\/fonsvinum.com\/en\/#\/schema\/logo\/image\/","url":"","contentUrl":"","caption":"Fons Vinum"},"image":{"@id":"https:\/\/fonsvinum.com\/en\/#\/schema\/logo\/image\/"}}]}},"acf":[],"_links":{"self":[{"href":"https:\/\/fonsvinum.com\/de\/wp-json\/wp\/v2\/product\/48567","targetHints":{"allow":["GET"]}}],"collection":[{"href":"https:\/\/fonsvinum.com\/de\/wp-json\/wp\/v2\/product"}],"about":[{"href":"https:\/\/fonsvinum.com\/de\/wp-json\/wp\/v2\/types\/product"}],"replies":[{"embeddable":true,"href":"https:\/\/fonsvinum.com\/de\/wp-json\/wp\/v2\/comments?post=48567"}],"wp:featuredmedia":[{"embeddable":true,"href":"https:\/\/fonsvinum.com\/de\/wp-json\/wp\/v2\/media\/3790"}],"wp:attachment":[{"href":"https:\/\/fonsvinum.com\/de\/wp-json\/wp\/v2\/media?parent=48567"}],"wp:term":[{"taxonomy":"product_brand","embeddable":true,"href":"https:\/\/fonsvinum.com\/de\/wp-json\/wp\/v2\/product_brand?post=48567"},{"taxonomy":"product_cat","embeddable":true,"href":"https:\/\/fonsvinum.com\/de\/wp-json\/wp\/v2\/product_cat?post=48567"},{"taxonomy":"product_tag","embeddable":true,"href":"https:\/\/fonsvinum.com\/de\/wp-json\/wp\/v2\/product_tag?post=48567"}],"curies":[{"name":"wp","href":"https:\/\/api.w.org\/{rel}","templated":true}]}}