{"id":48559,"date":"2026-01-23T11:33:24","date_gmt":"2026-01-23T10:33:24","guid":{"rendered":"https:\/\/fonsvinum.com\/?post_type=product&#038;p=48559"},"modified":"2026-01-23T11:43:50","modified_gmt":"2026-01-23T10:43:50","slug":"tenute-dellornellaia-le-serre-nuove-2023-magnum","status":"publish","type":"product","link":"https:\/\/fonsvinum.com\/de\/produkt\/tenute-dellornellaia-le-serre-nuove-2023-magnum\/","title":{"rendered":"TENUTE DELL&#8217;ORNELLAIA Le Serre Nuove 2023 Magnum"},"content":{"rendered":"<h1><a href=\"https:\/\/www.ornellaia.com\/de\/weine\/\">\u00a0TENUTE DELL&#8217;ORNELLAIA Le Serre Nuove 2023 Magnum<\/a><\/h1>\n<h2 class=\"uk-article-title\">Philosophie<\/h2>\n<p>Unsere Produktionsphilosophie dreht sich stets um Ornellaias Streben nach Vorz\u00fcglichkeit \u2013 in allen Bereichen. Jede Entscheidung, die wir treffen, ist von allergr\u00f6\u00dfter Bedeutung und setzt daher absolute Detailgenauigkeit voraus. Schnellverfahren sind w\u00e4hrend des gesamten Produktionsprozesses verboten und werden nicht geduldet. So gelingt es uns, nur Trauben von h\u00f6chster Qualit\u00e4t unabh\u00e4ngig von den klimatischen Bedingungen in diesem besonderen Jahr zu lesen.<\/p>\n<p>W\u00e4hrend der Lesezeit k\u00f6nnen wir anhand von Analysen und empirischen Pr\u00fcfungen jederzeit bestimmen, welche Trauben in welcher Reihenfolge zu ernten sind. Durch die Verkostung der Trauben ist es uns m\u00f6glich, die Reife der Tannine und die Ausgeglichenheit innerhalb der Trauben genauer zu bestimmen, um die optimale Erntezeit und die genaue Weinbereitung f\u00fcr die Trauben aus allen Parzellen festlegen zu k\u00f6nnen. Danach unterwerfen wir ausnahmslos jede Traube einem doppelten Ausleseprozess. Zuerst \u00fcberpr\u00fcfen wir die Qualit\u00e4t der Trauben, anschlie\u00dfend werden sie von allen Pflanzenresten befreit.<\/p>\n<h2>DIE FAMILIE FRESCOBALDI<\/h2>\n<p>Seit 700 Jahren verbindet die Familie Frescobaldi Tradition, Erfahrung und Innovation mit Kreativit\u00e4t und Streben nach Exzellenz. Es war stets das Bestreben der Familie, die Vielfalt des toskanischen Terroirs zu entwickeln und zu feiern. Als stolze Besitzer einiger der besten Weing\u00fcter der Region waren die Familienmitglieder stets darum bem\u00fcht, die Identit\u00e4t und die Selbstst\u00e4ndigkeit jedes einzelnen Besitzes zu bewahren.<\/p>\n<p>Weltweit gilt ORNELLAIA als eine Weingut-Ikone; im Besitz der Familie Frescobaldi hat es sich zu einer Erfolgsgeschichte entwickelt.<\/p>\n<h2 class=\"scheda-container-h1\">Le Serre Nuove dell\u2019Ornellaia<\/h2>\n<div class=\"scheda-container-descr-cnt\">\n<div class=\"scheda-container\">\n<div class=\"scheda-container-descr-cnt\">\n<p>Der mit der gleichen Leidenschaft und Liebe zum Detail wie der Ornellaia erzeugte Le Serre Nuove dell\u2019Ornellaia ist ein w\u00fcrdiger \u201eZweitwein\u201c. Die Komposition aus Merlot, Cabernet Sauvignon, Cabernet Franc &amp; Petit Verdot vereint Zug\u00e4nglichkeit und eine beachtliche Geschmackstiefe mit bew\u00e4hrtem Alterungspotential.<\/p>\n<\/div>\n<\/div>\n<h3 class=\"uk-accordion-title uk-active\">Jahrgang 2023<\/h3>\n<div data-wrapper=\"true\">\n<div class=\"uk-accordion-content\">\n<p>44% Merlot, 37% Cabernet Sauvignon, 11% Cabernet Franc, 8% Petit Verdot<\/p>\n<p>\u201eLe Serre Nuove dell\u2019Ornellaia 2023 pr\u00e4sentiert sich in einem tiefen Rubinrot mit violetten Reflexen, die Jugend und Konzentration des Weins unterstreichen. In der Nase im Vordergrund reife Waldfr\u00fcchte und Kirschen, verwoben mit dezenten Gew\u00fcrznoten \u2013 ein typischer Ausdruck der Reife unserer Trauben. Am Gaumen bestechend geschliffene Tannine, getragen von einem harmonischen Koerper, perfekt ausbalanciert von einer lebendigen Frische. Die Balance zwischen Kraft und Eleganz schenkt diesem Wein einen besonders animierenden Trinkfluss. Ein Wein, der eine schoene Entwicklung im Laufe der Jahre verspricht, aber bereits jetzt gro\u00dfen Genuss bereitet.\u201c<\/p>\n<\/div>\n<\/div>\n<\/div>\n","protected":false},"excerpt":{"rendered":"<p>\u00a0TENUTE DELL&#8217;ORNELLAIA Le Serre Nuove 2023 Magnum Philosophie Unsere Produktionsphilosophie dreht sich stets um Ornellaias Streben nach Vorz\u00fcglichkeit \u2013 in allen Bereichen. Jede Entscheidung, die wir treffen, ist von allergr\u00f6\u00dfter Bedeutung und setzt daher absolute Detailgenauigkeit voraus. Schnellverfahren sind w\u00e4hrend des gesamten Produktionsprozesses verboten und werden nicht geduldet. So gelingt es uns, nur Trauben von [&hellip;]<\/p>\n","protected":false},"featured_media":21049,"comment_status":"open","ping_status":"closed","template":"","meta":{"_acf_changed":false,"_monsterinsights_skip_tracking":false,"_monsterinsights_sitenote_active":false,"_monsterinsights_sitenote_note":"","_monsterinsights_sitenote_category":0},"product_brand":[],"product_cat":[1693,2332],"product_tag":[2150,15959,3583],"class_list":{"0":"post-48559","1":"product","2":"type-product","3":"status-publish","4":"has-post-thumbnail","6":"product_cat-blend-2-de","7":"product_cat-rotweine-de","8":"product_tag-grossformat","9":"product_tag-vino-rosso-de","10":"product_tag-vini-toscani-de","11":"pa_appellation-bolgheri-rosso-doc-de","12":"pa_formato-1-50-l-flasche-de","13":"pa_producer-tenuta-dellornellaia-de","14":"pa_region-toskana-de","15":"pa_vintage-18401","17":"first","18":"instock","19":"taxable","20":"shipping-taxable","21":"purchasable","22":"product-type-simple"},"bundled_by":[],"bundle_stock_status":"instock","bundle_stock_quantity":1,"bundle_virtual":false,"bundle_layout":"","bundle_add_to_cart_form_location":"","bundle_editable_in_cart":false,"bundle_sold_individually_context":"","bundle_item_grouping":"","bundle_min_size":"","bundle_max_size":"","bundle_price":[],"bundled_items":[],"bundle_sell_ids":[],"yoast_head":"<!-- This site is optimized with the Yoast SEO plugin v27.2 - https:\/\/yoast.com\/product\/yoast-seo-wordpress\/ -->\n<title>TENUTE DELL&#039;ORNELLAIA Le Serre Nuove 2023 magnum<\/title>\n<meta name=\"description\" content=\"TENUTE DELL&#039;ORNELLAIA Le Serre Nuove 2023 magnum- Der mit der gleichen Leidenschaft und Liebe zum Detail wie der Ornellaia erzeugte.\" \/>\n<meta name=\"robots\" content=\"index, follow, max-snippet:-1, max-image-preview:large, max-video-preview:-1\" \/>\n<link rel=\"canonical\" href=\"https:\/\/fonsvinum.com\/de\/produkt\/tenute-dellornellaia-le-serre-nuove-2023-magnum\/\" \/>\n<meta property=\"og:locale\" content=\"de_DE\" \/>\n<meta property=\"og:type\" content=\"article\" \/>\n<meta property=\"og:title\" content=\"TENUTE DELL&#039;ORNELLAIA Le Serre Nuove 2023 magnum\" \/>\n<meta property=\"og:description\" content=\"TENUTE DELL&#039;ORNELLAIA Le Serre Nuove 2023 magnum- Der mit der gleichen Leidenschaft und Liebe zum Detail wie der Ornellaia erzeugte.\" \/>\n<meta property=\"og:url\" content=\"https:\/\/fonsvinum.com\/de\/produkt\/tenute-dellornellaia-le-serre-nuove-2023-magnum\/\" \/>\n<meta property=\"og:site_name\" content=\"Fons Vinum\" \/>\n<meta property=\"article:modified_time\" content=\"2026-01-23T10:43:50+00:00\" \/>\n<meta property=\"og:image\" content=\"https:\/\/fonsvinum.com\/files\/2019\/10\/Magnum-Le-Serre-Nuove-Rosso-Bolgheri-Tenuta-DellOrnellaia.jpg\" \/>\n\t<meta property=\"og:image:width\" content=\"544\" \/>\n\t<meta property=\"og:image:height\" content=\"900\" \/>\n\t<meta property=\"og:image:type\" content=\"image\/jpeg\" \/>\n<meta name=\"twitter:label1\" content=\"Gesch\u00e4tzte Lesezeit\" \/>\n\t<meta name=\"twitter:data1\" content=\"3\u00a0Minuten\" \/>\n<script type=\"application\/ld+json\" class=\"yoast-schema-graph\">{\"@context\":\"https:\/\/schema.org\",\"@graph\":[{\"@type\":\"WebPage\",\"@id\":\"https:\/\/fonsvinum.com\/de\/produkt\/tenute-dellornellaia-le-serre-nuove-2023-magnum\/\",\"url\":\"https:\/\/fonsvinum.com\/de\/produkt\/tenute-dellornellaia-le-serre-nuove-2023-magnum\/\",\"name\":\"TENUTE DELL'ORNELLAIA Le Serre Nuove 2023 magnum\",\"isPartOf\":{\"@id\":\"https:\/\/fonsvinum.com\/en\/#website\"},\"primaryImageOfPage\":{\"@id\":\"https:\/\/fonsvinum.com\/de\/produkt\/tenute-dellornellaia-le-serre-nuove-2023-magnum\/#primaryimage\"},\"image\":{\"@id\":\"https:\/\/fonsvinum.com\/de\/produkt\/tenute-dellornellaia-le-serre-nuove-2023-magnum\/#primaryimage\"},\"thumbnailUrl\":\"https:\/\/fonsvinum.com\/files\/2019\/10\/Magnum-Le-Serre-Nuove-Rosso-Bolgheri-Tenuta-DellOrnellaia.jpg\",\"datePublished\":\"2026-01-23T10:33:24+00:00\",\"dateModified\":\"2026-01-23T10:43:50+00:00\",\"description\":\"TENUTE DELL'ORNELLAIA Le Serre Nuove 2023 magnum- Der mit der gleichen Leidenschaft und Liebe zum Detail wie der Ornellaia erzeugte.\",\"breadcrumb\":{\"@id\":\"https:\/\/fonsvinum.com\/de\/produkt\/tenute-dellornellaia-le-serre-nuove-2023-magnum\/#breadcrumb\"},\"inLanguage\":\"de\",\"potentialAction\":[{\"@type\":\"ReadAction\",\"target\":[\"https:\/\/fonsvinum.com\/de\/produkt\/tenute-dellornellaia-le-serre-nuove-2023-magnum\/\"]}]},{\"@type\":\"ImageObject\",\"inLanguage\":\"de\",\"@id\":\"https:\/\/fonsvinum.com\/de\/produkt\/tenute-dellornellaia-le-serre-nuove-2023-magnum\/#primaryimage\",\"url\":\"https:\/\/fonsvinum.com\/files\/2019\/10\/Magnum-Le-Serre-Nuove-Rosso-Bolgheri-Tenuta-DellOrnellaia.jpg\",\"contentUrl\":\"https:\/\/fonsvinum.com\/files\/2019\/10\/Magnum-Le-Serre-Nuove-Rosso-Bolgheri-Tenuta-DellOrnellaia.jpg\",\"width\":544,\"height\":900},{\"@type\":\"BreadcrumbList\",\"@id\":\"https:\/\/fonsvinum.com\/de\/produkt\/tenute-dellornellaia-le-serre-nuove-2023-magnum\/#breadcrumb\",\"itemListElement\":[{\"@type\":\"ListItem\",\"position\":1,\"name\":\"Startseite\",\"item\":\"https:\/\/fonsvinum.com\/de\/\"},{\"@type\":\"ListItem\",\"position\":2,\"name\":\"Shop\",\"item\":\"https:\/\/fonsvinum.com\/de\/shop\/\"},{\"@type\":\"ListItem\",\"position\":3,\"name\":\"TENUTE DELL&#8217;ORNELLAIA Le Serre Nuove 2023 Magnum\"}]},{\"@type\":\"WebSite\",\"@id\":\"https:\/\/fonsvinum.com\/en\/#website\",\"url\":\"https:\/\/fonsvinum.com\/en\/\",\"name\":\"Fons Vinum\",\"description\":\"Vendita Vino Online\",\"publisher\":{\"@id\":\"https:\/\/fonsvinum.com\/en\/#organization\"},\"potentialAction\":[{\"@type\":\"SearchAction\",\"target\":{\"@type\":\"EntryPoint\",\"urlTemplate\":\"https:\/\/fonsvinum.com\/en\/?s={search_term_string}\"},\"query-input\":{\"@type\":\"PropertyValueSpecification\",\"valueRequired\":true,\"valueName\":\"search_term_string\"}}],\"inLanguage\":\"de\"},{\"@type\":\"Organization\",\"@id\":\"https:\/\/fonsvinum.com\/en\/#organization\",\"name\":\"Fons Vinum\",\"url\":\"https:\/\/fonsvinum.com\/en\/\",\"logo\":{\"@type\":\"ImageObject\",\"inLanguage\":\"de\",\"@id\":\"https:\/\/fonsvinum.com\/en\/#\/schema\/logo\/image\/\",\"url\":\"\",\"contentUrl\":\"\",\"caption\":\"Fons Vinum\"},\"image\":{\"@id\":\"https:\/\/fonsvinum.com\/en\/#\/schema\/logo\/image\/\"}}]}<\/script>\n<!-- \/ Yoast SEO plugin. -->","yoast_head_json":{"title":"TENUTE DELL'ORNELLAIA Le Serre Nuove 2023 magnum","description":"TENUTE DELL'ORNELLAIA Le Serre Nuove 2023 magnum- Der mit der gleichen Leidenschaft und Liebe zum Detail wie der Ornellaia erzeugte.","robots":{"index":"index","follow":"follow","max-snippet":"max-snippet:-1","max-image-preview":"max-image-preview:large","max-video-preview":"max-video-preview:-1"},"canonical":"https:\/\/fonsvinum.com\/de\/produkt\/tenute-dellornellaia-le-serre-nuove-2023-magnum\/","og_locale":"de_DE","og_type":"article","og_title":"TENUTE DELL'ORNELLAIA Le Serre Nuove 2023 magnum","og_description":"TENUTE DELL'ORNELLAIA Le Serre Nuove 2023 magnum- Der mit der gleichen Leidenschaft und Liebe zum Detail wie der Ornellaia erzeugte.","og_url":"https:\/\/fonsvinum.com\/de\/produkt\/tenute-dellornellaia-le-serre-nuove-2023-magnum\/","og_site_name":"Fons Vinum","article_modified_time":"2026-01-23T10:43:50+00:00","og_image":[{"width":544,"height":900,"url":"https:\/\/fonsvinum.com\/files\/2019\/10\/Magnum-Le-Serre-Nuove-Rosso-Bolgheri-Tenuta-DellOrnellaia.jpg","type":"image\/jpeg"}],"twitter_misc":{"Gesch\u00e4tzte Lesezeit":"3\u00a0Minuten"},"schema":{"@context":"https:\/\/schema.org","@graph":[{"@type":"WebPage","@id":"https:\/\/fonsvinum.com\/de\/produkt\/tenute-dellornellaia-le-serre-nuove-2023-magnum\/","url":"https:\/\/fonsvinum.com\/de\/produkt\/tenute-dellornellaia-le-serre-nuove-2023-magnum\/","name":"TENUTE DELL'ORNELLAIA Le Serre Nuove 2023 magnum","isPartOf":{"@id":"https:\/\/fonsvinum.com\/en\/#website"},"primaryImageOfPage":{"@id":"https:\/\/fonsvinum.com\/de\/produkt\/tenute-dellornellaia-le-serre-nuove-2023-magnum\/#primaryimage"},"image":{"@id":"https:\/\/fonsvinum.com\/de\/produkt\/tenute-dellornellaia-le-serre-nuove-2023-magnum\/#primaryimage"},"thumbnailUrl":"https:\/\/fonsvinum.com\/files\/2019\/10\/Magnum-Le-Serre-Nuove-Rosso-Bolgheri-Tenuta-DellOrnellaia.jpg","datePublished":"2026-01-23T10:33:24+00:00","dateModified":"2026-01-23T10:43:50+00:00","description":"TENUTE DELL'ORNELLAIA Le Serre Nuove 2023 magnum- Der mit der gleichen Leidenschaft und Liebe zum Detail wie der Ornellaia erzeugte.","breadcrumb":{"@id":"https:\/\/fonsvinum.com\/de\/produkt\/tenute-dellornellaia-le-serre-nuove-2023-magnum\/#breadcrumb"},"inLanguage":"de","potentialAction":[{"@type":"ReadAction","target":["https:\/\/fonsvinum.com\/de\/produkt\/tenute-dellornellaia-le-serre-nuove-2023-magnum\/"]}]},{"@type":"ImageObject","inLanguage":"de","@id":"https:\/\/fonsvinum.com\/de\/produkt\/tenute-dellornellaia-le-serre-nuove-2023-magnum\/#primaryimage","url":"https:\/\/fonsvinum.com\/files\/2019\/10\/Magnum-Le-Serre-Nuove-Rosso-Bolgheri-Tenuta-DellOrnellaia.jpg","contentUrl":"https:\/\/fonsvinum.com\/files\/2019\/10\/Magnum-Le-Serre-Nuove-Rosso-Bolgheri-Tenuta-DellOrnellaia.jpg","width":544,"height":900},{"@type":"BreadcrumbList","@id":"https:\/\/fonsvinum.com\/de\/produkt\/tenute-dellornellaia-le-serre-nuove-2023-magnum\/#breadcrumb","itemListElement":[{"@type":"ListItem","position":1,"name":"Startseite","item":"https:\/\/fonsvinum.com\/de\/"},{"@type":"ListItem","position":2,"name":"Shop","item":"https:\/\/fonsvinum.com\/de\/shop\/"},{"@type":"ListItem","position":3,"name":"TENUTE DELL&#8217;ORNELLAIA Le Serre Nuove 2023 Magnum"}]},{"@type":"WebSite","@id":"https:\/\/fonsvinum.com\/en\/#website","url":"https:\/\/fonsvinum.com\/en\/","name":"Fons Vinum","description":"Vendita Vino Online","publisher":{"@id":"https:\/\/fonsvinum.com\/en\/#organization"},"potentialAction":[{"@type":"SearchAction","target":{"@type":"EntryPoint","urlTemplate":"https:\/\/fonsvinum.com\/en\/?s={search_term_string}"},"query-input":{"@type":"PropertyValueSpecification","valueRequired":true,"valueName":"search_term_string"}}],"inLanguage":"de"},{"@type":"Organization","@id":"https:\/\/fonsvinum.com\/en\/#organization","name":"Fons Vinum","url":"https:\/\/fonsvinum.com\/en\/","logo":{"@type":"ImageObject","inLanguage":"de","@id":"https:\/\/fonsvinum.com\/en\/#\/schema\/logo\/image\/","url":"","contentUrl":"","caption":"Fons Vinum"},"image":{"@id":"https:\/\/fonsvinum.com\/en\/#\/schema\/logo\/image\/"}}]}},"acf":[],"_links":{"self":[{"href":"https:\/\/fonsvinum.com\/de\/wp-json\/wp\/v2\/product\/48559","targetHints":{"allow":["GET"]}}],"collection":[{"href":"https:\/\/fonsvinum.com\/de\/wp-json\/wp\/v2\/product"}],"about":[{"href":"https:\/\/fonsvinum.com\/de\/wp-json\/wp\/v2\/types\/product"}],"replies":[{"embeddable":true,"href":"https:\/\/fonsvinum.com\/de\/wp-json\/wp\/v2\/comments?post=48559"}],"wp:featuredmedia":[{"embeddable":true,"href":"https:\/\/fonsvinum.com\/de\/wp-json\/wp\/v2\/media\/21049"}],"wp:attachment":[{"href":"https:\/\/fonsvinum.com\/de\/wp-json\/wp\/v2\/media?parent=48559"}],"wp:term":[{"taxonomy":"product_brand","embeddable":true,"href":"https:\/\/fonsvinum.com\/de\/wp-json\/wp\/v2\/product_brand?post=48559"},{"taxonomy":"product_cat","embeddable":true,"href":"https:\/\/fonsvinum.com\/de\/wp-json\/wp\/v2\/product_cat?post=48559"},{"taxonomy":"product_tag","embeddable":true,"href":"https:\/\/fonsvinum.com\/de\/wp-json\/wp\/v2\/product_tag?post=48559"}],"curies":[{"name":"wp","href":"https:\/\/api.w.org\/{rel}","templated":true}]}}