{"id":48511,"date":"2026-01-20T06:37:26","date_gmt":"2026-01-20T05:37:26","guid":{"rendered":"https:\/\/fonsvinum.com\/?post_type=product&#038;p=48511"},"modified":"2026-01-20T06:49:26","modified_gmt":"2026-01-20T05:49:26","slug":"moscato-dasti-paolo-saracco-2025","status":"publish","type":"product","link":"https:\/\/fonsvinum.com\/de\/produkt\/moscato-dasti-paolo-saracco-2025\/","title":{"rendered":"MOSCATO D&#8217;ASTI Paolo Saracco 2025"},"content":{"rendered":"<h1><a href=\"https:\/\/fonsvinum.com\/de\/?s=moscato&amp;post_type=product\">MOSCATO<\/a> D\u2019ASTI DOCG Paolo <a href=\"https:\/\/paolosaracco.it\/\">Saracco<\/a> 2025<\/h1>\n<p>Die S\u00fc\u00dfe dieses leichten (6% Alkohol) Schaumweins aus dem Piemont wird durch die knackige S\u00e4ure und intensive Frucht des Moscato Giallo Canelli (gelber Muskateller) perfekt ausbalanciert.<\/p>\n<p>Sehr gut zu Weihnachtspl\u00e4tzchen, als Begleiter von Dessert (gro\u00dfartig zu Torrone-Parfait usw.), frischen Fr\u00fcchten und (!) asiatischer K\u00fcche.<\/p>\n","protected":false},"excerpt":{"rendered":"<p>MOSCATO D\u2019ASTI DOCG Paolo Saracco 2025 Die S\u00fc\u00dfe dieses leichten (6% Alkohol) Schaumweins aus dem Piemont wird durch die knackige S\u00e4ure und intensive Frucht des Moscato Giallo Canelli (gelber Muskateller) perfekt ausbalanciert. Sehr gut zu Weihnachtspl\u00e4tzchen, als Begleiter von Dessert (gro\u00dfartig zu Torrone-Parfait usw.), frischen Fr\u00fcchten und (!) asiatischer K\u00fcche.<\/p>\n","protected":false},"featured_media":5568,"comment_status":"open","ping_status":"closed","template":"","meta":{"_acf_changed":false,"_monsterinsights_skip_tracking":false,"_monsterinsights_sitenote_active":false,"_monsterinsights_sitenote_note":"","_monsterinsights_sitenote_category":0},"product_brand":[],"product_cat":[2388],"product_tag":[],"class_list":{"0":"post-48511","1":"product","2":"type-product","3":"status-publish","4":"has-post-thumbnail","6":"product_cat-muskateller-de","7":"pa_appellation-moscato-dasti-docg-de","8":"pa_formato-0-75-l-flasche-de","9":"pa_producer-paolo-saracco-de-2","10":"pa_region-piemont-de","11":"pa_vine-100-moscato-de","12":"pa_vintage-18409","14":"first","15":"instock","16":"taxable","17":"shipping-taxable","18":"purchasable","19":"product-type-simple"},"bundled_by":[],"bundle_stock_status":"instock","bundle_stock_quantity":24,"bundle_virtual":false,"bundle_layout":"","bundle_add_to_cart_form_location":"","bundle_editable_in_cart":false,"bundle_sold_individually_context":"","bundle_item_grouping":"","bundle_min_size":"","bundle_max_size":"","bundle_price":[],"bundled_items":[],"bundle_sell_ids":[],"yoast_head":"<!-- This site is optimized with the Yoast SEO plugin v27.2 - https:\/\/yoast.com\/product\/yoast-seo-wordpress\/ -->\n<title>Kaufen online MOSCATO D&#039;ASTI Paolo Saracco 2025 - FonsVinum<\/title>\n<meta name=\"description\" content=\"Kaufen online MOSCATO D&#039;ASTI Paolo Saracco 2025, Die S\u00fc\u00dfe dieses leichten (6% Alkohol) Schaumweins aus dem Piemont wird durch die knackige S\u00e4ure....\" \/>\n<meta name=\"robots\" content=\"index, follow, max-snippet:-1, max-image-preview:large, max-video-preview:-1\" \/>\n<link rel=\"canonical\" href=\"https:\/\/fonsvinum.com\/de\/produkt\/moscato-dasti-paolo-saracco-2025\/\" \/>\n<meta property=\"og:locale\" content=\"de_DE\" \/>\n<meta property=\"og:type\" content=\"article\" \/>\n<meta property=\"og:title\" content=\"Kaufen online MOSCATO D&#039;ASTI Paolo Saracco 2025 - FonsVinum\" \/>\n<meta property=\"og:description\" content=\"Kaufen online MOSCATO D&#039;ASTI Paolo Saracco 2025, Die S\u00fc\u00dfe dieses leichten (6% Alkohol) Schaumweins aus dem Piemont wird durch die knackige S\u00e4ure....\" \/>\n<meta property=\"og:url\" content=\"https:\/\/fonsvinum.com\/de\/produkt\/moscato-dasti-paolo-saracco-2025\/\" \/>\n<meta property=\"og:site_name\" content=\"Fons Vinum\" \/>\n<meta property=\"article:modified_time\" content=\"2026-01-20T05:49:26+00:00\" \/>\n<meta property=\"og:image\" content=\"https:\/\/fonsvinum.com\/files\/2015\/10\/moscato-asti-paolo-saracco.png\" \/>\n\t<meta property=\"og:image:width\" content=\"200\" \/>\n\t<meta property=\"og:image:height\" content=\"600\" \/>\n\t<meta property=\"og:image:type\" content=\"image\/png\" \/>\n<meta name=\"twitter:label1\" content=\"Gesch\u00e4tzte Lesezeit\" \/>\n\t<meta name=\"twitter:data1\" content=\"1\u00a0Minute\" \/>\n<script type=\"application\/ld+json\" class=\"yoast-schema-graph\">{\"@context\":\"https:\/\/schema.org\",\"@graph\":[{\"@type\":\"WebPage\",\"@id\":\"https:\/\/fonsvinum.com\/de\/produkt\/moscato-dasti-paolo-saracco-2025\/\",\"url\":\"https:\/\/fonsvinum.com\/de\/produkt\/moscato-dasti-paolo-saracco-2025\/\",\"name\":\"Kaufen online MOSCATO D'ASTI Paolo Saracco 2025 - FonsVinum\",\"isPartOf\":{\"@id\":\"https:\/\/fonsvinum.com\/en\/#website\"},\"primaryImageOfPage\":{\"@id\":\"https:\/\/fonsvinum.com\/de\/produkt\/moscato-dasti-paolo-saracco-2025\/#primaryimage\"},\"image\":{\"@id\":\"https:\/\/fonsvinum.com\/de\/produkt\/moscato-dasti-paolo-saracco-2025\/#primaryimage\"},\"thumbnailUrl\":\"https:\/\/fonsvinum.com\/files\/2015\/10\/moscato-asti-paolo-saracco.png\",\"datePublished\":\"2026-01-20T05:37:26+00:00\",\"dateModified\":\"2026-01-20T05:49:26+00:00\",\"description\":\"Kaufen online MOSCATO D'ASTI Paolo Saracco 2025, Die S\u00fc\u00dfe dieses leichten (6% Alkohol) Schaumweins aus dem Piemont wird durch die knackige S\u00e4ure....\",\"breadcrumb\":{\"@id\":\"https:\/\/fonsvinum.com\/de\/produkt\/moscato-dasti-paolo-saracco-2025\/#breadcrumb\"},\"inLanguage\":\"de\",\"potentialAction\":[{\"@type\":\"ReadAction\",\"target\":[\"https:\/\/fonsvinum.com\/de\/produkt\/moscato-dasti-paolo-saracco-2025\/\"]}]},{\"@type\":\"ImageObject\",\"inLanguage\":\"de\",\"@id\":\"https:\/\/fonsvinum.com\/de\/produkt\/moscato-dasti-paolo-saracco-2025\/#primaryimage\",\"url\":\"https:\/\/fonsvinum.com\/files\/2015\/10\/moscato-asti-paolo-saracco.png\",\"contentUrl\":\"https:\/\/fonsvinum.com\/files\/2015\/10\/moscato-asti-paolo-saracco.png\",\"width\":200,\"height\":600},{\"@type\":\"BreadcrumbList\",\"@id\":\"https:\/\/fonsvinum.com\/de\/produkt\/moscato-dasti-paolo-saracco-2025\/#breadcrumb\",\"itemListElement\":[{\"@type\":\"ListItem\",\"position\":1,\"name\":\"Startseite\",\"item\":\"https:\/\/fonsvinum.com\/de\/\"},{\"@type\":\"ListItem\",\"position\":2,\"name\":\"Shop\",\"item\":\"https:\/\/fonsvinum.com\/de\/shop\/\"},{\"@type\":\"ListItem\",\"position\":3,\"name\":\"MOSCATO D&#8217;ASTI Paolo Saracco 2025\"}]},{\"@type\":\"WebSite\",\"@id\":\"https:\/\/fonsvinum.com\/en\/#website\",\"url\":\"https:\/\/fonsvinum.com\/en\/\",\"name\":\"Fons Vinum\",\"description\":\"Vendita Vino Online\",\"publisher\":{\"@id\":\"https:\/\/fonsvinum.com\/en\/#organization\"},\"potentialAction\":[{\"@type\":\"SearchAction\",\"target\":{\"@type\":\"EntryPoint\",\"urlTemplate\":\"https:\/\/fonsvinum.com\/en\/?s={search_term_string}\"},\"query-input\":{\"@type\":\"PropertyValueSpecification\",\"valueRequired\":true,\"valueName\":\"search_term_string\"}}],\"inLanguage\":\"de\"},{\"@type\":\"Organization\",\"@id\":\"https:\/\/fonsvinum.com\/en\/#organization\",\"name\":\"Fons Vinum\",\"url\":\"https:\/\/fonsvinum.com\/en\/\",\"logo\":{\"@type\":\"ImageObject\",\"inLanguage\":\"de\",\"@id\":\"https:\/\/fonsvinum.com\/en\/#\/schema\/logo\/image\/\",\"url\":\"\",\"contentUrl\":\"\",\"caption\":\"Fons Vinum\"},\"image\":{\"@id\":\"https:\/\/fonsvinum.com\/en\/#\/schema\/logo\/image\/\"}}]}<\/script>\n<!-- \/ Yoast SEO plugin. -->","yoast_head_json":{"title":"Kaufen online MOSCATO D'ASTI Paolo Saracco 2025 - FonsVinum","description":"Kaufen online MOSCATO D'ASTI Paolo Saracco 2025, Die S\u00fc\u00dfe dieses leichten (6% Alkohol) Schaumweins aus dem Piemont wird durch die knackige S\u00e4ure....","robots":{"index":"index","follow":"follow","max-snippet":"max-snippet:-1","max-image-preview":"max-image-preview:large","max-video-preview":"max-video-preview:-1"},"canonical":"https:\/\/fonsvinum.com\/de\/produkt\/moscato-dasti-paolo-saracco-2025\/","og_locale":"de_DE","og_type":"article","og_title":"Kaufen online MOSCATO D'ASTI Paolo Saracco 2025 - FonsVinum","og_description":"Kaufen online MOSCATO D'ASTI Paolo Saracco 2025, Die S\u00fc\u00dfe dieses leichten (6% Alkohol) Schaumweins aus dem Piemont wird durch die knackige S\u00e4ure....","og_url":"https:\/\/fonsvinum.com\/de\/produkt\/moscato-dasti-paolo-saracco-2025\/","og_site_name":"Fons Vinum","article_modified_time":"2026-01-20T05:49:26+00:00","og_image":[{"width":200,"height":600,"url":"https:\/\/fonsvinum.com\/files\/2015\/10\/moscato-asti-paolo-saracco.png","type":"image\/png"}],"twitter_misc":{"Gesch\u00e4tzte Lesezeit":"1\u00a0Minute"},"schema":{"@context":"https:\/\/schema.org","@graph":[{"@type":"WebPage","@id":"https:\/\/fonsvinum.com\/de\/produkt\/moscato-dasti-paolo-saracco-2025\/","url":"https:\/\/fonsvinum.com\/de\/produkt\/moscato-dasti-paolo-saracco-2025\/","name":"Kaufen online MOSCATO D'ASTI Paolo Saracco 2025 - FonsVinum","isPartOf":{"@id":"https:\/\/fonsvinum.com\/en\/#website"},"primaryImageOfPage":{"@id":"https:\/\/fonsvinum.com\/de\/produkt\/moscato-dasti-paolo-saracco-2025\/#primaryimage"},"image":{"@id":"https:\/\/fonsvinum.com\/de\/produkt\/moscato-dasti-paolo-saracco-2025\/#primaryimage"},"thumbnailUrl":"https:\/\/fonsvinum.com\/files\/2015\/10\/moscato-asti-paolo-saracco.png","datePublished":"2026-01-20T05:37:26+00:00","dateModified":"2026-01-20T05:49:26+00:00","description":"Kaufen online MOSCATO D'ASTI Paolo Saracco 2025, Die S\u00fc\u00dfe dieses leichten (6% Alkohol) Schaumweins aus dem Piemont wird durch die knackige S\u00e4ure....","breadcrumb":{"@id":"https:\/\/fonsvinum.com\/de\/produkt\/moscato-dasti-paolo-saracco-2025\/#breadcrumb"},"inLanguage":"de","potentialAction":[{"@type":"ReadAction","target":["https:\/\/fonsvinum.com\/de\/produkt\/moscato-dasti-paolo-saracco-2025\/"]}]},{"@type":"ImageObject","inLanguage":"de","@id":"https:\/\/fonsvinum.com\/de\/produkt\/moscato-dasti-paolo-saracco-2025\/#primaryimage","url":"https:\/\/fonsvinum.com\/files\/2015\/10\/moscato-asti-paolo-saracco.png","contentUrl":"https:\/\/fonsvinum.com\/files\/2015\/10\/moscato-asti-paolo-saracco.png","width":200,"height":600},{"@type":"BreadcrumbList","@id":"https:\/\/fonsvinum.com\/de\/produkt\/moscato-dasti-paolo-saracco-2025\/#breadcrumb","itemListElement":[{"@type":"ListItem","position":1,"name":"Startseite","item":"https:\/\/fonsvinum.com\/de\/"},{"@type":"ListItem","position":2,"name":"Shop","item":"https:\/\/fonsvinum.com\/de\/shop\/"},{"@type":"ListItem","position":3,"name":"MOSCATO D&#8217;ASTI Paolo Saracco 2025"}]},{"@type":"WebSite","@id":"https:\/\/fonsvinum.com\/en\/#website","url":"https:\/\/fonsvinum.com\/en\/","name":"Fons Vinum","description":"Vendita Vino Online","publisher":{"@id":"https:\/\/fonsvinum.com\/en\/#organization"},"potentialAction":[{"@type":"SearchAction","target":{"@type":"EntryPoint","urlTemplate":"https:\/\/fonsvinum.com\/en\/?s={search_term_string}"},"query-input":{"@type":"PropertyValueSpecification","valueRequired":true,"valueName":"search_term_string"}}],"inLanguage":"de"},{"@type":"Organization","@id":"https:\/\/fonsvinum.com\/en\/#organization","name":"Fons Vinum","url":"https:\/\/fonsvinum.com\/en\/","logo":{"@type":"ImageObject","inLanguage":"de","@id":"https:\/\/fonsvinum.com\/en\/#\/schema\/logo\/image\/","url":"","contentUrl":"","caption":"Fons Vinum"},"image":{"@id":"https:\/\/fonsvinum.com\/en\/#\/schema\/logo\/image\/"}}]}},"acf":[],"_links":{"self":[{"href":"https:\/\/fonsvinum.com\/de\/wp-json\/wp\/v2\/product\/48511","targetHints":{"allow":["GET"]}}],"collection":[{"href":"https:\/\/fonsvinum.com\/de\/wp-json\/wp\/v2\/product"}],"about":[{"href":"https:\/\/fonsvinum.com\/de\/wp-json\/wp\/v2\/types\/product"}],"replies":[{"embeddable":true,"href":"https:\/\/fonsvinum.com\/de\/wp-json\/wp\/v2\/comments?post=48511"}],"wp:featuredmedia":[{"embeddable":true,"href":"https:\/\/fonsvinum.com\/de\/wp-json\/wp\/v2\/media\/5568"}],"wp:attachment":[{"href":"https:\/\/fonsvinum.com\/de\/wp-json\/wp\/v2\/media?parent=48511"}],"wp:term":[{"taxonomy":"product_brand","embeddable":true,"href":"https:\/\/fonsvinum.com\/de\/wp-json\/wp\/v2\/product_brand?post=48511"},{"taxonomy":"product_cat","embeddable":true,"href":"https:\/\/fonsvinum.com\/de\/wp-json\/wp\/v2\/product_cat?post=48511"},{"taxonomy":"product_tag","embeddable":true,"href":"https:\/\/fonsvinum.com\/de\/wp-json\/wp\/v2\/product_tag?post=48511"}],"curies":[{"name":"wp","href":"https:\/\/api.w.org\/{rel}","templated":true}]}}