{"id":48505,"date":"2026-01-20T06:16:11","date_gmt":"2026-01-20T05:16:11","guid":{"rendered":"https:\/\/fonsvinum.com\/?post_type=product&#038;p=48505"},"modified":"2026-01-20T06:19:59","modified_gmt":"2026-01-20T05:19:59","slug":"masciarelli-ris-marina-cvetic-trebbiano-dabruzzo-2023","status":"publish","type":"product","link":"https:\/\/fonsvinum.com\/de\/produkt\/masciarelli-ris-marina-cvetic-trebbiano-dabruzzo-2023\/","title":{"rendered":"Masciarelli Ris. Marina Cvetic Trebbiano d&#8217;Abruzzo 2023"},"content":{"rendered":"<h2><a href=\"https:\/\/fonsvinum.com\/de\/attributes\/producer\/masciarelli-de\/\">Masciarelli<\/a> Ris. Marina Cvetic Trebbiano d&#8217;Abruzzo 2023<\/h2>\n<p>Masciarelli Ris. Marina Cvetic <a href=\"https:\/\/www.shopinlanghe.com\/sellers?render_type=sellerview&amp;id_seller=5\">Trebbiano<\/a> d&#8217;Abruzzo<\/p>\n<div class=\"product--description\">\n<p>MASCIARELLI Tenute Agricole wurde 1981 von Gianni Masciarelli gegr\u00fcndet, einer Schl\u00fcsselfigur der italienischen Weinszene und ma\u00dfgeblich an der Entwicklung des modernen Weinbaus in den Abruzzen beteiligt. Das Herzst\u00fcck des Weinguts ist San Martino sulla Marrucina in der Provinz Chieti. Es verf\u00fcgt \u00fcber eigene Weinberge und Olivenhaine in allen vier Provinzen der Abruzzen.<\/p>\n<p>Die Weinproduktion des Weinguts \u2013 erg\u00e4nzt durch eine kleine Produktion von nativem Oliven\u00f6l extra \u2013 umfasst derzeit 18 Etiketten und f\u00fcnf Produktlinien: Linea Classica, Gianni Masciarelli, Villa Gemma, Marina Cvetic und Castello di Semivicoli.<\/p>\n<p>Getreu seinem Bekenntnis zu Innovation unter Ber\u00fccksichtigung von Umwelt und Tradition hat das Weingut Masciarelli nach umfangreichen Restaurierungsarbeiten das Castello di Semivicoli er\u00f6ffnet, einen Herrenpalast aus dem 17. Jahrhundert, der heute als charmantes Relais inmitten der Weinberge dient und den Weintourismus in der Region f\u00f6rdert.<\/p>\n<h3>CVETIC TREBBIANO D\u2019ABRUZZO<\/h3>\n<p>Marina Cvetic<br \/>\nIm Zentrum der Masciarelli-Geschichte. Die pers\u00f6nliche und berufliche Verbundenheit zwischen Gianni und Marina brachte 1991 die Produktlinie hervor, die ihren Namen tr\u00e4gt. Die Marina Cvetic-Linie umfasst sechs Weine und zeichnet sich durch die Verwendung reiner internationaler Rebsorten (Merlot, Cabernet Sauvignon, Chardonnay) sowie Montepulciano und Trebbiano aus. Das Ergebnis ist eine originelle und unverwechselbare Interpretation: Strukturiert und elegant, sind Marina Cvetic-Weine ein Genuss f\u00fcr anspruchsvolle Gaumen.<\/p>\n<p>Beschreibung und Eigenschaften<br \/>\nDiese Riserva ist Marina Cvetic, der Ehefrau des Firmengr\u00fcnders Gianni Masciarelli, gewidmet. Ein Wein mit gro\u00dfer Pers\u00f6nlichkeit, der sein Aroma auf zwei Ebenen entfaltet: Zun\u00e4chst zeigen sich leichte florale und fruchtige Noten, gefolgt von unverwechselbaren, einh\u00fcllenden Terti\u00e4raromen. Dieser Trebbiano ist intensiv, vollmundig und best\u00e4ndig. Er wurde im Holzfass vergoren und reifte 18 Monate in Barriques.<\/p>\n<h3>Farbe: Goldgelb<\/h3>\n<p>Duft: Aromen von Ginster, reifen exotischen Fr\u00fcchten, Karamell, Mandeln und Honig<br \/>\nGeschmack: Frisch und weich, mit einem leicht rauchigen Nachgeschmack<br \/>\nEnth\u00e4lt Sulfite<\/p>\n<\/div>\n","protected":false},"excerpt":{"rendered":"<p>Masciarelli Ris. Marina Cvetic Trebbiano d&#8217;Abruzzo 2023 Masciarelli Ris. Marina Cvetic Trebbiano d&#8217;Abruzzo MASCIARELLI Tenute Agricole wurde 1981 von Gianni Masciarelli gegr\u00fcndet, einer Schl\u00fcsselfigur der italienischen Weinszene und ma\u00dfgeblich an der Entwicklung des modernen Weinbaus in den Abruzzen beteiligt. Das Herzst\u00fcck des Weinguts ist San Martino sulla Marrucina in der Provinz Chieti. Es verf\u00fcgt \u00fcber [&hellip;]<\/p>\n","protected":false},"featured_media":26884,"comment_status":"open","ping_status":"closed","template":"","meta":{"_acf_changed":false,"_monsterinsights_skip_tracking":false,"_monsterinsights_sitenote_active":false,"_monsterinsights_sitenote_note":"","_monsterinsights_sitenote_category":0},"product_brand":[],"product_cat":[2324],"product_tag":[1751],"class_list":{"0":"post-48505","1":"product","2":"type-product","3":"status-publish","4":"has-post-thumbnail","6":"product_cat-trebbiano-de","7":"product_tag-aussergewoehnliche-weine-aus-italien-de","8":"pa_appellation-trebbiano-dabruzzo-doc-de","9":"pa_formato-0-75-l-flasche-de","10":"pa_producer-masciarelli-de","11":"pa_region-abruzzen-de","12":"pa_vine-100-trebbiano-dabruzzo-de","13":"pa_vintage-18401","15":"first","16":"instock","17":"taxable","18":"shipping-taxable","19":"purchasable","20":"product-type-simple"},"bundled_by":[],"bundle_stock_status":"instock","bundle_stock_quantity":2,"bundle_virtual":false,"bundle_layout":"","bundle_add_to_cart_form_location":"","bundle_editable_in_cart":false,"bundle_sold_individually_context":"","bundle_item_grouping":"","bundle_min_size":"","bundle_max_size":"","bundle_price":[],"bundled_items":[],"bundle_sell_ids":[],"yoast_head":"<!-- This site is optimized with the Yoast SEO plugin v27.2 - https:\/\/yoast.com\/product\/yoast-seo-wordpress\/ -->\n<title>Buy Masciarelli Ris. Marina Cvetic Trebbiano d&#039;Abruzzo 2023 | FonsVinum<\/title>\n<meta name=\"description\" content=\"Masciarelli Ris. Marina Cvetic Trebbiano d&#039;Abruzzo 2023 -Fons Vinum- Masciarelli Ris. Marina Cvetic Trebbiano d&#039;Abruzzo 2019\" \/>\n<meta name=\"robots\" content=\"index, follow, max-snippet:-1, max-image-preview:large, max-video-preview:-1\" \/>\n<link rel=\"canonical\" href=\"https:\/\/fonsvinum.com\/de\/produkt\/masciarelli-ris-marina-cvetic-trebbiano-dabruzzo-2023\/\" \/>\n<meta property=\"og:locale\" content=\"de_DE\" \/>\n<meta property=\"og:type\" content=\"article\" \/>\n<meta property=\"og:title\" content=\"Buy Masciarelli Ris. Marina Cvetic Trebbiano d&#039;Abruzzo 2023 | FonsVinum\" \/>\n<meta property=\"og:description\" content=\"Masciarelli Ris. Marina Cvetic Trebbiano d&#039;Abruzzo 2023 -Fons Vinum- Masciarelli Ris. Marina Cvetic Trebbiano d&#039;Abruzzo 2019\" \/>\n<meta property=\"og:url\" content=\"https:\/\/fonsvinum.com\/de\/produkt\/masciarelli-ris-marina-cvetic-trebbiano-dabruzzo-2023\/\" \/>\n<meta property=\"og:site_name\" content=\"Fons Vinum\" \/>\n<meta property=\"article:modified_time\" content=\"2026-01-20T05:19:59+00:00\" \/>\n<meta property=\"og:image\" content=\"https:\/\/fonsvinum.com\/files\/2020\/10\/trebbiano-dabruzzo-ris-cvetic-masciarelli.jpg\" \/>\n\t<meta property=\"og:image:width\" content=\"200\" \/>\n\t<meta property=\"og:image:height\" content=\"600\" \/>\n\t<meta property=\"og:image:type\" content=\"image\/jpeg\" \/>\n<meta name=\"twitter:label1\" content=\"Gesch\u00e4tzte Lesezeit\" \/>\n\t<meta name=\"twitter:data1\" content=\"2\u00a0Minuten\" \/>\n<script type=\"application\/ld+json\" class=\"yoast-schema-graph\">{\"@context\":\"https:\/\/schema.org\",\"@graph\":[{\"@type\":\"WebPage\",\"@id\":\"https:\/\/fonsvinum.com\/de\/produkt\/masciarelli-ris-marina-cvetic-trebbiano-dabruzzo-2023\/\",\"url\":\"https:\/\/fonsvinum.com\/de\/produkt\/masciarelli-ris-marina-cvetic-trebbiano-dabruzzo-2023\/\",\"name\":\"Buy Masciarelli Ris. Marina Cvetic Trebbiano d'Abruzzo 2023 | FonsVinum\",\"isPartOf\":{\"@id\":\"https:\/\/fonsvinum.com\/en\/#website\"},\"primaryImageOfPage\":{\"@id\":\"https:\/\/fonsvinum.com\/de\/produkt\/masciarelli-ris-marina-cvetic-trebbiano-dabruzzo-2023\/#primaryimage\"},\"image\":{\"@id\":\"https:\/\/fonsvinum.com\/de\/produkt\/masciarelli-ris-marina-cvetic-trebbiano-dabruzzo-2023\/#primaryimage\"},\"thumbnailUrl\":\"https:\/\/fonsvinum.com\/files\/2020\/10\/trebbiano-dabruzzo-ris-cvetic-masciarelli.jpg\",\"datePublished\":\"2026-01-20T05:16:11+00:00\",\"dateModified\":\"2026-01-20T05:19:59+00:00\",\"description\":\"Masciarelli Ris. Marina Cvetic Trebbiano d'Abruzzo 2023 -Fons Vinum- Masciarelli Ris. Marina Cvetic Trebbiano d'Abruzzo 2019\",\"breadcrumb\":{\"@id\":\"https:\/\/fonsvinum.com\/de\/produkt\/masciarelli-ris-marina-cvetic-trebbiano-dabruzzo-2023\/#breadcrumb\"},\"inLanguage\":\"de\",\"potentialAction\":[{\"@type\":\"ReadAction\",\"target\":[\"https:\/\/fonsvinum.com\/de\/produkt\/masciarelli-ris-marina-cvetic-trebbiano-dabruzzo-2023\/\"]}]},{\"@type\":\"ImageObject\",\"inLanguage\":\"de\",\"@id\":\"https:\/\/fonsvinum.com\/de\/produkt\/masciarelli-ris-marina-cvetic-trebbiano-dabruzzo-2023\/#primaryimage\",\"url\":\"https:\/\/fonsvinum.com\/files\/2020\/10\/trebbiano-dabruzzo-ris-cvetic-masciarelli.jpg\",\"contentUrl\":\"https:\/\/fonsvinum.com\/files\/2020\/10\/trebbiano-dabruzzo-ris-cvetic-masciarelli.jpg\",\"width\":200,\"height\":600},{\"@type\":\"BreadcrumbList\",\"@id\":\"https:\/\/fonsvinum.com\/de\/produkt\/masciarelli-ris-marina-cvetic-trebbiano-dabruzzo-2023\/#breadcrumb\",\"itemListElement\":[{\"@type\":\"ListItem\",\"position\":1,\"name\":\"Startseite\",\"item\":\"https:\/\/fonsvinum.com\/de\/\"},{\"@type\":\"ListItem\",\"position\":2,\"name\":\"Shop\",\"item\":\"https:\/\/fonsvinum.com\/de\/shop\/\"},{\"@type\":\"ListItem\",\"position\":3,\"name\":\"Masciarelli Ris. Marina Cvetic Trebbiano d&#8217;Abruzzo 2023\"}]},{\"@type\":\"WebSite\",\"@id\":\"https:\/\/fonsvinum.com\/en\/#website\",\"url\":\"https:\/\/fonsvinum.com\/en\/\",\"name\":\"Fons Vinum\",\"description\":\"Vendita Vino Online\",\"publisher\":{\"@id\":\"https:\/\/fonsvinum.com\/en\/#organization\"},\"potentialAction\":[{\"@type\":\"SearchAction\",\"target\":{\"@type\":\"EntryPoint\",\"urlTemplate\":\"https:\/\/fonsvinum.com\/en\/?s={search_term_string}\"},\"query-input\":{\"@type\":\"PropertyValueSpecification\",\"valueRequired\":true,\"valueName\":\"search_term_string\"}}],\"inLanguage\":\"de\"},{\"@type\":\"Organization\",\"@id\":\"https:\/\/fonsvinum.com\/en\/#organization\",\"name\":\"Fons Vinum\",\"url\":\"https:\/\/fonsvinum.com\/en\/\",\"logo\":{\"@type\":\"ImageObject\",\"inLanguage\":\"de\",\"@id\":\"https:\/\/fonsvinum.com\/en\/#\/schema\/logo\/image\/\",\"url\":\"\",\"contentUrl\":\"\",\"caption\":\"Fons Vinum\"},\"image\":{\"@id\":\"https:\/\/fonsvinum.com\/en\/#\/schema\/logo\/image\/\"}}]}<\/script>\n<!-- \/ Yoast SEO plugin. -->","yoast_head_json":{"title":"Buy Masciarelli Ris. Marina Cvetic Trebbiano d'Abruzzo 2023 | FonsVinum","description":"Masciarelli Ris. Marina Cvetic Trebbiano d'Abruzzo 2023 -Fons Vinum- Masciarelli Ris. Marina Cvetic Trebbiano d'Abruzzo 2019","robots":{"index":"index","follow":"follow","max-snippet":"max-snippet:-1","max-image-preview":"max-image-preview:large","max-video-preview":"max-video-preview:-1"},"canonical":"https:\/\/fonsvinum.com\/de\/produkt\/masciarelli-ris-marina-cvetic-trebbiano-dabruzzo-2023\/","og_locale":"de_DE","og_type":"article","og_title":"Buy Masciarelli Ris. Marina Cvetic Trebbiano d'Abruzzo 2023 | FonsVinum","og_description":"Masciarelli Ris. Marina Cvetic Trebbiano d'Abruzzo 2023 -Fons Vinum- Masciarelli Ris. Marina Cvetic Trebbiano d'Abruzzo 2019","og_url":"https:\/\/fonsvinum.com\/de\/produkt\/masciarelli-ris-marina-cvetic-trebbiano-dabruzzo-2023\/","og_site_name":"Fons Vinum","article_modified_time":"2026-01-20T05:19:59+00:00","og_image":[{"width":200,"height":600,"url":"https:\/\/fonsvinum.com\/files\/2020\/10\/trebbiano-dabruzzo-ris-cvetic-masciarelli.jpg","type":"image\/jpeg"}],"twitter_misc":{"Gesch\u00e4tzte Lesezeit":"2\u00a0Minuten"},"schema":{"@context":"https:\/\/schema.org","@graph":[{"@type":"WebPage","@id":"https:\/\/fonsvinum.com\/de\/produkt\/masciarelli-ris-marina-cvetic-trebbiano-dabruzzo-2023\/","url":"https:\/\/fonsvinum.com\/de\/produkt\/masciarelli-ris-marina-cvetic-trebbiano-dabruzzo-2023\/","name":"Buy Masciarelli Ris. Marina Cvetic Trebbiano d'Abruzzo 2023 | FonsVinum","isPartOf":{"@id":"https:\/\/fonsvinum.com\/en\/#website"},"primaryImageOfPage":{"@id":"https:\/\/fonsvinum.com\/de\/produkt\/masciarelli-ris-marina-cvetic-trebbiano-dabruzzo-2023\/#primaryimage"},"image":{"@id":"https:\/\/fonsvinum.com\/de\/produkt\/masciarelli-ris-marina-cvetic-trebbiano-dabruzzo-2023\/#primaryimage"},"thumbnailUrl":"https:\/\/fonsvinum.com\/files\/2020\/10\/trebbiano-dabruzzo-ris-cvetic-masciarelli.jpg","datePublished":"2026-01-20T05:16:11+00:00","dateModified":"2026-01-20T05:19:59+00:00","description":"Masciarelli Ris. Marina Cvetic Trebbiano d'Abruzzo 2023 -Fons Vinum- Masciarelli Ris. Marina Cvetic Trebbiano d'Abruzzo 2019","breadcrumb":{"@id":"https:\/\/fonsvinum.com\/de\/produkt\/masciarelli-ris-marina-cvetic-trebbiano-dabruzzo-2023\/#breadcrumb"},"inLanguage":"de","potentialAction":[{"@type":"ReadAction","target":["https:\/\/fonsvinum.com\/de\/produkt\/masciarelli-ris-marina-cvetic-trebbiano-dabruzzo-2023\/"]}]},{"@type":"ImageObject","inLanguage":"de","@id":"https:\/\/fonsvinum.com\/de\/produkt\/masciarelli-ris-marina-cvetic-trebbiano-dabruzzo-2023\/#primaryimage","url":"https:\/\/fonsvinum.com\/files\/2020\/10\/trebbiano-dabruzzo-ris-cvetic-masciarelli.jpg","contentUrl":"https:\/\/fonsvinum.com\/files\/2020\/10\/trebbiano-dabruzzo-ris-cvetic-masciarelli.jpg","width":200,"height":600},{"@type":"BreadcrumbList","@id":"https:\/\/fonsvinum.com\/de\/produkt\/masciarelli-ris-marina-cvetic-trebbiano-dabruzzo-2023\/#breadcrumb","itemListElement":[{"@type":"ListItem","position":1,"name":"Startseite","item":"https:\/\/fonsvinum.com\/de\/"},{"@type":"ListItem","position":2,"name":"Shop","item":"https:\/\/fonsvinum.com\/de\/shop\/"},{"@type":"ListItem","position":3,"name":"Masciarelli Ris. Marina Cvetic Trebbiano d&#8217;Abruzzo 2023"}]},{"@type":"WebSite","@id":"https:\/\/fonsvinum.com\/en\/#website","url":"https:\/\/fonsvinum.com\/en\/","name":"Fons Vinum","description":"Vendita Vino Online","publisher":{"@id":"https:\/\/fonsvinum.com\/en\/#organization"},"potentialAction":[{"@type":"SearchAction","target":{"@type":"EntryPoint","urlTemplate":"https:\/\/fonsvinum.com\/en\/?s={search_term_string}"},"query-input":{"@type":"PropertyValueSpecification","valueRequired":true,"valueName":"search_term_string"}}],"inLanguage":"de"},{"@type":"Organization","@id":"https:\/\/fonsvinum.com\/en\/#organization","name":"Fons Vinum","url":"https:\/\/fonsvinum.com\/en\/","logo":{"@type":"ImageObject","inLanguage":"de","@id":"https:\/\/fonsvinum.com\/en\/#\/schema\/logo\/image\/","url":"","contentUrl":"","caption":"Fons Vinum"},"image":{"@id":"https:\/\/fonsvinum.com\/en\/#\/schema\/logo\/image\/"}}]}},"acf":[],"_links":{"self":[{"href":"https:\/\/fonsvinum.com\/de\/wp-json\/wp\/v2\/product\/48505","targetHints":{"allow":["GET"]}}],"collection":[{"href":"https:\/\/fonsvinum.com\/de\/wp-json\/wp\/v2\/product"}],"about":[{"href":"https:\/\/fonsvinum.com\/de\/wp-json\/wp\/v2\/types\/product"}],"replies":[{"embeddable":true,"href":"https:\/\/fonsvinum.com\/de\/wp-json\/wp\/v2\/comments?post=48505"}],"wp:featuredmedia":[{"embeddable":true,"href":"https:\/\/fonsvinum.com\/de\/wp-json\/wp\/v2\/media\/26884"}],"wp:attachment":[{"href":"https:\/\/fonsvinum.com\/de\/wp-json\/wp\/v2\/media?parent=48505"}],"wp:term":[{"taxonomy":"product_brand","embeddable":true,"href":"https:\/\/fonsvinum.com\/de\/wp-json\/wp\/v2\/product_brand?post=48505"},{"taxonomy":"product_cat","embeddable":true,"href":"https:\/\/fonsvinum.com\/de\/wp-json\/wp\/v2\/product_cat?post=48505"},{"taxonomy":"product_tag","embeddable":true,"href":"https:\/\/fonsvinum.com\/de\/wp-json\/wp\/v2\/product_tag?post=48505"}],"curies":[{"name":"wp","href":"https:\/\/api.w.org\/{rel}","templated":true}]}}