{"id":48439,"date":"2026-01-19T07:08:59","date_gmt":"2026-01-19T06:08:59","guid":{"rendered":"https:\/\/fonsvinum.com\/?post_type=product&#038;p=48439"},"modified":"2026-01-19T07:14:25","modified_gmt":"2026-01-19T06:14:25","slug":"valentini-trebbiano-dabruzzo-2019","status":"publish","type":"product","link":"https:\/\/fonsvinum.com\/de\/produkt\/valentini-trebbiano-dabruzzo-2019\/","title":{"rendered":"VALENTINI Trebbiano d&#8217;Abruzzo 2019"},"content":{"rendered":"<h2><a href=\"https:\/\/fonsvinum.com\/de\/attributes\/producer\/valentini-de\/\">VALENTINI<\/a> <a href=\"https:\/\/fonsvinum.com\/de\/?s=TREBBIANO&amp;post_type=product\">Trebbiano<\/a> d&#8217;Abruzzo 2019<\/h2>\n<p>VALENTINI <a href=\"https:\/\/www.shopinlanghe.com\/sellers?render_type=sellerview&amp;id_seller=5\">Trebbiano<\/a> d&#8217;Abruzzo<\/p>\n<div class=\"product--description\">\n<p>Das Weingut Valentini in den Abruzzen ist eine Legende und verfolgt eine ganz eigene Philosophie. Nachdem der Patriarch im Jahre 2006 verstarb, f\u00fchrt Francesco Paolo Valentini das Erbe weiter. Es gibt kaum \u00f6ffentliche Auftritte, wenig Pr\u00e4senz auf Weinmessen aber daf\u00fcr jede Menge Anerkennung und Hochachtung.<\/p>\n<p>Valentini beschr\u00e4nkt sich nach wie vor auf das Dreigestirn der Abruzzen: Trebbiano, Montepulciano und Cerasuolo. Sofern ein Jahrgang den hohen Anspr\u00fcchen Valentinis nicht entspricht, werden die Trauben verkauft. Liebhaber seiner Weine m\u00fcssen sich zuweilen mehrere Jahrg\u00e4nge gedulden, bis eine neuer Valentini das Licht der Welt erblickt.<\/p>\n<\/div>\n","protected":false},"excerpt":{"rendered":"<p>VALENTINI Trebbiano d&#8217;Abruzzo 2019 VALENTINI Trebbiano d&#8217;Abruzzo Das Weingut Valentini in den Abruzzen ist eine Legende und verfolgt eine ganz eigene Philosophie. Nachdem der Patriarch im Jahre 2006 verstarb, f\u00fchrt Francesco Paolo Valentini das Erbe weiter. Es gibt kaum \u00f6ffentliche Auftritte, wenig Pr\u00e4senz auf Weinmessen aber daf\u00fcr jede Menge Anerkennung und Hochachtung. Valentini beschr\u00e4nkt sich [&hellip;]<\/p>\n","protected":false},"featured_media":22218,"comment_status":"open","ping_status":"closed","template":"","meta":{"_acf_changed":false,"_monsterinsights_skip_tracking":false,"_monsterinsights_sitenote_active":false,"_monsterinsights_sitenote_note":"","_monsterinsights_sitenote_category":0},"product_brand":[],"product_cat":[2324],"product_tag":[17742],"class_list":{"0":"post-48439","1":"product","2":"type-product","3":"status-publish","4":"has-post-thumbnail","6":"product_cat-trebbiano-de","7":"product_tag-vino-bianco-de","8":"pa_appellation-trebbiano-dabruzzo-doc-de","9":"pa_formato-0-75-l-flasche-de","10":"pa_producer-valentini-de","11":"pa_region-abruzzen-de","12":"pa_vine-100-trebbiano-dabruzzo-de","13":"pa_vintage-2019-de","15":"first","16":"instock","17":"taxable","18":"shipping-taxable","19":"purchasable","20":"product-type-simple"},"bundled_by":[],"bundle_stock_status":"instock","bundle_stock_quantity":12,"bundle_virtual":false,"bundle_layout":"","bundle_add_to_cart_form_location":"","bundle_editable_in_cart":false,"bundle_sold_individually_context":"","bundle_item_grouping":"","bundle_min_size":"","bundle_max_size":"","bundle_price":[],"bundled_items":[],"bundle_sell_ids":[],"yoast_head":"<!-- This site is optimized with the Yoast SEO plugin v27.2 - https:\/\/yoast.com\/product\/yoast-seo-wordpress\/ -->\n<title>Kaufen online VALENTINI Trebbiano d&#039;Abruzzo 2019 | FonsVinum<\/title>\n<meta name=\"description\" content=\"VALENTINI Trebbiano d&#039;Abruzzo 2019 -Fons Vinum- Valentini beschr\u00e4nkt sich nach wie vor auf das Dreigestirn der Abruzzen: Trebbiano, Montepulciano, Cerasuolo\" \/>\n<meta name=\"robots\" content=\"index, follow, max-snippet:-1, max-image-preview:large, max-video-preview:-1\" \/>\n<link rel=\"canonical\" href=\"https:\/\/fonsvinum.com\/de\/produkt\/valentini-trebbiano-dabruzzo-2019\/\" \/>\n<meta property=\"og:locale\" content=\"de_DE\" \/>\n<meta property=\"og:type\" content=\"article\" \/>\n<meta property=\"og:title\" content=\"Kaufen online VALENTINI Trebbiano d&#039;Abruzzo 2019 | FonsVinum\" \/>\n<meta property=\"og:description\" content=\"VALENTINI Trebbiano d&#039;Abruzzo 2019 -Fons Vinum- Valentini beschr\u00e4nkt sich nach wie vor auf das Dreigestirn der Abruzzen: Trebbiano, Montepulciano, Cerasuolo\" \/>\n<meta property=\"og:url\" content=\"https:\/\/fonsvinum.com\/de\/produkt\/valentini-trebbiano-dabruzzo-2019\/\" \/>\n<meta property=\"og:site_name\" content=\"Fons Vinum\" \/>\n<meta property=\"article:modified_time\" content=\"2026-01-19T06:14:25+00:00\" \/>\n<meta property=\"og:image\" content=\"https:\/\/fonsvinum.com\/files\/2020\/02\/trebbiano-abruzzo-valentini.jpg\" \/>\n\t<meta property=\"og:image:width\" content=\"200\" \/>\n\t<meta property=\"og:image:height\" content=\"600\" \/>\n\t<meta property=\"og:image:type\" content=\"image\/jpeg\" \/>\n<meta name=\"twitter:label1\" content=\"Gesch\u00e4tzte Lesezeit\" \/>\n\t<meta name=\"twitter:data1\" content=\"1\u00a0Minute\" \/>\n<script type=\"application\/ld+json\" class=\"yoast-schema-graph\">{\"@context\":\"https:\/\/schema.org\",\"@graph\":[{\"@type\":\"WebPage\",\"@id\":\"https:\/\/fonsvinum.com\/de\/produkt\/valentini-trebbiano-dabruzzo-2019\/\",\"url\":\"https:\/\/fonsvinum.com\/de\/produkt\/valentini-trebbiano-dabruzzo-2019\/\",\"name\":\"Kaufen online VALENTINI Trebbiano d'Abruzzo 2019 | FonsVinum\",\"isPartOf\":{\"@id\":\"https:\/\/fonsvinum.com\/en\/#website\"},\"primaryImageOfPage\":{\"@id\":\"https:\/\/fonsvinum.com\/de\/produkt\/valentini-trebbiano-dabruzzo-2019\/#primaryimage\"},\"image\":{\"@id\":\"https:\/\/fonsvinum.com\/de\/produkt\/valentini-trebbiano-dabruzzo-2019\/#primaryimage\"},\"thumbnailUrl\":\"https:\/\/fonsvinum.com\/files\/2020\/02\/trebbiano-abruzzo-valentini.jpg\",\"datePublished\":\"2026-01-19T06:08:59+00:00\",\"dateModified\":\"2026-01-19T06:14:25+00:00\",\"description\":\"VALENTINI Trebbiano d'Abruzzo 2019 -Fons Vinum- Valentini beschr\u00e4nkt sich nach wie vor auf das Dreigestirn der Abruzzen: Trebbiano, Montepulciano, Cerasuolo\",\"breadcrumb\":{\"@id\":\"https:\/\/fonsvinum.com\/de\/produkt\/valentini-trebbiano-dabruzzo-2019\/#breadcrumb\"},\"inLanguage\":\"de\",\"potentialAction\":[{\"@type\":\"ReadAction\",\"target\":[\"https:\/\/fonsvinum.com\/de\/produkt\/valentini-trebbiano-dabruzzo-2019\/\"]}]},{\"@type\":\"ImageObject\",\"inLanguage\":\"de\",\"@id\":\"https:\/\/fonsvinum.com\/de\/produkt\/valentini-trebbiano-dabruzzo-2019\/#primaryimage\",\"url\":\"https:\/\/fonsvinum.com\/files\/2020\/02\/trebbiano-abruzzo-valentini.jpg\",\"contentUrl\":\"https:\/\/fonsvinum.com\/files\/2020\/02\/trebbiano-abruzzo-valentini.jpg\",\"width\":200,\"height\":600},{\"@type\":\"BreadcrumbList\",\"@id\":\"https:\/\/fonsvinum.com\/de\/produkt\/valentini-trebbiano-dabruzzo-2019\/#breadcrumb\",\"itemListElement\":[{\"@type\":\"ListItem\",\"position\":1,\"name\":\"Startseite\",\"item\":\"https:\/\/fonsvinum.com\/de\/\"},{\"@type\":\"ListItem\",\"position\":2,\"name\":\"Shop\",\"item\":\"https:\/\/fonsvinum.com\/de\/shop\/\"},{\"@type\":\"ListItem\",\"position\":3,\"name\":\"VALENTINI Trebbiano d&#8217;Abruzzo 2019\"}]},{\"@type\":\"WebSite\",\"@id\":\"https:\/\/fonsvinum.com\/en\/#website\",\"url\":\"https:\/\/fonsvinum.com\/en\/\",\"name\":\"Fons Vinum\",\"description\":\"Vendita Vino Online\",\"publisher\":{\"@id\":\"https:\/\/fonsvinum.com\/en\/#organization\"},\"potentialAction\":[{\"@type\":\"SearchAction\",\"target\":{\"@type\":\"EntryPoint\",\"urlTemplate\":\"https:\/\/fonsvinum.com\/en\/?s={search_term_string}\"},\"query-input\":{\"@type\":\"PropertyValueSpecification\",\"valueRequired\":true,\"valueName\":\"search_term_string\"}}],\"inLanguage\":\"de\"},{\"@type\":\"Organization\",\"@id\":\"https:\/\/fonsvinum.com\/en\/#organization\",\"name\":\"Fons Vinum\",\"url\":\"https:\/\/fonsvinum.com\/en\/\",\"logo\":{\"@type\":\"ImageObject\",\"inLanguage\":\"de\",\"@id\":\"https:\/\/fonsvinum.com\/en\/#\/schema\/logo\/image\/\",\"url\":\"\",\"contentUrl\":\"\",\"caption\":\"Fons Vinum\"},\"image\":{\"@id\":\"https:\/\/fonsvinum.com\/en\/#\/schema\/logo\/image\/\"}}]}<\/script>\n<!-- \/ Yoast SEO plugin. -->","yoast_head_json":{"title":"Kaufen online VALENTINI Trebbiano d'Abruzzo 2019 | FonsVinum","description":"VALENTINI Trebbiano d'Abruzzo 2019 -Fons Vinum- Valentini beschr\u00e4nkt sich nach wie vor auf das Dreigestirn der Abruzzen: Trebbiano, Montepulciano, Cerasuolo","robots":{"index":"index","follow":"follow","max-snippet":"max-snippet:-1","max-image-preview":"max-image-preview:large","max-video-preview":"max-video-preview:-1"},"canonical":"https:\/\/fonsvinum.com\/de\/produkt\/valentini-trebbiano-dabruzzo-2019\/","og_locale":"de_DE","og_type":"article","og_title":"Kaufen online VALENTINI Trebbiano d'Abruzzo 2019 | FonsVinum","og_description":"VALENTINI Trebbiano d'Abruzzo 2019 -Fons Vinum- Valentini beschr\u00e4nkt sich nach wie vor auf das Dreigestirn der Abruzzen: Trebbiano, Montepulciano, Cerasuolo","og_url":"https:\/\/fonsvinum.com\/de\/produkt\/valentini-trebbiano-dabruzzo-2019\/","og_site_name":"Fons Vinum","article_modified_time":"2026-01-19T06:14:25+00:00","og_image":[{"width":200,"height":600,"url":"https:\/\/fonsvinum.com\/files\/2020\/02\/trebbiano-abruzzo-valentini.jpg","type":"image\/jpeg"}],"twitter_misc":{"Gesch\u00e4tzte Lesezeit":"1\u00a0Minute"},"schema":{"@context":"https:\/\/schema.org","@graph":[{"@type":"WebPage","@id":"https:\/\/fonsvinum.com\/de\/produkt\/valentini-trebbiano-dabruzzo-2019\/","url":"https:\/\/fonsvinum.com\/de\/produkt\/valentini-trebbiano-dabruzzo-2019\/","name":"Kaufen online VALENTINI Trebbiano d'Abruzzo 2019 | FonsVinum","isPartOf":{"@id":"https:\/\/fonsvinum.com\/en\/#website"},"primaryImageOfPage":{"@id":"https:\/\/fonsvinum.com\/de\/produkt\/valentini-trebbiano-dabruzzo-2019\/#primaryimage"},"image":{"@id":"https:\/\/fonsvinum.com\/de\/produkt\/valentini-trebbiano-dabruzzo-2019\/#primaryimage"},"thumbnailUrl":"https:\/\/fonsvinum.com\/files\/2020\/02\/trebbiano-abruzzo-valentini.jpg","datePublished":"2026-01-19T06:08:59+00:00","dateModified":"2026-01-19T06:14:25+00:00","description":"VALENTINI Trebbiano d'Abruzzo 2019 -Fons Vinum- Valentini beschr\u00e4nkt sich nach wie vor auf das Dreigestirn der Abruzzen: Trebbiano, Montepulciano, Cerasuolo","breadcrumb":{"@id":"https:\/\/fonsvinum.com\/de\/produkt\/valentini-trebbiano-dabruzzo-2019\/#breadcrumb"},"inLanguage":"de","potentialAction":[{"@type":"ReadAction","target":["https:\/\/fonsvinum.com\/de\/produkt\/valentini-trebbiano-dabruzzo-2019\/"]}]},{"@type":"ImageObject","inLanguage":"de","@id":"https:\/\/fonsvinum.com\/de\/produkt\/valentini-trebbiano-dabruzzo-2019\/#primaryimage","url":"https:\/\/fonsvinum.com\/files\/2020\/02\/trebbiano-abruzzo-valentini.jpg","contentUrl":"https:\/\/fonsvinum.com\/files\/2020\/02\/trebbiano-abruzzo-valentini.jpg","width":200,"height":600},{"@type":"BreadcrumbList","@id":"https:\/\/fonsvinum.com\/de\/produkt\/valentini-trebbiano-dabruzzo-2019\/#breadcrumb","itemListElement":[{"@type":"ListItem","position":1,"name":"Startseite","item":"https:\/\/fonsvinum.com\/de\/"},{"@type":"ListItem","position":2,"name":"Shop","item":"https:\/\/fonsvinum.com\/de\/shop\/"},{"@type":"ListItem","position":3,"name":"VALENTINI Trebbiano d&#8217;Abruzzo 2019"}]},{"@type":"WebSite","@id":"https:\/\/fonsvinum.com\/en\/#website","url":"https:\/\/fonsvinum.com\/en\/","name":"Fons Vinum","description":"Vendita Vino Online","publisher":{"@id":"https:\/\/fonsvinum.com\/en\/#organization"},"potentialAction":[{"@type":"SearchAction","target":{"@type":"EntryPoint","urlTemplate":"https:\/\/fonsvinum.com\/en\/?s={search_term_string}"},"query-input":{"@type":"PropertyValueSpecification","valueRequired":true,"valueName":"search_term_string"}}],"inLanguage":"de"},{"@type":"Organization","@id":"https:\/\/fonsvinum.com\/en\/#organization","name":"Fons Vinum","url":"https:\/\/fonsvinum.com\/en\/","logo":{"@type":"ImageObject","inLanguage":"de","@id":"https:\/\/fonsvinum.com\/en\/#\/schema\/logo\/image\/","url":"","contentUrl":"","caption":"Fons Vinum"},"image":{"@id":"https:\/\/fonsvinum.com\/en\/#\/schema\/logo\/image\/"}}]}},"acf":[],"_links":{"self":[{"href":"https:\/\/fonsvinum.com\/de\/wp-json\/wp\/v2\/product\/48439","targetHints":{"allow":["GET"]}}],"collection":[{"href":"https:\/\/fonsvinum.com\/de\/wp-json\/wp\/v2\/product"}],"about":[{"href":"https:\/\/fonsvinum.com\/de\/wp-json\/wp\/v2\/types\/product"}],"replies":[{"embeddable":true,"href":"https:\/\/fonsvinum.com\/de\/wp-json\/wp\/v2\/comments?post=48439"}],"wp:featuredmedia":[{"embeddable":true,"href":"https:\/\/fonsvinum.com\/de\/wp-json\/wp\/v2\/media\/22218"}],"wp:attachment":[{"href":"https:\/\/fonsvinum.com\/de\/wp-json\/wp\/v2\/media?parent=48439"}],"wp:term":[{"taxonomy":"product_brand","embeddable":true,"href":"https:\/\/fonsvinum.com\/de\/wp-json\/wp\/v2\/product_brand?post=48439"},{"taxonomy":"product_cat","embeddable":true,"href":"https:\/\/fonsvinum.com\/de\/wp-json\/wp\/v2\/product_cat?post=48439"},{"taxonomy":"product_tag","embeddable":true,"href":"https:\/\/fonsvinum.com\/de\/wp-json\/wp\/v2\/product_tag?post=48439"}],"curies":[{"name":"wp","href":"https:\/\/api.w.org\/{rel}","templated":true}]}}