{"id":48413,"date":"2026-01-16T12:28:59","date_gmt":"2026-01-16T11:28:59","guid":{"rendered":"https:\/\/fonsvinum.com\/?post_type=product&#038;p=48413"},"modified":"2026-01-20T05:56:55","modified_gmt":"2026-01-20T04:56:55","slug":"merendasinoira-sapel-nebbiolo-2023","status":"publish","type":"product","link":"https:\/\/fonsvinum.com\/de\/produkt\/merendasinoira-sapel-nebbiolo-2023\/","title":{"rendered":"MERENDASINOIRA Sap\u00e8l Nebbiolo 2023"},"content":{"rendered":"<h1>MERENDASINOIRA Sap\u00e8l <a href=\"https:\/\/fonsvinum.com\/de\/?s=nebbiolo&amp;post_type=product\">Nebbiolo<\/a><\/h1>\n<p>Merendasinoira entstand aus dem Wunsch dreier junger Freunde, ihre Leidenschaft f\u00fcr ihre Heimat mit ihren Kunden zu teilen.<\/p>\n<p>Drei junge Freunde, geboren im Herzen der Langhe, wuchsen mit den hausgemachten Tajarin-Nudeln und dem ebenfalls hausgemachten Rotwein ihrer Gro\u00dfmutter auf \u2013 jener Sorte, die nach zwei Gl\u00e4sern die Lippen tiefviolett f\u00e4rbt.<\/p>\n<p>Die Berufung unserer Gro\u00dfeltern zum Weinbau wurde uns so sehr vererbt, dass wir nach unserem Abschluss in Weinbau und \u00d6nologie diesen Weg zu unserem Beruf machten.<\/p>\n<p>Die Zeit, die wir inmitten unserer sanften H\u00fcgel verbrachten, die Arbeit in den Weinbergen im Rhythmus der Sonne, die intensiven Tage der Weinlese und die herzliche, famili\u00e4re Atmosph\u00e4re, haben eine unzerbrechliche Verbindung zwischen unseren Seelen und dem Land der Langhe geschaffen.<\/p>\n<p>So entstand die Idee, das Potenzial unserer Region zu f\u00f6rdern, im festen Glauben, unser Publikum begeistern und ihm kulinarische Erlebnisse bieten zu k\u00f6nnen, die die Tradition und das Erbe unserer Vorfahren respektieren.<\/p>\n<p>Wir m\u00f6chten die Geselligkeit vermitteln, die die Bewohner der Langhe seit jeher auszeichnet: einfache, authentische Menschen, die stets bereit sind, eine festliche Atmosph\u00e4re an einem reich gedeckten Tisch zu schaffen.<\/p>\n<h3>Sap\u00e8l Langhe DOC Nebbiolo<\/h3>\n<p>Sap\u00e8l ist ein piemontesischer Dialektausdruck und bezeichnet den Eingang zum Weinberg, das zum Weingut geh\u00f6rende Grundst\u00fcck. Wir haben diesen Namen f\u00fcr unseren ersten Wein gew\u00e4hlt, weil er f\u00fcr uns den pers\u00f6nlichen Einstieg in die Welt des Weinbaus symbolisiert.<\/p>\n<p>Wir haben uns entschieden, einen Langhe Nebbiolo nach unserer Interpretation der Tradition zu keltern \u2013 einen Wein, der Kenner und Einsteiger gleicherma\u00dfen begeistern wird, niemals banal, aber dennoch unkompliziert und ein Begleiter f\u00fcr Ihre sch\u00f6nsten Tage.<\/p>\n<p>Alle Arbeiten im Weinberg werden von Hand ausgef\u00fchrt; Pflanzenschutzma\u00dfnahmen werden auf die Standards des \u00f6kologischen Landbaus umgestellt und auf ein Minimum beschr\u00e4nkt. Die Weinherstellung folgt der Tradition; der Most bleibt etwa f\u00fcnfzehn Tage auf den Schalen. Die Delestage-Technik wird angewendet, um die Freisetzung von Polyphenolen zu f\u00f6rdern und den Wein optimal mit Sauerstoff anzureichern.<\/p>\n<p>Der Wein reift etwa sechs Monate in gro\u00dfen Eichenf\u00e4ssern mit einem Fassungsverm\u00f6gen von 20 Hektar.<\/p>\n<h3>-Verkostungsnotizen-<\/h3>\n<p>Farbe: Strahlendes, helles Rubinrot mit eleganten orangen Reflexen.<\/p>\n<p>Aroma: Intensiv und frisch, harmonisch ausbalanciert mit Ankl\u00e4ngen von Unterholz, Gew\u00fcrzen und Holz, angenehm und einladend, mit Aromen reifer roter Fr\u00fcchte.<\/p>\n<p>Geschmack: Elegant und komplex, sehr ausgewogen, mit reifen, s\u00fc\u00dfen und runden Tanninen, die in einem langen, angenehmen und samtigen Abgang m\u00fcnden.<\/p>\n<h3>-Speisenempfehlungen-<\/h3>\n<p>Ein gut strukturierter Wein, der sich hervorragend als Aperitif w\u00e4hrend des gesamten Men\u00fcs eignet. Dieser Nebbiolo harmoniert besonders gut mit Hauptgerichten mit rotem oder wei\u00dfem Fleisch oder mittelgereiftem K\u00e4se.<\/p>\n","protected":false},"excerpt":{"rendered":"<p>MERENDASINOIRA Sap\u00e8l Nebbiolo Merendasinoira entstand aus dem Wunsch dreier junger Freunde, ihre Leidenschaft f\u00fcr ihre Heimat mit ihren Kunden zu teilen. Drei junge Freunde, geboren im Herzen der Langhe, wuchsen mit den hausgemachten Tajarin-Nudeln und dem ebenfalls hausgemachten Rotwein ihrer Gro\u00dfmutter auf \u2013 jener Sorte, die nach zwei Gl\u00e4sern die Lippen tiefviolett f\u00e4rbt. Die Berufung [&hellip;]<\/p>\n","protected":false},"featured_media":29552,"comment_status":"open","ping_status":"closed","template":"","meta":{"_acf_changed":false,"_monsterinsights_skip_tracking":false,"_monsterinsights_sitenote_active":false,"_monsterinsights_sitenote_note":"","_monsterinsights_sitenote_category":0},"product_brand":[],"product_cat":[2356],"product_tag":[2418,15941,15893,15959],"class_list":{"0":"post-48413","1":"product","2":"type-product","3":"status-publish","4":"has-post-thumbnail","6":"product_cat-nebbiolo-de","7":"product_tag-kleine-weinzeuger-de","8":"product_tag-nebbiolo-de","9":"product_tag-piemonte-de","10":"product_tag-vino-rosso-de","11":"pa_appellation-langhe-nebbiolo-doc-de","12":"pa_formato-0-75-l-flasche-de","13":"pa_producer-merendasinoira-de","14":"pa_region-piemont-de","15":"pa_vine-100-nebbiolo-de","16":"pa_vintage-18401","18":"first","19":"instock","20":"taxable","21":"shipping-taxable","22":"purchasable","23":"product-type-simple"},"bundled_by":[],"bundle_stock_status":"instock","bundle_stock_quantity":12,"bundle_virtual":false,"bundle_layout":"","bundle_add_to_cart_form_location":"","bundle_editable_in_cart":false,"bundle_sold_individually_context":"","bundle_item_grouping":"","bundle_min_size":"","bundle_max_size":"","bundle_price":[],"bundled_items":[],"bundle_sell_ids":[],"yoast_head":"<!-- This site is optimized with the Yoast SEO plugin v27.2 - https:\/\/yoast.com\/product\/yoast-seo-wordpress\/ -->\n<title>Buy on line MERENDASINOIRA Sap\u00e8l Nebbiolo<\/title>\n<meta name=\"description\" content=\"MERENDASINOIRA Sap\u00e8l Nebbiolo-Fons Vinum-\" \/>\n<meta name=\"robots\" content=\"index, follow, max-snippet:-1, max-image-preview:large, max-video-preview:-1\" \/>\n<link rel=\"canonical\" href=\"https:\/\/fonsvinum.com\/de\/produkt\/merendasinoira-sapel-nebbiolo-2023\/\" \/>\n<meta property=\"og:locale\" content=\"de_DE\" \/>\n<meta property=\"og:type\" content=\"article\" \/>\n<meta property=\"og:title\" content=\"Buy on line MERENDASINOIRA Sap\u00e8l Nebbiolo\" \/>\n<meta property=\"og:description\" content=\"MERENDASINOIRA Sap\u00e8l Nebbiolo-Fons Vinum-\" \/>\n<meta property=\"og:url\" content=\"https:\/\/fonsvinum.com\/de\/produkt\/merendasinoira-sapel-nebbiolo-2023\/\" \/>\n<meta property=\"og:site_name\" content=\"Fons Vinum\" \/>\n<meta property=\"article:modified_time\" content=\"2026-01-20T04:56:55+00:00\" \/>\n<meta property=\"og:image\" content=\"https:\/\/fonsvinum.com\/files\/2021\/02\/merendasinoira-nebbiolo-sapel.jpg\" \/>\n\t<meta property=\"og:image:width\" content=\"200\" \/>\n\t<meta property=\"og:image:height\" content=\"600\" \/>\n\t<meta property=\"og:image:type\" content=\"image\/jpeg\" \/>\n<meta name=\"twitter:label1\" content=\"Gesch\u00e4tzte Lesezeit\" \/>\n\t<meta name=\"twitter:data1\" content=\"3\u00a0Minuten\" \/>\n<script type=\"application\/ld+json\" class=\"yoast-schema-graph\">{\"@context\":\"https:\/\/schema.org\",\"@graph\":[{\"@type\":\"WebPage\",\"@id\":\"https:\/\/fonsvinum.com\/de\/produkt\/merendasinoira-sapel-nebbiolo-2023\/\",\"url\":\"https:\/\/fonsvinum.com\/de\/produkt\/merendasinoira-sapel-nebbiolo-2023\/\",\"name\":\"Buy on line MERENDASINOIRA Sap\u00e8l Nebbiolo\",\"isPartOf\":{\"@id\":\"https:\/\/fonsvinum.com\/en\/#website\"},\"primaryImageOfPage\":{\"@id\":\"https:\/\/fonsvinum.com\/de\/produkt\/merendasinoira-sapel-nebbiolo-2023\/#primaryimage\"},\"image\":{\"@id\":\"https:\/\/fonsvinum.com\/de\/produkt\/merendasinoira-sapel-nebbiolo-2023\/#primaryimage\"},\"thumbnailUrl\":\"https:\/\/fonsvinum.com\/files\/2021\/02\/merendasinoira-nebbiolo-sapel.jpg\",\"datePublished\":\"2026-01-16T11:28:59+00:00\",\"dateModified\":\"2026-01-20T04:56:55+00:00\",\"description\":\"MERENDASINOIRA Sap\u00e8l Nebbiolo-Fons Vinum-\",\"breadcrumb\":{\"@id\":\"https:\/\/fonsvinum.com\/de\/produkt\/merendasinoira-sapel-nebbiolo-2023\/#breadcrumb\"},\"inLanguage\":\"de\",\"potentialAction\":[{\"@type\":\"ReadAction\",\"target\":[\"https:\/\/fonsvinum.com\/de\/produkt\/merendasinoira-sapel-nebbiolo-2023\/\"]}]},{\"@type\":\"ImageObject\",\"inLanguage\":\"de\",\"@id\":\"https:\/\/fonsvinum.com\/de\/produkt\/merendasinoira-sapel-nebbiolo-2023\/#primaryimage\",\"url\":\"https:\/\/fonsvinum.com\/files\/2021\/02\/merendasinoira-nebbiolo-sapel.jpg\",\"contentUrl\":\"https:\/\/fonsvinum.com\/files\/2021\/02\/merendasinoira-nebbiolo-sapel.jpg\",\"width\":200,\"height\":600},{\"@type\":\"BreadcrumbList\",\"@id\":\"https:\/\/fonsvinum.com\/de\/produkt\/merendasinoira-sapel-nebbiolo-2023\/#breadcrumb\",\"itemListElement\":[{\"@type\":\"ListItem\",\"position\":1,\"name\":\"Startseite\",\"item\":\"https:\/\/fonsvinum.com\/de\/\"},{\"@type\":\"ListItem\",\"position\":2,\"name\":\"Shop\",\"item\":\"https:\/\/fonsvinum.com\/de\/shop\/\"},{\"@type\":\"ListItem\",\"position\":3,\"name\":\"MERENDASINOIRA Sap\u00e8l Nebbiolo 2023\"}]},{\"@type\":\"WebSite\",\"@id\":\"https:\/\/fonsvinum.com\/en\/#website\",\"url\":\"https:\/\/fonsvinum.com\/en\/\",\"name\":\"Fons Vinum\",\"description\":\"Vendita Vino Online\",\"publisher\":{\"@id\":\"https:\/\/fonsvinum.com\/en\/#organization\"},\"potentialAction\":[{\"@type\":\"SearchAction\",\"target\":{\"@type\":\"EntryPoint\",\"urlTemplate\":\"https:\/\/fonsvinum.com\/en\/?s={search_term_string}\"},\"query-input\":{\"@type\":\"PropertyValueSpecification\",\"valueRequired\":true,\"valueName\":\"search_term_string\"}}],\"inLanguage\":\"de\"},{\"@type\":\"Organization\",\"@id\":\"https:\/\/fonsvinum.com\/en\/#organization\",\"name\":\"Fons Vinum\",\"url\":\"https:\/\/fonsvinum.com\/en\/\",\"logo\":{\"@type\":\"ImageObject\",\"inLanguage\":\"de\",\"@id\":\"https:\/\/fonsvinum.com\/en\/#\/schema\/logo\/image\/\",\"url\":\"\",\"contentUrl\":\"\",\"caption\":\"Fons Vinum\"},\"image\":{\"@id\":\"https:\/\/fonsvinum.com\/en\/#\/schema\/logo\/image\/\"}}]}<\/script>\n<!-- \/ Yoast SEO plugin. -->","yoast_head_json":{"title":"Buy on line MERENDASINOIRA Sap\u00e8l Nebbiolo","description":"MERENDASINOIRA Sap\u00e8l Nebbiolo-Fons Vinum-","robots":{"index":"index","follow":"follow","max-snippet":"max-snippet:-1","max-image-preview":"max-image-preview:large","max-video-preview":"max-video-preview:-1"},"canonical":"https:\/\/fonsvinum.com\/de\/produkt\/merendasinoira-sapel-nebbiolo-2023\/","og_locale":"de_DE","og_type":"article","og_title":"Buy on line MERENDASINOIRA Sap\u00e8l Nebbiolo","og_description":"MERENDASINOIRA Sap\u00e8l Nebbiolo-Fons Vinum-","og_url":"https:\/\/fonsvinum.com\/de\/produkt\/merendasinoira-sapel-nebbiolo-2023\/","og_site_name":"Fons Vinum","article_modified_time":"2026-01-20T04:56:55+00:00","og_image":[{"width":200,"height":600,"url":"https:\/\/fonsvinum.com\/files\/2021\/02\/merendasinoira-nebbiolo-sapel.jpg","type":"image\/jpeg"}],"twitter_misc":{"Gesch\u00e4tzte Lesezeit":"3\u00a0Minuten"},"schema":{"@context":"https:\/\/schema.org","@graph":[{"@type":"WebPage","@id":"https:\/\/fonsvinum.com\/de\/produkt\/merendasinoira-sapel-nebbiolo-2023\/","url":"https:\/\/fonsvinum.com\/de\/produkt\/merendasinoira-sapel-nebbiolo-2023\/","name":"Buy on line MERENDASINOIRA Sap\u00e8l Nebbiolo","isPartOf":{"@id":"https:\/\/fonsvinum.com\/en\/#website"},"primaryImageOfPage":{"@id":"https:\/\/fonsvinum.com\/de\/produkt\/merendasinoira-sapel-nebbiolo-2023\/#primaryimage"},"image":{"@id":"https:\/\/fonsvinum.com\/de\/produkt\/merendasinoira-sapel-nebbiolo-2023\/#primaryimage"},"thumbnailUrl":"https:\/\/fonsvinum.com\/files\/2021\/02\/merendasinoira-nebbiolo-sapel.jpg","datePublished":"2026-01-16T11:28:59+00:00","dateModified":"2026-01-20T04:56:55+00:00","description":"MERENDASINOIRA Sap\u00e8l Nebbiolo-Fons Vinum-","breadcrumb":{"@id":"https:\/\/fonsvinum.com\/de\/produkt\/merendasinoira-sapel-nebbiolo-2023\/#breadcrumb"},"inLanguage":"de","potentialAction":[{"@type":"ReadAction","target":["https:\/\/fonsvinum.com\/de\/produkt\/merendasinoira-sapel-nebbiolo-2023\/"]}]},{"@type":"ImageObject","inLanguage":"de","@id":"https:\/\/fonsvinum.com\/de\/produkt\/merendasinoira-sapel-nebbiolo-2023\/#primaryimage","url":"https:\/\/fonsvinum.com\/files\/2021\/02\/merendasinoira-nebbiolo-sapel.jpg","contentUrl":"https:\/\/fonsvinum.com\/files\/2021\/02\/merendasinoira-nebbiolo-sapel.jpg","width":200,"height":600},{"@type":"BreadcrumbList","@id":"https:\/\/fonsvinum.com\/de\/produkt\/merendasinoira-sapel-nebbiolo-2023\/#breadcrumb","itemListElement":[{"@type":"ListItem","position":1,"name":"Startseite","item":"https:\/\/fonsvinum.com\/de\/"},{"@type":"ListItem","position":2,"name":"Shop","item":"https:\/\/fonsvinum.com\/de\/shop\/"},{"@type":"ListItem","position":3,"name":"MERENDASINOIRA Sap\u00e8l Nebbiolo 2023"}]},{"@type":"WebSite","@id":"https:\/\/fonsvinum.com\/en\/#website","url":"https:\/\/fonsvinum.com\/en\/","name":"Fons Vinum","description":"Vendita Vino Online","publisher":{"@id":"https:\/\/fonsvinum.com\/en\/#organization"},"potentialAction":[{"@type":"SearchAction","target":{"@type":"EntryPoint","urlTemplate":"https:\/\/fonsvinum.com\/en\/?s={search_term_string}"},"query-input":{"@type":"PropertyValueSpecification","valueRequired":true,"valueName":"search_term_string"}}],"inLanguage":"de"},{"@type":"Organization","@id":"https:\/\/fonsvinum.com\/en\/#organization","name":"Fons Vinum","url":"https:\/\/fonsvinum.com\/en\/","logo":{"@type":"ImageObject","inLanguage":"de","@id":"https:\/\/fonsvinum.com\/en\/#\/schema\/logo\/image\/","url":"","contentUrl":"","caption":"Fons Vinum"},"image":{"@id":"https:\/\/fonsvinum.com\/en\/#\/schema\/logo\/image\/"}}]}},"acf":[],"_links":{"self":[{"href":"https:\/\/fonsvinum.com\/de\/wp-json\/wp\/v2\/product\/48413","targetHints":{"allow":["GET"]}}],"collection":[{"href":"https:\/\/fonsvinum.com\/de\/wp-json\/wp\/v2\/product"}],"about":[{"href":"https:\/\/fonsvinum.com\/de\/wp-json\/wp\/v2\/types\/product"}],"replies":[{"embeddable":true,"href":"https:\/\/fonsvinum.com\/de\/wp-json\/wp\/v2\/comments?post=48413"}],"wp:featuredmedia":[{"embeddable":true,"href":"https:\/\/fonsvinum.com\/de\/wp-json\/wp\/v2\/media\/29552"}],"wp:attachment":[{"href":"https:\/\/fonsvinum.com\/de\/wp-json\/wp\/v2\/media?parent=48413"}],"wp:term":[{"taxonomy":"product_brand","embeddable":true,"href":"https:\/\/fonsvinum.com\/de\/wp-json\/wp\/v2\/product_brand?post=48413"},{"taxonomy":"product_cat","embeddable":true,"href":"https:\/\/fonsvinum.com\/de\/wp-json\/wp\/v2\/product_cat?post=48413"},{"taxonomy":"product_tag","embeddable":true,"href":"https:\/\/fonsvinum.com\/de\/wp-json\/wp\/v2\/product_tag?post=48413"}],"curies":[{"name":"wp","href":"https:\/\/api.w.org\/{rel}","templated":true}]}}