{"id":48381,"date":"2026-01-15T15:48:53","date_gmt":"2026-01-15T14:48:53","guid":{"rendered":"https:\/\/fonsvinum.com\/?post_type=product&#038;p=48381"},"modified":"2026-01-15T16:14:39","modified_gmt":"2026-01-15T15:14:39","slug":"marchesi-antinori-bramito-della-sala-chardonnay-2024","status":"publish","type":"product","link":"https:\/\/fonsvinum.com\/de\/produkt\/marchesi-antinori-bramito-della-sala-chardonnay-2024\/","title":{"rendered":"MARCHESI ANTINORI Bramito della Sala Chardonnay 2024"},"content":{"rendered":"<h2>MARCHESI ANTINORI Bramito della Sala Chardonnay 2024<\/h2>\n<h2><a href=\"https:\/\/fonsvinum.com\/de\/shop\/\">MARCHESI ANTINORI<\/a><\/h2>\n<h3 class=\"heading heading--h3 text-animated text-animated--active\">-Eine 26 Generationen lang Leidenschaft-<\/h3>\n<p class=\"article paragraph text-animated text-animated--active\">Die Familie Antinori widmet sich der Weinproduktion seit \u00fcber sechshundert Jahren: seit dem Jahre 1385, als Giovanni di Piero Antinori in die Florentiner Zunft der Winzer und Weinh\u00e4ndler eintritt. W\u00e4hrend ihrer gesamten langen Geschichte \u00fcber 26 Generationen hat die Familie das Gesch\u00e4ft stets direkt geleitet und innovative und oft mutige Entscheidungen getroffen, ohne jemals die Traditionen und die Region aus dem Blick zu verlieren.<\/p>\n<h3 class=\"heading heading--h3 text-animated text-animated--active\">-Historische Wurzeln-<\/h3>\n<p class=\"article paragraph text-animated text-animated--active\">Jeder Jahrgang, jeder Boden, jede Idee, die verwirklicht werden soll, ist ein neuer Anfang, ein neuer Versuch, das Qualit\u00e4tsniveau noch weiter zu steigern. Wie Marchese Piero gerne sagt: &#8222;Unsere Wurzeln spielen eine gro\u00dfe Rolle in unserer Unternehmensphilosophie, sie haben jedoch nie unseren Innovationsgeist gehemmt&#8220;.<\/p>\n<h2><a href=\"https:\/\/fonsvinum.com\/de\/?s=CHARDONNAY&amp;post_type=product\">CHARDONNAY<\/a> BRAMITO<\/h2>\n<p class=\"article paragraph \">Bramito entsteht auf den Weinbergen des alten Kastells von Castello della Sala, wenige Kilometer von Orvieto entfernt. Die Rebsorte Chardonnay findet auf diesem besonderen Terroir mit B\u00f6den mit fossilen Sedimenten und Toneinsprengseln einen Ausdruck von ausgepr\u00e4gter Mineralit\u00e4t und Eleganz.<\/p>\n<p class=\"article paragraph \">Der erste erzeugte Jahrgang des Bramito war 1994.<\/p>\n<h3>Klima<\/h3>\n<p>Der Jahrgang 2024 war gepr\u00e4gt von ausgewogenem Klima mit einem milden Winter und Niederschl\u00e4gen in der Norm. Diese Bedingungen erm\u00f6glichten die Bildung guter Wasserreserven im Boden, weder im \u00dcberfluss noch zu knapp. Das Fr\u00fchjahr brachte Temperaturen leicht unter dem jahreszeitlichen Durchschnitt und gut verteilte Regenf\u00e4lle, die ein regul\u00e4res Austreiben beg\u00fcnstigten. In den Monaten Mai und Juni sicherten moderate Niederschl\u00e4ge eine angemessene Wasserversorgung, unterst\u00fctzten die Entwicklung der Pflanzen und verhinderten sp\u00e4tere Stresskonditionen. Die Bl\u00fcte von Chardonnay erfolgte regul\u00e4r gegen Ende Mai, gefolgt von einheitlichem Fruchtansatz. Ab der zweiten Julih\u00e4lfte bis in den August blieb das Wetter warm mit sonnigen Tagen und hervorragenden Tag-Nacht-Temperaturunterschieden. Diese Bedingungen erm\u00f6glichten eine allm\u00e4hliche Reife der Trauben, beg\u00fcnstigten die Entwicklung komplexer Aromen und sicherten die Bewahrung einer guten Ausgewogenheit von Zuckergehalt und S\u00e4ure. Die Lese von Chardonnay f\u00fcr den Bram\u00ecto della Sala begann in der dritten Augustdekade, etwa eine Woche sp\u00e4ter als im Vorjahr, und dauerte bis in die erste Septemberwoche.<\/p>\n<h3>Weinbereitung<\/h3>\n<p>Bei Eingang in der Kellerei wurden die Trauben entrappt und die Beeren schonend zerdr\u00fcckt. Der Most mit den Schalen wurde f\u00fcr eine kurze Mazeration von 2 bis 4 Stunden auf 10 \u00b0C abgek\u00fchlt, um das aromatische und geschmackliche Profil der Beeren zu betonen. Nach der Kl\u00e4rung, die in Inox-Edelstahlf\u00e4ssern erfolgte, wurden die verschiedenen Partien zum Teil in Holzgebinden und zum Teil in Edelstahl travasiert, in denen die alkoholische G\u00e4rung bei einer kontrollierten Temperatur von 16 \u2013 18 \u00b0C erfolgte. Nur die Partie in Holzgebinden durchlief anschlie\u00dfend die malolaktische G\u00e4rung. Danach wurden die Weine assembliert und in Flaschen abgef\u00fcllt.<\/p>\n<h3>Verkostungsnotizen<\/h3>\n<p>Bram\u00ecto della Sala pr\u00e4sentiert sich in leuchtend strohgelber Farbe mit goldenen Reflexen. An der Nase besticht er mit seinem frischen und eleganten Duftbouquet: Nuancen von Williams Christ-Birne und Ginsterbl\u00fcten und leichte Zitrusnoten von Limette verbinden sich mit einem Hauch von ger\u00f6steter Haselnuss, frischer Butter und Brioche. Am Gaumen harmonisch mit einer Struktur, in der Frische und Schmackhaftigkeit gut ausbalanciert sind. Das Finale ist lang und anhaltend mit einem delikaten Anklang an frische Mandel und mineralische Noten, die an das umbrische Terroir erinnern.<\/p>\n","protected":false},"excerpt":{"rendered":"<p>MARCHESI ANTINORI Bramito della Sala Chardonnay 2024 MARCHESI ANTINORI -Eine 26 Generationen lang Leidenschaft- Die Familie Antinori widmet sich der Weinproduktion seit \u00fcber sechshundert Jahren: seit dem Jahre 1385, als Giovanni di Piero Antinori in die Florentiner Zunft der Winzer und Weinh\u00e4ndler eintritt. W\u00e4hrend ihrer gesamten langen Geschichte \u00fcber 26 Generationen hat die Familie das [&hellip;]<\/p>\n","protected":false},"featured_media":25106,"comment_status":"open","ping_status":"closed","template":"","meta":{"_acf_changed":false,"_monsterinsights_skip_tracking":false,"_monsterinsights_sitenote_active":false,"_monsterinsights_sitenote_note":"","_monsterinsights_sitenote_category":0},"product_brand":[],"product_cat":[1778],"product_tag":[17742],"class_list":{"0":"post-48381","1":"product","2":"type-product","3":"status-publish","4":"has-post-thumbnail","6":"product_cat-chardonnay-de","7":"product_tag-vino-bianco-de","8":"pa_appellation-umbria-igt-de","9":"pa_formato-0-75-l-flasche-de","10":"pa_producer-marchesi-antinori-de","11":"pa_region-umbrien-de","12":"pa_vine-100-chardonnay-de","13":"pa_vintage-18405","15":"first","16":"instock","17":"taxable","18":"shipping-taxable","19":"purchasable","20":"product-type-simple"},"bundled_by":[],"bundle_stock_status":"instock","bundle_stock_quantity":6,"bundle_virtual":false,"bundle_layout":"","bundle_add_to_cart_form_location":"","bundle_editable_in_cart":false,"bundle_sold_individually_context":"","bundle_item_grouping":"","bundle_min_size":"","bundle_max_size":"","bundle_price":[],"bundled_items":[],"bundle_sell_ids":[],"yoast_head":"<!-- This site is optimized with the Yoast SEO plugin v27.2 - https:\/\/yoast.com\/product\/yoast-seo-wordpress\/ -->\n<title>MARCHESI ANTINORI Bramito della Sala Chardonnay 2024<\/title>\n<meta name=\"description\" content=\"Kaufen online CMARCHESI ANTINORI Bramito della Sala Chardonnay 2024 I Fonsvinum rare Weine online aus Piedmont,Toskana Umbria und Venetien ...\" \/>\n<meta name=\"robots\" content=\"index, follow, max-snippet:-1, max-image-preview:large, max-video-preview:-1\" \/>\n<link rel=\"canonical\" href=\"https:\/\/fonsvinum.com\/de\/produkt\/marchesi-antinori-bramito-della-sala-chardonnay-2024\/\" \/>\n<meta property=\"og:locale\" content=\"de_DE\" \/>\n<meta property=\"og:type\" content=\"article\" \/>\n<meta property=\"og:title\" content=\"MARCHESI ANTINORI Bramito della Sala Chardonnay 2024\" \/>\n<meta property=\"og:description\" content=\"Kaufen online CMARCHESI ANTINORI Bramito della Sala Chardonnay 2024 I Fonsvinum rare Weine online aus Piedmont,Toskana Umbria und Venetien ...\" \/>\n<meta property=\"og:url\" content=\"https:\/\/fonsvinum.com\/de\/produkt\/marchesi-antinori-bramito-della-sala-chardonnay-2024\/\" \/>\n<meta property=\"og:site_name\" content=\"Fons Vinum\" \/>\n<meta property=\"article:modified_time\" content=\"2026-01-15T15:14:39+00:00\" \/>\n<meta property=\"og:image\" content=\"https:\/\/fonsvinum.com\/files\/2020\/05\/chardonnay-bramito-marchesi-antinori.jpg\" \/>\n\t<meta property=\"og:image:width\" content=\"200\" \/>\n\t<meta property=\"og:image:height\" content=\"600\" \/>\n\t<meta property=\"og:image:type\" content=\"image\/jpeg\" \/>\n<meta name=\"twitter:label1\" content=\"Gesch\u00e4tzte Lesezeit\" \/>\n\t<meta name=\"twitter:data1\" content=\"3\u00a0Minuten\" \/>\n<script type=\"application\/ld+json\" class=\"yoast-schema-graph\">{\"@context\":\"https:\/\/schema.org\",\"@graph\":[{\"@type\":\"WebPage\",\"@id\":\"https:\/\/fonsvinum.com\/de\/produkt\/marchesi-antinori-bramito-della-sala-chardonnay-2024\/\",\"url\":\"https:\/\/fonsvinum.com\/de\/produkt\/marchesi-antinori-bramito-della-sala-chardonnay-2024\/\",\"name\":\"MARCHESI ANTINORI Bramito della Sala Chardonnay 2024\",\"isPartOf\":{\"@id\":\"https:\/\/fonsvinum.com\/en\/#website\"},\"primaryImageOfPage\":{\"@id\":\"https:\/\/fonsvinum.com\/de\/produkt\/marchesi-antinori-bramito-della-sala-chardonnay-2024\/#primaryimage\"},\"image\":{\"@id\":\"https:\/\/fonsvinum.com\/de\/produkt\/marchesi-antinori-bramito-della-sala-chardonnay-2024\/#primaryimage\"},\"thumbnailUrl\":\"https:\/\/fonsvinum.com\/files\/2020\/05\/chardonnay-bramito-marchesi-antinori.jpg\",\"datePublished\":\"2026-01-15T14:48:53+00:00\",\"dateModified\":\"2026-01-15T15:14:39+00:00\",\"description\":\"Kaufen online CMARCHESI ANTINORI Bramito della Sala Chardonnay 2024 I Fonsvinum rare Weine online aus Piedmont,Toskana Umbria und Venetien ...\",\"breadcrumb\":{\"@id\":\"https:\/\/fonsvinum.com\/de\/produkt\/marchesi-antinori-bramito-della-sala-chardonnay-2024\/#breadcrumb\"},\"inLanguage\":\"de\",\"potentialAction\":[{\"@type\":\"ReadAction\",\"target\":[\"https:\/\/fonsvinum.com\/de\/produkt\/marchesi-antinori-bramito-della-sala-chardonnay-2024\/\"]}]},{\"@type\":\"ImageObject\",\"inLanguage\":\"de\",\"@id\":\"https:\/\/fonsvinum.com\/de\/produkt\/marchesi-antinori-bramito-della-sala-chardonnay-2024\/#primaryimage\",\"url\":\"https:\/\/fonsvinum.com\/files\/2020\/05\/chardonnay-bramito-marchesi-antinori.jpg\",\"contentUrl\":\"https:\/\/fonsvinum.com\/files\/2020\/05\/chardonnay-bramito-marchesi-antinori.jpg\",\"width\":200,\"height\":600},{\"@type\":\"BreadcrumbList\",\"@id\":\"https:\/\/fonsvinum.com\/de\/produkt\/marchesi-antinori-bramito-della-sala-chardonnay-2024\/#breadcrumb\",\"itemListElement\":[{\"@type\":\"ListItem\",\"position\":1,\"name\":\"Startseite\",\"item\":\"https:\/\/fonsvinum.com\/de\/\"},{\"@type\":\"ListItem\",\"position\":2,\"name\":\"Shop\",\"item\":\"https:\/\/fonsvinum.com\/de\/shop\/\"},{\"@type\":\"ListItem\",\"position\":3,\"name\":\"MARCHESI ANTINORI Bramito della Sala Chardonnay 2024\"}]},{\"@type\":\"WebSite\",\"@id\":\"https:\/\/fonsvinum.com\/en\/#website\",\"url\":\"https:\/\/fonsvinum.com\/en\/\",\"name\":\"Fons Vinum\",\"description\":\"Vendita Vino Online\",\"publisher\":{\"@id\":\"https:\/\/fonsvinum.com\/en\/#organization\"},\"potentialAction\":[{\"@type\":\"SearchAction\",\"target\":{\"@type\":\"EntryPoint\",\"urlTemplate\":\"https:\/\/fonsvinum.com\/en\/?s={search_term_string}\"},\"query-input\":{\"@type\":\"PropertyValueSpecification\",\"valueRequired\":true,\"valueName\":\"search_term_string\"}}],\"inLanguage\":\"de\"},{\"@type\":\"Organization\",\"@id\":\"https:\/\/fonsvinum.com\/en\/#organization\",\"name\":\"Fons Vinum\",\"url\":\"https:\/\/fonsvinum.com\/en\/\",\"logo\":{\"@type\":\"ImageObject\",\"inLanguage\":\"de\",\"@id\":\"https:\/\/fonsvinum.com\/en\/#\/schema\/logo\/image\/\",\"url\":\"\",\"contentUrl\":\"\",\"caption\":\"Fons Vinum\"},\"image\":{\"@id\":\"https:\/\/fonsvinum.com\/en\/#\/schema\/logo\/image\/\"}}]}<\/script>\n<!-- \/ Yoast SEO plugin. -->","yoast_head_json":{"title":"MARCHESI ANTINORI Bramito della Sala Chardonnay 2024","description":"Kaufen online CMARCHESI ANTINORI Bramito della Sala Chardonnay 2024 I Fonsvinum rare Weine online aus Piedmont,Toskana Umbria und Venetien ...","robots":{"index":"index","follow":"follow","max-snippet":"max-snippet:-1","max-image-preview":"max-image-preview:large","max-video-preview":"max-video-preview:-1"},"canonical":"https:\/\/fonsvinum.com\/de\/produkt\/marchesi-antinori-bramito-della-sala-chardonnay-2024\/","og_locale":"de_DE","og_type":"article","og_title":"MARCHESI ANTINORI Bramito della Sala Chardonnay 2024","og_description":"Kaufen online CMARCHESI ANTINORI Bramito della Sala Chardonnay 2024 I Fonsvinum rare Weine online aus Piedmont,Toskana Umbria und Venetien ...","og_url":"https:\/\/fonsvinum.com\/de\/produkt\/marchesi-antinori-bramito-della-sala-chardonnay-2024\/","og_site_name":"Fons Vinum","article_modified_time":"2026-01-15T15:14:39+00:00","og_image":[{"width":200,"height":600,"url":"https:\/\/fonsvinum.com\/files\/2020\/05\/chardonnay-bramito-marchesi-antinori.jpg","type":"image\/jpeg"}],"twitter_misc":{"Gesch\u00e4tzte Lesezeit":"3\u00a0Minuten"},"schema":{"@context":"https:\/\/schema.org","@graph":[{"@type":"WebPage","@id":"https:\/\/fonsvinum.com\/de\/produkt\/marchesi-antinori-bramito-della-sala-chardonnay-2024\/","url":"https:\/\/fonsvinum.com\/de\/produkt\/marchesi-antinori-bramito-della-sala-chardonnay-2024\/","name":"MARCHESI ANTINORI Bramito della Sala Chardonnay 2024","isPartOf":{"@id":"https:\/\/fonsvinum.com\/en\/#website"},"primaryImageOfPage":{"@id":"https:\/\/fonsvinum.com\/de\/produkt\/marchesi-antinori-bramito-della-sala-chardonnay-2024\/#primaryimage"},"image":{"@id":"https:\/\/fonsvinum.com\/de\/produkt\/marchesi-antinori-bramito-della-sala-chardonnay-2024\/#primaryimage"},"thumbnailUrl":"https:\/\/fonsvinum.com\/files\/2020\/05\/chardonnay-bramito-marchesi-antinori.jpg","datePublished":"2026-01-15T14:48:53+00:00","dateModified":"2026-01-15T15:14:39+00:00","description":"Kaufen online CMARCHESI ANTINORI Bramito della Sala Chardonnay 2024 I Fonsvinum rare Weine online aus Piedmont,Toskana Umbria und Venetien ...","breadcrumb":{"@id":"https:\/\/fonsvinum.com\/de\/produkt\/marchesi-antinori-bramito-della-sala-chardonnay-2024\/#breadcrumb"},"inLanguage":"de","potentialAction":[{"@type":"ReadAction","target":["https:\/\/fonsvinum.com\/de\/produkt\/marchesi-antinori-bramito-della-sala-chardonnay-2024\/"]}]},{"@type":"ImageObject","inLanguage":"de","@id":"https:\/\/fonsvinum.com\/de\/produkt\/marchesi-antinori-bramito-della-sala-chardonnay-2024\/#primaryimage","url":"https:\/\/fonsvinum.com\/files\/2020\/05\/chardonnay-bramito-marchesi-antinori.jpg","contentUrl":"https:\/\/fonsvinum.com\/files\/2020\/05\/chardonnay-bramito-marchesi-antinori.jpg","width":200,"height":600},{"@type":"BreadcrumbList","@id":"https:\/\/fonsvinum.com\/de\/produkt\/marchesi-antinori-bramito-della-sala-chardonnay-2024\/#breadcrumb","itemListElement":[{"@type":"ListItem","position":1,"name":"Startseite","item":"https:\/\/fonsvinum.com\/de\/"},{"@type":"ListItem","position":2,"name":"Shop","item":"https:\/\/fonsvinum.com\/de\/shop\/"},{"@type":"ListItem","position":3,"name":"MARCHESI ANTINORI Bramito della Sala Chardonnay 2024"}]},{"@type":"WebSite","@id":"https:\/\/fonsvinum.com\/en\/#website","url":"https:\/\/fonsvinum.com\/en\/","name":"Fons Vinum","description":"Vendita Vino Online","publisher":{"@id":"https:\/\/fonsvinum.com\/en\/#organization"},"potentialAction":[{"@type":"SearchAction","target":{"@type":"EntryPoint","urlTemplate":"https:\/\/fonsvinum.com\/en\/?s={search_term_string}"},"query-input":{"@type":"PropertyValueSpecification","valueRequired":true,"valueName":"search_term_string"}}],"inLanguage":"de"},{"@type":"Organization","@id":"https:\/\/fonsvinum.com\/en\/#organization","name":"Fons Vinum","url":"https:\/\/fonsvinum.com\/en\/","logo":{"@type":"ImageObject","inLanguage":"de","@id":"https:\/\/fonsvinum.com\/en\/#\/schema\/logo\/image\/","url":"","contentUrl":"","caption":"Fons Vinum"},"image":{"@id":"https:\/\/fonsvinum.com\/en\/#\/schema\/logo\/image\/"}}]}},"acf":[],"_links":{"self":[{"href":"https:\/\/fonsvinum.com\/de\/wp-json\/wp\/v2\/product\/48381","targetHints":{"allow":["GET"]}}],"collection":[{"href":"https:\/\/fonsvinum.com\/de\/wp-json\/wp\/v2\/product"}],"about":[{"href":"https:\/\/fonsvinum.com\/de\/wp-json\/wp\/v2\/types\/product"}],"replies":[{"embeddable":true,"href":"https:\/\/fonsvinum.com\/de\/wp-json\/wp\/v2\/comments?post=48381"}],"wp:featuredmedia":[{"embeddable":true,"href":"https:\/\/fonsvinum.com\/de\/wp-json\/wp\/v2\/media\/25106"}],"wp:attachment":[{"href":"https:\/\/fonsvinum.com\/de\/wp-json\/wp\/v2\/media?parent=48381"}],"wp:term":[{"taxonomy":"product_brand","embeddable":true,"href":"https:\/\/fonsvinum.com\/de\/wp-json\/wp\/v2\/product_brand?post=48381"},{"taxonomy":"product_cat","embeddable":true,"href":"https:\/\/fonsvinum.com\/de\/wp-json\/wp\/v2\/product_cat?post=48381"},{"taxonomy":"product_tag","embeddable":true,"href":"https:\/\/fonsvinum.com\/de\/wp-json\/wp\/v2\/product_tag?post=48381"}],"curies":[{"name":"wp","href":"https:\/\/api.w.org\/{rel}","templated":true}]}}