{"id":48363,"date":"2026-01-15T10:35:28","date_gmt":"2026-01-15T09:35:28","guid":{"rendered":"https:\/\/fonsvinum.com\/?post_type=product&#038;p=48363"},"modified":"2026-01-15T11:03:01","modified_gmt":"2026-01-15T10:03:01","slug":"biondi-santi-brunello-di-montacino-riserva-2018","status":"publish","type":"product","link":"https:\/\/fonsvinum.com\/de\/produkt\/biondi-santi-brunello-di-montacino-riserva-2018\/","title":{"rendered":"BIONDI SANTI Brunello di Montacino Riserva 2018"},"content":{"rendered":"<h2><a href=\"https:\/\/fonsvinum.com\/de\/attributes\/producer\/biondi-santi-de\/\">BIONDI SANTI<\/a> <a href=\"https:\/\/www.shopinlanghe.com\/sellers?render_type=sellerview&amp;id_seller=5\">Brunello<\/a> di Montacino Riserva 2018<\/h2>\n<p>BIONDI SANTI Brunello di Montacino Riserva 2018<\/p>\n<p>2018 war ein eher k\u00fchles Jahr, gepr\u00e4gt von reichlichen Regenf\u00e4llen, die den gesamten Wachstumszyklus der Rebe begleiteten. Insgesamt lagen die Sommertemperaturen unter dem Durchschnitt. Kurz vor der Lese der Trauben aus unseren hochgelegenen Weinbergen trug eine Woche lang kr\u00e4ftiger Nordwind zur Trocknung von Reben und Trauben bei und bereitete sie so optimal auf die Lese vor. Die Lese begann am 16. September und dauerte acht Tage, wobei die besten Trauben sorgf\u00e4ltig selektiert wurden.<\/p>\n<p>Herkunft<br \/>\nDie Riserva 2018 wurde ausschlie\u00dflich aus einer Auswahl von Trauben unserer eigenen Weinberge, darunter unsere \u00e4ltesten Parzellen, hergestellt.<\/p>\n<p>Reifung<br \/>\nDie Riserva 2018 wurde sowohl in F\u00e4ssern aus slawonischer Eiche als auch in Betontanks mit ausschlie\u00dflich einheimischen Hefen aus unseren Weinbergen vergoren. Anschlie\u00dfend reifte sie drei Jahre lang in F\u00e4ssern aus slawonischer Eiche.<\/p>\n","protected":false},"excerpt":{"rendered":"<p>BIONDI SANTI Brunello di Montacino Riserva 2018 BIONDI SANTI Brunello di Montacino Riserva 2018 2018 war ein eher k\u00fchles Jahr, gepr\u00e4gt von reichlichen Regenf\u00e4llen, die den gesamten Wachstumszyklus der Rebe begleiteten. Insgesamt lagen die Sommertemperaturen unter dem Durchschnitt. Kurz vor der Lese der Trauben aus unseren hochgelegenen Weinbergen trug eine Woche lang kr\u00e4ftiger Nordwind zur [&hellip;]<\/p>\n","protected":false},"featured_media":27300,"comment_status":"open","ping_status":"closed","template":"","meta":{"_acf_changed":false,"_monsterinsights_skip_tracking":false,"_monsterinsights_sitenote_active":false,"_monsterinsights_sitenote_note":"","_monsterinsights_sitenote_category":0},"product_brand":[],"product_cat":[1762],"product_tag":[1733,1751,1745],"class_list":{"0":"post-48363","1":"product","2":"type-product","3":"status-publish","4":"has-post-thumbnail","6":"product_cat-brunello-de","7":"product_tag-aussergewoehnliche-weine-de","8":"product_tag-aussergewoehnliche-weine-aus-italien-de","9":"product_tag-super-tuscan-de","10":"pa_appellation-brunello-di-montalcino-docg-riserva-de","11":"pa_formato-0-75-l-flasche-de","12":"pa_producer-biondi-santi-de","13":"pa_region-toskana-de","14":"pa_vine-100-sangiovese-de","15":"pa_vintage-2018-de","17":"first","18":"instock","19":"featured","20":"taxable","21":"shipping-taxable","22":"purchasable","23":"product-type-simple"},"bundled_by":[],"bundle_stock_status":"instock","bundle_stock_quantity":3,"bundle_virtual":false,"bundle_layout":"","bundle_add_to_cart_form_location":"","bundle_editable_in_cart":false,"bundle_sold_individually_context":"","bundle_item_grouping":"","bundle_min_size":"","bundle_max_size":"","bundle_price":[],"bundled_items":[],"bundle_sell_ids":[],"yoast_head":"<!-- This site is optimized with the Yoast SEO plugin v27.3 - https:\/\/yoast.com\/product\/yoast-seo-wordpress\/ -->\n<title>BIONDI SANTI Brunello di Montacino Riserva 2018 | FonsVinum<\/title>\n<meta name=\"description\" content=\"Kaufen online BIONDI SANTI Brunello di Montacino Riserva 2018\" \/>\n<meta name=\"robots\" content=\"index, follow, max-snippet:-1, max-image-preview:large, max-video-preview:-1\" \/>\n<link rel=\"canonical\" href=\"https:\/\/fonsvinum.com\/de\/produkt\/biondi-santi-brunello-di-montacino-riserva-2018\/\" \/>\n<meta property=\"og:locale\" content=\"de_DE\" \/>\n<meta property=\"og:type\" content=\"article\" \/>\n<meta property=\"og:title\" content=\"BIONDI SANTI Brunello di Montacino Riserva 2018 | FonsVinum\" \/>\n<meta property=\"og:description\" content=\"Kaufen online BIONDI SANTI Brunello di Montacino Riserva 2018\" \/>\n<meta property=\"og:url\" content=\"https:\/\/fonsvinum.com\/de\/produkt\/biondi-santi-brunello-di-montacino-riserva-2018\/\" \/>\n<meta property=\"og:site_name\" content=\"Fons Vinum\" \/>\n<meta property=\"article:modified_time\" content=\"2026-01-15T10:03:01+00:00\" \/>\n<meta property=\"og:image\" content=\"https:\/\/fonsvinum.com\/files\/2020\/10\/brunello-di-montalcino-biondi-santi-riserva.jpg\" \/>\n\t<meta property=\"og:image:width\" content=\"200\" \/>\n\t<meta property=\"og:image:height\" content=\"600\" \/>\n\t<meta property=\"og:image:type\" content=\"image\/jpeg\" \/>\n<meta name=\"twitter:label1\" content=\"Gesch\u00e4tzte Lesezeit\" \/>\n\t<meta name=\"twitter:data1\" content=\"1\u00a0Minute\" \/>\n<script type=\"application\/ld+json\" class=\"yoast-schema-graph\">{\"@context\":\"https:\\\/\\\/schema.org\",\"@graph\":[{\"@type\":\"WebPage\",\"@id\":\"https:\\\/\\\/fonsvinum.com\\\/de\\\/produkt\\\/biondi-santi-brunello-di-montacino-riserva-2018\\\/\",\"url\":\"https:\\\/\\\/fonsvinum.com\\\/de\\\/produkt\\\/biondi-santi-brunello-di-montacino-riserva-2018\\\/\",\"name\":\"BIONDI SANTI Brunello di Montacino Riserva 2018 | FonsVinum\",\"isPartOf\":{\"@id\":\"https:\\\/\\\/fonsvinum.com\\\/en\\\/#website\"},\"primaryImageOfPage\":{\"@id\":\"https:\\\/\\\/fonsvinum.com\\\/de\\\/produkt\\\/biondi-santi-brunello-di-montacino-riserva-2018\\\/#primaryimage\"},\"image\":{\"@id\":\"https:\\\/\\\/fonsvinum.com\\\/de\\\/produkt\\\/biondi-santi-brunello-di-montacino-riserva-2018\\\/#primaryimage\"},\"thumbnailUrl\":\"https:\\\/\\\/fonsvinum.com\\\/files\\\/2020\\\/10\\\/brunello-di-montalcino-biondi-santi-riserva.jpg\",\"datePublished\":\"2026-01-15T09:35:28+00:00\",\"dateModified\":\"2026-01-15T10:03:01+00:00\",\"description\":\"Kaufen online BIONDI SANTI Brunello di Montacino Riserva 2018\",\"breadcrumb\":{\"@id\":\"https:\\\/\\\/fonsvinum.com\\\/de\\\/produkt\\\/biondi-santi-brunello-di-montacino-riserva-2018\\\/#breadcrumb\"},\"inLanguage\":\"de\",\"potentialAction\":[{\"@type\":\"ReadAction\",\"target\":[\"https:\\\/\\\/fonsvinum.com\\\/de\\\/produkt\\\/biondi-santi-brunello-di-montacino-riserva-2018\\\/\"]}]},{\"@type\":\"ImageObject\",\"inLanguage\":\"de\",\"@id\":\"https:\\\/\\\/fonsvinum.com\\\/de\\\/produkt\\\/biondi-santi-brunello-di-montacino-riserva-2018\\\/#primaryimage\",\"url\":\"https:\\\/\\\/fonsvinum.com\\\/files\\\/2020\\\/10\\\/brunello-di-montalcino-biondi-santi-riserva.jpg\",\"contentUrl\":\"https:\\\/\\\/fonsvinum.com\\\/files\\\/2020\\\/10\\\/brunello-di-montalcino-biondi-santi-riserva.jpg\",\"width\":200,\"height\":600},{\"@type\":\"BreadcrumbList\",\"@id\":\"https:\\\/\\\/fonsvinum.com\\\/de\\\/produkt\\\/biondi-santi-brunello-di-montacino-riserva-2018\\\/#breadcrumb\",\"itemListElement\":[{\"@type\":\"ListItem\",\"position\":1,\"name\":\"Startseite\",\"item\":\"https:\\\/\\\/fonsvinum.com\\\/de\\\/\"},{\"@type\":\"ListItem\",\"position\":2,\"name\":\"Shop\",\"item\":\"https:\\\/\\\/fonsvinum.com\\\/de\\\/shop\\\/\"},{\"@type\":\"ListItem\",\"position\":3,\"name\":\"BIONDI SANTI Brunello di Montacino Riserva 2018\"}]},{\"@type\":\"WebSite\",\"@id\":\"https:\\\/\\\/fonsvinum.com\\\/en\\\/#website\",\"url\":\"https:\\\/\\\/fonsvinum.com\\\/en\\\/\",\"name\":\"Fons Vinum\",\"description\":\"Vendita Vino Online\",\"publisher\":{\"@id\":\"https:\\\/\\\/fonsvinum.com\\\/en\\\/#organization\"},\"potentialAction\":[{\"@type\":\"SearchAction\",\"target\":{\"@type\":\"EntryPoint\",\"urlTemplate\":\"https:\\\/\\\/fonsvinum.com\\\/en\\\/?s={search_term_string}\"},\"query-input\":{\"@type\":\"PropertyValueSpecification\",\"valueRequired\":true,\"valueName\":\"search_term_string\"}}],\"inLanguage\":\"de\"},{\"@type\":\"Organization\",\"@id\":\"https:\\\/\\\/fonsvinum.com\\\/en\\\/#organization\",\"name\":\"Fons Vinum\",\"url\":\"https:\\\/\\\/fonsvinum.com\\\/en\\\/\",\"logo\":{\"@type\":\"ImageObject\",\"inLanguage\":\"de\",\"@id\":\"https:\\\/\\\/fonsvinum.com\\\/en\\\/#\\\/schema\\\/logo\\\/image\\\/\",\"url\":\"\",\"contentUrl\":\"\",\"caption\":\"Fons Vinum\"},\"image\":{\"@id\":\"https:\\\/\\\/fonsvinum.com\\\/en\\\/#\\\/schema\\\/logo\\\/image\\\/\"}}]}<\/script>\n<!-- \/ Yoast SEO plugin. -->","yoast_head_json":{"title":"BIONDI SANTI Brunello di Montacino Riserva 2018 | FonsVinum","description":"Kaufen online BIONDI SANTI Brunello di Montacino Riserva 2018","robots":{"index":"index","follow":"follow","max-snippet":"max-snippet:-1","max-image-preview":"max-image-preview:large","max-video-preview":"max-video-preview:-1"},"canonical":"https:\/\/fonsvinum.com\/de\/produkt\/biondi-santi-brunello-di-montacino-riserva-2018\/","og_locale":"de_DE","og_type":"article","og_title":"BIONDI SANTI Brunello di Montacino Riserva 2018 | FonsVinum","og_description":"Kaufen online BIONDI SANTI Brunello di Montacino Riserva 2018","og_url":"https:\/\/fonsvinum.com\/de\/produkt\/biondi-santi-brunello-di-montacino-riserva-2018\/","og_site_name":"Fons Vinum","article_modified_time":"2026-01-15T10:03:01+00:00","og_image":[{"width":200,"height":600,"url":"https:\/\/fonsvinum.com\/files\/2020\/10\/brunello-di-montalcino-biondi-santi-riserva.jpg","type":"image\/jpeg"}],"twitter_misc":{"Gesch\u00e4tzte Lesezeit":"1\u00a0Minute"},"schema":{"@context":"https:\/\/schema.org","@graph":[{"@type":"WebPage","@id":"https:\/\/fonsvinum.com\/de\/produkt\/biondi-santi-brunello-di-montacino-riserva-2018\/","url":"https:\/\/fonsvinum.com\/de\/produkt\/biondi-santi-brunello-di-montacino-riserva-2018\/","name":"BIONDI SANTI Brunello di Montacino Riserva 2018 | FonsVinum","isPartOf":{"@id":"https:\/\/fonsvinum.com\/en\/#website"},"primaryImageOfPage":{"@id":"https:\/\/fonsvinum.com\/de\/produkt\/biondi-santi-brunello-di-montacino-riserva-2018\/#primaryimage"},"image":{"@id":"https:\/\/fonsvinum.com\/de\/produkt\/biondi-santi-brunello-di-montacino-riserva-2018\/#primaryimage"},"thumbnailUrl":"https:\/\/fonsvinum.com\/files\/2020\/10\/brunello-di-montalcino-biondi-santi-riserva.jpg","datePublished":"2026-01-15T09:35:28+00:00","dateModified":"2026-01-15T10:03:01+00:00","description":"Kaufen online BIONDI SANTI Brunello di Montacino Riserva 2018","breadcrumb":{"@id":"https:\/\/fonsvinum.com\/de\/produkt\/biondi-santi-brunello-di-montacino-riserva-2018\/#breadcrumb"},"inLanguage":"de","potentialAction":[{"@type":"ReadAction","target":["https:\/\/fonsvinum.com\/de\/produkt\/biondi-santi-brunello-di-montacino-riserva-2018\/"]}]},{"@type":"ImageObject","inLanguage":"de","@id":"https:\/\/fonsvinum.com\/de\/produkt\/biondi-santi-brunello-di-montacino-riserva-2018\/#primaryimage","url":"https:\/\/fonsvinum.com\/files\/2020\/10\/brunello-di-montalcino-biondi-santi-riserva.jpg","contentUrl":"https:\/\/fonsvinum.com\/files\/2020\/10\/brunello-di-montalcino-biondi-santi-riserva.jpg","width":200,"height":600},{"@type":"BreadcrumbList","@id":"https:\/\/fonsvinum.com\/de\/produkt\/biondi-santi-brunello-di-montacino-riserva-2018\/#breadcrumb","itemListElement":[{"@type":"ListItem","position":1,"name":"Startseite","item":"https:\/\/fonsvinum.com\/de\/"},{"@type":"ListItem","position":2,"name":"Shop","item":"https:\/\/fonsvinum.com\/de\/shop\/"},{"@type":"ListItem","position":3,"name":"BIONDI SANTI Brunello di Montacino Riserva 2018"}]},{"@type":"WebSite","@id":"https:\/\/fonsvinum.com\/en\/#website","url":"https:\/\/fonsvinum.com\/en\/","name":"Fons Vinum","description":"Vendita Vino Online","publisher":{"@id":"https:\/\/fonsvinum.com\/en\/#organization"},"potentialAction":[{"@type":"SearchAction","target":{"@type":"EntryPoint","urlTemplate":"https:\/\/fonsvinum.com\/en\/?s={search_term_string}"},"query-input":{"@type":"PropertyValueSpecification","valueRequired":true,"valueName":"search_term_string"}}],"inLanguage":"de"},{"@type":"Organization","@id":"https:\/\/fonsvinum.com\/en\/#organization","name":"Fons Vinum","url":"https:\/\/fonsvinum.com\/en\/","logo":{"@type":"ImageObject","inLanguage":"de","@id":"https:\/\/fonsvinum.com\/en\/#\/schema\/logo\/image\/","url":"","contentUrl":"","caption":"Fons Vinum"},"image":{"@id":"https:\/\/fonsvinum.com\/en\/#\/schema\/logo\/image\/"}}]}},"acf":[],"_links":{"self":[{"href":"https:\/\/fonsvinum.com\/de\/wp-json\/wp\/v2\/product\/48363","targetHints":{"allow":["GET"]}}],"collection":[{"href":"https:\/\/fonsvinum.com\/de\/wp-json\/wp\/v2\/product"}],"about":[{"href":"https:\/\/fonsvinum.com\/de\/wp-json\/wp\/v2\/types\/product"}],"replies":[{"embeddable":true,"href":"https:\/\/fonsvinum.com\/de\/wp-json\/wp\/v2\/comments?post=48363"}],"wp:featuredmedia":[{"embeddable":true,"href":"https:\/\/fonsvinum.com\/de\/wp-json\/wp\/v2\/media\/27300"}],"wp:attachment":[{"href":"https:\/\/fonsvinum.com\/de\/wp-json\/wp\/v2\/media?parent=48363"}],"wp:term":[{"taxonomy":"product_brand","embeddable":true,"href":"https:\/\/fonsvinum.com\/de\/wp-json\/wp\/v2\/product_brand?post=48363"},{"taxonomy":"product_cat","embeddable":true,"href":"https:\/\/fonsvinum.com\/de\/wp-json\/wp\/v2\/product_cat?post=48363"},{"taxonomy":"product_tag","embeddable":true,"href":"https:\/\/fonsvinum.com\/de\/wp-json\/wp\/v2\/product_tag?post=48363"}],"curies":[{"name":"wp","href":"https:\/\/api.w.org\/{rel}","templated":true}]}}