{"id":48319,"date":"2026-01-13T11:33:10","date_gmt":"2026-01-13T10:33:10","guid":{"rendered":"https:\/\/fonsvinum.com\/?post_type=product&#038;p=48319"},"modified":"2026-02-06T07:20:52","modified_gmt":"2026-02-06T06:20:52","slug":"bertani-valpolicella-valpantena-2023","status":"publish","type":"product","link":"https:\/\/fonsvinum.com\/de\/produkt\/bertani-valpolicella-valpantena-2023\/","title":{"rendered":"Bertani Valpolicella Valpantena 2023"},"content":{"rendered":"<h1>Bertani <a href=\"https:\/\/it.wikipedia.org\/wiki\/Valpolicella\">Valpolicella<\/a> <a href=\"https:\/\/fonsvinum.com\/de\/?s=valpantena&amp;post_type=product\">Valpantena<\/a> 2023<\/h1>\n<p><a title=\"Bertani\" href=\"https:\/\/fonsvinum.com\/produttore\/vino-amarone-bertani-on-line\/\" target=\"_blank\" rel=\"noopener\">BERTANI<\/a><\/p>\n<p>Violettrote Farbe. Intensive Aromen von schwarzer Johannisbeere, Pflaume, Himbeere, Schwarzkirsche und Gew\u00fcrzen. Am Gaumen pr\u00e4sentiert sich der Wein frisch und ausgewogen mit einer harmonischen Balance zwischen S\u00e4ure, S\u00fc\u00dfe und Tanninen. Er passt hervorragend zu italienischen Vorspeisen, Pastagerichten und herzhaften Speisen.<\/p>\n<h3>Tiefdunkle, dunkle Farbe mit violettem Rand.<\/h3>\n<p>In der Nase entfalten sich intensive Aromen von Kirsche, Sauerkirsche und Beeren, typisch f\u00fcr Amarone della Valpolicella, sowie Noten von Gew\u00fcrzen und Trockenfr\u00fcchten, typisch f\u00fcr Valpantena.<\/p>\n<p>Am Gaumen sind die Tannine pr\u00e4sent, wenn auch weich und gut eingebunden, und harmonieren perfekt mit dem Geschmack roter Fr\u00fcchte.<\/p>\n<p>&nbsp;<\/p>\n","protected":false},"excerpt":{"rendered":"<p>Bertani Valpolicella Valpantena 2023 BERTANI Violettrote Farbe. Intensive Aromen von schwarzer Johannisbeere, Pflaume, Himbeere, Schwarzkirsche und Gew\u00fcrzen. Am Gaumen pr\u00e4sentiert sich der Wein frisch und ausgewogen mit einer harmonischen Balance zwischen S\u00e4ure, S\u00fc\u00dfe und Tanninen. Er passt hervorragend zu italienischen Vorspeisen, Pastagerichten und herzhaften Speisen. Tiefdunkle, dunkle Farbe mit violettem Rand. In der Nase entfalten [&hellip;]<\/p>\n","protected":false},"featured_media":48427,"comment_status":"open","ping_status":"closed","template":"","meta":{"_acf_changed":false,"_monsterinsights_skip_tracking":false,"_monsterinsights_sitenote_active":false,"_monsterinsights_sitenote_note":"","_monsterinsights_sitenote_category":0},"product_brand":[],"product_cat":[2336,2380],"product_tag":[15959],"class_list":{"0":"post-48319","1":"product","2":"type-product","3":"status-publish","4":"has-post-thumbnail","6":"product_cat-amarone-de","7":"product_cat-valpolicella-de","8":"product_tag-vino-rosso-de","9":"pa_formato-0-75-l-flasche-de","10":"pa_producer-bertani-de","11":"pa_region-venetien-de","12":"pa_vine-rondinella-corvina-veronese-de","13":"pa_vintage-18401","15":"first","16":"instock","17":"taxable","18":"shipping-taxable","19":"purchasable","20":"product-type-simple"},"bundled_by":[],"bundle_stock_status":"instock","bundle_stock_quantity":6,"bundle_virtual":false,"bundle_layout":"","bundle_add_to_cart_form_location":"","bundle_editable_in_cart":false,"bundle_sold_individually_context":"","bundle_item_grouping":"","bundle_min_size":"","bundle_max_size":"","bundle_price":[],"bundled_items":[],"bundle_sell_ids":[],"yoast_head":"<!-- This site is optimized with the Yoast SEO plugin v27.2 - https:\/\/yoast.com\/product\/yoast-seo-wordpress\/ -->\n<title>Bertani Valpolicella Valpantena 2023<\/title>\n<meta name=\"description\" content=\"Kaufen on line on Fons Vinum rare Weine aus Piedmont, Toskana und Veneto Bertani Valpolicella Valpantena 2023 Tiefdunkle, dunkle Farbe mit violettem Rand.\" \/>\n<meta name=\"robots\" content=\"index, follow, max-snippet:-1, max-image-preview:large, max-video-preview:-1\" \/>\n<link rel=\"canonical\" href=\"https:\/\/fonsvinum.com\/de\/produkt\/bertani-valpolicella-valpantena-2023\/\" \/>\n<meta property=\"og:locale\" content=\"de_DE\" \/>\n<meta property=\"og:type\" content=\"article\" \/>\n<meta property=\"og:title\" content=\"Bertani Valpolicella Valpantena 2023\" \/>\n<meta property=\"og:description\" content=\"Kaufen on line on Fons Vinum rare Weine aus Piedmont, Toskana und Veneto Bertani Valpolicella Valpantena 2023 Tiefdunkle, dunkle Farbe mit violettem Rand.\" \/>\n<meta property=\"og:url\" content=\"https:\/\/fonsvinum.com\/de\/produkt\/bertani-valpolicella-valpantena-2023\/\" \/>\n<meta property=\"og:site_name\" content=\"Fons Vinum\" \/>\n<meta property=\"article:modified_time\" content=\"2026-02-06T06:20:52+00:00\" \/>\n<meta property=\"og:image\" content=\"https:\/\/fonsvinum.com\/files\/2026\/01\/bertani-valpolicella-valpantena.png\" \/>\n\t<meta property=\"og:image:width\" content=\"200\" \/>\n\t<meta property=\"og:image:height\" content=\"600\" \/>\n\t<meta property=\"og:image:type\" content=\"image\/png\" \/>\n<meta name=\"twitter:label1\" content=\"Gesch\u00e4tzte Lesezeit\" \/>\n\t<meta name=\"twitter:data1\" content=\"1\u00a0Minute\" \/>\n<script type=\"application\/ld+json\" class=\"yoast-schema-graph\">{\"@context\":\"https:\/\/schema.org\",\"@graph\":[{\"@type\":\"WebPage\",\"@id\":\"https:\/\/fonsvinum.com\/de\/produkt\/bertani-valpolicella-valpantena-2023\/\",\"url\":\"https:\/\/fonsvinum.com\/de\/produkt\/bertani-valpolicella-valpantena-2023\/\",\"name\":\"Bertani Valpolicella Valpantena 2023\",\"isPartOf\":{\"@id\":\"https:\/\/fonsvinum.com\/en\/#website\"},\"primaryImageOfPage\":{\"@id\":\"https:\/\/fonsvinum.com\/de\/produkt\/bertani-valpolicella-valpantena-2023\/#primaryimage\"},\"image\":{\"@id\":\"https:\/\/fonsvinum.com\/de\/produkt\/bertani-valpolicella-valpantena-2023\/#primaryimage\"},\"thumbnailUrl\":\"https:\/\/fonsvinum.com\/files\/2026\/01\/bertani-valpolicella-valpantena.png\",\"datePublished\":\"2026-01-13T10:33:10+00:00\",\"dateModified\":\"2026-02-06T06:20:52+00:00\",\"description\":\"Kaufen on line on Fons Vinum rare Weine aus Piedmont, Toskana und Veneto Bertani Valpolicella Valpantena 2023 Tiefdunkle, dunkle Farbe mit violettem Rand.\",\"breadcrumb\":{\"@id\":\"https:\/\/fonsvinum.com\/de\/produkt\/bertani-valpolicella-valpantena-2023\/#breadcrumb\"},\"inLanguage\":\"de\",\"potentialAction\":[{\"@type\":\"ReadAction\",\"target\":[\"https:\/\/fonsvinum.com\/de\/produkt\/bertani-valpolicella-valpantena-2023\/\"]}]},{\"@type\":\"ImageObject\",\"inLanguage\":\"de\",\"@id\":\"https:\/\/fonsvinum.com\/de\/produkt\/bertani-valpolicella-valpantena-2023\/#primaryimage\",\"url\":\"https:\/\/fonsvinum.com\/files\/2026\/01\/bertani-valpolicella-valpantena.png\",\"contentUrl\":\"https:\/\/fonsvinum.com\/files\/2026\/01\/bertani-valpolicella-valpantena.png\",\"width\":200,\"height\":600,\"caption\":\"bertani valpolicella valpantena\"},{\"@type\":\"BreadcrumbList\",\"@id\":\"https:\/\/fonsvinum.com\/de\/produkt\/bertani-valpolicella-valpantena-2023\/#breadcrumb\",\"itemListElement\":[{\"@type\":\"ListItem\",\"position\":1,\"name\":\"Startseite\",\"item\":\"https:\/\/fonsvinum.com\/de\/\"},{\"@type\":\"ListItem\",\"position\":2,\"name\":\"Shop\",\"item\":\"https:\/\/fonsvinum.com\/de\/shop\/\"},{\"@type\":\"ListItem\",\"position\":3,\"name\":\"Bertani Valpolicella Valpantena 2023\"}]},{\"@type\":\"WebSite\",\"@id\":\"https:\/\/fonsvinum.com\/en\/#website\",\"url\":\"https:\/\/fonsvinum.com\/en\/\",\"name\":\"Fons Vinum\",\"description\":\"Vendita Vino Online\",\"publisher\":{\"@id\":\"https:\/\/fonsvinum.com\/en\/#organization\"},\"potentialAction\":[{\"@type\":\"SearchAction\",\"target\":{\"@type\":\"EntryPoint\",\"urlTemplate\":\"https:\/\/fonsvinum.com\/en\/?s={search_term_string}\"},\"query-input\":{\"@type\":\"PropertyValueSpecification\",\"valueRequired\":true,\"valueName\":\"search_term_string\"}}],\"inLanguage\":\"de\"},{\"@type\":\"Organization\",\"@id\":\"https:\/\/fonsvinum.com\/en\/#organization\",\"name\":\"Fons Vinum\",\"url\":\"https:\/\/fonsvinum.com\/en\/\",\"logo\":{\"@type\":\"ImageObject\",\"inLanguage\":\"de\",\"@id\":\"https:\/\/fonsvinum.com\/en\/#\/schema\/logo\/image\/\",\"url\":\"\",\"contentUrl\":\"\",\"caption\":\"Fons Vinum\"},\"image\":{\"@id\":\"https:\/\/fonsvinum.com\/en\/#\/schema\/logo\/image\/\"}}]}<\/script>\n<!-- \/ Yoast SEO plugin. -->","yoast_head_json":{"title":"Bertani Valpolicella Valpantena 2023","description":"Kaufen on line on Fons Vinum rare Weine aus Piedmont, Toskana und Veneto Bertani Valpolicella Valpantena 2023 Tiefdunkle, dunkle Farbe mit violettem Rand.","robots":{"index":"index","follow":"follow","max-snippet":"max-snippet:-1","max-image-preview":"max-image-preview:large","max-video-preview":"max-video-preview:-1"},"canonical":"https:\/\/fonsvinum.com\/de\/produkt\/bertani-valpolicella-valpantena-2023\/","og_locale":"de_DE","og_type":"article","og_title":"Bertani Valpolicella Valpantena 2023","og_description":"Kaufen on line on Fons Vinum rare Weine aus Piedmont, Toskana und Veneto Bertani Valpolicella Valpantena 2023 Tiefdunkle, dunkle Farbe mit violettem Rand.","og_url":"https:\/\/fonsvinum.com\/de\/produkt\/bertani-valpolicella-valpantena-2023\/","og_site_name":"Fons Vinum","article_modified_time":"2026-02-06T06:20:52+00:00","og_image":[{"width":200,"height":600,"url":"https:\/\/fonsvinum.com\/files\/2026\/01\/bertani-valpolicella-valpantena.png","type":"image\/png"}],"twitter_misc":{"Gesch\u00e4tzte Lesezeit":"1\u00a0Minute"},"schema":{"@context":"https:\/\/schema.org","@graph":[{"@type":"WebPage","@id":"https:\/\/fonsvinum.com\/de\/produkt\/bertani-valpolicella-valpantena-2023\/","url":"https:\/\/fonsvinum.com\/de\/produkt\/bertani-valpolicella-valpantena-2023\/","name":"Bertani Valpolicella Valpantena 2023","isPartOf":{"@id":"https:\/\/fonsvinum.com\/en\/#website"},"primaryImageOfPage":{"@id":"https:\/\/fonsvinum.com\/de\/produkt\/bertani-valpolicella-valpantena-2023\/#primaryimage"},"image":{"@id":"https:\/\/fonsvinum.com\/de\/produkt\/bertani-valpolicella-valpantena-2023\/#primaryimage"},"thumbnailUrl":"https:\/\/fonsvinum.com\/files\/2026\/01\/bertani-valpolicella-valpantena.png","datePublished":"2026-01-13T10:33:10+00:00","dateModified":"2026-02-06T06:20:52+00:00","description":"Kaufen on line on Fons Vinum rare Weine aus Piedmont, Toskana und Veneto Bertani Valpolicella Valpantena 2023 Tiefdunkle, dunkle Farbe mit violettem Rand.","breadcrumb":{"@id":"https:\/\/fonsvinum.com\/de\/produkt\/bertani-valpolicella-valpantena-2023\/#breadcrumb"},"inLanguage":"de","potentialAction":[{"@type":"ReadAction","target":["https:\/\/fonsvinum.com\/de\/produkt\/bertani-valpolicella-valpantena-2023\/"]}]},{"@type":"ImageObject","inLanguage":"de","@id":"https:\/\/fonsvinum.com\/de\/produkt\/bertani-valpolicella-valpantena-2023\/#primaryimage","url":"https:\/\/fonsvinum.com\/files\/2026\/01\/bertani-valpolicella-valpantena.png","contentUrl":"https:\/\/fonsvinum.com\/files\/2026\/01\/bertani-valpolicella-valpantena.png","width":200,"height":600,"caption":"bertani valpolicella valpantena"},{"@type":"BreadcrumbList","@id":"https:\/\/fonsvinum.com\/de\/produkt\/bertani-valpolicella-valpantena-2023\/#breadcrumb","itemListElement":[{"@type":"ListItem","position":1,"name":"Startseite","item":"https:\/\/fonsvinum.com\/de\/"},{"@type":"ListItem","position":2,"name":"Shop","item":"https:\/\/fonsvinum.com\/de\/shop\/"},{"@type":"ListItem","position":3,"name":"Bertani Valpolicella Valpantena 2023"}]},{"@type":"WebSite","@id":"https:\/\/fonsvinum.com\/en\/#website","url":"https:\/\/fonsvinum.com\/en\/","name":"Fons Vinum","description":"Vendita Vino Online","publisher":{"@id":"https:\/\/fonsvinum.com\/en\/#organization"},"potentialAction":[{"@type":"SearchAction","target":{"@type":"EntryPoint","urlTemplate":"https:\/\/fonsvinum.com\/en\/?s={search_term_string}"},"query-input":{"@type":"PropertyValueSpecification","valueRequired":true,"valueName":"search_term_string"}}],"inLanguage":"de"},{"@type":"Organization","@id":"https:\/\/fonsvinum.com\/en\/#organization","name":"Fons Vinum","url":"https:\/\/fonsvinum.com\/en\/","logo":{"@type":"ImageObject","inLanguage":"de","@id":"https:\/\/fonsvinum.com\/en\/#\/schema\/logo\/image\/","url":"","contentUrl":"","caption":"Fons Vinum"},"image":{"@id":"https:\/\/fonsvinum.com\/en\/#\/schema\/logo\/image\/"}}]}},"acf":[],"_links":{"self":[{"href":"https:\/\/fonsvinum.com\/de\/wp-json\/wp\/v2\/product\/48319","targetHints":{"allow":["GET"]}}],"collection":[{"href":"https:\/\/fonsvinum.com\/de\/wp-json\/wp\/v2\/product"}],"about":[{"href":"https:\/\/fonsvinum.com\/de\/wp-json\/wp\/v2\/types\/product"}],"replies":[{"embeddable":true,"href":"https:\/\/fonsvinum.com\/de\/wp-json\/wp\/v2\/comments?post=48319"}],"wp:featuredmedia":[{"embeddable":true,"href":"https:\/\/fonsvinum.com\/de\/wp-json\/wp\/v2\/media\/48427"}],"wp:attachment":[{"href":"https:\/\/fonsvinum.com\/de\/wp-json\/wp\/v2\/media?parent=48319"}],"wp:term":[{"taxonomy":"product_brand","embeddable":true,"href":"https:\/\/fonsvinum.com\/de\/wp-json\/wp\/v2\/product_brand?post=48319"},{"taxonomy":"product_cat","embeddable":true,"href":"https:\/\/fonsvinum.com\/de\/wp-json\/wp\/v2\/product_cat?post=48319"},{"taxonomy":"product_tag","embeddable":true,"href":"https:\/\/fonsvinum.com\/de\/wp-json\/wp\/v2\/product_tag?post=48319"}],"curies":[{"name":"wp","href":"https:\/\/api.w.org\/{rel}","templated":true}]}}